{"id":45464,"date":"2024-01-08T11:53:06","date_gmt":"2024-01-08T10:53:06","guid":{"rendered":"https:\/\/naturalpoland.com\/produkty\/uncategorized\/%ed%8c%94%eb%af%b8%ed%86%a0%ec%9d%bc-%ed%85%8c%ed%8a%b8%eb%9d%bc%ed%8e%a9%ed%83%80%ec%9d%b4%eb%93%9c-7\/"},"modified":"2026-02-04T13:14:37","modified_gmt":"2026-02-04T12:14:37","slug":"%ed%8c%94%eb%af%b8%ed%86%a0%ec%9d%bc-%ed%85%8c%ed%8a%b8%eb%9d%bc%ed%8e%a9%ed%83%80%ec%9d%b4%eb%93%9c-7","status":"publish","type":"product","link":"https:\/\/naturalpoland.com\/ko\/je-pum\/hwa-jang-pum-won-ryo\/pep-ta-i-deu\/%ed%8c%94%eb%af%b8%ed%86%a0%ec%9d%bc-%ed%85%8c%ed%8a%b8%eb%9d%bc%ed%8e%a9%ed%83%80%ec%9d%b4%eb%93%9c-7\/","title":{"rendered":"\ud314\ubbf8\ud1a0\uc77c \ud14c\ud2b8\ub77c\ud3a9\ud0c0\uc774\ub4dc-7"},"content":{"rendered":"<p><strong>\uc791\uc6a9 \uba54\ucee4\ub2c8\uc998:<\/strong><\/p>\n<p>\ud314\ubbf8\ud1a0\uc77c \ud2b8\ub9ac\ud3a9\ud0c0\uc774\ub4dc-7\uc740 \uac01\uc9c8\ud615\uc131\uc138\ud3ec\uc5d0 \uc791\uc6a9\ud558\uc5ec \uc778\ud130\ub8e8\ud0a8 6 (IL6) \ubd84\ube44\ub97c \uac10\uc18c\uc2dc\ud0b5\ub2c8\ub2e4. \uc774\ub294 \ud53c\ubd80 \uc138\ud3ec \uade0\ud615\uc744 \uc720\uc9c0\ud558\uace0 \uc5fc\uc99d \ubc18\uc751\uc744 \ucd5c\uc18c\ud654\ud558\ub294 \ub370 \ub3c4\uc6c0\uc744 \uc90d\ub2c8\ub2e4. \uc774 \uc131\ubd84\uc740 \ud53c\ubd80 \ud0c4\ub825\uacfc \uc720\uc5f0\uc131\uc744 \ud6a8\uacfc\uc801\uc73c\ub85c \uac1c\uc120\ud569\ub2c8\ub2e4. \ub610\ud55c, \uc138\ud3ec \uc804\ub2ec\uc790 \uc5ed\ud560\uc744 \ud558\uc5ec \ud53c\ubd80 \ub0b4 \ucf5c\ub77c\uac90(I, II, IV\ud615) \ubc0f \uc5d8\ub77c\uc2a4\ud2f4 \ud569\uc131\uc744 \ucd09\uc9c4\ud558\uc5ec \ucf5c\ub77c\uac90 \uc12c\uc720 \uc7ac\uc0dd\uc5d0 \uae30\uc5ec\ud569\ub2c8\ub2e4.   <\/p>\n<p><strong>\uc8fc\ub984 \uac1c\uc120 \ud6a8\ub2a5 \uc2e4\ud5d8:<\/strong><\/p>\n<p>28\uba85\uc744 \ub300\uc0c1\uc73c\ub85c \ud55c \uc5f0\uad6c\uc5d0\uc11c \ud314\ubbf8\ud1a0\uc77c \ud2b8\ub9ac\ud3a9\ud0c0\uc774\ub4dc-7\uc744 \uc5bc\uad74\uc5d0 \uc801\uc6a9\ud588\uc2b5\ub2c8\ub2e4. 2\uac1c\uc6d4\uac04 \uc131\ubd84\uc744 \uc801\uc6a9\ud55c \uacb0\uacfc, \uae30\uc900\uc810 \ub300\ube44 \ud53c\ubd80 \uc12c\uc720 \ud568\ub7c9\uc774 \uc720\uc758\ubbf8\ud558\uac8c \uc99d\uac00\ud55c \uac83\uc73c\ub85c \ub098\ud0c0\ub0ac\uc2b5\ub2c8\ub2e4. <\/p>\n<p><strong>\uc801\uc6a9 \ubd84\uc57c<\/strong><\/p>\n<p>\ud314\ubbf8\ud1a0\uc77c \ud2b8\ub9ac\ud3a9\ud0c0\uc774\ub4dc-7\uc740 \uc548\ud2f0\uc5d0\uc774\uc9d5, \uc8fc\ub984 \uac1c\uc120, \ud56d\uc5fc, \ud0c4\ub825 \uc99d\uc9c4, \ud56d\uc54c\ub808\ub974\uae30 \ub4f1 \ub2e4\uc591\ud55c \ud6a8\ub2a5\uc744 \uc81c\uacf5\ud558\ub294 \ud654\uc7a5\ud488\uc5d0 \ub110\ub9ac \uc0ac\uc6a9\ub429\ub2c8\ub2e4. \uc824, \ub85c\uc158, \ub370\uc774 \ud06c\ub9bc, \ub098\uc774\ud2b8 \ud06c\ub9bc, \uc544\uc774 \uc138\ub7fc, \ud398\uc774\uc2a4 \ub9c8\uc2a4\ud06c\uc640 \uac19\uc740 \uc81c\ud488\uc758 \ud575\uc2ec \uc131\ubd84\uc785\ub2c8\ub2e4. <\/p>\n<p>\uc81c\ud488 \uad8c\uc7a5 \uc0ac\uc6a9 \ub18d\ub3c4\ub294 0.002%\uc5d0\uc11c 0.01%\uc785\ub2c8\ub2e4.<\/p>\n","protected":false},"excerpt":{"rendered":"<p>\ud314\ubbf8\ud1a0\uc77c \ud2b8\ub9ac\ud3a9\ud0c0\uc774\ub4dc-7\uc740 \ud53c\ubd80 \uc5fc\uc99d \uacfc\uc815\uc744 \uc904\uc5ec \ud53c\ubd80 \ud0c4\ub825\uacfc \uc720\uc5f0\uc131\uc744 \uac1c\uc120\ud558\ub294 \ub370 \uae30\uc5ec\ud558\ub294 \ud6a8\uacfc\uc801\uc778 \ud654\uc7a5\ud488 \ud65c\uc131 \uc131\ubd84\uc785\ub2c8\ub2e4.<\/p>\n","protected":false},"featured_media":45465,"template":"","meta":{"_acf_changed":false},"product_brand":[],"product_cat":[8157],"product_tag":[],"class_list":{"0":"post-45464","1":"product","2":"type-product","3":"status-publish","4":"has-post-thumbnail","6":"product_cat-pep-ta-i-deu","7":"pa_metoda-pozyskiwania-8282","9":"first","10":"instock","11":"shipping-taxable","12":"product-type-simple"},"acf":[],"yoast_head":"<!-- This site is optimized with the Yoast SEO plugin v27.5 - https:\/\/yoast.com\/product\/yoast-seo-wordpress\/ -->\n<title>\ud314\ubbf8\ud1a0\uc77c \ud14c\ud2b8\ub77c\ud3a9\ud0c0\uc774\ub4dc-7 - Hurtowy Dystrybutor<\/title>\n<meta name=\"description\" content=\"\ud314\ubbf8\ud1a0\uc77c \ud2b8\ub9ac\ud3a9\ud0c0\uc774\ub4dc-7\uc740 \ud53c\ubd80 \uc5fc\uc99d \uacfc\uc815\uc744 \uc904\uc774\ub294 \uac83\uc744 \uc8fc\ub41c \uae30\ub2a5\uc73c\ub85c \ud558\ub294, \ud654\uc7a5\ud488\uc5d0 \uc0ac\uc6a9\ub418\ub294 \ud6a8\uacfc\uc801\uc778 \ud65c\uc131 \uc131\ubd84\uc785\ub2c8\ub2e4.\" \/>\n<meta name=\"robots\" content=\"index, follow, max-snippet:-1, max-image-preview:large, max-video-preview:-1\" \/>\n<link rel=\"canonical\" href=\"https:\/\/naturalpoland.com\/ko\/je-pum\/hwa-jang-pum-won-ryo\/pep-ta-i-deu\/%ed%8c%94%eb%af%b8%ed%86%a0%ec%9d%bc-%ed%85%8c%ed%8a%b8%eb%9d%bc%ed%8e%a9%ed%83%80%ec%9d%b4%eb%93%9c-7\/\" \/>\n<meta property=\"og:locale\" content=\"ko_KR\" \/>\n<meta property=\"og:type\" content=\"article\" \/>\n<meta property=\"og:title\" content=\"\ud314\ubbf8\ud1a0\uc77c \ud14c\ud2b8\ub77c\ud3a9\ud0c0\uc774\ub4dc-7 - Hurtowy Dystrybutor\" \/>\n<meta property=\"og:description\" content=\"\ud314\ubbf8\ud1a0\uc77c \ud2b8\ub9ac\ud3a9\ud0c0\uc774\ub4dc-7\uc740 \ud53c\ubd80 \uc5fc\uc99d \uacfc\uc815\uc744 \uc904\uc774\ub294 \uac83\uc744 \uc8fc\ub41c \uae30\ub2a5\uc73c\ub85c \ud558\ub294, \ud654\uc7a5\ud488\uc5d0 \uc0ac\uc6a9\ub418\ub294 \ud6a8\uacfc\uc801\uc778 \ud65c\uc131 \uc131\ubd84\uc785\ub2c8\ub2e4.\" \/>\n<meta property=\"og:url\" content=\"https:\/\/naturalpoland.com\/ko\/je-pum\/hwa-jang-pum-won-ryo\/pep-ta-i-deu\/%ed%8c%94%eb%af%b8%ed%86%a0%ec%9d%bc-%ed%85%8c%ed%8a%b8%eb%9d%bc%ed%8e%a9%ed%83%80%ec%9d%b4%eb%93%9c-7\/\" \/>\n<meta property=\"og:site_name\" content=\"NATURAL POLAND - Hurtowy Dystrybutor Surowc\u00f3w\" \/>\n<meta property=\"article:publisher\" content=\"https:\/\/www.facebook.com\/naturalpoland.b2b\" \/>\n<meta property=\"article:modified_time\" content=\"2026-02-04T12:14:37+00:00\" \/>\n<meta property=\"og:image\" content=\"https:\/\/naturalpoland.com\/wp-content\/uploads\/copper_peptide.webp\" \/>\n\t<meta property=\"og:image:width\" content=\"618\" \/>\n\t<meta property=\"og:image:height\" content=\"618\" \/>\n\t<meta property=\"og:image:type\" content=\"image\/webp\" \/>\n<script type=\"application\/ld+json\" class=\"yoast-schema-graph\">{\"@context\":\"https:\\\/\\\/schema.org\",\"@graph\":[{\"@type\":\"WebPage\",\"@id\":\"https:\\\/\\\/naturalpoland.com\\\/ko\\\/je-pum\\\/hwa-jang-pum-won-ryo\\\/pep-ta-i-deu\\\/%ed%8c%94%eb%af%b8%ed%86%a0%ec%9d%bc-%ed%85%8c%ed%8a%b8%eb%9d%bc%ed%8e%a9%ed%83%80%ec%9d%b4%eb%93%9c-7\\\/\",\"url\":\"https:\\\/\\\/naturalpoland.com\\\/ko\\\/je-pum\\\/hwa-jang-pum-won-ryo\\\/pep-ta-i-deu\\\/%ed%8c%94%eb%af%b8%ed%86%a0%ec%9d%bc-%ed%85%8c%ed%8a%b8%eb%9d%bc%ed%8e%a9%ed%83%80%ec%9d%b4%eb%93%9c-7\\\/\",\"name\":\"\ud314\ubbf8\ud1a0\uc77c \ud14c\ud2b8\ub77c\ud3a9\ud0c0\uc774\ub4dc-7 - Hurtowy Dystrybutor\",\"isPartOf\":{\"@id\":\"https:\\\/\\\/naturalpoland.com\\\/ko\\\/#website\"},\"primaryImageOfPage\":{\"@id\":\"https:\\\/\\\/naturalpoland.com\\\/ko\\\/je-pum\\\/hwa-jang-pum-won-ryo\\\/pep-ta-i-deu\\\/%ed%8c%94%eb%af%b8%ed%86%a0%ec%9d%bc-%ed%85%8c%ed%8a%b8%eb%9d%bc%ed%8e%a9%ed%83%80%ec%9d%b4%eb%93%9c-7\\\/#primaryimage\"},\"image\":{\"@id\":\"https:\\\/\\\/naturalpoland.com\\\/ko\\\/je-pum\\\/hwa-jang-pum-won-ryo\\\/pep-ta-i-deu\\\/%ed%8c%94%eb%af%b8%ed%86%a0%ec%9d%bc-%ed%85%8c%ed%8a%b8%eb%9d%bc%ed%8e%a9%ed%83%80%ec%9d%b4%eb%93%9c-7\\\/#primaryimage\"},\"thumbnailUrl\":\"https:\\\/\\\/naturalpoland.com\\\/wp-content\\\/uploads\\\/copper_peptide.webp\",\"datePublished\":\"2024-01-08T10:53:06+00:00\",\"dateModified\":\"2026-02-04T12:14:37+00:00\",\"description\":\"\ud314\ubbf8\ud1a0\uc77c \ud2b8\ub9ac\ud3a9\ud0c0\uc774\ub4dc-7\uc740 \ud53c\ubd80 \uc5fc\uc99d \uacfc\uc815\uc744 \uc904\uc774\ub294 \uac83\uc744 \uc8fc\ub41c \uae30\ub2a5\uc73c\ub85c \ud558\ub294, \ud654\uc7a5\ud488\uc5d0 \uc0ac\uc6a9\ub418\ub294 \ud6a8\uacfc\uc801\uc778 \ud65c\uc131 \uc131\ubd84\uc785\ub2c8\ub2e4.\",\"breadcrumb\":{\"@id\":\"https:\\\/\\\/naturalpoland.com\\\/ko\\\/je-pum\\\/hwa-jang-pum-won-ryo\\\/pep-ta-i-deu\\\/%ed%8c%94%eb%af%b8%ed%86%a0%ec%9d%bc-%ed%85%8c%ed%8a%b8%eb%9d%bc%ed%8e%a9%ed%83%80%ec%9d%b4%eb%93%9c-7\\\/#breadcrumb\"},\"inLanguage\":\"ko-KR\",\"potentialAction\":[{\"@type\":\"ReadAction\",\"target\":[\"https:\\\/\\\/naturalpoland.com\\\/ko\\\/je-pum\\\/hwa-jang-pum-won-ryo\\\/pep-ta-i-deu\\\/%ed%8c%94%eb%af%b8%ed%86%a0%ec%9d%bc-%ed%85%8c%ed%8a%b8%eb%9d%bc%ed%8e%a9%ed%83%80%ec%9d%b4%eb%93%9c-7\\\/\"]}]},{\"@type\":\"ImageObject\",\"inLanguage\":\"ko-KR\",\"@id\":\"https:\\\/\\\/naturalpoland.com\\\/ko\\\/je-pum\\\/hwa-jang-pum-won-ryo\\\/pep-ta-i-deu\\\/%ed%8c%94%eb%af%b8%ed%86%a0%ec%9d%bc-%ed%85%8c%ed%8a%b8%eb%9d%bc%ed%8e%a9%ed%83%80%ec%9d%b4%eb%93%9c-7\\\/#primaryimage\",\"url\":\"https:\\\/\\\/naturalpoland.com\\\/wp-content\\\/uploads\\\/copper_peptide.webp\",\"contentUrl\":\"https:\\\/\\\/naturalpoland.com\\\/wp-content\\\/uploads\\\/copper_peptide.webp\",\"width\":618,\"height\":618,\"caption\":\"\uad6c\ub9ac \ud3a9\ud0c0\uc774\ub4dc\"},{\"@type\":\"BreadcrumbList\",\"@id\":\"https:\\\/\\\/naturalpoland.com\\\/ko\\\/je-pum\\\/hwa-jang-pum-won-ryo\\\/pep-ta-i-deu\\\/%ed%8c%94%eb%af%b8%ed%86%a0%ec%9d%bc-%ed%85%8c%ed%8a%b8%eb%9d%bc%ed%8e%a9%ed%83%80%ec%9d%b4%eb%93%9c-7\\\/#breadcrumb\",\"itemListElement\":[{\"@type\":\"ListItem\",\"position\":1,\"name\":\"\ud648\",\"item\":\"https:\\\/\\\/naturalpoland.com\\\/ko\\\/\"},{\"@type\":\"ListItem\",\"position\":2,\"name\":\"\uc81c\ud488\",\"item\":\"https:\\\/\\\/naturalpoland.com\\\/ko\\\/%ec%a0%9c%ed%92%88\\\/\"},{\"@type\":\"ListItem\",\"position\":3,\"name\":\"\ud314\ubbf8\ud1a0\uc77c \ud14c\ud2b8\ub77c\ud3a9\ud0c0\uc774\ub4dc-7\"}]},{\"@type\":\"WebSite\",\"@id\":\"https:\\\/\\\/naturalpoland.com\\\/ko\\\/#website\",\"url\":\"https:\\\/\\\/naturalpoland.com\\\/ko\\\/\",\"name\":\"NATURAL POLAND - Hurtowy Dystrybutor Surowc\u00f3w\",\"description\":\"Surowce dla przemys\u0142u spo\u017cywczego, kosmetycznego i farmaceutycznego\",\"publisher\":{\"@id\":\"https:\\\/\\\/naturalpoland.com\\\/ko\\\/#organization\"},\"potentialAction\":[{\"@type\":\"SearchAction\",\"target\":{\"@type\":\"EntryPoint\",\"urlTemplate\":\"https:\\\/\\\/naturalpoland.com\\\/ko\\\/?s={search_term_string}\"},\"query-input\":{\"@type\":\"PropertyValueSpecification\",\"valueRequired\":true,\"valueName\":\"search_term_string\"}}],\"inLanguage\":\"ko-KR\"},{\"@type\":\"Organization\",\"@id\":\"https:\\\/\\\/naturalpoland.com\\\/ko\\\/#organization\",\"name\":\"Natural Poland\",\"url\":\"https:\\\/\\\/naturalpoland.com\\\/ko\\\/\",\"logo\":{\"@type\":\"ImageObject\",\"inLanguage\":\"ko-KR\",\"@id\":\"https:\\\/\\\/naturalpoland.com\\\/ko\\\/#\\\/schema\\\/logo\\\/image\\\/\",\"url\":\"https:\\\/\\\/naturalpoland.com\\\/wp-content\\\/uploads\\\/2021\\\/05\\\/natural-poland-icon.png\",\"contentUrl\":\"https:\\\/\\\/naturalpoland.com\\\/wp-content\\\/uploads\\\/2021\\\/05\\\/natural-poland-icon.png\",\"width\":512,\"height\":512,\"caption\":\"Natural Poland\"},\"image\":{\"@id\":\"https:\\\/\\\/naturalpoland.com\\\/ko\\\/#\\\/schema\\\/logo\\\/image\\\/\"},\"sameAs\":[\"https:\\\/\\\/www.facebook.com\\\/naturalpoland.b2b\",\"https:\\\/\\\/pl.linkedin.com\\\/company\\\/natural-poland\",\"https:\\\/\\\/www.youtube.com\\\/channel\\\/UCgeGGkvOMahZo-xu_MSEWxg\"]}]}<\/script>\n<!-- \/ Yoast SEO plugin. -->","yoast_head_json":{"title":"\ud314\ubbf8\ud1a0\uc77c \ud14c\ud2b8\ub77c\ud3a9\ud0c0\uc774\ub4dc-7 - Hurtowy Dystrybutor","description":"\ud314\ubbf8\ud1a0\uc77c \ud2b8\ub9ac\ud3a9\ud0c0\uc774\ub4dc-7\uc740 \ud53c\ubd80 \uc5fc\uc99d \uacfc\uc815\uc744 \uc904\uc774\ub294 \uac83\uc744 \uc8fc\ub41c \uae30\ub2a5\uc73c\ub85c \ud558\ub294, \ud654\uc7a5\ud488\uc5d0 \uc0ac\uc6a9\ub418\ub294 \ud6a8\uacfc\uc801\uc778 \ud65c\uc131 \uc131\ubd84\uc785\ub2c8\ub2e4.","robots":{"index":"index","follow":"follow","max-snippet":"max-snippet:-1","max-image-preview":"max-image-preview:large","max-video-preview":"max-video-preview:-1"},"canonical":"https:\/\/naturalpoland.com\/ko\/je-pum\/hwa-jang-pum-won-ryo\/pep-ta-i-deu\/%ed%8c%94%eb%af%b8%ed%86%a0%ec%9d%bc-%ed%85%8c%ed%8a%b8%eb%9d%bc%ed%8e%a9%ed%83%80%ec%9d%b4%eb%93%9c-7\/","og_locale":"ko_KR","og_type":"article","og_title":"\ud314\ubbf8\ud1a0\uc77c \ud14c\ud2b8\ub77c\ud3a9\ud0c0\uc774\ub4dc-7 - Hurtowy Dystrybutor","og_description":"\ud314\ubbf8\ud1a0\uc77c \ud2b8\ub9ac\ud3a9\ud0c0\uc774\ub4dc-7\uc740 \ud53c\ubd80 \uc5fc\uc99d \uacfc\uc815\uc744 \uc904\uc774\ub294 \uac83\uc744 \uc8fc\ub41c \uae30\ub2a5\uc73c\ub85c \ud558\ub294, \ud654\uc7a5\ud488\uc5d0 \uc0ac\uc6a9\ub418\ub294 \ud6a8\uacfc\uc801\uc778 \ud65c\uc131 \uc131\ubd84\uc785\ub2c8\ub2e4.","og_url":"https:\/\/naturalpoland.com\/ko\/je-pum\/hwa-jang-pum-won-ryo\/pep-ta-i-deu\/%ed%8c%94%eb%af%b8%ed%86%a0%ec%9d%bc-%ed%85%8c%ed%8a%b8%eb%9d%bc%ed%8e%a9%ed%83%80%ec%9d%b4%eb%93%9c-7\/","og_site_name":"NATURAL POLAND - Hurtowy Dystrybutor Surowc\u00f3w","article_publisher":"https:\/\/www.facebook.com\/naturalpoland.b2b","article_modified_time":"2026-02-04T12:14:37+00:00","og_image":[{"width":618,"height":618,"url":"https:\/\/naturalpoland.com\/wp-content\/uploads\/copper_peptide.webp","type":"image\/webp"}],"schema":{"@context":"https:\/\/schema.org","@graph":[{"@type":"WebPage","@id":"https:\/\/naturalpoland.com\/ko\/je-pum\/hwa-jang-pum-won-ryo\/pep-ta-i-deu\/%ed%8c%94%eb%af%b8%ed%86%a0%ec%9d%bc-%ed%85%8c%ed%8a%b8%eb%9d%bc%ed%8e%a9%ed%83%80%ec%9d%b4%eb%93%9c-7\/","url":"https:\/\/naturalpoland.com\/ko\/je-pum\/hwa-jang-pum-won-ryo\/pep-ta-i-deu\/%ed%8c%94%eb%af%b8%ed%86%a0%ec%9d%bc-%ed%85%8c%ed%8a%b8%eb%9d%bc%ed%8e%a9%ed%83%80%ec%9d%b4%eb%93%9c-7\/","name":"\ud314\ubbf8\ud1a0\uc77c \ud14c\ud2b8\ub77c\ud3a9\ud0c0\uc774\ub4dc-7 - Hurtowy Dystrybutor","isPartOf":{"@id":"https:\/\/naturalpoland.com\/ko\/#website"},"primaryImageOfPage":{"@id":"https:\/\/naturalpoland.com\/ko\/je-pum\/hwa-jang-pum-won-ryo\/pep-ta-i-deu\/%ed%8c%94%eb%af%b8%ed%86%a0%ec%9d%bc-%ed%85%8c%ed%8a%b8%eb%9d%bc%ed%8e%a9%ed%83%80%ec%9d%b4%eb%93%9c-7\/#primaryimage"},"image":{"@id":"https:\/\/naturalpoland.com\/ko\/je-pum\/hwa-jang-pum-won-ryo\/pep-ta-i-deu\/%ed%8c%94%eb%af%b8%ed%86%a0%ec%9d%bc-%ed%85%8c%ed%8a%b8%eb%9d%bc%ed%8e%a9%ed%83%80%ec%9d%b4%eb%93%9c-7\/#primaryimage"},"thumbnailUrl":"https:\/\/naturalpoland.com\/wp-content\/uploads\/copper_peptide.webp","datePublished":"2024-01-08T10:53:06+00:00","dateModified":"2026-02-04T12:14:37+00:00","description":"\ud314\ubbf8\ud1a0\uc77c \ud2b8\ub9ac\ud3a9\ud0c0\uc774\ub4dc-7\uc740 \ud53c\ubd80 \uc5fc\uc99d \uacfc\uc815\uc744 \uc904\uc774\ub294 \uac83\uc744 \uc8fc\ub41c \uae30\ub2a5\uc73c\ub85c \ud558\ub294, \ud654\uc7a5\ud488\uc5d0 \uc0ac\uc6a9\ub418\ub294 \ud6a8\uacfc\uc801\uc778 \ud65c\uc131 \uc131\ubd84\uc785\ub2c8\ub2e4.","breadcrumb":{"@id":"https:\/\/naturalpoland.com\/ko\/je-pum\/hwa-jang-pum-won-ryo\/pep-ta-i-deu\/%ed%8c%94%eb%af%b8%ed%86%a0%ec%9d%bc-%ed%85%8c%ed%8a%b8%eb%9d%bc%ed%8e%a9%ed%83%80%ec%9d%b4%eb%93%9c-7\/#breadcrumb"},"inLanguage":"ko-KR","potentialAction":[{"@type":"ReadAction","target":["https:\/\/naturalpoland.com\/ko\/je-pum\/hwa-jang-pum-won-ryo\/pep-ta-i-deu\/%ed%8c%94%eb%af%b8%ed%86%a0%ec%9d%bc-%ed%85%8c%ed%8a%b8%eb%9d%bc%ed%8e%a9%ed%83%80%ec%9d%b4%eb%93%9c-7\/"]}]},{"@type":"ImageObject","inLanguage":"ko-KR","@id":"https:\/\/naturalpoland.com\/ko\/je-pum\/hwa-jang-pum-won-ryo\/pep-ta-i-deu\/%ed%8c%94%eb%af%b8%ed%86%a0%ec%9d%bc-%ed%85%8c%ed%8a%b8%eb%9d%bc%ed%8e%a9%ed%83%80%ec%9d%b4%eb%93%9c-7\/#primaryimage","url":"https:\/\/naturalpoland.com\/wp-content\/uploads\/copper_peptide.webp","contentUrl":"https:\/\/naturalpoland.com\/wp-content\/uploads\/copper_peptide.webp","width":618,"height":618,"caption":"\uad6c\ub9ac \ud3a9\ud0c0\uc774\ub4dc"},{"@type":"BreadcrumbList","@id":"https:\/\/naturalpoland.com\/ko\/je-pum\/hwa-jang-pum-won-ryo\/pep-ta-i-deu\/%ed%8c%94%eb%af%b8%ed%86%a0%ec%9d%bc-%ed%85%8c%ed%8a%b8%eb%9d%bc%ed%8e%a9%ed%83%80%ec%9d%b4%eb%93%9c-7\/#breadcrumb","itemListElement":[{"@type":"ListItem","position":1,"name":"\ud648","item":"https:\/\/naturalpoland.com\/ko\/"},{"@type":"ListItem","position":2,"name":"\uc81c\ud488","item":"https:\/\/naturalpoland.com\/ko\/%ec%a0%9c%ed%92%88\/"},{"@type":"ListItem","position":3,"name":"\ud314\ubbf8\ud1a0\uc77c \ud14c\ud2b8\ub77c\ud3a9\ud0c0\uc774\ub4dc-7"}]},{"@type":"WebSite","@id":"https:\/\/naturalpoland.com\/ko\/#website","url":"https:\/\/naturalpoland.com\/ko\/","name":"NATURAL POLAND - Hurtowy Dystrybutor Surowc\u00f3w","description":"Surowce dla przemys\u0142u spo\u017cywczego, kosmetycznego i farmaceutycznego","publisher":{"@id":"https:\/\/naturalpoland.com\/ko\/#organization"},"potentialAction":[{"@type":"SearchAction","target":{"@type":"EntryPoint","urlTemplate":"https:\/\/naturalpoland.com\/ko\/?s={search_term_string}"},"query-input":{"@type":"PropertyValueSpecification","valueRequired":true,"valueName":"search_term_string"}}],"inLanguage":"ko-KR"},{"@type":"Organization","@id":"https:\/\/naturalpoland.com\/ko\/#organization","name":"Natural Poland","url":"https:\/\/naturalpoland.com\/ko\/","logo":{"@type":"ImageObject","inLanguage":"ko-KR","@id":"https:\/\/naturalpoland.com\/ko\/#\/schema\/logo\/image\/","url":"https:\/\/naturalpoland.com\/wp-content\/uploads\/2021\/05\/natural-poland-icon.png","contentUrl":"https:\/\/naturalpoland.com\/wp-content\/uploads\/2021\/05\/natural-poland-icon.png","width":512,"height":512,"caption":"Natural Poland"},"image":{"@id":"https:\/\/naturalpoland.com\/ko\/#\/schema\/logo\/image\/"},"sameAs":["https:\/\/www.facebook.com\/naturalpoland.b2b","https:\/\/pl.linkedin.com\/company\/natural-poland","https:\/\/www.youtube.com\/channel\/UCgeGGkvOMahZo-xu_MSEWxg"]}]}},"_links":{"self":[{"href":"https:\/\/naturalpoland.com\/ko\/wp-json\/wp\/v2\/product\/45464","targetHints":{"allow":["GET"]}}],"collection":[{"href":"https:\/\/naturalpoland.com\/ko\/wp-json\/wp\/v2\/product"}],"about":[{"href":"https:\/\/naturalpoland.com\/ko\/wp-json\/wp\/v2\/types\/product"}],"wp:featuredmedia":[{"embeddable":true,"href":"https:\/\/naturalpoland.com\/ko\/wp-json\/wp\/v2\/media\/45465"}],"wp:attachment":[{"href":"https:\/\/naturalpoland.com\/ko\/wp-json\/wp\/v2\/media?parent=45464"}],"wp:term":[{"taxonomy":"product_brand","embeddable":true,"href":"https:\/\/naturalpoland.com\/ko\/wp-json\/wp\/v2\/product_brand?post=45464"},{"taxonomy":"product_cat","embeddable":true,"href":"https:\/\/naturalpoland.com\/ko\/wp-json\/wp\/v2\/product_cat?post=45464"},{"taxonomy":"product_tag","embeddable":true,"href":"https:\/\/naturalpoland.com\/ko\/wp-json\/wp\/v2\/product_tag?post=45464"}],"curies":[{"name":"wp","href":"https:\/\/api.w.org\/{rel}","templated":true}]}}