{"id":45472,"date":"2024-01-04T15:26:35","date_gmt":"2024-01-04T14:26:35","guid":{"rendered":"https:\/\/naturalpoland.com\/produkty\/uncategorized\/%ec%95%84%ec%84%b8%ed%8b%b8-%ed%85%8c%ed%8a%b8%eb%9d%bc%ed%8e%a9%ed%83%80%ec%9d%b4%eb%93%9c-9\/"},"modified":"2026-02-04T13:15:05","modified_gmt":"2026-02-04T12:15:05","slug":"%ec%95%84%ec%84%b8%ed%8b%b8-%ed%85%8c%ed%8a%b8%eb%9d%bc%ed%8e%a9%ed%83%80%ec%9d%b4%eb%93%9c-9","status":"publish","type":"product","link":"https:\/\/naturalpoland.com\/ko\/je-pum\/hwa-jang-pum-won-ryo\/pep-ta-i-deu\/%ec%95%84%ec%84%b8%ed%8b%b8-%ed%85%8c%ed%8a%b8%eb%9d%bc%ed%8e%a9%ed%83%80%ec%9d%b4%eb%93%9c-9\/","title":{"rendered":"\uc544\uc138\ud2f8 \ud14c\ud2b8\ub77c\ud3a9\ud0c0\uc774\ub4dc-9"},"content":{"rendered":"<p>\uadfc\uc721 \uc218\ucd95 \uc815\ubcf4\ub97c \uc804\ub2ec\ud558\ub294 \uc2e0\uacbd\uc744 \ucc28\ub2e8\ud558\ub294 \ub3c5\ud2b9\ud55c \ub2a5\ub825\uc73c\ub85c \ud53c\ubd80\ub97c \ub354\uc6b1 \ud3b8\uc548\ud558\uace0 \ub9e4\ub044\ub7fd\uac8c \ub9cc\ub4ed\ub2c8\ub2e4. \uc544\uc138\ud2f8 \ud14c\ud2b8\ub77c\ud3a9\ud0c0\uc774\ub4dc-9\ub294 \ub610\ud55c \ud504\ub85c\ud14c\uc624\uae00\ub9ac\uce78 \ud569\uc131 \ubc0f \ucf5c\ub77c\uac90 \uc0dd\uc131\uc744 \ucd09\uc9c4\ud558\uc5ec \ud53c\ubd80\uc758 \ud0c4\ub825\uacfc \uc720\uc5f0\uc131\uc744 \uc99d\uac00\uc2dc\ud0b5\ub2c8\ub2e4. <\/p>\n<p>\uc544\uc774 \uc5d0\uc13c\uc2a4, \ub370\uc774 \ud06c\ub9bc, \ub098\uc774\ud2b8 \ud06c\ub9bc, \ub9c8\uc2a4\ud06c\ud329 \ub4f1 \ub2e4\uc591\ud55c \ud654\uc7a5\ud488\uc5d0 \uc0ac\uc6a9\ub418\uc5b4 \ud3ec\uad04\uc801\uc778 \uc548\ud2f0\uc5d0\uc774\uc9d5 \ubc0f \uc8fc\ub984 \uac1c\uc120 \ud6a8\uacfc\ub97c \uc81c\uacf5\ud569\ub2c8\ub2e4. \uc774 \uc131\ubd84\uc758 \uc9c4\ubcf4\ub41c \ud2b9\uc131 \ub355\ubd84\uc5d0 \uc804\ubb38\uc801\uc774\uace0 \uace0\uae09\uc2a4\ub7ec\uc6b4 \ud654\uc7a5\ud488 \ubd84\uc57c\uc5d0\uc11c \ub192\uc774 \ud3c9\uac00\ubc1b\uace0 \uc788\uc2b5\ub2c8\ub2e4. <\/p>\n","protected":false},"excerpt":{"rendered":"<p>\uc544\uc138\ud2f8 \ud14c\ud2b8\ub77c\ud3a9\ud0c0\uc774\ub4dc-9\ub294 \ub354\ubbf8\uce78(Dermican)\uc73c\ub85c\ub3c4 \uc54c\ub824\uc838 \uc788\uc73c\uba70, \ud53c\ubd80 \uad00\ub9ac\uc5d0 \uc788\uc5b4 \ub192\uc740 \uc7a0\uc7ac\ub825\uc744 \uc9c0\ub2cc \ud3a9\ud0c0\uc774\ub4dc\uc785\ub2c8\ub2e4. \uc774 \uc131\ubd84\uc740 \ud608\uc561 \uc21c\ud658 \uac1c\uc120\uc5d0 \uc911\uc810\uc744 \ub450\uc5b4 \ud53c\ubd80\uc5d0 \ub354 \ub098\uc740 \uc601\uc591 \uacf5\uae09\uacfc \uc0b0\uc18c \uacf5\uae09\uc744 \uac00\ub2a5\ud558\uac8c \ud569\ub2c8\ub2e4. <\/p>\n","protected":false},"featured_media":45473,"template":"","meta":{"_acf_changed":false},"product_brand":[],"product_cat":[8157],"product_tag":[],"class_list":{"0":"post-45472","1":"product","2":"type-product","3":"status-publish","4":"has-post-thumbnail","6":"product_cat-pep-ta-i-deu","7":"pa_metoda-pozyskiwania-8282","9":"first","10":"instock","11":"shipping-taxable","12":"product-type-simple"},"acf":[],"yoast_head":"<!-- This site is optimized with the Yoast SEO plugin v27.5 - https:\/\/yoast.com\/product\/yoast-seo-wordpress\/ -->\n<title>\uc544\uc138\ud2f8 \ud14c\ud2b8\ub77c\ud3a9\ud0c0\uc774\ub4dc-9 - Hurtowy Dystrybutor<\/title>\n<meta name=\"description\" content=\"\uc544\uc138\ud2f8 \ud14c\ud2b8\ub77c\ud3a9\ud0c0\uc774\ub4dc-9\ub294 \ub354\ubbf8\uce78(Dermican)\uc73c\ub85c\ub3c4 \uc54c\ub824\uc838 \uc788\uc73c\uba70, \ud53c\ubd80 \uad00\ub9ac\uc5d0 \uc788\uc5b4 \ub192\uc740 \uc7a0\uc7ac\ub825\uc744 \uc9c0\ub2cc \ud3a9\ud0c0\uc774\ub4dc\uc785\ub2c8\ub2e4.\" \/>\n<meta name=\"robots\" content=\"index, follow, max-snippet:-1, max-image-preview:large, max-video-preview:-1\" \/>\n<link rel=\"canonical\" href=\"https:\/\/naturalpoland.com\/ko\/je-pum\/hwa-jang-pum-won-ryo\/pep-ta-i-deu\/%ec%95%84%ec%84%b8%ed%8b%b8-%ed%85%8c%ed%8a%b8%eb%9d%bc%ed%8e%a9%ed%83%80%ec%9d%b4%eb%93%9c-9\/\" \/>\n<meta property=\"og:locale\" content=\"ko_KR\" \/>\n<meta property=\"og:type\" content=\"article\" \/>\n<meta property=\"og:title\" content=\"\uc544\uc138\ud2f8 \ud14c\ud2b8\ub77c\ud3a9\ud0c0\uc774\ub4dc-9 - Hurtowy Dystrybutor\" \/>\n<meta property=\"og:description\" content=\"\uc544\uc138\ud2f8 \ud14c\ud2b8\ub77c\ud3a9\ud0c0\uc774\ub4dc-9\ub294 \ub354\ubbf8\uce78(Dermican)\uc73c\ub85c\ub3c4 \uc54c\ub824\uc838 \uc788\uc73c\uba70, \ud53c\ubd80 \uad00\ub9ac\uc5d0 \uc788\uc5b4 \ub192\uc740 \uc7a0\uc7ac\ub825\uc744 \uc9c0\ub2cc \ud3a9\ud0c0\uc774\ub4dc\uc785\ub2c8\ub2e4.\" \/>\n<meta property=\"og:url\" content=\"https:\/\/naturalpoland.com\/ko\/je-pum\/hwa-jang-pum-won-ryo\/pep-ta-i-deu\/%ec%95%84%ec%84%b8%ed%8b%b8-%ed%85%8c%ed%8a%b8%eb%9d%bc%ed%8e%a9%ed%83%80%ec%9d%b4%eb%93%9c-9\/\" \/>\n<meta property=\"og:site_name\" content=\"NATURAL POLAND - Hurtowy Dystrybutor Surowc\u00f3w\" \/>\n<meta property=\"article:publisher\" content=\"https:\/\/www.facebook.com\/naturalpoland.b2b\" \/>\n<meta property=\"article:modified_time\" content=\"2026-02-04T12:15:05+00:00\" \/>\n<meta property=\"og:image\" content=\"https:\/\/naturalpoland.com\/wp-content\/uploads\/acetyl_tetrapeptide-9.webp\" \/>\n\t<meta property=\"og:image:width\" content=\"612\" \/>\n\t<meta property=\"og:image:height\" content=\"612\" \/>\n\t<meta property=\"og:image:type\" content=\"image\/webp\" \/>\n<script type=\"application\/ld+json\" class=\"yoast-schema-graph\">{\"@context\":\"https:\\\/\\\/schema.org\",\"@graph\":[{\"@type\":\"WebPage\",\"@id\":\"https:\\\/\\\/naturalpoland.com\\\/ko\\\/je-pum\\\/hwa-jang-pum-won-ryo\\\/pep-ta-i-deu\\\/%ec%95%84%ec%84%b8%ed%8b%b8-%ed%85%8c%ed%8a%b8%eb%9d%bc%ed%8e%a9%ed%83%80%ec%9d%b4%eb%93%9c-9\\\/\",\"url\":\"https:\\\/\\\/naturalpoland.com\\\/ko\\\/je-pum\\\/hwa-jang-pum-won-ryo\\\/pep-ta-i-deu\\\/%ec%95%84%ec%84%b8%ed%8b%b8-%ed%85%8c%ed%8a%b8%eb%9d%bc%ed%8e%a9%ed%83%80%ec%9d%b4%eb%93%9c-9\\\/\",\"name\":\"\uc544\uc138\ud2f8 \ud14c\ud2b8\ub77c\ud3a9\ud0c0\uc774\ub4dc-9 - Hurtowy Dystrybutor\",\"isPartOf\":{\"@id\":\"https:\\\/\\\/naturalpoland.com\\\/ko\\\/#website\"},\"primaryImageOfPage\":{\"@id\":\"https:\\\/\\\/naturalpoland.com\\\/ko\\\/je-pum\\\/hwa-jang-pum-won-ryo\\\/pep-ta-i-deu\\\/%ec%95%84%ec%84%b8%ed%8b%b8-%ed%85%8c%ed%8a%b8%eb%9d%bc%ed%8e%a9%ed%83%80%ec%9d%b4%eb%93%9c-9\\\/#primaryimage\"},\"image\":{\"@id\":\"https:\\\/\\\/naturalpoland.com\\\/ko\\\/je-pum\\\/hwa-jang-pum-won-ryo\\\/pep-ta-i-deu\\\/%ec%95%84%ec%84%b8%ed%8b%b8-%ed%85%8c%ed%8a%b8%eb%9d%bc%ed%8e%a9%ed%83%80%ec%9d%b4%eb%93%9c-9\\\/#primaryimage\"},\"thumbnailUrl\":\"https:\\\/\\\/naturalpoland.com\\\/wp-content\\\/uploads\\\/acetyl_tetrapeptide-9.webp\",\"datePublished\":\"2024-01-04T14:26:35+00:00\",\"dateModified\":\"2026-02-04T12:15:05+00:00\",\"description\":\"\uc544\uc138\ud2f8 \ud14c\ud2b8\ub77c\ud3a9\ud0c0\uc774\ub4dc-9\ub294 \ub354\ubbf8\uce78(Dermican)\uc73c\ub85c\ub3c4 \uc54c\ub824\uc838 \uc788\uc73c\uba70, \ud53c\ubd80 \uad00\ub9ac\uc5d0 \uc788\uc5b4 \ub192\uc740 \uc7a0\uc7ac\ub825\uc744 \uc9c0\ub2cc \ud3a9\ud0c0\uc774\ub4dc\uc785\ub2c8\ub2e4.\",\"breadcrumb\":{\"@id\":\"https:\\\/\\\/naturalpoland.com\\\/ko\\\/je-pum\\\/hwa-jang-pum-won-ryo\\\/pep-ta-i-deu\\\/%ec%95%84%ec%84%b8%ed%8b%b8-%ed%85%8c%ed%8a%b8%eb%9d%bc%ed%8e%a9%ed%83%80%ec%9d%b4%eb%93%9c-9\\\/#breadcrumb\"},\"inLanguage\":\"ko-KR\",\"potentialAction\":[{\"@type\":\"ReadAction\",\"target\":[\"https:\\\/\\\/naturalpoland.com\\\/ko\\\/je-pum\\\/hwa-jang-pum-won-ryo\\\/pep-ta-i-deu\\\/%ec%95%84%ec%84%b8%ed%8b%b8-%ed%85%8c%ed%8a%b8%eb%9d%bc%ed%8e%a9%ed%83%80%ec%9d%b4%eb%93%9c-9\\\/\"]}]},{\"@type\":\"ImageObject\",\"inLanguage\":\"ko-KR\",\"@id\":\"https:\\\/\\\/naturalpoland.com\\\/ko\\\/je-pum\\\/hwa-jang-pum-won-ryo\\\/pep-ta-i-deu\\\/%ec%95%84%ec%84%b8%ed%8b%b8-%ed%85%8c%ed%8a%b8%eb%9d%bc%ed%8e%a9%ed%83%80%ec%9d%b4%eb%93%9c-9\\\/#primaryimage\",\"url\":\"https:\\\/\\\/naturalpoland.com\\\/wp-content\\\/uploads\\\/acetyl_tetrapeptide-9.webp\",\"contentUrl\":\"https:\\\/\\\/naturalpoland.com\\\/wp-content\\\/uploads\\\/acetyl_tetrapeptide-9.webp\",\"width\":612,\"height\":612,\"caption\":\"\uc544\uc138\ud2f8 \ud14c\ud2b8\ub77c\ud3a9\ud0c0\uc774\ub4dc-9\"},{\"@type\":\"BreadcrumbList\",\"@id\":\"https:\\\/\\\/naturalpoland.com\\\/ko\\\/je-pum\\\/hwa-jang-pum-won-ryo\\\/pep-ta-i-deu\\\/%ec%95%84%ec%84%b8%ed%8b%b8-%ed%85%8c%ed%8a%b8%eb%9d%bc%ed%8e%a9%ed%83%80%ec%9d%b4%eb%93%9c-9\\\/#breadcrumb\",\"itemListElement\":[{\"@type\":\"ListItem\",\"position\":1,\"name\":\"\ud648\",\"item\":\"https:\\\/\\\/naturalpoland.com\\\/ko\\\/\"},{\"@type\":\"ListItem\",\"position\":2,\"name\":\"\uc81c\ud488\",\"item\":\"https:\\\/\\\/naturalpoland.com\\\/ko\\\/%ec%a0%9c%ed%92%88\\\/\"},{\"@type\":\"ListItem\",\"position\":3,\"name\":\"\uc544\uc138\ud2f8 \ud14c\ud2b8\ub77c\ud3a9\ud0c0\uc774\ub4dc-9\"}]},{\"@type\":\"WebSite\",\"@id\":\"https:\\\/\\\/naturalpoland.com\\\/ko\\\/#website\",\"url\":\"https:\\\/\\\/naturalpoland.com\\\/ko\\\/\",\"name\":\"NATURAL POLAND - Hurtowy Dystrybutor Surowc\u00f3w\",\"description\":\"Surowce dla przemys\u0142u spo\u017cywczego, kosmetycznego i farmaceutycznego\",\"publisher\":{\"@id\":\"https:\\\/\\\/naturalpoland.com\\\/ko\\\/#organization\"},\"potentialAction\":[{\"@type\":\"SearchAction\",\"target\":{\"@type\":\"EntryPoint\",\"urlTemplate\":\"https:\\\/\\\/naturalpoland.com\\\/ko\\\/?s={search_term_string}\"},\"query-input\":{\"@type\":\"PropertyValueSpecification\",\"valueRequired\":true,\"valueName\":\"search_term_string\"}}],\"inLanguage\":\"ko-KR\"},{\"@type\":\"Organization\",\"@id\":\"https:\\\/\\\/naturalpoland.com\\\/ko\\\/#organization\",\"name\":\"Natural Poland\",\"url\":\"https:\\\/\\\/naturalpoland.com\\\/ko\\\/\",\"logo\":{\"@type\":\"ImageObject\",\"inLanguage\":\"ko-KR\",\"@id\":\"https:\\\/\\\/naturalpoland.com\\\/ko\\\/#\\\/schema\\\/logo\\\/image\\\/\",\"url\":\"https:\\\/\\\/naturalpoland.com\\\/wp-content\\\/uploads\\\/2021\\\/05\\\/natural-poland-icon.png\",\"contentUrl\":\"https:\\\/\\\/naturalpoland.com\\\/wp-content\\\/uploads\\\/2021\\\/05\\\/natural-poland-icon.png\",\"width\":512,\"height\":512,\"caption\":\"Natural Poland\"},\"image\":{\"@id\":\"https:\\\/\\\/naturalpoland.com\\\/ko\\\/#\\\/schema\\\/logo\\\/image\\\/\"},\"sameAs\":[\"https:\\\/\\\/www.facebook.com\\\/naturalpoland.b2b\",\"https:\\\/\\\/pl.linkedin.com\\\/company\\\/natural-poland\",\"https:\\\/\\\/www.youtube.com\\\/channel\\\/UCgeGGkvOMahZo-xu_MSEWxg\"]}]}<\/script>\n<!-- \/ Yoast SEO plugin. -->","yoast_head_json":{"title":"\uc544\uc138\ud2f8 \ud14c\ud2b8\ub77c\ud3a9\ud0c0\uc774\ub4dc-9 - Hurtowy Dystrybutor","description":"\uc544\uc138\ud2f8 \ud14c\ud2b8\ub77c\ud3a9\ud0c0\uc774\ub4dc-9\ub294 \ub354\ubbf8\uce78(Dermican)\uc73c\ub85c\ub3c4 \uc54c\ub824\uc838 \uc788\uc73c\uba70, \ud53c\ubd80 \uad00\ub9ac\uc5d0 \uc788\uc5b4 \ub192\uc740 \uc7a0\uc7ac\ub825\uc744 \uc9c0\ub2cc \ud3a9\ud0c0\uc774\ub4dc\uc785\ub2c8\ub2e4.","robots":{"index":"index","follow":"follow","max-snippet":"max-snippet:-1","max-image-preview":"max-image-preview:large","max-video-preview":"max-video-preview:-1"},"canonical":"https:\/\/naturalpoland.com\/ko\/je-pum\/hwa-jang-pum-won-ryo\/pep-ta-i-deu\/%ec%95%84%ec%84%b8%ed%8b%b8-%ed%85%8c%ed%8a%b8%eb%9d%bc%ed%8e%a9%ed%83%80%ec%9d%b4%eb%93%9c-9\/","og_locale":"ko_KR","og_type":"article","og_title":"\uc544\uc138\ud2f8 \ud14c\ud2b8\ub77c\ud3a9\ud0c0\uc774\ub4dc-9 - Hurtowy Dystrybutor","og_description":"\uc544\uc138\ud2f8 \ud14c\ud2b8\ub77c\ud3a9\ud0c0\uc774\ub4dc-9\ub294 \ub354\ubbf8\uce78(Dermican)\uc73c\ub85c\ub3c4 \uc54c\ub824\uc838 \uc788\uc73c\uba70, \ud53c\ubd80 \uad00\ub9ac\uc5d0 \uc788\uc5b4 \ub192\uc740 \uc7a0\uc7ac\ub825\uc744 \uc9c0\ub2cc \ud3a9\ud0c0\uc774\ub4dc\uc785\ub2c8\ub2e4.","og_url":"https:\/\/naturalpoland.com\/ko\/je-pum\/hwa-jang-pum-won-ryo\/pep-ta-i-deu\/%ec%95%84%ec%84%b8%ed%8b%b8-%ed%85%8c%ed%8a%b8%eb%9d%bc%ed%8e%a9%ed%83%80%ec%9d%b4%eb%93%9c-9\/","og_site_name":"NATURAL POLAND - Hurtowy Dystrybutor Surowc\u00f3w","article_publisher":"https:\/\/www.facebook.com\/naturalpoland.b2b","article_modified_time":"2026-02-04T12:15:05+00:00","og_image":[{"width":612,"height":612,"url":"https:\/\/naturalpoland.com\/wp-content\/uploads\/acetyl_tetrapeptide-9.webp","type":"image\/webp"}],"schema":{"@context":"https:\/\/schema.org","@graph":[{"@type":"WebPage","@id":"https:\/\/naturalpoland.com\/ko\/je-pum\/hwa-jang-pum-won-ryo\/pep-ta-i-deu\/%ec%95%84%ec%84%b8%ed%8b%b8-%ed%85%8c%ed%8a%b8%eb%9d%bc%ed%8e%a9%ed%83%80%ec%9d%b4%eb%93%9c-9\/","url":"https:\/\/naturalpoland.com\/ko\/je-pum\/hwa-jang-pum-won-ryo\/pep-ta-i-deu\/%ec%95%84%ec%84%b8%ed%8b%b8-%ed%85%8c%ed%8a%b8%eb%9d%bc%ed%8e%a9%ed%83%80%ec%9d%b4%eb%93%9c-9\/","name":"\uc544\uc138\ud2f8 \ud14c\ud2b8\ub77c\ud3a9\ud0c0\uc774\ub4dc-9 - Hurtowy Dystrybutor","isPartOf":{"@id":"https:\/\/naturalpoland.com\/ko\/#website"},"primaryImageOfPage":{"@id":"https:\/\/naturalpoland.com\/ko\/je-pum\/hwa-jang-pum-won-ryo\/pep-ta-i-deu\/%ec%95%84%ec%84%b8%ed%8b%b8-%ed%85%8c%ed%8a%b8%eb%9d%bc%ed%8e%a9%ed%83%80%ec%9d%b4%eb%93%9c-9\/#primaryimage"},"image":{"@id":"https:\/\/naturalpoland.com\/ko\/je-pum\/hwa-jang-pum-won-ryo\/pep-ta-i-deu\/%ec%95%84%ec%84%b8%ed%8b%b8-%ed%85%8c%ed%8a%b8%eb%9d%bc%ed%8e%a9%ed%83%80%ec%9d%b4%eb%93%9c-9\/#primaryimage"},"thumbnailUrl":"https:\/\/naturalpoland.com\/wp-content\/uploads\/acetyl_tetrapeptide-9.webp","datePublished":"2024-01-04T14:26:35+00:00","dateModified":"2026-02-04T12:15:05+00:00","description":"\uc544\uc138\ud2f8 \ud14c\ud2b8\ub77c\ud3a9\ud0c0\uc774\ub4dc-9\ub294 \ub354\ubbf8\uce78(Dermican)\uc73c\ub85c\ub3c4 \uc54c\ub824\uc838 \uc788\uc73c\uba70, \ud53c\ubd80 \uad00\ub9ac\uc5d0 \uc788\uc5b4 \ub192\uc740 \uc7a0\uc7ac\ub825\uc744 \uc9c0\ub2cc \ud3a9\ud0c0\uc774\ub4dc\uc785\ub2c8\ub2e4.","breadcrumb":{"@id":"https:\/\/naturalpoland.com\/ko\/je-pum\/hwa-jang-pum-won-ryo\/pep-ta-i-deu\/%ec%95%84%ec%84%b8%ed%8b%b8-%ed%85%8c%ed%8a%b8%eb%9d%bc%ed%8e%a9%ed%83%80%ec%9d%b4%eb%93%9c-9\/#breadcrumb"},"inLanguage":"ko-KR","potentialAction":[{"@type":"ReadAction","target":["https:\/\/naturalpoland.com\/ko\/je-pum\/hwa-jang-pum-won-ryo\/pep-ta-i-deu\/%ec%95%84%ec%84%b8%ed%8b%b8-%ed%85%8c%ed%8a%b8%eb%9d%bc%ed%8e%a9%ed%83%80%ec%9d%b4%eb%93%9c-9\/"]}]},{"@type":"ImageObject","inLanguage":"ko-KR","@id":"https:\/\/naturalpoland.com\/ko\/je-pum\/hwa-jang-pum-won-ryo\/pep-ta-i-deu\/%ec%95%84%ec%84%b8%ed%8b%b8-%ed%85%8c%ed%8a%b8%eb%9d%bc%ed%8e%a9%ed%83%80%ec%9d%b4%eb%93%9c-9\/#primaryimage","url":"https:\/\/naturalpoland.com\/wp-content\/uploads\/acetyl_tetrapeptide-9.webp","contentUrl":"https:\/\/naturalpoland.com\/wp-content\/uploads\/acetyl_tetrapeptide-9.webp","width":612,"height":612,"caption":"\uc544\uc138\ud2f8 \ud14c\ud2b8\ub77c\ud3a9\ud0c0\uc774\ub4dc-9"},{"@type":"BreadcrumbList","@id":"https:\/\/naturalpoland.com\/ko\/je-pum\/hwa-jang-pum-won-ryo\/pep-ta-i-deu\/%ec%95%84%ec%84%b8%ed%8b%b8-%ed%85%8c%ed%8a%b8%eb%9d%bc%ed%8e%a9%ed%83%80%ec%9d%b4%eb%93%9c-9\/#breadcrumb","itemListElement":[{"@type":"ListItem","position":1,"name":"\ud648","item":"https:\/\/naturalpoland.com\/ko\/"},{"@type":"ListItem","position":2,"name":"\uc81c\ud488","item":"https:\/\/naturalpoland.com\/ko\/%ec%a0%9c%ed%92%88\/"},{"@type":"ListItem","position":3,"name":"\uc544\uc138\ud2f8 \ud14c\ud2b8\ub77c\ud3a9\ud0c0\uc774\ub4dc-9"}]},{"@type":"WebSite","@id":"https:\/\/naturalpoland.com\/ko\/#website","url":"https:\/\/naturalpoland.com\/ko\/","name":"NATURAL POLAND - Hurtowy Dystrybutor Surowc\u00f3w","description":"Surowce dla przemys\u0142u spo\u017cywczego, kosmetycznego i farmaceutycznego","publisher":{"@id":"https:\/\/naturalpoland.com\/ko\/#organization"},"potentialAction":[{"@type":"SearchAction","target":{"@type":"EntryPoint","urlTemplate":"https:\/\/naturalpoland.com\/ko\/?s={search_term_string}"},"query-input":{"@type":"PropertyValueSpecification","valueRequired":true,"valueName":"search_term_string"}}],"inLanguage":"ko-KR"},{"@type":"Organization","@id":"https:\/\/naturalpoland.com\/ko\/#organization","name":"Natural Poland","url":"https:\/\/naturalpoland.com\/ko\/","logo":{"@type":"ImageObject","inLanguage":"ko-KR","@id":"https:\/\/naturalpoland.com\/ko\/#\/schema\/logo\/image\/","url":"https:\/\/naturalpoland.com\/wp-content\/uploads\/2021\/05\/natural-poland-icon.png","contentUrl":"https:\/\/naturalpoland.com\/wp-content\/uploads\/2021\/05\/natural-poland-icon.png","width":512,"height":512,"caption":"Natural Poland"},"image":{"@id":"https:\/\/naturalpoland.com\/ko\/#\/schema\/logo\/image\/"},"sameAs":["https:\/\/www.facebook.com\/naturalpoland.b2b","https:\/\/pl.linkedin.com\/company\/natural-poland","https:\/\/www.youtube.com\/channel\/UCgeGGkvOMahZo-xu_MSEWxg"]}]}},"_links":{"self":[{"href":"https:\/\/naturalpoland.com\/ko\/wp-json\/wp\/v2\/product\/45472","targetHints":{"allow":["GET"]}}],"collection":[{"href":"https:\/\/naturalpoland.com\/ko\/wp-json\/wp\/v2\/product"}],"about":[{"href":"https:\/\/naturalpoland.com\/ko\/wp-json\/wp\/v2\/types\/product"}],"wp:featuredmedia":[{"embeddable":true,"href":"https:\/\/naturalpoland.com\/ko\/wp-json\/wp\/v2\/media\/45473"}],"wp:attachment":[{"href":"https:\/\/naturalpoland.com\/ko\/wp-json\/wp\/v2\/media?parent=45472"}],"wp:term":[{"taxonomy":"product_brand","embeddable":true,"href":"https:\/\/naturalpoland.com\/ko\/wp-json\/wp\/v2\/product_brand?post=45472"},{"taxonomy":"product_cat","embeddable":true,"href":"https:\/\/naturalpoland.com\/ko\/wp-json\/wp\/v2\/product_cat?post=45472"},{"taxonomy":"product_tag","embeddable":true,"href":"https:\/\/naturalpoland.com\/ko\/wp-json\/wp\/v2\/product_tag?post=45472"}],"curies":[{"name":"wp","href":"https:\/\/api.w.org\/{rel}","templated":true}]}}