{"id":45478,"date":"2024-04-10T11:44:06","date_gmt":"2024-04-10T09:44:06","guid":{"rendered":"https:\/\/naturalpoland.com\/produkty\/uncategorized\/%ec%95%84%ed%94%84%eb%a6%ac%ec%b9%b4-%eb%a7%9d%ea%b3%a0-%ec%94%a8%ec%95%97-%ec%b6%94%ec%b6%9c%eb%ac%bc\/"},"modified":"2026-02-04T13:18:27","modified_gmt":"2026-02-04T12:18:27","slug":"%ec%95%84%ed%94%84%eb%a6%ac%ec%b9%b4-%eb%a7%9d%ea%b3%a0-%ec%94%a8%ec%95%97-%ec%b6%94%ec%b6%9c%eb%ac%bc","status":"publish","type":"product","link":"https:\/\/naturalpoland.com\/ko\/je-pum\/sig-mul-chu-chul-mul\/%ec%95%84%ed%94%84%eb%a6%ac%ec%b9%b4-%eb%a7%9d%ea%b3%a0-%ec%94%a8%ec%95%97-%ec%b6%94%ec%b6%9c%eb%ac%bc\/","title":{"rendered":"\uc544\ud504\ub9ac\uce74 \ub9dd\uace0 \uc528\uc557 \ucd94\ucd9c\ubb3c"},"content":{"rendered":"<p>\uc774 \ucd94\ucd9c\ubb3c\uc740 \uc5c4\uc120\ub41c \uc544\ud504\ub9ac\uce74 \ub9dd\uace0 \uc528\uc557\uc5d0\uc11c \uc5bb\uc5b4\uc9d1\ub2c8\ub2e4. \ub2e4\uc591\ud55c \uac74\uac15 \ubcf4\uc870 \uc2dd\ud488 \ubc0f \uac74\uac15 \uc81c\ud488 \ud3ec\ubbac\ub7ec\uc5d0 \uad11\ubc94\uc704\ud558\uac8c \uc0ac\uc6a9\ub420 \uc218 \uc788\uc2b5\ub2c8\ub2e4. <\/p>\n<p><strong>\uc544\ud504\ub9ac\uce74 \ub9dd\uace0 \uc528\uc557 \ucd94\ucd9c\ubb3c\uc758 \ud56d\uc0b0\ud654 \uc791\uc6a9<\/strong>\uc740 \uc2ec\ud608\uad00 \uac74\uac15 \uc9c0\uc6d0 \ubc0f \ud608\ub2f9 \uc870\uc808\uc5d0 \uc9c1\uc811\uc801\uc778 \uc601\ud5a5\uc744 \ubbf8\uce69\ub2c8\ub2e4. \uc774\ub7ec\ud55c \ud2b9\uc131 \ub355\ubd84\uc5d0 \uc774 \uc81c\ud488\uc740 \uc81c2\ud615 \ub2f9\ub1e8\ubcd1\uc774\ub098 \uc2ec\uc7a5\ubcd1\uacfc \uac19\uc740 \uc0dd\ud65c \uc2b5\uad00\ubcd1 \uc608\ubc29\uc5d0 \ud65c\uc6a9\ub429\ub2c8\ub2e4. \ub610\ud55c, \ucd94\ucd9c\ubb3c\uc5d0 \ud568\uc720\ub41c \ud50c\ub77c\ubcf8\uc740 \uc2e0\uc9c4\ub300\uc0ac \uacfc\uc815\uc744 \ucd09\uc9c4\ud558\uc5ec \uccb4\uc911 \uad00\ub9ac \ud6a8\uc728\uc131\uc744 \ub192\uc774\uace0 \uc804\ubc18\uc801\uc778 \uc2e0\uccb4 \uc0c1\ud0dc\ub97c \uac1c\uc120\ud558\ub294 \ub370 \uae30\uc5ec\ud560 \uc218 \uc788\uc2b5\ub2c8\ub2e4.  <\/p>\n<p><strong>\uc544\ud504\ub9ac\uce74 \ub9dd\uace0 \uc528\uc557 \ucd94\ucd9c\ubb3c\uc758 \ud65c\uc6a9<\/strong>\uc740 \uac74\uac15 \ubcf4\uc870 \uc2dd\ud488\uc5d0\ub9cc \uad6d\ud55c\ub418\uc9c0 \uc54a\uc2b5\ub2c8\ub2e4. \uadf8 \ub3c5\ud2b9\ud55c \ud2b9\uc131 \ub355\ubd84\uc5d0 \ucc9c\uc5f0 \ud654\uc7a5\ud488\uc758 \uadc0\uc911\ud55c \uc131\ubd84\uc73c\ub85c\ub3c4 \ud3c9\uac00\ubc1b\uc73c\uba70, \ud56d\uc0b0\ud654 \ubc0f \uc7ac\uc0dd \uc791\uc6a9\uc774 \ud53c\ubd80 \uc678\uad00\uacfc \uc0c1\ud0dc \uac1c\uc120\uc5d0 \uae30\uc5ec\ud560 \uc218 \uc788\uc2b5\ub2c8\ub2e4. <\/p>\n<p>\uac74\uac15 \ubc0f \ud654\uc7a5\ud488 \uc81c\uc870\uc5c5\uccb4\uc5d0\uac8c \uc544\ud504\ub9ac\uce74 \ub9dd\uace0 \uc528\uc557 \ucd94\ucd9c\ubb3c\uc740 \ucc9c\uc5f0 \uc131\ubd84 \uae30\ubc18 \uc81c\ud488\uc5d0 \ub300\ud55c \uc18c\ube44\uc790\ub4e4\uc758 \uc99d\uac00\ud558\ub294 \uc694\uad6c\uc5d0 \ubd80\uc751\ud558\ub294 \ud601\uc2e0\uc801\uc778 \ud3ec\ubbac\ub7ec\ub85c \uc81c\ud488\uad70\uc744 \ud48d\ubd80\ud558\uac8c \ud560 \uae30\ud68c\ub97c \uc81c\uacf5\ud569\ub2c8\ub2e4. \uac80\uc99d\ub41c \ud2b9\uc131\uacfc \uacb0\ud569\ub41c \ub2e4\uc7ac\ub2e4\ub2a5\ud55c \ud65c\uc6a9\uc131\uc740 \uc774 \ucd94\ucd9c\ubb3c\uc774 \ucd5c\uace0 \ud488\uc9c8\uc758 \uc81c\ud488 \uac1c\ubc1c\uc5d0 \uadc0\uc911\ud55c \ud22c\uc790\uac00 \ub418\ub3c4\ub85d \ud569\ub2c8\ub2e4. <\/p>\n","protected":false},"excerpt":{"rendered":"<p>\uc544\ud504\ub9ac\uce74 \ub9dd\uace0 \uc528\uc557 \ucd94\ucd9c\ubb3c\uc740 \ub6f0\uc5b4\ub09c \uac74\uac15 \ud6a8\ub2a5\uc73c\ub85c \ub192\uc774 \ud3c9\uac00\ubc1b\ub294 \uadc0\uc911\ud55c \uac74\uac15 \ubcf4\uc870 \uc2dd\ud488 \uc131\ubd84\uc785\ub2c8\ub2e4. \uc544\ud504\ub9ac\uce74 \uc5f4\ub300\uc6b0\ub9bc\uc774 \uc6d0\uc0b0\uc9c0\uc778 <strong><em>Irvingia Gabonensis<\/em><\/strong>\uc5d0\uc11c \ucd94\ucd9c\ub41c \uc774 \ucd94\ucd9c\ubb3c\uc740 <strong><a href=\"https:\/\/naturalpoland.com\/artykuly\/produkty-naturalne\/czym-sa-i-jak-dzialaja-flawonoidy\/\">\ud50c\ub77c\ubcf8<\/a><\/strong>\uc758 \ud48d\ubd80\ud55c \uacf5\uae09\uc6d0\uc785\ub2c8\ub2e4. UV \ubd84\uc11d\ubc95\uc73c\ub85c \ud655\uc778\ub41c \ud50c\ub77c\ubcf8 \ud568\ub7c9\uc740 10%\ub97c \ucd08\uacfc\ud569\ub2c8\ub2e4.  <\/p>\n","protected":false},"featured_media":45479,"template":"","meta":{"_acf_changed":false},"product_brand":[],"product_cat":[8134],"product_tag":[],"class_list":{"0":"post-45478","1":"product","2":"type-product","3":"status-publish","4":"has-post-thumbnail","6":"product_cat-sig-mul-chu-chul-mul","7":"pa_certyfikaty-8218","8":"pa_certyfikaty-8219","10":"first","11":"instock","12":"shipping-taxable","13":"product-type-simple"},"acf":[],"yoast_head":"<!-- This site is optimized with the Yoast SEO plugin v27.5 - https:\/\/yoast.com\/product\/yoast-seo-wordpress\/ -->\n<title>\uc544\ud504\ub9ac\uce74 \ub9dd\uace0 \uc528\uc557 \ucd94\ucd9c\ubb3c - Hurtowy Dystrybutor<\/title>\n<meta name=\"description\" content=\"\uc544\ud504\ub9ac\uce74 \ub9dd\uace0 \uc528\uc557 \ucd94\ucd9c\ubb3c\uc740 \ucc9c\uc5f0 \uc131\ubd84 \uae30\ubc18\uc758 \ud601\uc2e0\uc801\uc778 \ud3ec\ubbac\ub7ec\ub85c \uc81c\ud488\uad70\uc744 \ud48d\ubd80\ud558\uac8c \ud560 \uae30\ud68c\ub97c \uc81c\uacf5\ud569\ub2c8\ub2e4.\" \/>\n<meta name=\"robots\" content=\"index, follow, max-snippet:-1, max-image-preview:large, max-video-preview:-1\" \/>\n<link rel=\"canonical\" href=\"https:\/\/naturalpoland.com\/ko\/je-pum\/sig-mul-chu-chul-mul\/%ec%95%84%ed%94%84%eb%a6%ac%ec%b9%b4-%eb%a7%9d%ea%b3%a0-%ec%94%a8%ec%95%97-%ec%b6%94%ec%b6%9c%eb%ac%bc\/\" \/>\n<meta property=\"og:locale\" content=\"ko_KR\" \/>\n<meta property=\"og:type\" content=\"article\" \/>\n<meta property=\"og:title\" content=\"\uc544\ud504\ub9ac\uce74 \ub9dd\uace0 \uc528\uc557 \ucd94\ucd9c\ubb3c - Hurtowy Dystrybutor\" \/>\n<meta property=\"og:description\" content=\"\uc544\ud504\ub9ac\uce74 \ub9dd\uace0 \uc528\uc557 \ucd94\ucd9c\ubb3c\uc740 \ucc9c\uc5f0 \uc131\ubd84 \uae30\ubc18\uc758 \ud601\uc2e0\uc801\uc778 \ud3ec\ubbac\ub7ec\ub85c \uc81c\ud488\uad70\uc744 \ud48d\ubd80\ud558\uac8c \ud560 \uae30\ud68c\ub97c \uc81c\uacf5\ud569\ub2c8\ub2e4.\" \/>\n<meta property=\"og:url\" content=\"https:\/\/naturalpoland.com\/ko\/je-pum\/sig-mul-chu-chul-mul\/%ec%95%84%ed%94%84%eb%a6%ac%ec%b9%b4-%eb%a7%9d%ea%b3%a0-%ec%94%a8%ec%95%97-%ec%b6%94%ec%b6%9c%eb%ac%bc\/\" \/>\n<meta property=\"og:site_name\" content=\"NATURAL POLAND - Hurtowy Dystrybutor Surowc\u00f3w\" \/>\n<meta property=\"article:publisher\" content=\"https:\/\/www.facebook.com\/naturalpoland.b2b\" \/>\n<meta property=\"article:modified_time\" content=\"2026-02-04T12:18:27+00:00\" \/>\n<meta property=\"og:image\" content=\"https:\/\/naturalpoland.com\/wp-content\/uploads\/african_mango_seed_extract.webp\" \/>\n\t<meta property=\"og:image:width\" content=\"700\" \/>\n\t<meta property=\"og:image:height\" content=\"700\" \/>\n\t<meta property=\"og:image:type\" content=\"image\/webp\" \/>\n<script type=\"application\/ld+json\" class=\"yoast-schema-graph\">{\"@context\":\"https:\\\/\\\/schema.org\",\"@graph\":[{\"@type\":\"WebPage\",\"@id\":\"https:\\\/\\\/naturalpoland.com\\\/ko\\\/je-pum\\\/sig-mul-chu-chul-mul\\\/%ec%95%84%ed%94%84%eb%a6%ac%ec%b9%b4-%eb%a7%9d%ea%b3%a0-%ec%94%a8%ec%95%97-%ec%b6%94%ec%b6%9c%eb%ac%bc\\\/\",\"url\":\"https:\\\/\\\/naturalpoland.com\\\/ko\\\/je-pum\\\/sig-mul-chu-chul-mul\\\/%ec%95%84%ed%94%84%eb%a6%ac%ec%b9%b4-%eb%a7%9d%ea%b3%a0-%ec%94%a8%ec%95%97-%ec%b6%94%ec%b6%9c%eb%ac%bc\\\/\",\"name\":\"\uc544\ud504\ub9ac\uce74 \ub9dd\uace0 \uc528\uc557 \ucd94\ucd9c\ubb3c - Hurtowy Dystrybutor\",\"isPartOf\":{\"@id\":\"https:\\\/\\\/naturalpoland.com\\\/ko\\\/#website\"},\"primaryImageOfPage\":{\"@id\":\"https:\\\/\\\/naturalpoland.com\\\/ko\\\/je-pum\\\/sig-mul-chu-chul-mul\\\/%ec%95%84%ed%94%84%eb%a6%ac%ec%b9%b4-%eb%a7%9d%ea%b3%a0-%ec%94%a8%ec%95%97-%ec%b6%94%ec%b6%9c%eb%ac%bc\\\/#primaryimage\"},\"image\":{\"@id\":\"https:\\\/\\\/naturalpoland.com\\\/ko\\\/je-pum\\\/sig-mul-chu-chul-mul\\\/%ec%95%84%ed%94%84%eb%a6%ac%ec%b9%b4-%eb%a7%9d%ea%b3%a0-%ec%94%a8%ec%95%97-%ec%b6%94%ec%b6%9c%eb%ac%bc\\\/#primaryimage\"},\"thumbnailUrl\":\"https:\\\/\\\/naturalpoland.com\\\/wp-content\\\/uploads\\\/african_mango_seed_extract.webp\",\"datePublished\":\"2024-04-10T09:44:06+00:00\",\"dateModified\":\"2026-02-04T12:18:27+00:00\",\"description\":\"\uc544\ud504\ub9ac\uce74 \ub9dd\uace0 \uc528\uc557 \ucd94\ucd9c\ubb3c\uc740 \ucc9c\uc5f0 \uc131\ubd84 \uae30\ubc18\uc758 \ud601\uc2e0\uc801\uc778 \ud3ec\ubbac\ub7ec\ub85c \uc81c\ud488\uad70\uc744 \ud48d\ubd80\ud558\uac8c \ud560 \uae30\ud68c\ub97c \uc81c\uacf5\ud569\ub2c8\ub2e4.\",\"breadcrumb\":{\"@id\":\"https:\\\/\\\/naturalpoland.com\\\/ko\\\/je-pum\\\/sig-mul-chu-chul-mul\\\/%ec%95%84%ed%94%84%eb%a6%ac%ec%b9%b4-%eb%a7%9d%ea%b3%a0-%ec%94%a8%ec%95%97-%ec%b6%94%ec%b6%9c%eb%ac%bc\\\/#breadcrumb\"},\"inLanguage\":\"ko-KR\",\"potentialAction\":[{\"@type\":\"ReadAction\",\"target\":[\"https:\\\/\\\/naturalpoland.com\\\/ko\\\/je-pum\\\/sig-mul-chu-chul-mul\\\/%ec%95%84%ed%94%84%eb%a6%ac%ec%b9%b4-%eb%a7%9d%ea%b3%a0-%ec%94%a8%ec%95%97-%ec%b6%94%ec%b6%9c%eb%ac%bc\\\/\"]}]},{\"@type\":\"ImageObject\",\"inLanguage\":\"ko-KR\",\"@id\":\"https:\\\/\\\/naturalpoland.com\\\/ko\\\/je-pum\\\/sig-mul-chu-chul-mul\\\/%ec%95%84%ed%94%84%eb%a6%ac%ec%b9%b4-%eb%a7%9d%ea%b3%a0-%ec%94%a8%ec%95%97-%ec%b6%94%ec%b6%9c%eb%ac%bc\\\/#primaryimage\",\"url\":\"https:\\\/\\\/naturalpoland.com\\\/wp-content\\\/uploads\\\/african_mango_seed_extract.webp\",\"contentUrl\":\"https:\\\/\\\/naturalpoland.com\\\/wp-content\\\/uploads\\\/african_mango_seed_extract.webp\",\"width\":700,\"height\":700,\"caption\":\"\uc544\ud504\ub9ac\uce74 \ub9dd\uace0 \uc528\uc557 \ucd94\ucd9c\ubb3c\"},{\"@type\":\"BreadcrumbList\",\"@id\":\"https:\\\/\\\/naturalpoland.com\\\/ko\\\/je-pum\\\/sig-mul-chu-chul-mul\\\/%ec%95%84%ed%94%84%eb%a6%ac%ec%b9%b4-%eb%a7%9d%ea%b3%a0-%ec%94%a8%ec%95%97-%ec%b6%94%ec%b6%9c%eb%ac%bc\\\/#breadcrumb\",\"itemListElement\":[{\"@type\":\"ListItem\",\"position\":1,\"name\":\"\ud648\",\"item\":\"https:\\\/\\\/naturalpoland.com\\\/ko\\\/\"},{\"@type\":\"ListItem\",\"position\":2,\"name\":\"\uc81c\ud488\",\"item\":\"https:\\\/\\\/naturalpoland.com\\\/ko\\\/%ec%a0%9c%ed%92%88\\\/\"},{\"@type\":\"ListItem\",\"position\":3,\"name\":\"\uc544\ud504\ub9ac\uce74 \ub9dd\uace0 \uc528\uc557 \ucd94\ucd9c\ubb3c\"}]},{\"@type\":\"WebSite\",\"@id\":\"https:\\\/\\\/naturalpoland.com\\\/ko\\\/#website\",\"url\":\"https:\\\/\\\/naturalpoland.com\\\/ko\\\/\",\"name\":\"NATURAL POLAND - Hurtowy Dystrybutor Surowc\u00f3w\",\"description\":\"Surowce dla przemys\u0142u spo\u017cywczego, kosmetycznego i farmaceutycznego\",\"publisher\":{\"@id\":\"https:\\\/\\\/naturalpoland.com\\\/ko\\\/#organization\"},\"potentialAction\":[{\"@type\":\"SearchAction\",\"target\":{\"@type\":\"EntryPoint\",\"urlTemplate\":\"https:\\\/\\\/naturalpoland.com\\\/ko\\\/?s={search_term_string}\"},\"query-input\":{\"@type\":\"PropertyValueSpecification\",\"valueRequired\":true,\"valueName\":\"search_term_string\"}}],\"inLanguage\":\"ko-KR\"},{\"@type\":\"Organization\",\"@id\":\"https:\\\/\\\/naturalpoland.com\\\/ko\\\/#organization\",\"name\":\"Natural Poland\",\"url\":\"https:\\\/\\\/naturalpoland.com\\\/ko\\\/\",\"logo\":{\"@type\":\"ImageObject\",\"inLanguage\":\"ko-KR\",\"@id\":\"https:\\\/\\\/naturalpoland.com\\\/ko\\\/#\\\/schema\\\/logo\\\/image\\\/\",\"url\":\"https:\\\/\\\/naturalpoland.com\\\/wp-content\\\/uploads\\\/2021\\\/05\\\/natural-poland-icon.png\",\"contentUrl\":\"https:\\\/\\\/naturalpoland.com\\\/wp-content\\\/uploads\\\/2021\\\/05\\\/natural-poland-icon.png\",\"width\":512,\"height\":512,\"caption\":\"Natural Poland\"},\"image\":{\"@id\":\"https:\\\/\\\/naturalpoland.com\\\/ko\\\/#\\\/schema\\\/logo\\\/image\\\/\"},\"sameAs\":[\"https:\\\/\\\/www.facebook.com\\\/naturalpoland.b2b\",\"https:\\\/\\\/pl.linkedin.com\\\/company\\\/natural-poland\",\"https:\\\/\\\/www.youtube.com\\\/channel\\\/UCgeGGkvOMahZo-xu_MSEWxg\"]}]}<\/script>\n<!-- \/ Yoast SEO plugin. -->","yoast_head_json":{"title":"\uc544\ud504\ub9ac\uce74 \ub9dd\uace0 \uc528\uc557 \ucd94\ucd9c\ubb3c - Hurtowy Dystrybutor","description":"\uc544\ud504\ub9ac\uce74 \ub9dd\uace0 \uc528\uc557 \ucd94\ucd9c\ubb3c\uc740 \ucc9c\uc5f0 \uc131\ubd84 \uae30\ubc18\uc758 \ud601\uc2e0\uc801\uc778 \ud3ec\ubbac\ub7ec\ub85c \uc81c\ud488\uad70\uc744 \ud48d\ubd80\ud558\uac8c \ud560 \uae30\ud68c\ub97c \uc81c\uacf5\ud569\ub2c8\ub2e4.","robots":{"index":"index","follow":"follow","max-snippet":"max-snippet:-1","max-image-preview":"max-image-preview:large","max-video-preview":"max-video-preview:-1"},"canonical":"https:\/\/naturalpoland.com\/ko\/je-pum\/sig-mul-chu-chul-mul\/%ec%95%84%ed%94%84%eb%a6%ac%ec%b9%b4-%eb%a7%9d%ea%b3%a0-%ec%94%a8%ec%95%97-%ec%b6%94%ec%b6%9c%eb%ac%bc\/","og_locale":"ko_KR","og_type":"article","og_title":"\uc544\ud504\ub9ac\uce74 \ub9dd\uace0 \uc528\uc557 \ucd94\ucd9c\ubb3c - Hurtowy Dystrybutor","og_description":"\uc544\ud504\ub9ac\uce74 \ub9dd\uace0 \uc528\uc557 \ucd94\ucd9c\ubb3c\uc740 \ucc9c\uc5f0 \uc131\ubd84 \uae30\ubc18\uc758 \ud601\uc2e0\uc801\uc778 \ud3ec\ubbac\ub7ec\ub85c \uc81c\ud488\uad70\uc744 \ud48d\ubd80\ud558\uac8c \ud560 \uae30\ud68c\ub97c \uc81c\uacf5\ud569\ub2c8\ub2e4.","og_url":"https:\/\/naturalpoland.com\/ko\/je-pum\/sig-mul-chu-chul-mul\/%ec%95%84%ed%94%84%eb%a6%ac%ec%b9%b4-%eb%a7%9d%ea%b3%a0-%ec%94%a8%ec%95%97-%ec%b6%94%ec%b6%9c%eb%ac%bc\/","og_site_name":"NATURAL POLAND - Hurtowy Dystrybutor Surowc\u00f3w","article_publisher":"https:\/\/www.facebook.com\/naturalpoland.b2b","article_modified_time":"2026-02-04T12:18:27+00:00","og_image":[{"width":700,"height":700,"url":"https:\/\/naturalpoland.com\/wp-content\/uploads\/african_mango_seed_extract.webp","type":"image\/webp"}],"schema":{"@context":"https:\/\/schema.org","@graph":[{"@type":"WebPage","@id":"https:\/\/naturalpoland.com\/ko\/je-pum\/sig-mul-chu-chul-mul\/%ec%95%84%ed%94%84%eb%a6%ac%ec%b9%b4-%eb%a7%9d%ea%b3%a0-%ec%94%a8%ec%95%97-%ec%b6%94%ec%b6%9c%eb%ac%bc\/","url":"https:\/\/naturalpoland.com\/ko\/je-pum\/sig-mul-chu-chul-mul\/%ec%95%84%ed%94%84%eb%a6%ac%ec%b9%b4-%eb%a7%9d%ea%b3%a0-%ec%94%a8%ec%95%97-%ec%b6%94%ec%b6%9c%eb%ac%bc\/","name":"\uc544\ud504\ub9ac\uce74 \ub9dd\uace0 \uc528\uc557 \ucd94\ucd9c\ubb3c - Hurtowy Dystrybutor","isPartOf":{"@id":"https:\/\/naturalpoland.com\/ko\/#website"},"primaryImageOfPage":{"@id":"https:\/\/naturalpoland.com\/ko\/je-pum\/sig-mul-chu-chul-mul\/%ec%95%84%ed%94%84%eb%a6%ac%ec%b9%b4-%eb%a7%9d%ea%b3%a0-%ec%94%a8%ec%95%97-%ec%b6%94%ec%b6%9c%eb%ac%bc\/#primaryimage"},"image":{"@id":"https:\/\/naturalpoland.com\/ko\/je-pum\/sig-mul-chu-chul-mul\/%ec%95%84%ed%94%84%eb%a6%ac%ec%b9%b4-%eb%a7%9d%ea%b3%a0-%ec%94%a8%ec%95%97-%ec%b6%94%ec%b6%9c%eb%ac%bc\/#primaryimage"},"thumbnailUrl":"https:\/\/naturalpoland.com\/wp-content\/uploads\/african_mango_seed_extract.webp","datePublished":"2024-04-10T09:44:06+00:00","dateModified":"2026-02-04T12:18:27+00:00","description":"\uc544\ud504\ub9ac\uce74 \ub9dd\uace0 \uc528\uc557 \ucd94\ucd9c\ubb3c\uc740 \ucc9c\uc5f0 \uc131\ubd84 \uae30\ubc18\uc758 \ud601\uc2e0\uc801\uc778 \ud3ec\ubbac\ub7ec\ub85c \uc81c\ud488\uad70\uc744 \ud48d\ubd80\ud558\uac8c \ud560 \uae30\ud68c\ub97c \uc81c\uacf5\ud569\ub2c8\ub2e4.","breadcrumb":{"@id":"https:\/\/naturalpoland.com\/ko\/je-pum\/sig-mul-chu-chul-mul\/%ec%95%84%ed%94%84%eb%a6%ac%ec%b9%b4-%eb%a7%9d%ea%b3%a0-%ec%94%a8%ec%95%97-%ec%b6%94%ec%b6%9c%eb%ac%bc\/#breadcrumb"},"inLanguage":"ko-KR","potentialAction":[{"@type":"ReadAction","target":["https:\/\/naturalpoland.com\/ko\/je-pum\/sig-mul-chu-chul-mul\/%ec%95%84%ed%94%84%eb%a6%ac%ec%b9%b4-%eb%a7%9d%ea%b3%a0-%ec%94%a8%ec%95%97-%ec%b6%94%ec%b6%9c%eb%ac%bc\/"]}]},{"@type":"ImageObject","inLanguage":"ko-KR","@id":"https:\/\/naturalpoland.com\/ko\/je-pum\/sig-mul-chu-chul-mul\/%ec%95%84%ed%94%84%eb%a6%ac%ec%b9%b4-%eb%a7%9d%ea%b3%a0-%ec%94%a8%ec%95%97-%ec%b6%94%ec%b6%9c%eb%ac%bc\/#primaryimage","url":"https:\/\/naturalpoland.com\/wp-content\/uploads\/african_mango_seed_extract.webp","contentUrl":"https:\/\/naturalpoland.com\/wp-content\/uploads\/african_mango_seed_extract.webp","width":700,"height":700,"caption":"\uc544\ud504\ub9ac\uce74 \ub9dd\uace0 \uc528\uc557 \ucd94\ucd9c\ubb3c"},{"@type":"BreadcrumbList","@id":"https:\/\/naturalpoland.com\/ko\/je-pum\/sig-mul-chu-chul-mul\/%ec%95%84%ed%94%84%eb%a6%ac%ec%b9%b4-%eb%a7%9d%ea%b3%a0-%ec%94%a8%ec%95%97-%ec%b6%94%ec%b6%9c%eb%ac%bc\/#breadcrumb","itemListElement":[{"@type":"ListItem","position":1,"name":"\ud648","item":"https:\/\/naturalpoland.com\/ko\/"},{"@type":"ListItem","position":2,"name":"\uc81c\ud488","item":"https:\/\/naturalpoland.com\/ko\/%ec%a0%9c%ed%92%88\/"},{"@type":"ListItem","position":3,"name":"\uc544\ud504\ub9ac\uce74 \ub9dd\uace0 \uc528\uc557 \ucd94\ucd9c\ubb3c"}]},{"@type":"WebSite","@id":"https:\/\/naturalpoland.com\/ko\/#website","url":"https:\/\/naturalpoland.com\/ko\/","name":"NATURAL POLAND - Hurtowy Dystrybutor Surowc\u00f3w","description":"Surowce dla przemys\u0142u spo\u017cywczego, kosmetycznego i farmaceutycznego","publisher":{"@id":"https:\/\/naturalpoland.com\/ko\/#organization"},"potentialAction":[{"@type":"SearchAction","target":{"@type":"EntryPoint","urlTemplate":"https:\/\/naturalpoland.com\/ko\/?s={search_term_string}"},"query-input":{"@type":"PropertyValueSpecification","valueRequired":true,"valueName":"search_term_string"}}],"inLanguage":"ko-KR"},{"@type":"Organization","@id":"https:\/\/naturalpoland.com\/ko\/#organization","name":"Natural Poland","url":"https:\/\/naturalpoland.com\/ko\/","logo":{"@type":"ImageObject","inLanguage":"ko-KR","@id":"https:\/\/naturalpoland.com\/ko\/#\/schema\/logo\/image\/","url":"https:\/\/naturalpoland.com\/wp-content\/uploads\/2021\/05\/natural-poland-icon.png","contentUrl":"https:\/\/naturalpoland.com\/wp-content\/uploads\/2021\/05\/natural-poland-icon.png","width":512,"height":512,"caption":"Natural Poland"},"image":{"@id":"https:\/\/naturalpoland.com\/ko\/#\/schema\/logo\/image\/"},"sameAs":["https:\/\/www.facebook.com\/naturalpoland.b2b","https:\/\/pl.linkedin.com\/company\/natural-poland","https:\/\/www.youtube.com\/channel\/UCgeGGkvOMahZo-xu_MSEWxg"]}]}},"_links":{"self":[{"href":"https:\/\/naturalpoland.com\/ko\/wp-json\/wp\/v2\/product\/45478","targetHints":{"allow":["GET"]}}],"collection":[{"href":"https:\/\/naturalpoland.com\/ko\/wp-json\/wp\/v2\/product"}],"about":[{"href":"https:\/\/naturalpoland.com\/ko\/wp-json\/wp\/v2\/types\/product"}],"wp:featuredmedia":[{"embeddable":true,"href":"https:\/\/naturalpoland.com\/ko\/wp-json\/wp\/v2\/media\/45479"}],"wp:attachment":[{"href":"https:\/\/naturalpoland.com\/ko\/wp-json\/wp\/v2\/media?parent=45478"}],"wp:term":[{"taxonomy":"product_brand","embeddable":true,"href":"https:\/\/naturalpoland.com\/ko\/wp-json\/wp\/v2\/product_brand?post=45478"},{"taxonomy":"product_cat","embeddable":true,"href":"https:\/\/naturalpoland.com\/ko\/wp-json\/wp\/v2\/product_cat?post=45478"},{"taxonomy":"product_tag","embeddable":true,"href":"https:\/\/naturalpoland.com\/ko\/wp-json\/wp\/v2\/product_tag?post=45478"}],"curies":[{"name":"wp","href":"https:\/\/api.w.org\/{rel}","templated":true}]}}