{"id":45488,"date":"2024-01-26T10:43:36","date_gmt":"2024-01-26T09:43:36","guid":{"rendered":"https:\/\/naturalpoland.com\/produkty\/uncategorized\/%ed%8a%b8%eb%a6%ac%eb%b7%b8%eb%9f%ac%ec%8a%a4-%ec%b6%94%ec%b6%9c%eb%ac%bc\/"},"modified":"2026-02-04T13:19:52","modified_gmt":"2026-02-04T12:19:52","slug":"%ed%8a%b8%eb%a6%ac%eb%b7%b8%eb%9f%ac%ec%8a%a4-%ec%b6%94%ec%b6%9c%eb%ac%bc","status":"publish","type":"product","link":"https:\/\/naturalpoland.com\/ko\/je-pum\/sig-mul-chu-chul-mul\/%ed%8a%b8%eb%a6%ac%eb%b7%b8%eb%9f%ac%ec%8a%a4-%ec%b6%94%ec%b6%9c%eb%ac%bc\/","title":{"rendered":"\ud2b8\ub9ac\ubdf8\ub7ec\uc2a4 \ucd94\ucd9c\ubb3c"},"content":{"rendered":"<p>\ud2b8\ub9ac\ubdf8\ub7ec\uc2a4 \ucd94\ucd9c\ubb3c\uc740 \uac08\uc0c9\uc744 \ub760\uba70 \ud2b9\uc720\uc758 \ud5a5\uacfc \ub9db\uc744 \uc9c0\ub2cc \ubbf8\uc138\ud558\uac8c \ubd84\uc1c4\ub41c \ubd84\ub9d0\uc785\ub2c8\ub2e4. \ubcf8 \uc81c\ud488\uc740 80\uba54\uc26c \uccb4\ub97c \ud1b5\ud55c 95% \uccb4 \ubd84\uc11d, \ucd5c\ub300 \ud68c\ubd84 \ud568\ub7c9 5%, \ucd5c\ub300 \uac74\uc870 \uac10\ub7c9 5%\ub97c \ud3ec\ud568\ud55c \ud488\uc9c8 \uae30\uc900\uc744 \ucda9\uc871\ud569\ub2c8\ub2e4. <\/p>\n<p>\ucd94\ucd9c\ubb3c\uc740 \uc2dd\ubb3c\uc758 \uc528\uc557\uc5d0\uc11c \uc5bb\uc73c\uba70, \uc5d0\ud0c4\uc62c\uacfc \ubb3c\uc744 \uc0ac\uc6a9\ud558\uc5ec \ucd94\ucd9c\ud569\ub2c8\ub2e4. \ubcf8 \uc81c\ud488\uc740 GMO\uac00 \uc5c6\uc73c\uba70, \uc0b4\ucda9\uc81c \uc794\ub958\ubb3c \ubc0f \uc911\uae08\uc18d\uc5d0 \ub300\ud55c \ubbf8\uad6d \uc57d\uc804(USP) \uae30\uc900\uc744 \ucda9\uc871\ud569\ub2c8\ub2e4. \ub610\ud55c S. aureus, E.coli, \uc0b4\ubaa8\ub12c\ub77c, Pseudomonas aeruginosa\ub97c \ud3ec\ud568\ud558\uc9c0 \uc54a\ub294 AOAC \ubbf8\uc0dd\ubb3c \uae30\uc900\uc744 \uc900\uc218\ud569\ub2c8\ub2e4.  <\/p>\n<h2>\ud2b9\uc131 \ubc0f \uc801\uc6a9:<\/h2>\n<p>\ud2b8\ub9ac\ubdf8\ub7ec\uc2a4 \ucd94\ucd9c\ubb3c\uc740 \uc7a0\uc7ac\uc801\uc778 \uac74\uac15 \ud6a8\ub2a5, \ud2b9\ud788 \ud638\ub974\ubaac \ubc0f \uc131 \uae30\ub2a5 \uc9c0\uc6d0\uacfc \uad00\ub828\ud558\uc5ec \ub192\uc774 \ud3c9\uac00\ub429\ub2c8\ub2e4. <strong>\uc131\uc695 \ubc0f \uc2e0\uccb4 \ub2a5\ub825 \uc9c0\uc6d0 \ubcf4\ucda9\uc81c<\/strong>\uc5d0 \uc790\uc8fc \uc0ac\uc6a9\ub429\ub2c8\ub2e4. \uc0ac\ud3ec\ub2cc \ud568\ub7c9 \ub355\ubd84\uc5d0 \ub0a8\uc131\uc758 \ud14c\uc2a4\ud1a0\uc2a4\ud14c\ub860 \uc218\uce58\ub97c \ub192\uc5ec \uc6b4\ub3d9 \ub2a5\ub825\uacfc \uadfc\ub825\uc744 \ud5a5\uc0c1\uc2dc\ud0a4\uace0 \uc131 \uac74\uac15\uc5d0\ub3c4 \uae0d\uc815\uc801\uc778 \uc601\ud5a5\uc744 \ubbf8\uce60 \uc218 \uc788\uc2b5\ub2c8\ub2e4.  <\/p>\n<p><strong>\uc2ec\ud608\uad00 \uc2dc\uc2a4\ud15c<\/strong>\uc744 \uc9c0\uc6d0\ud558\ub294 \uc81c\ud488\uc5d0\ub3c4 \uc0ac\uc6a9\ub418\uba70, <strong>\ube44\ub1e8\uae30 \uc2dc\uc2a4\ud15c<\/strong> \uae30\ub2a5\uc5d0\ub3c4 \ub3c4\uc6c0\uc774 \ub420 \uc218 \uc788\uc2b5\ub2c8\ub2e4. \ud56d\uc0b0\ud654 \ubc0f \uba74\uc5ed \uc2dc\uc2a4\ud15c \uc9c0\uc6d0 \ud2b9\uc131\uc73c\ub85c \uc778\ud574 \uac74\uac15 \ubcf4\uc870 \uc2dd\ud488 \ubc0f \uac74\uac15 \uc81c\ud488\uc758 \uc778\uae30 \uc788\ub294 \uc131\ubd84\uc785\ub2c8\ub2e4. <\/p>\n","protected":false},"excerpt":{"rendered":"<p>\ud559\uba85\uc73c\ub85c <strong>Tribulus Terrestris<\/strong>\ub85c \uc54c\ub824\uc9c4 <strong>\ud2b8\ub9ac\ubdf8\ub7ec\uc2a4 \ucd94\ucd9c\ubb3c<\/strong>\uc740 UV \ubd84\uc11d\ubc95\uc5d0 \ub530\ub77c \uc0ac\ud3ec\ub2cc \ud568\ub7c9\uc774 \ud45c\uc900\ud654\ub418\uc5b4 \uc788\uc2b5\ub2c8\ub2e4.<\/p>\n","protected":false},"featured_media":45489,"template":"","meta":{"_acf_changed":false},"product_brand":[],"product_cat":[8134],"product_tag":[],"class_list":{"0":"post-45488","1":"product","2":"type-product","3":"status-publish","4":"has-post-thumbnail","6":"product_cat-sig-mul-chu-chul-mul","7":"pa_certyfikaty-8218","8":"pa_certyfikaty-8219","9":"pa_czesc-rosliny-8177","10":"pa_skladnik-aktywny-10425","12":"first","13":"instock","14":"shipping-taxable","15":"product-type-simple"},"acf":[],"yoast_head":"<!-- This site is optimized with the Yoast SEO plugin v27.5 - https:\/\/yoast.com\/product\/yoast-seo-wordpress\/ -->\n<title>\ud2b8\ub9ac\ubdf8\ub7ec\uc2a4 \ucd94\ucd9c\ubb3c - \ub3c4\ub9e4 \uc720\ud1b5\uc5c5\uccb4<\/title>\n<meta name=\"description\" content=\"\ud2b8\ub9ac\ubdf8\ub7ec\uc2a4 \ucd94\ucd9c\ubb3c\uc740 \uc7a0\uc7ac\uc801\uc778 \uac74\uac15 \ud6a8\ub2a5, \ud2b9\ud788 \ud638\ub974\ubaac \uae30\ub2a5 \uc9c0\uc6d0\uacfc \uad00\ub828\ud558\uc5ec \ub192\uc774 \ud3c9\uac00\ub429\ub2c8\ub2e4.\" \/>\n<meta name=\"robots\" content=\"index, follow, max-snippet:-1, max-image-preview:large, max-video-preview:-1\" \/>\n<link rel=\"canonical\" href=\"https:\/\/naturalpoland.com\/ko\/je-pum\/sig-mul-chu-chul-mul\/%ed%8a%b8%eb%a6%ac%eb%b7%b8%eb%9f%ac%ec%8a%a4-%ec%b6%94%ec%b6%9c%eb%ac%bc\/\" \/>\n<meta property=\"og:locale\" content=\"ko_KR\" \/>\n<meta property=\"og:type\" content=\"article\" \/>\n<meta property=\"og:title\" content=\"\ud2b8\ub9ac\ubdf8\ub7ec\uc2a4 \ucd94\ucd9c\ubb3c - \ub3c4\ub9e4 \uc720\ud1b5\uc5c5\uccb4\" \/>\n<meta property=\"og:description\" content=\"\ud2b8\ub9ac\ubdf8\ub7ec\uc2a4 \ucd94\ucd9c\ubb3c\uc740 \uc7a0\uc7ac\uc801\uc778 \uac74\uac15 \ud6a8\ub2a5, \ud2b9\ud788 \ud638\ub974\ubaac \uae30\ub2a5 \uc9c0\uc6d0\uacfc \uad00\ub828\ud558\uc5ec \ub192\uc774 \ud3c9\uac00\ub429\ub2c8\ub2e4.\" \/>\n<meta property=\"og:url\" content=\"https:\/\/naturalpoland.com\/ko\/je-pum\/sig-mul-chu-chul-mul\/%ed%8a%b8%eb%a6%ac%eb%b7%b8%eb%9f%ac%ec%8a%a4-%ec%b6%94%ec%b6%9c%eb%ac%bc\/\" \/>\n<meta property=\"og:site_name\" content=\"NATURAL POLAND - Hurtowy Dystrybutor Surowc\u00f3w\" \/>\n<meta property=\"article:publisher\" content=\"https:\/\/www.facebook.com\/naturalpoland.b2b\" \/>\n<meta property=\"article:modified_time\" content=\"2026-02-04T12:19:52+00:00\" \/>\n<meta property=\"og:image\" content=\"https:\/\/naturalpoland.com\/wp-content\/uploads\/ekstrakt-z-buzdyganka-naziemnego.webp\" \/>\n\t<meta property=\"og:image:width\" content=\"614\" \/>\n\t<meta property=\"og:image:height\" content=\"614\" \/>\n\t<meta property=\"og:image:type\" content=\"image\/webp\" \/>\n<script type=\"application\/ld+json\" class=\"yoast-schema-graph\">{\"@context\":\"https:\\\/\\\/schema.org\",\"@graph\":[{\"@type\":\"WebPage\",\"@id\":\"https:\\\/\\\/naturalpoland.com\\\/ko\\\/je-pum\\\/sig-mul-chu-chul-mul\\\/%ed%8a%b8%eb%a6%ac%eb%b7%b8%eb%9f%ac%ec%8a%a4-%ec%b6%94%ec%b6%9c%eb%ac%bc\\\/\",\"url\":\"https:\\\/\\\/naturalpoland.com\\\/ko\\\/je-pum\\\/sig-mul-chu-chul-mul\\\/%ed%8a%b8%eb%a6%ac%eb%b7%b8%eb%9f%ac%ec%8a%a4-%ec%b6%94%ec%b6%9c%eb%ac%bc\\\/\",\"name\":\"\ud2b8\ub9ac\ubdf8\ub7ec\uc2a4 \ucd94\ucd9c\ubb3c - \ub3c4\ub9e4 \uc720\ud1b5\uc5c5\uccb4\",\"isPartOf\":{\"@id\":\"https:\\\/\\\/naturalpoland.com\\\/ko\\\/#website\"},\"primaryImageOfPage\":{\"@id\":\"https:\\\/\\\/naturalpoland.com\\\/ko\\\/je-pum\\\/sig-mul-chu-chul-mul\\\/%ed%8a%b8%eb%a6%ac%eb%b7%b8%eb%9f%ac%ec%8a%a4-%ec%b6%94%ec%b6%9c%eb%ac%bc\\\/#primaryimage\"},\"image\":{\"@id\":\"https:\\\/\\\/naturalpoland.com\\\/ko\\\/je-pum\\\/sig-mul-chu-chul-mul\\\/%ed%8a%b8%eb%a6%ac%eb%b7%b8%eb%9f%ac%ec%8a%a4-%ec%b6%94%ec%b6%9c%eb%ac%bc\\\/#primaryimage\"},\"thumbnailUrl\":\"https:\\\/\\\/naturalpoland.com\\\/wp-content\\\/uploads\\\/ekstrakt-z-buzdyganka-naziemnego.webp\",\"datePublished\":\"2024-01-26T09:43:36+00:00\",\"dateModified\":\"2026-02-04T12:19:52+00:00\",\"description\":\"\ud2b8\ub9ac\ubdf8\ub7ec\uc2a4 \ucd94\ucd9c\ubb3c\uc740 \uc7a0\uc7ac\uc801\uc778 \uac74\uac15 \ud6a8\ub2a5, \ud2b9\ud788 \ud638\ub974\ubaac \uae30\ub2a5 \uc9c0\uc6d0\uacfc \uad00\ub828\ud558\uc5ec \ub192\uc774 \ud3c9\uac00\ub429\ub2c8\ub2e4.\",\"breadcrumb\":{\"@id\":\"https:\\\/\\\/naturalpoland.com\\\/ko\\\/je-pum\\\/sig-mul-chu-chul-mul\\\/%ed%8a%b8%eb%a6%ac%eb%b7%b8%eb%9f%ac%ec%8a%a4-%ec%b6%94%ec%b6%9c%eb%ac%bc\\\/#breadcrumb\"},\"inLanguage\":\"ko-KR\",\"potentialAction\":[{\"@type\":\"ReadAction\",\"target\":[\"https:\\\/\\\/naturalpoland.com\\\/ko\\\/je-pum\\\/sig-mul-chu-chul-mul\\\/%ed%8a%b8%eb%a6%ac%eb%b7%b8%eb%9f%ac%ec%8a%a4-%ec%b6%94%ec%b6%9c%eb%ac%bc\\\/\"]}]},{\"@type\":\"ImageObject\",\"inLanguage\":\"ko-KR\",\"@id\":\"https:\\\/\\\/naturalpoland.com\\\/ko\\\/je-pum\\\/sig-mul-chu-chul-mul\\\/%ed%8a%b8%eb%a6%ac%eb%b7%b8%eb%9f%ac%ec%8a%a4-%ec%b6%94%ec%b6%9c%eb%ac%bc\\\/#primaryimage\",\"url\":\"https:\\\/\\\/naturalpoland.com\\\/wp-content\\\/uploads\\\/ekstrakt-z-buzdyganka-naziemnego.webp\",\"contentUrl\":\"https:\\\/\\\/naturalpoland.com\\\/wp-content\\\/uploads\\\/ekstrakt-z-buzdyganka-naziemnego.webp\",\"width\":614,\"height\":614,\"caption\":\"\ud2b8\ub9ac\ubdf8\ub7ec\uc2a4 \ucd94\ucd9c\ubb3c\"},{\"@type\":\"BreadcrumbList\",\"@id\":\"https:\\\/\\\/naturalpoland.com\\\/ko\\\/je-pum\\\/sig-mul-chu-chul-mul\\\/%ed%8a%b8%eb%a6%ac%eb%b7%b8%eb%9f%ac%ec%8a%a4-%ec%b6%94%ec%b6%9c%eb%ac%bc\\\/#breadcrumb\",\"itemListElement\":[{\"@type\":\"ListItem\",\"position\":1,\"name\":\"\ud648\",\"item\":\"https:\\\/\\\/naturalpoland.com\\\/ko\\\/\"},{\"@type\":\"ListItem\",\"position\":2,\"name\":\"\uc81c\ud488\",\"item\":\"https:\\\/\\\/naturalpoland.com\\\/ko\\\/%ec%a0%9c%ed%92%88\\\/\"},{\"@type\":\"ListItem\",\"position\":3,\"name\":\"\ud2b8\ub9ac\ubdf8\ub7ec\uc2a4 \ucd94\ucd9c\ubb3c\"}]},{\"@type\":\"WebSite\",\"@id\":\"https:\\\/\\\/naturalpoland.com\\\/ko\\\/#website\",\"url\":\"https:\\\/\\\/naturalpoland.com\\\/ko\\\/\",\"name\":\"NATURAL POLAND - Hurtowy Dystrybutor Surowc\u00f3w\",\"description\":\"Surowce dla przemys\u0142u spo\u017cywczego, kosmetycznego i farmaceutycznego\",\"publisher\":{\"@id\":\"https:\\\/\\\/naturalpoland.com\\\/ko\\\/#organization\"},\"potentialAction\":[{\"@type\":\"SearchAction\",\"target\":{\"@type\":\"EntryPoint\",\"urlTemplate\":\"https:\\\/\\\/naturalpoland.com\\\/ko\\\/?s={search_term_string}\"},\"query-input\":{\"@type\":\"PropertyValueSpecification\",\"valueRequired\":true,\"valueName\":\"search_term_string\"}}],\"inLanguage\":\"ko-KR\"},{\"@type\":\"Organization\",\"@id\":\"https:\\\/\\\/naturalpoland.com\\\/ko\\\/#organization\",\"name\":\"Natural Poland\",\"url\":\"https:\\\/\\\/naturalpoland.com\\\/ko\\\/\",\"logo\":{\"@type\":\"ImageObject\",\"inLanguage\":\"ko-KR\",\"@id\":\"https:\\\/\\\/naturalpoland.com\\\/ko\\\/#\\\/schema\\\/logo\\\/image\\\/\",\"url\":\"https:\\\/\\\/naturalpoland.com\\\/wp-content\\\/uploads\\\/2021\\\/05\\\/natural-poland-icon.png\",\"contentUrl\":\"https:\\\/\\\/naturalpoland.com\\\/wp-content\\\/uploads\\\/2021\\\/05\\\/natural-poland-icon.png\",\"width\":512,\"height\":512,\"caption\":\"Natural Poland\"},\"image\":{\"@id\":\"https:\\\/\\\/naturalpoland.com\\\/ko\\\/#\\\/schema\\\/logo\\\/image\\\/\"},\"sameAs\":[\"https:\\\/\\\/www.facebook.com\\\/naturalpoland.b2b\",\"https:\\\/\\\/pl.linkedin.com\\\/company\\\/natural-poland\",\"https:\\\/\\\/www.youtube.com\\\/channel\\\/UCgeGGkvOMahZo-xu_MSEWxg\"]}]}<\/script>\n<!-- \/ Yoast SEO plugin. -->","yoast_head_json":{"title":"\ud2b8\ub9ac\ubdf8\ub7ec\uc2a4 \ucd94\ucd9c\ubb3c - \ub3c4\ub9e4 \uc720\ud1b5\uc5c5\uccb4","description":"\ud2b8\ub9ac\ubdf8\ub7ec\uc2a4 \ucd94\ucd9c\ubb3c\uc740 \uc7a0\uc7ac\uc801\uc778 \uac74\uac15 \ud6a8\ub2a5, \ud2b9\ud788 \ud638\ub974\ubaac \uae30\ub2a5 \uc9c0\uc6d0\uacfc \uad00\ub828\ud558\uc5ec \ub192\uc774 \ud3c9\uac00\ub429\ub2c8\ub2e4.","robots":{"index":"index","follow":"follow","max-snippet":"max-snippet:-1","max-image-preview":"max-image-preview:large","max-video-preview":"max-video-preview:-1"},"canonical":"https:\/\/naturalpoland.com\/ko\/je-pum\/sig-mul-chu-chul-mul\/%ed%8a%b8%eb%a6%ac%eb%b7%b8%eb%9f%ac%ec%8a%a4-%ec%b6%94%ec%b6%9c%eb%ac%bc\/","og_locale":"ko_KR","og_type":"article","og_title":"\ud2b8\ub9ac\ubdf8\ub7ec\uc2a4 \ucd94\ucd9c\ubb3c - \ub3c4\ub9e4 \uc720\ud1b5\uc5c5\uccb4","og_description":"\ud2b8\ub9ac\ubdf8\ub7ec\uc2a4 \ucd94\ucd9c\ubb3c\uc740 \uc7a0\uc7ac\uc801\uc778 \uac74\uac15 \ud6a8\ub2a5, \ud2b9\ud788 \ud638\ub974\ubaac \uae30\ub2a5 \uc9c0\uc6d0\uacfc \uad00\ub828\ud558\uc5ec \ub192\uc774 \ud3c9\uac00\ub429\ub2c8\ub2e4.","og_url":"https:\/\/naturalpoland.com\/ko\/je-pum\/sig-mul-chu-chul-mul\/%ed%8a%b8%eb%a6%ac%eb%b7%b8%eb%9f%ac%ec%8a%a4-%ec%b6%94%ec%b6%9c%eb%ac%bc\/","og_site_name":"NATURAL POLAND - Hurtowy Dystrybutor Surowc\u00f3w","article_publisher":"https:\/\/www.facebook.com\/naturalpoland.b2b","article_modified_time":"2026-02-04T12:19:52+00:00","og_image":[{"width":614,"height":614,"url":"https:\/\/naturalpoland.com\/wp-content\/uploads\/ekstrakt-z-buzdyganka-naziemnego.webp","type":"image\/webp"}],"schema":{"@context":"https:\/\/schema.org","@graph":[{"@type":"WebPage","@id":"https:\/\/naturalpoland.com\/ko\/je-pum\/sig-mul-chu-chul-mul\/%ed%8a%b8%eb%a6%ac%eb%b7%b8%eb%9f%ac%ec%8a%a4-%ec%b6%94%ec%b6%9c%eb%ac%bc\/","url":"https:\/\/naturalpoland.com\/ko\/je-pum\/sig-mul-chu-chul-mul\/%ed%8a%b8%eb%a6%ac%eb%b7%b8%eb%9f%ac%ec%8a%a4-%ec%b6%94%ec%b6%9c%eb%ac%bc\/","name":"\ud2b8\ub9ac\ubdf8\ub7ec\uc2a4 \ucd94\ucd9c\ubb3c - \ub3c4\ub9e4 \uc720\ud1b5\uc5c5\uccb4","isPartOf":{"@id":"https:\/\/naturalpoland.com\/ko\/#website"},"primaryImageOfPage":{"@id":"https:\/\/naturalpoland.com\/ko\/je-pum\/sig-mul-chu-chul-mul\/%ed%8a%b8%eb%a6%ac%eb%b7%b8%eb%9f%ac%ec%8a%a4-%ec%b6%94%ec%b6%9c%eb%ac%bc\/#primaryimage"},"image":{"@id":"https:\/\/naturalpoland.com\/ko\/je-pum\/sig-mul-chu-chul-mul\/%ed%8a%b8%eb%a6%ac%eb%b7%b8%eb%9f%ac%ec%8a%a4-%ec%b6%94%ec%b6%9c%eb%ac%bc\/#primaryimage"},"thumbnailUrl":"https:\/\/naturalpoland.com\/wp-content\/uploads\/ekstrakt-z-buzdyganka-naziemnego.webp","datePublished":"2024-01-26T09:43:36+00:00","dateModified":"2026-02-04T12:19:52+00:00","description":"\ud2b8\ub9ac\ubdf8\ub7ec\uc2a4 \ucd94\ucd9c\ubb3c\uc740 \uc7a0\uc7ac\uc801\uc778 \uac74\uac15 \ud6a8\ub2a5, \ud2b9\ud788 \ud638\ub974\ubaac \uae30\ub2a5 \uc9c0\uc6d0\uacfc \uad00\ub828\ud558\uc5ec \ub192\uc774 \ud3c9\uac00\ub429\ub2c8\ub2e4.","breadcrumb":{"@id":"https:\/\/naturalpoland.com\/ko\/je-pum\/sig-mul-chu-chul-mul\/%ed%8a%b8%eb%a6%ac%eb%b7%b8%eb%9f%ac%ec%8a%a4-%ec%b6%94%ec%b6%9c%eb%ac%bc\/#breadcrumb"},"inLanguage":"ko-KR","potentialAction":[{"@type":"ReadAction","target":["https:\/\/naturalpoland.com\/ko\/je-pum\/sig-mul-chu-chul-mul\/%ed%8a%b8%eb%a6%ac%eb%b7%b8%eb%9f%ac%ec%8a%a4-%ec%b6%94%ec%b6%9c%eb%ac%bc\/"]}]},{"@type":"ImageObject","inLanguage":"ko-KR","@id":"https:\/\/naturalpoland.com\/ko\/je-pum\/sig-mul-chu-chul-mul\/%ed%8a%b8%eb%a6%ac%eb%b7%b8%eb%9f%ac%ec%8a%a4-%ec%b6%94%ec%b6%9c%eb%ac%bc\/#primaryimage","url":"https:\/\/naturalpoland.com\/wp-content\/uploads\/ekstrakt-z-buzdyganka-naziemnego.webp","contentUrl":"https:\/\/naturalpoland.com\/wp-content\/uploads\/ekstrakt-z-buzdyganka-naziemnego.webp","width":614,"height":614,"caption":"\ud2b8\ub9ac\ubdf8\ub7ec\uc2a4 \ucd94\ucd9c\ubb3c"},{"@type":"BreadcrumbList","@id":"https:\/\/naturalpoland.com\/ko\/je-pum\/sig-mul-chu-chul-mul\/%ed%8a%b8%eb%a6%ac%eb%b7%b8%eb%9f%ac%ec%8a%a4-%ec%b6%94%ec%b6%9c%eb%ac%bc\/#breadcrumb","itemListElement":[{"@type":"ListItem","position":1,"name":"\ud648","item":"https:\/\/naturalpoland.com\/ko\/"},{"@type":"ListItem","position":2,"name":"\uc81c\ud488","item":"https:\/\/naturalpoland.com\/ko\/%ec%a0%9c%ed%92%88\/"},{"@type":"ListItem","position":3,"name":"\ud2b8\ub9ac\ubdf8\ub7ec\uc2a4 \ucd94\ucd9c\ubb3c"}]},{"@type":"WebSite","@id":"https:\/\/naturalpoland.com\/ko\/#website","url":"https:\/\/naturalpoland.com\/ko\/","name":"NATURAL POLAND - Hurtowy Dystrybutor Surowc\u00f3w","description":"Surowce dla przemys\u0142u spo\u017cywczego, kosmetycznego i farmaceutycznego","publisher":{"@id":"https:\/\/naturalpoland.com\/ko\/#organization"},"potentialAction":[{"@type":"SearchAction","target":{"@type":"EntryPoint","urlTemplate":"https:\/\/naturalpoland.com\/ko\/?s={search_term_string}"},"query-input":{"@type":"PropertyValueSpecification","valueRequired":true,"valueName":"search_term_string"}}],"inLanguage":"ko-KR"},{"@type":"Organization","@id":"https:\/\/naturalpoland.com\/ko\/#organization","name":"Natural Poland","url":"https:\/\/naturalpoland.com\/ko\/","logo":{"@type":"ImageObject","inLanguage":"ko-KR","@id":"https:\/\/naturalpoland.com\/ko\/#\/schema\/logo\/image\/","url":"https:\/\/naturalpoland.com\/wp-content\/uploads\/2021\/05\/natural-poland-icon.png","contentUrl":"https:\/\/naturalpoland.com\/wp-content\/uploads\/2021\/05\/natural-poland-icon.png","width":512,"height":512,"caption":"Natural Poland"},"image":{"@id":"https:\/\/naturalpoland.com\/ko\/#\/schema\/logo\/image\/"},"sameAs":["https:\/\/www.facebook.com\/naturalpoland.b2b","https:\/\/pl.linkedin.com\/company\/natural-poland","https:\/\/www.youtube.com\/channel\/UCgeGGkvOMahZo-xu_MSEWxg"]}]}},"_links":{"self":[{"href":"https:\/\/naturalpoland.com\/ko\/wp-json\/wp\/v2\/product\/45488","targetHints":{"allow":["GET"]}}],"collection":[{"href":"https:\/\/naturalpoland.com\/ko\/wp-json\/wp\/v2\/product"}],"about":[{"href":"https:\/\/naturalpoland.com\/ko\/wp-json\/wp\/v2\/types\/product"}],"wp:featuredmedia":[{"embeddable":true,"href":"https:\/\/naturalpoland.com\/ko\/wp-json\/wp\/v2\/media\/45489"}],"wp:attachment":[{"href":"https:\/\/naturalpoland.com\/ko\/wp-json\/wp\/v2\/media?parent=45488"}],"wp:term":[{"taxonomy":"product_brand","embeddable":true,"href":"https:\/\/naturalpoland.com\/ko\/wp-json\/wp\/v2\/product_brand?post=45488"},{"taxonomy":"product_cat","embeddable":true,"href":"https:\/\/naturalpoland.com\/ko\/wp-json\/wp\/v2\/product_cat?post=45488"},{"taxonomy":"product_tag","embeddable":true,"href":"https:\/\/naturalpoland.com\/ko\/wp-json\/wp\/v2\/product_tag?post=45488"}],"curies":[{"name":"wp","href":"https:\/\/api.w.org\/{rel}","templated":true}]}}