{"id":45492,"date":"2024-01-26T11:36:50","date_gmt":"2024-01-26T10:36:50","guid":{"rendered":"https:\/\/naturalpoland.com\/produkty\/uncategorized\/%eb%ac%b4%ec%bf%a0%eb%82%98-%ed%94%84%eb%a3%a8%eb%a6%ac%ec%97%94%ec%8a%a4-%ec%b6%94%ec%b6%9c%eb%ac%bc\/"},"modified":"2026-02-04T13:20:25","modified_gmt":"2026-02-04T12:20:25","slug":"%eb%ac%b4%ec%bf%a0%eb%82%98-%ed%94%84%eb%a3%a8%eb%a6%ac%ec%97%94%ec%8a%a4-%ec%b6%94%ec%b6%9c%eb%ac%bc","status":"publish","type":"product","link":"https:\/\/naturalpoland.com\/ko\/je-pum\/sig-mul-chu-chul-mul\/%eb%ac%b4%ec%bf%a0%eb%82%98-%ed%94%84%eb%a3%a8%eb%a6%ac%ec%97%94%ec%8a%a4-%ec%b6%94%ec%b6%9c%eb%ac%bc\/","title":{"rendered":"\ubb34\ucfe0\ub098 \ud504\ub8e8\ub9ac\uc5d4\uc2a4 \ucd94\ucd9c\ubb3c"},"content":{"rendered":"<p>\ubb34\ucfe0\ub098 \ud504\ub8e8\ub9ac\uc5d4\uc2a4 \ucd94\ucd9c\ubb3c\uc740 \ub1cc \uac74\uac15 \uc9c0\uc6d0, \uae30\ubd84 \uac1c\uc120\ubd80\ud130 \uc0dd\uc2dd\uacc4 \uc9c0\uc6d0\uc5d0 \uc774\ub974\uae30\uae4c\uc9c0 \ub2e4\uc591\ud55c \uc6a9\ub3c4\ub85c \ud65c\uc6a9\ub429\ub2c8\ub2e4. \uc544\uc720\ub974\ubca0\ub2e4 \uc758\ud559\uc5d0\uc11c\ub294 \uc131\uc695 \ubc0f \uc0dd\uc2dd\ub825 \ud5a5\uc0c1\uacfc \uc804\ubc18\uc801\uc778 \uc2e0\uccb4 \uac15\ud654 \ud1a0\ub2c9\uc73c\ub85c \uc0ac\uc6a9\ub429\ub2c8\ub2e4. <\/p>\n<p>\ub1cc \uac74\uac15\uacfc \uad00\ub828\ud558\uc5ec \uc774 \ucd94\ucd9c\ubb3c\uc740 \ub3c4\ud30c\ubbfc \uc218\uce58\uc5d0 \uc601\ud5a5\uc744 \ubbf8\uccd0 \uc778\uc9c0 \uae30\ub2a5 \uac1c\uc120 \ubc0f \uc6b0\uc6b8\uc99d \uc99d\uc0c1 \uc644\ud654\uc5d0 \uae30\uc5ec\ud560 \uc218 \uc788\uc2b5\ub2c8\ub2e4. \uc790\uc5f0 \uc758\ud559\uc5d0\uc11c\ub294 \ud30c\ud0a8\uc2a8\ubcd1 \uce58\ub8cc\uc5d0\ub3c4 \uc0ac\uc6a9\ub418\uc9c0\ub9cc, \ucd94\uac00 \uc5f0\uad6c\uac00 \ud544\uc694\ud569\ub2c8\ub2e4. <\/p>\n<p>\uc774 \ubcf4\ucda9\uc81c\ub294 \uc2a4\ud2b8\ub808\uc2a4\uc640 \ud53c\ub85c\uc5d0 \ub300\ud55c \uc2e0\uccb4 \uc801\uc751\ub825\uc744 \ub3d5\ub294 \uc544\ub2f5\ud1a0\uac90 \ud2b9\uc131\uc73c\ub85c \ub192\uc774 \ud3c9\uac00\ub429\ub2c8\ub2e4. \ub610\ud55c \ud56d\uc0b0\ud654 \ud2b9\uc131\uc73c\ub85c \ud53c\ubd80 \ubc0f \ubaa8\ubc1c \uac74\uac15\uc5d0\ub3c4 \ub3c4\uc6c0\uc744 \uc904 \uc218 \uc788\uc2b5\ub2c8\ub2e4. <\/p>\n<p>\uc548\uc804\uc131 \uce21\uba74\uc5d0\uc11c \ubb34\ucfe0\ub098 \ud504\ub8e8\ub9ac\uc5d4\uc2a4 \ucd94\ucd9c\ubb3c\uc740 \uc77c\ubc18\uc801\uc73c\ub85c \uc548\uc804\ud558\ub2e4\uace0 \uc54c\ub824\uc838 \uc788\uc9c0\ub9cc, \ud2b9\ud788 \uc2ec\uc7a5 \uc9c8\ud658, \ub2f9\ub1e8\ubcd1 \ud658\uc790 \ub610\ub294 \uc784\uc0b0\ubd80\ub294 \uc2e0\uc911\ud558\uac8c \uc0ac\uc6a9\ud574\uc57c \ud569\ub2c8\ub2e4.<\/p>\n<p>\uc0ac\uc591\uc0c1, \uc774 \ucd94\ucd9c\ubb3c\uc740 \ud2b9\uc720\uc758 \ud5a5\uacfc \ub9db\uc744 \uc9c0\ub2cc \uc5f0\ud55c \uac08\uc0c9 \ubd84\ub9d0 \ud615\ud0dc\uc774\uba70, \uc911\uae08\uc18d \ubc0f \ubbf8\uc0dd\ubb3c \uac80\uc0ac\ub97c \ud3ec\ud568\ud55c \ubaa8\ub4e0 \ud488\uc9c8 \uae30\uc900\uc744 \ucda9\uc871\ud569\ub2c8\ub2e4. \uc6a9\ub9e4\ub85c \ubb3c\uc744 \uc0ac\uc6a9\ud558\uc5ec \uc0dd\uc0b0\ub418\uba70, GMO\ub97c \ud568\uc720\ud558\uc9c0 \uc54a\uc2b5\ub2c8\ub2e4. <\/p>\n","protected":false},"excerpt":{"rendered":"<p><strong>\ubb34\ucfe0\ub098 \ud504\ub8e8\ub9ac\uc5d4\uc2a4 \ucd94\ucd9c\ubb3c<\/strong>(<strong><em>Mucuna Pruriens<\/em><\/strong>)\uc740 \ubcf4\ucda9\uc81c \ubc0f \uc790\uc5f0 \uc758\ud559 \ubd84\uc57c\uc5d0\uc11c \uadc0\ud558\uac8c \uc5ec\uaca8\uc9c0\ub294 \uc131\ubd84\uc785\ub2c8\ub2e4. \uc2dd\ubb3c \uc528\uc557\uc5d0\uc11c \ucd94\ucd9c\ub418\uba70, \uc2e0\uacbd\uc804\ub2ec\ubb3c\uc9c8 \ub3c4\ud30c\ubbfc\uc758 \uc804\uad6c\uccb4\uc778 L-\ub3c4\ud30c\ub97c \ud3ec\ud568\ud55c \uc218\ub9ce\uc740 \ud65c\uc131 \uc131\ubd84\uc774 \ud48d\ubd80\ud569\ub2c8\ub2e4. <\/p>\n","protected":false},"featured_media":45493,"template":"","meta":{"_acf_changed":false},"product_brand":[],"product_cat":[8134],"product_tag":[],"class_list":{"0":"post-45492","1":"product","2":"type-product","3":"status-publish","4":"has-post-thumbnail","6":"product_cat-sig-mul-chu-chul-mul","7":"pa_certyfikaty-8218","8":"pa_certyfikaty-8219","9":"pa_czesc-rosliny-8177","11":"first","12":"instock","13":"shipping-taxable","14":"product-type-simple"},"acf":[],"yoast_head":"<!-- This site is optimized with the Yoast SEO plugin v27.5 - https:\/\/yoast.com\/product\/yoast-seo-wordpress\/ -->\n<title>\ubb34\ucfe0\ub098 \ud504\ub8e8\ub9ac\uc5d4\uc2a4 \ucd94\ucd9c\ubb3c - Hurtowy Dystrybutor<\/title>\n<meta name=\"description\" content=\"\ubb34\ucfe0\ub098 \ud504\ub8e8\ub9ac\uc5d4\uc2a4 \ucd94\ucd9c\ubb3c\uc740 \ubcf4\ucda9\uc81c \ubc0f \uc790\uc5f0 \uc758\ud559 \ubd84\uc57c\uc5d0\uc11c \uadc0\ud558\uac8c \uc5ec\uaca8\uc9c0\ub294 \uc131\ubd84\uc785\ub2c8\ub2e4.\" \/>\n<meta name=\"robots\" content=\"index, follow, max-snippet:-1, max-image-preview:large, max-video-preview:-1\" \/>\n<link rel=\"canonical\" href=\"https:\/\/naturalpoland.com\/ko\/je-pum\/sig-mul-chu-chul-mul\/%eb%ac%b4%ec%bf%a0%eb%82%98-%ed%94%84%eb%a3%a8%eb%a6%ac%ec%97%94%ec%8a%a4-%ec%b6%94%ec%b6%9c%eb%ac%bc\/\" \/>\n<meta property=\"og:locale\" content=\"ko_KR\" \/>\n<meta property=\"og:type\" content=\"article\" \/>\n<meta property=\"og:title\" content=\"\ubb34\ucfe0\ub098 \ud504\ub8e8\ub9ac\uc5d4\uc2a4 \ucd94\ucd9c\ubb3c - Hurtowy Dystrybutor\" \/>\n<meta property=\"og:description\" content=\"\ubb34\ucfe0\ub098 \ud504\ub8e8\ub9ac\uc5d4\uc2a4 \ucd94\ucd9c\ubb3c\uc740 \ubcf4\ucda9\uc81c \ubc0f \uc790\uc5f0 \uc758\ud559 \ubd84\uc57c\uc5d0\uc11c \uadc0\ud558\uac8c \uc5ec\uaca8\uc9c0\ub294 \uc131\ubd84\uc785\ub2c8\ub2e4.\" \/>\n<meta property=\"og:url\" content=\"https:\/\/naturalpoland.com\/ko\/je-pum\/sig-mul-chu-chul-mul\/%eb%ac%b4%ec%bf%a0%eb%82%98-%ed%94%84%eb%a3%a8%eb%a6%ac%ec%97%94%ec%8a%a4-%ec%b6%94%ec%b6%9c%eb%ac%bc\/\" \/>\n<meta property=\"og:site_name\" content=\"NATURAL POLAND - Hurtowy Dystrybutor Surowc\u00f3w\" \/>\n<meta property=\"article:publisher\" content=\"https:\/\/www.facebook.com\/naturalpoland.b2b\" \/>\n<meta property=\"article:modified_time\" content=\"2026-02-04T12:20:25+00:00\" \/>\n<meta property=\"og:image\" content=\"https:\/\/naturalpoland.com\/wp-content\/uploads\/mucuna_pruriens_extract.webp\" \/>\n\t<meta property=\"og:image:width\" content=\"614\" \/>\n\t<meta property=\"og:image:height\" content=\"614\" \/>\n\t<meta property=\"og:image:type\" content=\"image\/webp\" \/>\n<script type=\"application\/ld+json\" class=\"yoast-schema-graph\">{\"@context\":\"https:\\\/\\\/schema.org\",\"@graph\":[{\"@type\":\"WebPage\",\"@id\":\"https:\\\/\\\/naturalpoland.com\\\/ko\\\/je-pum\\\/sig-mul-chu-chul-mul\\\/%eb%ac%b4%ec%bf%a0%eb%82%98-%ed%94%84%eb%a3%a8%eb%a6%ac%ec%97%94%ec%8a%a4-%ec%b6%94%ec%b6%9c%eb%ac%bc\\\/\",\"url\":\"https:\\\/\\\/naturalpoland.com\\\/ko\\\/je-pum\\\/sig-mul-chu-chul-mul\\\/%eb%ac%b4%ec%bf%a0%eb%82%98-%ed%94%84%eb%a3%a8%eb%a6%ac%ec%97%94%ec%8a%a4-%ec%b6%94%ec%b6%9c%eb%ac%bc\\\/\",\"name\":\"\ubb34\ucfe0\ub098 \ud504\ub8e8\ub9ac\uc5d4\uc2a4 \ucd94\ucd9c\ubb3c - Hurtowy Dystrybutor\",\"isPartOf\":{\"@id\":\"https:\\\/\\\/naturalpoland.com\\\/ko\\\/#website\"},\"primaryImageOfPage\":{\"@id\":\"https:\\\/\\\/naturalpoland.com\\\/ko\\\/je-pum\\\/sig-mul-chu-chul-mul\\\/%eb%ac%b4%ec%bf%a0%eb%82%98-%ed%94%84%eb%a3%a8%eb%a6%ac%ec%97%94%ec%8a%a4-%ec%b6%94%ec%b6%9c%eb%ac%bc\\\/#primaryimage\"},\"image\":{\"@id\":\"https:\\\/\\\/naturalpoland.com\\\/ko\\\/je-pum\\\/sig-mul-chu-chul-mul\\\/%eb%ac%b4%ec%bf%a0%eb%82%98-%ed%94%84%eb%a3%a8%eb%a6%ac%ec%97%94%ec%8a%a4-%ec%b6%94%ec%b6%9c%eb%ac%bc\\\/#primaryimage\"},\"thumbnailUrl\":\"https:\\\/\\\/naturalpoland.com\\\/wp-content\\\/uploads\\\/mucuna_pruriens_extract.webp\",\"datePublished\":\"2024-01-26T10:36:50+00:00\",\"dateModified\":\"2026-02-04T12:20:25+00:00\",\"description\":\"\ubb34\ucfe0\ub098 \ud504\ub8e8\ub9ac\uc5d4\uc2a4 \ucd94\ucd9c\ubb3c\uc740 \ubcf4\ucda9\uc81c \ubc0f \uc790\uc5f0 \uc758\ud559 \ubd84\uc57c\uc5d0\uc11c \uadc0\ud558\uac8c \uc5ec\uaca8\uc9c0\ub294 \uc131\ubd84\uc785\ub2c8\ub2e4.\",\"breadcrumb\":{\"@id\":\"https:\\\/\\\/naturalpoland.com\\\/ko\\\/je-pum\\\/sig-mul-chu-chul-mul\\\/%eb%ac%b4%ec%bf%a0%eb%82%98-%ed%94%84%eb%a3%a8%eb%a6%ac%ec%97%94%ec%8a%a4-%ec%b6%94%ec%b6%9c%eb%ac%bc\\\/#breadcrumb\"},\"inLanguage\":\"ko-KR\",\"potentialAction\":[{\"@type\":\"ReadAction\",\"target\":[\"https:\\\/\\\/naturalpoland.com\\\/ko\\\/je-pum\\\/sig-mul-chu-chul-mul\\\/%eb%ac%b4%ec%bf%a0%eb%82%98-%ed%94%84%eb%a3%a8%eb%a6%ac%ec%97%94%ec%8a%a4-%ec%b6%94%ec%b6%9c%eb%ac%bc\\\/\"]}]},{\"@type\":\"ImageObject\",\"inLanguage\":\"ko-KR\",\"@id\":\"https:\\\/\\\/naturalpoland.com\\\/ko\\\/je-pum\\\/sig-mul-chu-chul-mul\\\/%eb%ac%b4%ec%bf%a0%eb%82%98-%ed%94%84%eb%a3%a8%eb%a6%ac%ec%97%94%ec%8a%a4-%ec%b6%94%ec%b6%9c%eb%ac%bc\\\/#primaryimage\",\"url\":\"https:\\\/\\\/naturalpoland.com\\\/wp-content\\\/uploads\\\/mucuna_pruriens_extract.webp\",\"contentUrl\":\"https:\\\/\\\/naturalpoland.com\\\/wp-content\\\/uploads\\\/mucuna_pruriens_extract.webp\",\"width\":614,\"height\":614,\"caption\":\"\ubb34\ucfe0\ub098 \ud504\ub8e8\ub9ac\uc5d4\uc2a4 \ucd94\ucd9c\ubb3c\"},{\"@type\":\"BreadcrumbList\",\"@id\":\"https:\\\/\\\/naturalpoland.com\\\/ko\\\/je-pum\\\/sig-mul-chu-chul-mul\\\/%eb%ac%b4%ec%bf%a0%eb%82%98-%ed%94%84%eb%a3%a8%eb%a6%ac%ec%97%94%ec%8a%a4-%ec%b6%94%ec%b6%9c%eb%ac%bc\\\/#breadcrumb\",\"itemListElement\":[{\"@type\":\"ListItem\",\"position\":1,\"name\":\"\ud648\",\"item\":\"https:\\\/\\\/naturalpoland.com\\\/ko\\\/\"},{\"@type\":\"ListItem\",\"position\":2,\"name\":\"\uc81c\ud488\",\"item\":\"https:\\\/\\\/naturalpoland.com\\\/ko\\\/%ec%a0%9c%ed%92%88\\\/\"},{\"@type\":\"ListItem\",\"position\":3,\"name\":\"\ubb34\ucfe0\ub098 \ud504\ub8e8\ub9ac\uc5d4\uc2a4 \ucd94\ucd9c\ubb3c\"}]},{\"@type\":\"WebSite\",\"@id\":\"https:\\\/\\\/naturalpoland.com\\\/ko\\\/#website\",\"url\":\"https:\\\/\\\/naturalpoland.com\\\/ko\\\/\",\"name\":\"NATURAL POLAND - Hurtowy Dystrybutor Surowc\u00f3w\",\"description\":\"Surowce dla przemys\u0142u spo\u017cywczego, kosmetycznego i farmaceutycznego\",\"publisher\":{\"@id\":\"https:\\\/\\\/naturalpoland.com\\\/ko\\\/#organization\"},\"potentialAction\":[{\"@type\":\"SearchAction\",\"target\":{\"@type\":\"EntryPoint\",\"urlTemplate\":\"https:\\\/\\\/naturalpoland.com\\\/ko\\\/?s={search_term_string}\"},\"query-input\":{\"@type\":\"PropertyValueSpecification\",\"valueRequired\":true,\"valueName\":\"search_term_string\"}}],\"inLanguage\":\"ko-KR\"},{\"@type\":\"Organization\",\"@id\":\"https:\\\/\\\/naturalpoland.com\\\/ko\\\/#organization\",\"name\":\"Natural Poland\",\"url\":\"https:\\\/\\\/naturalpoland.com\\\/ko\\\/\",\"logo\":{\"@type\":\"ImageObject\",\"inLanguage\":\"ko-KR\",\"@id\":\"https:\\\/\\\/naturalpoland.com\\\/ko\\\/#\\\/schema\\\/logo\\\/image\\\/\",\"url\":\"https:\\\/\\\/naturalpoland.com\\\/wp-content\\\/uploads\\\/2021\\\/05\\\/natural-poland-icon.png\",\"contentUrl\":\"https:\\\/\\\/naturalpoland.com\\\/wp-content\\\/uploads\\\/2021\\\/05\\\/natural-poland-icon.png\",\"width\":512,\"height\":512,\"caption\":\"Natural Poland\"},\"image\":{\"@id\":\"https:\\\/\\\/naturalpoland.com\\\/ko\\\/#\\\/schema\\\/logo\\\/image\\\/\"},\"sameAs\":[\"https:\\\/\\\/www.facebook.com\\\/naturalpoland.b2b\",\"https:\\\/\\\/pl.linkedin.com\\\/company\\\/natural-poland\",\"https:\\\/\\\/www.youtube.com\\\/channel\\\/UCgeGGkvOMahZo-xu_MSEWxg\"]}]}<\/script>\n<!-- \/ Yoast SEO plugin. -->","yoast_head_json":{"title":"\ubb34\ucfe0\ub098 \ud504\ub8e8\ub9ac\uc5d4\uc2a4 \ucd94\ucd9c\ubb3c - Hurtowy Dystrybutor","description":"\ubb34\ucfe0\ub098 \ud504\ub8e8\ub9ac\uc5d4\uc2a4 \ucd94\ucd9c\ubb3c\uc740 \ubcf4\ucda9\uc81c \ubc0f \uc790\uc5f0 \uc758\ud559 \ubd84\uc57c\uc5d0\uc11c \uadc0\ud558\uac8c \uc5ec\uaca8\uc9c0\ub294 \uc131\ubd84\uc785\ub2c8\ub2e4.","robots":{"index":"index","follow":"follow","max-snippet":"max-snippet:-1","max-image-preview":"max-image-preview:large","max-video-preview":"max-video-preview:-1"},"canonical":"https:\/\/naturalpoland.com\/ko\/je-pum\/sig-mul-chu-chul-mul\/%eb%ac%b4%ec%bf%a0%eb%82%98-%ed%94%84%eb%a3%a8%eb%a6%ac%ec%97%94%ec%8a%a4-%ec%b6%94%ec%b6%9c%eb%ac%bc\/","og_locale":"ko_KR","og_type":"article","og_title":"\ubb34\ucfe0\ub098 \ud504\ub8e8\ub9ac\uc5d4\uc2a4 \ucd94\ucd9c\ubb3c - Hurtowy Dystrybutor","og_description":"\ubb34\ucfe0\ub098 \ud504\ub8e8\ub9ac\uc5d4\uc2a4 \ucd94\ucd9c\ubb3c\uc740 \ubcf4\ucda9\uc81c \ubc0f \uc790\uc5f0 \uc758\ud559 \ubd84\uc57c\uc5d0\uc11c \uadc0\ud558\uac8c \uc5ec\uaca8\uc9c0\ub294 \uc131\ubd84\uc785\ub2c8\ub2e4.","og_url":"https:\/\/naturalpoland.com\/ko\/je-pum\/sig-mul-chu-chul-mul\/%eb%ac%b4%ec%bf%a0%eb%82%98-%ed%94%84%eb%a3%a8%eb%a6%ac%ec%97%94%ec%8a%a4-%ec%b6%94%ec%b6%9c%eb%ac%bc\/","og_site_name":"NATURAL POLAND - Hurtowy Dystrybutor Surowc\u00f3w","article_publisher":"https:\/\/www.facebook.com\/naturalpoland.b2b","article_modified_time":"2026-02-04T12:20:25+00:00","og_image":[{"width":614,"height":614,"url":"https:\/\/naturalpoland.com\/wp-content\/uploads\/mucuna_pruriens_extract.webp","type":"image\/webp"}],"schema":{"@context":"https:\/\/schema.org","@graph":[{"@type":"WebPage","@id":"https:\/\/naturalpoland.com\/ko\/je-pum\/sig-mul-chu-chul-mul\/%eb%ac%b4%ec%bf%a0%eb%82%98-%ed%94%84%eb%a3%a8%eb%a6%ac%ec%97%94%ec%8a%a4-%ec%b6%94%ec%b6%9c%eb%ac%bc\/","url":"https:\/\/naturalpoland.com\/ko\/je-pum\/sig-mul-chu-chul-mul\/%eb%ac%b4%ec%bf%a0%eb%82%98-%ed%94%84%eb%a3%a8%eb%a6%ac%ec%97%94%ec%8a%a4-%ec%b6%94%ec%b6%9c%eb%ac%bc\/","name":"\ubb34\ucfe0\ub098 \ud504\ub8e8\ub9ac\uc5d4\uc2a4 \ucd94\ucd9c\ubb3c - Hurtowy Dystrybutor","isPartOf":{"@id":"https:\/\/naturalpoland.com\/ko\/#website"},"primaryImageOfPage":{"@id":"https:\/\/naturalpoland.com\/ko\/je-pum\/sig-mul-chu-chul-mul\/%eb%ac%b4%ec%bf%a0%eb%82%98-%ed%94%84%eb%a3%a8%eb%a6%ac%ec%97%94%ec%8a%a4-%ec%b6%94%ec%b6%9c%eb%ac%bc\/#primaryimage"},"image":{"@id":"https:\/\/naturalpoland.com\/ko\/je-pum\/sig-mul-chu-chul-mul\/%eb%ac%b4%ec%bf%a0%eb%82%98-%ed%94%84%eb%a3%a8%eb%a6%ac%ec%97%94%ec%8a%a4-%ec%b6%94%ec%b6%9c%eb%ac%bc\/#primaryimage"},"thumbnailUrl":"https:\/\/naturalpoland.com\/wp-content\/uploads\/mucuna_pruriens_extract.webp","datePublished":"2024-01-26T10:36:50+00:00","dateModified":"2026-02-04T12:20:25+00:00","description":"\ubb34\ucfe0\ub098 \ud504\ub8e8\ub9ac\uc5d4\uc2a4 \ucd94\ucd9c\ubb3c\uc740 \ubcf4\ucda9\uc81c \ubc0f \uc790\uc5f0 \uc758\ud559 \ubd84\uc57c\uc5d0\uc11c \uadc0\ud558\uac8c \uc5ec\uaca8\uc9c0\ub294 \uc131\ubd84\uc785\ub2c8\ub2e4.","breadcrumb":{"@id":"https:\/\/naturalpoland.com\/ko\/je-pum\/sig-mul-chu-chul-mul\/%eb%ac%b4%ec%bf%a0%eb%82%98-%ed%94%84%eb%a3%a8%eb%a6%ac%ec%97%94%ec%8a%a4-%ec%b6%94%ec%b6%9c%eb%ac%bc\/#breadcrumb"},"inLanguage":"ko-KR","potentialAction":[{"@type":"ReadAction","target":["https:\/\/naturalpoland.com\/ko\/je-pum\/sig-mul-chu-chul-mul\/%eb%ac%b4%ec%bf%a0%eb%82%98-%ed%94%84%eb%a3%a8%eb%a6%ac%ec%97%94%ec%8a%a4-%ec%b6%94%ec%b6%9c%eb%ac%bc\/"]}]},{"@type":"ImageObject","inLanguage":"ko-KR","@id":"https:\/\/naturalpoland.com\/ko\/je-pum\/sig-mul-chu-chul-mul\/%eb%ac%b4%ec%bf%a0%eb%82%98-%ed%94%84%eb%a3%a8%eb%a6%ac%ec%97%94%ec%8a%a4-%ec%b6%94%ec%b6%9c%eb%ac%bc\/#primaryimage","url":"https:\/\/naturalpoland.com\/wp-content\/uploads\/mucuna_pruriens_extract.webp","contentUrl":"https:\/\/naturalpoland.com\/wp-content\/uploads\/mucuna_pruriens_extract.webp","width":614,"height":614,"caption":"\ubb34\ucfe0\ub098 \ud504\ub8e8\ub9ac\uc5d4\uc2a4 \ucd94\ucd9c\ubb3c"},{"@type":"BreadcrumbList","@id":"https:\/\/naturalpoland.com\/ko\/je-pum\/sig-mul-chu-chul-mul\/%eb%ac%b4%ec%bf%a0%eb%82%98-%ed%94%84%eb%a3%a8%eb%a6%ac%ec%97%94%ec%8a%a4-%ec%b6%94%ec%b6%9c%eb%ac%bc\/#breadcrumb","itemListElement":[{"@type":"ListItem","position":1,"name":"\ud648","item":"https:\/\/naturalpoland.com\/ko\/"},{"@type":"ListItem","position":2,"name":"\uc81c\ud488","item":"https:\/\/naturalpoland.com\/ko\/%ec%a0%9c%ed%92%88\/"},{"@type":"ListItem","position":3,"name":"\ubb34\ucfe0\ub098 \ud504\ub8e8\ub9ac\uc5d4\uc2a4 \ucd94\ucd9c\ubb3c"}]},{"@type":"WebSite","@id":"https:\/\/naturalpoland.com\/ko\/#website","url":"https:\/\/naturalpoland.com\/ko\/","name":"NATURAL POLAND - Hurtowy Dystrybutor Surowc\u00f3w","description":"Surowce dla przemys\u0142u spo\u017cywczego, kosmetycznego i farmaceutycznego","publisher":{"@id":"https:\/\/naturalpoland.com\/ko\/#organization"},"potentialAction":[{"@type":"SearchAction","target":{"@type":"EntryPoint","urlTemplate":"https:\/\/naturalpoland.com\/ko\/?s={search_term_string}"},"query-input":{"@type":"PropertyValueSpecification","valueRequired":true,"valueName":"search_term_string"}}],"inLanguage":"ko-KR"},{"@type":"Organization","@id":"https:\/\/naturalpoland.com\/ko\/#organization","name":"Natural Poland","url":"https:\/\/naturalpoland.com\/ko\/","logo":{"@type":"ImageObject","inLanguage":"ko-KR","@id":"https:\/\/naturalpoland.com\/ko\/#\/schema\/logo\/image\/","url":"https:\/\/naturalpoland.com\/wp-content\/uploads\/2021\/05\/natural-poland-icon.png","contentUrl":"https:\/\/naturalpoland.com\/wp-content\/uploads\/2021\/05\/natural-poland-icon.png","width":512,"height":512,"caption":"Natural Poland"},"image":{"@id":"https:\/\/naturalpoland.com\/ko\/#\/schema\/logo\/image\/"},"sameAs":["https:\/\/www.facebook.com\/naturalpoland.b2b","https:\/\/pl.linkedin.com\/company\/natural-poland","https:\/\/www.youtube.com\/channel\/UCgeGGkvOMahZo-xu_MSEWxg"]}]}},"_links":{"self":[{"href":"https:\/\/naturalpoland.com\/ko\/wp-json\/wp\/v2\/product\/45492","targetHints":{"allow":["GET"]}}],"collection":[{"href":"https:\/\/naturalpoland.com\/ko\/wp-json\/wp\/v2\/product"}],"about":[{"href":"https:\/\/naturalpoland.com\/ko\/wp-json\/wp\/v2\/types\/product"}],"wp:featuredmedia":[{"embeddable":true,"href":"https:\/\/naturalpoland.com\/ko\/wp-json\/wp\/v2\/media\/45493"}],"wp:attachment":[{"href":"https:\/\/naturalpoland.com\/ko\/wp-json\/wp\/v2\/media?parent=45492"}],"wp:term":[{"taxonomy":"product_brand","embeddable":true,"href":"https:\/\/naturalpoland.com\/ko\/wp-json\/wp\/v2\/product_brand?post=45492"},{"taxonomy":"product_cat","embeddable":true,"href":"https:\/\/naturalpoland.com\/ko\/wp-json\/wp\/v2\/product_cat?post=45492"},{"taxonomy":"product_tag","embeddable":true,"href":"https:\/\/naturalpoland.com\/ko\/wp-json\/wp\/v2\/product_tag?post=45492"}],"curies":[{"name":"wp","href":"https:\/\/api.w.org\/{rel}","templated":true}]}}