{"id":45498,"date":"2024-02-23T14:22:46","date_gmt":"2024-02-23T13:22:46","guid":{"rendered":"https:\/\/naturalpoland.com\/produkty\/uncategorized\/%ea%b0%95%eb%82%ad%ec%bd%a9-%ec%b6%94%ec%b6%9c%eb%ac%bc\/"},"modified":"2026-02-04T13:21:00","modified_gmt":"2026-02-04T12:21:00","slug":"%ea%b0%95%eb%82%ad%ec%bd%a9-%ec%b6%94%ec%b6%9c%eb%ac%bc","status":"publish","type":"product","link":"https:\/\/naturalpoland.com\/ko\/je-pum\/sig-mul-chu-chul-mul\/%ea%b0%95%eb%82%ad%ec%bd%a9-%ec%b6%94%ec%b6%9c%eb%ac%bc\/","title":{"rendered":"\uac15\ub0ad\ucf69 \ucd94\ucd9c\ubb3c"},"content":{"rendered":"<p>\uac15\ub0ad\ucf69\uc73c\ub85c \uc0dd\uc0b0\ub41c \uc774 \ucd94\ucd9c\ubb3c\uc740 \uac74\uac15\uc5d0 \uae0d\uc815\uc801\uc778 \uc601\ud5a5\uc744 \ubbf8\uce58\ub294 \uc601\uc591\uc18c\uac00 \ud48d\ubd80\ud569\ub2c8\ub2e4. \uc0dd\uc0b0\uc5d0 \uc0ac\uc6a9\ub41c \uc2dd\ubb3c \ubd80\ubd84\uc778 \uac15\ub0ad\ucf69\uc740 \uac74\uac15 \uc99d\uc9c4 \ud2b9\uc131\uc73c\ub85c \ub192\uc774 \ud3c9\uac00\ub418\ub294 \ub9ce\uc740 \uadc0\uc911\ud55c \ubb3c\uc9c8\uc758 \uc6d0\ucc9c\uc785\ub2c8\ub2e4. 5%-10% \ub9d0\ud1a0\ub371\uc2a4\ud2b8\ub9b0 \ucca8\uac00\ub85c \uc81c\ud488\uc740 \uc548\uc815\uc131\uacfc \uc801\uc808\ud55c \uc9c8\uac10\uc744 \uc720\uc9c0\ud558\uc5ec \ub2e4\uc591\ud55c \ubcf4\ucda9\uc81c \ud615\ud0dc\ub85c \uc27d\uac8c \uc0ac\uc6a9\ud560 \uc218 \uc788\uc2b5\ub2c8\ub2e4.  <\/p>\n<p>\uac15\ub0ad\ucf69 \ucd94\ucd9c\ubb3c\uc740 \uac74\uac15\ud55c \uc0dd\ud65c \ubc29\uc2dd\uc744 \ucd94\uad6c\ud558\ub294 \ubd84\ub4e4\uc758 \uc2dd\ub2e8\uc5d0 \ud6cc\ub96d\ud55c \ubcf4\ucda9\uc81c\uc785\ub2c8\ub2e4. \ucc9c\uc5f0 \ud2b9\uc131 \ub355\ubd84\uc5d0 \uac74\uac15\ud55c \uc2e0\uc9c4\ub300\uc0ac\ub97c \uc9c0\uc6d0\ud558\uace0 \uc801\uc808\ud55c \uccb4\uc911 \uc720\uc9c0\uc5d0 \uae30\uc5ec\ud560 \uc218 \uc788\uc2b5\ub2c8\ub2e4. \uafb8\uc900\ud788 \uc12d\ucde8\ud558\uba74 \ud608\ub2f9 \uc218\uce58 \uc548\uc815\ud654\uc5d0\ub3c4 \uc601\ud5a5\uc744 \ubbf8\uccd0 \uc2e0\uc9c4\ub300\uc0ac \ubb38\uc81c\ub85c \uc5b4\ub824\uc6c0\uc744 \uacaa\ub294 \ubd84\ub4e4\uc5d0\uac8c \uadc0\uc911\ud55c \uc2dd\ub2e8 \uc131\ubd84\uc774 \ub429\ub2c8\ub2e4.  <\/p>\n<p>\uc644\uc804\ud788 \ucc9c\uc5f0 \uc81c\ud488\uc778 \uac15\ub0ad\ucf69 \ucd94\ucd9c\ubb3c(Phaseolus Vulgaris)\uc740 \uc2e0\uccb4\uc5d0 \ud6a8\uacfc\uc801\uc774\uace0 \uc548\uc804\ud55c \uc9c0\uc6d0\uc744 \ucc3e\ub294 \ubaa8\ub4e0 \ubd84\ub4e4\uc5d0\uac8c \uc774\uc0c1\uc801\uc778 \uc120\ud0dd\uc785\ub2c8\ub2e4. \uc0ac\uc6a9\ud558\uae30 \uc27d\uace0 \ucf8c\uc801\ud558\uba70 \uc911\ub9bd\uc801\uc778 \ub9db \ub355\ubd84\uc5d0 \uc2dd\uc2b5\uad00\uc5d0 \ud070 \ubcc0\ud654 \uc5c6\uc774 \uc77c\uc0c1 \uc2dd\ub2e8\uc5d0 \uc27d\uac8c \ud1b5\ud569\ub420 \uc218 \uc788\ub294 \uc131\ubd84\uc785\ub2c8\ub2e4. <\/p>\n<p>\uacb0\ub860\uc801\uc73c\ub85c, \uac15\ub0ad\ucf69 \ucd94\ucd9c\ubb3c(Phaseolus Vulgaris)\uc740 \ucc9c\uc5f0 \uc131\ubd84\uc758 \ud6a8\ub2a5\uacfc \uc0ac\uc6a9 \ud3b8\uc758\uc131\uc744 \uacb0\ud569\ud55c \ucd5c\uace0 \ud488\uc9c8\uc758 \uc81c\ud488\uc785\ub2c8\ub2e4. \ub354 \ub098\uc740 \uac74\uac15\uacfc \uc6f0\ube59\uc744 \ucd94\uad6c\ud558\ub294 \ub370 \uc788\uc5b4 \uc790\uc5f0\uc801\uc778 \uc9c0\uc6d0\uc744 \ucc3e\ub294 \ubd84\ub4e4\uc5d0\uac8c \ud6cc\ub96d\ud55c \uc81c\uc548\uc785\ub2c8\ub2e4. <\/p>\n","protected":false},"excerpt":{"rendered":"<p>\uc2dd\ubb3c\ud559\uc801 \uba85\uce6d\uc778 <em>Phaseolus Vulgaris<\/em>\ub85c\ub3c4 \uc54c\ub824\uc9c4 \uac15\ub0ad\ucf69 \ucd94\ucd9c\ubb3c\uc740 \uc2e0\uccb4\uc5d0 \uadc0\uc911\ud55c \uc601\uc591\uc18c\ub97c \uacf5\uae09\ud558\uae30 \uc704\ud574 \uc2e0\uc911\ud558\uac8c \uc900\ube44\ub41c \uace0\ud488\uc9c8\uc758 \ucc9c\uc5f0 \uc81c\ud488\uc785\ub2c8\ub2e4.<\/p>\n","protected":false},"featured_media":45499,"template":"","meta":{"_acf_changed":false},"product_brand":[],"product_cat":[8134],"product_tag":[],"class_list":{"0":"post-45498","1":"product","2":"type-product","3":"status-publish","4":"has-post-thumbnail","6":"product_cat-sig-mul-chu-chul-mul","7":"pa_certyfikaty-8218","8":"pa_certyfikaty-8219","9":"pa_czesc-rosliny-8177","11":"first","12":"instock","13":"shipping-taxable","14":"product-type-simple"},"acf":[],"yoast_head":"<!-- This site is optimized with the Yoast SEO plugin v27.6 - https:\/\/yoast.com\/product\/yoast-seo-wordpress\/ -->\n<title>\uac15\ub0ad\ucf69 \ucd94\ucd9c\ubb3c - Hurtowy Dystrybutor<\/title>\n<meta name=\"description\" content=\"\uac15\ub0ad\ucf69 \ucd94\ucd9c\ubb3c(Phaseolus Vulgaris)\uc740 \ucc9c\uc5f0 \uc131\ubd84\uc758 \ud6a8\ub2a5\uacfc \uc0ac\uc6a9 \ud3b8\uc758\uc131\uc744 \uacb0\ud569\ud55c \ucd5c\uace0 \ud488\uc9c8\uc758 \uc81c\ud488\uc785\ub2c8\ub2e4.\" \/>\n<meta name=\"robots\" content=\"index, follow, max-snippet:-1, max-image-preview:large, max-video-preview:-1\" \/>\n<link rel=\"canonical\" href=\"https:\/\/naturalpoland.com\/ko\/je-pum\/sig-mul-chu-chul-mul\/%ea%b0%95%eb%82%ad%ec%bd%a9-%ec%b6%94%ec%b6%9c%eb%ac%bc\/\" \/>\n<meta property=\"og:locale\" content=\"ko_KR\" \/>\n<meta property=\"og:type\" content=\"article\" \/>\n<meta property=\"og:title\" content=\"\uac15\ub0ad\ucf69 \ucd94\ucd9c\ubb3c - Hurtowy Dystrybutor\" \/>\n<meta property=\"og:description\" content=\"\uac15\ub0ad\ucf69 \ucd94\ucd9c\ubb3c(Phaseolus Vulgaris)\uc740 \ucc9c\uc5f0 \uc131\ubd84\uc758 \ud6a8\ub2a5\uacfc \uc0ac\uc6a9 \ud3b8\uc758\uc131\uc744 \uacb0\ud569\ud55c \ucd5c\uace0 \ud488\uc9c8\uc758 \uc81c\ud488\uc785\ub2c8\ub2e4.\" \/>\n<meta property=\"og:url\" content=\"https:\/\/naturalpoland.com\/ko\/je-pum\/sig-mul-chu-chul-mul\/%ea%b0%95%eb%82%ad%ec%bd%a9-%ec%b6%94%ec%b6%9c%eb%ac%bc\/\" \/>\n<meta property=\"og:site_name\" content=\"NATURAL POLAND - Hurtowy Dystrybutor Surowc\u00f3w\" \/>\n<meta property=\"article:publisher\" content=\"https:\/\/www.facebook.com\/naturalpoland.b2b\" \/>\n<meta property=\"article:modified_time\" content=\"2026-02-04T12:21:00+00:00\" \/>\n<meta property=\"og:image\" content=\"https:\/\/naturalpoland.com\/wp-content\/uploads\/phaseolus_vulgaris_extract.webp\" \/>\n\t<meta property=\"og:image:width\" content=\"700\" \/>\n\t<meta property=\"og:image:height\" content=\"700\" \/>\n\t<meta property=\"og:image:type\" content=\"image\/webp\" \/>\n<script type=\"application\/ld+json\" class=\"yoast-schema-graph\">{\"@context\":\"https:\\\/\\\/schema.org\",\"@graph\":[{\"@type\":\"WebPage\",\"@id\":\"https:\\\/\\\/naturalpoland.com\\\/ko\\\/je-pum\\\/sig-mul-chu-chul-mul\\\/%ea%b0%95%eb%82%ad%ec%bd%a9-%ec%b6%94%ec%b6%9c%eb%ac%bc\\\/\",\"url\":\"https:\\\/\\\/naturalpoland.com\\\/ko\\\/je-pum\\\/sig-mul-chu-chul-mul\\\/%ea%b0%95%eb%82%ad%ec%bd%a9-%ec%b6%94%ec%b6%9c%eb%ac%bc\\\/\",\"name\":\"\uac15\ub0ad\ucf69 \ucd94\ucd9c\ubb3c - Hurtowy Dystrybutor\",\"isPartOf\":{\"@id\":\"https:\\\/\\\/naturalpoland.com\\\/ko\\\/#website\"},\"primaryImageOfPage\":{\"@id\":\"https:\\\/\\\/naturalpoland.com\\\/ko\\\/je-pum\\\/sig-mul-chu-chul-mul\\\/%ea%b0%95%eb%82%ad%ec%bd%a9-%ec%b6%94%ec%b6%9c%eb%ac%bc\\\/#primaryimage\"},\"image\":{\"@id\":\"https:\\\/\\\/naturalpoland.com\\\/ko\\\/je-pum\\\/sig-mul-chu-chul-mul\\\/%ea%b0%95%eb%82%ad%ec%bd%a9-%ec%b6%94%ec%b6%9c%eb%ac%bc\\\/#primaryimage\"},\"thumbnailUrl\":\"https:\\\/\\\/naturalpoland.com\\\/wp-content\\\/uploads\\\/phaseolus_vulgaris_extract.webp\",\"datePublished\":\"2024-02-23T13:22:46+00:00\",\"dateModified\":\"2026-02-04T12:21:00+00:00\",\"description\":\"\uac15\ub0ad\ucf69 \ucd94\ucd9c\ubb3c(Phaseolus Vulgaris)\uc740 \ucc9c\uc5f0 \uc131\ubd84\uc758 \ud6a8\ub2a5\uacfc \uc0ac\uc6a9 \ud3b8\uc758\uc131\uc744 \uacb0\ud569\ud55c \ucd5c\uace0 \ud488\uc9c8\uc758 \uc81c\ud488\uc785\ub2c8\ub2e4.\",\"breadcrumb\":{\"@id\":\"https:\\\/\\\/naturalpoland.com\\\/ko\\\/je-pum\\\/sig-mul-chu-chul-mul\\\/%ea%b0%95%eb%82%ad%ec%bd%a9-%ec%b6%94%ec%b6%9c%eb%ac%bc\\\/#breadcrumb\"},\"inLanguage\":\"ko-KR\",\"potentialAction\":[{\"@type\":\"ReadAction\",\"target\":[\"https:\\\/\\\/naturalpoland.com\\\/ko\\\/je-pum\\\/sig-mul-chu-chul-mul\\\/%ea%b0%95%eb%82%ad%ec%bd%a9-%ec%b6%94%ec%b6%9c%eb%ac%bc\\\/\"]}]},{\"@type\":\"ImageObject\",\"inLanguage\":\"ko-KR\",\"@id\":\"https:\\\/\\\/naturalpoland.com\\\/ko\\\/je-pum\\\/sig-mul-chu-chul-mul\\\/%ea%b0%95%eb%82%ad%ec%bd%a9-%ec%b6%94%ec%b6%9c%eb%ac%bc\\\/#primaryimage\",\"url\":\"https:\\\/\\\/naturalpoland.com\\\/wp-content\\\/uploads\\\/phaseolus_vulgaris_extract.webp\",\"contentUrl\":\"https:\\\/\\\/naturalpoland.com\\\/wp-content\\\/uploads\\\/phaseolus_vulgaris_extract.webp\",\"width\":700,\"height\":700,\"caption\":\"phaseolus vulgaris extract\"},{\"@type\":\"BreadcrumbList\",\"@id\":\"https:\\\/\\\/naturalpoland.com\\\/ko\\\/je-pum\\\/sig-mul-chu-chul-mul\\\/%ea%b0%95%eb%82%ad%ec%bd%a9-%ec%b6%94%ec%b6%9c%eb%ac%bc\\\/#breadcrumb\",\"itemListElement\":[{\"@type\":\"ListItem\",\"position\":1,\"name\":\"\ud648\",\"item\":\"https:\\\/\\\/naturalpoland.com\\\/ko\\\/\"},{\"@type\":\"ListItem\",\"position\":2,\"name\":\"\uc81c\ud488\",\"item\":\"https:\\\/\\\/naturalpoland.com\\\/ko\\\/%ec%a0%9c%ed%92%88\\\/\"},{\"@type\":\"ListItem\",\"position\":3,\"name\":\"\uac15\ub0ad\ucf69 \ucd94\ucd9c\ubb3c\"}]},{\"@type\":\"WebSite\",\"@id\":\"https:\\\/\\\/naturalpoland.com\\\/ko\\\/#website\",\"url\":\"https:\\\/\\\/naturalpoland.com\\\/ko\\\/\",\"name\":\"NATURAL POLAND - Hurtowy Dystrybutor Surowc\u00f3w\",\"description\":\"Surowce dla przemys\u0142u spo\u017cywczego, kosmetycznego i farmaceutycznego\",\"publisher\":{\"@id\":\"https:\\\/\\\/naturalpoland.com\\\/ko\\\/#organization\"},\"potentialAction\":[{\"@type\":\"SearchAction\",\"target\":{\"@type\":\"EntryPoint\",\"urlTemplate\":\"https:\\\/\\\/naturalpoland.com\\\/ko\\\/?s={search_term_string}\"},\"query-input\":{\"@type\":\"PropertyValueSpecification\",\"valueRequired\":true,\"valueName\":\"search_term_string\"}}],\"inLanguage\":\"ko-KR\"},{\"@type\":\"Organization\",\"@id\":\"https:\\\/\\\/naturalpoland.com\\\/ko\\\/#organization\",\"name\":\"Natural Poland\",\"url\":\"https:\\\/\\\/naturalpoland.com\\\/ko\\\/\",\"logo\":{\"@type\":\"ImageObject\",\"inLanguage\":\"ko-KR\",\"@id\":\"https:\\\/\\\/naturalpoland.com\\\/ko\\\/#\\\/schema\\\/logo\\\/image\\\/\",\"url\":\"https:\\\/\\\/naturalpoland.com\\\/wp-content\\\/uploads\\\/2021\\\/05\\\/natural-poland-icon.png\",\"contentUrl\":\"https:\\\/\\\/naturalpoland.com\\\/wp-content\\\/uploads\\\/2021\\\/05\\\/natural-poland-icon.png\",\"width\":512,\"height\":512,\"caption\":\"Natural Poland\"},\"image\":{\"@id\":\"https:\\\/\\\/naturalpoland.com\\\/ko\\\/#\\\/schema\\\/logo\\\/image\\\/\"},\"sameAs\":[\"https:\\\/\\\/www.facebook.com\\\/naturalpoland.b2b\",\"https:\\\/\\\/pl.linkedin.com\\\/company\\\/natural-poland\",\"https:\\\/\\\/www.youtube.com\\\/channel\\\/UCgeGGkvOMahZo-xu_MSEWxg\"]}]}<\/script>\n<!-- \/ Yoast SEO plugin. -->","yoast_head_json":{"title":"\uac15\ub0ad\ucf69 \ucd94\ucd9c\ubb3c - Hurtowy Dystrybutor","description":"\uac15\ub0ad\ucf69 \ucd94\ucd9c\ubb3c(Phaseolus Vulgaris)\uc740 \ucc9c\uc5f0 \uc131\ubd84\uc758 \ud6a8\ub2a5\uacfc \uc0ac\uc6a9 \ud3b8\uc758\uc131\uc744 \uacb0\ud569\ud55c \ucd5c\uace0 \ud488\uc9c8\uc758 \uc81c\ud488\uc785\ub2c8\ub2e4.","robots":{"index":"index","follow":"follow","max-snippet":"max-snippet:-1","max-image-preview":"max-image-preview:large","max-video-preview":"max-video-preview:-1"},"canonical":"https:\/\/naturalpoland.com\/ko\/je-pum\/sig-mul-chu-chul-mul\/%ea%b0%95%eb%82%ad%ec%bd%a9-%ec%b6%94%ec%b6%9c%eb%ac%bc\/","og_locale":"ko_KR","og_type":"article","og_title":"\uac15\ub0ad\ucf69 \ucd94\ucd9c\ubb3c - Hurtowy Dystrybutor","og_description":"\uac15\ub0ad\ucf69 \ucd94\ucd9c\ubb3c(Phaseolus Vulgaris)\uc740 \ucc9c\uc5f0 \uc131\ubd84\uc758 \ud6a8\ub2a5\uacfc \uc0ac\uc6a9 \ud3b8\uc758\uc131\uc744 \uacb0\ud569\ud55c \ucd5c\uace0 \ud488\uc9c8\uc758 \uc81c\ud488\uc785\ub2c8\ub2e4.","og_url":"https:\/\/naturalpoland.com\/ko\/je-pum\/sig-mul-chu-chul-mul\/%ea%b0%95%eb%82%ad%ec%bd%a9-%ec%b6%94%ec%b6%9c%eb%ac%bc\/","og_site_name":"NATURAL POLAND - Hurtowy Dystrybutor Surowc\u00f3w","article_publisher":"https:\/\/www.facebook.com\/naturalpoland.b2b","article_modified_time":"2026-02-04T12:21:00+00:00","og_image":[{"width":700,"height":700,"url":"https:\/\/naturalpoland.com\/wp-content\/uploads\/phaseolus_vulgaris_extract.webp","type":"image\/webp"}],"schema":{"@context":"https:\/\/schema.org","@graph":[{"@type":"WebPage","@id":"https:\/\/naturalpoland.com\/ko\/je-pum\/sig-mul-chu-chul-mul\/%ea%b0%95%eb%82%ad%ec%bd%a9-%ec%b6%94%ec%b6%9c%eb%ac%bc\/","url":"https:\/\/naturalpoland.com\/ko\/je-pum\/sig-mul-chu-chul-mul\/%ea%b0%95%eb%82%ad%ec%bd%a9-%ec%b6%94%ec%b6%9c%eb%ac%bc\/","name":"\uac15\ub0ad\ucf69 \ucd94\ucd9c\ubb3c - Hurtowy Dystrybutor","isPartOf":{"@id":"https:\/\/naturalpoland.com\/ko\/#website"},"primaryImageOfPage":{"@id":"https:\/\/naturalpoland.com\/ko\/je-pum\/sig-mul-chu-chul-mul\/%ea%b0%95%eb%82%ad%ec%bd%a9-%ec%b6%94%ec%b6%9c%eb%ac%bc\/#primaryimage"},"image":{"@id":"https:\/\/naturalpoland.com\/ko\/je-pum\/sig-mul-chu-chul-mul\/%ea%b0%95%eb%82%ad%ec%bd%a9-%ec%b6%94%ec%b6%9c%eb%ac%bc\/#primaryimage"},"thumbnailUrl":"https:\/\/naturalpoland.com\/wp-content\/uploads\/phaseolus_vulgaris_extract.webp","datePublished":"2024-02-23T13:22:46+00:00","dateModified":"2026-02-04T12:21:00+00:00","description":"\uac15\ub0ad\ucf69 \ucd94\ucd9c\ubb3c(Phaseolus Vulgaris)\uc740 \ucc9c\uc5f0 \uc131\ubd84\uc758 \ud6a8\ub2a5\uacfc \uc0ac\uc6a9 \ud3b8\uc758\uc131\uc744 \uacb0\ud569\ud55c \ucd5c\uace0 \ud488\uc9c8\uc758 \uc81c\ud488\uc785\ub2c8\ub2e4.","breadcrumb":{"@id":"https:\/\/naturalpoland.com\/ko\/je-pum\/sig-mul-chu-chul-mul\/%ea%b0%95%eb%82%ad%ec%bd%a9-%ec%b6%94%ec%b6%9c%eb%ac%bc\/#breadcrumb"},"inLanguage":"ko-KR","potentialAction":[{"@type":"ReadAction","target":["https:\/\/naturalpoland.com\/ko\/je-pum\/sig-mul-chu-chul-mul\/%ea%b0%95%eb%82%ad%ec%bd%a9-%ec%b6%94%ec%b6%9c%eb%ac%bc\/"]}]},{"@type":"ImageObject","inLanguage":"ko-KR","@id":"https:\/\/naturalpoland.com\/ko\/je-pum\/sig-mul-chu-chul-mul\/%ea%b0%95%eb%82%ad%ec%bd%a9-%ec%b6%94%ec%b6%9c%eb%ac%bc\/#primaryimage","url":"https:\/\/naturalpoland.com\/wp-content\/uploads\/phaseolus_vulgaris_extract.webp","contentUrl":"https:\/\/naturalpoland.com\/wp-content\/uploads\/phaseolus_vulgaris_extract.webp","width":700,"height":700,"caption":"phaseolus vulgaris extract"},{"@type":"BreadcrumbList","@id":"https:\/\/naturalpoland.com\/ko\/je-pum\/sig-mul-chu-chul-mul\/%ea%b0%95%eb%82%ad%ec%bd%a9-%ec%b6%94%ec%b6%9c%eb%ac%bc\/#breadcrumb","itemListElement":[{"@type":"ListItem","position":1,"name":"\ud648","item":"https:\/\/naturalpoland.com\/ko\/"},{"@type":"ListItem","position":2,"name":"\uc81c\ud488","item":"https:\/\/naturalpoland.com\/ko\/%ec%a0%9c%ed%92%88\/"},{"@type":"ListItem","position":3,"name":"\uac15\ub0ad\ucf69 \ucd94\ucd9c\ubb3c"}]},{"@type":"WebSite","@id":"https:\/\/naturalpoland.com\/ko\/#website","url":"https:\/\/naturalpoland.com\/ko\/","name":"NATURAL POLAND - Hurtowy Dystrybutor Surowc\u00f3w","description":"Surowce dla przemys\u0142u spo\u017cywczego, kosmetycznego i farmaceutycznego","publisher":{"@id":"https:\/\/naturalpoland.com\/ko\/#organization"},"potentialAction":[{"@type":"SearchAction","target":{"@type":"EntryPoint","urlTemplate":"https:\/\/naturalpoland.com\/ko\/?s={search_term_string}"},"query-input":{"@type":"PropertyValueSpecification","valueRequired":true,"valueName":"search_term_string"}}],"inLanguage":"ko-KR"},{"@type":"Organization","@id":"https:\/\/naturalpoland.com\/ko\/#organization","name":"Natural Poland","url":"https:\/\/naturalpoland.com\/ko\/","logo":{"@type":"ImageObject","inLanguage":"ko-KR","@id":"https:\/\/naturalpoland.com\/ko\/#\/schema\/logo\/image\/","url":"https:\/\/naturalpoland.com\/wp-content\/uploads\/2021\/05\/natural-poland-icon.png","contentUrl":"https:\/\/naturalpoland.com\/wp-content\/uploads\/2021\/05\/natural-poland-icon.png","width":512,"height":512,"caption":"Natural Poland"},"image":{"@id":"https:\/\/naturalpoland.com\/ko\/#\/schema\/logo\/image\/"},"sameAs":["https:\/\/www.facebook.com\/naturalpoland.b2b","https:\/\/pl.linkedin.com\/company\/natural-poland","https:\/\/www.youtube.com\/channel\/UCgeGGkvOMahZo-xu_MSEWxg"]}]}},"_links":{"self":[{"href":"https:\/\/naturalpoland.com\/ko\/wp-json\/wp\/v2\/product\/45498","targetHints":{"allow":["GET"]}}],"collection":[{"href":"https:\/\/naturalpoland.com\/ko\/wp-json\/wp\/v2\/product"}],"about":[{"href":"https:\/\/naturalpoland.com\/ko\/wp-json\/wp\/v2\/types\/product"}],"wp:featuredmedia":[{"embeddable":true,"href":"https:\/\/naturalpoland.com\/ko\/wp-json\/wp\/v2\/media\/45499"}],"wp:attachment":[{"href":"https:\/\/naturalpoland.com\/ko\/wp-json\/wp\/v2\/media?parent=45498"}],"wp:term":[{"taxonomy":"product_brand","embeddable":true,"href":"https:\/\/naturalpoland.com\/ko\/wp-json\/wp\/v2\/product_brand?post=45498"},{"taxonomy":"product_cat","embeddable":true,"href":"https:\/\/naturalpoland.com\/ko\/wp-json\/wp\/v2\/product_cat?post=45498"},{"taxonomy":"product_tag","embeddable":true,"href":"https:\/\/naturalpoland.com\/ko\/wp-json\/wp\/v2\/product_tag?post=45498"}],"curies":[{"name":"wp","href":"https:\/\/api.w.org\/{rel}","templated":true}]}}