{"id":45502,"date":"2024-04-10T12:40:15","date_gmt":"2024-04-10T10:40:15","guid":{"rendered":"https:\/\/naturalpoland.com\/produkty\/uncategorized\/%ec%98%a5%ec%88%98%ec%88%98-%ec%a0%84%eb%b6%84\/"},"modified":"2026-02-04T13:21:10","modified_gmt":"2026-02-04T12:21:10","slug":"%ec%98%a5%ec%88%98%ec%88%98-%ec%a0%84%eb%b6%84","status":"publish","type":"product","link":"https:\/\/naturalpoland.com\/ko\/je-pum\/sig-pum-won-ryo\/saeng-san-yong-won-ryo\/%ec%98%a5%ec%88%98%ec%88%98-%ec%a0%84%eb%b6%84\/","title":{"rendered":"\uc625\uc218\uc218 \uc804\ubd84"},"content":{"rendered":"<p><strong>\uc625\uc218\uc218 \uc804\ubd84\uc758 \ud2b9\uc131 \ubc0f \uc6a9\ub3c4<\/strong><\/p>\n<p>\uc625\uc218\uc218 \uc804\ubd84\uc740 \ud770\uc0c9\uc744 \ub760\uba70 \ud2b9\uc720\uc758 \uc740\uc740\ud55c \ub9db\uacfc \ud5a5\uc774 \ud2b9\uc9d5\uc785\ub2c8\ub2e4. \uac00\ubccd\uace0 \uace0\uc6b4 \uc785\uc790 \ub355\ubd84\uc5d0 \ubca0\uc774\ucee4\ub9ac \uc81c\ud488\ubd80\ud130 \ub514\uc800\ud2b8, \uc74c\ub8cc\uc5d0 \uc774\ub974\uae30\uae4c\uc9c0 \ub2e4\uc591\ud55c \uc81c\ud615\uc5d0 \uc27d\uac8c \ud63c\ud569\ub429\ub2c8\ub2e4. \uac00\uc5f4 \uc2dc \uc824\uc744 \ud615\uc131\ud558\ub294 \ub2a5\ub825\uc774 \uc788\uc5b4 \uc18c\uc2a4, \uc218\ud504, \ud30c\uc774 \uc18d \uc7ac\ub8cc \ub4f1\uc744 \uac78\ucb49\ud558\uac8c \ub9cc\ub4e4 \ub54c \uc0ac\uc6a9\ub418\uba70, \uc74c\uc2dd\uc5d0 \ud22c\uba85\ud558\uace0 \uc724\uae30 \uc788\ub294 \ub9c8\ubb34\ub9ac\ub97c \uc120\uc0ac\ud569\ub2c8\ub2e4.  <\/p>\n<p><strong><a href=\"https:\/\/naturalpoland.com\/ko\/ka-te-go-ri\/ui-yak-pum-won-ryo\/\">\uc81c\uc57d \uc0b0\uc5c5<\/a><\/strong>\uc5d0\uc11c\ub294 \uc815\uc81c \ubc0f \ucea1\uc290\uc758 \ubd80\ud615\uc81c\ub85c \uc0ac\uc6a9\ub418\uc5b4 \uc57d\ubb3c \uc804\ub2ec\uccb4 \uc5ed\ud560\uc744 \ud558\uba70, \uc57d\ubb3c\uc758 \uc6a9\ub7c9 \uc870\uc808 \ubc0f \ubc29\ucd9c\uc744 \uc6a9\uc774\ud558\uac8c \ud569\ub2c8\ub2e4.<\/p>\n<p>\ub610\ud55c, \uc218\ubd84 \uacb0\ud569 \ud2b9\uc131\uc73c\ub85c \uc778\ud574 <strong>\ud654\uc7a5\ud488 \uc0dd\uc0b0<\/strong>\uc5d0\uc11c \uc810\ub3c4 \uc870\uc808 \ubc0f \ud53c\ubd80\uc758 \uacfc\ub3c4\ud55c \ud53c\uc9c0\ub97c \ud761\uc218\ud558\ub294 \ucc9c\uc5f0 \ud761\uc218\uc81c\ub85c \uadc0\ud558\uac8c \uc0ac\uc6a9\ub429\ub2c8\ub2e4.<\/p>\n<p><strong>\uc548\uc804\uc131<\/strong><\/p>\n<p>\uc774 \uc81c\ud488\uc740 \uc548\uc804\uc131 \ud504\ub85c\ud544\ub3c4 \uc6b0\uc218\ud569\ub2c8\ub2e4. \uc625\uc218\uc218 \uc804\ubd84\uc740 GMO-free\uc774\uba70, \ubcf4\uc874\uc81c \uc5c6\uc774 \uc0dd\uc0b0\ub429\ub2c8\ub2e4. \ubb3c\ub9ac\ud654\ud559\uc801 \uac80\uc0ac\ub97c \ud1b5\ud574 \ub0ae\uc740 \uc218\ubd84, \ud68c\ubd84, \ub2e8\ubc31\uc9c8 \ud568\ub7c9\uc774 \ud655\uc778\ub418\uc5b4 \ub192\uc740 \uc21c\ub3c4\ub97c \uc790\ub791\ud569\ub2c8\ub2e4. \ub610\ud55c, \uc911\uae08\uc18d \ubc0f \uacf0\ud321\uc774 \ub3c5\uc18c \ud568\ub7c9\uc5d0 \ub300\ud55c \uc5c4\uaca9\ud55c \uae30\uc900\uc744 \ucda9\uc871\ud558\uc5ec \uc548\uc804\ud55c \uc0ac\uc6a9\uc744 \ubcf4\uc7a5\ud569\ub2c8\ub2e4.   <\/p>\n<hr>\n<h3>\uc601\uc591 \uc131\ubd84<\/h3>\n<table>\n<tbody>\n<tr>\n<td><b>\uc81c\ud488\uc758 \uc601\uc591\uac00<\/b><\/td>\n<td><b>100g\ub2f9<\/b><\/td>\n<\/tr>\n<tr>\n<td>\uc5d0\ub108\uc9c0<\/td>\n<td>1493 kJ \/ 351 kcal<\/td>\n<\/tr>\n<tr>\n<td>\uc9c0\ubc29<\/td>\n<td>0 g<\/td>\n<\/tr>\n<tr>\n<td>\ud3ec\ud654 \uc9c0\ubc29\uc0b0<\/td>\n<td>0 g<\/td>\n<\/tr>\n<tr>\n<td>\ud0c4\uc218\ud654\ubb3c<\/td>\n<td>86.8 g<\/td>\n<\/tr>\n<tr>\n<td>\ub2f9\ub958<\/td>\n<td>0.9 g<\/td>\n<\/tr>\n<tr>\n<td>\uc2dd\uc774\uc12c\uc720<\/td>\n<td>1.7 g<\/td>\n<\/tr>\n<tr>\n<td>\ub2e8\ubc31\uc9c8<\/td>\n<td>0.2 g<\/td>\n<\/tr>\n<tr>\n<td>\uc18c\uae08 *<\/td>\n<td>0.01 g<\/td>\n<\/tr>\n<\/tbody>\n<\/table>\n<p>*\uc18c\uae08 \ud568\ub7c9\uc740 \uc790\uc5f0\uc801\uc73c\ub85c \ubc1c\uc0dd\ud558\ub294 \ub098\ud2b8\ub968\uc73c\ub85c \uc778\ud55c \uac83\uc785\ub2c8\ub2e4.<\/p>\n","protected":false},"excerpt":{"rendered":"<p>\uc625\uc218\uc218 \uc804\ubd84\uc740 \uc2dd\ud488, \uc81c\uc57d, \ud654\uc7a5\ud488 \uc0b0\uc5c5\uc5d0\uc11c \ub110\ub9ac \uc778\uc815\ubc1b\ub294 \ub2e4\uc6a9\ub3c4 \uc131\ubd84\uc785\ub2c8\ub2e4. \uc625\uc218\uc218 \uc54c\uac31\uc774\uc5d0\uc11c \ucd94\ucd9c\ud55c \ucc9c\uc5f0 \uace0\ubd84\uc790\uc785\ub2c8\ub2e4. <\/p>\n","protected":false},"featured_media":45505,"template":"","meta":{"_acf_changed":false},"product_brand":[],"product_cat":[8175],"product_tag":[],"class_list":{"0":"post-45502","1":"product","2":"type-product","3":"status-publish","4":"has-post-thumbnail","6":"product_cat-saeng-san-yong-won-ryo","8":"first","9":"instock","10":"shipping-taxable","11":"product-type-simple"},"acf":[],"yoast_head":"<!-- This site is optimized with the Yoast SEO plugin v27.5 - https:\/\/yoast.com\/product\/yoast-seo-wordpress\/ -->\n<title>\uc625\uc218\uc218 \uc804\ubd84 - Hurtowy Dystrybutor<\/title>\n<meta name=\"description\" content=\"\uc625\uc218\uc218 \uc804\ubd84\uc740 \uadf8 \ud2b9\uc131 \ub355\ubd84\uc5d0 \uace0\ud488\uc9c8 \uc81c\ud488 \uc0dd\uc0b0\uc744 \ubaa9\ud45c\ub85c \ud558\ub294 \uc81c\uc870\uc5c5\uccb4\uc5d0\uac8c \ud544\uc218\uc801\uc778 \uc131\ubd84\uc785\ub2c8\ub2e4.\" \/>\n<meta name=\"robots\" content=\"index, follow, max-snippet:-1, max-image-preview:large, max-video-preview:-1\" \/>\n<link rel=\"canonical\" href=\"https:\/\/naturalpoland.com\/ko\/je-pum\/sig-pum-won-ryo\/saeng-san-yong-won-ryo\/%ec%98%a5%ec%88%98%ec%88%98-%ec%a0%84%eb%b6%84\/\" \/>\n<meta property=\"og:locale\" content=\"ko_KR\" \/>\n<meta property=\"og:type\" content=\"article\" \/>\n<meta property=\"og:title\" content=\"\uc625\uc218\uc218 \uc804\ubd84 - Hurtowy Dystrybutor\" \/>\n<meta property=\"og:description\" content=\"\uc625\uc218\uc218 \uc804\ubd84\uc740 \uadf8 \ud2b9\uc131 \ub355\ubd84\uc5d0 \uace0\ud488\uc9c8 \uc81c\ud488 \uc0dd\uc0b0\uc744 \ubaa9\ud45c\ub85c \ud558\ub294 \uc81c\uc870\uc5c5\uccb4\uc5d0\uac8c \ud544\uc218\uc801\uc778 \uc131\ubd84\uc785\ub2c8\ub2e4.\" \/>\n<meta property=\"og:url\" content=\"https:\/\/naturalpoland.com\/ko\/je-pum\/sig-pum-won-ryo\/saeng-san-yong-won-ryo\/%ec%98%a5%ec%88%98%ec%88%98-%ec%a0%84%eb%b6%84\/\" \/>\n<meta property=\"og:site_name\" content=\"NATURAL POLAND - Hurtowy Dystrybutor Surowc\u00f3w\" \/>\n<meta property=\"article:publisher\" content=\"https:\/\/www.facebook.com\/naturalpoland.b2b\" \/>\n<meta property=\"article:modified_time\" content=\"2026-02-04T12:21:10+00:00\" \/>\n<meta property=\"og:image\" content=\"https:\/\/naturalpoland.com\/wp-content\/uploads\/skrobia-kukurydziana-1.jpg\" \/>\n\t<meta property=\"og:image:width\" content=\"500\" \/>\n\t<meta property=\"og:image:height\" content=\"500\" \/>\n\t<meta property=\"og:image:type\" content=\"image\/jpeg\" \/>\n<script type=\"application\/ld+json\" class=\"yoast-schema-graph\">{\"@context\":\"https:\\\/\\\/schema.org\",\"@graph\":[{\"@type\":\"WebPage\",\"@id\":\"https:\\\/\\\/naturalpoland.com\\\/ko\\\/je-pum\\\/sig-pum-won-ryo\\\/saeng-san-yong-won-ryo\\\/%ec%98%a5%ec%88%98%ec%88%98-%ec%a0%84%eb%b6%84\\\/\",\"url\":\"https:\\\/\\\/naturalpoland.com\\\/ko\\\/je-pum\\\/sig-pum-won-ryo\\\/saeng-san-yong-won-ryo\\\/%ec%98%a5%ec%88%98%ec%88%98-%ec%a0%84%eb%b6%84\\\/\",\"name\":\"\uc625\uc218\uc218 \uc804\ubd84 - Hurtowy Dystrybutor\",\"isPartOf\":{\"@id\":\"https:\\\/\\\/naturalpoland.com\\\/ko\\\/#website\"},\"primaryImageOfPage\":{\"@id\":\"https:\\\/\\\/naturalpoland.com\\\/ko\\\/je-pum\\\/sig-pum-won-ryo\\\/saeng-san-yong-won-ryo\\\/%ec%98%a5%ec%88%98%ec%88%98-%ec%a0%84%eb%b6%84\\\/#primaryimage\"},\"image\":{\"@id\":\"https:\\\/\\\/naturalpoland.com\\\/ko\\\/je-pum\\\/sig-pum-won-ryo\\\/saeng-san-yong-won-ryo\\\/%ec%98%a5%ec%88%98%ec%88%98-%ec%a0%84%eb%b6%84\\\/#primaryimage\"},\"thumbnailUrl\":\"https:\\\/\\\/naturalpoland.com\\\/wp-content\\\/uploads\\\/skrobia-kukurydziana-1.jpg\",\"datePublished\":\"2024-04-10T10:40:15+00:00\",\"dateModified\":\"2026-02-04T12:21:10+00:00\",\"description\":\"\uc625\uc218\uc218 \uc804\ubd84\uc740 \uadf8 \ud2b9\uc131 \ub355\ubd84\uc5d0 \uace0\ud488\uc9c8 \uc81c\ud488 \uc0dd\uc0b0\uc744 \ubaa9\ud45c\ub85c \ud558\ub294 \uc81c\uc870\uc5c5\uccb4\uc5d0\uac8c \ud544\uc218\uc801\uc778 \uc131\ubd84\uc785\ub2c8\ub2e4.\",\"breadcrumb\":{\"@id\":\"https:\\\/\\\/naturalpoland.com\\\/ko\\\/je-pum\\\/sig-pum-won-ryo\\\/saeng-san-yong-won-ryo\\\/%ec%98%a5%ec%88%98%ec%88%98-%ec%a0%84%eb%b6%84\\\/#breadcrumb\"},\"inLanguage\":\"ko-KR\",\"potentialAction\":[{\"@type\":\"ReadAction\",\"target\":[\"https:\\\/\\\/naturalpoland.com\\\/ko\\\/je-pum\\\/sig-pum-won-ryo\\\/saeng-san-yong-won-ryo\\\/%ec%98%a5%ec%88%98%ec%88%98-%ec%a0%84%eb%b6%84\\\/\"]}]},{\"@type\":\"ImageObject\",\"inLanguage\":\"ko-KR\",\"@id\":\"https:\\\/\\\/naturalpoland.com\\\/ko\\\/je-pum\\\/sig-pum-won-ryo\\\/saeng-san-yong-won-ryo\\\/%ec%98%a5%ec%88%98%ec%88%98-%ec%a0%84%eb%b6%84\\\/#primaryimage\",\"url\":\"https:\\\/\\\/naturalpoland.com\\\/wp-content\\\/uploads\\\/skrobia-kukurydziana-1.jpg\",\"contentUrl\":\"https:\\\/\\\/naturalpoland.com\\\/wp-content\\\/uploads\\\/skrobia-kukurydziana-1.jpg\",\"width\":500,\"height\":500,\"caption\":\"\uc625\uc218\uc218 \uc804\ubd84\"},{\"@type\":\"BreadcrumbList\",\"@id\":\"https:\\\/\\\/naturalpoland.com\\\/ko\\\/je-pum\\\/sig-pum-won-ryo\\\/saeng-san-yong-won-ryo\\\/%ec%98%a5%ec%88%98%ec%88%98-%ec%a0%84%eb%b6%84\\\/#breadcrumb\",\"itemListElement\":[{\"@type\":\"ListItem\",\"position\":1,\"name\":\"\ud648\",\"item\":\"https:\\\/\\\/naturalpoland.com\\\/ko\\\/\"},{\"@type\":\"ListItem\",\"position\":2,\"name\":\"\uc81c\ud488\",\"item\":\"https:\\\/\\\/naturalpoland.com\\\/ko\\\/%ec%a0%9c%ed%92%88\\\/\"},{\"@type\":\"ListItem\",\"position\":3,\"name\":\"\uc625\uc218\uc218 \uc804\ubd84\"}]},{\"@type\":\"WebSite\",\"@id\":\"https:\\\/\\\/naturalpoland.com\\\/ko\\\/#website\",\"url\":\"https:\\\/\\\/naturalpoland.com\\\/ko\\\/\",\"name\":\"NATURAL POLAND - Hurtowy Dystrybutor Surowc\u00f3w\",\"description\":\"Surowce dla przemys\u0142u spo\u017cywczego, kosmetycznego i farmaceutycznego\",\"publisher\":{\"@id\":\"https:\\\/\\\/naturalpoland.com\\\/ko\\\/#organization\"},\"potentialAction\":[{\"@type\":\"SearchAction\",\"target\":{\"@type\":\"EntryPoint\",\"urlTemplate\":\"https:\\\/\\\/naturalpoland.com\\\/ko\\\/?s={search_term_string}\"},\"query-input\":{\"@type\":\"PropertyValueSpecification\",\"valueRequired\":true,\"valueName\":\"search_term_string\"}}],\"inLanguage\":\"ko-KR\"},{\"@type\":\"Organization\",\"@id\":\"https:\\\/\\\/naturalpoland.com\\\/ko\\\/#organization\",\"name\":\"Natural Poland\",\"url\":\"https:\\\/\\\/naturalpoland.com\\\/ko\\\/\",\"logo\":{\"@type\":\"ImageObject\",\"inLanguage\":\"ko-KR\",\"@id\":\"https:\\\/\\\/naturalpoland.com\\\/ko\\\/#\\\/schema\\\/logo\\\/image\\\/\",\"url\":\"https:\\\/\\\/naturalpoland.com\\\/wp-content\\\/uploads\\\/2021\\\/05\\\/natural-poland-icon.png\",\"contentUrl\":\"https:\\\/\\\/naturalpoland.com\\\/wp-content\\\/uploads\\\/2021\\\/05\\\/natural-poland-icon.png\",\"width\":512,\"height\":512,\"caption\":\"Natural Poland\"},\"image\":{\"@id\":\"https:\\\/\\\/naturalpoland.com\\\/ko\\\/#\\\/schema\\\/logo\\\/image\\\/\"},\"sameAs\":[\"https:\\\/\\\/www.facebook.com\\\/naturalpoland.b2b\",\"https:\\\/\\\/pl.linkedin.com\\\/company\\\/natural-poland\",\"https:\\\/\\\/www.youtube.com\\\/channel\\\/UCgeGGkvOMahZo-xu_MSEWxg\"]}]}<\/script>\n<!-- \/ Yoast SEO plugin. -->","yoast_head_json":{"title":"\uc625\uc218\uc218 \uc804\ubd84 - Hurtowy Dystrybutor","description":"\uc625\uc218\uc218 \uc804\ubd84\uc740 \uadf8 \ud2b9\uc131 \ub355\ubd84\uc5d0 \uace0\ud488\uc9c8 \uc81c\ud488 \uc0dd\uc0b0\uc744 \ubaa9\ud45c\ub85c \ud558\ub294 \uc81c\uc870\uc5c5\uccb4\uc5d0\uac8c \ud544\uc218\uc801\uc778 \uc131\ubd84\uc785\ub2c8\ub2e4.","robots":{"index":"index","follow":"follow","max-snippet":"max-snippet:-1","max-image-preview":"max-image-preview:large","max-video-preview":"max-video-preview:-1"},"canonical":"https:\/\/naturalpoland.com\/ko\/je-pum\/sig-pum-won-ryo\/saeng-san-yong-won-ryo\/%ec%98%a5%ec%88%98%ec%88%98-%ec%a0%84%eb%b6%84\/","og_locale":"ko_KR","og_type":"article","og_title":"\uc625\uc218\uc218 \uc804\ubd84 - Hurtowy Dystrybutor","og_description":"\uc625\uc218\uc218 \uc804\ubd84\uc740 \uadf8 \ud2b9\uc131 \ub355\ubd84\uc5d0 \uace0\ud488\uc9c8 \uc81c\ud488 \uc0dd\uc0b0\uc744 \ubaa9\ud45c\ub85c \ud558\ub294 \uc81c\uc870\uc5c5\uccb4\uc5d0\uac8c \ud544\uc218\uc801\uc778 \uc131\ubd84\uc785\ub2c8\ub2e4.","og_url":"https:\/\/naturalpoland.com\/ko\/je-pum\/sig-pum-won-ryo\/saeng-san-yong-won-ryo\/%ec%98%a5%ec%88%98%ec%88%98-%ec%a0%84%eb%b6%84\/","og_site_name":"NATURAL POLAND - Hurtowy Dystrybutor Surowc\u00f3w","article_publisher":"https:\/\/www.facebook.com\/naturalpoland.b2b","article_modified_time":"2026-02-04T12:21:10+00:00","og_image":[{"width":500,"height":500,"url":"https:\/\/naturalpoland.com\/wp-content\/uploads\/skrobia-kukurydziana-1.jpg","type":"image\/jpeg"}],"schema":{"@context":"https:\/\/schema.org","@graph":[{"@type":"WebPage","@id":"https:\/\/naturalpoland.com\/ko\/je-pum\/sig-pum-won-ryo\/saeng-san-yong-won-ryo\/%ec%98%a5%ec%88%98%ec%88%98-%ec%a0%84%eb%b6%84\/","url":"https:\/\/naturalpoland.com\/ko\/je-pum\/sig-pum-won-ryo\/saeng-san-yong-won-ryo\/%ec%98%a5%ec%88%98%ec%88%98-%ec%a0%84%eb%b6%84\/","name":"\uc625\uc218\uc218 \uc804\ubd84 - Hurtowy Dystrybutor","isPartOf":{"@id":"https:\/\/naturalpoland.com\/ko\/#website"},"primaryImageOfPage":{"@id":"https:\/\/naturalpoland.com\/ko\/je-pum\/sig-pum-won-ryo\/saeng-san-yong-won-ryo\/%ec%98%a5%ec%88%98%ec%88%98-%ec%a0%84%eb%b6%84\/#primaryimage"},"image":{"@id":"https:\/\/naturalpoland.com\/ko\/je-pum\/sig-pum-won-ryo\/saeng-san-yong-won-ryo\/%ec%98%a5%ec%88%98%ec%88%98-%ec%a0%84%eb%b6%84\/#primaryimage"},"thumbnailUrl":"https:\/\/naturalpoland.com\/wp-content\/uploads\/skrobia-kukurydziana-1.jpg","datePublished":"2024-04-10T10:40:15+00:00","dateModified":"2026-02-04T12:21:10+00:00","description":"\uc625\uc218\uc218 \uc804\ubd84\uc740 \uadf8 \ud2b9\uc131 \ub355\ubd84\uc5d0 \uace0\ud488\uc9c8 \uc81c\ud488 \uc0dd\uc0b0\uc744 \ubaa9\ud45c\ub85c \ud558\ub294 \uc81c\uc870\uc5c5\uccb4\uc5d0\uac8c \ud544\uc218\uc801\uc778 \uc131\ubd84\uc785\ub2c8\ub2e4.","breadcrumb":{"@id":"https:\/\/naturalpoland.com\/ko\/je-pum\/sig-pum-won-ryo\/saeng-san-yong-won-ryo\/%ec%98%a5%ec%88%98%ec%88%98-%ec%a0%84%eb%b6%84\/#breadcrumb"},"inLanguage":"ko-KR","potentialAction":[{"@type":"ReadAction","target":["https:\/\/naturalpoland.com\/ko\/je-pum\/sig-pum-won-ryo\/saeng-san-yong-won-ryo\/%ec%98%a5%ec%88%98%ec%88%98-%ec%a0%84%eb%b6%84\/"]}]},{"@type":"ImageObject","inLanguage":"ko-KR","@id":"https:\/\/naturalpoland.com\/ko\/je-pum\/sig-pum-won-ryo\/saeng-san-yong-won-ryo\/%ec%98%a5%ec%88%98%ec%88%98-%ec%a0%84%eb%b6%84\/#primaryimage","url":"https:\/\/naturalpoland.com\/wp-content\/uploads\/skrobia-kukurydziana-1.jpg","contentUrl":"https:\/\/naturalpoland.com\/wp-content\/uploads\/skrobia-kukurydziana-1.jpg","width":500,"height":500,"caption":"\uc625\uc218\uc218 \uc804\ubd84"},{"@type":"BreadcrumbList","@id":"https:\/\/naturalpoland.com\/ko\/je-pum\/sig-pum-won-ryo\/saeng-san-yong-won-ryo\/%ec%98%a5%ec%88%98%ec%88%98-%ec%a0%84%eb%b6%84\/#breadcrumb","itemListElement":[{"@type":"ListItem","position":1,"name":"\ud648","item":"https:\/\/naturalpoland.com\/ko\/"},{"@type":"ListItem","position":2,"name":"\uc81c\ud488","item":"https:\/\/naturalpoland.com\/ko\/%ec%a0%9c%ed%92%88\/"},{"@type":"ListItem","position":3,"name":"\uc625\uc218\uc218 \uc804\ubd84"}]},{"@type":"WebSite","@id":"https:\/\/naturalpoland.com\/ko\/#website","url":"https:\/\/naturalpoland.com\/ko\/","name":"NATURAL POLAND - Hurtowy Dystrybutor Surowc\u00f3w","description":"Surowce dla przemys\u0142u spo\u017cywczego, kosmetycznego i farmaceutycznego","publisher":{"@id":"https:\/\/naturalpoland.com\/ko\/#organization"},"potentialAction":[{"@type":"SearchAction","target":{"@type":"EntryPoint","urlTemplate":"https:\/\/naturalpoland.com\/ko\/?s={search_term_string}"},"query-input":{"@type":"PropertyValueSpecification","valueRequired":true,"valueName":"search_term_string"}}],"inLanguage":"ko-KR"},{"@type":"Organization","@id":"https:\/\/naturalpoland.com\/ko\/#organization","name":"Natural Poland","url":"https:\/\/naturalpoland.com\/ko\/","logo":{"@type":"ImageObject","inLanguage":"ko-KR","@id":"https:\/\/naturalpoland.com\/ko\/#\/schema\/logo\/image\/","url":"https:\/\/naturalpoland.com\/wp-content\/uploads\/2021\/05\/natural-poland-icon.png","contentUrl":"https:\/\/naturalpoland.com\/wp-content\/uploads\/2021\/05\/natural-poland-icon.png","width":512,"height":512,"caption":"Natural Poland"},"image":{"@id":"https:\/\/naturalpoland.com\/ko\/#\/schema\/logo\/image\/"},"sameAs":["https:\/\/www.facebook.com\/naturalpoland.b2b","https:\/\/pl.linkedin.com\/company\/natural-poland","https:\/\/www.youtube.com\/channel\/UCgeGGkvOMahZo-xu_MSEWxg"]}]}},"_links":{"self":[{"href":"https:\/\/naturalpoland.com\/ko\/wp-json\/wp\/v2\/product\/45502","targetHints":{"allow":["GET"]}}],"collection":[{"href":"https:\/\/naturalpoland.com\/ko\/wp-json\/wp\/v2\/product"}],"about":[{"href":"https:\/\/naturalpoland.com\/ko\/wp-json\/wp\/v2\/types\/product"}],"wp:featuredmedia":[{"embeddable":true,"href":"https:\/\/naturalpoland.com\/ko\/wp-json\/wp\/v2\/media\/45505"}],"wp:attachment":[{"href":"https:\/\/naturalpoland.com\/ko\/wp-json\/wp\/v2\/media?parent=45502"}],"wp:term":[{"taxonomy":"product_brand","embeddable":true,"href":"https:\/\/naturalpoland.com\/ko\/wp-json\/wp\/v2\/product_brand?post=45502"},{"taxonomy":"product_cat","embeddable":true,"href":"https:\/\/naturalpoland.com\/ko\/wp-json\/wp\/v2\/product_cat?post=45502"},{"taxonomy":"product_tag","embeddable":true,"href":"https:\/\/naturalpoland.com\/ko\/wp-json\/wp\/v2\/product_tag?post=45502"}],"curies":[{"name":"wp","href":"https:\/\/api.w.org\/{rel}","templated":true}]}}