{"id":45506,"date":"2024-01-25T14:50:31","date_gmt":"2024-01-25T13:50:31","guid":{"rendered":"https:\/\/naturalpoland.com\/produkty\/uncategorized\/%eb%a9%b4%ec%8b%a4%ec%9c%a0\/"},"modified":"2026-02-04T13:21:28","modified_gmt":"2026-02-04T12:21:28","slug":"%eb%a9%b4%ec%8b%a4%ec%9c%a0","status":"publish","type":"product","link":"https:\/\/naturalpoland.com\/ko\/je-pum\/hwa-jang-pum-won-ryo\/hwa-jang-pum-o-il\/%eb%a9%b4%ec%8b%a4%ec%9c%a0\/","title":{"rendered":"\uba74\uc2e4\uc720"},"content":{"rendered":"<p>\uba74\uc2e4\uc720\ub294 \uc605\uc740 \ub178\ub780\uc0c9\uc744 \ub760\uace0 \uac70\uc758 \uac10\uc9c0\ud560 \uc218 \uc5c6\ub294 \ud5a5\uc774 \ud2b9\uc9d5\uc774\uba70, \uc774\ub294 \ub2e4\uc591\ud55c \ud654\uc7a5\ud488 \ubc0f \uc758\uc57d\ud488\uc5d0 \ud0c1\uc6d4\ud55c \ucca8\uac00\uc81c\uac00 \ub429\ub2c8\ub2e4.<\/p>\n<h2><strong>\uc6a9\ub3c4 \ubc0f \ud2b9\uc131:<\/strong><\/h2>\n<ol>\n<li><strong>\ud654\uc7a5\ud488 \ubc0f \uc758\uc57d\ud488:<\/strong> \uba74\uc2e4\uc720\ub294 \ud53c\ubd80 \ubcf4\uc2b5 \ubc0f \uc5f0\ud654 \ud2b9\uc131\uc73c\ub85c \ub192\uc774 \ud3c9\uac00\ub429\ub2c8\ub2e4. \ub9ac\ub180\ub808\uc0b0\uacfc \uac19\uc740 \uace0\ud568\ub7c9\uc758 \uc9c0\ubc29\uc0b0 \ub355\ubd84\uc5d0 \uc774 \uc624\uc77c\uc740 \ud53c\ubd80 \ubc0f \ubaa8\ubc1c \uad00\ub9ac \uc81c\ud488\uacfc \uc758\uc57d\ud488 \uc81c\uc81c\uc5d0 \uc774\uc0c1\uc801\uc778 \uc131\ubd84\uc785\ub2c8\ub2e4. <\/li>\n<li><strong>\ud56d\uc0b0\ud654 \ud2b9\uc131:<\/strong> \uc774 \uc624\uc77c\uc740 \ud56d\uc0b0\ud654 \uc791\uc6a9\uc744 \ud558\uc5ec \uc720\ud574\ud55c \uc790\uc720 \ub77c\ub514\uce7c\uacfc \uc790\uc678\uc120\uacfc \uac19\uc740 \uc678\ubd80 \uc694\uc778\uc73c\ub85c\ubd80\ud130 \ud53c\ubd80\ub97c \ubcf4\ud638\ud569\ub2c8\ub2e4.<\/li>\n<li><strong>\ud53c\ubd80 \uc7a5\ubcbd \uc9c0\uc6d0:<\/strong> \ud654\uc7a5\ud488\uc5d0 \uc0ac\uc6a9\ud558\uba74 \ud53c\ubd80\uc758 \uc801\uc808\ud55c \uc218\ubd84 \uc9c0\uc9c8 \uc7a5\ubcbd\uc744 \uc720\uc9c0\ud558\uc5ec \uacfc\ub3c4\ud55c \uc218\ubd84 \uc190\uc2e4\uc744 \ubc29\uc9c0\ud558\ub294 \ub370 \ub3c4\uc6c0\uc774 \ub420 \uc218 \uc788\uc2b5\ub2c8\ub2e4.<\/li>\n<\/ol>\n<h2><strong>\uc548\uc804\uc131 \ubc0f \uc548\uc815\uc131:<\/strong><\/h2>\n<p>\uba74\uc2e4\uc720\ub294 \uc77c\ubc18\uc801\uc778 \ubcf4\uad00 \uc870\uac74(20\u00b0C \ubbf8\ub9cc)\uc5d0\uc11c \ud654\ud559\uc801 \ubc18\uc751\uc131\uc744 \ubcf4\uc774\uc9c0 \uc54a\ub294 \uc548\uc815\uc801\uc778 \uc81c\ud488\uc785\ub2c8\ub2e4. REACH \uaddc\uc815 2020\/878\uc5d0 \ub530\ub77c \uc704\ud5d8 \ubb3c\uc9c8\ub85c \ubd84\ub958\ub418\uc9c0 \uc54a\uc2b5\ub2c8\ub2e4. \uc0ac\uc6a9\ud558\uae30\uc5d0 \uc548\uc804\ud558\uba70 \ub3c5\uc131\uc774\ub098 \uc790\uadf9\uc131\uc774 \uc5c6\uc2b5\ub2c8\ub2e4.  <\/p>\n<h2><strong>\ubcf4\uad00 \ubc0f \uc0ac\uc6a9:<\/strong><\/h2>\n<p>\ucd5c\uc801\uc758 \uc81c\ud488 \ud488\uc9c8\uc744 \uc720\uc9c0\ud558\ub824\uba74 \ubc00\ud3d0 \uc6a9\uae30\uc5d0 \ub2f4\uc544 \uac74\uc870\ud558\uace0 \uc11c\ub298\ud55c \uacf3\uc5d0 \uc5f4\uc6d0\uacfc \ube5b\uc744 \ud53c\ud574 \ubcf4\uad00\ud574\uc57c \ud569\ub2c8\ub2e4. \uba74\uc2e4\uc720\ub294 \uc7a5\uae30\uac04 \ubcf4\uc2b5 \ubc0f \ud53c\ubd80 \ubcf4\ud638\uac00 \ud544\uc694\ud55c \uc81c\ud488\uc5d0 \uc0ac\uc6a9\ud558\uae30\uc5d0 \uc774\uc0c1\uc801\uc785\ub2c8\ub2e4. <\/p>\n","protected":false},"excerpt":{"rendered":"<p><strong>\uba74\uc2e4\uc720 (<em>Gossypium Herbaceum Seed Oil<\/em>)<\/strong>\ub294 <strong>\ucf54\ud2bc \uc624\uc77c<\/strong>\ub85c\ub3c4 \uc54c\ub824\uc838 \uc788\uc73c\uba70, Gossypium Herbaceum \uc2dd\ubb3c\uc758 \uc528\uc557\uc5d0\uc11c \uc5bb\ub294 \uadc0\uc911\ud55c \uc6d0\ub8cc\uc785\ub2c8\ub2e4.<\/p>\n","protected":false},"featured_media":45507,"template":"","meta":{"_acf_changed":false},"product_brand":[],"product_cat":[8154],"product_tag":[],"class_list":{"0":"post-45506","1":"product","2":"type-product","3":"status-publish","4":"has-post-thumbnail","6":"product_cat-hwa-jang-pum-o-il","8":"first","9":"instock","10":"shipping-taxable","11":"product-type-simple"},"acf":[],"yoast_head":"<!-- This site is optimized with the Yoast SEO plugin v27.6 - https:\/\/yoast.com\/product\/yoast-seo-wordpress\/ -->\n<title>\uba74\uc2e4\uc720 - Hurtowy Dystrybutor<\/title>\n<meta name=\"description\" content=\"\uba74\uc2e4\uc720\ub294 \uc605\uc740 \ub178\ub780\uc0c9\uc744 \ub760\uace0 \uac70\uc758 \uac10\uc9c0\ud560 \uc218 \uc5c6\ub294 \ud5a5\uc774 \ud2b9\uc9d5\uc774\uba70, \uc774\ub294 \ud654\uc7a5\ud488\uc5d0 \ud0c1\uc6d4\ud55c \ucca8\uac00\uc81c\uac00 \ub429\ub2c8\ub2e4.\" \/>\n<meta name=\"robots\" content=\"index, follow, max-snippet:-1, max-image-preview:large, max-video-preview:-1\" \/>\n<link rel=\"canonical\" href=\"https:\/\/naturalpoland.com\/ko\/je-pum\/hwa-jang-pum-won-ryo\/hwa-jang-pum-o-il\/%eb%a9%b4%ec%8b%a4%ec%9c%a0\/\" \/>\n<meta property=\"og:locale\" content=\"ko_KR\" \/>\n<meta property=\"og:type\" content=\"article\" \/>\n<meta property=\"og:title\" content=\"\uba74\uc2e4\uc720 - Hurtowy Dystrybutor\" \/>\n<meta property=\"og:description\" content=\"\uba74\uc2e4\uc720\ub294 \uc605\uc740 \ub178\ub780\uc0c9\uc744 \ub760\uace0 \uac70\uc758 \uac10\uc9c0\ud560 \uc218 \uc5c6\ub294 \ud5a5\uc774 \ud2b9\uc9d5\uc774\uba70, \uc774\ub294 \ud654\uc7a5\ud488\uc5d0 \ud0c1\uc6d4\ud55c \ucca8\uac00\uc81c\uac00 \ub429\ub2c8\ub2e4.\" \/>\n<meta property=\"og:url\" content=\"https:\/\/naturalpoland.com\/ko\/je-pum\/hwa-jang-pum-won-ryo\/hwa-jang-pum-o-il\/%eb%a9%b4%ec%8b%a4%ec%9c%a0\/\" \/>\n<meta property=\"og:site_name\" content=\"NATURAL POLAND - Hurtowy Dystrybutor Surowc\u00f3w\" \/>\n<meta property=\"article:publisher\" content=\"https:\/\/www.facebook.com\/naturalpoland.b2b\" \/>\n<meta property=\"article:modified_time\" content=\"2026-02-04T12:21:28+00:00\" \/>\n<meta property=\"og:image\" content=\"https:\/\/naturalpoland.com\/wp-content\/uploads\/olej-bawelniany.webp\" \/>\n\t<meta property=\"og:image:width\" content=\"614\" \/>\n\t<meta property=\"og:image:height\" content=\"614\" \/>\n\t<meta property=\"og:image:type\" content=\"image\/webp\" \/>\n<script type=\"application\/ld+json\" class=\"yoast-schema-graph\">{\"@context\":\"https:\\\/\\\/schema.org\",\"@graph\":[{\"@type\":\"WebPage\",\"@id\":\"https:\\\/\\\/naturalpoland.com\\\/ko\\\/je-pum\\\/hwa-jang-pum-won-ryo\\\/hwa-jang-pum-o-il\\\/%eb%a9%b4%ec%8b%a4%ec%9c%a0\\\/\",\"url\":\"https:\\\/\\\/naturalpoland.com\\\/ko\\\/je-pum\\\/hwa-jang-pum-won-ryo\\\/hwa-jang-pum-o-il\\\/%eb%a9%b4%ec%8b%a4%ec%9c%a0\\\/\",\"name\":\"\uba74\uc2e4\uc720 - Hurtowy Dystrybutor\",\"isPartOf\":{\"@id\":\"https:\\\/\\\/naturalpoland.com\\\/ko\\\/#website\"},\"primaryImageOfPage\":{\"@id\":\"https:\\\/\\\/naturalpoland.com\\\/ko\\\/je-pum\\\/hwa-jang-pum-won-ryo\\\/hwa-jang-pum-o-il\\\/%eb%a9%b4%ec%8b%a4%ec%9c%a0\\\/#primaryimage\"},\"image\":{\"@id\":\"https:\\\/\\\/naturalpoland.com\\\/ko\\\/je-pum\\\/hwa-jang-pum-won-ryo\\\/hwa-jang-pum-o-il\\\/%eb%a9%b4%ec%8b%a4%ec%9c%a0\\\/#primaryimage\"},\"thumbnailUrl\":\"https:\\\/\\\/naturalpoland.com\\\/wp-content\\\/uploads\\\/olej-bawelniany.webp\",\"datePublished\":\"2024-01-25T13:50:31+00:00\",\"dateModified\":\"2026-02-04T12:21:28+00:00\",\"description\":\"\uba74\uc2e4\uc720\ub294 \uc605\uc740 \ub178\ub780\uc0c9\uc744 \ub760\uace0 \uac70\uc758 \uac10\uc9c0\ud560 \uc218 \uc5c6\ub294 \ud5a5\uc774 \ud2b9\uc9d5\uc774\uba70, \uc774\ub294 \ud654\uc7a5\ud488\uc5d0 \ud0c1\uc6d4\ud55c \ucca8\uac00\uc81c\uac00 \ub429\ub2c8\ub2e4.\",\"breadcrumb\":{\"@id\":\"https:\\\/\\\/naturalpoland.com\\\/ko\\\/je-pum\\\/hwa-jang-pum-won-ryo\\\/hwa-jang-pum-o-il\\\/%eb%a9%b4%ec%8b%a4%ec%9c%a0\\\/#breadcrumb\"},\"inLanguage\":\"ko-KR\",\"potentialAction\":[{\"@type\":\"ReadAction\",\"target\":[\"https:\\\/\\\/naturalpoland.com\\\/ko\\\/je-pum\\\/hwa-jang-pum-won-ryo\\\/hwa-jang-pum-o-il\\\/%eb%a9%b4%ec%8b%a4%ec%9c%a0\\\/\"]}]},{\"@type\":\"ImageObject\",\"inLanguage\":\"ko-KR\",\"@id\":\"https:\\\/\\\/naturalpoland.com\\\/ko\\\/je-pum\\\/hwa-jang-pum-won-ryo\\\/hwa-jang-pum-o-il\\\/%eb%a9%b4%ec%8b%a4%ec%9c%a0\\\/#primaryimage\",\"url\":\"https:\\\/\\\/naturalpoland.com\\\/wp-content\\\/uploads\\\/olej-bawelniany.webp\",\"contentUrl\":\"https:\\\/\\\/naturalpoland.com\\\/wp-content\\\/uploads\\\/olej-bawelniany.webp\",\"width\":614,\"height\":614,\"caption\":\"\uba74\uc2e4\uc720\"},{\"@type\":\"BreadcrumbList\",\"@id\":\"https:\\\/\\\/naturalpoland.com\\\/ko\\\/je-pum\\\/hwa-jang-pum-won-ryo\\\/hwa-jang-pum-o-il\\\/%eb%a9%b4%ec%8b%a4%ec%9c%a0\\\/#breadcrumb\",\"itemListElement\":[{\"@type\":\"ListItem\",\"position\":1,\"name\":\"\ud648\",\"item\":\"https:\\\/\\\/naturalpoland.com\\\/ko\\\/\"},{\"@type\":\"ListItem\",\"position\":2,\"name\":\"\uc81c\ud488\",\"item\":\"https:\\\/\\\/naturalpoland.com\\\/ko\\\/%ec%a0%9c%ed%92%88\\\/\"},{\"@type\":\"ListItem\",\"position\":3,\"name\":\"\uba74\uc2e4\uc720\"}]},{\"@type\":\"WebSite\",\"@id\":\"https:\\\/\\\/naturalpoland.com\\\/ko\\\/#website\",\"url\":\"https:\\\/\\\/naturalpoland.com\\\/ko\\\/\",\"name\":\"NATURAL POLAND - Hurtowy Dystrybutor Surowc\u00f3w\",\"description\":\"Surowce dla przemys\u0142u spo\u017cywczego, kosmetycznego i farmaceutycznego\",\"publisher\":{\"@id\":\"https:\\\/\\\/naturalpoland.com\\\/ko\\\/#organization\"},\"potentialAction\":[{\"@type\":\"SearchAction\",\"target\":{\"@type\":\"EntryPoint\",\"urlTemplate\":\"https:\\\/\\\/naturalpoland.com\\\/ko\\\/?s={search_term_string}\"},\"query-input\":{\"@type\":\"PropertyValueSpecification\",\"valueRequired\":true,\"valueName\":\"search_term_string\"}}],\"inLanguage\":\"ko-KR\"},{\"@type\":\"Organization\",\"@id\":\"https:\\\/\\\/naturalpoland.com\\\/ko\\\/#organization\",\"name\":\"Natural Poland\",\"url\":\"https:\\\/\\\/naturalpoland.com\\\/ko\\\/\",\"logo\":{\"@type\":\"ImageObject\",\"inLanguage\":\"ko-KR\",\"@id\":\"https:\\\/\\\/naturalpoland.com\\\/ko\\\/#\\\/schema\\\/logo\\\/image\\\/\",\"url\":\"https:\\\/\\\/naturalpoland.com\\\/wp-content\\\/uploads\\\/2021\\\/05\\\/natural-poland-icon.png\",\"contentUrl\":\"https:\\\/\\\/naturalpoland.com\\\/wp-content\\\/uploads\\\/2021\\\/05\\\/natural-poland-icon.png\",\"width\":512,\"height\":512,\"caption\":\"Natural Poland\"},\"image\":{\"@id\":\"https:\\\/\\\/naturalpoland.com\\\/ko\\\/#\\\/schema\\\/logo\\\/image\\\/\"},\"sameAs\":[\"https:\\\/\\\/www.facebook.com\\\/naturalpoland.b2b\",\"https:\\\/\\\/pl.linkedin.com\\\/company\\\/natural-poland\",\"https:\\\/\\\/www.youtube.com\\\/channel\\\/UCgeGGkvOMahZo-xu_MSEWxg\"]}]}<\/script>\n<!-- \/ Yoast SEO plugin. -->","yoast_head_json":{"title":"\uba74\uc2e4\uc720 - Hurtowy Dystrybutor","description":"\uba74\uc2e4\uc720\ub294 \uc605\uc740 \ub178\ub780\uc0c9\uc744 \ub760\uace0 \uac70\uc758 \uac10\uc9c0\ud560 \uc218 \uc5c6\ub294 \ud5a5\uc774 \ud2b9\uc9d5\uc774\uba70, \uc774\ub294 \ud654\uc7a5\ud488\uc5d0 \ud0c1\uc6d4\ud55c \ucca8\uac00\uc81c\uac00 \ub429\ub2c8\ub2e4.","robots":{"index":"index","follow":"follow","max-snippet":"max-snippet:-1","max-image-preview":"max-image-preview:large","max-video-preview":"max-video-preview:-1"},"canonical":"https:\/\/naturalpoland.com\/ko\/je-pum\/hwa-jang-pum-won-ryo\/hwa-jang-pum-o-il\/%eb%a9%b4%ec%8b%a4%ec%9c%a0\/","og_locale":"ko_KR","og_type":"article","og_title":"\uba74\uc2e4\uc720 - Hurtowy Dystrybutor","og_description":"\uba74\uc2e4\uc720\ub294 \uc605\uc740 \ub178\ub780\uc0c9\uc744 \ub760\uace0 \uac70\uc758 \uac10\uc9c0\ud560 \uc218 \uc5c6\ub294 \ud5a5\uc774 \ud2b9\uc9d5\uc774\uba70, \uc774\ub294 \ud654\uc7a5\ud488\uc5d0 \ud0c1\uc6d4\ud55c \ucca8\uac00\uc81c\uac00 \ub429\ub2c8\ub2e4.","og_url":"https:\/\/naturalpoland.com\/ko\/je-pum\/hwa-jang-pum-won-ryo\/hwa-jang-pum-o-il\/%eb%a9%b4%ec%8b%a4%ec%9c%a0\/","og_site_name":"NATURAL POLAND - Hurtowy Dystrybutor Surowc\u00f3w","article_publisher":"https:\/\/www.facebook.com\/naturalpoland.b2b","article_modified_time":"2026-02-04T12:21:28+00:00","og_image":[{"width":614,"height":614,"url":"https:\/\/naturalpoland.com\/wp-content\/uploads\/olej-bawelniany.webp","type":"image\/webp"}],"schema":{"@context":"https:\/\/schema.org","@graph":[{"@type":"WebPage","@id":"https:\/\/naturalpoland.com\/ko\/je-pum\/hwa-jang-pum-won-ryo\/hwa-jang-pum-o-il\/%eb%a9%b4%ec%8b%a4%ec%9c%a0\/","url":"https:\/\/naturalpoland.com\/ko\/je-pum\/hwa-jang-pum-won-ryo\/hwa-jang-pum-o-il\/%eb%a9%b4%ec%8b%a4%ec%9c%a0\/","name":"\uba74\uc2e4\uc720 - Hurtowy Dystrybutor","isPartOf":{"@id":"https:\/\/naturalpoland.com\/ko\/#website"},"primaryImageOfPage":{"@id":"https:\/\/naturalpoland.com\/ko\/je-pum\/hwa-jang-pum-won-ryo\/hwa-jang-pum-o-il\/%eb%a9%b4%ec%8b%a4%ec%9c%a0\/#primaryimage"},"image":{"@id":"https:\/\/naturalpoland.com\/ko\/je-pum\/hwa-jang-pum-won-ryo\/hwa-jang-pum-o-il\/%eb%a9%b4%ec%8b%a4%ec%9c%a0\/#primaryimage"},"thumbnailUrl":"https:\/\/naturalpoland.com\/wp-content\/uploads\/olej-bawelniany.webp","datePublished":"2024-01-25T13:50:31+00:00","dateModified":"2026-02-04T12:21:28+00:00","description":"\uba74\uc2e4\uc720\ub294 \uc605\uc740 \ub178\ub780\uc0c9\uc744 \ub760\uace0 \uac70\uc758 \uac10\uc9c0\ud560 \uc218 \uc5c6\ub294 \ud5a5\uc774 \ud2b9\uc9d5\uc774\uba70, \uc774\ub294 \ud654\uc7a5\ud488\uc5d0 \ud0c1\uc6d4\ud55c \ucca8\uac00\uc81c\uac00 \ub429\ub2c8\ub2e4.","breadcrumb":{"@id":"https:\/\/naturalpoland.com\/ko\/je-pum\/hwa-jang-pum-won-ryo\/hwa-jang-pum-o-il\/%eb%a9%b4%ec%8b%a4%ec%9c%a0\/#breadcrumb"},"inLanguage":"ko-KR","potentialAction":[{"@type":"ReadAction","target":["https:\/\/naturalpoland.com\/ko\/je-pum\/hwa-jang-pum-won-ryo\/hwa-jang-pum-o-il\/%eb%a9%b4%ec%8b%a4%ec%9c%a0\/"]}]},{"@type":"ImageObject","inLanguage":"ko-KR","@id":"https:\/\/naturalpoland.com\/ko\/je-pum\/hwa-jang-pum-won-ryo\/hwa-jang-pum-o-il\/%eb%a9%b4%ec%8b%a4%ec%9c%a0\/#primaryimage","url":"https:\/\/naturalpoland.com\/wp-content\/uploads\/olej-bawelniany.webp","contentUrl":"https:\/\/naturalpoland.com\/wp-content\/uploads\/olej-bawelniany.webp","width":614,"height":614,"caption":"\uba74\uc2e4\uc720"},{"@type":"BreadcrumbList","@id":"https:\/\/naturalpoland.com\/ko\/je-pum\/hwa-jang-pum-won-ryo\/hwa-jang-pum-o-il\/%eb%a9%b4%ec%8b%a4%ec%9c%a0\/#breadcrumb","itemListElement":[{"@type":"ListItem","position":1,"name":"\ud648","item":"https:\/\/naturalpoland.com\/ko\/"},{"@type":"ListItem","position":2,"name":"\uc81c\ud488","item":"https:\/\/naturalpoland.com\/ko\/%ec%a0%9c%ed%92%88\/"},{"@type":"ListItem","position":3,"name":"\uba74\uc2e4\uc720"}]},{"@type":"WebSite","@id":"https:\/\/naturalpoland.com\/ko\/#website","url":"https:\/\/naturalpoland.com\/ko\/","name":"NATURAL POLAND - Hurtowy Dystrybutor Surowc\u00f3w","description":"Surowce dla przemys\u0142u spo\u017cywczego, kosmetycznego i farmaceutycznego","publisher":{"@id":"https:\/\/naturalpoland.com\/ko\/#organization"},"potentialAction":[{"@type":"SearchAction","target":{"@type":"EntryPoint","urlTemplate":"https:\/\/naturalpoland.com\/ko\/?s={search_term_string}"},"query-input":{"@type":"PropertyValueSpecification","valueRequired":true,"valueName":"search_term_string"}}],"inLanguage":"ko-KR"},{"@type":"Organization","@id":"https:\/\/naturalpoland.com\/ko\/#organization","name":"Natural Poland","url":"https:\/\/naturalpoland.com\/ko\/","logo":{"@type":"ImageObject","inLanguage":"ko-KR","@id":"https:\/\/naturalpoland.com\/ko\/#\/schema\/logo\/image\/","url":"https:\/\/naturalpoland.com\/wp-content\/uploads\/2021\/05\/natural-poland-icon.png","contentUrl":"https:\/\/naturalpoland.com\/wp-content\/uploads\/2021\/05\/natural-poland-icon.png","width":512,"height":512,"caption":"Natural Poland"},"image":{"@id":"https:\/\/naturalpoland.com\/ko\/#\/schema\/logo\/image\/"},"sameAs":["https:\/\/www.facebook.com\/naturalpoland.b2b","https:\/\/pl.linkedin.com\/company\/natural-poland","https:\/\/www.youtube.com\/channel\/UCgeGGkvOMahZo-xu_MSEWxg"]}]}},"_links":{"self":[{"href":"https:\/\/naturalpoland.com\/ko\/wp-json\/wp\/v2\/product\/45506","targetHints":{"allow":["GET"]}}],"collection":[{"href":"https:\/\/naturalpoland.com\/ko\/wp-json\/wp\/v2\/product"}],"about":[{"href":"https:\/\/naturalpoland.com\/ko\/wp-json\/wp\/v2\/types\/product"}],"wp:featuredmedia":[{"embeddable":true,"href":"https:\/\/naturalpoland.com\/ko\/wp-json\/wp\/v2\/media\/45507"}],"wp:attachment":[{"href":"https:\/\/naturalpoland.com\/ko\/wp-json\/wp\/v2\/media?parent=45506"}],"wp:term":[{"taxonomy":"product_brand","embeddable":true,"href":"https:\/\/naturalpoland.com\/ko\/wp-json\/wp\/v2\/product_brand?post=45506"},{"taxonomy":"product_cat","embeddable":true,"href":"https:\/\/naturalpoland.com\/ko\/wp-json\/wp\/v2\/product_cat?post=45506"},{"taxonomy":"product_tag","embeddable":true,"href":"https:\/\/naturalpoland.com\/ko\/wp-json\/wp\/v2\/product_tag?post=45506"}],"curies":[{"name":"wp","href":"https:\/\/api.w.org\/{rel}","templated":true}]}}