{"id":45516,"date":"2024-02-22T16:32:29","date_gmt":"2024-02-22T15:32:29","guid":{"rendered":"https:\/\/naturalpoland.com\/produkty\/uncategorized\/%ec%98%a4%eb%af%b8%ec%9e%90-%ec%b6%94%ec%b6%9c%eb%ac%bc\/"},"modified":"2026-02-04T13:22:09","modified_gmt":"2026-02-04T12:22:09","slug":"%ec%98%a4%eb%af%b8%ec%9e%90-%ec%b6%94%ec%b6%9c%eb%ac%bc","status":"publish","type":"product","link":"https:\/\/naturalpoland.com\/ko\/je-pum\/sig-mul-chu-chul-mul\/%ec%98%a4%eb%af%b8%ec%9e%90-%ec%b6%94%ec%b6%9c%eb%ac%bc\/","title":{"rendered":"\uc624\ubbf8\uc790 \ucd94\ucd9c\ubb3c"},"content":{"rendered":"<p>\uc624\ubbf8\uc790 \ucd94\ucd9c\ubb3c\uc740 \uc644\uc804\ud788 \uc790\uc5f0\uc801\uc774\uace0 \ubbf8\uc138\ud558\uac8c \ubd84\uc1c4\ub41c \uac08\ud669\uc0c9 \ubd84\ub9d0 \ud615\ud0dc\ub85c, \ud2b9\uc720\uc758 \ud5a5\uacfc \ub9db\uc744 \uc9c0\ub2d9\ub2c8\ub2e4. \uac74\uc870\ub41c \uc624\ubbf8\uc790 \uc5f4\ub9e4\ub85c \uc0dd\uc0b0\ub429\ub2c8\ub2e4. \ubb3c\uc5d0 \ub300\ud55c \ub6f0\uc5b4\ub09c \uc6a9\ud574\uc131\uc73c\ub85c \ub2e4\uc591\ud55c \ud615\ud0dc\ub85c \uc27d\uac8c \uc0ac\uc6a9\ud560 \uc218 \uc788\uc5b4 \ud3b8\ub9ac\ud569\ub2c8\ub2e4.  <\/p>\n<p>\ucd94\ucd9c\ubb3c\uc740 \ubb3c\uc744 \ucd94\ucd9c \uc6a9\ub9e4\ub85c \uc0ac\uc6a9\ud558\uc5ec \uc5bb\uc5b4\uc9c0\ubbc0\ub85c, \uc6d0\ub8cc\uc758 \uc548\uc804\uc131\uacfc \ucc9c\uc5f0 \ud2b9\uc131\uc774 \ubcf4\uc7a5\ub429\ub2c8\ub2e4. 5%-10%\uc758 \ub9d0\ud1a0\ub371\uc2a4\ud2b8\ub9b0 \ucca8\uac00\ub294 \uc81c\ud488\uc758 \uc548\uc815\uc131\uacfc \uc801\uc808\ud55c \uc9c8\uac10\uc744 \uc81c\uacf5\ud558\uba70, \ub192\uc740 \ud488\uc9c8\uc744 \uac15\uc870\ud569\ub2c8\ub2e4. \uc774 \ucd94\ucd9c\ubb3c\uc758 \ud2b9\uc9d5\uc740 95%\uac00 80\uba54\uc26c \uccb4\ub97c \ud1b5\uacfc\ud55c\ub2e4\ub294 \uac83\uc73c\ub85c, \uc774\ub294 \ub6f0\uc5b4\ub09c \ub18d\ub3c4\uc640 \uade0\uc77c\uc131\uc744 \ub098\ud0c0\ub0c5\ub2c8\ub2e4.  <\/p>\n<p>\uc81c\ud488\uc758 \uc218\ubd84 \ud568\ub7c9\uc774 \ub0ae\uc544 \uac74\uc870 \uc190\uc2e4\ub960\uc774 3.68%\uc774\uba70, \ud68c\ubd84 \ud568\ub7c9\uc740 3.74%\ub85c \ucd94\ucd9c\ubb3c\uc758 \uc21c\ub3c4\uc640 \ub192\uc740 \ud488\uc9c8\uc744 \ub354\uc6b1 \uc785\uc99d\ud569\ub2c8\ub2e4. \ucca8\uac00\ubb3c\uc774\ub098 \ucda9\uc804\uc7ac \uc5c6\uc774 100% \ucc9c\uc5f0 \uac74\uc870 \uc624\ubbf8\uc790 \uc5f4\ub9e4\ub97c \uc0ac\uc6a9\ud568\uc73c\ub85c\uc368, \uadf8 \uc790\uc5f0\uc131\uacfc \uc601\uc591 \uac00\uce58\uc5d0 \uc911\uc810\uc744 \ub450\uc5c8\uc74c\uc744 \uac15\uc870\ud569\ub2c8\ub2e4. <\/p>\n<h2>\uc624\ubbf8\uc790 \ucd94\ucd9c\ubb3c\uc758 \ud2b9\uc131<\/h2>\n<p>\uc624\ubbf8\uc790 \ucd94\ucd9c\ubb3c\uc740 \uc2a4\ud2b8\ub808\uc2a4 \uad00\ub9ac\uc5d0 \ub3c4\uc6c0\uc744 \uc8fc\uace0 \uc9d1\uc911\ub825\uacfc \uc2e0\uccb4\uc801 \uc9c0\uad6c\ub825\uc744 \ud5a5\uc0c1\uc2dc\ud0a4\ub294 <strong>\uc544\ub2f5\ud1a0\uc820 \ud2b9\uc131<\/strong>\uc73c\ub85c \ub192\uc774 \ud3c9\uac00\ub429\ub2c8\ub2e4. \uc804\ubc18\uc801\uc778 \uc6f0\ube59 \uac1c\uc120\uacfc \ud65c\ub825 \uc99d\uc9c4\uc744 \uc704\ud55c \uc790\uc5f0\uc801\uc778 \ubc29\ubc95\uc744 \ucc3e\ub294 \ubd84\ub4e4\uaed8 \uc774\uc0c1\uc801\uc778 \uc194\ub8e8\uc158\uc785\ub2c8\ub2e4. <\/p>\n<p>\uc624\ubbf8\uc790 \ucd94\ucd9c\ubb3c\uc744 \uc120\ud0dd\ud558\uc2dc\uba74, \ud3b8\ub9ac\ud55c \uc0ac\uc6a9\uacfc \uae30\ubd84 \uc88b\uc740 \ub9db\uc744 \uc990\uae30\uba74\uc11c \uc2e0\uccb4\uc5d0 \uc790\uc5f0\uc801\uc778 \uc9c0\uc6d0\uc744 \uc81c\uacf5\ud558\uac8c \ub429\ub2c8\ub2e4. \uac74\uac15\uacfc \uc6f0\ube59\uc744 \uc9c0\uc6d0\ud558\ub294 \uace0\ud488\uc9c8\uc758 \ucc9c\uc5f0 \uc131\ubd84\uc73c\ub85c \uc2dd\ub2e8\uc744 \ud48d\ubd80\ud558\uac8c \ud558\uace0\uc790 \ud558\ub294 \ubaa8\ub4e0 \ubd84\ub4e4\uaed8 \ud6cc\ub96d\ud55c \uc120\ud0dd\uc785\ub2c8\ub2e4. <\/p>\n","protected":false},"excerpt":{"rendered":"<p>\uc911\uad6d\uc5d0\uc11c \uc9c1\uc811 \uc0dd\uc0b0\ub41c \uc624\ubbf8\uc790 \ucd94\ucd9c\ubb3c\uc740 \ub3c5\ud2b9\ud55c \ud2b9\uc131\uc73c\ub85c \uc804 \uc138\uacc4\uc801\uc778 \uc778\uc815\uc744 \ubc1b\uc740 \ud2b9\ubcc4\ud55c \ucc9c\uc5f0 \uc81c\ud488\uc785\ub2c8\ub2e4.<\/p>\n","protected":false},"featured_media":45517,"template":"","meta":{"_acf_changed":false},"product_brand":[],"product_cat":[8134],"product_tag":[],"class_list":{"0":"post-45516","1":"product","2":"type-product","3":"status-publish","4":"has-post-thumbnail","6":"product_cat-sig-mul-chu-chul-mul","7":"pa_czesc-rosliny-8225","9":"first","10":"instock","11":"shipping-taxable","12":"product-type-simple"},"acf":[],"yoast_head":"<!-- This site is optimized with the Yoast SEO plugin v27.5 - https:\/\/yoast.com\/product\/yoast-seo-wordpress\/ -->\n<title>\uc624\ubbf8\uc790 \ucd94\ucd9c\ubb3c - Hurtowy Dystrybutor<\/title>\n<meta name=\"description\" content=\"\uc624\ubbf8\uc790 \ucd94\ucd9c\ubb3c\uc740 \uc2a4\ud2b8\ub808\uc2a4 \uad00\ub9ac\uc5d0 \ub3c4\uc6c0\uc744 \uc8fc\ub294 \uc544\ub2f5\ud1a0\uc820 \ud2b9\uc131\uc73c\ub85c \ub192\uc774 \ud3c9\uac00\ub429\ub2c8\ub2e4.\" \/>\n<meta name=\"robots\" content=\"index, follow, max-snippet:-1, max-image-preview:large, max-video-preview:-1\" \/>\n<link rel=\"canonical\" href=\"https:\/\/naturalpoland.com\/ko\/je-pum\/sig-mul-chu-chul-mul\/%ec%98%a4%eb%af%b8%ec%9e%90-%ec%b6%94%ec%b6%9c%eb%ac%bc\/\" \/>\n<meta property=\"og:locale\" content=\"ko_KR\" \/>\n<meta property=\"og:type\" content=\"article\" \/>\n<meta property=\"og:title\" content=\"\uc624\ubbf8\uc790 \ucd94\ucd9c\ubb3c - Hurtowy Dystrybutor\" \/>\n<meta property=\"og:description\" content=\"\uc624\ubbf8\uc790 \ucd94\ucd9c\ubb3c\uc740 \uc2a4\ud2b8\ub808\uc2a4 \uad00\ub9ac\uc5d0 \ub3c4\uc6c0\uc744 \uc8fc\ub294 \uc544\ub2f5\ud1a0\uc820 \ud2b9\uc131\uc73c\ub85c \ub192\uc774 \ud3c9\uac00\ub429\ub2c8\ub2e4.\" \/>\n<meta property=\"og:url\" content=\"https:\/\/naturalpoland.com\/ko\/je-pum\/sig-mul-chu-chul-mul\/%ec%98%a4%eb%af%b8%ec%9e%90-%ec%b6%94%ec%b6%9c%eb%ac%bc\/\" \/>\n<meta property=\"og:site_name\" content=\"NATURAL POLAND - Hurtowy Dystrybutor Surowc\u00f3w\" \/>\n<meta property=\"article:publisher\" content=\"https:\/\/www.facebook.com\/naturalpoland.b2b\" \/>\n<meta property=\"article:modified_time\" content=\"2026-02-04T12:22:09+00:00\" \/>\n<meta property=\"og:image\" content=\"https:\/\/naturalpoland.com\/wp-content\/uploads\/schisandra_berry_extract.webp\" \/>\n\t<meta property=\"og:image:width\" content=\"350\" \/>\n\t<meta property=\"og:image:height\" content=\"350\" \/>\n\t<meta property=\"og:image:type\" content=\"image\/webp\" \/>\n<script type=\"application\/ld+json\" class=\"yoast-schema-graph\">{\"@context\":\"https:\\\/\\\/schema.org\",\"@graph\":[{\"@type\":\"WebPage\",\"@id\":\"https:\\\/\\\/naturalpoland.com\\\/ko\\\/je-pum\\\/sig-mul-chu-chul-mul\\\/%ec%98%a4%eb%af%b8%ec%9e%90-%ec%b6%94%ec%b6%9c%eb%ac%bc\\\/\",\"url\":\"https:\\\/\\\/naturalpoland.com\\\/ko\\\/je-pum\\\/sig-mul-chu-chul-mul\\\/%ec%98%a4%eb%af%b8%ec%9e%90-%ec%b6%94%ec%b6%9c%eb%ac%bc\\\/\",\"name\":\"\uc624\ubbf8\uc790 \ucd94\ucd9c\ubb3c - Hurtowy Dystrybutor\",\"isPartOf\":{\"@id\":\"https:\\\/\\\/naturalpoland.com\\\/ko\\\/#website\"},\"primaryImageOfPage\":{\"@id\":\"https:\\\/\\\/naturalpoland.com\\\/ko\\\/je-pum\\\/sig-mul-chu-chul-mul\\\/%ec%98%a4%eb%af%b8%ec%9e%90-%ec%b6%94%ec%b6%9c%eb%ac%bc\\\/#primaryimage\"},\"image\":{\"@id\":\"https:\\\/\\\/naturalpoland.com\\\/ko\\\/je-pum\\\/sig-mul-chu-chul-mul\\\/%ec%98%a4%eb%af%b8%ec%9e%90-%ec%b6%94%ec%b6%9c%eb%ac%bc\\\/#primaryimage\"},\"thumbnailUrl\":\"https:\\\/\\\/naturalpoland.com\\\/wp-content\\\/uploads\\\/schisandra_berry_extract.webp\",\"datePublished\":\"2024-02-22T15:32:29+00:00\",\"dateModified\":\"2026-02-04T12:22:09+00:00\",\"description\":\"\uc624\ubbf8\uc790 \ucd94\ucd9c\ubb3c\uc740 \uc2a4\ud2b8\ub808\uc2a4 \uad00\ub9ac\uc5d0 \ub3c4\uc6c0\uc744 \uc8fc\ub294 \uc544\ub2f5\ud1a0\uc820 \ud2b9\uc131\uc73c\ub85c \ub192\uc774 \ud3c9\uac00\ub429\ub2c8\ub2e4.\",\"breadcrumb\":{\"@id\":\"https:\\\/\\\/naturalpoland.com\\\/ko\\\/je-pum\\\/sig-mul-chu-chul-mul\\\/%ec%98%a4%eb%af%b8%ec%9e%90-%ec%b6%94%ec%b6%9c%eb%ac%bc\\\/#breadcrumb\"},\"inLanguage\":\"ko-KR\",\"potentialAction\":[{\"@type\":\"ReadAction\",\"target\":[\"https:\\\/\\\/naturalpoland.com\\\/ko\\\/je-pum\\\/sig-mul-chu-chul-mul\\\/%ec%98%a4%eb%af%b8%ec%9e%90-%ec%b6%94%ec%b6%9c%eb%ac%bc\\\/\"]}]},{\"@type\":\"ImageObject\",\"inLanguage\":\"ko-KR\",\"@id\":\"https:\\\/\\\/naturalpoland.com\\\/ko\\\/je-pum\\\/sig-mul-chu-chul-mul\\\/%ec%98%a4%eb%af%b8%ec%9e%90-%ec%b6%94%ec%b6%9c%eb%ac%bc\\\/#primaryimage\",\"url\":\"https:\\\/\\\/naturalpoland.com\\\/wp-content\\\/uploads\\\/schisandra_berry_extract.webp\",\"contentUrl\":\"https:\\\/\\\/naturalpoland.com\\\/wp-content\\\/uploads\\\/schisandra_berry_extract.webp\",\"width\":350,\"height\":350,\"caption\":\"\uc624\ubbf8\uc790 \ucd94\ucd9c\ubb3c\"},{\"@type\":\"BreadcrumbList\",\"@id\":\"https:\\\/\\\/naturalpoland.com\\\/ko\\\/je-pum\\\/sig-mul-chu-chul-mul\\\/%ec%98%a4%eb%af%b8%ec%9e%90-%ec%b6%94%ec%b6%9c%eb%ac%bc\\\/#breadcrumb\",\"itemListElement\":[{\"@type\":\"ListItem\",\"position\":1,\"name\":\"\ud648\",\"item\":\"https:\\\/\\\/naturalpoland.com\\\/ko\\\/\"},{\"@type\":\"ListItem\",\"position\":2,\"name\":\"\uc81c\ud488\",\"item\":\"https:\\\/\\\/naturalpoland.com\\\/ko\\\/%ec%a0%9c%ed%92%88\\\/\"},{\"@type\":\"ListItem\",\"position\":3,\"name\":\"\uc624\ubbf8\uc790 \ucd94\ucd9c\ubb3c\"}]},{\"@type\":\"WebSite\",\"@id\":\"https:\\\/\\\/naturalpoland.com\\\/ko\\\/#website\",\"url\":\"https:\\\/\\\/naturalpoland.com\\\/ko\\\/\",\"name\":\"NATURAL POLAND - Hurtowy Dystrybutor Surowc\u00f3w\",\"description\":\"Surowce dla przemys\u0142u spo\u017cywczego, kosmetycznego i farmaceutycznego\",\"publisher\":{\"@id\":\"https:\\\/\\\/naturalpoland.com\\\/ko\\\/#organization\"},\"potentialAction\":[{\"@type\":\"SearchAction\",\"target\":{\"@type\":\"EntryPoint\",\"urlTemplate\":\"https:\\\/\\\/naturalpoland.com\\\/ko\\\/?s={search_term_string}\"},\"query-input\":{\"@type\":\"PropertyValueSpecification\",\"valueRequired\":true,\"valueName\":\"search_term_string\"}}],\"inLanguage\":\"ko-KR\"},{\"@type\":\"Organization\",\"@id\":\"https:\\\/\\\/naturalpoland.com\\\/ko\\\/#organization\",\"name\":\"Natural Poland\",\"url\":\"https:\\\/\\\/naturalpoland.com\\\/ko\\\/\",\"logo\":{\"@type\":\"ImageObject\",\"inLanguage\":\"ko-KR\",\"@id\":\"https:\\\/\\\/naturalpoland.com\\\/ko\\\/#\\\/schema\\\/logo\\\/image\\\/\",\"url\":\"https:\\\/\\\/naturalpoland.com\\\/wp-content\\\/uploads\\\/2021\\\/05\\\/natural-poland-icon.png\",\"contentUrl\":\"https:\\\/\\\/naturalpoland.com\\\/wp-content\\\/uploads\\\/2021\\\/05\\\/natural-poland-icon.png\",\"width\":512,\"height\":512,\"caption\":\"Natural Poland\"},\"image\":{\"@id\":\"https:\\\/\\\/naturalpoland.com\\\/ko\\\/#\\\/schema\\\/logo\\\/image\\\/\"},\"sameAs\":[\"https:\\\/\\\/www.facebook.com\\\/naturalpoland.b2b\",\"https:\\\/\\\/pl.linkedin.com\\\/company\\\/natural-poland\",\"https:\\\/\\\/www.youtube.com\\\/channel\\\/UCgeGGkvOMahZo-xu_MSEWxg\"]}]}<\/script>\n<!-- \/ Yoast SEO plugin. -->","yoast_head_json":{"title":"\uc624\ubbf8\uc790 \ucd94\ucd9c\ubb3c - Hurtowy Dystrybutor","description":"\uc624\ubbf8\uc790 \ucd94\ucd9c\ubb3c\uc740 \uc2a4\ud2b8\ub808\uc2a4 \uad00\ub9ac\uc5d0 \ub3c4\uc6c0\uc744 \uc8fc\ub294 \uc544\ub2f5\ud1a0\uc820 \ud2b9\uc131\uc73c\ub85c \ub192\uc774 \ud3c9\uac00\ub429\ub2c8\ub2e4.","robots":{"index":"index","follow":"follow","max-snippet":"max-snippet:-1","max-image-preview":"max-image-preview:large","max-video-preview":"max-video-preview:-1"},"canonical":"https:\/\/naturalpoland.com\/ko\/je-pum\/sig-mul-chu-chul-mul\/%ec%98%a4%eb%af%b8%ec%9e%90-%ec%b6%94%ec%b6%9c%eb%ac%bc\/","og_locale":"ko_KR","og_type":"article","og_title":"\uc624\ubbf8\uc790 \ucd94\ucd9c\ubb3c - Hurtowy Dystrybutor","og_description":"\uc624\ubbf8\uc790 \ucd94\ucd9c\ubb3c\uc740 \uc2a4\ud2b8\ub808\uc2a4 \uad00\ub9ac\uc5d0 \ub3c4\uc6c0\uc744 \uc8fc\ub294 \uc544\ub2f5\ud1a0\uc820 \ud2b9\uc131\uc73c\ub85c \ub192\uc774 \ud3c9\uac00\ub429\ub2c8\ub2e4.","og_url":"https:\/\/naturalpoland.com\/ko\/je-pum\/sig-mul-chu-chul-mul\/%ec%98%a4%eb%af%b8%ec%9e%90-%ec%b6%94%ec%b6%9c%eb%ac%bc\/","og_site_name":"NATURAL POLAND - Hurtowy Dystrybutor Surowc\u00f3w","article_publisher":"https:\/\/www.facebook.com\/naturalpoland.b2b","article_modified_time":"2026-02-04T12:22:09+00:00","og_image":[{"width":350,"height":350,"url":"https:\/\/naturalpoland.com\/wp-content\/uploads\/schisandra_berry_extract.webp","type":"image\/webp"}],"schema":{"@context":"https:\/\/schema.org","@graph":[{"@type":"WebPage","@id":"https:\/\/naturalpoland.com\/ko\/je-pum\/sig-mul-chu-chul-mul\/%ec%98%a4%eb%af%b8%ec%9e%90-%ec%b6%94%ec%b6%9c%eb%ac%bc\/","url":"https:\/\/naturalpoland.com\/ko\/je-pum\/sig-mul-chu-chul-mul\/%ec%98%a4%eb%af%b8%ec%9e%90-%ec%b6%94%ec%b6%9c%eb%ac%bc\/","name":"\uc624\ubbf8\uc790 \ucd94\ucd9c\ubb3c - Hurtowy Dystrybutor","isPartOf":{"@id":"https:\/\/naturalpoland.com\/ko\/#website"},"primaryImageOfPage":{"@id":"https:\/\/naturalpoland.com\/ko\/je-pum\/sig-mul-chu-chul-mul\/%ec%98%a4%eb%af%b8%ec%9e%90-%ec%b6%94%ec%b6%9c%eb%ac%bc\/#primaryimage"},"image":{"@id":"https:\/\/naturalpoland.com\/ko\/je-pum\/sig-mul-chu-chul-mul\/%ec%98%a4%eb%af%b8%ec%9e%90-%ec%b6%94%ec%b6%9c%eb%ac%bc\/#primaryimage"},"thumbnailUrl":"https:\/\/naturalpoland.com\/wp-content\/uploads\/schisandra_berry_extract.webp","datePublished":"2024-02-22T15:32:29+00:00","dateModified":"2026-02-04T12:22:09+00:00","description":"\uc624\ubbf8\uc790 \ucd94\ucd9c\ubb3c\uc740 \uc2a4\ud2b8\ub808\uc2a4 \uad00\ub9ac\uc5d0 \ub3c4\uc6c0\uc744 \uc8fc\ub294 \uc544\ub2f5\ud1a0\uc820 \ud2b9\uc131\uc73c\ub85c \ub192\uc774 \ud3c9\uac00\ub429\ub2c8\ub2e4.","breadcrumb":{"@id":"https:\/\/naturalpoland.com\/ko\/je-pum\/sig-mul-chu-chul-mul\/%ec%98%a4%eb%af%b8%ec%9e%90-%ec%b6%94%ec%b6%9c%eb%ac%bc\/#breadcrumb"},"inLanguage":"ko-KR","potentialAction":[{"@type":"ReadAction","target":["https:\/\/naturalpoland.com\/ko\/je-pum\/sig-mul-chu-chul-mul\/%ec%98%a4%eb%af%b8%ec%9e%90-%ec%b6%94%ec%b6%9c%eb%ac%bc\/"]}]},{"@type":"ImageObject","inLanguage":"ko-KR","@id":"https:\/\/naturalpoland.com\/ko\/je-pum\/sig-mul-chu-chul-mul\/%ec%98%a4%eb%af%b8%ec%9e%90-%ec%b6%94%ec%b6%9c%eb%ac%bc\/#primaryimage","url":"https:\/\/naturalpoland.com\/wp-content\/uploads\/schisandra_berry_extract.webp","contentUrl":"https:\/\/naturalpoland.com\/wp-content\/uploads\/schisandra_berry_extract.webp","width":350,"height":350,"caption":"\uc624\ubbf8\uc790 \ucd94\ucd9c\ubb3c"},{"@type":"BreadcrumbList","@id":"https:\/\/naturalpoland.com\/ko\/je-pum\/sig-mul-chu-chul-mul\/%ec%98%a4%eb%af%b8%ec%9e%90-%ec%b6%94%ec%b6%9c%eb%ac%bc\/#breadcrumb","itemListElement":[{"@type":"ListItem","position":1,"name":"\ud648","item":"https:\/\/naturalpoland.com\/ko\/"},{"@type":"ListItem","position":2,"name":"\uc81c\ud488","item":"https:\/\/naturalpoland.com\/ko\/%ec%a0%9c%ed%92%88\/"},{"@type":"ListItem","position":3,"name":"\uc624\ubbf8\uc790 \ucd94\ucd9c\ubb3c"}]},{"@type":"WebSite","@id":"https:\/\/naturalpoland.com\/ko\/#website","url":"https:\/\/naturalpoland.com\/ko\/","name":"NATURAL POLAND - Hurtowy Dystrybutor Surowc\u00f3w","description":"Surowce dla przemys\u0142u spo\u017cywczego, kosmetycznego i farmaceutycznego","publisher":{"@id":"https:\/\/naturalpoland.com\/ko\/#organization"},"potentialAction":[{"@type":"SearchAction","target":{"@type":"EntryPoint","urlTemplate":"https:\/\/naturalpoland.com\/ko\/?s={search_term_string}"},"query-input":{"@type":"PropertyValueSpecification","valueRequired":true,"valueName":"search_term_string"}}],"inLanguage":"ko-KR"},{"@type":"Organization","@id":"https:\/\/naturalpoland.com\/ko\/#organization","name":"Natural Poland","url":"https:\/\/naturalpoland.com\/ko\/","logo":{"@type":"ImageObject","inLanguage":"ko-KR","@id":"https:\/\/naturalpoland.com\/ko\/#\/schema\/logo\/image\/","url":"https:\/\/naturalpoland.com\/wp-content\/uploads\/2021\/05\/natural-poland-icon.png","contentUrl":"https:\/\/naturalpoland.com\/wp-content\/uploads\/2021\/05\/natural-poland-icon.png","width":512,"height":512,"caption":"Natural Poland"},"image":{"@id":"https:\/\/naturalpoland.com\/ko\/#\/schema\/logo\/image\/"},"sameAs":["https:\/\/www.facebook.com\/naturalpoland.b2b","https:\/\/pl.linkedin.com\/company\/natural-poland","https:\/\/www.youtube.com\/channel\/UCgeGGkvOMahZo-xu_MSEWxg"]}]}},"_links":{"self":[{"href":"https:\/\/naturalpoland.com\/ko\/wp-json\/wp\/v2\/product\/45516","targetHints":{"allow":["GET"]}}],"collection":[{"href":"https:\/\/naturalpoland.com\/ko\/wp-json\/wp\/v2\/product"}],"about":[{"href":"https:\/\/naturalpoland.com\/ko\/wp-json\/wp\/v2\/types\/product"}],"wp:featuredmedia":[{"embeddable":true,"href":"https:\/\/naturalpoland.com\/ko\/wp-json\/wp\/v2\/media\/45517"}],"wp:attachment":[{"href":"https:\/\/naturalpoland.com\/ko\/wp-json\/wp\/v2\/media?parent=45516"}],"wp:term":[{"taxonomy":"product_brand","embeddable":true,"href":"https:\/\/naturalpoland.com\/ko\/wp-json\/wp\/v2\/product_brand?post=45516"},{"taxonomy":"product_cat","embeddable":true,"href":"https:\/\/naturalpoland.com\/ko\/wp-json\/wp\/v2\/product_cat?post=45516"},{"taxonomy":"product_tag","embeddable":true,"href":"https:\/\/naturalpoland.com\/ko\/wp-json\/wp\/v2\/product_tag?post=45516"}],"curies":[{"name":"wp","href":"https:\/\/api.w.org\/{rel}","templated":true}]}}