{"id":45520,"date":"2024-01-25T15:30:07","date_gmt":"2024-01-25T14:30:07","guid":{"rendered":"https:\/\/naturalpoland.com\/produkty\/uncategorized\/%eb%a7%88%ec%b9%b4-%ec%b6%94%ec%b6%9c%eb%ac%bc\/"},"modified":"2026-02-04T13:22:19","modified_gmt":"2026-02-04T12:22:19","slug":"%eb%a7%88%ec%b9%b4-%ec%b6%94%ec%b6%9c%eb%ac%bc","status":"publish","type":"product","link":"https:\/\/naturalpoland.com\/ko\/je-pum\/sig-mul-chu-chul-mul\/%eb%a7%88%ec%b9%b4-%ec%b6%94%ec%b6%9c%eb%ac%bc\/","title":{"rendered":"\ub9c8\uce74 \ucd94\ucd9c\ubb3c"},"content":{"rendered":"<p>\uc911\uad6d\uc0b0 \ub9c8\uce74 \ucd94\ucd9c\ubb3c\uc740 \uc2dd\ubb3c \ubfcc\ub9ac\uc5d0\uc11c \ucd94\ucd9c\ub418\uba70, \uac08\uc0c9\uc744 \ub760\uace0 \ud2b9\uc720\uc758 \ud5a5\uacfc \ub9db\uc774 \ud2b9\uc9d5\uc785\ub2c8\ub2e4. \ubbf8\uc138\ud558\uac8c \ubd84\uc1c4\ub41c \ubd84\ub9d0\uc740 80\uba54\uc26c \uccb4\ub97c \ud1b5\uacfc\ud558\uc5ec \uade0\uc77c\ud55c \ub18d\ub3c4\ub97c \ubcf4\uc7a5\ud569\ub2c8\ub2e4. <\/p>\n<p>\ucd94\ucd9c\ubb3c\uc758 \uc218\ubd84 \ud568\ub7c9\uc740 5% \ubbf8\ub9cc\uc774\uba70, \ud68c\ubd84 \ud568\ub7c9\uc740 5%\ub97c \ucd08\uacfc\ud558\uc9c0 \uc54a\uc2b5\ub2c8\ub2e4. \ubcf8 \uc81c\ud488\uc740 GMO\uac00 \uc5c6\uc73c\uba70, \uc794\ub958 \ub18d\uc57d\uc5d0 \ub300\ud55c USP \ud45c\uc900\uc744 \ucda9\uc871\ud569\ub2c8\ub2e4. \uc911\uae08\uc18d \ud568\ub7c9 \ud14c\uc2a4\ud2b8 \uacb0\uacfc \ube44\uc18c, \uc218\uc740, \ub0a9, \uce74\ub4dc\ubbb4 \ud568\ub7c9\uc774 \uc124\uc815\ub41c \ud55c\ub3c4 \ubbf8\ub9cc\uc73c\ub85c \ud655\uc778\ub418\uc5b4 \uc548\uc804\uc131\uc774 \uc785\uc99d\ub418\uc5c8\uc2b5\ub2c8\ub2e4. \ub610\ud55c, \ucd94\ucd9c\ubb3c\uc740 \ub300\uc7a5\uade0, \uc0b4\ubaa8\ub12c\ub77c, \ud669\uc0c9\ud3ec\ub3c4\uc0c1\uad6c\uade0\uacfc \uac19\uc740 \ubbf8\uc0dd\ubb3c\ud559\uc801 \uc704\ud5d8\uc73c\ub85c\ubd80\ud130 \uc548\uc804\ud569\ub2c8\ub2e4.   <\/p>\n<h2>\ud6a8\ub2a5 \ubc0f \ud65c\uc6a9<\/h2>\n<p>\ub9c8\uce74 \ucd94\ucd9c\ubb3c\uc740 \ube44\ud0c0\ubbfc, \ubbf8\ub124\ub784, \uc544\ubbf8\ub178\uc0b0\uc744 \ud3ec\ud568\ud55c \ucc9c\uc5f0 \uc601\uc591\uc18c\uac00 \ud48d\ubd80\ud55c \uac83\uc73c\ub85c \uc54c\ub824\uc838 \uc788\uc2b5\ub2c8\ub2e4. \uc774\ub294 \uc2e0\uccb4\uac00 \uc2a4\ud2b8\ub808\uc2a4\uc5d0 \ub300\ucc98\ud558\uace0 \uc804\ubc18\uc801\uc778 \uc9c0\uad6c\ub825\uacfc \uc5d0\ub108\uc9c0\ub97c \uc99d\uac00\uc2dc\ud0a4\ub294 \ub370 \ub3c4\uc6c0\uc774 \ub418\ub294 <strong>\uc544\ub2f5\ud1a0\uc820 \ud2b9\uc131<\/strong> \ub54c\ubb38\uc5d0 \uac74\uac15 \ubcf4\uc870 \uc2dd\ud488\uc758 \uc778\uae30 \uc788\ub294 \uc131\ubd84\uc785\ub2c8\ub2e4. \ub610\ud55c \ud638\ub974\ubaac \uade0\ud615, \uc131 \uac74\uac15 \ubc0f \uc778\uc9c0 \uae30\ub2a5\uc5d0 \uc720\uc775\ud55c \ud6a8\uacfc\ub85c \uc778\ud574 \ud65c\uc6a9\ub429\ub2c8\ub2e4.  <\/p>\n<p>\ub9c8\uce74 \ucd94\ucd9c\ubb3c\uc740 \ud48d\ubd80\ud55c \uc601\uc591\uc18c \ud568\ub7c9\uacfc \uc7a0\uc7ac\uc801\uc778 \uac74\uac15\uc0c1\uc758 \uc774\uc810 \ub355\ubd84\uc5d0 \uac74\uac15 \ubcf4\uc870 \uc2dd\ud488\ubd80\ud130 \ud654\uc7a5\ud488\uc5d0 \uc774\ub974\uae30\uae4c\uc9c0 \ub2e4\ubc29\uba74\uc73c\ub85c \ud65c\uc6a9\ub429\ub2c8\ub2e4.<\/p>\n","protected":false},"excerpt":{"rendered":"<p>\ud559\uba85\uc73c\ub85c <strong>Lepidium Meyenii<\/strong>\ub85c \uc54c\ub824\uc9c4 <strong>\ub9c8\uce74 \ucd94\ucd9c\ubb3c<\/strong>\uc740 \ub3c5\ud2b9\ud55c \uac74\uac15 \ubc0f \uc601\uc591 \ud2b9\uc131\uc73c\ub85c \uc778\uc815\ubc1b\ub294 \uadc0\uc911\ud55c \uac74\uac15 \ubcf4\uc870 \uc2dd\ud488 \uc131\ubd84\uc785\ub2c8\ub2e4.<\/p>\n","protected":false},"featured_media":45521,"template":"","meta":{"_acf_changed":false},"product_brand":[],"product_cat":[8134],"product_tag":[],"class_list":{"0":"post-45520","1":"product","2":"type-product","3":"status-publish","4":"has-post-thumbnail","6":"product_cat-sig-mul-chu-chul-mul","7":"pa_certyfikaty-8218","8":"pa_certyfikaty-8219","9":"pa_czesc-rosliny-root-ko","11":"first","12":"instock","13":"shipping-taxable","14":"product-type-simple"},"acf":[],"yoast_head":"<!-- This site is optimized with the Yoast SEO plugin v27.5 - https:\/\/yoast.com\/product\/yoast-seo-wordpress\/ -->\n<title>\ub9c8\uce74 \ucd94\ucd9c\ubb3c - Hurtowy Dystrybutor<\/title>\n<meta name=\"description\" content=\"\ub9c8\uce74 \ucd94\ucd9c\ubb3c\uc740 \ub3c5\ud2b9\ud55c \uac74\uac15 \ubc0f \uc601\uc591 \ud2b9\uc131\uc73c\ub85c \uc778\uc815\ubc1b\ub294 \uadc0\uc911\ud55c \uac74\uac15 \ubcf4\uc870 \uc2dd\ud488 \uc131\ubd84\uc785\ub2c8\ub2e4.\" \/>\n<meta name=\"robots\" content=\"index, follow, max-snippet:-1, max-image-preview:large, max-video-preview:-1\" \/>\n<link rel=\"canonical\" href=\"https:\/\/naturalpoland.com\/ko\/je-pum\/sig-mul-chu-chul-mul\/%eb%a7%88%ec%b9%b4-%ec%b6%94%ec%b6%9c%eb%ac%bc\/\" \/>\n<meta property=\"og:locale\" content=\"ko_KR\" \/>\n<meta property=\"og:type\" content=\"article\" \/>\n<meta property=\"og:title\" content=\"\ub9c8\uce74 \ucd94\ucd9c\ubb3c - Hurtowy Dystrybutor\" \/>\n<meta property=\"og:description\" content=\"\ub9c8\uce74 \ucd94\ucd9c\ubb3c\uc740 \ub3c5\ud2b9\ud55c \uac74\uac15 \ubc0f \uc601\uc591 \ud2b9\uc131\uc73c\ub85c \uc778\uc815\ubc1b\ub294 \uadc0\uc911\ud55c \uac74\uac15 \ubcf4\uc870 \uc2dd\ud488 \uc131\ubd84\uc785\ub2c8\ub2e4.\" \/>\n<meta property=\"og:url\" content=\"https:\/\/naturalpoland.com\/ko\/je-pum\/sig-mul-chu-chul-mul\/%eb%a7%88%ec%b9%b4-%ec%b6%94%ec%b6%9c%eb%ac%bc\/\" \/>\n<meta property=\"og:site_name\" content=\"NATURAL POLAND - Hurtowy Dystrybutor Surowc\u00f3w\" \/>\n<meta property=\"article:publisher\" content=\"https:\/\/www.facebook.com\/naturalpoland.b2b\" \/>\n<meta property=\"article:modified_time\" content=\"2026-02-04T12:22:19+00:00\" \/>\n<meta property=\"og:image\" content=\"https:\/\/naturalpoland.com\/wp-content\/uploads\/ekstrakt-z-pieprzycy-peruwianskiej.webp\" \/>\n\t<meta property=\"og:image:width\" content=\"614\" \/>\n\t<meta property=\"og:image:height\" content=\"614\" \/>\n\t<meta property=\"og:image:type\" content=\"image\/webp\" \/>\n<script type=\"application\/ld+json\" class=\"yoast-schema-graph\">{\"@context\":\"https:\\\/\\\/schema.org\",\"@graph\":[{\"@type\":\"WebPage\",\"@id\":\"https:\\\/\\\/naturalpoland.com\\\/ko\\\/je-pum\\\/sig-mul-chu-chul-mul\\\/%eb%a7%88%ec%b9%b4-%ec%b6%94%ec%b6%9c%eb%ac%bc\\\/\",\"url\":\"https:\\\/\\\/naturalpoland.com\\\/ko\\\/je-pum\\\/sig-mul-chu-chul-mul\\\/%eb%a7%88%ec%b9%b4-%ec%b6%94%ec%b6%9c%eb%ac%bc\\\/\",\"name\":\"\ub9c8\uce74 \ucd94\ucd9c\ubb3c - Hurtowy Dystrybutor\",\"isPartOf\":{\"@id\":\"https:\\\/\\\/naturalpoland.com\\\/ko\\\/#website\"},\"primaryImageOfPage\":{\"@id\":\"https:\\\/\\\/naturalpoland.com\\\/ko\\\/je-pum\\\/sig-mul-chu-chul-mul\\\/%eb%a7%88%ec%b9%b4-%ec%b6%94%ec%b6%9c%eb%ac%bc\\\/#primaryimage\"},\"image\":{\"@id\":\"https:\\\/\\\/naturalpoland.com\\\/ko\\\/je-pum\\\/sig-mul-chu-chul-mul\\\/%eb%a7%88%ec%b9%b4-%ec%b6%94%ec%b6%9c%eb%ac%bc\\\/#primaryimage\"},\"thumbnailUrl\":\"https:\\\/\\\/naturalpoland.com\\\/wp-content\\\/uploads\\\/ekstrakt-z-pieprzycy-peruwianskiej.webp\",\"datePublished\":\"2024-01-25T14:30:07+00:00\",\"dateModified\":\"2026-02-04T12:22:19+00:00\",\"description\":\"\ub9c8\uce74 \ucd94\ucd9c\ubb3c\uc740 \ub3c5\ud2b9\ud55c \uac74\uac15 \ubc0f \uc601\uc591 \ud2b9\uc131\uc73c\ub85c \uc778\uc815\ubc1b\ub294 \uadc0\uc911\ud55c \uac74\uac15 \ubcf4\uc870 \uc2dd\ud488 \uc131\ubd84\uc785\ub2c8\ub2e4.\",\"breadcrumb\":{\"@id\":\"https:\\\/\\\/naturalpoland.com\\\/ko\\\/je-pum\\\/sig-mul-chu-chul-mul\\\/%eb%a7%88%ec%b9%b4-%ec%b6%94%ec%b6%9c%eb%ac%bc\\\/#breadcrumb\"},\"inLanguage\":\"ko-KR\",\"potentialAction\":[{\"@type\":\"ReadAction\",\"target\":[\"https:\\\/\\\/naturalpoland.com\\\/ko\\\/je-pum\\\/sig-mul-chu-chul-mul\\\/%eb%a7%88%ec%b9%b4-%ec%b6%94%ec%b6%9c%eb%ac%bc\\\/\"]}]},{\"@type\":\"ImageObject\",\"inLanguage\":\"ko-KR\",\"@id\":\"https:\\\/\\\/naturalpoland.com\\\/ko\\\/je-pum\\\/sig-mul-chu-chul-mul\\\/%eb%a7%88%ec%b9%b4-%ec%b6%94%ec%b6%9c%eb%ac%bc\\\/#primaryimage\",\"url\":\"https:\\\/\\\/naturalpoland.com\\\/wp-content\\\/uploads\\\/ekstrakt-z-pieprzycy-peruwianskiej.webp\",\"contentUrl\":\"https:\\\/\\\/naturalpoland.com\\\/wp-content\\\/uploads\\\/ekstrakt-z-pieprzycy-peruwianskiej.webp\",\"width\":614,\"height\":614,\"caption\":\"\ub9c8\uce74 \ucd94\ucd9c\ubb3c\"},{\"@type\":\"BreadcrumbList\",\"@id\":\"https:\\\/\\\/naturalpoland.com\\\/ko\\\/je-pum\\\/sig-mul-chu-chul-mul\\\/%eb%a7%88%ec%b9%b4-%ec%b6%94%ec%b6%9c%eb%ac%bc\\\/#breadcrumb\",\"itemListElement\":[{\"@type\":\"ListItem\",\"position\":1,\"name\":\"\ud648\",\"item\":\"https:\\\/\\\/naturalpoland.com\\\/ko\\\/\"},{\"@type\":\"ListItem\",\"position\":2,\"name\":\"\uc81c\ud488\",\"item\":\"https:\\\/\\\/naturalpoland.com\\\/ko\\\/%ec%a0%9c%ed%92%88\\\/\"},{\"@type\":\"ListItem\",\"position\":3,\"name\":\"\ub9c8\uce74 \ucd94\ucd9c\ubb3c\"}]},{\"@type\":\"WebSite\",\"@id\":\"https:\\\/\\\/naturalpoland.com\\\/ko\\\/#website\",\"url\":\"https:\\\/\\\/naturalpoland.com\\\/ko\\\/\",\"name\":\"NATURAL POLAND - Hurtowy Dystrybutor Surowc\u00f3w\",\"description\":\"Surowce dla przemys\u0142u spo\u017cywczego, kosmetycznego i farmaceutycznego\",\"publisher\":{\"@id\":\"https:\\\/\\\/naturalpoland.com\\\/ko\\\/#organization\"},\"potentialAction\":[{\"@type\":\"SearchAction\",\"target\":{\"@type\":\"EntryPoint\",\"urlTemplate\":\"https:\\\/\\\/naturalpoland.com\\\/ko\\\/?s={search_term_string}\"},\"query-input\":{\"@type\":\"PropertyValueSpecification\",\"valueRequired\":true,\"valueName\":\"search_term_string\"}}],\"inLanguage\":\"ko-KR\"},{\"@type\":\"Organization\",\"@id\":\"https:\\\/\\\/naturalpoland.com\\\/ko\\\/#organization\",\"name\":\"Natural Poland\",\"url\":\"https:\\\/\\\/naturalpoland.com\\\/ko\\\/\",\"logo\":{\"@type\":\"ImageObject\",\"inLanguage\":\"ko-KR\",\"@id\":\"https:\\\/\\\/naturalpoland.com\\\/ko\\\/#\\\/schema\\\/logo\\\/image\\\/\",\"url\":\"https:\\\/\\\/naturalpoland.com\\\/wp-content\\\/uploads\\\/2021\\\/05\\\/natural-poland-icon.png\",\"contentUrl\":\"https:\\\/\\\/naturalpoland.com\\\/wp-content\\\/uploads\\\/2021\\\/05\\\/natural-poland-icon.png\",\"width\":512,\"height\":512,\"caption\":\"Natural Poland\"},\"image\":{\"@id\":\"https:\\\/\\\/naturalpoland.com\\\/ko\\\/#\\\/schema\\\/logo\\\/image\\\/\"},\"sameAs\":[\"https:\\\/\\\/www.facebook.com\\\/naturalpoland.b2b\",\"https:\\\/\\\/pl.linkedin.com\\\/company\\\/natural-poland\",\"https:\\\/\\\/www.youtube.com\\\/channel\\\/UCgeGGkvOMahZo-xu_MSEWxg\"]}]}<\/script>\n<!-- \/ Yoast SEO plugin. -->","yoast_head_json":{"title":"\ub9c8\uce74 \ucd94\ucd9c\ubb3c - Hurtowy Dystrybutor","description":"\ub9c8\uce74 \ucd94\ucd9c\ubb3c\uc740 \ub3c5\ud2b9\ud55c \uac74\uac15 \ubc0f \uc601\uc591 \ud2b9\uc131\uc73c\ub85c \uc778\uc815\ubc1b\ub294 \uadc0\uc911\ud55c \uac74\uac15 \ubcf4\uc870 \uc2dd\ud488 \uc131\ubd84\uc785\ub2c8\ub2e4.","robots":{"index":"index","follow":"follow","max-snippet":"max-snippet:-1","max-image-preview":"max-image-preview:large","max-video-preview":"max-video-preview:-1"},"canonical":"https:\/\/naturalpoland.com\/ko\/je-pum\/sig-mul-chu-chul-mul\/%eb%a7%88%ec%b9%b4-%ec%b6%94%ec%b6%9c%eb%ac%bc\/","og_locale":"ko_KR","og_type":"article","og_title":"\ub9c8\uce74 \ucd94\ucd9c\ubb3c - Hurtowy Dystrybutor","og_description":"\ub9c8\uce74 \ucd94\ucd9c\ubb3c\uc740 \ub3c5\ud2b9\ud55c \uac74\uac15 \ubc0f \uc601\uc591 \ud2b9\uc131\uc73c\ub85c \uc778\uc815\ubc1b\ub294 \uadc0\uc911\ud55c \uac74\uac15 \ubcf4\uc870 \uc2dd\ud488 \uc131\ubd84\uc785\ub2c8\ub2e4.","og_url":"https:\/\/naturalpoland.com\/ko\/je-pum\/sig-mul-chu-chul-mul\/%eb%a7%88%ec%b9%b4-%ec%b6%94%ec%b6%9c%eb%ac%bc\/","og_site_name":"NATURAL POLAND - Hurtowy Dystrybutor Surowc\u00f3w","article_publisher":"https:\/\/www.facebook.com\/naturalpoland.b2b","article_modified_time":"2026-02-04T12:22:19+00:00","og_image":[{"width":614,"height":614,"url":"https:\/\/naturalpoland.com\/wp-content\/uploads\/ekstrakt-z-pieprzycy-peruwianskiej.webp","type":"image\/webp"}],"schema":{"@context":"https:\/\/schema.org","@graph":[{"@type":"WebPage","@id":"https:\/\/naturalpoland.com\/ko\/je-pum\/sig-mul-chu-chul-mul\/%eb%a7%88%ec%b9%b4-%ec%b6%94%ec%b6%9c%eb%ac%bc\/","url":"https:\/\/naturalpoland.com\/ko\/je-pum\/sig-mul-chu-chul-mul\/%eb%a7%88%ec%b9%b4-%ec%b6%94%ec%b6%9c%eb%ac%bc\/","name":"\ub9c8\uce74 \ucd94\ucd9c\ubb3c - Hurtowy Dystrybutor","isPartOf":{"@id":"https:\/\/naturalpoland.com\/ko\/#website"},"primaryImageOfPage":{"@id":"https:\/\/naturalpoland.com\/ko\/je-pum\/sig-mul-chu-chul-mul\/%eb%a7%88%ec%b9%b4-%ec%b6%94%ec%b6%9c%eb%ac%bc\/#primaryimage"},"image":{"@id":"https:\/\/naturalpoland.com\/ko\/je-pum\/sig-mul-chu-chul-mul\/%eb%a7%88%ec%b9%b4-%ec%b6%94%ec%b6%9c%eb%ac%bc\/#primaryimage"},"thumbnailUrl":"https:\/\/naturalpoland.com\/wp-content\/uploads\/ekstrakt-z-pieprzycy-peruwianskiej.webp","datePublished":"2024-01-25T14:30:07+00:00","dateModified":"2026-02-04T12:22:19+00:00","description":"\ub9c8\uce74 \ucd94\ucd9c\ubb3c\uc740 \ub3c5\ud2b9\ud55c \uac74\uac15 \ubc0f \uc601\uc591 \ud2b9\uc131\uc73c\ub85c \uc778\uc815\ubc1b\ub294 \uadc0\uc911\ud55c \uac74\uac15 \ubcf4\uc870 \uc2dd\ud488 \uc131\ubd84\uc785\ub2c8\ub2e4.","breadcrumb":{"@id":"https:\/\/naturalpoland.com\/ko\/je-pum\/sig-mul-chu-chul-mul\/%eb%a7%88%ec%b9%b4-%ec%b6%94%ec%b6%9c%eb%ac%bc\/#breadcrumb"},"inLanguage":"ko-KR","potentialAction":[{"@type":"ReadAction","target":["https:\/\/naturalpoland.com\/ko\/je-pum\/sig-mul-chu-chul-mul\/%eb%a7%88%ec%b9%b4-%ec%b6%94%ec%b6%9c%eb%ac%bc\/"]}]},{"@type":"ImageObject","inLanguage":"ko-KR","@id":"https:\/\/naturalpoland.com\/ko\/je-pum\/sig-mul-chu-chul-mul\/%eb%a7%88%ec%b9%b4-%ec%b6%94%ec%b6%9c%eb%ac%bc\/#primaryimage","url":"https:\/\/naturalpoland.com\/wp-content\/uploads\/ekstrakt-z-pieprzycy-peruwianskiej.webp","contentUrl":"https:\/\/naturalpoland.com\/wp-content\/uploads\/ekstrakt-z-pieprzycy-peruwianskiej.webp","width":614,"height":614,"caption":"\ub9c8\uce74 \ucd94\ucd9c\ubb3c"},{"@type":"BreadcrumbList","@id":"https:\/\/naturalpoland.com\/ko\/je-pum\/sig-mul-chu-chul-mul\/%eb%a7%88%ec%b9%b4-%ec%b6%94%ec%b6%9c%eb%ac%bc\/#breadcrumb","itemListElement":[{"@type":"ListItem","position":1,"name":"\ud648","item":"https:\/\/naturalpoland.com\/ko\/"},{"@type":"ListItem","position":2,"name":"\uc81c\ud488","item":"https:\/\/naturalpoland.com\/ko\/%ec%a0%9c%ed%92%88\/"},{"@type":"ListItem","position":3,"name":"\ub9c8\uce74 \ucd94\ucd9c\ubb3c"}]},{"@type":"WebSite","@id":"https:\/\/naturalpoland.com\/ko\/#website","url":"https:\/\/naturalpoland.com\/ko\/","name":"NATURAL POLAND - Hurtowy Dystrybutor Surowc\u00f3w","description":"Surowce dla przemys\u0142u spo\u017cywczego, kosmetycznego i farmaceutycznego","publisher":{"@id":"https:\/\/naturalpoland.com\/ko\/#organization"},"potentialAction":[{"@type":"SearchAction","target":{"@type":"EntryPoint","urlTemplate":"https:\/\/naturalpoland.com\/ko\/?s={search_term_string}"},"query-input":{"@type":"PropertyValueSpecification","valueRequired":true,"valueName":"search_term_string"}}],"inLanguage":"ko-KR"},{"@type":"Organization","@id":"https:\/\/naturalpoland.com\/ko\/#organization","name":"Natural Poland","url":"https:\/\/naturalpoland.com\/ko\/","logo":{"@type":"ImageObject","inLanguage":"ko-KR","@id":"https:\/\/naturalpoland.com\/ko\/#\/schema\/logo\/image\/","url":"https:\/\/naturalpoland.com\/wp-content\/uploads\/2021\/05\/natural-poland-icon.png","contentUrl":"https:\/\/naturalpoland.com\/wp-content\/uploads\/2021\/05\/natural-poland-icon.png","width":512,"height":512,"caption":"Natural Poland"},"image":{"@id":"https:\/\/naturalpoland.com\/ko\/#\/schema\/logo\/image\/"},"sameAs":["https:\/\/www.facebook.com\/naturalpoland.b2b","https:\/\/pl.linkedin.com\/company\/natural-poland","https:\/\/www.youtube.com\/channel\/UCgeGGkvOMahZo-xu_MSEWxg"]}]}},"_links":{"self":[{"href":"https:\/\/naturalpoland.com\/ko\/wp-json\/wp\/v2\/product\/45520","targetHints":{"allow":["GET"]}}],"collection":[{"href":"https:\/\/naturalpoland.com\/ko\/wp-json\/wp\/v2\/product"}],"about":[{"href":"https:\/\/naturalpoland.com\/ko\/wp-json\/wp\/v2\/types\/product"}],"wp:featuredmedia":[{"embeddable":true,"href":"https:\/\/naturalpoland.com\/ko\/wp-json\/wp\/v2\/media\/45521"}],"wp:attachment":[{"href":"https:\/\/naturalpoland.com\/ko\/wp-json\/wp\/v2\/media?parent=45520"}],"wp:term":[{"taxonomy":"product_brand","embeddable":true,"href":"https:\/\/naturalpoland.com\/ko\/wp-json\/wp\/v2\/product_brand?post=45520"},{"taxonomy":"product_cat","embeddable":true,"href":"https:\/\/naturalpoland.com\/ko\/wp-json\/wp\/v2\/product_cat?post=45520"},{"taxonomy":"product_tag","embeddable":true,"href":"https:\/\/naturalpoland.com\/ko\/wp-json\/wp\/v2\/product_tag?post=45520"}],"curies":[{"name":"wp","href":"https:\/\/api.w.org\/{rel}","templated":true}]}}