{"id":45524,"date":"2023-10-26T13:45:41","date_gmt":"2023-10-26T11:45:41","guid":{"rendered":"https:\/\/naturalpoland.com\/produkty\/uncategorized\/%eb%a6%ac%ed%8c%8c%ec%95%84%ec%a0%9c-ec-3-1-1-3\/"},"modified":"2026-02-04T13:24:27","modified_gmt":"2026-02-04T12:24:27","slug":"%eb%a6%ac%ed%8c%8c%ec%95%84%ec%a0%9c-ec-3-1-1-3","status":"publish","type":"product","link":"https:\/\/naturalpoland.com\/ko\/je-pum\/sig-pum-won-ryo\/hyo-so\/yu-je-pum-hyo-so\/%eb%a6%ac%ed%8c%8c%ec%95%84%ec%a0%9c-ec-3-1-1-3\/","title":{"rendered":"\ub9ac\ud30c\uc544\uc81c EC 3.1.1.3"},"content":{"rendered":"<h4>\uae30\uc6d0:<\/h4>\n<ul>\n<li><strong>\uacf0\ud321\uc774:<\/strong> <em>Mucor meihei, Candida rugosa<\/em><\/li>\n<li><strong>\ubc15\ud14c\ub9ac\uc544:<\/strong> <em>Achromobacter, Alcaligenes, Arthrobacter, Pseudomonas, Staphylococcus, Chromobacterium<\/em><\/li>\n<\/ul>\n<h4>\ud6a8\ub2a5:<\/h4>\n<ul>\n<li><strong>\ud2b8\ub9ac\uae00\ub9ac\uc138\ub9ac\ub4dc \uac00\uc218\ubd84\ud574:<\/strong> \ub9ac\ud30c\uc544\uc81c\ub294 \ud2b8\ub9ac\uae00\ub9ac\uc138\ub9ac\ub4dc\ub97c \uc720\ub9ac \uc9c0\ubc29\uc0b0\uacfc \uc54c\ucf54\uc62c\ub85c \uc804\ud658\ud569\ub2c8\ub2e4.<\/li>\n<li><strong>\ub300\uc0ac \ucc38\uc5ec:<\/strong> \ud6a8\uc18c \ud65c\uc131\uc740 \uc9c0\ubc29\ubd84\ud574, \ub2e8\ubc31\uc9c8\ubd84\ud574, \uc794\ub958 \uc720\ub2f9 \ubc0f \uc816\uc0b0 \ub300\uc0ac\ub97c \ud3ec\ud568\ud569\ub2c8\ub2e4. \ub610\ud55c, \ub9ac\ud30c\uc544\uc81c\ub294 \ubb3c\uacfc \uc9c0\uc9c8\uc758 \uacc4\uba74\uc5d0\uc11c \ubc18\uc751\uc744 \ucd09\ub9e4\ud558\ub294 \ub3c5\ud2b9\ud55c \ub2a5\ub825\uc744 \uac00\uc9c0\uace0 \uc788\uc2b5\ub2c8\ub2e4. <\/li>\n<\/ul>\n<h4>\uc801\uc6a9 \ubd84\uc57c<\/h4>\n<ul>\n<li><strong>\uce58\uc988 \ud5a5\ubbf8 \ubd80\uc5ec:<\/strong> \ub9ac\ud30c\uc544\uc81c\ub294 \uc6b0\uc720 \uc9c0\ubc29\uc758 \uac00\uc218\ubd84\ud574\ub97c \ud1b5\ud574 \uce58\uc988\uc758 \ud2b9\uc9d5\uc801\uc778 \ub9db\uc744 \ud615\uc131\ud558\ub294 \uc5ed\ud560\uc744 \ud569\ub2c8\ub2e4.<\/li>\n<li><strong>\uc9c0\ubc29 \ubcc0\ud615:<\/strong> \uc9c0\ubc29 \ubd84\ud68d\uc758 \uc5d0\uc2a4\ud14c\ub974\ud654 \uacf5\uc815\uc5d0 \uc0ac\uc6a9\ub429\ub2c8\ub2e4.<\/li>\n<li><strong>\ud5a5\ub8cc \uc0dd\uc0b0:<\/strong> \uce58\uc988 \uc720\uc0ac \uc81c\ud488\uc5d0 \uc0ac\uc6a9\ub418\ub294 \ud2b9\uc815 \ud5a5\ub8cc \uc0dd\uc0b0\uc5d0 \ucc38\uc5ec\ud569\ub2c8\ub2e4.<\/li>\n<li><strong>\uce58\uc988 \uc219\uc131 \uac00\uc18d\ud654:<\/strong> \ub9ac\ud30c\uc544\uc81c\ub294 \uc911\uae30 \ubc0f \uc7a5\uae30 \uc219\uc131 \uce58\uc988 \uc0dd\uc0b0\uc5d0 \ud65c\uc6a9\ub418\uc5b4 \uc219\uc131 \uacfc\uc815\uc744 \uac00\uc18d\ud654\ud569\ub2c8\ub2e4.<\/li>\n<\/ul>\n<p>\ub9ac\ud30c\uc544\uc81c EC 3.1.1.3\ub294 \ub2e4\uc591\ud55c \uc2dd\ud488 \uc0dd\uc0b0\uc5d0\uc11c \ud544\uc218\uc801\uc778 \uad6c\uc131 \uc694\uc18c\ub85c, \ub3c5\ud2b9\ud55c \ub9db\uacfc \ub6f0\uc5b4\ub09c \uc9c8\uac10\uc744 \ubcf4\uc7a5\ud569\ub2c8\ub2e4.<\/p>\n","protected":false},"excerpt":{"rendered":"<p>\ub9ac\ud30c\uc544\uc81c\ub294 \uc9c0\ubc29 \ubcc0\ud615\uc5d0 \ud2b9\ud654\ub41c \ud6a8\uc18c\ub85c, \uc2dd\ud488 \uc0b0\uc5c5, \ud2b9\ud788 \uce58\uc988 \uc0dd\uc0b0\uc5d0\uc11c \uc911\uc694\ud55c \uc5ed\ud560\uc744 \ud569\ub2c8\ub2e4. \ubb3c\uacfc \uc9c0\uc9c8\uc758 \uacc4\uba74\uc5d0\uc11c \ud2b9\uc815 \ubc18\uc751\uc744 \ucd09\ub9e4\ud558\ub294 \ub2a5\ub825\uc744 \uac00\uc9c0\uace0 \uc788\uc5b4 \ub2e4\uc591\ud55c \uc0dd\uc0b0 \uacf5\uc815\uc5d0\uc11c \ub3c5\ud2b9\ud558\uac8c \ud65c\uc6a9\ub429\ub2c8\ub2e4. <\/p>\n","protected":false},"featured_media":45526,"template":"","meta":{"_acf_changed":false},"product_brand":[],"product_cat":[8172],"product_tag":[],"class_list":{"0":"post-45524","1":"product","2":"type-product","3":"status-publish","4":"has-post-thumbnail","6":"product_cat-yu-je-pum-hyo-so","8":"first","9":"instock","10":"shipping-taxable","11":"product-type-simple"},"acf":[],"yoast_head":"<!-- This site is optimized with the Yoast SEO plugin v27.5 - https:\/\/yoast.com\/product\/yoast-seo-wordpress\/ -->\n<title>\ub9ac\ud30c\uc544\uc81c EC 3.1.1.3 - Hurtowy Dystrybutor<\/title>\n<meta name=\"description\" content=\"\ub9ac\ud30c\uc544\uc81c\ub294 \uc9c0\ubc29 \ubcc0\ud615\uc5d0 \ud2b9\ud654\ub41c \ud6a8\uc18c\ub85c, \uc2dd\ud488 \uc0b0\uc5c5, \ud2b9\ud788 \uce58\uc988 \uc0dd\uc0b0\uc5d0\uc11c \uc911\uc694\ud55c \uc5ed\ud560\uc744 \ud569\ub2c8\ub2e4.\" \/>\n<meta name=\"robots\" content=\"index, follow, max-snippet:-1, max-image-preview:large, max-video-preview:-1\" \/>\n<link rel=\"canonical\" href=\"https:\/\/naturalpoland.com\/ko\/je-pum\/sig-pum-won-ryo\/hyo-so\/yu-je-pum-hyo-so\/%eb%a6%ac%ed%8c%8c%ec%95%84%ec%a0%9c-ec-3-1-1-3\/\" \/>\n<meta property=\"og:locale\" content=\"ko_KR\" \/>\n<meta property=\"og:type\" content=\"article\" \/>\n<meta property=\"og:title\" content=\"\ub9ac\ud30c\uc544\uc81c EC 3.1.1.3 - Hurtowy Dystrybutor\" \/>\n<meta property=\"og:description\" content=\"\ub9ac\ud30c\uc544\uc81c\ub294 \uc9c0\ubc29 \ubcc0\ud615\uc5d0 \ud2b9\ud654\ub41c \ud6a8\uc18c\ub85c, \uc2dd\ud488 \uc0b0\uc5c5, \ud2b9\ud788 \uce58\uc988 \uc0dd\uc0b0\uc5d0\uc11c \uc911\uc694\ud55c \uc5ed\ud560\uc744 \ud569\ub2c8\ub2e4.\" \/>\n<meta property=\"og:url\" content=\"https:\/\/naturalpoland.com\/ko\/je-pum\/sig-pum-won-ryo\/hyo-so\/yu-je-pum-hyo-so\/%eb%a6%ac%ed%8c%8c%ec%95%84%ec%a0%9c-ec-3-1-1-3\/\" \/>\n<meta property=\"og:site_name\" content=\"NATURAL POLAND - Hurtowy Dystrybutor Surowc\u00f3w\" \/>\n<meta property=\"article:publisher\" content=\"https:\/\/www.facebook.com\/naturalpoland.b2b\" \/>\n<meta property=\"article:modified_time\" content=\"2026-02-04T12:24:27+00:00\" \/>\n<meta property=\"og:image\" content=\"https:\/\/naturalpoland.com\/wp-content\/uploads\/lipaza.jpg\" \/>\n\t<meta property=\"og:image:width\" content=\"650\" \/>\n\t<meta property=\"og:image:height\" content=\"650\" \/>\n\t<meta property=\"og:image:type\" content=\"image\/jpeg\" \/>\n<script type=\"application\/ld+json\" class=\"yoast-schema-graph\">{\"@context\":\"https:\\\/\\\/schema.org\",\"@graph\":[{\"@type\":\"WebPage\",\"@id\":\"https:\\\/\\\/naturalpoland.com\\\/ko\\\/je-pum\\\/sig-pum-won-ryo\\\/hyo-so\\\/yu-je-pum-hyo-so\\\/%eb%a6%ac%ed%8c%8c%ec%95%84%ec%a0%9c-ec-3-1-1-3\\\/\",\"url\":\"https:\\\/\\\/naturalpoland.com\\\/ko\\\/je-pum\\\/sig-pum-won-ryo\\\/hyo-so\\\/yu-je-pum-hyo-so\\\/%eb%a6%ac%ed%8c%8c%ec%95%84%ec%a0%9c-ec-3-1-1-3\\\/\",\"name\":\"\ub9ac\ud30c\uc544\uc81c EC 3.1.1.3 - Hurtowy Dystrybutor\",\"isPartOf\":{\"@id\":\"https:\\\/\\\/naturalpoland.com\\\/ko\\\/#website\"},\"primaryImageOfPage\":{\"@id\":\"https:\\\/\\\/naturalpoland.com\\\/ko\\\/je-pum\\\/sig-pum-won-ryo\\\/hyo-so\\\/yu-je-pum-hyo-so\\\/%eb%a6%ac%ed%8c%8c%ec%95%84%ec%a0%9c-ec-3-1-1-3\\\/#primaryimage\"},\"image\":{\"@id\":\"https:\\\/\\\/naturalpoland.com\\\/ko\\\/je-pum\\\/sig-pum-won-ryo\\\/hyo-so\\\/yu-je-pum-hyo-so\\\/%eb%a6%ac%ed%8c%8c%ec%95%84%ec%a0%9c-ec-3-1-1-3\\\/#primaryimage\"},\"thumbnailUrl\":\"https:\\\/\\\/naturalpoland.com\\\/wp-content\\\/uploads\\\/lipaza.jpg\",\"datePublished\":\"2023-10-26T11:45:41+00:00\",\"dateModified\":\"2026-02-04T12:24:27+00:00\",\"description\":\"\ub9ac\ud30c\uc544\uc81c\ub294 \uc9c0\ubc29 \ubcc0\ud615\uc5d0 \ud2b9\ud654\ub41c \ud6a8\uc18c\ub85c, \uc2dd\ud488 \uc0b0\uc5c5, \ud2b9\ud788 \uce58\uc988 \uc0dd\uc0b0\uc5d0\uc11c \uc911\uc694\ud55c \uc5ed\ud560\uc744 \ud569\ub2c8\ub2e4.\",\"breadcrumb\":{\"@id\":\"https:\\\/\\\/naturalpoland.com\\\/ko\\\/je-pum\\\/sig-pum-won-ryo\\\/hyo-so\\\/yu-je-pum-hyo-so\\\/%eb%a6%ac%ed%8c%8c%ec%95%84%ec%a0%9c-ec-3-1-1-3\\\/#breadcrumb\"},\"inLanguage\":\"ko-KR\",\"potentialAction\":[{\"@type\":\"ReadAction\",\"target\":[\"https:\\\/\\\/naturalpoland.com\\\/ko\\\/je-pum\\\/sig-pum-won-ryo\\\/hyo-so\\\/yu-je-pum-hyo-so\\\/%eb%a6%ac%ed%8c%8c%ec%95%84%ec%a0%9c-ec-3-1-1-3\\\/\"]}]},{\"@type\":\"ImageObject\",\"inLanguage\":\"ko-KR\",\"@id\":\"https:\\\/\\\/naturalpoland.com\\\/ko\\\/je-pum\\\/sig-pum-won-ryo\\\/hyo-so\\\/yu-je-pum-hyo-so\\\/%eb%a6%ac%ed%8c%8c%ec%95%84%ec%a0%9c-ec-3-1-1-3\\\/#primaryimage\",\"url\":\"https:\\\/\\\/naturalpoland.com\\\/wp-content\\\/uploads\\\/lipaza.jpg\",\"contentUrl\":\"https:\\\/\\\/naturalpoland.com\\\/wp-content\\\/uploads\\\/lipaza.jpg\",\"width\":650,\"height\":650,\"caption\":\"\ub9ac\ud30c\uc544\uc81c\"},{\"@type\":\"BreadcrumbList\",\"@id\":\"https:\\\/\\\/naturalpoland.com\\\/ko\\\/je-pum\\\/sig-pum-won-ryo\\\/hyo-so\\\/yu-je-pum-hyo-so\\\/%eb%a6%ac%ed%8c%8c%ec%95%84%ec%a0%9c-ec-3-1-1-3\\\/#breadcrumb\",\"itemListElement\":[{\"@type\":\"ListItem\",\"position\":1,\"name\":\"\ud648\",\"item\":\"https:\\\/\\\/naturalpoland.com\\\/ko\\\/\"},{\"@type\":\"ListItem\",\"position\":2,\"name\":\"\uc81c\ud488\",\"item\":\"https:\\\/\\\/naturalpoland.com\\\/ko\\\/%ec%a0%9c%ed%92%88\\\/\"},{\"@type\":\"ListItem\",\"position\":3,\"name\":\"\ub9ac\ud30c\uc544\uc81c EC 3.1.1.3\"}]},{\"@type\":\"WebSite\",\"@id\":\"https:\\\/\\\/naturalpoland.com\\\/ko\\\/#website\",\"url\":\"https:\\\/\\\/naturalpoland.com\\\/ko\\\/\",\"name\":\"NATURAL POLAND - Hurtowy Dystrybutor Surowc\u00f3w\",\"description\":\"Surowce dla przemys\u0142u spo\u017cywczego, kosmetycznego i farmaceutycznego\",\"publisher\":{\"@id\":\"https:\\\/\\\/naturalpoland.com\\\/ko\\\/#organization\"},\"potentialAction\":[{\"@type\":\"SearchAction\",\"target\":{\"@type\":\"EntryPoint\",\"urlTemplate\":\"https:\\\/\\\/naturalpoland.com\\\/ko\\\/?s={search_term_string}\"},\"query-input\":{\"@type\":\"PropertyValueSpecification\",\"valueRequired\":true,\"valueName\":\"search_term_string\"}}],\"inLanguage\":\"ko-KR\"},{\"@type\":\"Organization\",\"@id\":\"https:\\\/\\\/naturalpoland.com\\\/ko\\\/#organization\",\"name\":\"Natural Poland\",\"url\":\"https:\\\/\\\/naturalpoland.com\\\/ko\\\/\",\"logo\":{\"@type\":\"ImageObject\",\"inLanguage\":\"ko-KR\",\"@id\":\"https:\\\/\\\/naturalpoland.com\\\/ko\\\/#\\\/schema\\\/logo\\\/image\\\/\",\"url\":\"https:\\\/\\\/naturalpoland.com\\\/wp-content\\\/uploads\\\/2021\\\/05\\\/natural-poland-icon.png\",\"contentUrl\":\"https:\\\/\\\/naturalpoland.com\\\/wp-content\\\/uploads\\\/2021\\\/05\\\/natural-poland-icon.png\",\"width\":512,\"height\":512,\"caption\":\"Natural Poland\"},\"image\":{\"@id\":\"https:\\\/\\\/naturalpoland.com\\\/ko\\\/#\\\/schema\\\/logo\\\/image\\\/\"},\"sameAs\":[\"https:\\\/\\\/www.facebook.com\\\/naturalpoland.b2b\",\"https:\\\/\\\/pl.linkedin.com\\\/company\\\/natural-poland\",\"https:\\\/\\\/www.youtube.com\\\/channel\\\/UCgeGGkvOMahZo-xu_MSEWxg\"]}]}<\/script>\n<!-- \/ Yoast SEO plugin. -->","yoast_head_json":{"title":"\ub9ac\ud30c\uc544\uc81c EC 3.1.1.3 - Hurtowy Dystrybutor","description":"\ub9ac\ud30c\uc544\uc81c\ub294 \uc9c0\ubc29 \ubcc0\ud615\uc5d0 \ud2b9\ud654\ub41c \ud6a8\uc18c\ub85c, \uc2dd\ud488 \uc0b0\uc5c5, \ud2b9\ud788 \uce58\uc988 \uc0dd\uc0b0\uc5d0\uc11c \uc911\uc694\ud55c \uc5ed\ud560\uc744 \ud569\ub2c8\ub2e4.","robots":{"index":"index","follow":"follow","max-snippet":"max-snippet:-1","max-image-preview":"max-image-preview:large","max-video-preview":"max-video-preview:-1"},"canonical":"https:\/\/naturalpoland.com\/ko\/je-pum\/sig-pum-won-ryo\/hyo-so\/yu-je-pum-hyo-so\/%eb%a6%ac%ed%8c%8c%ec%95%84%ec%a0%9c-ec-3-1-1-3\/","og_locale":"ko_KR","og_type":"article","og_title":"\ub9ac\ud30c\uc544\uc81c EC 3.1.1.3 - Hurtowy Dystrybutor","og_description":"\ub9ac\ud30c\uc544\uc81c\ub294 \uc9c0\ubc29 \ubcc0\ud615\uc5d0 \ud2b9\ud654\ub41c \ud6a8\uc18c\ub85c, \uc2dd\ud488 \uc0b0\uc5c5, \ud2b9\ud788 \uce58\uc988 \uc0dd\uc0b0\uc5d0\uc11c \uc911\uc694\ud55c \uc5ed\ud560\uc744 \ud569\ub2c8\ub2e4.","og_url":"https:\/\/naturalpoland.com\/ko\/je-pum\/sig-pum-won-ryo\/hyo-so\/yu-je-pum-hyo-so\/%eb%a6%ac%ed%8c%8c%ec%95%84%ec%a0%9c-ec-3-1-1-3\/","og_site_name":"NATURAL POLAND - Hurtowy Dystrybutor Surowc\u00f3w","article_publisher":"https:\/\/www.facebook.com\/naturalpoland.b2b","article_modified_time":"2026-02-04T12:24:27+00:00","og_image":[{"width":650,"height":650,"url":"https:\/\/naturalpoland.com\/wp-content\/uploads\/lipaza.jpg","type":"image\/jpeg"}],"schema":{"@context":"https:\/\/schema.org","@graph":[{"@type":"WebPage","@id":"https:\/\/naturalpoland.com\/ko\/je-pum\/sig-pum-won-ryo\/hyo-so\/yu-je-pum-hyo-so\/%eb%a6%ac%ed%8c%8c%ec%95%84%ec%a0%9c-ec-3-1-1-3\/","url":"https:\/\/naturalpoland.com\/ko\/je-pum\/sig-pum-won-ryo\/hyo-so\/yu-je-pum-hyo-so\/%eb%a6%ac%ed%8c%8c%ec%95%84%ec%a0%9c-ec-3-1-1-3\/","name":"\ub9ac\ud30c\uc544\uc81c EC 3.1.1.3 - Hurtowy Dystrybutor","isPartOf":{"@id":"https:\/\/naturalpoland.com\/ko\/#website"},"primaryImageOfPage":{"@id":"https:\/\/naturalpoland.com\/ko\/je-pum\/sig-pum-won-ryo\/hyo-so\/yu-je-pum-hyo-so\/%eb%a6%ac%ed%8c%8c%ec%95%84%ec%a0%9c-ec-3-1-1-3\/#primaryimage"},"image":{"@id":"https:\/\/naturalpoland.com\/ko\/je-pum\/sig-pum-won-ryo\/hyo-so\/yu-je-pum-hyo-so\/%eb%a6%ac%ed%8c%8c%ec%95%84%ec%a0%9c-ec-3-1-1-3\/#primaryimage"},"thumbnailUrl":"https:\/\/naturalpoland.com\/wp-content\/uploads\/lipaza.jpg","datePublished":"2023-10-26T11:45:41+00:00","dateModified":"2026-02-04T12:24:27+00:00","description":"\ub9ac\ud30c\uc544\uc81c\ub294 \uc9c0\ubc29 \ubcc0\ud615\uc5d0 \ud2b9\ud654\ub41c \ud6a8\uc18c\ub85c, \uc2dd\ud488 \uc0b0\uc5c5, \ud2b9\ud788 \uce58\uc988 \uc0dd\uc0b0\uc5d0\uc11c \uc911\uc694\ud55c \uc5ed\ud560\uc744 \ud569\ub2c8\ub2e4.","breadcrumb":{"@id":"https:\/\/naturalpoland.com\/ko\/je-pum\/sig-pum-won-ryo\/hyo-so\/yu-je-pum-hyo-so\/%eb%a6%ac%ed%8c%8c%ec%95%84%ec%a0%9c-ec-3-1-1-3\/#breadcrumb"},"inLanguage":"ko-KR","potentialAction":[{"@type":"ReadAction","target":["https:\/\/naturalpoland.com\/ko\/je-pum\/sig-pum-won-ryo\/hyo-so\/yu-je-pum-hyo-so\/%eb%a6%ac%ed%8c%8c%ec%95%84%ec%a0%9c-ec-3-1-1-3\/"]}]},{"@type":"ImageObject","inLanguage":"ko-KR","@id":"https:\/\/naturalpoland.com\/ko\/je-pum\/sig-pum-won-ryo\/hyo-so\/yu-je-pum-hyo-so\/%eb%a6%ac%ed%8c%8c%ec%95%84%ec%a0%9c-ec-3-1-1-3\/#primaryimage","url":"https:\/\/naturalpoland.com\/wp-content\/uploads\/lipaza.jpg","contentUrl":"https:\/\/naturalpoland.com\/wp-content\/uploads\/lipaza.jpg","width":650,"height":650,"caption":"\ub9ac\ud30c\uc544\uc81c"},{"@type":"BreadcrumbList","@id":"https:\/\/naturalpoland.com\/ko\/je-pum\/sig-pum-won-ryo\/hyo-so\/yu-je-pum-hyo-so\/%eb%a6%ac%ed%8c%8c%ec%95%84%ec%a0%9c-ec-3-1-1-3\/#breadcrumb","itemListElement":[{"@type":"ListItem","position":1,"name":"\ud648","item":"https:\/\/naturalpoland.com\/ko\/"},{"@type":"ListItem","position":2,"name":"\uc81c\ud488","item":"https:\/\/naturalpoland.com\/ko\/%ec%a0%9c%ed%92%88\/"},{"@type":"ListItem","position":3,"name":"\ub9ac\ud30c\uc544\uc81c EC 3.1.1.3"}]},{"@type":"WebSite","@id":"https:\/\/naturalpoland.com\/ko\/#website","url":"https:\/\/naturalpoland.com\/ko\/","name":"NATURAL POLAND - Hurtowy Dystrybutor Surowc\u00f3w","description":"Surowce dla przemys\u0142u spo\u017cywczego, kosmetycznego i farmaceutycznego","publisher":{"@id":"https:\/\/naturalpoland.com\/ko\/#organization"},"potentialAction":[{"@type":"SearchAction","target":{"@type":"EntryPoint","urlTemplate":"https:\/\/naturalpoland.com\/ko\/?s={search_term_string}"},"query-input":{"@type":"PropertyValueSpecification","valueRequired":true,"valueName":"search_term_string"}}],"inLanguage":"ko-KR"},{"@type":"Organization","@id":"https:\/\/naturalpoland.com\/ko\/#organization","name":"Natural Poland","url":"https:\/\/naturalpoland.com\/ko\/","logo":{"@type":"ImageObject","inLanguage":"ko-KR","@id":"https:\/\/naturalpoland.com\/ko\/#\/schema\/logo\/image\/","url":"https:\/\/naturalpoland.com\/wp-content\/uploads\/2021\/05\/natural-poland-icon.png","contentUrl":"https:\/\/naturalpoland.com\/wp-content\/uploads\/2021\/05\/natural-poland-icon.png","width":512,"height":512,"caption":"Natural Poland"},"image":{"@id":"https:\/\/naturalpoland.com\/ko\/#\/schema\/logo\/image\/"},"sameAs":["https:\/\/www.facebook.com\/naturalpoland.b2b","https:\/\/pl.linkedin.com\/company\/natural-poland","https:\/\/www.youtube.com\/channel\/UCgeGGkvOMahZo-xu_MSEWxg"]}]}},"_links":{"self":[{"href":"https:\/\/naturalpoland.com\/ko\/wp-json\/wp\/v2\/product\/45524","targetHints":{"allow":["GET"]}}],"collection":[{"href":"https:\/\/naturalpoland.com\/ko\/wp-json\/wp\/v2\/product"}],"about":[{"href":"https:\/\/naturalpoland.com\/ko\/wp-json\/wp\/v2\/types\/product"}],"wp:featuredmedia":[{"embeddable":true,"href":"https:\/\/naturalpoland.com\/ko\/wp-json\/wp\/v2\/media\/45526"}],"wp:attachment":[{"href":"https:\/\/naturalpoland.com\/ko\/wp-json\/wp\/v2\/media?parent=45524"}],"wp:term":[{"taxonomy":"product_brand","embeddable":true,"href":"https:\/\/naturalpoland.com\/ko\/wp-json\/wp\/v2\/product_brand?post=45524"},{"taxonomy":"product_cat","embeddable":true,"href":"https:\/\/naturalpoland.com\/ko\/wp-json\/wp\/v2\/product_cat?post=45524"},{"taxonomy":"product_tag","embeddable":true,"href":"https:\/\/naturalpoland.com\/ko\/wp-json\/wp\/v2\/product_tag?post=45524"}],"curies":[{"name":"wp","href":"https:\/\/api.w.org\/{rel}","templated":true}]}}