{"id":45544,"date":"2023-10-18T16:25:38","date_gmt":"2023-10-18T14:25:38","guid":{"rendered":"https:\/\/naturalpoland.com\/produkty\/uncategorized\/%ec%85%80%eb%a3%b0%eb%9d%bc%ec%95%84%ec%a0%9c-ec-3-2-1-4\/"},"modified":"2026-02-04T13:25:28","modified_gmt":"2026-02-04T12:25:28","slug":"%ec%85%80%eb%a3%b0%eb%9d%bc%ec%95%84%ec%a0%9c-ec-3-2-1-4","status":"publish","type":"product","link":"https:\/\/naturalpoland.com\/ko\/je-pum\/sig-pum-won-ryo\/hyo-so\/je-ppang-yong-hyo-so\/%ec%85%80%eb%a3%b0%eb%9d%bc%ec%95%84%ec%a0%9c-ec-3-2-1-4\/","title":{"rendered":"\uc140\ub8f0\ub77c\uc544\uc81c EC 3.2.1.4"},"content":{"rendered":"<p>\uc774 \ud6a8\uc18c\uc758 \ucd94\uac00\uc801\uc778 \uc774\uc810\uc740 \ube75 \uc18d \uc544\ub77c\ube44\ub178-\uc790\uc77c\ub85c-\uc62c\ub9ac\uace0\ub2f9 \ub18d\ub3c4\ub97c \uc99d\uac00\uc2dc\ucf1c \uc778\uccb4 \uac74\uac15\uc5d0 \uc720\uc775\ud55c \uc601\ud5a5\uc744 \ubbf8\uce5c\ub2e4\ub294 \uac83\uc785\ub2c8\ub2e4.<\/p>\n<h3>\uae30\uc6d0:<\/h3>\n<ul>\n<li><em>Trichoderma<\/em> \uc18d \uade0\ub958: <em>T. reesei QM 6a<\/em> \ubc0f \uadf8 \ubcc0\uc774\uc8fc, <em>T. harzianum, T. viride<\/em>.<\/li>\n<li>\ud3ec\uc790 \ud615\uc131 \uac04\uade0: <em>Aspergillus, Penicillium, Humicola, Cellulomonas, Pseudomonas<\/em>.<\/li>\n<li><em>Streptomyces<\/em>\uc640 \uac19\uc740 \ubc29\uc120\uade0<\/li>\n<\/ul>\n<h3>\ud6a8\ub2a5:<\/h3>\n<ul>\n<li>\ubb3c\uc744 \uc774\uc6a9\ud55c \uc140\ub8f0\ub85c\uc2a4 \ubd84\ud574 \ucd09\ub9e4 \uc791\uc6a9.<br \/>\n\uc140\ub8f0\ub85c\uc2a4\uc758 \u03b2-1,4-\uae00\ub9ac\ucf54\uc2dc\ub4dc \uacb0\ud569\uc744 \uac00\uc218\ubd84\ud574\ud558\uace0 \uc911\ud569\uccb4\ub97c \uc810\uc9c4\uc801\uc73c\ub85c \ub2e8\ucd95\ud558\uc5ec \ucd5c\uc885 \uc0b0\ubb3c\uc778 \ud3ec\ub3c4\ub2f9\uc744 \uc5bb\uc2b5\ub2c8\ub2e4.<\/li>\n<\/ul>\n","protected":false},"excerpt":{"rendered":"<p>\uc140\ub8f0\ub77c\uc544\uc81c\ub294 \uae00\ub8e8\ud150 \ub124\ud2b8\uc6cc\ud06c \ud615\uc131\uc744 \ubc29\ud574\ud558\ub294 \ubd88\uc6a9\uc131 \uc544\ub77c\ube44\ub179\uc2e4\ub780\uc744 \uc81c\uac70\ud558\uc5ec \uace0\ubd84\uc790 \uc6a9\ud574\uc131 \uc544\ub77c\ube44\ub179\uc2e4\ub780\uc744 \uc0dd\uc131\ud558\uace0, \uc774\ub294 \uc810\ub3c4 \uc99d\uac00 \ubc0f <strong>\ubc18\uc8fd \uc548\uc815\uc131 \uac1c\uc120<\/strong>\uc73c\ub85c \uc774\uc5b4\uc9c0\ub294 \uc81c\ube75 \ud6a8\uc18c\uc785\ub2c8\ub2e4. \uc81c\ube75 \uc0b0\uc5c5\uc5d0\uc11c \uc140\ub8f0\ub77c\uc544\uc81c\ub97c \uc0ac\uc6a9\ud558\uba74 \ubc18\uc8fd\uc758 \uc720\ubcc0\ud559\uc801 \ud2b9\uc131\uacfc \ube75\uc758 \uad00\ub2a5\uc801 \ud2b9\uc131\uc5d0 \uc601\ud5a5\uc744 \ubbf8\uce69\ub2c8\ub2e4. <\/p>\n","protected":false},"featured_media":45546,"template":"","meta":{"_acf_changed":false},"product_brand":[],"product_cat":[8173],"product_tag":[],"class_list":{"0":"post-45544","1":"product","2":"type-product","3":"status-publish","4":"has-post-thumbnail","6":"product_cat-je-ppang-yong-hyo-so","8":"first","9":"instock","10":"shipping-taxable","11":"product-type-simple"},"acf":[],"yoast_head":"<!-- This site is optimized with the Yoast SEO plugin v27.5 - https:\/\/yoast.com\/product\/yoast-seo-wordpress\/ -->\n<title>\uc140\ub8f0\ub77c\uc544\uc81c EC 3.2.1.4 - Hurtowy Dystrybutor<\/title>\n<meta name=\"description\" content=\"\uc140\ub8f0\ub77c\uc544\uc81c\ub294 \uae00\ub8e8\ud150 \ub124\ud2b8\uc6cc\ud06c \ud615\uc131\uc744 \ubc29\ud574\ud558\ub294 \ubd88\uc6a9\uc131 \uc544\ub77c\ube44\ub179\uc2e4\ub780\uc744 \uc81c\uac70\ud558\uc5ec \ubc18\uc8fd\uc758 \uc810\ub3c4\ub97c \uac1c\uc120\ud558\ub294 \uc81c\ube75 \ud6a8\uc18c\uc785\ub2c8\ub2e4.\" \/>\n<meta name=\"robots\" content=\"index, follow, max-snippet:-1, max-image-preview:large, max-video-preview:-1\" \/>\n<link rel=\"canonical\" href=\"https:\/\/naturalpoland.com\/ko\/je-pum\/sig-pum-won-ryo\/hyo-so\/je-ppang-yong-hyo-so\/%ec%85%80%eb%a3%b0%eb%9d%bc%ec%95%84%ec%a0%9c-ec-3-2-1-4\/\" \/>\n<meta property=\"og:locale\" content=\"ko_KR\" \/>\n<meta property=\"og:type\" content=\"article\" \/>\n<meta property=\"og:title\" content=\"\uc140\ub8f0\ub77c\uc544\uc81c EC 3.2.1.4 - Hurtowy Dystrybutor\" \/>\n<meta property=\"og:description\" content=\"\uc140\ub8f0\ub77c\uc544\uc81c\ub294 \uae00\ub8e8\ud150 \ub124\ud2b8\uc6cc\ud06c \ud615\uc131\uc744 \ubc29\ud574\ud558\ub294 \ubd88\uc6a9\uc131 \uc544\ub77c\ube44\ub179\uc2e4\ub780\uc744 \uc81c\uac70\ud558\uc5ec \ubc18\uc8fd\uc758 \uc810\ub3c4\ub97c \uac1c\uc120\ud558\ub294 \uc81c\ube75 \ud6a8\uc18c\uc785\ub2c8\ub2e4.\" \/>\n<meta property=\"og:url\" content=\"https:\/\/naturalpoland.com\/ko\/je-pum\/sig-pum-won-ryo\/hyo-so\/je-ppang-yong-hyo-so\/%ec%85%80%eb%a3%b0%eb%9d%bc%ec%95%84%ec%a0%9c-ec-3-2-1-4\/\" \/>\n<meta property=\"og:site_name\" content=\"NATURAL POLAND - Hurtowy Dystrybutor Surowc\u00f3w\" \/>\n<meta property=\"article:publisher\" content=\"https:\/\/www.facebook.com\/naturalpoland.b2b\" \/>\n<meta property=\"article:modified_time\" content=\"2026-02-04T12:25:28+00:00\" \/>\n<meta property=\"og:image\" content=\"https:\/\/naturalpoland.com\/wp-content\/uploads\/celulaza.jpg\" \/>\n\t<meta property=\"og:image:width\" content=\"650\" \/>\n\t<meta property=\"og:image:height\" content=\"650\" \/>\n\t<meta property=\"og:image:type\" content=\"image\/jpeg\" \/>\n<script type=\"application\/ld+json\" class=\"yoast-schema-graph\">{\"@context\":\"https:\\\/\\\/schema.org\",\"@graph\":[{\"@type\":\"WebPage\",\"@id\":\"https:\\\/\\\/naturalpoland.com\\\/ko\\\/je-pum\\\/sig-pum-won-ryo\\\/hyo-so\\\/je-ppang-yong-hyo-so\\\/%ec%85%80%eb%a3%b0%eb%9d%bc%ec%95%84%ec%a0%9c-ec-3-2-1-4\\\/\",\"url\":\"https:\\\/\\\/naturalpoland.com\\\/ko\\\/je-pum\\\/sig-pum-won-ryo\\\/hyo-so\\\/je-ppang-yong-hyo-so\\\/%ec%85%80%eb%a3%b0%eb%9d%bc%ec%95%84%ec%a0%9c-ec-3-2-1-4\\\/\",\"name\":\"\uc140\ub8f0\ub77c\uc544\uc81c EC 3.2.1.4 - Hurtowy Dystrybutor\",\"isPartOf\":{\"@id\":\"https:\\\/\\\/naturalpoland.com\\\/ko\\\/#website\"},\"primaryImageOfPage\":{\"@id\":\"https:\\\/\\\/naturalpoland.com\\\/ko\\\/je-pum\\\/sig-pum-won-ryo\\\/hyo-so\\\/je-ppang-yong-hyo-so\\\/%ec%85%80%eb%a3%b0%eb%9d%bc%ec%95%84%ec%a0%9c-ec-3-2-1-4\\\/#primaryimage\"},\"image\":{\"@id\":\"https:\\\/\\\/naturalpoland.com\\\/ko\\\/je-pum\\\/sig-pum-won-ryo\\\/hyo-so\\\/je-ppang-yong-hyo-so\\\/%ec%85%80%eb%a3%b0%eb%9d%bc%ec%95%84%ec%a0%9c-ec-3-2-1-4\\\/#primaryimage\"},\"thumbnailUrl\":\"https:\\\/\\\/naturalpoland.com\\\/wp-content\\\/uploads\\\/celulaza.jpg\",\"datePublished\":\"2023-10-18T14:25:38+00:00\",\"dateModified\":\"2026-02-04T12:25:28+00:00\",\"description\":\"\uc140\ub8f0\ub77c\uc544\uc81c\ub294 \uae00\ub8e8\ud150 \ub124\ud2b8\uc6cc\ud06c \ud615\uc131\uc744 \ubc29\ud574\ud558\ub294 \ubd88\uc6a9\uc131 \uc544\ub77c\ube44\ub179\uc2e4\ub780\uc744 \uc81c\uac70\ud558\uc5ec \ubc18\uc8fd\uc758 \uc810\ub3c4\ub97c \uac1c\uc120\ud558\ub294 \uc81c\ube75 \ud6a8\uc18c\uc785\ub2c8\ub2e4.\",\"breadcrumb\":{\"@id\":\"https:\\\/\\\/naturalpoland.com\\\/ko\\\/je-pum\\\/sig-pum-won-ryo\\\/hyo-so\\\/je-ppang-yong-hyo-so\\\/%ec%85%80%eb%a3%b0%eb%9d%bc%ec%95%84%ec%a0%9c-ec-3-2-1-4\\\/#breadcrumb\"},\"inLanguage\":\"ko-KR\",\"potentialAction\":[{\"@type\":\"ReadAction\",\"target\":[\"https:\\\/\\\/naturalpoland.com\\\/ko\\\/je-pum\\\/sig-pum-won-ryo\\\/hyo-so\\\/je-ppang-yong-hyo-so\\\/%ec%85%80%eb%a3%b0%eb%9d%bc%ec%95%84%ec%a0%9c-ec-3-2-1-4\\\/\"]}]},{\"@type\":\"ImageObject\",\"inLanguage\":\"ko-KR\",\"@id\":\"https:\\\/\\\/naturalpoland.com\\\/ko\\\/je-pum\\\/sig-pum-won-ryo\\\/hyo-so\\\/je-ppang-yong-hyo-so\\\/%ec%85%80%eb%a3%b0%eb%9d%bc%ec%95%84%ec%a0%9c-ec-3-2-1-4\\\/#primaryimage\",\"url\":\"https:\\\/\\\/naturalpoland.com\\\/wp-content\\\/uploads\\\/celulaza.jpg\",\"contentUrl\":\"https:\\\/\\\/naturalpoland.com\\\/wp-content\\\/uploads\\\/celulaza.jpg\",\"width\":650,\"height\":650,\"caption\":\"\uc140\ub8f0\ub77c\uc544\uc81c\"},{\"@type\":\"BreadcrumbList\",\"@id\":\"https:\\\/\\\/naturalpoland.com\\\/ko\\\/je-pum\\\/sig-pum-won-ryo\\\/hyo-so\\\/je-ppang-yong-hyo-so\\\/%ec%85%80%eb%a3%b0%eb%9d%bc%ec%95%84%ec%a0%9c-ec-3-2-1-4\\\/#breadcrumb\",\"itemListElement\":[{\"@type\":\"ListItem\",\"position\":1,\"name\":\"\ud648\",\"item\":\"https:\\\/\\\/naturalpoland.com\\\/ko\\\/\"},{\"@type\":\"ListItem\",\"position\":2,\"name\":\"\uc81c\ud488\",\"item\":\"https:\\\/\\\/naturalpoland.com\\\/ko\\\/%ec%a0%9c%ed%92%88\\\/\"},{\"@type\":\"ListItem\",\"position\":3,\"name\":\"\uc140\ub8f0\ub77c\uc544\uc81c EC 3.2.1.4\"}]},{\"@type\":\"WebSite\",\"@id\":\"https:\\\/\\\/naturalpoland.com\\\/ko\\\/#website\",\"url\":\"https:\\\/\\\/naturalpoland.com\\\/ko\\\/\",\"name\":\"NATURAL POLAND - Hurtowy Dystrybutor Surowc\u00f3w\",\"description\":\"Surowce dla przemys\u0142u spo\u017cywczego, kosmetycznego i farmaceutycznego\",\"publisher\":{\"@id\":\"https:\\\/\\\/naturalpoland.com\\\/ko\\\/#organization\"},\"potentialAction\":[{\"@type\":\"SearchAction\",\"target\":{\"@type\":\"EntryPoint\",\"urlTemplate\":\"https:\\\/\\\/naturalpoland.com\\\/ko\\\/?s={search_term_string}\"},\"query-input\":{\"@type\":\"PropertyValueSpecification\",\"valueRequired\":true,\"valueName\":\"search_term_string\"}}],\"inLanguage\":\"ko-KR\"},{\"@type\":\"Organization\",\"@id\":\"https:\\\/\\\/naturalpoland.com\\\/ko\\\/#organization\",\"name\":\"Natural Poland\",\"url\":\"https:\\\/\\\/naturalpoland.com\\\/ko\\\/\",\"logo\":{\"@type\":\"ImageObject\",\"inLanguage\":\"ko-KR\",\"@id\":\"https:\\\/\\\/naturalpoland.com\\\/ko\\\/#\\\/schema\\\/logo\\\/image\\\/\",\"url\":\"https:\\\/\\\/naturalpoland.com\\\/wp-content\\\/uploads\\\/2021\\\/05\\\/natural-poland-icon.png\",\"contentUrl\":\"https:\\\/\\\/naturalpoland.com\\\/wp-content\\\/uploads\\\/2021\\\/05\\\/natural-poland-icon.png\",\"width\":512,\"height\":512,\"caption\":\"Natural Poland\"},\"image\":{\"@id\":\"https:\\\/\\\/naturalpoland.com\\\/ko\\\/#\\\/schema\\\/logo\\\/image\\\/\"},\"sameAs\":[\"https:\\\/\\\/www.facebook.com\\\/naturalpoland.b2b\",\"https:\\\/\\\/pl.linkedin.com\\\/company\\\/natural-poland\",\"https:\\\/\\\/www.youtube.com\\\/channel\\\/UCgeGGkvOMahZo-xu_MSEWxg\"]}]}<\/script>\n<!-- \/ Yoast SEO plugin. -->","yoast_head_json":{"title":"\uc140\ub8f0\ub77c\uc544\uc81c EC 3.2.1.4 - Hurtowy Dystrybutor","description":"\uc140\ub8f0\ub77c\uc544\uc81c\ub294 \uae00\ub8e8\ud150 \ub124\ud2b8\uc6cc\ud06c \ud615\uc131\uc744 \ubc29\ud574\ud558\ub294 \ubd88\uc6a9\uc131 \uc544\ub77c\ube44\ub179\uc2e4\ub780\uc744 \uc81c\uac70\ud558\uc5ec \ubc18\uc8fd\uc758 \uc810\ub3c4\ub97c \uac1c\uc120\ud558\ub294 \uc81c\ube75 \ud6a8\uc18c\uc785\ub2c8\ub2e4.","robots":{"index":"index","follow":"follow","max-snippet":"max-snippet:-1","max-image-preview":"max-image-preview:large","max-video-preview":"max-video-preview:-1"},"canonical":"https:\/\/naturalpoland.com\/ko\/je-pum\/sig-pum-won-ryo\/hyo-so\/je-ppang-yong-hyo-so\/%ec%85%80%eb%a3%b0%eb%9d%bc%ec%95%84%ec%a0%9c-ec-3-2-1-4\/","og_locale":"ko_KR","og_type":"article","og_title":"\uc140\ub8f0\ub77c\uc544\uc81c EC 3.2.1.4 - Hurtowy Dystrybutor","og_description":"\uc140\ub8f0\ub77c\uc544\uc81c\ub294 \uae00\ub8e8\ud150 \ub124\ud2b8\uc6cc\ud06c \ud615\uc131\uc744 \ubc29\ud574\ud558\ub294 \ubd88\uc6a9\uc131 \uc544\ub77c\ube44\ub179\uc2e4\ub780\uc744 \uc81c\uac70\ud558\uc5ec \ubc18\uc8fd\uc758 \uc810\ub3c4\ub97c \uac1c\uc120\ud558\ub294 \uc81c\ube75 \ud6a8\uc18c\uc785\ub2c8\ub2e4.","og_url":"https:\/\/naturalpoland.com\/ko\/je-pum\/sig-pum-won-ryo\/hyo-so\/je-ppang-yong-hyo-so\/%ec%85%80%eb%a3%b0%eb%9d%bc%ec%95%84%ec%a0%9c-ec-3-2-1-4\/","og_site_name":"NATURAL POLAND - Hurtowy Dystrybutor Surowc\u00f3w","article_publisher":"https:\/\/www.facebook.com\/naturalpoland.b2b","article_modified_time":"2026-02-04T12:25:28+00:00","og_image":[{"width":650,"height":650,"url":"https:\/\/naturalpoland.com\/wp-content\/uploads\/celulaza.jpg","type":"image\/jpeg"}],"schema":{"@context":"https:\/\/schema.org","@graph":[{"@type":"WebPage","@id":"https:\/\/naturalpoland.com\/ko\/je-pum\/sig-pum-won-ryo\/hyo-so\/je-ppang-yong-hyo-so\/%ec%85%80%eb%a3%b0%eb%9d%bc%ec%95%84%ec%a0%9c-ec-3-2-1-4\/","url":"https:\/\/naturalpoland.com\/ko\/je-pum\/sig-pum-won-ryo\/hyo-so\/je-ppang-yong-hyo-so\/%ec%85%80%eb%a3%b0%eb%9d%bc%ec%95%84%ec%a0%9c-ec-3-2-1-4\/","name":"\uc140\ub8f0\ub77c\uc544\uc81c EC 3.2.1.4 - Hurtowy Dystrybutor","isPartOf":{"@id":"https:\/\/naturalpoland.com\/ko\/#website"},"primaryImageOfPage":{"@id":"https:\/\/naturalpoland.com\/ko\/je-pum\/sig-pum-won-ryo\/hyo-so\/je-ppang-yong-hyo-so\/%ec%85%80%eb%a3%b0%eb%9d%bc%ec%95%84%ec%a0%9c-ec-3-2-1-4\/#primaryimage"},"image":{"@id":"https:\/\/naturalpoland.com\/ko\/je-pum\/sig-pum-won-ryo\/hyo-so\/je-ppang-yong-hyo-so\/%ec%85%80%eb%a3%b0%eb%9d%bc%ec%95%84%ec%a0%9c-ec-3-2-1-4\/#primaryimage"},"thumbnailUrl":"https:\/\/naturalpoland.com\/wp-content\/uploads\/celulaza.jpg","datePublished":"2023-10-18T14:25:38+00:00","dateModified":"2026-02-04T12:25:28+00:00","description":"\uc140\ub8f0\ub77c\uc544\uc81c\ub294 \uae00\ub8e8\ud150 \ub124\ud2b8\uc6cc\ud06c \ud615\uc131\uc744 \ubc29\ud574\ud558\ub294 \ubd88\uc6a9\uc131 \uc544\ub77c\ube44\ub179\uc2e4\ub780\uc744 \uc81c\uac70\ud558\uc5ec \ubc18\uc8fd\uc758 \uc810\ub3c4\ub97c \uac1c\uc120\ud558\ub294 \uc81c\ube75 \ud6a8\uc18c\uc785\ub2c8\ub2e4.","breadcrumb":{"@id":"https:\/\/naturalpoland.com\/ko\/je-pum\/sig-pum-won-ryo\/hyo-so\/je-ppang-yong-hyo-so\/%ec%85%80%eb%a3%b0%eb%9d%bc%ec%95%84%ec%a0%9c-ec-3-2-1-4\/#breadcrumb"},"inLanguage":"ko-KR","potentialAction":[{"@type":"ReadAction","target":["https:\/\/naturalpoland.com\/ko\/je-pum\/sig-pum-won-ryo\/hyo-so\/je-ppang-yong-hyo-so\/%ec%85%80%eb%a3%b0%eb%9d%bc%ec%95%84%ec%a0%9c-ec-3-2-1-4\/"]}]},{"@type":"ImageObject","inLanguage":"ko-KR","@id":"https:\/\/naturalpoland.com\/ko\/je-pum\/sig-pum-won-ryo\/hyo-so\/je-ppang-yong-hyo-so\/%ec%85%80%eb%a3%b0%eb%9d%bc%ec%95%84%ec%a0%9c-ec-3-2-1-4\/#primaryimage","url":"https:\/\/naturalpoland.com\/wp-content\/uploads\/celulaza.jpg","contentUrl":"https:\/\/naturalpoland.com\/wp-content\/uploads\/celulaza.jpg","width":650,"height":650,"caption":"\uc140\ub8f0\ub77c\uc544\uc81c"},{"@type":"BreadcrumbList","@id":"https:\/\/naturalpoland.com\/ko\/je-pum\/sig-pum-won-ryo\/hyo-so\/je-ppang-yong-hyo-so\/%ec%85%80%eb%a3%b0%eb%9d%bc%ec%95%84%ec%a0%9c-ec-3-2-1-4\/#breadcrumb","itemListElement":[{"@type":"ListItem","position":1,"name":"\ud648","item":"https:\/\/naturalpoland.com\/ko\/"},{"@type":"ListItem","position":2,"name":"\uc81c\ud488","item":"https:\/\/naturalpoland.com\/ko\/%ec%a0%9c%ed%92%88\/"},{"@type":"ListItem","position":3,"name":"\uc140\ub8f0\ub77c\uc544\uc81c EC 3.2.1.4"}]},{"@type":"WebSite","@id":"https:\/\/naturalpoland.com\/ko\/#website","url":"https:\/\/naturalpoland.com\/ko\/","name":"NATURAL POLAND - Hurtowy Dystrybutor Surowc\u00f3w","description":"Surowce dla przemys\u0142u spo\u017cywczego, kosmetycznego i farmaceutycznego","publisher":{"@id":"https:\/\/naturalpoland.com\/ko\/#organization"},"potentialAction":[{"@type":"SearchAction","target":{"@type":"EntryPoint","urlTemplate":"https:\/\/naturalpoland.com\/ko\/?s={search_term_string}"},"query-input":{"@type":"PropertyValueSpecification","valueRequired":true,"valueName":"search_term_string"}}],"inLanguage":"ko-KR"},{"@type":"Organization","@id":"https:\/\/naturalpoland.com\/ko\/#organization","name":"Natural Poland","url":"https:\/\/naturalpoland.com\/ko\/","logo":{"@type":"ImageObject","inLanguage":"ko-KR","@id":"https:\/\/naturalpoland.com\/ko\/#\/schema\/logo\/image\/","url":"https:\/\/naturalpoland.com\/wp-content\/uploads\/2021\/05\/natural-poland-icon.png","contentUrl":"https:\/\/naturalpoland.com\/wp-content\/uploads\/2021\/05\/natural-poland-icon.png","width":512,"height":512,"caption":"Natural Poland"},"image":{"@id":"https:\/\/naturalpoland.com\/ko\/#\/schema\/logo\/image\/"},"sameAs":["https:\/\/www.facebook.com\/naturalpoland.b2b","https:\/\/pl.linkedin.com\/company\/natural-poland","https:\/\/www.youtube.com\/channel\/UCgeGGkvOMahZo-xu_MSEWxg"]}]}},"_links":{"self":[{"href":"https:\/\/naturalpoland.com\/ko\/wp-json\/wp\/v2\/product\/45544","targetHints":{"allow":["GET"]}}],"collection":[{"href":"https:\/\/naturalpoland.com\/ko\/wp-json\/wp\/v2\/product"}],"about":[{"href":"https:\/\/naturalpoland.com\/ko\/wp-json\/wp\/v2\/types\/product"}],"wp:featuredmedia":[{"embeddable":true,"href":"https:\/\/naturalpoland.com\/ko\/wp-json\/wp\/v2\/media\/45546"}],"wp:attachment":[{"href":"https:\/\/naturalpoland.com\/ko\/wp-json\/wp\/v2\/media?parent=45544"}],"wp:term":[{"taxonomy":"product_brand","embeddable":true,"href":"https:\/\/naturalpoland.com\/ko\/wp-json\/wp\/v2\/product_brand?post=45544"},{"taxonomy":"product_cat","embeddable":true,"href":"https:\/\/naturalpoland.com\/ko\/wp-json\/wp\/v2\/product_cat?post=45544"},{"taxonomy":"product_tag","embeddable":true,"href":"https:\/\/naturalpoland.com\/ko\/wp-json\/wp\/v2\/product_tag?post=45544"}],"curies":[{"name":"wp","href":"https:\/\/api.w.org\/{rel}","templated":true}]}}