{"id":45555,"date":"2023-10-19T10:56:37","date_gmt":"2023-10-19T08:56:37","guid":{"rendered":"https:\/\/naturalpoland.com\/produkty\/uncategorized\/%eb%a6%ac%ed%8f%ad%ec%8b%9c%ea%b2%8c%eb%82%98%ec%95%84%ec%a0%9c\/"},"modified":"2026-02-04T13:25:55","modified_gmt":"2026-02-04T12:25:55","slug":"%eb%a6%ac%ed%8f%ad%ec%8b%9c%ea%b2%8c%eb%82%98%ec%95%84%ec%a0%9c","status":"publish","type":"product","link":"https:\/\/naturalpoland.com\/ko\/je-pum\/sig-pum-won-ryo\/hyo-so\/je-ppang-yong-hyo-so\/%eb%a6%ac%ed%8f%ad%ec%8b%9c%ea%b2%8c%eb%82%98%ec%95%84%ec%a0%9c\/","title":{"rendered":"\ub9ac\ud3ed\uc2dc\uac8c\ub098\uc544\uc81c"},"content":{"rendered":"<p>\ub9ac\ud3ed\uc2dc\uac8c\ub098\uc544\uc81c\ub294 \ubd88\ud3ec\ud654 \uc9c0\ubc29\uc0b0, \ud2b9\ud788 \ub9ac\ub180\ub808\uc0b0\uc758 \uc0b0\ud654\ub97c \ucd09\ub9e4\ud558\ub294 \ud6a8\uc18c\uc785\ub2c8\ub2e4. \ub9ac\ud3ed\uc2dc\uac8c\ub098\uc544\uc81c\uc5d0 \uc758\ud574 \ucd09\ub9e4\ub418\ub294 \ubc18\uc751\uc5d0\uc11c\ub294 \uc9c0\uc9c8 \ud558\uc774\ub4dc\ub85c\ud37c\uc625\uc0ac\uc774\ub4dc\uac00 \uc0dd\uc131\ub429\ub2c8\ub2e4. \uc774 \ud6a8\uc18c\ub294 \uc9c0\uc9c8 \ub300\uc0ac \ubc0f \uc2dd\ubb3c\uc758 \ubc29\uc5b4 \ubc18\uc751\uc744 \ud3ec\ud568\ud55c \uc5ec\ub7ec \uc0dd\ubb3c\ud559\uc801 \uacfc\uc815\uc5d0\uc11c \uc911\uc694\ud55c \uc5ed\ud560\uc744 \ud569\ub2c8\ub2e4.  <\/p>\n<p>\uc81c\ube75 \uc0b0\uc5c5\uc5d0\uc11c \ub9ac\ud3ed\uc2dc\uac8c\ub098\uc544\uc81c\ub294 \ubc00\uac00\ub8e8\uc5d0 \uc874\uc7ac\ud558\ub294 \ubd88\ud3ec\ud654 \uc9c0\ubc29\uc0b0\uc744 \uc0b0\ud654\uc2dc\ud0a4\ub294 \ub2a5\ub825 \ub54c\ubb38\uc5d0 \uc0ac\uc6a9\ub418\uba70, \uc774\ub294 \ubc18\uc8fd\uacfc \uc644\uc131\ub41c \ubca0\uc774\ud0b9 \uc81c\ud488\uc758 \ud488\uc9c8\uc5d0 \uc601\ud5a5\uc744 \ubbf8\uce69\ub2c8\ub2e4.<\/p>\n","protected":false},"excerpt":{"rendered":"<p>\ub9ac\ud3ed\uc2dc\uac8c\ub098\uc544\uc81c\ub294 \ube75\uc758 \uc0c9\uc0c1, \uc9c8\uac10, \ub9db\uc5d0 \uc601\ud5a5\uc744 \uc8fc\uc5b4 \ubca0\uc774\ud0b9 \uc81c\ud488\uc758 \ud488\uc9c8\uc744 \uac1c\uc120\ud558\ub294 \ubca0\uc774\ud0b9 \ud6a8\uc18c\uc785\ub2c8\ub2e4. \uc801\uc808\ud55c \uc0ac\uc6a9\uc740 \ubca0\uc774\ud0b9 \uc81c\ud488\uc758 \ub9e4\ub825\uc744 \ud06c\uac8c \ub192\uc5ec \ub354\uc6b1 \ub9db\uc788\uace0 \uc2e0\uc120\ud558\uac8c \uc720\uc9c0\ud560 \uc218 \uc788\uc2b5\ub2c8\ub2e4. <\/p>\n","protected":false},"featured_media":45557,"template":"","meta":{"_acf_changed":false},"product_brand":[],"product_cat":[8173],"product_tag":[],"class_list":{"0":"post-45555","1":"product","2":"type-product","3":"status-publish","4":"has-post-thumbnail","6":"product_cat-je-ppang-yong-hyo-so","8":"first","9":"instock","10":"shipping-taxable","11":"product-type-simple"},"acf":[],"yoast_head":"<!-- This site is optimized with the Yoast SEO plugin v27.5 - https:\/\/yoast.com\/product\/yoast-seo-wordpress\/ -->\n<title>\ub9ac\ud3ed\uc2dc\uac8c\ub098\uc544\uc81c - Hurtowy Dystrybutor<\/title>\n<meta name=\"description\" content=\"\ub9ac\ud3ed\uc2dc\uac8c\ub098\uc544\uc81c\ub294 \ube75\uc758 \uc0c9\uc0c1, \uc9c8\uac10, \ub9db\uc5d0 \uc601\ud5a5\uc744 \uc8fc\uc5b4 \ubca0\uc774\ud0b9 \uc81c\ud488\uc758 \ud488\uc9c8\uc744 \uac1c\uc120\ud558\ub294 \ubca0\uc774\ud0b9 \ud6a8\uc18c\uc785\ub2c8\ub2e4.\" \/>\n<meta name=\"robots\" content=\"index, follow, max-snippet:-1, max-image-preview:large, max-video-preview:-1\" \/>\n<link rel=\"canonical\" href=\"https:\/\/naturalpoland.com\/ko\/je-pum\/sig-pum-won-ryo\/hyo-so\/je-ppang-yong-hyo-so\/%eb%a6%ac%ed%8f%ad%ec%8b%9c%ea%b2%8c%eb%82%98%ec%95%84%ec%a0%9c\/\" \/>\n<meta property=\"og:locale\" content=\"ko_KR\" \/>\n<meta property=\"og:type\" content=\"article\" \/>\n<meta property=\"og:title\" content=\"\ub9ac\ud3ed\uc2dc\uac8c\ub098\uc544\uc81c - Hurtowy Dystrybutor\" \/>\n<meta property=\"og:description\" content=\"\ub9ac\ud3ed\uc2dc\uac8c\ub098\uc544\uc81c\ub294 \ube75\uc758 \uc0c9\uc0c1, \uc9c8\uac10, \ub9db\uc5d0 \uc601\ud5a5\uc744 \uc8fc\uc5b4 \ubca0\uc774\ud0b9 \uc81c\ud488\uc758 \ud488\uc9c8\uc744 \uac1c\uc120\ud558\ub294 \ubca0\uc774\ud0b9 \ud6a8\uc18c\uc785\ub2c8\ub2e4.\" \/>\n<meta property=\"og:url\" content=\"https:\/\/naturalpoland.com\/ko\/je-pum\/sig-pum-won-ryo\/hyo-so\/je-ppang-yong-hyo-so\/%eb%a6%ac%ed%8f%ad%ec%8b%9c%ea%b2%8c%eb%82%98%ec%95%84%ec%a0%9c\/\" \/>\n<meta property=\"og:site_name\" content=\"NATURAL POLAND - Hurtowy Dystrybutor Surowc\u00f3w\" \/>\n<meta property=\"article:publisher\" content=\"https:\/\/www.facebook.com\/naturalpoland.b2b\" \/>\n<meta property=\"article:modified_time\" content=\"2026-02-04T12:25:55+00:00\" \/>\n<meta property=\"og:image\" content=\"https:\/\/naturalpoland.com\/wp-content\/uploads\/lipooksygenaza.jpg\" \/>\n\t<meta property=\"og:image:width\" content=\"650\" \/>\n\t<meta property=\"og:image:height\" content=\"650\" \/>\n\t<meta property=\"og:image:type\" content=\"image\/jpeg\" \/>\n<script type=\"application\/ld+json\" class=\"yoast-schema-graph\">{\"@context\":\"https:\\\/\\\/schema.org\",\"@graph\":[{\"@type\":\"WebPage\",\"@id\":\"https:\\\/\\\/naturalpoland.com\\\/ko\\\/je-pum\\\/sig-pum-won-ryo\\\/hyo-so\\\/je-ppang-yong-hyo-so\\\/%eb%a6%ac%ed%8f%ad%ec%8b%9c%ea%b2%8c%eb%82%98%ec%95%84%ec%a0%9c\\\/\",\"url\":\"https:\\\/\\\/naturalpoland.com\\\/ko\\\/je-pum\\\/sig-pum-won-ryo\\\/hyo-so\\\/je-ppang-yong-hyo-so\\\/%eb%a6%ac%ed%8f%ad%ec%8b%9c%ea%b2%8c%eb%82%98%ec%95%84%ec%a0%9c\\\/\",\"name\":\"\ub9ac\ud3ed\uc2dc\uac8c\ub098\uc544\uc81c - Hurtowy Dystrybutor\",\"isPartOf\":{\"@id\":\"https:\\\/\\\/naturalpoland.com\\\/ko\\\/#website\"},\"primaryImageOfPage\":{\"@id\":\"https:\\\/\\\/naturalpoland.com\\\/ko\\\/je-pum\\\/sig-pum-won-ryo\\\/hyo-so\\\/je-ppang-yong-hyo-so\\\/%eb%a6%ac%ed%8f%ad%ec%8b%9c%ea%b2%8c%eb%82%98%ec%95%84%ec%a0%9c\\\/#primaryimage\"},\"image\":{\"@id\":\"https:\\\/\\\/naturalpoland.com\\\/ko\\\/je-pum\\\/sig-pum-won-ryo\\\/hyo-so\\\/je-ppang-yong-hyo-so\\\/%eb%a6%ac%ed%8f%ad%ec%8b%9c%ea%b2%8c%eb%82%98%ec%95%84%ec%a0%9c\\\/#primaryimage\"},\"thumbnailUrl\":\"https:\\\/\\\/naturalpoland.com\\\/wp-content\\\/uploads\\\/lipooksygenaza.jpg\",\"datePublished\":\"2023-10-19T08:56:37+00:00\",\"dateModified\":\"2026-02-04T12:25:55+00:00\",\"description\":\"\ub9ac\ud3ed\uc2dc\uac8c\ub098\uc544\uc81c\ub294 \ube75\uc758 \uc0c9\uc0c1, \uc9c8\uac10, \ub9db\uc5d0 \uc601\ud5a5\uc744 \uc8fc\uc5b4 \ubca0\uc774\ud0b9 \uc81c\ud488\uc758 \ud488\uc9c8\uc744 \uac1c\uc120\ud558\ub294 \ubca0\uc774\ud0b9 \ud6a8\uc18c\uc785\ub2c8\ub2e4.\",\"breadcrumb\":{\"@id\":\"https:\\\/\\\/naturalpoland.com\\\/ko\\\/je-pum\\\/sig-pum-won-ryo\\\/hyo-so\\\/je-ppang-yong-hyo-so\\\/%eb%a6%ac%ed%8f%ad%ec%8b%9c%ea%b2%8c%eb%82%98%ec%95%84%ec%a0%9c\\\/#breadcrumb\"},\"inLanguage\":\"ko-KR\",\"potentialAction\":[{\"@type\":\"ReadAction\",\"target\":[\"https:\\\/\\\/naturalpoland.com\\\/ko\\\/je-pum\\\/sig-pum-won-ryo\\\/hyo-so\\\/je-ppang-yong-hyo-so\\\/%eb%a6%ac%ed%8f%ad%ec%8b%9c%ea%b2%8c%eb%82%98%ec%95%84%ec%a0%9c\\\/\"]}]},{\"@type\":\"ImageObject\",\"inLanguage\":\"ko-KR\",\"@id\":\"https:\\\/\\\/naturalpoland.com\\\/ko\\\/je-pum\\\/sig-pum-won-ryo\\\/hyo-so\\\/je-ppang-yong-hyo-so\\\/%eb%a6%ac%ed%8f%ad%ec%8b%9c%ea%b2%8c%eb%82%98%ec%95%84%ec%a0%9c\\\/#primaryimage\",\"url\":\"https:\\\/\\\/naturalpoland.com\\\/wp-content\\\/uploads\\\/lipooksygenaza.jpg\",\"contentUrl\":\"https:\\\/\\\/naturalpoland.com\\\/wp-content\\\/uploads\\\/lipooksygenaza.jpg\",\"width\":650,\"height\":650,\"caption\":\"\ub9ac\ud3ed\uc2dc\uac8c\ub098\uc544\uc81c\"},{\"@type\":\"BreadcrumbList\",\"@id\":\"https:\\\/\\\/naturalpoland.com\\\/ko\\\/je-pum\\\/sig-pum-won-ryo\\\/hyo-so\\\/je-ppang-yong-hyo-so\\\/%eb%a6%ac%ed%8f%ad%ec%8b%9c%ea%b2%8c%eb%82%98%ec%95%84%ec%a0%9c\\\/#breadcrumb\",\"itemListElement\":[{\"@type\":\"ListItem\",\"position\":1,\"name\":\"\ud648\",\"item\":\"https:\\\/\\\/naturalpoland.com\\\/ko\\\/\"},{\"@type\":\"ListItem\",\"position\":2,\"name\":\"\uc81c\ud488\",\"item\":\"https:\\\/\\\/naturalpoland.com\\\/ko\\\/%ec%a0%9c%ed%92%88\\\/\"},{\"@type\":\"ListItem\",\"position\":3,\"name\":\"\ub9ac\ud3ed\uc2dc\uac8c\ub098\uc544\uc81c\"}]},{\"@type\":\"WebSite\",\"@id\":\"https:\\\/\\\/naturalpoland.com\\\/ko\\\/#website\",\"url\":\"https:\\\/\\\/naturalpoland.com\\\/ko\\\/\",\"name\":\"NATURAL POLAND - Hurtowy Dystrybutor Surowc\u00f3w\",\"description\":\"Surowce dla przemys\u0142u spo\u017cywczego, kosmetycznego i farmaceutycznego\",\"publisher\":{\"@id\":\"https:\\\/\\\/naturalpoland.com\\\/ko\\\/#organization\"},\"potentialAction\":[{\"@type\":\"SearchAction\",\"target\":{\"@type\":\"EntryPoint\",\"urlTemplate\":\"https:\\\/\\\/naturalpoland.com\\\/ko\\\/?s={search_term_string}\"},\"query-input\":{\"@type\":\"PropertyValueSpecification\",\"valueRequired\":true,\"valueName\":\"search_term_string\"}}],\"inLanguage\":\"ko-KR\"},{\"@type\":\"Organization\",\"@id\":\"https:\\\/\\\/naturalpoland.com\\\/ko\\\/#organization\",\"name\":\"Natural Poland\",\"url\":\"https:\\\/\\\/naturalpoland.com\\\/ko\\\/\",\"logo\":{\"@type\":\"ImageObject\",\"inLanguage\":\"ko-KR\",\"@id\":\"https:\\\/\\\/naturalpoland.com\\\/ko\\\/#\\\/schema\\\/logo\\\/image\\\/\",\"url\":\"https:\\\/\\\/naturalpoland.com\\\/wp-content\\\/uploads\\\/2021\\\/05\\\/natural-poland-icon.png\",\"contentUrl\":\"https:\\\/\\\/naturalpoland.com\\\/wp-content\\\/uploads\\\/2021\\\/05\\\/natural-poland-icon.png\",\"width\":512,\"height\":512,\"caption\":\"Natural Poland\"},\"image\":{\"@id\":\"https:\\\/\\\/naturalpoland.com\\\/ko\\\/#\\\/schema\\\/logo\\\/image\\\/\"},\"sameAs\":[\"https:\\\/\\\/www.facebook.com\\\/naturalpoland.b2b\",\"https:\\\/\\\/pl.linkedin.com\\\/company\\\/natural-poland\",\"https:\\\/\\\/www.youtube.com\\\/channel\\\/UCgeGGkvOMahZo-xu_MSEWxg\"]}]}<\/script>\n<!-- \/ Yoast SEO plugin. -->","yoast_head_json":{"title":"\ub9ac\ud3ed\uc2dc\uac8c\ub098\uc544\uc81c - Hurtowy Dystrybutor","description":"\ub9ac\ud3ed\uc2dc\uac8c\ub098\uc544\uc81c\ub294 \ube75\uc758 \uc0c9\uc0c1, \uc9c8\uac10, \ub9db\uc5d0 \uc601\ud5a5\uc744 \uc8fc\uc5b4 \ubca0\uc774\ud0b9 \uc81c\ud488\uc758 \ud488\uc9c8\uc744 \uac1c\uc120\ud558\ub294 \ubca0\uc774\ud0b9 \ud6a8\uc18c\uc785\ub2c8\ub2e4.","robots":{"index":"index","follow":"follow","max-snippet":"max-snippet:-1","max-image-preview":"max-image-preview:large","max-video-preview":"max-video-preview:-1"},"canonical":"https:\/\/naturalpoland.com\/ko\/je-pum\/sig-pum-won-ryo\/hyo-so\/je-ppang-yong-hyo-so\/%eb%a6%ac%ed%8f%ad%ec%8b%9c%ea%b2%8c%eb%82%98%ec%95%84%ec%a0%9c\/","og_locale":"ko_KR","og_type":"article","og_title":"\ub9ac\ud3ed\uc2dc\uac8c\ub098\uc544\uc81c - Hurtowy Dystrybutor","og_description":"\ub9ac\ud3ed\uc2dc\uac8c\ub098\uc544\uc81c\ub294 \ube75\uc758 \uc0c9\uc0c1, \uc9c8\uac10, \ub9db\uc5d0 \uc601\ud5a5\uc744 \uc8fc\uc5b4 \ubca0\uc774\ud0b9 \uc81c\ud488\uc758 \ud488\uc9c8\uc744 \uac1c\uc120\ud558\ub294 \ubca0\uc774\ud0b9 \ud6a8\uc18c\uc785\ub2c8\ub2e4.","og_url":"https:\/\/naturalpoland.com\/ko\/je-pum\/sig-pum-won-ryo\/hyo-so\/je-ppang-yong-hyo-so\/%eb%a6%ac%ed%8f%ad%ec%8b%9c%ea%b2%8c%eb%82%98%ec%95%84%ec%a0%9c\/","og_site_name":"NATURAL POLAND - Hurtowy Dystrybutor Surowc\u00f3w","article_publisher":"https:\/\/www.facebook.com\/naturalpoland.b2b","article_modified_time":"2026-02-04T12:25:55+00:00","og_image":[{"width":650,"height":650,"url":"https:\/\/naturalpoland.com\/wp-content\/uploads\/lipooksygenaza.jpg","type":"image\/jpeg"}],"schema":{"@context":"https:\/\/schema.org","@graph":[{"@type":"WebPage","@id":"https:\/\/naturalpoland.com\/ko\/je-pum\/sig-pum-won-ryo\/hyo-so\/je-ppang-yong-hyo-so\/%eb%a6%ac%ed%8f%ad%ec%8b%9c%ea%b2%8c%eb%82%98%ec%95%84%ec%a0%9c\/","url":"https:\/\/naturalpoland.com\/ko\/je-pum\/sig-pum-won-ryo\/hyo-so\/je-ppang-yong-hyo-so\/%eb%a6%ac%ed%8f%ad%ec%8b%9c%ea%b2%8c%eb%82%98%ec%95%84%ec%a0%9c\/","name":"\ub9ac\ud3ed\uc2dc\uac8c\ub098\uc544\uc81c - Hurtowy Dystrybutor","isPartOf":{"@id":"https:\/\/naturalpoland.com\/ko\/#website"},"primaryImageOfPage":{"@id":"https:\/\/naturalpoland.com\/ko\/je-pum\/sig-pum-won-ryo\/hyo-so\/je-ppang-yong-hyo-so\/%eb%a6%ac%ed%8f%ad%ec%8b%9c%ea%b2%8c%eb%82%98%ec%95%84%ec%a0%9c\/#primaryimage"},"image":{"@id":"https:\/\/naturalpoland.com\/ko\/je-pum\/sig-pum-won-ryo\/hyo-so\/je-ppang-yong-hyo-so\/%eb%a6%ac%ed%8f%ad%ec%8b%9c%ea%b2%8c%eb%82%98%ec%95%84%ec%a0%9c\/#primaryimage"},"thumbnailUrl":"https:\/\/naturalpoland.com\/wp-content\/uploads\/lipooksygenaza.jpg","datePublished":"2023-10-19T08:56:37+00:00","dateModified":"2026-02-04T12:25:55+00:00","description":"\ub9ac\ud3ed\uc2dc\uac8c\ub098\uc544\uc81c\ub294 \ube75\uc758 \uc0c9\uc0c1, \uc9c8\uac10, \ub9db\uc5d0 \uc601\ud5a5\uc744 \uc8fc\uc5b4 \ubca0\uc774\ud0b9 \uc81c\ud488\uc758 \ud488\uc9c8\uc744 \uac1c\uc120\ud558\ub294 \ubca0\uc774\ud0b9 \ud6a8\uc18c\uc785\ub2c8\ub2e4.","breadcrumb":{"@id":"https:\/\/naturalpoland.com\/ko\/je-pum\/sig-pum-won-ryo\/hyo-so\/je-ppang-yong-hyo-so\/%eb%a6%ac%ed%8f%ad%ec%8b%9c%ea%b2%8c%eb%82%98%ec%95%84%ec%a0%9c\/#breadcrumb"},"inLanguage":"ko-KR","potentialAction":[{"@type":"ReadAction","target":["https:\/\/naturalpoland.com\/ko\/je-pum\/sig-pum-won-ryo\/hyo-so\/je-ppang-yong-hyo-so\/%eb%a6%ac%ed%8f%ad%ec%8b%9c%ea%b2%8c%eb%82%98%ec%95%84%ec%a0%9c\/"]}]},{"@type":"ImageObject","inLanguage":"ko-KR","@id":"https:\/\/naturalpoland.com\/ko\/je-pum\/sig-pum-won-ryo\/hyo-so\/je-ppang-yong-hyo-so\/%eb%a6%ac%ed%8f%ad%ec%8b%9c%ea%b2%8c%eb%82%98%ec%95%84%ec%a0%9c\/#primaryimage","url":"https:\/\/naturalpoland.com\/wp-content\/uploads\/lipooksygenaza.jpg","contentUrl":"https:\/\/naturalpoland.com\/wp-content\/uploads\/lipooksygenaza.jpg","width":650,"height":650,"caption":"\ub9ac\ud3ed\uc2dc\uac8c\ub098\uc544\uc81c"},{"@type":"BreadcrumbList","@id":"https:\/\/naturalpoland.com\/ko\/je-pum\/sig-pum-won-ryo\/hyo-so\/je-ppang-yong-hyo-so\/%eb%a6%ac%ed%8f%ad%ec%8b%9c%ea%b2%8c%eb%82%98%ec%95%84%ec%a0%9c\/#breadcrumb","itemListElement":[{"@type":"ListItem","position":1,"name":"\ud648","item":"https:\/\/naturalpoland.com\/ko\/"},{"@type":"ListItem","position":2,"name":"\uc81c\ud488","item":"https:\/\/naturalpoland.com\/ko\/%ec%a0%9c%ed%92%88\/"},{"@type":"ListItem","position":3,"name":"\ub9ac\ud3ed\uc2dc\uac8c\ub098\uc544\uc81c"}]},{"@type":"WebSite","@id":"https:\/\/naturalpoland.com\/ko\/#website","url":"https:\/\/naturalpoland.com\/ko\/","name":"NATURAL POLAND - Hurtowy Dystrybutor Surowc\u00f3w","description":"Surowce dla przemys\u0142u spo\u017cywczego, kosmetycznego i farmaceutycznego","publisher":{"@id":"https:\/\/naturalpoland.com\/ko\/#organization"},"potentialAction":[{"@type":"SearchAction","target":{"@type":"EntryPoint","urlTemplate":"https:\/\/naturalpoland.com\/ko\/?s={search_term_string}"},"query-input":{"@type":"PropertyValueSpecification","valueRequired":true,"valueName":"search_term_string"}}],"inLanguage":"ko-KR"},{"@type":"Organization","@id":"https:\/\/naturalpoland.com\/ko\/#organization","name":"Natural Poland","url":"https:\/\/naturalpoland.com\/ko\/","logo":{"@type":"ImageObject","inLanguage":"ko-KR","@id":"https:\/\/naturalpoland.com\/ko\/#\/schema\/logo\/image\/","url":"https:\/\/naturalpoland.com\/wp-content\/uploads\/2021\/05\/natural-poland-icon.png","contentUrl":"https:\/\/naturalpoland.com\/wp-content\/uploads\/2021\/05\/natural-poland-icon.png","width":512,"height":512,"caption":"Natural Poland"},"image":{"@id":"https:\/\/naturalpoland.com\/ko\/#\/schema\/logo\/image\/"},"sameAs":["https:\/\/www.facebook.com\/naturalpoland.b2b","https:\/\/pl.linkedin.com\/company\/natural-poland","https:\/\/www.youtube.com\/channel\/UCgeGGkvOMahZo-xu_MSEWxg"]}]}},"_links":{"self":[{"href":"https:\/\/naturalpoland.com\/ko\/wp-json\/wp\/v2\/product\/45555","targetHints":{"allow":["GET"]}}],"collection":[{"href":"https:\/\/naturalpoland.com\/ko\/wp-json\/wp\/v2\/product"}],"about":[{"href":"https:\/\/naturalpoland.com\/ko\/wp-json\/wp\/v2\/types\/product"}],"wp:featuredmedia":[{"embeddable":true,"href":"https:\/\/naturalpoland.com\/ko\/wp-json\/wp\/v2\/media\/45557"}],"wp:attachment":[{"href":"https:\/\/naturalpoland.com\/ko\/wp-json\/wp\/v2\/media?parent=45555"}],"wp:term":[{"taxonomy":"product_brand","embeddable":true,"href":"https:\/\/naturalpoland.com\/ko\/wp-json\/wp\/v2\/product_brand?post=45555"},{"taxonomy":"product_cat","embeddable":true,"href":"https:\/\/naturalpoland.com\/ko\/wp-json\/wp\/v2\/product_cat?post=45555"},{"taxonomy":"product_tag","embeddable":true,"href":"https:\/\/naturalpoland.com\/ko\/wp-json\/wp\/v2\/product_tag?post=45555"}],"curies":[{"name":"wp","href":"https:\/\/api.w.org\/{rel}","templated":true}]}}