{"id":45558,"date":"2023-10-19T10:47:57","date_gmt":"2023-10-19T08:47:57","guid":{"rendered":"https:\/\/naturalpoland.com\/produkty\/uncategorized\/%ea%b8%80%eb%a3%a8%ec%bd%94%ec%8a%a4-%ec%82%b0%ed%99%94%ed%9a%a8%ec%86%8c\/"},"modified":"2026-02-04T13:25:58","modified_gmt":"2026-02-04T12:25:58","slug":"%ea%b8%80%eb%a3%a8%ec%bd%94%ec%8a%a4-%ec%82%b0%ed%99%94%ed%9a%a8%ec%86%8c","status":"publish","type":"product","link":"https:\/\/naturalpoland.com\/ko\/je-pum\/sig-pum-won-ryo\/hyo-so\/je-ppang-yong-hyo-so\/%ea%b8%80%eb%a3%a8%ec%bd%94%ec%8a%a4-%ec%82%b0%ed%99%94%ed%9a%a8%ec%86%8c\/","title":{"rendered":"\uae00\ub8e8\ucf54\uc2a4 \uc0b0\ud654\ud6a8\uc18c"},"content":{"rendered":"<p><strong>\uae00\ub8e8\ucf54\uc2a4 \uc0b0\ud654\ud6a8\uc18c:<\/strong><\/p>\n<ul>\n<li>\u03b2-D-\uae00\ub8e8\ucf54\ud53c\ub77c\ub178\uc2a4\ub97c \uae00\ub8e8\ucf58\uc0b0\uacfc \uacfc\uc0b0\ud654\uc218\uc18c\ub85c \uc0b0\ud654\uc2dc\ud0b5\ub2c8\ub2e4.<\/li>\n<li>\uc124\ud504\ud788\ub4dc\ub9b4\uae30(-SH)\ub97c \uc774\ud669\ud654 \uacb0\ud569(S-S)\uc73c\ub85c \uc0b0\ud654\uc2dc\ucf1c \uae00\ub8e8\ud150 \ud615\uc131 \ub2e8\ubc31\uc9c8\uc744 \uc751\uc9d1\uc2dc\ud0b5\ub2c8\ub2e4.<\/li>\n<li>\ubc18\uc8fd\uc758 \uac00\uc2a4 \ubcf4\uc720\ub825\uc744 \uc99d\uac00\uc2dc\ud0b5\ub2c8\ub2e4.<\/li>\n<\/ul>\n","protected":false},"excerpt":{"rendered":"<p>\uae00\ub8e8\ucf54\uc2a4 \uc0b0\ud654\ud6a8\uc18c\ub294 \uae00\ub8e8\ucf54\uc2a4\ub97c \uae00\ub8e8\ucf58\uc0b0\uacfc \uacfc\uc0b0\ud654\uc218\uc18c\ub85c \uc0b0\ud654\uc2dc\ud0a4\ub294 \uacfc\uc815\uc744 \ucd09\ub9e4\ud558\ub294 \ucc9c\uc5f0 \uc720\ub798 \ud6a8\uc18c\uc785\ub2c8\ub2e4. \uae00\ub8e8\ucf54\uc2a4\ub97c \uc804\ud658\ud558\ub294 \ub3c5\ud2b9\ud55c \ub2a5\ub825 \ub355\ubd84\uc5d0 \uae00\ub8e8\ucf54\uc2a4 \uc0b0\ud654\ud6a8\uc18c\ub294 \ubca0\uc774\ud0b9 \uc0b0\uc5c5\uc744 \ud3ec\ud568\ud55c \uc5ec\ub7ec \uc0b0\uc5c5 \ubd84\uc57c\uc5d0\uc11c \uad11\ubc94\uc704\ud558\uac8c \ud65c\uc6a9\ub418\uace0 \uc788\uc2b5\ub2c8\ub2e4. <\/p>\n","protected":false},"featured_media":45560,"template":"","meta":{"_acf_changed":false},"product_brand":[],"product_cat":[8173],"product_tag":[],"class_list":{"0":"post-45558","1":"product","2":"type-product","3":"status-publish","4":"has-post-thumbnail","6":"product_cat-je-ppang-yong-hyo-so","8":"first","9":"instock","10":"shipping-taxable","11":"product-type-simple"},"acf":[],"yoast_head":"<!-- This site is optimized with the Yoast SEO plugin v27.5 - https:\/\/yoast.com\/product\/yoast-seo-wordpress\/ -->\n<title>\uae00\ub8e8\ucf54\uc2a4 \uc0b0\ud654\ud6a8\uc18c - Hurtowy Dystrybutor<\/title>\n<meta name=\"description\" content=\"\uae00\ub8e8\ucf54\uc2a4 \uc0b0\ud654\ud6a8\uc18c\ub294 \uae00\ub8e8\ucf54\uc2a4\ub97c \uae00\ub8e8\ucf58\uc0b0\uacfc \uacfc\uc0b0\ud654\uc218\uc18c\ub85c \uc0b0\ud654\uc2dc\ud0a4\ub294 \uacfc\uc815\uc744 \ucd09\ub9e4\ud558\ub294 \ucc9c\uc5f0 \uc720\ub798 \ud6a8\uc18c\uc785\ub2c8\ub2e4.\" \/>\n<meta name=\"robots\" content=\"index, follow, max-snippet:-1, max-image-preview:large, max-video-preview:-1\" \/>\n<link rel=\"canonical\" href=\"https:\/\/naturalpoland.com\/ko\/je-pum\/sig-pum-won-ryo\/hyo-so\/je-ppang-yong-hyo-so\/%ea%b8%80%eb%a3%a8%ec%bd%94%ec%8a%a4-%ec%82%b0%ed%99%94%ed%9a%a8%ec%86%8c\/\" \/>\n<meta property=\"og:locale\" content=\"ko_KR\" \/>\n<meta property=\"og:type\" content=\"article\" \/>\n<meta property=\"og:title\" content=\"\uae00\ub8e8\ucf54\uc2a4 \uc0b0\ud654\ud6a8\uc18c - Hurtowy Dystrybutor\" \/>\n<meta property=\"og:description\" content=\"\uae00\ub8e8\ucf54\uc2a4 \uc0b0\ud654\ud6a8\uc18c\ub294 \uae00\ub8e8\ucf54\uc2a4\ub97c \uae00\ub8e8\ucf58\uc0b0\uacfc \uacfc\uc0b0\ud654\uc218\uc18c\ub85c \uc0b0\ud654\uc2dc\ud0a4\ub294 \uacfc\uc815\uc744 \ucd09\ub9e4\ud558\ub294 \ucc9c\uc5f0 \uc720\ub798 \ud6a8\uc18c\uc785\ub2c8\ub2e4.\" \/>\n<meta property=\"og:url\" content=\"https:\/\/naturalpoland.com\/ko\/je-pum\/sig-pum-won-ryo\/hyo-so\/je-ppang-yong-hyo-so\/%ea%b8%80%eb%a3%a8%ec%bd%94%ec%8a%a4-%ec%82%b0%ed%99%94%ed%9a%a8%ec%86%8c\/\" \/>\n<meta property=\"og:site_name\" content=\"NATURAL POLAND - Hurtowy Dystrybutor Surowc\u00f3w\" \/>\n<meta property=\"article:publisher\" content=\"https:\/\/www.facebook.com\/naturalpoland.b2b\" \/>\n<meta property=\"article:modified_time\" content=\"2026-02-04T12:25:58+00:00\" \/>\n<meta property=\"og:image\" content=\"https:\/\/naturalpoland.com\/wp-content\/uploads\/oksydaza-glukozowa.jpg\" \/>\n\t<meta property=\"og:image:width\" content=\"650\" \/>\n\t<meta property=\"og:image:height\" content=\"650\" \/>\n\t<meta property=\"og:image:type\" content=\"image\/jpeg\" \/>\n<script type=\"application\/ld+json\" class=\"yoast-schema-graph\">{\"@context\":\"https:\\\/\\\/schema.org\",\"@graph\":[{\"@type\":\"WebPage\",\"@id\":\"https:\\\/\\\/naturalpoland.com\\\/ko\\\/je-pum\\\/sig-pum-won-ryo\\\/hyo-so\\\/je-ppang-yong-hyo-so\\\/%ea%b8%80%eb%a3%a8%ec%bd%94%ec%8a%a4-%ec%82%b0%ed%99%94%ed%9a%a8%ec%86%8c\\\/\",\"url\":\"https:\\\/\\\/naturalpoland.com\\\/ko\\\/je-pum\\\/sig-pum-won-ryo\\\/hyo-so\\\/je-ppang-yong-hyo-so\\\/%ea%b8%80%eb%a3%a8%ec%bd%94%ec%8a%a4-%ec%82%b0%ed%99%94%ed%9a%a8%ec%86%8c\\\/\",\"name\":\"\uae00\ub8e8\ucf54\uc2a4 \uc0b0\ud654\ud6a8\uc18c - Hurtowy Dystrybutor\",\"isPartOf\":{\"@id\":\"https:\\\/\\\/naturalpoland.com\\\/ko\\\/#website\"},\"primaryImageOfPage\":{\"@id\":\"https:\\\/\\\/naturalpoland.com\\\/ko\\\/je-pum\\\/sig-pum-won-ryo\\\/hyo-so\\\/je-ppang-yong-hyo-so\\\/%ea%b8%80%eb%a3%a8%ec%bd%94%ec%8a%a4-%ec%82%b0%ed%99%94%ed%9a%a8%ec%86%8c\\\/#primaryimage\"},\"image\":{\"@id\":\"https:\\\/\\\/naturalpoland.com\\\/ko\\\/je-pum\\\/sig-pum-won-ryo\\\/hyo-so\\\/je-ppang-yong-hyo-so\\\/%ea%b8%80%eb%a3%a8%ec%bd%94%ec%8a%a4-%ec%82%b0%ed%99%94%ed%9a%a8%ec%86%8c\\\/#primaryimage\"},\"thumbnailUrl\":\"https:\\\/\\\/naturalpoland.com\\\/wp-content\\\/uploads\\\/oksydaza-glukozowa.jpg\",\"datePublished\":\"2023-10-19T08:47:57+00:00\",\"dateModified\":\"2026-02-04T12:25:58+00:00\",\"description\":\"\uae00\ub8e8\ucf54\uc2a4 \uc0b0\ud654\ud6a8\uc18c\ub294 \uae00\ub8e8\ucf54\uc2a4\ub97c \uae00\ub8e8\ucf58\uc0b0\uacfc \uacfc\uc0b0\ud654\uc218\uc18c\ub85c \uc0b0\ud654\uc2dc\ud0a4\ub294 \uacfc\uc815\uc744 \ucd09\ub9e4\ud558\ub294 \ucc9c\uc5f0 \uc720\ub798 \ud6a8\uc18c\uc785\ub2c8\ub2e4.\",\"breadcrumb\":{\"@id\":\"https:\\\/\\\/naturalpoland.com\\\/ko\\\/je-pum\\\/sig-pum-won-ryo\\\/hyo-so\\\/je-ppang-yong-hyo-so\\\/%ea%b8%80%eb%a3%a8%ec%bd%94%ec%8a%a4-%ec%82%b0%ed%99%94%ed%9a%a8%ec%86%8c\\\/#breadcrumb\"},\"inLanguage\":\"ko-KR\",\"potentialAction\":[{\"@type\":\"ReadAction\",\"target\":[\"https:\\\/\\\/naturalpoland.com\\\/ko\\\/je-pum\\\/sig-pum-won-ryo\\\/hyo-so\\\/je-ppang-yong-hyo-so\\\/%ea%b8%80%eb%a3%a8%ec%bd%94%ec%8a%a4-%ec%82%b0%ed%99%94%ed%9a%a8%ec%86%8c\\\/\"]}]},{\"@type\":\"ImageObject\",\"inLanguage\":\"ko-KR\",\"@id\":\"https:\\\/\\\/naturalpoland.com\\\/ko\\\/je-pum\\\/sig-pum-won-ryo\\\/hyo-so\\\/je-ppang-yong-hyo-so\\\/%ea%b8%80%eb%a3%a8%ec%bd%94%ec%8a%a4-%ec%82%b0%ed%99%94%ed%9a%a8%ec%86%8c\\\/#primaryimage\",\"url\":\"https:\\\/\\\/naturalpoland.com\\\/wp-content\\\/uploads\\\/oksydaza-glukozowa.jpg\",\"contentUrl\":\"https:\\\/\\\/naturalpoland.com\\\/wp-content\\\/uploads\\\/oksydaza-glukozowa.jpg\",\"width\":650,\"height\":650,\"caption\":\"\uae00\ub8e8\ucf54\uc2a4 \uc0b0\ud654\ud6a8\uc18c\"},{\"@type\":\"BreadcrumbList\",\"@id\":\"https:\\\/\\\/naturalpoland.com\\\/ko\\\/je-pum\\\/sig-pum-won-ryo\\\/hyo-so\\\/je-ppang-yong-hyo-so\\\/%ea%b8%80%eb%a3%a8%ec%bd%94%ec%8a%a4-%ec%82%b0%ed%99%94%ed%9a%a8%ec%86%8c\\\/#breadcrumb\",\"itemListElement\":[{\"@type\":\"ListItem\",\"position\":1,\"name\":\"\ud648\",\"item\":\"https:\\\/\\\/naturalpoland.com\\\/ko\\\/\"},{\"@type\":\"ListItem\",\"position\":2,\"name\":\"\uc81c\ud488\",\"item\":\"https:\\\/\\\/naturalpoland.com\\\/ko\\\/%ec%a0%9c%ed%92%88\\\/\"},{\"@type\":\"ListItem\",\"position\":3,\"name\":\"\uae00\ub8e8\ucf54\uc2a4 \uc0b0\ud654\ud6a8\uc18c\"}]},{\"@type\":\"WebSite\",\"@id\":\"https:\\\/\\\/naturalpoland.com\\\/ko\\\/#website\",\"url\":\"https:\\\/\\\/naturalpoland.com\\\/ko\\\/\",\"name\":\"NATURAL POLAND - Hurtowy Dystrybutor Surowc\u00f3w\",\"description\":\"Surowce dla przemys\u0142u spo\u017cywczego, kosmetycznego i farmaceutycznego\",\"publisher\":{\"@id\":\"https:\\\/\\\/naturalpoland.com\\\/ko\\\/#organization\"},\"potentialAction\":[{\"@type\":\"SearchAction\",\"target\":{\"@type\":\"EntryPoint\",\"urlTemplate\":\"https:\\\/\\\/naturalpoland.com\\\/ko\\\/?s={search_term_string}\"},\"query-input\":{\"@type\":\"PropertyValueSpecification\",\"valueRequired\":true,\"valueName\":\"search_term_string\"}}],\"inLanguage\":\"ko-KR\"},{\"@type\":\"Organization\",\"@id\":\"https:\\\/\\\/naturalpoland.com\\\/ko\\\/#organization\",\"name\":\"Natural Poland\",\"url\":\"https:\\\/\\\/naturalpoland.com\\\/ko\\\/\",\"logo\":{\"@type\":\"ImageObject\",\"inLanguage\":\"ko-KR\",\"@id\":\"https:\\\/\\\/naturalpoland.com\\\/ko\\\/#\\\/schema\\\/logo\\\/image\\\/\",\"url\":\"https:\\\/\\\/naturalpoland.com\\\/wp-content\\\/uploads\\\/2021\\\/05\\\/natural-poland-icon.png\",\"contentUrl\":\"https:\\\/\\\/naturalpoland.com\\\/wp-content\\\/uploads\\\/2021\\\/05\\\/natural-poland-icon.png\",\"width\":512,\"height\":512,\"caption\":\"Natural Poland\"},\"image\":{\"@id\":\"https:\\\/\\\/naturalpoland.com\\\/ko\\\/#\\\/schema\\\/logo\\\/image\\\/\"},\"sameAs\":[\"https:\\\/\\\/www.facebook.com\\\/naturalpoland.b2b\",\"https:\\\/\\\/pl.linkedin.com\\\/company\\\/natural-poland\",\"https:\\\/\\\/www.youtube.com\\\/channel\\\/UCgeGGkvOMahZo-xu_MSEWxg\"]}]}<\/script>\n<!-- \/ Yoast SEO plugin. -->","yoast_head_json":{"title":"\uae00\ub8e8\ucf54\uc2a4 \uc0b0\ud654\ud6a8\uc18c - Hurtowy Dystrybutor","description":"\uae00\ub8e8\ucf54\uc2a4 \uc0b0\ud654\ud6a8\uc18c\ub294 \uae00\ub8e8\ucf54\uc2a4\ub97c \uae00\ub8e8\ucf58\uc0b0\uacfc \uacfc\uc0b0\ud654\uc218\uc18c\ub85c \uc0b0\ud654\uc2dc\ud0a4\ub294 \uacfc\uc815\uc744 \ucd09\ub9e4\ud558\ub294 \ucc9c\uc5f0 \uc720\ub798 \ud6a8\uc18c\uc785\ub2c8\ub2e4.","robots":{"index":"index","follow":"follow","max-snippet":"max-snippet:-1","max-image-preview":"max-image-preview:large","max-video-preview":"max-video-preview:-1"},"canonical":"https:\/\/naturalpoland.com\/ko\/je-pum\/sig-pum-won-ryo\/hyo-so\/je-ppang-yong-hyo-so\/%ea%b8%80%eb%a3%a8%ec%bd%94%ec%8a%a4-%ec%82%b0%ed%99%94%ed%9a%a8%ec%86%8c\/","og_locale":"ko_KR","og_type":"article","og_title":"\uae00\ub8e8\ucf54\uc2a4 \uc0b0\ud654\ud6a8\uc18c - Hurtowy Dystrybutor","og_description":"\uae00\ub8e8\ucf54\uc2a4 \uc0b0\ud654\ud6a8\uc18c\ub294 \uae00\ub8e8\ucf54\uc2a4\ub97c \uae00\ub8e8\ucf58\uc0b0\uacfc \uacfc\uc0b0\ud654\uc218\uc18c\ub85c \uc0b0\ud654\uc2dc\ud0a4\ub294 \uacfc\uc815\uc744 \ucd09\ub9e4\ud558\ub294 \ucc9c\uc5f0 \uc720\ub798 \ud6a8\uc18c\uc785\ub2c8\ub2e4.","og_url":"https:\/\/naturalpoland.com\/ko\/je-pum\/sig-pum-won-ryo\/hyo-so\/je-ppang-yong-hyo-so\/%ea%b8%80%eb%a3%a8%ec%bd%94%ec%8a%a4-%ec%82%b0%ed%99%94%ed%9a%a8%ec%86%8c\/","og_site_name":"NATURAL POLAND - Hurtowy Dystrybutor Surowc\u00f3w","article_publisher":"https:\/\/www.facebook.com\/naturalpoland.b2b","article_modified_time":"2026-02-04T12:25:58+00:00","og_image":[{"width":650,"height":650,"url":"https:\/\/naturalpoland.com\/wp-content\/uploads\/oksydaza-glukozowa.jpg","type":"image\/jpeg"}],"schema":{"@context":"https:\/\/schema.org","@graph":[{"@type":"WebPage","@id":"https:\/\/naturalpoland.com\/ko\/je-pum\/sig-pum-won-ryo\/hyo-so\/je-ppang-yong-hyo-so\/%ea%b8%80%eb%a3%a8%ec%bd%94%ec%8a%a4-%ec%82%b0%ed%99%94%ed%9a%a8%ec%86%8c\/","url":"https:\/\/naturalpoland.com\/ko\/je-pum\/sig-pum-won-ryo\/hyo-so\/je-ppang-yong-hyo-so\/%ea%b8%80%eb%a3%a8%ec%bd%94%ec%8a%a4-%ec%82%b0%ed%99%94%ed%9a%a8%ec%86%8c\/","name":"\uae00\ub8e8\ucf54\uc2a4 \uc0b0\ud654\ud6a8\uc18c - Hurtowy Dystrybutor","isPartOf":{"@id":"https:\/\/naturalpoland.com\/ko\/#website"},"primaryImageOfPage":{"@id":"https:\/\/naturalpoland.com\/ko\/je-pum\/sig-pum-won-ryo\/hyo-so\/je-ppang-yong-hyo-so\/%ea%b8%80%eb%a3%a8%ec%bd%94%ec%8a%a4-%ec%82%b0%ed%99%94%ed%9a%a8%ec%86%8c\/#primaryimage"},"image":{"@id":"https:\/\/naturalpoland.com\/ko\/je-pum\/sig-pum-won-ryo\/hyo-so\/je-ppang-yong-hyo-so\/%ea%b8%80%eb%a3%a8%ec%bd%94%ec%8a%a4-%ec%82%b0%ed%99%94%ed%9a%a8%ec%86%8c\/#primaryimage"},"thumbnailUrl":"https:\/\/naturalpoland.com\/wp-content\/uploads\/oksydaza-glukozowa.jpg","datePublished":"2023-10-19T08:47:57+00:00","dateModified":"2026-02-04T12:25:58+00:00","description":"\uae00\ub8e8\ucf54\uc2a4 \uc0b0\ud654\ud6a8\uc18c\ub294 \uae00\ub8e8\ucf54\uc2a4\ub97c \uae00\ub8e8\ucf58\uc0b0\uacfc \uacfc\uc0b0\ud654\uc218\uc18c\ub85c \uc0b0\ud654\uc2dc\ud0a4\ub294 \uacfc\uc815\uc744 \ucd09\ub9e4\ud558\ub294 \ucc9c\uc5f0 \uc720\ub798 \ud6a8\uc18c\uc785\ub2c8\ub2e4.","breadcrumb":{"@id":"https:\/\/naturalpoland.com\/ko\/je-pum\/sig-pum-won-ryo\/hyo-so\/je-ppang-yong-hyo-so\/%ea%b8%80%eb%a3%a8%ec%bd%94%ec%8a%a4-%ec%82%b0%ed%99%94%ed%9a%a8%ec%86%8c\/#breadcrumb"},"inLanguage":"ko-KR","potentialAction":[{"@type":"ReadAction","target":["https:\/\/naturalpoland.com\/ko\/je-pum\/sig-pum-won-ryo\/hyo-so\/je-ppang-yong-hyo-so\/%ea%b8%80%eb%a3%a8%ec%bd%94%ec%8a%a4-%ec%82%b0%ed%99%94%ed%9a%a8%ec%86%8c\/"]}]},{"@type":"ImageObject","inLanguage":"ko-KR","@id":"https:\/\/naturalpoland.com\/ko\/je-pum\/sig-pum-won-ryo\/hyo-so\/je-ppang-yong-hyo-so\/%ea%b8%80%eb%a3%a8%ec%bd%94%ec%8a%a4-%ec%82%b0%ed%99%94%ed%9a%a8%ec%86%8c\/#primaryimage","url":"https:\/\/naturalpoland.com\/wp-content\/uploads\/oksydaza-glukozowa.jpg","contentUrl":"https:\/\/naturalpoland.com\/wp-content\/uploads\/oksydaza-glukozowa.jpg","width":650,"height":650,"caption":"\uae00\ub8e8\ucf54\uc2a4 \uc0b0\ud654\ud6a8\uc18c"},{"@type":"BreadcrumbList","@id":"https:\/\/naturalpoland.com\/ko\/je-pum\/sig-pum-won-ryo\/hyo-so\/je-ppang-yong-hyo-so\/%ea%b8%80%eb%a3%a8%ec%bd%94%ec%8a%a4-%ec%82%b0%ed%99%94%ed%9a%a8%ec%86%8c\/#breadcrumb","itemListElement":[{"@type":"ListItem","position":1,"name":"\ud648","item":"https:\/\/naturalpoland.com\/ko\/"},{"@type":"ListItem","position":2,"name":"\uc81c\ud488","item":"https:\/\/naturalpoland.com\/ko\/%ec%a0%9c%ed%92%88\/"},{"@type":"ListItem","position":3,"name":"\uae00\ub8e8\ucf54\uc2a4 \uc0b0\ud654\ud6a8\uc18c"}]},{"@type":"WebSite","@id":"https:\/\/naturalpoland.com\/ko\/#website","url":"https:\/\/naturalpoland.com\/ko\/","name":"NATURAL POLAND - Hurtowy Dystrybutor Surowc\u00f3w","description":"Surowce dla przemys\u0142u spo\u017cywczego, kosmetycznego i farmaceutycznego","publisher":{"@id":"https:\/\/naturalpoland.com\/ko\/#organization"},"potentialAction":[{"@type":"SearchAction","target":{"@type":"EntryPoint","urlTemplate":"https:\/\/naturalpoland.com\/ko\/?s={search_term_string}"},"query-input":{"@type":"PropertyValueSpecification","valueRequired":true,"valueName":"search_term_string"}}],"inLanguage":"ko-KR"},{"@type":"Organization","@id":"https:\/\/naturalpoland.com\/ko\/#organization","name":"Natural Poland","url":"https:\/\/naturalpoland.com\/ko\/","logo":{"@type":"ImageObject","inLanguage":"ko-KR","@id":"https:\/\/naturalpoland.com\/ko\/#\/schema\/logo\/image\/","url":"https:\/\/naturalpoland.com\/wp-content\/uploads\/2021\/05\/natural-poland-icon.png","contentUrl":"https:\/\/naturalpoland.com\/wp-content\/uploads\/2021\/05\/natural-poland-icon.png","width":512,"height":512,"caption":"Natural Poland"},"image":{"@id":"https:\/\/naturalpoland.com\/ko\/#\/schema\/logo\/image\/"},"sameAs":["https:\/\/www.facebook.com\/naturalpoland.b2b","https:\/\/pl.linkedin.com\/company\/natural-poland","https:\/\/www.youtube.com\/channel\/UCgeGGkvOMahZo-xu_MSEWxg"]}]}},"_links":{"self":[{"href":"https:\/\/naturalpoland.com\/ko\/wp-json\/wp\/v2\/product\/45558","targetHints":{"allow":["GET"]}}],"collection":[{"href":"https:\/\/naturalpoland.com\/ko\/wp-json\/wp\/v2\/product"}],"about":[{"href":"https:\/\/naturalpoland.com\/ko\/wp-json\/wp\/v2\/types\/product"}],"wp:featuredmedia":[{"embeddable":true,"href":"https:\/\/naturalpoland.com\/ko\/wp-json\/wp\/v2\/media\/45560"}],"wp:attachment":[{"href":"https:\/\/naturalpoland.com\/ko\/wp-json\/wp\/v2\/media?parent=45558"}],"wp:term":[{"taxonomy":"product_brand","embeddable":true,"href":"https:\/\/naturalpoland.com\/ko\/wp-json\/wp\/v2\/product_brand?post=45558"},{"taxonomy":"product_cat","embeddable":true,"href":"https:\/\/naturalpoland.com\/ko\/wp-json\/wp\/v2\/product_cat?post=45558"},{"taxonomy":"product_tag","embeddable":true,"href":"https:\/\/naturalpoland.com\/ko\/wp-json\/wp\/v2\/product_tag?post=45558"}],"curies":[{"name":"wp","href":"https:\/\/api.w.org\/{rel}","templated":true}]}}