{"id":45573,"date":"2023-10-19T11:07:09","date_gmt":"2023-10-19T09:07:09","guid":{"rendered":"https:\/\/naturalpoland.com\/produkty\/uncategorized\/%ed%8a%b8%eb%9e%9c%ec%8a%a4%ea%b8%80%eb%a3%a8%ed%83%80%eb%af%b8%eb%82%98%ec%95%84%ec%a0%9c\/"},"modified":"2026-02-04T13:26:40","modified_gmt":"2026-02-04T12:26:40","slug":"%ed%8a%b8%eb%9e%9c%ec%8a%a4%ea%b8%80%eb%a3%a8%ed%83%80%eb%af%b8%eb%82%98%ec%95%84%ec%a0%9c","status":"publish","type":"product","link":"https:\/\/naturalpoland.com\/ko\/je-pum\/sig-pum-won-ryo\/hyo-so\/je-ppang-yong-hyo-so\/%ed%8a%b8%eb%9e%9c%ec%8a%a4%ea%b8%80%eb%a3%a8%ed%83%80%eb%af%b8%eb%82%98%ec%95%84%ec%a0%9c\/","title":{"rendered":"\ud2b8\ub79c\uc2a4\uae00\ub8e8\ud0c0\ubbf8\ub098\uc544\uc81c"},"content":{"rendered":"<p>\ud2b8\ub79c\uc2a4\uae00\ub8e8\ud0c0\ubbf8\ub098\uc544\uc81c\ub294 <strong>\ub2e8\ubc31\uc9c8 \uac04\uc758 \uad50\ucc28\uacb0\ud569 \ud615\uc131\uc744 \ucd09\ub9e4<\/strong>\ud558\uc5ec \uc548\uc815\uc801\uc778 \ub2e8\ubc31\uc9c8 \ub124\ud2b8\uc6cc\ud06c\ub97c \uc0dd\uc131\ud558\ub294 \ud6a8\uc18c\uc785\ub2c8\ub2e4. \uc774\ub294 \uc778\uccb4\ub97c \ud3ec\ud568\ud55c \ub9ce\uc740 \uc720\uae30\uccb4\uc5d0\uc11c \uc790\uc5f0\uc801\uc73c\ub85c \ubc1c\uc0dd\ud558\ub294 \ubb3c\uc9c8\ub85c, \ud608\uc561 \uc751\uace0\uc640 \uad00\ub828\ub41c \uacfc\uc815\uc5d0 \ucc38\uc5ec\ud569\ub2c8\ub2e4. <strong>\ub9ac\uc2e0 \ubc0f \uae00\ub8e8\ud0c0\ubbfc \uacb0\ud569\uc744 \uac00\uad50\ud558\ub294 \ub2a5\ub825<\/strong>(\uae00\ub8e8\ud0c0\ubbfc\uacfc \ub9ac\uc2e0 \uc0ac\uc774\uc5d0 \uacf5\uc720 \uacb0\ud569 \uad50\ucc28\uacb0\ud569\uc744 \ub3c4\uc785)\uc744 \uac00\uc9c0\uace0 \uc788\uc2b5\ub2c8\ub2e4.  <\/p>\n<h3><strong>\uc81c\ube75\uc5d0\uc11c\uc758 \ud2b8\ub79c\uc2a4\uae00\ub8e8\ud0c0\ubbf8\ub098\uc544\uc81c:<\/strong><\/h3>\n<p>\ud2b8\ub79c\uc2a4\uae00\ub8e8\ud0c0\ubbf8\ub098\uc544\uc81c\ub294 \uc81c\ube75 \uc81c\ud488\uc758 \uad6c\uc870\uc640 \ud488\uc9c8\uc744 \ud5a5\uc0c1\uc2dc\ud0a4\ub294 \ub2a5\ub825\uc73c\ub85c \uc778\ud574 \uc81c\ube75 \uc0b0\uc5c5\uc5d0\uc11c \ub110\ub9ac \uc0ac\uc6a9\ub418\uace0 \uc788\uc2b5\ub2c8\ub2e4.<\/p>\n<ol>\n<li><strong>\ube75 \uc2dd\uac10 \uac1c\uc120:<\/strong> \ud2b8\ub79c\uc2a4\uae00\ub8e8\ud0c0\ubbf8\ub098\uc544\uc81c\ub294 \ubc18\uc8fd \ub0b4\uc5d0\uc11c \ub354 \uac15\ud55c \ub2e8\ubc31\uc9c8 \ub124\ud2b8\uc6cc\ud06c\ub97c \ud615\uc131\ud558\uc5ec \ube75\uc758 \uc2dd\uac10\uc744 \uac1c\uc120\ud558\uace0 \ubd80\ud53c\ub97c \uc99d\uac00\uc2dc\ud0b5\ub2c8\ub2e4.<\/li>\n<li><strong>\ubc18\uc8fd \ud0c4\ub825\uc131 \uc99d\ub300:<\/strong> \uc774 \ud6a8\uc18c\ub294 \ubc18\uc8fd\uc744 \ub354\uc6b1 \ud0c4\ub825 \uc788\uac8c \ub9cc\ub4e4\uc5b4 \uac00\uacf5 \ubc0f \uc131\ud615\uc744 \uc6a9\uc774\ud558\uac8c \ud569\ub2c8\ub2e4.<\/li>\n<li><strong>\uc7ac\ub8cc \ucd5c\uc801\ud654:<\/strong> \ub808\uc2dc\ud53c\uc5d0 \ub354 \ub9ce\uc740 \ubb3c\uc744 \uc0ac\uc6a9\ud560 \uc218 \uc788\uac8c \ud558\uc5ec \uc0dd\uc0b0 \ube44\uc6a9 \uc808\uac10\uc73c\ub85c \uc774\uc5b4\uc9c8 \uc218 \uc788\uc2b5\ub2c8\ub2e4.<\/li>\n<li><strong>\ubca0\uc774\ucee4\ub9ac \uc81c\ud488 \ubcf4\uc874\uc131 \uc5f0\uc7a5:<\/strong> \ub354 \uac15\ud55c \ub2e8\ubc31\uc9c8 \uacb0\ud569 \ub355\ubd84\uc5d0 \ubca0\uc774\ucee4\ub9ac \uc81c\ud488\uc740 \ub354 \uc624\ub7ab\ub3d9\uc548 \uc2e0\uc120\ud568\uc744 \uc720\uc9c0\ud558\uba70 \uac74\uc870\uc5d0 \ub354 \uac15\ud569\ub2c8\ub2e4.<\/li>\n<li><strong>\ud48d\ubbf8 \uac1c\uc120:<\/strong> \ube75\uc758 \uac1c\uc120\ub41c \uc2dd\uac10\uc740 \ub9db\uacfc \ud5a5\uc5d0 \uc601\ud5a5\uc744 \ubbf8\uccd0 \uc18c\ube44\uc790\uc5d0\uac8c \ub354\uc6b1 \ub9e4\ub825\uc801\uc778 \uc81c\ud488\uc744 \ub9cc\ub4ed\ub2c8\ub2e4.<\/li>\n<\/ol>\n","protected":false},"excerpt":{"rendered":"<p>\ud2b8\ub79c\uc2a4\uae00\ub8e8\ud0c0\ubbf8\ub098\uc544\uc81c\ub294 \uc548\uc815\uc801\uc778 \ub2e8\ubc31\uc9c8 \ub124\ud2b8\uc6cc\ud06c\ub97c \ud615\uc131\ud558\uc5ec \ubca0\uc774\ucee4\ub9ac \uc81c\ud488\uc758 \ud488\uc9c8, \uc2dd\uac10 \ubc0f \ubcf4\uc874\uc131\uc744 \ud06c\uac8c \ud5a5\uc0c1\uc2dc\ud0a4\ub294 \uadc0\uc911\ud55c \uc81c\ube75 \ud6a8\uc18c\uc785\ub2c8\ub2e4. \uc801\uc808\ud55c \uc0ac\uc6a9\uc740 \ub6f0\uc5b4\ub09c \uc2dd\uac10, \ub9db, \uadf8\ub9ac\uace0 \ub354 \uae34 \uc2e0\uc120\ub3c4\ub97c \uac00\uc9c4 \ube75\uc744 \uc0dd\uc0b0\ud558\ub294 \ub370 \uae30\uc5ec\ud560 \uc218 \uc788\uc2b5\ub2c8\ub2e4. <\/p>\n","protected":false},"featured_media":45575,"template":"","meta":{"_acf_changed":false},"product_brand":[],"product_cat":[8173],"product_tag":[],"class_list":{"0":"post-45573","1":"product","2":"type-product","3":"status-publish","4":"has-post-thumbnail","6":"product_cat-je-ppang-yong-hyo-so","8":"first","9":"instock","10":"shipping-taxable","11":"product-type-simple"},"acf":[],"yoast_head":"<!-- This site is optimized with the Yoast SEO plugin v27.5 - https:\/\/yoast.com\/product\/yoast-seo-wordpress\/ -->\n<title>\ud2b8\ub79c\uc2a4\uae00\ub8e8\ud0c0\ubbf8\ub098\uc544\uc81c - Hurtowy Dystrybutor<\/title>\n<meta name=\"description\" content=\"\ud2b8\ub79c\uc2a4\uae00\ub8e8\ud0c0\ubbf8\ub098\uc544\uc81c\ub294 \uc548\uc815\uc801\uc778 \ub2e8\ubc31\uc9c8 \ub124\ud2b8\uc6cc\ud06c\ub97c \ud615\uc131\ud558\uc5ec \ubca0\uc774\ucee4\ub9ac \uc81c\ud488\uc758 \ud488\uc9c8, \uc2dd\uac10 \ubc0f \ubcf4\uc874\uc131\uc744 \ud06c\uac8c \ud5a5\uc0c1\uc2dc\ud0a4\ub294 \uc81c\ube75 \ud6a8\uc18c\uc785\ub2c8\ub2e4.\" \/>\n<meta name=\"robots\" content=\"index, follow, max-snippet:-1, max-image-preview:large, max-video-preview:-1\" \/>\n<link rel=\"canonical\" href=\"https:\/\/naturalpoland.com\/ko\/je-pum\/sig-pum-won-ryo\/hyo-so\/je-ppang-yong-hyo-so\/%ed%8a%b8%eb%9e%9c%ec%8a%a4%ea%b8%80%eb%a3%a8%ed%83%80%eb%af%b8%eb%82%98%ec%95%84%ec%a0%9c\/\" \/>\n<meta property=\"og:locale\" content=\"ko_KR\" \/>\n<meta property=\"og:type\" content=\"article\" \/>\n<meta property=\"og:title\" content=\"\ud2b8\ub79c\uc2a4\uae00\ub8e8\ud0c0\ubbf8\ub098\uc544\uc81c - Hurtowy Dystrybutor\" \/>\n<meta property=\"og:description\" content=\"\ud2b8\ub79c\uc2a4\uae00\ub8e8\ud0c0\ubbf8\ub098\uc544\uc81c\ub294 \uc548\uc815\uc801\uc778 \ub2e8\ubc31\uc9c8 \ub124\ud2b8\uc6cc\ud06c\ub97c \ud615\uc131\ud558\uc5ec \ubca0\uc774\ucee4\ub9ac \uc81c\ud488\uc758 \ud488\uc9c8, \uc2dd\uac10 \ubc0f \ubcf4\uc874\uc131\uc744 \ud06c\uac8c \ud5a5\uc0c1\uc2dc\ud0a4\ub294 \uc81c\ube75 \ud6a8\uc18c\uc785\ub2c8\ub2e4.\" \/>\n<meta property=\"og:url\" content=\"https:\/\/naturalpoland.com\/ko\/je-pum\/sig-pum-won-ryo\/hyo-so\/je-ppang-yong-hyo-so\/%ed%8a%b8%eb%9e%9c%ec%8a%a4%ea%b8%80%eb%a3%a8%ed%83%80%eb%af%b8%eb%82%98%ec%95%84%ec%a0%9c\/\" \/>\n<meta property=\"og:site_name\" content=\"NATURAL POLAND - Hurtowy Dystrybutor Surowc\u00f3w\" \/>\n<meta property=\"article:publisher\" content=\"https:\/\/www.facebook.com\/naturalpoland.b2b\" \/>\n<meta property=\"article:modified_time\" content=\"2026-02-04T12:26:40+00:00\" \/>\n<meta property=\"og:image\" content=\"https:\/\/naturalpoland.com\/wp-content\/uploads\/transglutaminaza.jpg\" \/>\n\t<meta property=\"og:image:width\" content=\"650\" \/>\n\t<meta property=\"og:image:height\" content=\"650\" \/>\n\t<meta property=\"og:image:type\" content=\"image\/jpeg\" \/>\n<script type=\"application\/ld+json\" class=\"yoast-schema-graph\">{\"@context\":\"https:\\\/\\\/schema.org\",\"@graph\":[{\"@type\":\"WebPage\",\"@id\":\"https:\\\/\\\/naturalpoland.com\\\/ko\\\/je-pum\\\/sig-pum-won-ryo\\\/hyo-so\\\/je-ppang-yong-hyo-so\\\/%ed%8a%b8%eb%9e%9c%ec%8a%a4%ea%b8%80%eb%a3%a8%ed%83%80%eb%af%b8%eb%82%98%ec%95%84%ec%a0%9c\\\/\",\"url\":\"https:\\\/\\\/naturalpoland.com\\\/ko\\\/je-pum\\\/sig-pum-won-ryo\\\/hyo-so\\\/je-ppang-yong-hyo-so\\\/%ed%8a%b8%eb%9e%9c%ec%8a%a4%ea%b8%80%eb%a3%a8%ed%83%80%eb%af%b8%eb%82%98%ec%95%84%ec%a0%9c\\\/\",\"name\":\"\ud2b8\ub79c\uc2a4\uae00\ub8e8\ud0c0\ubbf8\ub098\uc544\uc81c - Hurtowy Dystrybutor\",\"isPartOf\":{\"@id\":\"https:\\\/\\\/naturalpoland.com\\\/ko\\\/#website\"},\"primaryImageOfPage\":{\"@id\":\"https:\\\/\\\/naturalpoland.com\\\/ko\\\/je-pum\\\/sig-pum-won-ryo\\\/hyo-so\\\/je-ppang-yong-hyo-so\\\/%ed%8a%b8%eb%9e%9c%ec%8a%a4%ea%b8%80%eb%a3%a8%ed%83%80%eb%af%b8%eb%82%98%ec%95%84%ec%a0%9c\\\/#primaryimage\"},\"image\":{\"@id\":\"https:\\\/\\\/naturalpoland.com\\\/ko\\\/je-pum\\\/sig-pum-won-ryo\\\/hyo-so\\\/je-ppang-yong-hyo-so\\\/%ed%8a%b8%eb%9e%9c%ec%8a%a4%ea%b8%80%eb%a3%a8%ed%83%80%eb%af%b8%eb%82%98%ec%95%84%ec%a0%9c\\\/#primaryimage\"},\"thumbnailUrl\":\"https:\\\/\\\/naturalpoland.com\\\/wp-content\\\/uploads\\\/transglutaminaza.jpg\",\"datePublished\":\"2023-10-19T09:07:09+00:00\",\"dateModified\":\"2026-02-04T12:26:40+00:00\",\"description\":\"\ud2b8\ub79c\uc2a4\uae00\ub8e8\ud0c0\ubbf8\ub098\uc544\uc81c\ub294 \uc548\uc815\uc801\uc778 \ub2e8\ubc31\uc9c8 \ub124\ud2b8\uc6cc\ud06c\ub97c \ud615\uc131\ud558\uc5ec \ubca0\uc774\ucee4\ub9ac \uc81c\ud488\uc758 \ud488\uc9c8, \uc2dd\uac10 \ubc0f \ubcf4\uc874\uc131\uc744 \ud06c\uac8c \ud5a5\uc0c1\uc2dc\ud0a4\ub294 \uc81c\ube75 \ud6a8\uc18c\uc785\ub2c8\ub2e4.\",\"breadcrumb\":{\"@id\":\"https:\\\/\\\/naturalpoland.com\\\/ko\\\/je-pum\\\/sig-pum-won-ryo\\\/hyo-so\\\/je-ppang-yong-hyo-so\\\/%ed%8a%b8%eb%9e%9c%ec%8a%a4%ea%b8%80%eb%a3%a8%ed%83%80%eb%af%b8%eb%82%98%ec%95%84%ec%a0%9c\\\/#breadcrumb\"},\"inLanguage\":\"ko-KR\",\"potentialAction\":[{\"@type\":\"ReadAction\",\"target\":[\"https:\\\/\\\/naturalpoland.com\\\/ko\\\/je-pum\\\/sig-pum-won-ryo\\\/hyo-so\\\/je-ppang-yong-hyo-so\\\/%ed%8a%b8%eb%9e%9c%ec%8a%a4%ea%b8%80%eb%a3%a8%ed%83%80%eb%af%b8%eb%82%98%ec%95%84%ec%a0%9c\\\/\"]}]},{\"@type\":\"ImageObject\",\"inLanguage\":\"ko-KR\",\"@id\":\"https:\\\/\\\/naturalpoland.com\\\/ko\\\/je-pum\\\/sig-pum-won-ryo\\\/hyo-so\\\/je-ppang-yong-hyo-so\\\/%ed%8a%b8%eb%9e%9c%ec%8a%a4%ea%b8%80%eb%a3%a8%ed%83%80%eb%af%b8%eb%82%98%ec%95%84%ec%a0%9c\\\/#primaryimage\",\"url\":\"https:\\\/\\\/naturalpoland.com\\\/wp-content\\\/uploads\\\/transglutaminaza.jpg\",\"contentUrl\":\"https:\\\/\\\/naturalpoland.com\\\/wp-content\\\/uploads\\\/transglutaminaza.jpg\",\"width\":650,\"height\":650,\"caption\":\"\ud2b8\ub79c\uc2a4\uae00\ub8e8\ud0c0\ubbf8\ub098\uc544\uc81c\"},{\"@type\":\"BreadcrumbList\",\"@id\":\"https:\\\/\\\/naturalpoland.com\\\/ko\\\/je-pum\\\/sig-pum-won-ryo\\\/hyo-so\\\/je-ppang-yong-hyo-so\\\/%ed%8a%b8%eb%9e%9c%ec%8a%a4%ea%b8%80%eb%a3%a8%ed%83%80%eb%af%b8%eb%82%98%ec%95%84%ec%a0%9c\\\/#breadcrumb\",\"itemListElement\":[{\"@type\":\"ListItem\",\"position\":1,\"name\":\"\ud648\",\"item\":\"https:\\\/\\\/naturalpoland.com\\\/ko\\\/\"},{\"@type\":\"ListItem\",\"position\":2,\"name\":\"\uc81c\ud488\",\"item\":\"https:\\\/\\\/naturalpoland.com\\\/ko\\\/%ec%a0%9c%ed%92%88\\\/\"},{\"@type\":\"ListItem\",\"position\":3,\"name\":\"\ud2b8\ub79c\uc2a4\uae00\ub8e8\ud0c0\ubbf8\ub098\uc544\uc81c\"}]},{\"@type\":\"WebSite\",\"@id\":\"https:\\\/\\\/naturalpoland.com\\\/ko\\\/#website\",\"url\":\"https:\\\/\\\/naturalpoland.com\\\/ko\\\/\",\"name\":\"NATURAL POLAND - Hurtowy Dystrybutor Surowc\u00f3w\",\"description\":\"Surowce dla przemys\u0142u spo\u017cywczego, kosmetycznego i farmaceutycznego\",\"publisher\":{\"@id\":\"https:\\\/\\\/naturalpoland.com\\\/ko\\\/#organization\"},\"potentialAction\":[{\"@type\":\"SearchAction\",\"target\":{\"@type\":\"EntryPoint\",\"urlTemplate\":\"https:\\\/\\\/naturalpoland.com\\\/ko\\\/?s={search_term_string}\"},\"query-input\":{\"@type\":\"PropertyValueSpecification\",\"valueRequired\":true,\"valueName\":\"search_term_string\"}}],\"inLanguage\":\"ko-KR\"},{\"@type\":\"Organization\",\"@id\":\"https:\\\/\\\/naturalpoland.com\\\/ko\\\/#organization\",\"name\":\"Natural Poland\",\"url\":\"https:\\\/\\\/naturalpoland.com\\\/ko\\\/\",\"logo\":{\"@type\":\"ImageObject\",\"inLanguage\":\"ko-KR\",\"@id\":\"https:\\\/\\\/naturalpoland.com\\\/ko\\\/#\\\/schema\\\/logo\\\/image\\\/\",\"url\":\"https:\\\/\\\/naturalpoland.com\\\/wp-content\\\/uploads\\\/2021\\\/05\\\/natural-poland-icon.png\",\"contentUrl\":\"https:\\\/\\\/naturalpoland.com\\\/wp-content\\\/uploads\\\/2021\\\/05\\\/natural-poland-icon.png\",\"width\":512,\"height\":512,\"caption\":\"Natural Poland\"},\"image\":{\"@id\":\"https:\\\/\\\/naturalpoland.com\\\/ko\\\/#\\\/schema\\\/logo\\\/image\\\/\"},\"sameAs\":[\"https:\\\/\\\/www.facebook.com\\\/naturalpoland.b2b\",\"https:\\\/\\\/pl.linkedin.com\\\/company\\\/natural-poland\",\"https:\\\/\\\/www.youtube.com\\\/channel\\\/UCgeGGkvOMahZo-xu_MSEWxg\"]}]}<\/script>\n<!-- \/ Yoast SEO plugin. -->","yoast_head_json":{"title":"\ud2b8\ub79c\uc2a4\uae00\ub8e8\ud0c0\ubbf8\ub098\uc544\uc81c - Hurtowy Dystrybutor","description":"\ud2b8\ub79c\uc2a4\uae00\ub8e8\ud0c0\ubbf8\ub098\uc544\uc81c\ub294 \uc548\uc815\uc801\uc778 \ub2e8\ubc31\uc9c8 \ub124\ud2b8\uc6cc\ud06c\ub97c \ud615\uc131\ud558\uc5ec \ubca0\uc774\ucee4\ub9ac \uc81c\ud488\uc758 \ud488\uc9c8, \uc2dd\uac10 \ubc0f \ubcf4\uc874\uc131\uc744 \ud06c\uac8c \ud5a5\uc0c1\uc2dc\ud0a4\ub294 \uc81c\ube75 \ud6a8\uc18c\uc785\ub2c8\ub2e4.","robots":{"index":"index","follow":"follow","max-snippet":"max-snippet:-1","max-image-preview":"max-image-preview:large","max-video-preview":"max-video-preview:-1"},"canonical":"https:\/\/naturalpoland.com\/ko\/je-pum\/sig-pum-won-ryo\/hyo-so\/je-ppang-yong-hyo-so\/%ed%8a%b8%eb%9e%9c%ec%8a%a4%ea%b8%80%eb%a3%a8%ed%83%80%eb%af%b8%eb%82%98%ec%95%84%ec%a0%9c\/","og_locale":"ko_KR","og_type":"article","og_title":"\ud2b8\ub79c\uc2a4\uae00\ub8e8\ud0c0\ubbf8\ub098\uc544\uc81c - Hurtowy Dystrybutor","og_description":"\ud2b8\ub79c\uc2a4\uae00\ub8e8\ud0c0\ubbf8\ub098\uc544\uc81c\ub294 \uc548\uc815\uc801\uc778 \ub2e8\ubc31\uc9c8 \ub124\ud2b8\uc6cc\ud06c\ub97c \ud615\uc131\ud558\uc5ec \ubca0\uc774\ucee4\ub9ac \uc81c\ud488\uc758 \ud488\uc9c8, \uc2dd\uac10 \ubc0f \ubcf4\uc874\uc131\uc744 \ud06c\uac8c \ud5a5\uc0c1\uc2dc\ud0a4\ub294 \uc81c\ube75 \ud6a8\uc18c\uc785\ub2c8\ub2e4.","og_url":"https:\/\/naturalpoland.com\/ko\/je-pum\/sig-pum-won-ryo\/hyo-so\/je-ppang-yong-hyo-so\/%ed%8a%b8%eb%9e%9c%ec%8a%a4%ea%b8%80%eb%a3%a8%ed%83%80%eb%af%b8%eb%82%98%ec%95%84%ec%a0%9c\/","og_site_name":"NATURAL POLAND - Hurtowy Dystrybutor Surowc\u00f3w","article_publisher":"https:\/\/www.facebook.com\/naturalpoland.b2b","article_modified_time":"2026-02-04T12:26:40+00:00","og_image":[{"width":650,"height":650,"url":"https:\/\/naturalpoland.com\/wp-content\/uploads\/transglutaminaza.jpg","type":"image\/jpeg"}],"schema":{"@context":"https:\/\/schema.org","@graph":[{"@type":"WebPage","@id":"https:\/\/naturalpoland.com\/ko\/je-pum\/sig-pum-won-ryo\/hyo-so\/je-ppang-yong-hyo-so\/%ed%8a%b8%eb%9e%9c%ec%8a%a4%ea%b8%80%eb%a3%a8%ed%83%80%eb%af%b8%eb%82%98%ec%95%84%ec%a0%9c\/","url":"https:\/\/naturalpoland.com\/ko\/je-pum\/sig-pum-won-ryo\/hyo-so\/je-ppang-yong-hyo-so\/%ed%8a%b8%eb%9e%9c%ec%8a%a4%ea%b8%80%eb%a3%a8%ed%83%80%eb%af%b8%eb%82%98%ec%95%84%ec%a0%9c\/","name":"\ud2b8\ub79c\uc2a4\uae00\ub8e8\ud0c0\ubbf8\ub098\uc544\uc81c - Hurtowy Dystrybutor","isPartOf":{"@id":"https:\/\/naturalpoland.com\/ko\/#website"},"primaryImageOfPage":{"@id":"https:\/\/naturalpoland.com\/ko\/je-pum\/sig-pum-won-ryo\/hyo-so\/je-ppang-yong-hyo-so\/%ed%8a%b8%eb%9e%9c%ec%8a%a4%ea%b8%80%eb%a3%a8%ed%83%80%eb%af%b8%eb%82%98%ec%95%84%ec%a0%9c\/#primaryimage"},"image":{"@id":"https:\/\/naturalpoland.com\/ko\/je-pum\/sig-pum-won-ryo\/hyo-so\/je-ppang-yong-hyo-so\/%ed%8a%b8%eb%9e%9c%ec%8a%a4%ea%b8%80%eb%a3%a8%ed%83%80%eb%af%b8%eb%82%98%ec%95%84%ec%a0%9c\/#primaryimage"},"thumbnailUrl":"https:\/\/naturalpoland.com\/wp-content\/uploads\/transglutaminaza.jpg","datePublished":"2023-10-19T09:07:09+00:00","dateModified":"2026-02-04T12:26:40+00:00","description":"\ud2b8\ub79c\uc2a4\uae00\ub8e8\ud0c0\ubbf8\ub098\uc544\uc81c\ub294 \uc548\uc815\uc801\uc778 \ub2e8\ubc31\uc9c8 \ub124\ud2b8\uc6cc\ud06c\ub97c \ud615\uc131\ud558\uc5ec \ubca0\uc774\ucee4\ub9ac \uc81c\ud488\uc758 \ud488\uc9c8, \uc2dd\uac10 \ubc0f \ubcf4\uc874\uc131\uc744 \ud06c\uac8c \ud5a5\uc0c1\uc2dc\ud0a4\ub294 \uc81c\ube75 \ud6a8\uc18c\uc785\ub2c8\ub2e4.","breadcrumb":{"@id":"https:\/\/naturalpoland.com\/ko\/je-pum\/sig-pum-won-ryo\/hyo-so\/je-ppang-yong-hyo-so\/%ed%8a%b8%eb%9e%9c%ec%8a%a4%ea%b8%80%eb%a3%a8%ed%83%80%eb%af%b8%eb%82%98%ec%95%84%ec%a0%9c\/#breadcrumb"},"inLanguage":"ko-KR","potentialAction":[{"@type":"ReadAction","target":["https:\/\/naturalpoland.com\/ko\/je-pum\/sig-pum-won-ryo\/hyo-so\/je-ppang-yong-hyo-so\/%ed%8a%b8%eb%9e%9c%ec%8a%a4%ea%b8%80%eb%a3%a8%ed%83%80%eb%af%b8%eb%82%98%ec%95%84%ec%a0%9c\/"]}]},{"@type":"ImageObject","inLanguage":"ko-KR","@id":"https:\/\/naturalpoland.com\/ko\/je-pum\/sig-pum-won-ryo\/hyo-so\/je-ppang-yong-hyo-so\/%ed%8a%b8%eb%9e%9c%ec%8a%a4%ea%b8%80%eb%a3%a8%ed%83%80%eb%af%b8%eb%82%98%ec%95%84%ec%a0%9c\/#primaryimage","url":"https:\/\/naturalpoland.com\/wp-content\/uploads\/transglutaminaza.jpg","contentUrl":"https:\/\/naturalpoland.com\/wp-content\/uploads\/transglutaminaza.jpg","width":650,"height":650,"caption":"\ud2b8\ub79c\uc2a4\uae00\ub8e8\ud0c0\ubbf8\ub098\uc544\uc81c"},{"@type":"BreadcrumbList","@id":"https:\/\/naturalpoland.com\/ko\/je-pum\/sig-pum-won-ryo\/hyo-so\/je-ppang-yong-hyo-so\/%ed%8a%b8%eb%9e%9c%ec%8a%a4%ea%b8%80%eb%a3%a8%ed%83%80%eb%af%b8%eb%82%98%ec%95%84%ec%a0%9c\/#breadcrumb","itemListElement":[{"@type":"ListItem","position":1,"name":"\ud648","item":"https:\/\/naturalpoland.com\/ko\/"},{"@type":"ListItem","position":2,"name":"\uc81c\ud488","item":"https:\/\/naturalpoland.com\/ko\/%ec%a0%9c%ed%92%88\/"},{"@type":"ListItem","position":3,"name":"\ud2b8\ub79c\uc2a4\uae00\ub8e8\ud0c0\ubbf8\ub098\uc544\uc81c"}]},{"@type":"WebSite","@id":"https:\/\/naturalpoland.com\/ko\/#website","url":"https:\/\/naturalpoland.com\/ko\/","name":"NATURAL POLAND - Hurtowy Dystrybutor Surowc\u00f3w","description":"Surowce dla przemys\u0142u spo\u017cywczego, kosmetycznego i farmaceutycznego","publisher":{"@id":"https:\/\/naturalpoland.com\/ko\/#organization"},"potentialAction":[{"@type":"SearchAction","target":{"@type":"EntryPoint","urlTemplate":"https:\/\/naturalpoland.com\/ko\/?s={search_term_string}"},"query-input":{"@type":"PropertyValueSpecification","valueRequired":true,"valueName":"search_term_string"}}],"inLanguage":"ko-KR"},{"@type":"Organization","@id":"https:\/\/naturalpoland.com\/ko\/#organization","name":"Natural Poland","url":"https:\/\/naturalpoland.com\/ko\/","logo":{"@type":"ImageObject","inLanguage":"ko-KR","@id":"https:\/\/naturalpoland.com\/ko\/#\/schema\/logo\/image\/","url":"https:\/\/naturalpoland.com\/wp-content\/uploads\/2021\/05\/natural-poland-icon.png","contentUrl":"https:\/\/naturalpoland.com\/wp-content\/uploads\/2021\/05\/natural-poland-icon.png","width":512,"height":512,"caption":"Natural Poland"},"image":{"@id":"https:\/\/naturalpoland.com\/ko\/#\/schema\/logo\/image\/"},"sameAs":["https:\/\/www.facebook.com\/naturalpoland.b2b","https:\/\/pl.linkedin.com\/company\/natural-poland","https:\/\/www.youtube.com\/channel\/UCgeGGkvOMahZo-xu_MSEWxg"]}]}},"_links":{"self":[{"href":"https:\/\/naturalpoland.com\/ko\/wp-json\/wp\/v2\/product\/45573","targetHints":{"allow":["GET"]}}],"collection":[{"href":"https:\/\/naturalpoland.com\/ko\/wp-json\/wp\/v2\/product"}],"about":[{"href":"https:\/\/naturalpoland.com\/ko\/wp-json\/wp\/v2\/types\/product"}],"wp:featuredmedia":[{"embeddable":true,"href":"https:\/\/naturalpoland.com\/ko\/wp-json\/wp\/v2\/media\/45575"}],"wp:attachment":[{"href":"https:\/\/naturalpoland.com\/ko\/wp-json\/wp\/v2\/media?parent=45573"}],"wp:term":[{"taxonomy":"product_brand","embeddable":true,"href":"https:\/\/naturalpoland.com\/ko\/wp-json\/wp\/v2\/product_brand?post=45573"},{"taxonomy":"product_cat","embeddable":true,"href":"https:\/\/naturalpoland.com\/ko\/wp-json\/wp\/v2\/product_cat?post=45573"},{"taxonomy":"product_tag","embeddable":true,"href":"https:\/\/naturalpoland.com\/ko\/wp-json\/wp\/v2\/product_tag?post=45573"}],"curies":[{"name":"wp","href":"https:\/\/api.w.org\/{rel}","templated":true}]}}