{"id":45582,"date":"2023-10-02T10:59:08","date_gmt":"2023-10-02T08:59:08","guid":{"rendered":"https:\/\/naturalpoland.com\/produkty\/uncategorized\/%eb%8c%80%eb%91%90-%eb%a0%88%ec%8b%9c%ed%8b%b4\/"},"modified":"2026-02-04T14:10:14","modified_gmt":"2026-02-04T13:10:14","slug":"%eb%8c%80%eb%91%90-%eb%a0%88%ec%8b%9c%ed%8b%b4","status":"publish","type":"product","link":"https:\/\/naturalpoland.com\/ko\/je-pum\/sig-pum-won-ryo\/saeng-san-yong-won-ryo\/%eb%8c%80%eb%91%90-%eb%a0%88%ec%8b%9c%ed%8b%b4\/","title":{"rendered":"\ub300\ub450 \ub808\uc2dc\ud2f4"},"content":{"rendered":"<p><span class=\"ui-provider a b c d e f g h i j k l m n o p q r s t u v w x y z ab ac ae af ag ah ai aj ak\" dir=\"ltr\">\ud575\uc2ec \uc778\uc9c0\uc9c8\uc778 \ud3ec\uc2a4\ud30c\ud2f0\ub51c\ucf5c\ub9b0\uc774 \ud48d\ubd80\ud55c \ub300\ub450 \ub808\uc2dc\ud2f4\uc740 \uc138\ud3ec\ub9c9\uc758 \uc628\uc804\uc131\uc744 \uc720\uc9c0\ud558\ub294 \ub370 \uae30\uc5ec\ud569\ub2c8\ub2e4. \uc774\ub294 \uc9c0\uc9c8 \uc6b4\ubc18 \ubc0f \uc138\ud3ec \uc2e0\ud638 \uc804\ub2ec\uc744 \ud3ec\ud568\ud55c \ub2e4\uc591\ud55c \uc0dd\ubb3c\ud559\uc801 \uacfc\uc815\uc5d0 \ud544\uc218\uc801\uc785\ub2c8\ub2e4. \uc720\ud654, \uc548\uc815\ud654 \ubc0f \ud56d\uc0b0\ud654 \ud2b9\uc131\uc740 <a href=\"https:\/\/naturalpoland.com\/ko\/ka-te-go-ri\/sig-pum-won-ryo\/\">\uc2dd\ud488 \uc0b0\uc5c5<\/a>\uacfc <a href=\"https:\/\/naturalpoland.com\/ko\/ka-te-go-ri\/hwa-jang-pum-won-ryo\/\">\ud654\uc7a5\ud488 \uc0b0\uc5c5<\/a>\uc5d0\uc11c \ub110\ub9ac \ud65c\uc6a9\ub429\ub2c8\ub2e4.   <\/span><\/p>\n<p><span class=\"ui-provider a b c d e f g h i j k l m n o p q r s t u v w x y z ab ac ae af ag ah ai aj ak\" dir=\"ltr\"><strong>\uc2dd\ud488 \uc0dd\uc0b0<\/strong>\uc5d0\uc11c \ub300\ub450 \ub808\uc2dc\ud2f4\uc740 \uc81c\ud488\uc758 \uc9c8\uac10, \ub18d\ub3c4 \ubc0f \ubcf4\uc874\uc131\uc744 \uac1c\uc120\ud558\uba70, \ub2e4\uc591\ud55c \ud65c\uc131 \uc131\ubd84\uacfc \ud5a5\ub8cc\uc758 \uc6b4\ubc18\uccb4 \uc5ed\ud560\ub3c4 \ud569\ub2c8\ub2e4. <\/span><\/p>\n<p><span class=\"ui-provider a b c d e f g h i j k l m n o p q r s t u v w x y z ab ac ae af ag ah ai aj ak\" dir=\"ltr\"><strong>\ud654\uc7a5\ud488<\/strong>\uc5d0\uc11c\ub294 \ubcf4\uc2b5, \ucee8\ub514\uc154\ub2dd \ubc0f \ud53c\ubd80\uacb0 \uac1c\uc120 \uc131\ubd84\uc73c\ub85c \uc791\uc6a9\ud558\uc5ec \uc80a\uc740 \ud53c\ubd80\ub97c \uc720\uc9c0\ud558\ub294 \ub370 \ub3c4\uc6c0\uc744 \uc90d\ub2c8\ub2e4.<\/span><\/p>\n","protected":false},"excerpt":{"rendered":"<p><span class=\"ui-provider a b c d e f g h i j k l m n o p q r s t u v w x y z ab ac ae af ag ah ai aj ak\" dir=\"ltr\">\ub300\ub450 \ub808\uc2dc\ud2f4\uc740 \ucf69\uc5d0\uc11c \ucd94\ucd9c\ud55c \ub2e4\uae30\ub2a5 \uc131\ubd84\uc785\ub2c8\ub2e4. <\/span><\/p>\n","protected":false},"featured_media":45583,"template":"","meta":{"_acf_changed":false},"product_brand":[],"product_cat":[8175,8160],"product_tag":[],"class_list":{"0":"post-45582","1":"product","2":"type-product","3":"status-publish","4":"has-post-thumbnail","6":"product_cat-saeng-san-yong-won-ryo","7":"product_cat-hwa-jang-pum-won-ryo-ko","8":"pa_grupa-substancji-8927","10":"first","11":"instock","12":"shipping-taxable","13":"product-type-simple"},"acf":[],"yoast_head":"<!-- This site is optimized with the Yoast SEO plugin v27.5 - https:\/\/yoast.com\/product\/yoast-seo-wordpress\/ -->\n<title>\ub300\ub450 \ub808\uc2dc\ud2f4 - Hurtowy Dystrybutor<\/title>\n<meta name=\"description\" content=\"\ub300\ub450 \ub808\uc2dc\ud2f4\uc740 \ucf69\uc5d0\uc11c \ucd94\ucd9c\ud55c \ub2e4\uae30\ub2a5 \uc131\ubd84\uc73c\ub85c, \uc138\ud3ec\ub9c9\uc758 \uc628\uc804\uc131\uc744 \uc720\uc9c0\ud558\ub294 \ub370 \ub3c4\uc6c0\uc744 \uc90d\ub2c8\ub2e4.\" \/>\n<meta name=\"robots\" content=\"index, follow, max-snippet:-1, max-image-preview:large, max-video-preview:-1\" \/>\n<link rel=\"canonical\" href=\"https:\/\/naturalpoland.com\/ko\/je-pum\/sig-pum-won-ryo\/saeng-san-yong-won-ryo\/%eb%8c%80%eb%91%90-%eb%a0%88%ec%8b%9c%ed%8b%b4\/\" \/>\n<meta property=\"og:locale\" content=\"ko_KR\" \/>\n<meta property=\"og:type\" content=\"article\" \/>\n<meta property=\"og:title\" content=\"\ub300\ub450 \ub808\uc2dc\ud2f4 - Hurtowy Dystrybutor\" \/>\n<meta property=\"og:description\" content=\"\ub300\ub450 \ub808\uc2dc\ud2f4\uc740 \ucf69\uc5d0\uc11c \ucd94\ucd9c\ud55c \ub2e4\uae30\ub2a5 \uc131\ubd84\uc73c\ub85c, \uc138\ud3ec\ub9c9\uc758 \uc628\uc804\uc131\uc744 \uc720\uc9c0\ud558\ub294 \ub370 \ub3c4\uc6c0\uc744 \uc90d\ub2c8\ub2e4.\" \/>\n<meta property=\"og:url\" content=\"https:\/\/naturalpoland.com\/ko\/je-pum\/sig-pum-won-ryo\/saeng-san-yong-won-ryo\/%eb%8c%80%eb%91%90-%eb%a0%88%ec%8b%9c%ed%8b%b4\/\" \/>\n<meta property=\"og:site_name\" content=\"NATURAL POLAND - Hurtowy Dystrybutor Surowc\u00f3w\" \/>\n<meta property=\"article:publisher\" content=\"https:\/\/www.facebook.com\/naturalpoland.b2b\" \/>\n<meta property=\"article:modified_time\" content=\"2026-02-04T13:10:14+00:00\" \/>\n<meta property=\"og:image\" content=\"https:\/\/naturalpoland.com\/wp-content\/uploads\/lecytyna-sojowa.jpg\" \/>\n\t<meta property=\"og:image:width\" content=\"650\" \/>\n\t<meta property=\"og:image:height\" content=\"650\" \/>\n\t<meta property=\"og:image:type\" content=\"image\/jpeg\" \/>\n<script type=\"application\/ld+json\" class=\"yoast-schema-graph\">{\"@context\":\"https:\\\/\\\/schema.org\",\"@graph\":[{\"@type\":\"WebPage\",\"@id\":\"https:\\\/\\\/naturalpoland.com\\\/ko\\\/je-pum\\\/sig-pum-won-ryo\\\/saeng-san-yong-won-ryo\\\/%eb%8c%80%eb%91%90-%eb%a0%88%ec%8b%9c%ed%8b%b4\\\/\",\"url\":\"https:\\\/\\\/naturalpoland.com\\\/ko\\\/je-pum\\\/sig-pum-won-ryo\\\/saeng-san-yong-won-ryo\\\/%eb%8c%80%eb%91%90-%eb%a0%88%ec%8b%9c%ed%8b%b4\\\/\",\"name\":\"\ub300\ub450 \ub808\uc2dc\ud2f4 - Hurtowy Dystrybutor\",\"isPartOf\":{\"@id\":\"https:\\\/\\\/naturalpoland.com\\\/ko\\\/#website\"},\"primaryImageOfPage\":{\"@id\":\"https:\\\/\\\/naturalpoland.com\\\/ko\\\/je-pum\\\/sig-pum-won-ryo\\\/saeng-san-yong-won-ryo\\\/%eb%8c%80%eb%91%90-%eb%a0%88%ec%8b%9c%ed%8b%b4\\\/#primaryimage\"},\"image\":{\"@id\":\"https:\\\/\\\/naturalpoland.com\\\/ko\\\/je-pum\\\/sig-pum-won-ryo\\\/saeng-san-yong-won-ryo\\\/%eb%8c%80%eb%91%90-%eb%a0%88%ec%8b%9c%ed%8b%b4\\\/#primaryimage\"},\"thumbnailUrl\":\"https:\\\/\\\/naturalpoland.com\\\/wp-content\\\/uploads\\\/lecytyna-sojowa.jpg\",\"datePublished\":\"2023-10-02T08:59:08+00:00\",\"dateModified\":\"2026-02-04T13:10:14+00:00\",\"description\":\"\ub300\ub450 \ub808\uc2dc\ud2f4\uc740 \ucf69\uc5d0\uc11c \ucd94\ucd9c\ud55c \ub2e4\uae30\ub2a5 \uc131\ubd84\uc73c\ub85c, \uc138\ud3ec\ub9c9\uc758 \uc628\uc804\uc131\uc744 \uc720\uc9c0\ud558\ub294 \ub370 \ub3c4\uc6c0\uc744 \uc90d\ub2c8\ub2e4.\",\"breadcrumb\":{\"@id\":\"https:\\\/\\\/naturalpoland.com\\\/ko\\\/je-pum\\\/sig-pum-won-ryo\\\/saeng-san-yong-won-ryo\\\/%eb%8c%80%eb%91%90-%eb%a0%88%ec%8b%9c%ed%8b%b4\\\/#breadcrumb\"},\"inLanguage\":\"ko-KR\",\"potentialAction\":[{\"@type\":\"ReadAction\",\"target\":[\"https:\\\/\\\/naturalpoland.com\\\/ko\\\/je-pum\\\/sig-pum-won-ryo\\\/saeng-san-yong-won-ryo\\\/%eb%8c%80%eb%91%90-%eb%a0%88%ec%8b%9c%ed%8b%b4\\\/\"]}]},{\"@type\":\"ImageObject\",\"inLanguage\":\"ko-KR\",\"@id\":\"https:\\\/\\\/naturalpoland.com\\\/ko\\\/je-pum\\\/sig-pum-won-ryo\\\/saeng-san-yong-won-ryo\\\/%eb%8c%80%eb%91%90-%eb%a0%88%ec%8b%9c%ed%8b%b4\\\/#primaryimage\",\"url\":\"https:\\\/\\\/naturalpoland.com\\\/wp-content\\\/uploads\\\/lecytyna-sojowa.jpg\",\"contentUrl\":\"https:\\\/\\\/naturalpoland.com\\\/wp-content\\\/uploads\\\/lecytyna-sojowa.jpg\",\"width\":650,\"height\":650,\"caption\":\"\ub300\ub450 \ub808\uc2dc\ud2f4\"},{\"@type\":\"BreadcrumbList\",\"@id\":\"https:\\\/\\\/naturalpoland.com\\\/ko\\\/je-pum\\\/sig-pum-won-ryo\\\/saeng-san-yong-won-ryo\\\/%eb%8c%80%eb%91%90-%eb%a0%88%ec%8b%9c%ed%8b%b4\\\/#breadcrumb\",\"itemListElement\":[{\"@type\":\"ListItem\",\"position\":1,\"name\":\"\ud648\",\"item\":\"https:\\\/\\\/naturalpoland.com\\\/ko\\\/\"},{\"@type\":\"ListItem\",\"position\":2,\"name\":\"\uc81c\ud488\",\"item\":\"https:\\\/\\\/naturalpoland.com\\\/ko\\\/%ec%a0%9c%ed%92%88\\\/\"},{\"@type\":\"ListItem\",\"position\":3,\"name\":\"\ub300\ub450 \ub808\uc2dc\ud2f4\"}]},{\"@type\":\"WebSite\",\"@id\":\"https:\\\/\\\/naturalpoland.com\\\/ko\\\/#website\",\"url\":\"https:\\\/\\\/naturalpoland.com\\\/ko\\\/\",\"name\":\"NATURAL POLAND - Hurtowy Dystrybutor Surowc\u00f3w\",\"description\":\"Surowce dla przemys\u0142u spo\u017cywczego, kosmetycznego i farmaceutycznego\",\"publisher\":{\"@id\":\"https:\\\/\\\/naturalpoland.com\\\/ko\\\/#organization\"},\"potentialAction\":[{\"@type\":\"SearchAction\",\"target\":{\"@type\":\"EntryPoint\",\"urlTemplate\":\"https:\\\/\\\/naturalpoland.com\\\/ko\\\/?s={search_term_string}\"},\"query-input\":{\"@type\":\"PropertyValueSpecification\",\"valueRequired\":true,\"valueName\":\"search_term_string\"}}],\"inLanguage\":\"ko-KR\"},{\"@type\":\"Organization\",\"@id\":\"https:\\\/\\\/naturalpoland.com\\\/ko\\\/#organization\",\"name\":\"Natural Poland\",\"url\":\"https:\\\/\\\/naturalpoland.com\\\/ko\\\/\",\"logo\":{\"@type\":\"ImageObject\",\"inLanguage\":\"ko-KR\",\"@id\":\"https:\\\/\\\/naturalpoland.com\\\/ko\\\/#\\\/schema\\\/logo\\\/image\\\/\",\"url\":\"https:\\\/\\\/naturalpoland.com\\\/wp-content\\\/uploads\\\/2021\\\/05\\\/natural-poland-icon.png\",\"contentUrl\":\"https:\\\/\\\/naturalpoland.com\\\/wp-content\\\/uploads\\\/2021\\\/05\\\/natural-poland-icon.png\",\"width\":512,\"height\":512,\"caption\":\"Natural Poland\"},\"image\":{\"@id\":\"https:\\\/\\\/naturalpoland.com\\\/ko\\\/#\\\/schema\\\/logo\\\/image\\\/\"},\"sameAs\":[\"https:\\\/\\\/www.facebook.com\\\/naturalpoland.b2b\",\"https:\\\/\\\/pl.linkedin.com\\\/company\\\/natural-poland\",\"https:\\\/\\\/www.youtube.com\\\/channel\\\/UCgeGGkvOMahZo-xu_MSEWxg\"]}]}<\/script>\n<!-- \/ Yoast SEO plugin. -->","yoast_head_json":{"title":"\ub300\ub450 \ub808\uc2dc\ud2f4 - Hurtowy Dystrybutor","description":"\ub300\ub450 \ub808\uc2dc\ud2f4\uc740 \ucf69\uc5d0\uc11c \ucd94\ucd9c\ud55c \ub2e4\uae30\ub2a5 \uc131\ubd84\uc73c\ub85c, \uc138\ud3ec\ub9c9\uc758 \uc628\uc804\uc131\uc744 \uc720\uc9c0\ud558\ub294 \ub370 \ub3c4\uc6c0\uc744 \uc90d\ub2c8\ub2e4.","robots":{"index":"index","follow":"follow","max-snippet":"max-snippet:-1","max-image-preview":"max-image-preview:large","max-video-preview":"max-video-preview:-1"},"canonical":"https:\/\/naturalpoland.com\/ko\/je-pum\/sig-pum-won-ryo\/saeng-san-yong-won-ryo\/%eb%8c%80%eb%91%90-%eb%a0%88%ec%8b%9c%ed%8b%b4\/","og_locale":"ko_KR","og_type":"article","og_title":"\ub300\ub450 \ub808\uc2dc\ud2f4 - Hurtowy Dystrybutor","og_description":"\ub300\ub450 \ub808\uc2dc\ud2f4\uc740 \ucf69\uc5d0\uc11c \ucd94\ucd9c\ud55c \ub2e4\uae30\ub2a5 \uc131\ubd84\uc73c\ub85c, \uc138\ud3ec\ub9c9\uc758 \uc628\uc804\uc131\uc744 \uc720\uc9c0\ud558\ub294 \ub370 \ub3c4\uc6c0\uc744 \uc90d\ub2c8\ub2e4.","og_url":"https:\/\/naturalpoland.com\/ko\/je-pum\/sig-pum-won-ryo\/saeng-san-yong-won-ryo\/%eb%8c%80%eb%91%90-%eb%a0%88%ec%8b%9c%ed%8b%b4\/","og_site_name":"NATURAL POLAND - Hurtowy Dystrybutor Surowc\u00f3w","article_publisher":"https:\/\/www.facebook.com\/naturalpoland.b2b","article_modified_time":"2026-02-04T13:10:14+00:00","og_image":[{"width":650,"height":650,"url":"https:\/\/naturalpoland.com\/wp-content\/uploads\/lecytyna-sojowa.jpg","type":"image\/jpeg"}],"schema":{"@context":"https:\/\/schema.org","@graph":[{"@type":"WebPage","@id":"https:\/\/naturalpoland.com\/ko\/je-pum\/sig-pum-won-ryo\/saeng-san-yong-won-ryo\/%eb%8c%80%eb%91%90-%eb%a0%88%ec%8b%9c%ed%8b%b4\/","url":"https:\/\/naturalpoland.com\/ko\/je-pum\/sig-pum-won-ryo\/saeng-san-yong-won-ryo\/%eb%8c%80%eb%91%90-%eb%a0%88%ec%8b%9c%ed%8b%b4\/","name":"\ub300\ub450 \ub808\uc2dc\ud2f4 - Hurtowy Dystrybutor","isPartOf":{"@id":"https:\/\/naturalpoland.com\/ko\/#website"},"primaryImageOfPage":{"@id":"https:\/\/naturalpoland.com\/ko\/je-pum\/sig-pum-won-ryo\/saeng-san-yong-won-ryo\/%eb%8c%80%eb%91%90-%eb%a0%88%ec%8b%9c%ed%8b%b4\/#primaryimage"},"image":{"@id":"https:\/\/naturalpoland.com\/ko\/je-pum\/sig-pum-won-ryo\/saeng-san-yong-won-ryo\/%eb%8c%80%eb%91%90-%eb%a0%88%ec%8b%9c%ed%8b%b4\/#primaryimage"},"thumbnailUrl":"https:\/\/naturalpoland.com\/wp-content\/uploads\/lecytyna-sojowa.jpg","datePublished":"2023-10-02T08:59:08+00:00","dateModified":"2026-02-04T13:10:14+00:00","description":"\ub300\ub450 \ub808\uc2dc\ud2f4\uc740 \ucf69\uc5d0\uc11c \ucd94\ucd9c\ud55c \ub2e4\uae30\ub2a5 \uc131\ubd84\uc73c\ub85c, \uc138\ud3ec\ub9c9\uc758 \uc628\uc804\uc131\uc744 \uc720\uc9c0\ud558\ub294 \ub370 \ub3c4\uc6c0\uc744 \uc90d\ub2c8\ub2e4.","breadcrumb":{"@id":"https:\/\/naturalpoland.com\/ko\/je-pum\/sig-pum-won-ryo\/saeng-san-yong-won-ryo\/%eb%8c%80%eb%91%90-%eb%a0%88%ec%8b%9c%ed%8b%b4\/#breadcrumb"},"inLanguage":"ko-KR","potentialAction":[{"@type":"ReadAction","target":["https:\/\/naturalpoland.com\/ko\/je-pum\/sig-pum-won-ryo\/saeng-san-yong-won-ryo\/%eb%8c%80%eb%91%90-%eb%a0%88%ec%8b%9c%ed%8b%b4\/"]}]},{"@type":"ImageObject","inLanguage":"ko-KR","@id":"https:\/\/naturalpoland.com\/ko\/je-pum\/sig-pum-won-ryo\/saeng-san-yong-won-ryo\/%eb%8c%80%eb%91%90-%eb%a0%88%ec%8b%9c%ed%8b%b4\/#primaryimage","url":"https:\/\/naturalpoland.com\/wp-content\/uploads\/lecytyna-sojowa.jpg","contentUrl":"https:\/\/naturalpoland.com\/wp-content\/uploads\/lecytyna-sojowa.jpg","width":650,"height":650,"caption":"\ub300\ub450 \ub808\uc2dc\ud2f4"},{"@type":"BreadcrumbList","@id":"https:\/\/naturalpoland.com\/ko\/je-pum\/sig-pum-won-ryo\/saeng-san-yong-won-ryo\/%eb%8c%80%eb%91%90-%eb%a0%88%ec%8b%9c%ed%8b%b4\/#breadcrumb","itemListElement":[{"@type":"ListItem","position":1,"name":"\ud648","item":"https:\/\/naturalpoland.com\/ko\/"},{"@type":"ListItem","position":2,"name":"\uc81c\ud488","item":"https:\/\/naturalpoland.com\/ko\/%ec%a0%9c%ed%92%88\/"},{"@type":"ListItem","position":3,"name":"\ub300\ub450 \ub808\uc2dc\ud2f4"}]},{"@type":"WebSite","@id":"https:\/\/naturalpoland.com\/ko\/#website","url":"https:\/\/naturalpoland.com\/ko\/","name":"NATURAL POLAND - Hurtowy Dystrybutor Surowc\u00f3w","description":"Surowce dla przemys\u0142u spo\u017cywczego, kosmetycznego i farmaceutycznego","publisher":{"@id":"https:\/\/naturalpoland.com\/ko\/#organization"},"potentialAction":[{"@type":"SearchAction","target":{"@type":"EntryPoint","urlTemplate":"https:\/\/naturalpoland.com\/ko\/?s={search_term_string}"},"query-input":{"@type":"PropertyValueSpecification","valueRequired":true,"valueName":"search_term_string"}}],"inLanguage":"ko-KR"},{"@type":"Organization","@id":"https:\/\/naturalpoland.com\/ko\/#organization","name":"Natural Poland","url":"https:\/\/naturalpoland.com\/ko\/","logo":{"@type":"ImageObject","inLanguage":"ko-KR","@id":"https:\/\/naturalpoland.com\/ko\/#\/schema\/logo\/image\/","url":"https:\/\/naturalpoland.com\/wp-content\/uploads\/2021\/05\/natural-poland-icon.png","contentUrl":"https:\/\/naturalpoland.com\/wp-content\/uploads\/2021\/05\/natural-poland-icon.png","width":512,"height":512,"caption":"Natural Poland"},"image":{"@id":"https:\/\/naturalpoland.com\/ko\/#\/schema\/logo\/image\/"},"sameAs":["https:\/\/www.facebook.com\/naturalpoland.b2b","https:\/\/pl.linkedin.com\/company\/natural-poland","https:\/\/www.youtube.com\/channel\/UCgeGGkvOMahZo-xu_MSEWxg"]}]}},"_links":{"self":[{"href":"https:\/\/naturalpoland.com\/ko\/wp-json\/wp\/v2\/product\/45582","targetHints":{"allow":["GET"]}}],"collection":[{"href":"https:\/\/naturalpoland.com\/ko\/wp-json\/wp\/v2\/product"}],"about":[{"href":"https:\/\/naturalpoland.com\/ko\/wp-json\/wp\/v2\/types\/product"}],"wp:featuredmedia":[{"embeddable":true,"href":"https:\/\/naturalpoland.com\/ko\/wp-json\/wp\/v2\/media\/45583"}],"wp:attachment":[{"href":"https:\/\/naturalpoland.com\/ko\/wp-json\/wp\/v2\/media?parent=45582"}],"wp:term":[{"taxonomy":"product_brand","embeddable":true,"href":"https:\/\/naturalpoland.com\/ko\/wp-json\/wp\/v2\/product_brand?post=45582"},{"taxonomy":"product_cat","embeddable":true,"href":"https:\/\/naturalpoland.com\/ko\/wp-json\/wp\/v2\/product_cat?post=45582"},{"taxonomy":"product_tag","embeddable":true,"href":"https:\/\/naturalpoland.com\/ko\/wp-json\/wp\/v2\/product_tag?post=45582"}],"curies":[{"name":"wp","href":"https:\/\/api.w.org\/{rel}","templated":true}]}}