{"id":45589,"date":"2023-09-15T15:46:00","date_gmt":"2023-09-15T13:46:00","guid":{"rendered":"https:\/\/naturalpoland.com\/produkty\/uncategorized\/%ec%84%a4%ec%b9%98%eb%a5%98-%eb%b0%8f-%ec%b4%88%ec%8b%9d-%ed%8c%8c%ec%b6%a9%eb%a5%98-%ec%82%ac%eb%a3%8c\/"},"modified":"2026-02-04T14:10:56","modified_gmt":"2026-02-04T13:10:56","slug":"%ec%84%a4%ec%b9%98%eb%a5%98-%eb%b0%8f-%ec%b4%88%ec%8b%9d-%ed%8c%8c%ec%b6%a9%eb%a5%98-%ec%82%ac%eb%a3%8c","status":"publish","type":"product","link":"https:\/\/naturalpoland.com\/ko\/je-pum\/dong-mul-yong-won-ryo\/%ec%84%a4%ec%b9%98%eb%a5%98-%eb%b0%8f-%ec%b4%88%ec%8b%9d-%ed%8c%8c%ec%b6%a9%eb%a5%98-%ec%82%ac%eb%a3%8c\/","title":{"rendered":"\uc124\uce58\ub958 \ubc0f \ucd08\uc2dd \ud30c\ucda9\ub958 \uc0ac\ub8cc"},"content":{"rendered":"<ol>\n<li><strong>\ud074\ub798\uc2dd \ud63c\ud569<\/strong>: \uc54c\ud314\ud30c, \uae08\uc794\ud654 \uc78e, \uce90\ubaa8\ub9c8\uc77c, \uc7a5\ubbf8 \uaf43\uc78e, \ud30c\uc2ac\ub9ac \uc904\uae30 \u2013 \ub2e8\ubc31\uc9c8, \ube44\ud0c0\ubbfc, \ubbf8\ub124\ub784\uc758 \uc774\uc0c1\uc801\uc778 \uc870\ud569\uc785\ub2c8\ub2e4.<\/li>\n<li><strong>\uacfc\uc77c-\ud5c8\ube0c \ud63c\ud569<\/strong>: \ud30c\uc2ac\ub9ac \uc904\uae30, \ub77c\uc988\ubca0\ub9ac \uc78e, \uc410\uae30\ud480, \uc9c8\uacbd\uc774, \ubbfc\ub4e4\ub808, \ubd89\uc740\uc0c9\uacfc \ubd84\ud64d\uc0c9 \uc218\ub808\uad6d\ud654.<\/li>\n<li><strong>\uac15\ud654 \ud63c\ud569<\/strong>: \ud30c\uc2ac\ub9ac \uc904\uae30, \ud30c\ub780 \uc218\ub808\uad6d\ud654, \ub77c\uc988\ubca0\ub9ac \uc78e, \ube14\ub799\ubca0\ub9ac, \uc5d0\ud0a4\ub124\uc2dc\uc544, \uce90\ubaa8\ub9c8\uc77c \uaf43 \u2013 \uba74\uc5ed\ub825 \uc99d\uc9c4\uc744 \uc704\ud55c \uad6c\uc131\uc785\ub2c8\ub2e4.<\/li>\n<li><strong>\uc774\uad6d\uc801\uc778 \ud63c\ud569<\/strong>: \ud30c\uc2ac\ub9ac \uc904\uae30, \ubc14\ub098\ub098, \uc790\uc791\ub098\ubb34 \uc78e, \ub77c\uc988\ubca0\ub9ac \uc78e, \ubbfc\ub4e4\ub808, \uc54c\ud314\ud30c, \ud788\ube44\uc2a4\ucee4\uc2a4 \u2013 \ub3c5\ud2b9\ud55c \ub9db \ud504\ub85c\ud544\uc744 \uc81c\uacf5\ud569\ub2c8\ub2e4.<\/li>\n<li><strong>\ucc44\uc18c-\uacfc\uc77c \ud63c\ud569<\/strong>: \uc790\uc791\ub098\ubb34 \uc78e, \uc54c\ud314\ud30c, \ub2f9\uadfc, \uc560\ud638\ubc15, \uc0ac\uacfc, \ub77c\uc988\ubca0\ub9ac \uc78e, \ud30c\uc2ac\ub9ac \uc904\uae30, \uc9c8\uacbd\uc774, \ud1a0\ub9c8\ud1a0, \uc624\uc774, \ubbfc\ub4e4\ub808.<\/li>\n<li><strong>\uc5ec\ub984 \ud63c\ud569<\/strong>: \uc54c\ud314\ud30c, \ub2f9\uadfc, \ud788\ube44\uc2a4\ucee4\uc2a4, \ud30c\uc2ac\ub9ac \uc904\uae30, \uc624\uc774, \uae08\uc794\ud654 \uc78e \u2013 \ub530\ub73b\ud55c \ub0a0\uc5d0 \uc774\uc0c1\uc801\uc778 \uc870\ud569\uc785\ub2c8\ub2e4.<\/li>\n<li><strong>\ud5c8\ube0c \ud63c\ud569<\/strong>: \ud30c\uc2ac\ub9ac \uc904\uae30, \uc218\ub808\uad6d\ud654, \ubbfc\ub4e4\ub808, \uc9c8\uacbd\uc774, \uc410\uae30\ud480, \uce90\ubaa8\ub9c8\uc77c, \ud649 \u2013 \uc18c\ud654\uae30 \uacc4\ud1b5\uc744 \uc9c0\uc6d0\ud569\ub2c8\ub2e4.<\/li>\n<\/ol>\n<p>\uac01 \ud63c\ud569 \uc0ac\ub8cc\ub294 \uc124\uce58\ub958 \ubc0f \ucd08\uc2dd \ud30c\ucda9\ub958\uc758 \ub2e4\uc591\ud55c \uc601\uc591 \uc694\uad6c\ub97c \ucda9\uc871\uc2dc\ud0a4\uace0, \ub3d9\uc2dc\uc5d0 \ub2e4\uc591\ud55c \ub9db\uacfc \uc601\uc591\uac00\ub97c \uc81c\uacf5\ud558\ub3c4\ub85d \ub9cc\ub4e4\uc5b4\uc84c\uc2b5\ub2c8\ub2e4.<\/p>\n","protected":false},"excerpt":{"rendered":"<p>\uc800\ud76c \uc124\uce58\ub958 \ubc0f \ucd08\uc2dd \ud30c\ucda9\ub958 \uc0ac\ub8cc\ub294 \uace0\ud488\uc9c8 \uc2dd\ubb3c\uc131 \uc7ac\ub8cc\ub97c \uae30\ubc18\uc73c\ub85c \uc2e0\uc911\ud558\uac8c \ubc30\ud569\ub418\uc5c8\uc2b5\ub2c8\ub2e4. \uac01 \uc0ac\ub8cc\ub294 \ub3d9\ubb3c\uc758 \uc62c\ubc14\ub978 \uc131\uc7a5\uacfc \uac74\uac15\uc5d0 \ud544\uc218\uc801\uc778 \uc601\uc591\uc18c\ub97c \uc81c\uacf5\ud569\ub2c8\ub2e4. <\/p>\n","protected":false},"featured_media":45590,"template":"","meta":{"_acf_changed":false},"product_brand":[],"product_cat":[8139],"product_tag":[],"class_list":{"0":"post-45589","1":"product","2":"type-product","3":"status-publish","4":"has-post-thumbnail","6":"product_cat-dong-mul-yong-won-ryo","8":"first","9":"instock","10":"shipping-taxable","11":"product-type-simple"},"acf":[],"yoast_head":"<!-- This site is optimized with the Yoast SEO plugin v27.5 - https:\/\/yoast.com\/product\/yoast-seo-wordpress\/ -->\n<title>\uc124\uce58\ub958 \ubc0f \ucd08\uc2dd \ud30c\ucda9\ub958 \uc0ac\ub8cc - Hurtowy Dystrybutor<\/title>\n<meta name=\"description\" content=\"\uc800\ud76c \uc124\uce58\ub958 \ubc0f \ucd08\uc2dd \ud30c\ucda9\ub958 \uc0ac\ub8cc\ub294 \uace0\ud488\uc9c8 \uc2dd\ubb3c\uc131 \uc7ac\ub8cc\ub97c \uae30\ubc18\uc73c\ub85c \uc2e0\uc911\ud558\uac8c \ubc30\ud569\ub418\uc5c8\uc2b5\ub2c8\ub2e4.\" \/>\n<meta name=\"robots\" content=\"index, follow, max-snippet:-1, max-image-preview:large, max-video-preview:-1\" \/>\n<link rel=\"canonical\" href=\"https:\/\/naturalpoland.com\/ko\/je-pum\/dong-mul-yong-won-ryo\/%ec%84%a4%ec%b9%98%eb%a5%98-%eb%b0%8f-%ec%b4%88%ec%8b%9d-%ed%8c%8c%ec%b6%a9%eb%a5%98-%ec%82%ac%eb%a3%8c\/\" \/>\n<meta property=\"og:locale\" content=\"ko_KR\" \/>\n<meta property=\"og:type\" content=\"article\" \/>\n<meta property=\"og:title\" content=\"\uc124\uce58\ub958 \ubc0f \ucd08\uc2dd \ud30c\ucda9\ub958 \uc0ac\ub8cc - Hurtowy Dystrybutor\" \/>\n<meta property=\"og:description\" content=\"\uc800\ud76c \uc124\uce58\ub958 \ubc0f \ucd08\uc2dd \ud30c\ucda9\ub958 \uc0ac\ub8cc\ub294 \uace0\ud488\uc9c8 \uc2dd\ubb3c\uc131 \uc7ac\ub8cc\ub97c \uae30\ubc18\uc73c\ub85c \uc2e0\uc911\ud558\uac8c \ubc30\ud569\ub418\uc5c8\uc2b5\ub2c8\ub2e4.\" \/>\n<meta property=\"og:url\" content=\"https:\/\/naturalpoland.com\/ko\/je-pum\/dong-mul-yong-won-ryo\/%ec%84%a4%ec%b9%98%eb%a5%98-%eb%b0%8f-%ec%b4%88%ec%8b%9d-%ed%8c%8c%ec%b6%a9%eb%a5%98-%ec%82%ac%eb%a3%8c\/\" \/>\n<meta property=\"og:site_name\" content=\"NATURAL POLAND - Hurtowy Dystrybutor Surowc\u00f3w\" \/>\n<meta property=\"article:publisher\" content=\"https:\/\/www.facebook.com\/naturalpoland.b2b\" \/>\n<meta property=\"article:modified_time\" content=\"2026-02-04T13:10:56+00:00\" \/>\n<meta property=\"og:image\" content=\"https:\/\/naturalpoland.com\/wp-content\/uploads\/mieszanki-dla-gryzoni.jpg\" \/>\n\t<meta property=\"og:image:width\" content=\"650\" \/>\n\t<meta property=\"og:image:height\" content=\"650\" \/>\n\t<meta property=\"og:image:type\" content=\"image\/jpeg\" \/>\n<script type=\"application\/ld+json\" class=\"yoast-schema-graph\">{\"@context\":\"https:\\\/\\\/schema.org\",\"@graph\":[{\"@type\":\"WebPage\",\"@id\":\"https:\\\/\\\/naturalpoland.com\\\/ko\\\/je-pum\\\/dong-mul-yong-won-ryo\\\/%ec%84%a4%ec%b9%98%eb%a5%98-%eb%b0%8f-%ec%b4%88%ec%8b%9d-%ed%8c%8c%ec%b6%a9%eb%a5%98-%ec%82%ac%eb%a3%8c\\\/\",\"url\":\"https:\\\/\\\/naturalpoland.com\\\/ko\\\/je-pum\\\/dong-mul-yong-won-ryo\\\/%ec%84%a4%ec%b9%98%eb%a5%98-%eb%b0%8f-%ec%b4%88%ec%8b%9d-%ed%8c%8c%ec%b6%a9%eb%a5%98-%ec%82%ac%eb%a3%8c\\\/\",\"name\":\"\uc124\uce58\ub958 \ubc0f \ucd08\uc2dd \ud30c\ucda9\ub958 \uc0ac\ub8cc - Hurtowy Dystrybutor\",\"isPartOf\":{\"@id\":\"https:\\\/\\\/naturalpoland.com\\\/ko\\\/#website\"},\"primaryImageOfPage\":{\"@id\":\"https:\\\/\\\/naturalpoland.com\\\/ko\\\/je-pum\\\/dong-mul-yong-won-ryo\\\/%ec%84%a4%ec%b9%98%eb%a5%98-%eb%b0%8f-%ec%b4%88%ec%8b%9d-%ed%8c%8c%ec%b6%a9%eb%a5%98-%ec%82%ac%eb%a3%8c\\\/#primaryimage\"},\"image\":{\"@id\":\"https:\\\/\\\/naturalpoland.com\\\/ko\\\/je-pum\\\/dong-mul-yong-won-ryo\\\/%ec%84%a4%ec%b9%98%eb%a5%98-%eb%b0%8f-%ec%b4%88%ec%8b%9d-%ed%8c%8c%ec%b6%a9%eb%a5%98-%ec%82%ac%eb%a3%8c\\\/#primaryimage\"},\"thumbnailUrl\":\"https:\\\/\\\/naturalpoland.com\\\/wp-content\\\/uploads\\\/mieszanki-dla-gryzoni.jpg\",\"datePublished\":\"2023-09-15T13:46:00+00:00\",\"dateModified\":\"2026-02-04T13:10:56+00:00\",\"description\":\"\uc800\ud76c \uc124\uce58\ub958 \ubc0f \ucd08\uc2dd \ud30c\ucda9\ub958 \uc0ac\ub8cc\ub294 \uace0\ud488\uc9c8 \uc2dd\ubb3c\uc131 \uc7ac\ub8cc\ub97c \uae30\ubc18\uc73c\ub85c \uc2e0\uc911\ud558\uac8c \ubc30\ud569\ub418\uc5c8\uc2b5\ub2c8\ub2e4.\",\"breadcrumb\":{\"@id\":\"https:\\\/\\\/naturalpoland.com\\\/ko\\\/je-pum\\\/dong-mul-yong-won-ryo\\\/%ec%84%a4%ec%b9%98%eb%a5%98-%eb%b0%8f-%ec%b4%88%ec%8b%9d-%ed%8c%8c%ec%b6%a9%eb%a5%98-%ec%82%ac%eb%a3%8c\\\/#breadcrumb\"},\"inLanguage\":\"ko-KR\",\"potentialAction\":[{\"@type\":\"ReadAction\",\"target\":[\"https:\\\/\\\/naturalpoland.com\\\/ko\\\/je-pum\\\/dong-mul-yong-won-ryo\\\/%ec%84%a4%ec%b9%98%eb%a5%98-%eb%b0%8f-%ec%b4%88%ec%8b%9d-%ed%8c%8c%ec%b6%a9%eb%a5%98-%ec%82%ac%eb%a3%8c\\\/\"]}]},{\"@type\":\"ImageObject\",\"inLanguage\":\"ko-KR\",\"@id\":\"https:\\\/\\\/naturalpoland.com\\\/ko\\\/je-pum\\\/dong-mul-yong-won-ryo\\\/%ec%84%a4%ec%b9%98%eb%a5%98-%eb%b0%8f-%ec%b4%88%ec%8b%9d-%ed%8c%8c%ec%b6%a9%eb%a5%98-%ec%82%ac%eb%a3%8c\\\/#primaryimage\",\"url\":\"https:\\\/\\\/naturalpoland.com\\\/wp-content\\\/uploads\\\/mieszanki-dla-gryzoni.jpg\",\"contentUrl\":\"https:\\\/\\\/naturalpoland.com\\\/wp-content\\\/uploads\\\/mieszanki-dla-gryzoni.jpg\",\"width\":650,\"height\":650,\"caption\":\"\uc124\uce58\ub958 \uc0ac\ub8cc\"},{\"@type\":\"BreadcrumbList\",\"@id\":\"https:\\\/\\\/naturalpoland.com\\\/ko\\\/je-pum\\\/dong-mul-yong-won-ryo\\\/%ec%84%a4%ec%b9%98%eb%a5%98-%eb%b0%8f-%ec%b4%88%ec%8b%9d-%ed%8c%8c%ec%b6%a9%eb%a5%98-%ec%82%ac%eb%a3%8c\\\/#breadcrumb\",\"itemListElement\":[{\"@type\":\"ListItem\",\"position\":1,\"name\":\"\ud648\",\"item\":\"https:\\\/\\\/naturalpoland.com\\\/ko\\\/\"},{\"@type\":\"ListItem\",\"position\":2,\"name\":\"\uc81c\ud488\",\"item\":\"https:\\\/\\\/naturalpoland.com\\\/ko\\\/%ec%a0%9c%ed%92%88\\\/\"},{\"@type\":\"ListItem\",\"position\":3,\"name\":\"\uc124\uce58\ub958 \ubc0f \ucd08\uc2dd \ud30c\ucda9\ub958 \uc0ac\ub8cc\"}]},{\"@type\":\"WebSite\",\"@id\":\"https:\\\/\\\/naturalpoland.com\\\/ko\\\/#website\",\"url\":\"https:\\\/\\\/naturalpoland.com\\\/ko\\\/\",\"name\":\"NATURAL POLAND - Hurtowy Dystrybutor Surowc\u00f3w\",\"description\":\"Surowce dla przemys\u0142u spo\u017cywczego, kosmetycznego i farmaceutycznego\",\"publisher\":{\"@id\":\"https:\\\/\\\/naturalpoland.com\\\/ko\\\/#organization\"},\"potentialAction\":[{\"@type\":\"SearchAction\",\"target\":{\"@type\":\"EntryPoint\",\"urlTemplate\":\"https:\\\/\\\/naturalpoland.com\\\/ko\\\/?s={search_term_string}\"},\"query-input\":{\"@type\":\"PropertyValueSpecification\",\"valueRequired\":true,\"valueName\":\"search_term_string\"}}],\"inLanguage\":\"ko-KR\"},{\"@type\":\"Organization\",\"@id\":\"https:\\\/\\\/naturalpoland.com\\\/ko\\\/#organization\",\"name\":\"Natural Poland\",\"url\":\"https:\\\/\\\/naturalpoland.com\\\/ko\\\/\",\"logo\":{\"@type\":\"ImageObject\",\"inLanguage\":\"ko-KR\",\"@id\":\"https:\\\/\\\/naturalpoland.com\\\/ko\\\/#\\\/schema\\\/logo\\\/image\\\/\",\"url\":\"https:\\\/\\\/naturalpoland.com\\\/wp-content\\\/uploads\\\/2021\\\/05\\\/natural-poland-icon.png\",\"contentUrl\":\"https:\\\/\\\/naturalpoland.com\\\/wp-content\\\/uploads\\\/2021\\\/05\\\/natural-poland-icon.png\",\"width\":512,\"height\":512,\"caption\":\"Natural Poland\"},\"image\":{\"@id\":\"https:\\\/\\\/naturalpoland.com\\\/ko\\\/#\\\/schema\\\/logo\\\/image\\\/\"},\"sameAs\":[\"https:\\\/\\\/www.facebook.com\\\/naturalpoland.b2b\",\"https:\\\/\\\/pl.linkedin.com\\\/company\\\/natural-poland\",\"https:\\\/\\\/www.youtube.com\\\/channel\\\/UCgeGGkvOMahZo-xu_MSEWxg\"]}]}<\/script>\n<!-- \/ Yoast SEO plugin. -->","yoast_head_json":{"title":"\uc124\uce58\ub958 \ubc0f \ucd08\uc2dd \ud30c\ucda9\ub958 \uc0ac\ub8cc - Hurtowy Dystrybutor","description":"\uc800\ud76c \uc124\uce58\ub958 \ubc0f \ucd08\uc2dd \ud30c\ucda9\ub958 \uc0ac\ub8cc\ub294 \uace0\ud488\uc9c8 \uc2dd\ubb3c\uc131 \uc7ac\ub8cc\ub97c \uae30\ubc18\uc73c\ub85c \uc2e0\uc911\ud558\uac8c \ubc30\ud569\ub418\uc5c8\uc2b5\ub2c8\ub2e4.","robots":{"index":"index","follow":"follow","max-snippet":"max-snippet:-1","max-image-preview":"max-image-preview:large","max-video-preview":"max-video-preview:-1"},"canonical":"https:\/\/naturalpoland.com\/ko\/je-pum\/dong-mul-yong-won-ryo\/%ec%84%a4%ec%b9%98%eb%a5%98-%eb%b0%8f-%ec%b4%88%ec%8b%9d-%ed%8c%8c%ec%b6%a9%eb%a5%98-%ec%82%ac%eb%a3%8c\/","og_locale":"ko_KR","og_type":"article","og_title":"\uc124\uce58\ub958 \ubc0f \ucd08\uc2dd \ud30c\ucda9\ub958 \uc0ac\ub8cc - Hurtowy Dystrybutor","og_description":"\uc800\ud76c \uc124\uce58\ub958 \ubc0f \ucd08\uc2dd \ud30c\ucda9\ub958 \uc0ac\ub8cc\ub294 \uace0\ud488\uc9c8 \uc2dd\ubb3c\uc131 \uc7ac\ub8cc\ub97c \uae30\ubc18\uc73c\ub85c \uc2e0\uc911\ud558\uac8c \ubc30\ud569\ub418\uc5c8\uc2b5\ub2c8\ub2e4.","og_url":"https:\/\/naturalpoland.com\/ko\/je-pum\/dong-mul-yong-won-ryo\/%ec%84%a4%ec%b9%98%eb%a5%98-%eb%b0%8f-%ec%b4%88%ec%8b%9d-%ed%8c%8c%ec%b6%a9%eb%a5%98-%ec%82%ac%eb%a3%8c\/","og_site_name":"NATURAL POLAND - Hurtowy Dystrybutor Surowc\u00f3w","article_publisher":"https:\/\/www.facebook.com\/naturalpoland.b2b","article_modified_time":"2026-02-04T13:10:56+00:00","og_image":[{"width":650,"height":650,"url":"https:\/\/naturalpoland.com\/wp-content\/uploads\/mieszanki-dla-gryzoni.jpg","type":"image\/jpeg"}],"schema":{"@context":"https:\/\/schema.org","@graph":[{"@type":"WebPage","@id":"https:\/\/naturalpoland.com\/ko\/je-pum\/dong-mul-yong-won-ryo\/%ec%84%a4%ec%b9%98%eb%a5%98-%eb%b0%8f-%ec%b4%88%ec%8b%9d-%ed%8c%8c%ec%b6%a9%eb%a5%98-%ec%82%ac%eb%a3%8c\/","url":"https:\/\/naturalpoland.com\/ko\/je-pum\/dong-mul-yong-won-ryo\/%ec%84%a4%ec%b9%98%eb%a5%98-%eb%b0%8f-%ec%b4%88%ec%8b%9d-%ed%8c%8c%ec%b6%a9%eb%a5%98-%ec%82%ac%eb%a3%8c\/","name":"\uc124\uce58\ub958 \ubc0f \ucd08\uc2dd \ud30c\ucda9\ub958 \uc0ac\ub8cc - Hurtowy Dystrybutor","isPartOf":{"@id":"https:\/\/naturalpoland.com\/ko\/#website"},"primaryImageOfPage":{"@id":"https:\/\/naturalpoland.com\/ko\/je-pum\/dong-mul-yong-won-ryo\/%ec%84%a4%ec%b9%98%eb%a5%98-%eb%b0%8f-%ec%b4%88%ec%8b%9d-%ed%8c%8c%ec%b6%a9%eb%a5%98-%ec%82%ac%eb%a3%8c\/#primaryimage"},"image":{"@id":"https:\/\/naturalpoland.com\/ko\/je-pum\/dong-mul-yong-won-ryo\/%ec%84%a4%ec%b9%98%eb%a5%98-%eb%b0%8f-%ec%b4%88%ec%8b%9d-%ed%8c%8c%ec%b6%a9%eb%a5%98-%ec%82%ac%eb%a3%8c\/#primaryimage"},"thumbnailUrl":"https:\/\/naturalpoland.com\/wp-content\/uploads\/mieszanki-dla-gryzoni.jpg","datePublished":"2023-09-15T13:46:00+00:00","dateModified":"2026-02-04T13:10:56+00:00","description":"\uc800\ud76c \uc124\uce58\ub958 \ubc0f \ucd08\uc2dd \ud30c\ucda9\ub958 \uc0ac\ub8cc\ub294 \uace0\ud488\uc9c8 \uc2dd\ubb3c\uc131 \uc7ac\ub8cc\ub97c \uae30\ubc18\uc73c\ub85c \uc2e0\uc911\ud558\uac8c \ubc30\ud569\ub418\uc5c8\uc2b5\ub2c8\ub2e4.","breadcrumb":{"@id":"https:\/\/naturalpoland.com\/ko\/je-pum\/dong-mul-yong-won-ryo\/%ec%84%a4%ec%b9%98%eb%a5%98-%eb%b0%8f-%ec%b4%88%ec%8b%9d-%ed%8c%8c%ec%b6%a9%eb%a5%98-%ec%82%ac%eb%a3%8c\/#breadcrumb"},"inLanguage":"ko-KR","potentialAction":[{"@type":"ReadAction","target":["https:\/\/naturalpoland.com\/ko\/je-pum\/dong-mul-yong-won-ryo\/%ec%84%a4%ec%b9%98%eb%a5%98-%eb%b0%8f-%ec%b4%88%ec%8b%9d-%ed%8c%8c%ec%b6%a9%eb%a5%98-%ec%82%ac%eb%a3%8c\/"]}]},{"@type":"ImageObject","inLanguage":"ko-KR","@id":"https:\/\/naturalpoland.com\/ko\/je-pum\/dong-mul-yong-won-ryo\/%ec%84%a4%ec%b9%98%eb%a5%98-%eb%b0%8f-%ec%b4%88%ec%8b%9d-%ed%8c%8c%ec%b6%a9%eb%a5%98-%ec%82%ac%eb%a3%8c\/#primaryimage","url":"https:\/\/naturalpoland.com\/wp-content\/uploads\/mieszanki-dla-gryzoni.jpg","contentUrl":"https:\/\/naturalpoland.com\/wp-content\/uploads\/mieszanki-dla-gryzoni.jpg","width":650,"height":650,"caption":"\uc124\uce58\ub958 \uc0ac\ub8cc"},{"@type":"BreadcrumbList","@id":"https:\/\/naturalpoland.com\/ko\/je-pum\/dong-mul-yong-won-ryo\/%ec%84%a4%ec%b9%98%eb%a5%98-%eb%b0%8f-%ec%b4%88%ec%8b%9d-%ed%8c%8c%ec%b6%a9%eb%a5%98-%ec%82%ac%eb%a3%8c\/#breadcrumb","itemListElement":[{"@type":"ListItem","position":1,"name":"\ud648","item":"https:\/\/naturalpoland.com\/ko\/"},{"@type":"ListItem","position":2,"name":"\uc81c\ud488","item":"https:\/\/naturalpoland.com\/ko\/%ec%a0%9c%ed%92%88\/"},{"@type":"ListItem","position":3,"name":"\uc124\uce58\ub958 \ubc0f \ucd08\uc2dd \ud30c\ucda9\ub958 \uc0ac\ub8cc"}]},{"@type":"WebSite","@id":"https:\/\/naturalpoland.com\/ko\/#website","url":"https:\/\/naturalpoland.com\/ko\/","name":"NATURAL POLAND - Hurtowy Dystrybutor Surowc\u00f3w","description":"Surowce dla przemys\u0142u spo\u017cywczego, kosmetycznego i farmaceutycznego","publisher":{"@id":"https:\/\/naturalpoland.com\/ko\/#organization"},"potentialAction":[{"@type":"SearchAction","target":{"@type":"EntryPoint","urlTemplate":"https:\/\/naturalpoland.com\/ko\/?s={search_term_string}"},"query-input":{"@type":"PropertyValueSpecification","valueRequired":true,"valueName":"search_term_string"}}],"inLanguage":"ko-KR"},{"@type":"Organization","@id":"https:\/\/naturalpoland.com\/ko\/#organization","name":"Natural Poland","url":"https:\/\/naturalpoland.com\/ko\/","logo":{"@type":"ImageObject","inLanguage":"ko-KR","@id":"https:\/\/naturalpoland.com\/ko\/#\/schema\/logo\/image\/","url":"https:\/\/naturalpoland.com\/wp-content\/uploads\/2021\/05\/natural-poland-icon.png","contentUrl":"https:\/\/naturalpoland.com\/wp-content\/uploads\/2021\/05\/natural-poland-icon.png","width":512,"height":512,"caption":"Natural Poland"},"image":{"@id":"https:\/\/naturalpoland.com\/ko\/#\/schema\/logo\/image\/"},"sameAs":["https:\/\/www.facebook.com\/naturalpoland.b2b","https:\/\/pl.linkedin.com\/company\/natural-poland","https:\/\/www.youtube.com\/channel\/UCgeGGkvOMahZo-xu_MSEWxg"]}]}},"_links":{"self":[{"href":"https:\/\/naturalpoland.com\/ko\/wp-json\/wp\/v2\/product\/45589","targetHints":{"allow":["GET"]}}],"collection":[{"href":"https:\/\/naturalpoland.com\/ko\/wp-json\/wp\/v2\/product"}],"about":[{"href":"https:\/\/naturalpoland.com\/ko\/wp-json\/wp\/v2\/types\/product"}],"wp:featuredmedia":[{"embeddable":true,"href":"https:\/\/naturalpoland.com\/ko\/wp-json\/wp\/v2\/media\/45590"}],"wp:attachment":[{"href":"https:\/\/naturalpoland.com\/ko\/wp-json\/wp\/v2\/media?parent=45589"}],"wp:term":[{"taxonomy":"product_brand","embeddable":true,"href":"https:\/\/naturalpoland.com\/ko\/wp-json\/wp\/v2\/product_brand?post=45589"},{"taxonomy":"product_cat","embeddable":true,"href":"https:\/\/naturalpoland.com\/ko\/wp-json\/wp\/v2\/product_cat?post=45589"},{"taxonomy":"product_tag","embeddable":true,"href":"https:\/\/naturalpoland.com\/ko\/wp-json\/wp\/v2\/product_tag?post=45589"}],"curies":[{"name":"wp","href":"https:\/\/api.w.org\/{rel}","templated":true}]}}