{"id":45595,"date":"2023-10-02T14:38:02","date_gmt":"2023-10-02T12:38:02","guid":{"rendered":"https:\/\/naturalpoland.com\/produkty\/uncategorized\/%eb%b0%80-%eb%8b%a8%eb%b0%b1%ec%a7%88-%ea%b8%80%eb%a3%a8%ed%85%90\/"},"modified":"2026-02-04T14:11:24","modified_gmt":"2026-02-04T13:11:24","slug":"%eb%b0%80-%eb%8b%a8%eb%b0%b1%ec%a7%88-%ea%b8%80%eb%a3%a8%ed%85%90","status":"publish","type":"product","link":"https:\/\/naturalpoland.com\/ko\/je-pum\/sig-pum-won-ryo\/sig-mul-seong-dan-baek-jil\/%eb%b0%80-%eb%8b%a8%eb%b0%b1%ec%a7%88-%ea%b8%80%eb%a3%a8%ed%85%90\/","title":{"rendered":"\ubc00 \ub2e8\ubc31\uc9c8 (\uae00\ub8e8\ud150)"},"content":{"rendered":"<p>\ub3c5\ud2b9\ud55c \uacb0\ud569\ub825\uacfc \ud0c4\uc131\uc73c\ub85c \uc778\ud574 \uae00\ub8e8\ud150\uc740 \uc81c\ube75 \uc0b0\uc5c5\ubfd0\ub9cc \uc544\ub2c8\ub77c \ub2e4\uc591\ud55c \uc2dd\ud488 \ubc0f \uc0ac\ub8cc\uc758 \ub2e8\ubc31\uc9c8 \ucca8\uac00\uc81c\ub85c\ub3c4 \ub110\ub9ac \uc0ac\uc6a9\ub429\ub2c8\ub2e4.<\/p>\n<h3>\ubc00 \ub2e8\ubc31\uc9c8\uc758 \ud2b9\uc131 \ubc0f \ud65c\uc6a9<\/h3>\n<ol>\n<li><strong>\uacb0\ud569 \ud2b9\uc131:<\/strong> \uae00\ub8e8\ud150\uc740 \ub6f0\uc5b4\ub09c \uacb0\ud569\ub825\uc744 \uac00\uc9c0\uace0 \uc788\uc5b4 \uc2dd\ubb3c\uc131 \uace0\uae30\uc640 \uac19\uc740 \ucc44\uc2dd \ubc0f \ube44\uac74 \uc81c\ud488 \uc0dd\uc0b0\uc5d0 \ud0c1\uc6d4\ud55c \uc131\ubd84\uc785\ub2c8\ub2e4.<\/li>\n<li><strong>\uc601\uc591 \uac00\uce58:<\/strong> \ubc00 \ub2e8\ubc31\uc9c8\uc740 \ud544\uc218 \uc544\ubbf8\ub178\uc0b0\uc744 \uc81c\uacf5\ud558\uc5ec \uc2dd\ub2e8\uc5d0\uc11c \uc911\uc694\ud55c \ub2e8\ubc31\uc9c8 \uacf5\uae09\uc6d0 \uc5ed\ud560\uc744 \ud569\ub2c8\ub2e4.<\/li>\n<li><strong>\uc81c\ube75 \uc0b0\uc5c5:<\/strong> \ube75 \ubc0f \uae30\ud0c0 \uc81c\ube75 \uc81c\ud488 \uc0dd\uc0b0\uc5d0 \ud544\uc218\uc801\uc778 \uae00\ub8e8\ud150\uc740 \ubc18\uc8fd\uc5d0 \ud0c4\uc131\uc744 \ubd80\uc5ec\ud558\uace0 \ubc1c\ud6a8 \uc911 \uc0dd\uc131\ub418\ub294 \uac00\uc2a4\ub97c \uac00\ub450\uc5b4 \ud3ed\uc2e0\ud558\uace0 \ucac4\uae43\ud55c \uc18d\uc0b4\uc744 \ub9cc\ub4ed\ub2c8\ub2e4.<\/li>\n<li><strong>\ud654\uc7a5\ud488 \ubc0f \ubcf4\ucda9\uc81c:<\/strong> \uae00\ub8e8\ud150\uc740 \ud654\uc7a5\ud488 \ubc0f \ubcf4\ucda9\uc81c\uc5d0\ub3c4 \uacb0\ud569\uc81c, \uc548\uc815\uc81c, \uc601\uc591 \uc131\ubd84\uc73c\ub85c \ud65c\uc6a9\ub429\ub2c8\ub2e4.<\/li>\n<\/ol>\n<p>\uae00\ub8e8\ud150\uc740 \ub300\ubd80\ubd84\uc758 \uc0ac\ub78c\ub4e4\uc5d0\uac8c \uc548\uc804\ud558\uc9c0\ub9cc, \uc140\ub9ac\uc545\ubcd1, \uae00\ub8e8\ud150 \ubd88\ub0b4\uc99d \ub610\ub294 \ubc00 \uc54c\ub808\ub974\uae30\uac00 \uc788\ub294 \uc0ac\ub78c\uc740 \ud53c\ud574\uc57c \ud569\ub2c8\ub2e4. \uae00\ub8e8\ud150\uc744 \ud568\uc720\ud55c \uc2dd\ud488\uc744 \uc0dd\uc0b0\ud558\ub294 \uae30\uc5c5\uc740 \uc18c\ube44\uc790\uc5d0\uac8c \uae00\ub8e8\ud150 \ud568\uc720 \uc5ec\ubd80\ub97c \uc54c\ub9ac\uae30 \uc704\ud574 \uc81c\ud488 \ub77c\ubca8\ub9c1\uc5d0 \ud2b9\ubcc4\ud788 \uc8fc\uc758\ub97c \uae30\uc6b8\uc5ec\uc57c \ud569\ub2c8\ub2e4. <\/p>\n","protected":false},"excerpt":{"rendered":"<p><strong>\ubc00 \ub2e8\ubc31\uc9c8<\/strong>\uc740 \ub110\ub9ac \uc54c\ub824\uc9c4 <strong>\uae00\ub8e8\ud150<\/strong>\uc73c\ub85c, \ubc00 \uace1\ubb3c\uc5d0 \ud568\uc720\ub41c \ubcf5\ud569 \ub2e8\ubc31\uc9c8 \ud63c\ud569\ubb3c\uc785\ub2c8\ub2e4. \uae00\ub8e8\ud150\uc740 \ubc00 \uace1\ubb3c \uc804\uccb4 \ub2e8\ubc31\uc9c8 \ud568\ub7c9\uc758 \uc57d 80%\ub97c \ucc28\uc9c0\ud558\uba70, \ubc00 \uc81c\ud488\uc758 \uc9c8\uac10, \uad6c\uc870 \ubc0f \ubca0\uc774\ud0b9 \ud2b9\uc131\uc744 \uacb0\uc815\ud558\ub294 \ud575\uc2ec \uc131\ubd84\uc785\ub2c8\ub2e4. <\/p>\n","protected":false},"featured_media":45596,"template":"","meta":{"_acf_changed":false},"product_brand":[],"product_cat":[8170],"product_tag":[],"class_list":{"0":"post-45595","1":"product","2":"type-product","3":"status-publish","4":"has-post-thumbnail","6":"product_cat-sig-mul-seong-dan-baek-jil","8":"first","9":"instock","10":"shipping-taxable","11":"product-type-simple"},"acf":[],"yoast_head":"<!-- This site is optimized with the Yoast SEO plugin v27.6 - https:\/\/yoast.com\/product\/yoast-seo-wordpress\/ -->\n<title>\ubc00 \ub2e8\ubc31\uc9c8 (\uae00\ub8e8\ud150) - Hurtowy Dystrybutor<\/title>\n<meta name=\"description\" content=\"\uae00\ub8e8\ud150\uc73c\ub85c \uc54c\ub824\uc9c4 \ubc00 \ub2e8\ubc31\uc9c8\uc740 \ubc00 \uace1\ubb3c\uc5d0 \ud568\uc720\ub41c \ubcf5\ud569 \ub2e8\ubc31\uc9c8 \ud63c\ud569\ubb3c\uc785\ub2c8\ub2e4. \uae00\ub8e8\ud150\uc740 \ubc00 \uc804\uccb4 \ub2e8\ubc31\uc9c8 \ud568\ub7c9\uc758 \uc57d 80%\ub97c \ucc28\uc9c0\ud569\ub2c8\ub2e4.\" \/>\n<meta name=\"robots\" content=\"index, follow, max-snippet:-1, max-image-preview:large, max-video-preview:-1\" \/>\n<link rel=\"canonical\" href=\"https:\/\/naturalpoland.com\/ko\/je-pum\/sig-pum-won-ryo\/sig-mul-seong-dan-baek-jil\/%eb%b0%80-%eb%8b%a8%eb%b0%b1%ec%a7%88-%ea%b8%80%eb%a3%a8%ed%85%90\/\" \/>\n<meta property=\"og:locale\" content=\"ko_KR\" \/>\n<meta property=\"og:type\" content=\"article\" \/>\n<meta property=\"og:title\" content=\"\ubc00 \ub2e8\ubc31\uc9c8 (\uae00\ub8e8\ud150) - Hurtowy Dystrybutor\" \/>\n<meta property=\"og:description\" content=\"\uae00\ub8e8\ud150\uc73c\ub85c \uc54c\ub824\uc9c4 \ubc00 \ub2e8\ubc31\uc9c8\uc740 \ubc00 \uace1\ubb3c\uc5d0 \ud568\uc720\ub41c \ubcf5\ud569 \ub2e8\ubc31\uc9c8 \ud63c\ud569\ubb3c\uc785\ub2c8\ub2e4. \uae00\ub8e8\ud150\uc740 \ubc00 \uc804\uccb4 \ub2e8\ubc31\uc9c8 \ud568\ub7c9\uc758 \uc57d 80%\ub97c \ucc28\uc9c0\ud569\ub2c8\ub2e4.\" \/>\n<meta property=\"og:url\" content=\"https:\/\/naturalpoland.com\/ko\/je-pum\/sig-pum-won-ryo\/sig-mul-seong-dan-baek-jil\/%eb%b0%80-%eb%8b%a8%eb%b0%b1%ec%a7%88-%ea%b8%80%eb%a3%a8%ed%85%90\/\" \/>\n<meta property=\"og:site_name\" content=\"NATURAL POLAND - Hurtowy Dystrybutor Surowc\u00f3w\" \/>\n<meta property=\"article:publisher\" content=\"https:\/\/www.facebook.com\/naturalpoland.b2b\" \/>\n<meta property=\"article:modified_time\" content=\"2026-02-04T13:11:24+00:00\" \/>\n<meta property=\"og:image\" content=\"https:\/\/naturalpoland.com\/wp-content\/uploads\/bialko-pszenicy-gluten.jpg\" \/>\n\t<meta property=\"og:image:width\" content=\"650\" \/>\n\t<meta property=\"og:image:height\" content=\"650\" \/>\n\t<meta property=\"og:image:type\" content=\"image\/jpeg\" \/>\n<script type=\"application\/ld+json\" class=\"yoast-schema-graph\">{\"@context\":\"https:\\\/\\\/schema.org\",\"@graph\":[{\"@type\":\"WebPage\",\"@id\":\"https:\\\/\\\/naturalpoland.com\\\/ko\\\/je-pum\\\/sig-pum-won-ryo\\\/sig-mul-seong-dan-baek-jil\\\/%eb%b0%80-%eb%8b%a8%eb%b0%b1%ec%a7%88-%ea%b8%80%eb%a3%a8%ed%85%90\\\/\",\"url\":\"https:\\\/\\\/naturalpoland.com\\\/ko\\\/je-pum\\\/sig-pum-won-ryo\\\/sig-mul-seong-dan-baek-jil\\\/%eb%b0%80-%eb%8b%a8%eb%b0%b1%ec%a7%88-%ea%b8%80%eb%a3%a8%ed%85%90\\\/\",\"name\":\"\ubc00 \ub2e8\ubc31\uc9c8 (\uae00\ub8e8\ud150) - Hurtowy Dystrybutor\",\"isPartOf\":{\"@id\":\"https:\\\/\\\/naturalpoland.com\\\/ko\\\/#website\"},\"primaryImageOfPage\":{\"@id\":\"https:\\\/\\\/naturalpoland.com\\\/ko\\\/je-pum\\\/sig-pum-won-ryo\\\/sig-mul-seong-dan-baek-jil\\\/%eb%b0%80-%eb%8b%a8%eb%b0%b1%ec%a7%88-%ea%b8%80%eb%a3%a8%ed%85%90\\\/#primaryimage\"},\"image\":{\"@id\":\"https:\\\/\\\/naturalpoland.com\\\/ko\\\/je-pum\\\/sig-pum-won-ryo\\\/sig-mul-seong-dan-baek-jil\\\/%eb%b0%80-%eb%8b%a8%eb%b0%b1%ec%a7%88-%ea%b8%80%eb%a3%a8%ed%85%90\\\/#primaryimage\"},\"thumbnailUrl\":\"https:\\\/\\\/naturalpoland.com\\\/wp-content\\\/uploads\\\/bialko-pszenicy-gluten.jpg\",\"datePublished\":\"2023-10-02T12:38:02+00:00\",\"dateModified\":\"2026-02-04T13:11:24+00:00\",\"description\":\"\uae00\ub8e8\ud150\uc73c\ub85c \uc54c\ub824\uc9c4 \ubc00 \ub2e8\ubc31\uc9c8\uc740 \ubc00 \uace1\ubb3c\uc5d0 \ud568\uc720\ub41c \ubcf5\ud569 \ub2e8\ubc31\uc9c8 \ud63c\ud569\ubb3c\uc785\ub2c8\ub2e4. \uae00\ub8e8\ud150\uc740 \ubc00 \uc804\uccb4 \ub2e8\ubc31\uc9c8 \ud568\ub7c9\uc758 \uc57d 80%\ub97c \ucc28\uc9c0\ud569\ub2c8\ub2e4.\",\"breadcrumb\":{\"@id\":\"https:\\\/\\\/naturalpoland.com\\\/ko\\\/je-pum\\\/sig-pum-won-ryo\\\/sig-mul-seong-dan-baek-jil\\\/%eb%b0%80-%eb%8b%a8%eb%b0%b1%ec%a7%88-%ea%b8%80%eb%a3%a8%ed%85%90\\\/#breadcrumb\"},\"inLanguage\":\"ko-KR\",\"potentialAction\":[{\"@type\":\"ReadAction\",\"target\":[\"https:\\\/\\\/naturalpoland.com\\\/ko\\\/je-pum\\\/sig-pum-won-ryo\\\/sig-mul-seong-dan-baek-jil\\\/%eb%b0%80-%eb%8b%a8%eb%b0%b1%ec%a7%88-%ea%b8%80%eb%a3%a8%ed%85%90\\\/\"]}]},{\"@type\":\"ImageObject\",\"inLanguage\":\"ko-KR\",\"@id\":\"https:\\\/\\\/naturalpoland.com\\\/ko\\\/je-pum\\\/sig-pum-won-ryo\\\/sig-mul-seong-dan-baek-jil\\\/%eb%b0%80-%eb%8b%a8%eb%b0%b1%ec%a7%88-%ea%b8%80%eb%a3%a8%ed%85%90\\\/#primaryimage\",\"url\":\"https:\\\/\\\/naturalpoland.com\\\/wp-content\\\/uploads\\\/bialko-pszenicy-gluten.jpg\",\"contentUrl\":\"https:\\\/\\\/naturalpoland.com\\\/wp-content\\\/uploads\\\/bialko-pszenicy-gluten.jpg\",\"width\":650,\"height\":650,\"caption\":\"\uae00\ub8e8\ud150 - \ubc00 \ub2e8\ubc31\uc9c8\"},{\"@type\":\"BreadcrumbList\",\"@id\":\"https:\\\/\\\/naturalpoland.com\\\/ko\\\/je-pum\\\/sig-pum-won-ryo\\\/sig-mul-seong-dan-baek-jil\\\/%eb%b0%80-%eb%8b%a8%eb%b0%b1%ec%a7%88-%ea%b8%80%eb%a3%a8%ed%85%90\\\/#breadcrumb\",\"itemListElement\":[{\"@type\":\"ListItem\",\"position\":1,\"name\":\"\ud648\",\"item\":\"https:\\\/\\\/naturalpoland.com\\\/ko\\\/\"},{\"@type\":\"ListItem\",\"position\":2,\"name\":\"\uc81c\ud488\",\"item\":\"https:\\\/\\\/naturalpoland.com\\\/ko\\\/%ec%a0%9c%ed%92%88\\\/\"},{\"@type\":\"ListItem\",\"position\":3,\"name\":\"\ubc00 \ub2e8\ubc31\uc9c8 (\uae00\ub8e8\ud150)\"}]},{\"@type\":\"WebSite\",\"@id\":\"https:\\\/\\\/naturalpoland.com\\\/ko\\\/#website\",\"url\":\"https:\\\/\\\/naturalpoland.com\\\/ko\\\/\",\"name\":\"NATURAL POLAND - Hurtowy Dystrybutor Surowc\u00f3w\",\"description\":\"Surowce dla przemys\u0142u spo\u017cywczego, kosmetycznego i farmaceutycznego\",\"publisher\":{\"@id\":\"https:\\\/\\\/naturalpoland.com\\\/ko\\\/#organization\"},\"potentialAction\":[{\"@type\":\"SearchAction\",\"target\":{\"@type\":\"EntryPoint\",\"urlTemplate\":\"https:\\\/\\\/naturalpoland.com\\\/ko\\\/?s={search_term_string}\"},\"query-input\":{\"@type\":\"PropertyValueSpecification\",\"valueRequired\":true,\"valueName\":\"search_term_string\"}}],\"inLanguage\":\"ko-KR\"},{\"@type\":\"Organization\",\"@id\":\"https:\\\/\\\/naturalpoland.com\\\/ko\\\/#organization\",\"name\":\"Natural Poland\",\"url\":\"https:\\\/\\\/naturalpoland.com\\\/ko\\\/\",\"logo\":{\"@type\":\"ImageObject\",\"inLanguage\":\"ko-KR\",\"@id\":\"https:\\\/\\\/naturalpoland.com\\\/ko\\\/#\\\/schema\\\/logo\\\/image\\\/\",\"url\":\"https:\\\/\\\/naturalpoland.com\\\/wp-content\\\/uploads\\\/2021\\\/05\\\/natural-poland-icon.png\",\"contentUrl\":\"https:\\\/\\\/naturalpoland.com\\\/wp-content\\\/uploads\\\/2021\\\/05\\\/natural-poland-icon.png\",\"width\":512,\"height\":512,\"caption\":\"Natural Poland\"},\"image\":{\"@id\":\"https:\\\/\\\/naturalpoland.com\\\/ko\\\/#\\\/schema\\\/logo\\\/image\\\/\"},\"sameAs\":[\"https:\\\/\\\/www.facebook.com\\\/naturalpoland.b2b\",\"https:\\\/\\\/pl.linkedin.com\\\/company\\\/natural-poland\",\"https:\\\/\\\/www.youtube.com\\\/channel\\\/UCgeGGkvOMahZo-xu_MSEWxg\"]}]}<\/script>\n<!-- \/ Yoast SEO plugin. -->","yoast_head_json":{"title":"\ubc00 \ub2e8\ubc31\uc9c8 (\uae00\ub8e8\ud150) - Hurtowy Dystrybutor","description":"\uae00\ub8e8\ud150\uc73c\ub85c \uc54c\ub824\uc9c4 \ubc00 \ub2e8\ubc31\uc9c8\uc740 \ubc00 \uace1\ubb3c\uc5d0 \ud568\uc720\ub41c \ubcf5\ud569 \ub2e8\ubc31\uc9c8 \ud63c\ud569\ubb3c\uc785\ub2c8\ub2e4. \uae00\ub8e8\ud150\uc740 \ubc00 \uc804\uccb4 \ub2e8\ubc31\uc9c8 \ud568\ub7c9\uc758 \uc57d 80%\ub97c \ucc28\uc9c0\ud569\ub2c8\ub2e4.","robots":{"index":"index","follow":"follow","max-snippet":"max-snippet:-1","max-image-preview":"max-image-preview:large","max-video-preview":"max-video-preview:-1"},"canonical":"https:\/\/naturalpoland.com\/ko\/je-pum\/sig-pum-won-ryo\/sig-mul-seong-dan-baek-jil\/%eb%b0%80-%eb%8b%a8%eb%b0%b1%ec%a7%88-%ea%b8%80%eb%a3%a8%ed%85%90\/","og_locale":"ko_KR","og_type":"article","og_title":"\ubc00 \ub2e8\ubc31\uc9c8 (\uae00\ub8e8\ud150) - Hurtowy Dystrybutor","og_description":"\uae00\ub8e8\ud150\uc73c\ub85c \uc54c\ub824\uc9c4 \ubc00 \ub2e8\ubc31\uc9c8\uc740 \ubc00 \uace1\ubb3c\uc5d0 \ud568\uc720\ub41c \ubcf5\ud569 \ub2e8\ubc31\uc9c8 \ud63c\ud569\ubb3c\uc785\ub2c8\ub2e4. \uae00\ub8e8\ud150\uc740 \ubc00 \uc804\uccb4 \ub2e8\ubc31\uc9c8 \ud568\ub7c9\uc758 \uc57d 80%\ub97c \ucc28\uc9c0\ud569\ub2c8\ub2e4.","og_url":"https:\/\/naturalpoland.com\/ko\/je-pum\/sig-pum-won-ryo\/sig-mul-seong-dan-baek-jil\/%eb%b0%80-%eb%8b%a8%eb%b0%b1%ec%a7%88-%ea%b8%80%eb%a3%a8%ed%85%90\/","og_site_name":"NATURAL POLAND - Hurtowy Dystrybutor Surowc\u00f3w","article_publisher":"https:\/\/www.facebook.com\/naturalpoland.b2b","article_modified_time":"2026-02-04T13:11:24+00:00","og_image":[{"width":650,"height":650,"url":"https:\/\/naturalpoland.com\/wp-content\/uploads\/bialko-pszenicy-gluten.jpg","type":"image\/jpeg"}],"schema":{"@context":"https:\/\/schema.org","@graph":[{"@type":"WebPage","@id":"https:\/\/naturalpoland.com\/ko\/je-pum\/sig-pum-won-ryo\/sig-mul-seong-dan-baek-jil\/%eb%b0%80-%eb%8b%a8%eb%b0%b1%ec%a7%88-%ea%b8%80%eb%a3%a8%ed%85%90\/","url":"https:\/\/naturalpoland.com\/ko\/je-pum\/sig-pum-won-ryo\/sig-mul-seong-dan-baek-jil\/%eb%b0%80-%eb%8b%a8%eb%b0%b1%ec%a7%88-%ea%b8%80%eb%a3%a8%ed%85%90\/","name":"\ubc00 \ub2e8\ubc31\uc9c8 (\uae00\ub8e8\ud150) - Hurtowy Dystrybutor","isPartOf":{"@id":"https:\/\/naturalpoland.com\/ko\/#website"},"primaryImageOfPage":{"@id":"https:\/\/naturalpoland.com\/ko\/je-pum\/sig-pum-won-ryo\/sig-mul-seong-dan-baek-jil\/%eb%b0%80-%eb%8b%a8%eb%b0%b1%ec%a7%88-%ea%b8%80%eb%a3%a8%ed%85%90\/#primaryimage"},"image":{"@id":"https:\/\/naturalpoland.com\/ko\/je-pum\/sig-pum-won-ryo\/sig-mul-seong-dan-baek-jil\/%eb%b0%80-%eb%8b%a8%eb%b0%b1%ec%a7%88-%ea%b8%80%eb%a3%a8%ed%85%90\/#primaryimage"},"thumbnailUrl":"https:\/\/naturalpoland.com\/wp-content\/uploads\/bialko-pszenicy-gluten.jpg","datePublished":"2023-10-02T12:38:02+00:00","dateModified":"2026-02-04T13:11:24+00:00","description":"\uae00\ub8e8\ud150\uc73c\ub85c \uc54c\ub824\uc9c4 \ubc00 \ub2e8\ubc31\uc9c8\uc740 \ubc00 \uace1\ubb3c\uc5d0 \ud568\uc720\ub41c \ubcf5\ud569 \ub2e8\ubc31\uc9c8 \ud63c\ud569\ubb3c\uc785\ub2c8\ub2e4. \uae00\ub8e8\ud150\uc740 \ubc00 \uc804\uccb4 \ub2e8\ubc31\uc9c8 \ud568\ub7c9\uc758 \uc57d 80%\ub97c \ucc28\uc9c0\ud569\ub2c8\ub2e4.","breadcrumb":{"@id":"https:\/\/naturalpoland.com\/ko\/je-pum\/sig-pum-won-ryo\/sig-mul-seong-dan-baek-jil\/%eb%b0%80-%eb%8b%a8%eb%b0%b1%ec%a7%88-%ea%b8%80%eb%a3%a8%ed%85%90\/#breadcrumb"},"inLanguage":"ko-KR","potentialAction":[{"@type":"ReadAction","target":["https:\/\/naturalpoland.com\/ko\/je-pum\/sig-pum-won-ryo\/sig-mul-seong-dan-baek-jil\/%eb%b0%80-%eb%8b%a8%eb%b0%b1%ec%a7%88-%ea%b8%80%eb%a3%a8%ed%85%90\/"]}]},{"@type":"ImageObject","inLanguage":"ko-KR","@id":"https:\/\/naturalpoland.com\/ko\/je-pum\/sig-pum-won-ryo\/sig-mul-seong-dan-baek-jil\/%eb%b0%80-%eb%8b%a8%eb%b0%b1%ec%a7%88-%ea%b8%80%eb%a3%a8%ed%85%90\/#primaryimage","url":"https:\/\/naturalpoland.com\/wp-content\/uploads\/bialko-pszenicy-gluten.jpg","contentUrl":"https:\/\/naturalpoland.com\/wp-content\/uploads\/bialko-pszenicy-gluten.jpg","width":650,"height":650,"caption":"\uae00\ub8e8\ud150 - \ubc00 \ub2e8\ubc31\uc9c8"},{"@type":"BreadcrumbList","@id":"https:\/\/naturalpoland.com\/ko\/je-pum\/sig-pum-won-ryo\/sig-mul-seong-dan-baek-jil\/%eb%b0%80-%eb%8b%a8%eb%b0%b1%ec%a7%88-%ea%b8%80%eb%a3%a8%ed%85%90\/#breadcrumb","itemListElement":[{"@type":"ListItem","position":1,"name":"\ud648","item":"https:\/\/naturalpoland.com\/ko\/"},{"@type":"ListItem","position":2,"name":"\uc81c\ud488","item":"https:\/\/naturalpoland.com\/ko\/%ec%a0%9c%ed%92%88\/"},{"@type":"ListItem","position":3,"name":"\ubc00 \ub2e8\ubc31\uc9c8 (\uae00\ub8e8\ud150)"}]},{"@type":"WebSite","@id":"https:\/\/naturalpoland.com\/ko\/#website","url":"https:\/\/naturalpoland.com\/ko\/","name":"NATURAL POLAND - Hurtowy Dystrybutor Surowc\u00f3w","description":"Surowce dla przemys\u0142u spo\u017cywczego, kosmetycznego i farmaceutycznego","publisher":{"@id":"https:\/\/naturalpoland.com\/ko\/#organization"},"potentialAction":[{"@type":"SearchAction","target":{"@type":"EntryPoint","urlTemplate":"https:\/\/naturalpoland.com\/ko\/?s={search_term_string}"},"query-input":{"@type":"PropertyValueSpecification","valueRequired":true,"valueName":"search_term_string"}}],"inLanguage":"ko-KR"},{"@type":"Organization","@id":"https:\/\/naturalpoland.com\/ko\/#organization","name":"Natural Poland","url":"https:\/\/naturalpoland.com\/ko\/","logo":{"@type":"ImageObject","inLanguage":"ko-KR","@id":"https:\/\/naturalpoland.com\/ko\/#\/schema\/logo\/image\/","url":"https:\/\/naturalpoland.com\/wp-content\/uploads\/2021\/05\/natural-poland-icon.png","contentUrl":"https:\/\/naturalpoland.com\/wp-content\/uploads\/2021\/05\/natural-poland-icon.png","width":512,"height":512,"caption":"Natural Poland"},"image":{"@id":"https:\/\/naturalpoland.com\/ko\/#\/schema\/logo\/image\/"},"sameAs":["https:\/\/www.facebook.com\/naturalpoland.b2b","https:\/\/pl.linkedin.com\/company\/natural-poland","https:\/\/www.youtube.com\/channel\/UCgeGGkvOMahZo-xu_MSEWxg"]}]}},"_links":{"self":[{"href":"https:\/\/naturalpoland.com\/ko\/wp-json\/wp\/v2\/product\/45595","targetHints":{"allow":["GET"]}}],"collection":[{"href":"https:\/\/naturalpoland.com\/ko\/wp-json\/wp\/v2\/product"}],"about":[{"href":"https:\/\/naturalpoland.com\/ko\/wp-json\/wp\/v2\/types\/product"}],"wp:featuredmedia":[{"embeddable":true,"href":"https:\/\/naturalpoland.com\/ko\/wp-json\/wp\/v2\/media\/45596"}],"wp:attachment":[{"href":"https:\/\/naturalpoland.com\/ko\/wp-json\/wp\/v2\/media?parent=45595"}],"wp:term":[{"taxonomy":"product_brand","embeddable":true,"href":"https:\/\/naturalpoland.com\/ko\/wp-json\/wp\/v2\/product_brand?post=45595"},{"taxonomy":"product_cat","embeddable":true,"href":"https:\/\/naturalpoland.com\/ko\/wp-json\/wp\/v2\/product_cat?post=45595"},{"taxonomy":"product_tag","embeddable":true,"href":"https:\/\/naturalpoland.com\/ko\/wp-json\/wp\/v2\/product_tag?post=45595"}],"curies":[{"name":"wp","href":"https:\/\/api.w.org\/{rel}","templated":true}]}}