{"id":45599,"date":"2023-10-02T13:56:47","date_gmt":"2023-10-02T11:56:47","guid":{"rendered":"https:\/\/naturalpoland.com\/produkty\/uncategorized\/%ec%9e%a0%eb%91%90-%eb%8b%a8%eb%b0%b1%ec%a7%88\/"},"modified":"2026-02-04T14:11:44","modified_gmt":"2026-02-04T13:11:44","slug":"%ec%9e%a0%eb%91%90-%eb%8b%a8%eb%b0%b1%ec%a7%88","status":"publish","type":"product","link":"https:\/\/naturalpoland.com\/ko\/je-pum\/sig-pum-won-ryo\/sig-mul-seong-dan-baek-jil\/%ec%9e%a0%eb%91%90-%eb%8b%a8%eb%b0%b1%ec%a7%88\/","title":{"rendered":"\uc7a0\ub450 \ub2e8\ubc31\uc9c8"},"content":{"rendered":"<p>\uac00\uc7a5 \ud070 \uc7a5\uc810\uc740 \uc644\uc804\ud55c \uc544\ubbf8\ub178\uc0b0 \ud504\ub85c\ud544\uc785\ub2c8\ub2e4. \uc989, <strong>\ubaa8\ub4e0 \ud544\uc218 \uc544\ubbf8\ub178\uc0b0\uc744 \ud568\uc720\ud558\uace0 \uc788\uc5b4<\/strong> \uc2dd\ubb3c\uc131 \ub2e8\ubc31\uc9c8 \uc911\uc5d0\uc11c\ub294 \ub4dc\ubb45\ub2c8\ub2e4. \uc774 \ub355\ubd84\uc5d0 \uc7a0\ub450 \ub2e8\ubc31\uc9c8\uc740 \uc2e0\uccb4\uc758 \uc7ac\uc0dd \uacfc\uc815, \uadfc\uc721 \uc870\uc9c1 \ud615\uc131 \ubc0f \ud68c\ubcf5, \uadf8\ub9ac\uace0 \uc5ec\ub7ec \uc8fc\uc694 \ub300\uc0ac \uacfc\uc815\uc758 \uc6d0\ud65c\ud55c \uc9c4\ud589\uc744 \ud6a8\uacfc\uc801\uc73c\ub85c \uc9c0\uc6d0\ud560 \uc218 \uc788\uc2b5\ub2c8\ub2e4. <\/p>\n<p>\uc7a0\ub450 \ub2e8\ubc31\uc9c8\uc758 \uc601\uc591\uac00\ub294 \ub9e4\uc6b0 \ub2e4\uc7ac\ub2e4\ub2a5\ud569\ub2c8\ub2e4. \uc774 \uc81c\ud488\uc740 \uc6b4\ub3d9\uc120\uc218\ubfd0\ub9cc \uc544\ub2c8\ub77c \ud65c\ub3d9\ub7c9\uc774 \uc801\uc740 \ubd84\ub4e4\ub3c4 \uc131\uacf5\uc801\uc73c\ub85c \ud65c\uc6a9\ud560 \uc218 \uc788\uc2b5\ub2c8\ub2e4. \uafb8\uc900\ud788 \uc12d\ucde8\ud558\uc2dc\uba74 \uc804\ubc18\uc801\uc778 \uc2e0\uccb4 \ucee8\ub514\uc158 \uac1c\uc120\uacfc \uc77c\uc77c \ub2e8\ubc31\uc9c8 \uad8c\uc7a5\ub7c9 \ucda9\uc871\uc5d0 \uae30\uc5ec\ud560 \uc218 \uc788\uc73c\uba70, \uc774\ub294 \ud2b9\ud788 \ucc44\uc2dd\uc8fc\uc758 \ubc0f \ube44\uac74 \uc2dd\ub2e8\uc5d0\uc11c \ub9e4\uc6b0 \uc911\uc694\ud569\ub2c8\ub2e4.  <\/p>\n<p>\uc7a0\ub450 \ub2e8\ubc31\uc9c8\uc758 \ubd80\ub4dc\ub7fd\uace0 \uc911\ub9bd\uc801\uc778 \ub9db\uc740 \ub2e4\uc591\ud55c \uc2dd\ud488\uacfc \ud6cc\ub96d\ud558\uac8c \uc5b4\uc6b0\ub7ec\uc9d1\ub2c8\ub2e4. \uc2a4\ubb34\ub514, \ub2e8\ubc31\uc9c8 \uc170\uc774\ud06c, \uc624\ud2b8\ubc00, \uc694\uac70\ud2b8, \uc0d0\ub7ec\ub4dc\uc5d0 \ucca8\uac00\ud558\uac70\ub098 \ubca0\uc774\ud0b9 \ubc0f \uc989\uc11d \uc694\ub9ac\uc758 \uc7ac\ub8cc\ub85c \uc0ac\uc6a9\ud558\uc5ec \uc601\uc591\uac00\ub97c \ub192\uc77c \uc218 \uc788\uc2b5\ub2c8\ub2e4. <\/p>\n<p>\ub610\ud55c, \uc7a0\ub450 \ub2e8\ubc31\uc9c8\uc740 \uae00\ub8e8\ud150 \ud504\ub9ac \ubc0f \uc800\uc790\uadf9\uc131 \uc81c\ud488\uc73c\ub85c, \uc2dd\ud488 \ubd88\ub0b4\uc99d\uc774\ub098 \uc54c\ub808\ub974\uae30\uac00 \uc788\ub294 \ubd84\ub4e4\ub3c4 \uc548\uc804\ud558\uac8c \uc12d\ucde8\ud560 \uc218 \uc788\uc2b5\ub2c8\ub2e4. \uc801\uc808\ud558\uac8c \uac00\uacf5\ub41c \uc7a0\ub450 \ub2e8\ubc31\uc9c8\uc740 \uc18c\ud654 \uc2dc\uc2a4\ud15c\uc5d0 \ubd80\ub2f4\uc744 \uc8fc\uc9c0 \uc54a\uc73c\uba74\uc11c \uc2e0\uccb4\uc5d0 \uc27d\uac8c \ud761\uc218\ub418\uace0 \uc18c\ud654\ub429\ub2c8\ub2e4. <\/p>\n<p>\uc7a0\ub450 \ub2e8\ubc31\uc9c8 \uc0dd\uc0b0\uc758 \uce5c\ud658\uacbd\uc801\uc778 \uce21\uba74\ub3c4 \uac04\uacfc\ud560 \uc218 \uc5c6\uc2b5\ub2c8\ub2e4. \uc774\ub294 \uc9c0\uc18d \uac00\ub2a5\ud55c \uc6d0\ub8cc\ub85c, \uc7ac\ubc30\uac00 \ud658\uacbd\uc5d0 \ubbf8\uce58\ub294 \uc601\ud5a5\uc774 \uc801\uc5b4 \uc9c0\uad6c \uce5c\ud654\uc801\uc778 \uc120\ud0dd\uc785\ub2c8\ub2e4. \uc18c\ube44\uc790\uc758 \ud658\uacbd \uc758\uc2dd\uc774 \ub192\uc544\uc9c0\ub294 \uc2dc\ub300\uc5d0 \uc774\ub7ec\ud55c \uc8fc\uc7a5\uc740 \ub354\uc6b1 \uc911\uc694\ud574\uc9c0\uace0 \uc788\uc73c\uba70, \uc7a0\ub450 \ub2e8\ubc31\uc9c8\uc740 \uc774\ub7ec\ud55c \uae30\ub300\ub97c \ud655\uc2e4\ud788 \ucda9\uc871\uc2dc\ud0b5\ub2c8\ub2e4.  <\/p>\n","protected":false},"excerpt":{"rendered":"<p>\ub2e8\ubc31\uc9c8 \ud568\ub7c9\uc774 60%\uc778 \uc7a0\ub450 \ub2e8\ubc31\uc9c8\uc740 \ud6cc\ub96d\ud55c \uc2dd\ubb3c\uc131 \ub2e8\ubc31\uc9c8 \uacf5\uae09\uc6d0\uc785\ub2c8\ub2e4. \uc774\ub294 \uc2dd\ub2e8\uc5d0\uc11c \ub2e4\uc591\ud558\uace0 \uac00\uce58 \uc788\ub294 \ub2e8\ubc31\uc9c8 \uacf5\uae09\uc6d0\uc744 \ucc3e\ub294 \ubd84\ub4e4\uc5d0\uac8c \ud0c1\uc6d4\ud55c \ub300\uc548\uc774 \ub429\ub2c8\ub2e4. <\/p>\n","protected":false},"featured_media":45600,"template":"","meta":{"_acf_changed":false},"product_brand":[],"product_cat":[8170],"product_tag":[],"class_list":{"0":"post-45599","1":"product","2":"type-product","3":"status-publish","4":"has-post-thumbnail","6":"product_cat-sig-mul-seong-dan-baek-jil","8":"first","9":"instock","10":"shipping-taxable","11":"product-type-simple"},"acf":[],"yoast_head":"<!-- This site is optimized with the Yoast SEO plugin v27.5 - https:\/\/yoast.com\/product\/yoast-seo-wordpress\/ -->\n<title>\uc7a0\ub450 \ub2e8\ubc31\uc9c8 - Hurtowy Dystrybutor<\/title>\n<meta name=\"robots\" content=\"index, follow, max-snippet:-1, max-image-preview:large, max-video-preview:-1\" \/>\n<link rel=\"canonical\" href=\"https:\/\/naturalpoland.com\/ko\/je-pum\/sig-pum-won-ryo\/sig-mul-seong-dan-baek-jil\/%ec%9e%a0%eb%91%90-%eb%8b%a8%eb%b0%b1%ec%a7%88\/\" \/>\n<meta property=\"og:locale\" content=\"ko_KR\" \/>\n<meta property=\"og:type\" content=\"article\" \/>\n<meta property=\"og:title\" content=\"\uc7a0\ub450 \ub2e8\ubc31\uc9c8 - Hurtowy Dystrybutor\" \/>\n<meta property=\"og:description\" content=\"\ub2e8\ubc31\uc9c8 \ud568\ub7c9\uc774 60%\uc778 \uc7a0\ub450 \ub2e8\ubc31\uc9c8\uc740 \ud6cc\ub96d\ud55c \uc2dd\ubb3c\uc131 \ub2e8\ubc31\uc9c8 \uacf5\uae09\uc6d0\uc785\ub2c8\ub2e4. \uc774\ub294 \uc2dd\ub2e8\uc5d0\uc11c \ub2e4\uc591\ud558\uace0 \uac00\uce58 \uc788\ub294 \ub2e8\ubc31\uc9c8 \uacf5\uae09\uc6d0\uc744 \ucc3e\ub294 \ubd84\ub4e4\uc5d0\uac8c \ud0c1\uc6d4\ud55c \ub300\uc548\uc774 \ub429\ub2c8\ub2e4.\" \/>\n<meta property=\"og:url\" content=\"https:\/\/naturalpoland.com\/ko\/je-pum\/sig-pum-won-ryo\/sig-mul-seong-dan-baek-jil\/%ec%9e%a0%eb%91%90-%eb%8b%a8%eb%b0%b1%ec%a7%88\/\" \/>\n<meta property=\"og:site_name\" content=\"NATURAL POLAND - Hurtowy Dystrybutor Surowc\u00f3w\" \/>\n<meta property=\"article:publisher\" content=\"https:\/\/www.facebook.com\/naturalpoland.b2b\" \/>\n<meta property=\"article:modified_time\" content=\"2026-02-04T13:11:44+00:00\" \/>\n<meta property=\"og:image\" content=\"https:\/\/naturalpoland.com\/wp-content\/uploads\/bialko-bobu.jpg\" \/>\n\t<meta property=\"og:image:width\" content=\"650\" \/>\n\t<meta property=\"og:image:height\" content=\"650\" \/>\n\t<meta property=\"og:image:type\" content=\"image\/jpeg\" \/>\n<script type=\"application\/ld+json\" class=\"yoast-schema-graph\">{\"@context\":\"https:\\\/\\\/schema.org\",\"@graph\":[{\"@type\":\"WebPage\",\"@id\":\"https:\\\/\\\/naturalpoland.com\\\/ko\\\/je-pum\\\/sig-pum-won-ryo\\\/sig-mul-seong-dan-baek-jil\\\/%ec%9e%a0%eb%91%90-%eb%8b%a8%eb%b0%b1%ec%a7%88\\\/\",\"url\":\"https:\\\/\\\/naturalpoland.com\\\/ko\\\/je-pum\\\/sig-pum-won-ryo\\\/sig-mul-seong-dan-baek-jil\\\/%ec%9e%a0%eb%91%90-%eb%8b%a8%eb%b0%b1%ec%a7%88\\\/\",\"name\":\"\uc7a0\ub450 \ub2e8\ubc31\uc9c8 - Hurtowy Dystrybutor\",\"isPartOf\":{\"@id\":\"https:\\\/\\\/naturalpoland.com\\\/ko\\\/#website\"},\"primaryImageOfPage\":{\"@id\":\"https:\\\/\\\/naturalpoland.com\\\/ko\\\/je-pum\\\/sig-pum-won-ryo\\\/sig-mul-seong-dan-baek-jil\\\/%ec%9e%a0%eb%91%90-%eb%8b%a8%eb%b0%b1%ec%a7%88\\\/#primaryimage\"},\"image\":{\"@id\":\"https:\\\/\\\/naturalpoland.com\\\/ko\\\/je-pum\\\/sig-pum-won-ryo\\\/sig-mul-seong-dan-baek-jil\\\/%ec%9e%a0%eb%91%90-%eb%8b%a8%eb%b0%b1%ec%a7%88\\\/#primaryimage\"},\"thumbnailUrl\":\"https:\\\/\\\/naturalpoland.com\\\/wp-content\\\/uploads\\\/bialko-bobu.jpg\",\"datePublished\":\"2023-10-02T11:56:47+00:00\",\"dateModified\":\"2026-02-04T13:11:44+00:00\",\"breadcrumb\":{\"@id\":\"https:\\\/\\\/naturalpoland.com\\\/ko\\\/je-pum\\\/sig-pum-won-ryo\\\/sig-mul-seong-dan-baek-jil\\\/%ec%9e%a0%eb%91%90-%eb%8b%a8%eb%b0%b1%ec%a7%88\\\/#breadcrumb\"},\"inLanguage\":\"ko-KR\",\"potentialAction\":[{\"@type\":\"ReadAction\",\"target\":[\"https:\\\/\\\/naturalpoland.com\\\/ko\\\/je-pum\\\/sig-pum-won-ryo\\\/sig-mul-seong-dan-baek-jil\\\/%ec%9e%a0%eb%91%90-%eb%8b%a8%eb%b0%b1%ec%a7%88\\\/\"]}]},{\"@type\":\"ImageObject\",\"inLanguage\":\"ko-KR\",\"@id\":\"https:\\\/\\\/naturalpoland.com\\\/ko\\\/je-pum\\\/sig-pum-won-ryo\\\/sig-mul-seong-dan-baek-jil\\\/%ec%9e%a0%eb%91%90-%eb%8b%a8%eb%b0%b1%ec%a7%88\\\/#primaryimage\",\"url\":\"https:\\\/\\\/naturalpoland.com\\\/wp-content\\\/uploads\\\/bialko-bobu.jpg\",\"contentUrl\":\"https:\\\/\\\/naturalpoland.com\\\/wp-content\\\/uploads\\\/bialko-bobu.jpg\",\"width\":650,\"height\":650,\"caption\":\"\uc7a0\ub450 \ub2e8\ubc31\uc9c8\"},{\"@type\":\"BreadcrumbList\",\"@id\":\"https:\\\/\\\/naturalpoland.com\\\/ko\\\/je-pum\\\/sig-pum-won-ryo\\\/sig-mul-seong-dan-baek-jil\\\/%ec%9e%a0%eb%91%90-%eb%8b%a8%eb%b0%b1%ec%a7%88\\\/#breadcrumb\",\"itemListElement\":[{\"@type\":\"ListItem\",\"position\":1,\"name\":\"\ud648\",\"item\":\"https:\\\/\\\/naturalpoland.com\\\/ko\\\/\"},{\"@type\":\"ListItem\",\"position\":2,\"name\":\"\uc81c\ud488\",\"item\":\"https:\\\/\\\/naturalpoland.com\\\/ko\\\/%ec%a0%9c%ed%92%88\\\/\"},{\"@type\":\"ListItem\",\"position\":3,\"name\":\"\uc7a0\ub450 \ub2e8\ubc31\uc9c8\"}]},{\"@type\":\"WebSite\",\"@id\":\"https:\\\/\\\/naturalpoland.com\\\/ko\\\/#website\",\"url\":\"https:\\\/\\\/naturalpoland.com\\\/ko\\\/\",\"name\":\"NATURAL POLAND - Hurtowy Dystrybutor Surowc\u00f3w\",\"description\":\"Surowce dla przemys\u0142u spo\u017cywczego, kosmetycznego i farmaceutycznego\",\"publisher\":{\"@id\":\"https:\\\/\\\/naturalpoland.com\\\/ko\\\/#organization\"},\"potentialAction\":[{\"@type\":\"SearchAction\",\"target\":{\"@type\":\"EntryPoint\",\"urlTemplate\":\"https:\\\/\\\/naturalpoland.com\\\/ko\\\/?s={search_term_string}\"},\"query-input\":{\"@type\":\"PropertyValueSpecification\",\"valueRequired\":true,\"valueName\":\"search_term_string\"}}],\"inLanguage\":\"ko-KR\"},{\"@type\":\"Organization\",\"@id\":\"https:\\\/\\\/naturalpoland.com\\\/ko\\\/#organization\",\"name\":\"Natural Poland\",\"url\":\"https:\\\/\\\/naturalpoland.com\\\/ko\\\/\",\"logo\":{\"@type\":\"ImageObject\",\"inLanguage\":\"ko-KR\",\"@id\":\"https:\\\/\\\/naturalpoland.com\\\/ko\\\/#\\\/schema\\\/logo\\\/image\\\/\",\"url\":\"https:\\\/\\\/naturalpoland.com\\\/wp-content\\\/uploads\\\/2021\\\/05\\\/natural-poland-icon.png\",\"contentUrl\":\"https:\\\/\\\/naturalpoland.com\\\/wp-content\\\/uploads\\\/2021\\\/05\\\/natural-poland-icon.png\",\"width\":512,\"height\":512,\"caption\":\"Natural Poland\"},\"image\":{\"@id\":\"https:\\\/\\\/naturalpoland.com\\\/ko\\\/#\\\/schema\\\/logo\\\/image\\\/\"},\"sameAs\":[\"https:\\\/\\\/www.facebook.com\\\/naturalpoland.b2b\",\"https:\\\/\\\/pl.linkedin.com\\\/company\\\/natural-poland\",\"https:\\\/\\\/www.youtube.com\\\/channel\\\/UCgeGGkvOMahZo-xu_MSEWxg\"]}]}<\/script>\n<!-- \/ Yoast SEO plugin. -->","yoast_head_json":{"title":"\uc7a0\ub450 \ub2e8\ubc31\uc9c8 - Hurtowy Dystrybutor","robots":{"index":"index","follow":"follow","max-snippet":"max-snippet:-1","max-image-preview":"max-image-preview:large","max-video-preview":"max-video-preview:-1"},"canonical":"https:\/\/naturalpoland.com\/ko\/je-pum\/sig-pum-won-ryo\/sig-mul-seong-dan-baek-jil\/%ec%9e%a0%eb%91%90-%eb%8b%a8%eb%b0%b1%ec%a7%88\/","og_locale":"ko_KR","og_type":"article","og_title":"\uc7a0\ub450 \ub2e8\ubc31\uc9c8 - Hurtowy Dystrybutor","og_description":"\ub2e8\ubc31\uc9c8 \ud568\ub7c9\uc774 60%\uc778 \uc7a0\ub450 \ub2e8\ubc31\uc9c8\uc740 \ud6cc\ub96d\ud55c \uc2dd\ubb3c\uc131 \ub2e8\ubc31\uc9c8 \uacf5\uae09\uc6d0\uc785\ub2c8\ub2e4. \uc774\ub294 \uc2dd\ub2e8\uc5d0\uc11c \ub2e4\uc591\ud558\uace0 \uac00\uce58 \uc788\ub294 \ub2e8\ubc31\uc9c8 \uacf5\uae09\uc6d0\uc744 \ucc3e\ub294 \ubd84\ub4e4\uc5d0\uac8c \ud0c1\uc6d4\ud55c \ub300\uc548\uc774 \ub429\ub2c8\ub2e4.","og_url":"https:\/\/naturalpoland.com\/ko\/je-pum\/sig-pum-won-ryo\/sig-mul-seong-dan-baek-jil\/%ec%9e%a0%eb%91%90-%eb%8b%a8%eb%b0%b1%ec%a7%88\/","og_site_name":"NATURAL POLAND - Hurtowy Dystrybutor Surowc\u00f3w","article_publisher":"https:\/\/www.facebook.com\/naturalpoland.b2b","article_modified_time":"2026-02-04T13:11:44+00:00","og_image":[{"width":650,"height":650,"url":"https:\/\/naturalpoland.com\/wp-content\/uploads\/bialko-bobu.jpg","type":"image\/jpeg"}],"schema":{"@context":"https:\/\/schema.org","@graph":[{"@type":"WebPage","@id":"https:\/\/naturalpoland.com\/ko\/je-pum\/sig-pum-won-ryo\/sig-mul-seong-dan-baek-jil\/%ec%9e%a0%eb%91%90-%eb%8b%a8%eb%b0%b1%ec%a7%88\/","url":"https:\/\/naturalpoland.com\/ko\/je-pum\/sig-pum-won-ryo\/sig-mul-seong-dan-baek-jil\/%ec%9e%a0%eb%91%90-%eb%8b%a8%eb%b0%b1%ec%a7%88\/","name":"\uc7a0\ub450 \ub2e8\ubc31\uc9c8 - Hurtowy Dystrybutor","isPartOf":{"@id":"https:\/\/naturalpoland.com\/ko\/#website"},"primaryImageOfPage":{"@id":"https:\/\/naturalpoland.com\/ko\/je-pum\/sig-pum-won-ryo\/sig-mul-seong-dan-baek-jil\/%ec%9e%a0%eb%91%90-%eb%8b%a8%eb%b0%b1%ec%a7%88\/#primaryimage"},"image":{"@id":"https:\/\/naturalpoland.com\/ko\/je-pum\/sig-pum-won-ryo\/sig-mul-seong-dan-baek-jil\/%ec%9e%a0%eb%91%90-%eb%8b%a8%eb%b0%b1%ec%a7%88\/#primaryimage"},"thumbnailUrl":"https:\/\/naturalpoland.com\/wp-content\/uploads\/bialko-bobu.jpg","datePublished":"2023-10-02T11:56:47+00:00","dateModified":"2026-02-04T13:11:44+00:00","breadcrumb":{"@id":"https:\/\/naturalpoland.com\/ko\/je-pum\/sig-pum-won-ryo\/sig-mul-seong-dan-baek-jil\/%ec%9e%a0%eb%91%90-%eb%8b%a8%eb%b0%b1%ec%a7%88\/#breadcrumb"},"inLanguage":"ko-KR","potentialAction":[{"@type":"ReadAction","target":["https:\/\/naturalpoland.com\/ko\/je-pum\/sig-pum-won-ryo\/sig-mul-seong-dan-baek-jil\/%ec%9e%a0%eb%91%90-%eb%8b%a8%eb%b0%b1%ec%a7%88\/"]}]},{"@type":"ImageObject","inLanguage":"ko-KR","@id":"https:\/\/naturalpoland.com\/ko\/je-pum\/sig-pum-won-ryo\/sig-mul-seong-dan-baek-jil\/%ec%9e%a0%eb%91%90-%eb%8b%a8%eb%b0%b1%ec%a7%88\/#primaryimage","url":"https:\/\/naturalpoland.com\/wp-content\/uploads\/bialko-bobu.jpg","contentUrl":"https:\/\/naturalpoland.com\/wp-content\/uploads\/bialko-bobu.jpg","width":650,"height":650,"caption":"\uc7a0\ub450 \ub2e8\ubc31\uc9c8"},{"@type":"BreadcrumbList","@id":"https:\/\/naturalpoland.com\/ko\/je-pum\/sig-pum-won-ryo\/sig-mul-seong-dan-baek-jil\/%ec%9e%a0%eb%91%90-%eb%8b%a8%eb%b0%b1%ec%a7%88\/#breadcrumb","itemListElement":[{"@type":"ListItem","position":1,"name":"\ud648","item":"https:\/\/naturalpoland.com\/ko\/"},{"@type":"ListItem","position":2,"name":"\uc81c\ud488","item":"https:\/\/naturalpoland.com\/ko\/%ec%a0%9c%ed%92%88\/"},{"@type":"ListItem","position":3,"name":"\uc7a0\ub450 \ub2e8\ubc31\uc9c8"}]},{"@type":"WebSite","@id":"https:\/\/naturalpoland.com\/ko\/#website","url":"https:\/\/naturalpoland.com\/ko\/","name":"NATURAL POLAND - Hurtowy Dystrybutor Surowc\u00f3w","description":"Surowce dla przemys\u0142u spo\u017cywczego, kosmetycznego i farmaceutycznego","publisher":{"@id":"https:\/\/naturalpoland.com\/ko\/#organization"},"potentialAction":[{"@type":"SearchAction","target":{"@type":"EntryPoint","urlTemplate":"https:\/\/naturalpoland.com\/ko\/?s={search_term_string}"},"query-input":{"@type":"PropertyValueSpecification","valueRequired":true,"valueName":"search_term_string"}}],"inLanguage":"ko-KR"},{"@type":"Organization","@id":"https:\/\/naturalpoland.com\/ko\/#organization","name":"Natural Poland","url":"https:\/\/naturalpoland.com\/ko\/","logo":{"@type":"ImageObject","inLanguage":"ko-KR","@id":"https:\/\/naturalpoland.com\/ko\/#\/schema\/logo\/image\/","url":"https:\/\/naturalpoland.com\/wp-content\/uploads\/2021\/05\/natural-poland-icon.png","contentUrl":"https:\/\/naturalpoland.com\/wp-content\/uploads\/2021\/05\/natural-poland-icon.png","width":512,"height":512,"caption":"Natural Poland"},"image":{"@id":"https:\/\/naturalpoland.com\/ko\/#\/schema\/logo\/image\/"},"sameAs":["https:\/\/www.facebook.com\/naturalpoland.b2b","https:\/\/pl.linkedin.com\/company\/natural-poland","https:\/\/www.youtube.com\/channel\/UCgeGGkvOMahZo-xu_MSEWxg"]}]}},"_links":{"self":[{"href":"https:\/\/naturalpoland.com\/ko\/wp-json\/wp\/v2\/product\/45599","targetHints":{"allow":["GET"]}}],"collection":[{"href":"https:\/\/naturalpoland.com\/ko\/wp-json\/wp\/v2\/product"}],"about":[{"href":"https:\/\/naturalpoland.com\/ko\/wp-json\/wp\/v2\/types\/product"}],"wp:featuredmedia":[{"embeddable":true,"href":"https:\/\/naturalpoland.com\/ko\/wp-json\/wp\/v2\/media\/45600"}],"wp:attachment":[{"href":"https:\/\/naturalpoland.com\/ko\/wp-json\/wp\/v2\/media?parent=45599"}],"wp:term":[{"taxonomy":"product_brand","embeddable":true,"href":"https:\/\/naturalpoland.com\/ko\/wp-json\/wp\/v2\/product_brand?post=45599"},{"taxonomy":"product_cat","embeddable":true,"href":"https:\/\/naturalpoland.com\/ko\/wp-json\/wp\/v2\/product_cat?post=45599"},{"taxonomy":"product_tag","embeddable":true,"href":"https:\/\/naturalpoland.com\/ko\/wp-json\/wp\/v2\/product_tag?post=45599"}],"curies":[{"name":"wp","href":"https:\/\/api.w.org\/{rel}","templated":true}]}}