{"id":45603,"date":"2023-09-15T15:34:19","date_gmt":"2023-09-15T13:34:19","guid":{"rendered":"https:\/\/naturalpoland.com\/produkty\/uncategorized\/%eb%8f%99%eb%ac%bc%ec%9a%a9-%eb%b6%84%eb%a7%90-%ec%9b%90%eb%a3%8c\/"},"modified":"2026-02-04T14:12:31","modified_gmt":"2026-02-04T13:12:31","slug":"%eb%8f%99%eb%ac%bc%ec%9a%a9-%eb%b6%84%eb%a7%90-%ec%9b%90%eb%a3%8c","status":"publish","type":"product","link":"https:\/\/naturalpoland.com\/ko\/je-pum\/dong-mul-yong-won-ryo\/%eb%8f%99%eb%ac%bc%ec%9a%a9-%eb%b6%84%eb%a7%90-%ec%9b%90%eb%a3%8c\/","title":{"rendered":"\ub3d9\ubb3c\uc6a9 \ubd84\ub9d0 \uc6d0\ub8cc"},"content":{"rendered":"<ul>\n<li><strong>\ub09c\uac01 \ubd84\ub9d0<\/strong>: \uac74\uac15\ud55c \ubf08\uc640 \uce58\uc544\uc5d0 \ud544\uc218\uc801\uc778 \ucc9c\uc5f0 \uce7c\uc298 \ubc0f \uc778 \uacf5\uae09\uc6d0\uc785\ub2c8\ub2e4. \ub3d9\ubb3c\uc758 \uace8\uaca9\uacc4 \ubc1c\ub2ec\uc744 \uc9c0\uc6d0\ud569\ub2c8\ub2e4. <\/li>\n<li><strong>\uac1c \uc0ac\ub8cc \ubcf4\ucda9\uc81c \ubbf8\ub124\ub784<\/strong>: \ud544\uc218 \ubbf8\ub124\ub784\uc774 \ud48d\ubd80\ud558\uac8c \ud568\uc720\ub418\uc5b4 \uc788\uc5b4 \uc2e0\uccb4 \uae30\ub2a5\uc744 \uc9c0\uc6d0\ud558\uace0 \uac1c\uc758 \uac74\uac15\uc744 \uac1c\uc120\ud558\uba70 \uc644\uc804\ud55c \uc601\uc591\uc744 \uc81c\uacf5\ud569\ub2c8\ub2e4.<\/li>\n<li><strong>\uac1c \uc0ac\ub8cc \ubcf4\ucda9\uc81c \uc13c\uc11c\ud2f0\ube0c<\/strong>: \ubbfc\uac10\ud55c \uc18c\ud654 \uc2dc\uc2a4\ud15c\uc744 \uac00\uc9c4 \uac1c\ub97c \uc704\ud574 \uac1c\ubc1c\ub418\uc5c8\uc2b5\ub2c8\ub2e4. \uc18c\ud654\ub97c \ub3d5\uace0 \uc54c\ub808\ub974\uae30 \ubc0f \uc790\uadf9 \uc608\ubc29\uc5d0 \uae30\uc5ec\ud569\ub2c8\ub2e4. <\/li>\n<li><strong>\ud06c\ub9b4 \ubd84\ub9d0<\/strong>: \ub2e8\ubc31\uc9c8\uacfc \uc624\uba54\uac00-3 \uc9c0\ubc29\uc0b0\uc774 \ud48d\ubd80\ud55c \ud06c\ub9b4 \ubd84\ub9d0\uc740 \ud6cc\ub96d\ud55c \uc5d0\ub108\uc9c0\uc6d0\uc774\uba70 \ud53c\ubd80, \ud138, \uc2ec\ud608\uad00 \uac74\uac15\uc744 \uc9c0\uc6d0\ud569\ub2c8\ub2e4.<\/li>\n<li><strong>\uc624\uc9d5\uc5b4 \ubd84\ub9d0<\/strong>: \ub192\uc740 \ub2e8\ubc31\uc9c8\uacfc \uc544\ubbf8\ub178\uc0b0 \ud568\ub7c9\uc73c\ub85c \ub3d9\ubb3c\uc758 \uadfc\uc721 \uc870\uc9c1 \uc131\uc7a5 \ubc0f \uc7ac\uc0dd\uc5d0 \uadc0\uc911\ud55c \uc131\ubd84\uc785\ub2c8\ub2e4.<\/li>\n<li><strong>MSM \ubd84\ub9d0<\/strong>: \uac74\uac15\ud55c \uad00\uc808, \ubf08\ub97c \uc9c0\uc6d0\ud558\uace0 \ud53c\ubd80 \ubc0f \ud138 \uc0c1\ud0dc\ub97c \uac1c\uc120\ud558\ub294 \uac83\uc73c\ub85c \uc54c\ub824\uc9c4 \uc720\uae30 \ud669 \ud654\ud569\ubb3c\uc785\ub2c8\ub2e4.<\/li>\n<\/ul>\n","protected":false},"excerpt":{"rendered":"<p>\ub3d9\ubb3c\uc6a9 \ubd84\ub9d0 \uc6d0\ub8cc\ub294 \ub3d9\ubb3c \uc0ac\ub8cc \uc81c\ud488\uc5d0 \uc0ac\uc6a9\ub418\ub294 \ucd5c\uace0 \ud488\uc9c8\uc758 \uc131\ubd84\uc785\ub2c8\ub2e4. \ud2b9\ubcc4\ud55c \uac00\uacf5 \ubc29\ubc95\uc740 \ubaa8\ub4e0 \uadc0\uc911\ud55c \uc601\uc591 \ud2b9\uc131\uc744 \ubcf4\uc874\ud569\ub2c8\ub2e4. <\/p>\n","protected":false},"featured_media":45604,"template":"","meta":{"_acf_changed":false},"product_brand":[],"product_cat":[8139],"product_tag":[],"class_list":{"0":"post-45603","1":"product","2":"type-product","3":"status-publish","4":"has-post-thumbnail","6":"product_cat-dong-mul-yong-won-ryo","8":"first","9":"instock","10":"shipping-taxable","11":"product-type-simple"},"acf":[],"yoast_head":"<!-- This site is optimized with the Yoast SEO plugin v27.5 - https:\/\/yoast.com\/product\/yoast-seo-wordpress\/ -->\n<title>\ub3d9\ubb3c\uc6a9 \ubd84\ub9d0 \uc6d0\ub8cc - Hurtowy Dystrybutor<\/title>\n<meta name=\"description\" content=\"\ub3d9\ubb3c\uc6a9 \ubd84\ub9d0 \uc6d0\ub8cc\ub294 \ub3d9\ubb3c \uc0ac\ub8cc \uc81c\ud488\uc5d0 \uc0ac\uc6a9\ub418\ub294 \ucd5c\uace0 \ud488\uc9c8\uc758 \uc131\ubd84\uc785\ub2c8\ub2e4.\" \/>\n<meta name=\"robots\" content=\"index, follow, max-snippet:-1, max-image-preview:large, max-video-preview:-1\" \/>\n<link rel=\"canonical\" href=\"https:\/\/naturalpoland.com\/ko\/je-pum\/dong-mul-yong-won-ryo\/%eb%8f%99%eb%ac%bc%ec%9a%a9-%eb%b6%84%eb%a7%90-%ec%9b%90%eb%a3%8c\/\" \/>\n<meta property=\"og:locale\" content=\"ko_KR\" \/>\n<meta property=\"og:type\" content=\"article\" \/>\n<meta property=\"og:title\" content=\"\ub3d9\ubb3c\uc6a9 \ubd84\ub9d0 \uc6d0\ub8cc - Hurtowy Dystrybutor\" \/>\n<meta property=\"og:description\" content=\"\ub3d9\ubb3c\uc6a9 \ubd84\ub9d0 \uc6d0\ub8cc\ub294 \ub3d9\ubb3c \uc0ac\ub8cc \uc81c\ud488\uc5d0 \uc0ac\uc6a9\ub418\ub294 \ucd5c\uace0 \ud488\uc9c8\uc758 \uc131\ubd84\uc785\ub2c8\ub2e4.\" \/>\n<meta property=\"og:url\" content=\"https:\/\/naturalpoland.com\/ko\/je-pum\/dong-mul-yong-won-ryo\/%eb%8f%99%eb%ac%bc%ec%9a%a9-%eb%b6%84%eb%a7%90-%ec%9b%90%eb%a3%8c\/\" \/>\n<meta property=\"og:site_name\" content=\"NATURAL POLAND - Hurtowy Dystrybutor Surowc\u00f3w\" \/>\n<meta property=\"article:publisher\" content=\"https:\/\/www.facebook.com\/naturalpoland.b2b\" \/>\n<meta property=\"article:modified_time\" content=\"2026-02-04T13:12:31+00:00\" \/>\n<meta property=\"og:image\" content=\"https:\/\/naturalpoland.com\/wp-content\/uploads\/maczka-z-kryla.jpg\" \/>\n\t<meta property=\"og:image:width\" content=\"650\" \/>\n\t<meta property=\"og:image:height\" content=\"650\" \/>\n\t<meta property=\"og:image:type\" content=\"image\/jpeg\" \/>\n<script type=\"application\/ld+json\" class=\"yoast-schema-graph\">{\"@context\":\"https:\\\/\\\/schema.org\",\"@graph\":[{\"@type\":\"WebPage\",\"@id\":\"https:\\\/\\\/naturalpoland.com\\\/ko\\\/je-pum\\\/dong-mul-yong-won-ryo\\\/%eb%8f%99%eb%ac%bc%ec%9a%a9-%eb%b6%84%eb%a7%90-%ec%9b%90%eb%a3%8c\\\/\",\"url\":\"https:\\\/\\\/naturalpoland.com\\\/ko\\\/je-pum\\\/dong-mul-yong-won-ryo\\\/%eb%8f%99%eb%ac%bc%ec%9a%a9-%eb%b6%84%eb%a7%90-%ec%9b%90%eb%a3%8c\\\/\",\"name\":\"\ub3d9\ubb3c\uc6a9 \ubd84\ub9d0 \uc6d0\ub8cc - Hurtowy Dystrybutor\",\"isPartOf\":{\"@id\":\"https:\\\/\\\/naturalpoland.com\\\/ko\\\/#website\"},\"primaryImageOfPage\":{\"@id\":\"https:\\\/\\\/naturalpoland.com\\\/ko\\\/je-pum\\\/dong-mul-yong-won-ryo\\\/%eb%8f%99%eb%ac%bc%ec%9a%a9-%eb%b6%84%eb%a7%90-%ec%9b%90%eb%a3%8c\\\/#primaryimage\"},\"image\":{\"@id\":\"https:\\\/\\\/naturalpoland.com\\\/ko\\\/je-pum\\\/dong-mul-yong-won-ryo\\\/%eb%8f%99%eb%ac%bc%ec%9a%a9-%eb%b6%84%eb%a7%90-%ec%9b%90%eb%a3%8c\\\/#primaryimage\"},\"thumbnailUrl\":\"https:\\\/\\\/naturalpoland.com\\\/wp-content\\\/uploads\\\/maczka-z-kryla.jpg\",\"datePublished\":\"2023-09-15T13:34:19+00:00\",\"dateModified\":\"2026-02-04T13:12:31+00:00\",\"description\":\"\ub3d9\ubb3c\uc6a9 \ubd84\ub9d0 \uc6d0\ub8cc\ub294 \ub3d9\ubb3c \uc0ac\ub8cc \uc81c\ud488\uc5d0 \uc0ac\uc6a9\ub418\ub294 \ucd5c\uace0 \ud488\uc9c8\uc758 \uc131\ubd84\uc785\ub2c8\ub2e4.\",\"breadcrumb\":{\"@id\":\"https:\\\/\\\/naturalpoland.com\\\/ko\\\/je-pum\\\/dong-mul-yong-won-ryo\\\/%eb%8f%99%eb%ac%bc%ec%9a%a9-%eb%b6%84%eb%a7%90-%ec%9b%90%eb%a3%8c\\\/#breadcrumb\"},\"inLanguage\":\"ko-KR\",\"potentialAction\":[{\"@type\":\"ReadAction\",\"target\":[\"https:\\\/\\\/naturalpoland.com\\\/ko\\\/je-pum\\\/dong-mul-yong-won-ryo\\\/%eb%8f%99%eb%ac%bc%ec%9a%a9-%eb%b6%84%eb%a7%90-%ec%9b%90%eb%a3%8c\\\/\"]}]},{\"@type\":\"ImageObject\",\"inLanguage\":\"ko-KR\",\"@id\":\"https:\\\/\\\/naturalpoland.com\\\/ko\\\/je-pum\\\/dong-mul-yong-won-ryo\\\/%eb%8f%99%eb%ac%bc%ec%9a%a9-%eb%b6%84%eb%a7%90-%ec%9b%90%eb%a3%8c\\\/#primaryimage\",\"url\":\"https:\\\/\\\/naturalpoland.com\\\/wp-content\\\/uploads\\\/maczka-z-kryla.jpg\",\"contentUrl\":\"https:\\\/\\\/naturalpoland.com\\\/wp-content\\\/uploads\\\/maczka-z-kryla.jpg\",\"width\":650,\"height\":650,\"caption\":\"\ud06c\ub9b4 \ubd84\ub9d0\"},{\"@type\":\"BreadcrumbList\",\"@id\":\"https:\\\/\\\/naturalpoland.com\\\/ko\\\/je-pum\\\/dong-mul-yong-won-ryo\\\/%eb%8f%99%eb%ac%bc%ec%9a%a9-%eb%b6%84%eb%a7%90-%ec%9b%90%eb%a3%8c\\\/#breadcrumb\",\"itemListElement\":[{\"@type\":\"ListItem\",\"position\":1,\"name\":\"\ud648\",\"item\":\"https:\\\/\\\/naturalpoland.com\\\/ko\\\/\"},{\"@type\":\"ListItem\",\"position\":2,\"name\":\"\uc81c\ud488\",\"item\":\"https:\\\/\\\/naturalpoland.com\\\/ko\\\/%ec%a0%9c%ed%92%88\\\/\"},{\"@type\":\"ListItem\",\"position\":3,\"name\":\"\ub3d9\ubb3c\uc6a9 \ubd84\ub9d0 \uc6d0\ub8cc\"}]},{\"@type\":\"WebSite\",\"@id\":\"https:\\\/\\\/naturalpoland.com\\\/ko\\\/#website\",\"url\":\"https:\\\/\\\/naturalpoland.com\\\/ko\\\/\",\"name\":\"NATURAL POLAND - Hurtowy Dystrybutor Surowc\u00f3w\",\"description\":\"Surowce dla przemys\u0142u spo\u017cywczego, kosmetycznego i farmaceutycznego\",\"publisher\":{\"@id\":\"https:\\\/\\\/naturalpoland.com\\\/ko\\\/#organization\"},\"potentialAction\":[{\"@type\":\"SearchAction\",\"target\":{\"@type\":\"EntryPoint\",\"urlTemplate\":\"https:\\\/\\\/naturalpoland.com\\\/ko\\\/?s={search_term_string}\"},\"query-input\":{\"@type\":\"PropertyValueSpecification\",\"valueRequired\":true,\"valueName\":\"search_term_string\"}}],\"inLanguage\":\"ko-KR\"},{\"@type\":\"Organization\",\"@id\":\"https:\\\/\\\/naturalpoland.com\\\/ko\\\/#organization\",\"name\":\"Natural Poland\",\"url\":\"https:\\\/\\\/naturalpoland.com\\\/ko\\\/\",\"logo\":{\"@type\":\"ImageObject\",\"inLanguage\":\"ko-KR\",\"@id\":\"https:\\\/\\\/naturalpoland.com\\\/ko\\\/#\\\/schema\\\/logo\\\/image\\\/\",\"url\":\"https:\\\/\\\/naturalpoland.com\\\/wp-content\\\/uploads\\\/2021\\\/05\\\/natural-poland-icon.png\",\"contentUrl\":\"https:\\\/\\\/naturalpoland.com\\\/wp-content\\\/uploads\\\/2021\\\/05\\\/natural-poland-icon.png\",\"width\":512,\"height\":512,\"caption\":\"Natural Poland\"},\"image\":{\"@id\":\"https:\\\/\\\/naturalpoland.com\\\/ko\\\/#\\\/schema\\\/logo\\\/image\\\/\"},\"sameAs\":[\"https:\\\/\\\/www.facebook.com\\\/naturalpoland.b2b\",\"https:\\\/\\\/pl.linkedin.com\\\/company\\\/natural-poland\",\"https:\\\/\\\/www.youtube.com\\\/channel\\\/UCgeGGkvOMahZo-xu_MSEWxg\"]}]}<\/script>\n<!-- \/ Yoast SEO plugin. -->","yoast_head_json":{"title":"\ub3d9\ubb3c\uc6a9 \ubd84\ub9d0 \uc6d0\ub8cc - Hurtowy Dystrybutor","description":"\ub3d9\ubb3c\uc6a9 \ubd84\ub9d0 \uc6d0\ub8cc\ub294 \ub3d9\ubb3c \uc0ac\ub8cc \uc81c\ud488\uc5d0 \uc0ac\uc6a9\ub418\ub294 \ucd5c\uace0 \ud488\uc9c8\uc758 \uc131\ubd84\uc785\ub2c8\ub2e4.","robots":{"index":"index","follow":"follow","max-snippet":"max-snippet:-1","max-image-preview":"max-image-preview:large","max-video-preview":"max-video-preview:-1"},"canonical":"https:\/\/naturalpoland.com\/ko\/je-pum\/dong-mul-yong-won-ryo\/%eb%8f%99%eb%ac%bc%ec%9a%a9-%eb%b6%84%eb%a7%90-%ec%9b%90%eb%a3%8c\/","og_locale":"ko_KR","og_type":"article","og_title":"\ub3d9\ubb3c\uc6a9 \ubd84\ub9d0 \uc6d0\ub8cc - Hurtowy Dystrybutor","og_description":"\ub3d9\ubb3c\uc6a9 \ubd84\ub9d0 \uc6d0\ub8cc\ub294 \ub3d9\ubb3c \uc0ac\ub8cc \uc81c\ud488\uc5d0 \uc0ac\uc6a9\ub418\ub294 \ucd5c\uace0 \ud488\uc9c8\uc758 \uc131\ubd84\uc785\ub2c8\ub2e4.","og_url":"https:\/\/naturalpoland.com\/ko\/je-pum\/dong-mul-yong-won-ryo\/%eb%8f%99%eb%ac%bc%ec%9a%a9-%eb%b6%84%eb%a7%90-%ec%9b%90%eb%a3%8c\/","og_site_name":"NATURAL POLAND - Hurtowy Dystrybutor Surowc\u00f3w","article_publisher":"https:\/\/www.facebook.com\/naturalpoland.b2b","article_modified_time":"2026-02-04T13:12:31+00:00","og_image":[{"width":650,"height":650,"url":"https:\/\/naturalpoland.com\/wp-content\/uploads\/maczka-z-kryla.jpg","type":"image\/jpeg"}],"schema":{"@context":"https:\/\/schema.org","@graph":[{"@type":"WebPage","@id":"https:\/\/naturalpoland.com\/ko\/je-pum\/dong-mul-yong-won-ryo\/%eb%8f%99%eb%ac%bc%ec%9a%a9-%eb%b6%84%eb%a7%90-%ec%9b%90%eb%a3%8c\/","url":"https:\/\/naturalpoland.com\/ko\/je-pum\/dong-mul-yong-won-ryo\/%eb%8f%99%eb%ac%bc%ec%9a%a9-%eb%b6%84%eb%a7%90-%ec%9b%90%eb%a3%8c\/","name":"\ub3d9\ubb3c\uc6a9 \ubd84\ub9d0 \uc6d0\ub8cc - Hurtowy Dystrybutor","isPartOf":{"@id":"https:\/\/naturalpoland.com\/ko\/#website"},"primaryImageOfPage":{"@id":"https:\/\/naturalpoland.com\/ko\/je-pum\/dong-mul-yong-won-ryo\/%eb%8f%99%eb%ac%bc%ec%9a%a9-%eb%b6%84%eb%a7%90-%ec%9b%90%eb%a3%8c\/#primaryimage"},"image":{"@id":"https:\/\/naturalpoland.com\/ko\/je-pum\/dong-mul-yong-won-ryo\/%eb%8f%99%eb%ac%bc%ec%9a%a9-%eb%b6%84%eb%a7%90-%ec%9b%90%eb%a3%8c\/#primaryimage"},"thumbnailUrl":"https:\/\/naturalpoland.com\/wp-content\/uploads\/maczka-z-kryla.jpg","datePublished":"2023-09-15T13:34:19+00:00","dateModified":"2026-02-04T13:12:31+00:00","description":"\ub3d9\ubb3c\uc6a9 \ubd84\ub9d0 \uc6d0\ub8cc\ub294 \ub3d9\ubb3c \uc0ac\ub8cc \uc81c\ud488\uc5d0 \uc0ac\uc6a9\ub418\ub294 \ucd5c\uace0 \ud488\uc9c8\uc758 \uc131\ubd84\uc785\ub2c8\ub2e4.","breadcrumb":{"@id":"https:\/\/naturalpoland.com\/ko\/je-pum\/dong-mul-yong-won-ryo\/%eb%8f%99%eb%ac%bc%ec%9a%a9-%eb%b6%84%eb%a7%90-%ec%9b%90%eb%a3%8c\/#breadcrumb"},"inLanguage":"ko-KR","potentialAction":[{"@type":"ReadAction","target":["https:\/\/naturalpoland.com\/ko\/je-pum\/dong-mul-yong-won-ryo\/%eb%8f%99%eb%ac%bc%ec%9a%a9-%eb%b6%84%eb%a7%90-%ec%9b%90%eb%a3%8c\/"]}]},{"@type":"ImageObject","inLanguage":"ko-KR","@id":"https:\/\/naturalpoland.com\/ko\/je-pum\/dong-mul-yong-won-ryo\/%eb%8f%99%eb%ac%bc%ec%9a%a9-%eb%b6%84%eb%a7%90-%ec%9b%90%eb%a3%8c\/#primaryimage","url":"https:\/\/naturalpoland.com\/wp-content\/uploads\/maczka-z-kryla.jpg","contentUrl":"https:\/\/naturalpoland.com\/wp-content\/uploads\/maczka-z-kryla.jpg","width":650,"height":650,"caption":"\ud06c\ub9b4 \ubd84\ub9d0"},{"@type":"BreadcrumbList","@id":"https:\/\/naturalpoland.com\/ko\/je-pum\/dong-mul-yong-won-ryo\/%eb%8f%99%eb%ac%bc%ec%9a%a9-%eb%b6%84%eb%a7%90-%ec%9b%90%eb%a3%8c\/#breadcrumb","itemListElement":[{"@type":"ListItem","position":1,"name":"\ud648","item":"https:\/\/naturalpoland.com\/ko\/"},{"@type":"ListItem","position":2,"name":"\uc81c\ud488","item":"https:\/\/naturalpoland.com\/ko\/%ec%a0%9c%ed%92%88\/"},{"@type":"ListItem","position":3,"name":"\ub3d9\ubb3c\uc6a9 \ubd84\ub9d0 \uc6d0\ub8cc"}]},{"@type":"WebSite","@id":"https:\/\/naturalpoland.com\/ko\/#website","url":"https:\/\/naturalpoland.com\/ko\/","name":"NATURAL POLAND - Hurtowy Dystrybutor Surowc\u00f3w","description":"Surowce dla przemys\u0142u spo\u017cywczego, kosmetycznego i farmaceutycznego","publisher":{"@id":"https:\/\/naturalpoland.com\/ko\/#organization"},"potentialAction":[{"@type":"SearchAction","target":{"@type":"EntryPoint","urlTemplate":"https:\/\/naturalpoland.com\/ko\/?s={search_term_string}"},"query-input":{"@type":"PropertyValueSpecification","valueRequired":true,"valueName":"search_term_string"}}],"inLanguage":"ko-KR"},{"@type":"Organization","@id":"https:\/\/naturalpoland.com\/ko\/#organization","name":"Natural Poland","url":"https:\/\/naturalpoland.com\/ko\/","logo":{"@type":"ImageObject","inLanguage":"ko-KR","@id":"https:\/\/naturalpoland.com\/ko\/#\/schema\/logo\/image\/","url":"https:\/\/naturalpoland.com\/wp-content\/uploads\/2021\/05\/natural-poland-icon.png","contentUrl":"https:\/\/naturalpoland.com\/wp-content\/uploads\/2021\/05\/natural-poland-icon.png","width":512,"height":512,"caption":"Natural Poland"},"image":{"@id":"https:\/\/naturalpoland.com\/ko\/#\/schema\/logo\/image\/"},"sameAs":["https:\/\/www.facebook.com\/naturalpoland.b2b","https:\/\/pl.linkedin.com\/company\/natural-poland","https:\/\/www.youtube.com\/channel\/UCgeGGkvOMahZo-xu_MSEWxg"]}]}},"_links":{"self":[{"href":"https:\/\/naturalpoland.com\/ko\/wp-json\/wp\/v2\/product\/45603","targetHints":{"allow":["GET"]}}],"collection":[{"href":"https:\/\/naturalpoland.com\/ko\/wp-json\/wp\/v2\/product"}],"about":[{"href":"https:\/\/naturalpoland.com\/ko\/wp-json\/wp\/v2\/types\/product"}],"wp:featuredmedia":[{"embeddable":true,"href":"https:\/\/naturalpoland.com\/ko\/wp-json\/wp\/v2\/media\/45604"}],"wp:attachment":[{"href":"https:\/\/naturalpoland.com\/ko\/wp-json\/wp\/v2\/media?parent=45603"}],"wp:term":[{"taxonomy":"product_brand","embeddable":true,"href":"https:\/\/naturalpoland.com\/ko\/wp-json\/wp\/v2\/product_brand?post=45603"},{"taxonomy":"product_cat","embeddable":true,"href":"https:\/\/naturalpoland.com\/ko\/wp-json\/wp\/v2\/product_cat?post=45603"},{"taxonomy":"product_tag","embeddable":true,"href":"https:\/\/naturalpoland.com\/ko\/wp-json\/wp\/v2\/product_tag?post=45603"}],"curies":[{"name":"wp","href":"https:\/\/api.w.org\/{rel}","templated":true}]}}