{"id":45605,"date":"2023-10-02T11:15:06","date_gmt":"2023-10-02T09:15:06","guid":{"rendered":"https:\/\/naturalpoland.com\/produkty\/uncategorized\/%ec%9c%a0%ec%b1%84-%eb%a0%88%ec%8b%9c%ed%8b%b4\/"},"modified":"2026-02-04T14:12:34","modified_gmt":"2026-02-04T13:12:34","slug":"%ec%9c%a0%ec%b1%84-%eb%a0%88%ec%8b%9c%ed%8b%b4","status":"publish","type":"product","link":"https:\/\/naturalpoland.com\/ko\/je-pum\/sig-pum-won-ryo\/saeng-san-yong-won-ryo\/%ec%9c%a0%ec%b1%84-%eb%a0%88%ec%8b%9c%ed%8b%b4\/","title":{"rendered":"\uc720\ucc44 \ub808\uc2dc\ud2f4"},"content":{"rendered":"<h2>\uc720\ucc44 \ub808\uc2dc\ud2f4\uc774\ub780 \ubb34\uc5c7\uc778\uac00\uc694?<\/h2>\n<p><span class=\"ui-provider a b c d e f g h i j k l m n o p q r s t u v w x y z ab ac ae af ag ah ai aj ak\" dir=\"ltr\">\uc720\ucc44 \ub808\uc2dc\ud2f4\uc740 \uc8fc\ub85c \ud3ec\uc2a4\ud30c\ud2f0\ub51c\ucf5c\ub9b0(PC), \ud3ec\uc2a4\ud30c\ud2f0\ub51c\uc5d0\ud0c4\uc62c\uc544\ubbfc(PE), \ud3ec\uc2a4\ud30c\ud2f0\ub51c\uc774\ub178\uc2dc\ud1a8(PI)\ub85c \uad6c\uc131\ub41c \uc778\uc9c0\uc9c8 \ud63c\ud569\ubb3c\uc774\uba70, \uc774\ub4e4\uc740 \uc138\ud3ec\ub9c9\uc758 \ud575\uc2ec \uad6c\uc131 \uc694\uc18c\uc785\ub2c8\ub2e4. \uc774 \ub808\uc2dc\ud2f4\uc740 \uc9c0\ubc29\uacfc \ubb3c\uc758 \ud63c\ud569\ubb3c\uc744 \uc548\uc815\ud654\ud558\ub294 \ud0c1\uc6d4\ud55c \uc720\ud654 \ud2b9\uc131\uc744 \uac00\uc9c0\uace0 \uc788\uc5b4 \uc2dd\ud488, \ud654\uc7a5\ud488 \ubc0f \uc758\uc57d\ud488\uc5d0 \uc774\uc0c1\uc801\uc778 \ucca8\uac00\uc81c\uc785\ub2c8\ub2e4. <\/span><\/p>\n<p>&nbsp;<\/p>\n<h2>\ud2b9\uc131 \ubc0f \uc801\uc6a9:<\/h2>\n<p><strong>\uc2dd\ud488 \uc0b0\uc5c5:<\/strong><\/p>\n<p>\uc720\ucc44 \ub808\uc2dc\ud2f4\uc740 <strong>\uc2dd\ud488 \uc0b0\uc5c5<\/strong>\uc5d0\uc11c <strong>\uc720\ud654\uc81c, \uc548\uc815\uc81c \ubc0f \ud5a5\ubbf8 \uc6b4\ubc18\uccb4<\/strong>\ub85c \ub110\ub9ac \uc0ac\uc6a9\ub429\ub2c8\ub2e4. \uc9c0\ubc29\uacfc \ubb3c\uc744 \uacb0\ud569\ud558\ub294 \ub2a5\ub825 \ub355\ubd84\uc5d0 \ucd08\ucf5c\ub9bf, \ub9c8\uac00\ub9b0, \ubca0\uc774\ucee4\ub9ac \uc81c\ud488\ubfd0\ub9cc \uc544\ub2c8\ub77c \uac15\ud55c \ud5a5\ubbf8\ub97c \uc804\ub2ec\ud558\ub294 \uc800\uc9c0\ubc29 \uc81c\ud488 \uc0dd\uc0b0\uc5d0\ub3c4 \ud65c\uc6a9\ub429\ub2c8\ub2e4. <\/p>\n<p>\ub610\ud55c <strong>\ud56d\uc0b0\ud654 \ud2b9\uc131<\/strong>\uc744 \uc9c0\ub2c8\uace0 \uc788\uc5b4 \uc81c\ud488\uc758 \uc720\ud1b5\uae30\ud55c\uc744 \uc5f0\uc7a5\ud569\ub2c8\ub2e4.<\/p>\n<p><strong>\ud654\uc7a5\ud488 \uc0b0\uc5c5:<\/strong><\/p>\n<p>\ub808\uc2dc\ud2f4\uc740 <span class=\"ui-provider a b c d e f g h i j k l m n o p q r s t u v w x y z ab ac ae af ag ah ai aj ak\" dir=\"ltr\"><strong>\ud654\uc7a5\ud488 \uc81c\ud615<\/strong><\/span>\uc5d0\ub3c4 \uc0ac\uc6a9\ub418\uba70, \ubcf4\uc2b5 \ubc0f \uc7ac\uc0dd \uc131\ubd84\uc73c\ub85c \ud06c\ub9bc, \ub85c\uc158 \ubc0f \uc2a4\ud0a8\ucf00\uc5b4 \uc81c\ud488\uc5d0 \ud65c\uc6a9\ub429\ub2c8\ub2e4. <span class=\"ui-provider a b c d e f g h i j k l m n o p q r s t u v w x y z ab ac ae af ag ah ai aj ak\" dir=\"ltr\">\ud45c\ud53c\ub97c \ud1b5\ud55c \uc218\ubd84 \uc190\uc2e4\uc744 \ubc29\uc9c0\ud558\uc5ec \ud53c\ubd80\uc758 \ud0c4\ub825\uacfc \uc720\uc5f0\uc131\uc744 \uc720\uc9c0\ud569\ub2c8\ub2e4.<\/span><\/p>\n<p>&nbsp;<\/p>\n<h2>\uc601\uc591 \uc131\ubd84 (100g\ub2f9):<\/h2>\n<ul>\n<li><strong>\uc5d0\ub108\uc9c0<\/strong>: 3307 kJ \/ 790 kcal<\/li>\n<li><strong>\uc9c0\ubc29<\/strong>: 85 g (\ud3ec\ud654 \uc9c0\ubc29\uc0b0 14 g, \ub2e8\uc77c \ubd88\ud3ec\ud654 \uc9c0\ubc29\uc0b0 25 g, \ub2e4\uc911 \ubd88\ud3ec\ud654 \uc9c0\ubc29\uc0b0 46 g \ud3ec\ud568)<\/li>\n<li><strong>\ud0c4\uc218\ud654\ubb3c<\/strong>: 6 g (\ub2f9\ub958 1.5 g \ud3ec\ud568)<\/li>\n<li><strong>\ub2e8\ubc31\uc9c8<\/strong>: &lt;0.01 g<\/li>\n<li><strong>\uc18c\uae08<\/strong>: &lt;0.01 g<\/li>\n<\/ul>\n<h2><\/h2>\n<h2>\uc548\uc804 \ubc0f \uaddc\uc815 \uc900\uc218:<\/h2>\n<ul>\n<li>\uc561\uc0c1 \uc720\ucc44 \ub808\uc2dc\ud2f4\uc740 \uc2dd\ud488 \ucca8\uac00\ubb3c \ubc0f \uc54c\ub808\ub974\uac90\uc5d0 \uad00\ud55c \uc720\ub7fd \uc5f0\ud569(EU) \uaddc\uc815 No 231\/2012 \ubc0f No 1169\/2011\uc744 \uc900\uc218\ud569\ub2c8\ub2e4.<\/li>\n<li>\ubcf8 \uc81c\ud488\uc740 \uc720\ub7fd \uc758\ud68c \uaddc\uc815 No 1829\/2003 \ubc0f 1830\/2003\uc5d0 \ub530\ub77c GMO\uac00 \uc5c6\uc2b5\ub2c8\ub2e4.<\/li>\n<li>\uc9c0\uce68 1999\/2\/EC\uc5d0 \ub530\ub77c \uc774\uc628\ud654 \ubc29\uc0ac\uc120 \ucc98\ub9ac\ub97c \ud558\uc9c0 \uc54a\uc2b5\ub2c8\ub2e4.<\/li>\n<\/ul>\n","protected":false},"excerpt":{"rendered":"<p><span class=\"ui-provider a b c d e f g h i j k l m n o p q r s t u v w x y z ab ac ae af ag ah ai aj ak\" dir=\"ltr\"><strong>\uc561\uc0c1 \uc720\ucc44 \ub808\uc2dc\ud2f4 E322<\/strong>\ub294 \uc815\uc81c\ub418\uc9c0 \uc54a\uc740 \uc720\ucc44\uc720\uc5d0\uc11c \uc5bb\uc740 \ucc9c\uc5f0 \uc2dd\ubb3c\uc131 \uc720\ud654\uc81c\uc785\ub2c8\ub2e4.<\/span><\/p>\n","protected":false},"featured_media":45607,"template":"","meta":{"_acf_changed":false},"product_brand":[],"product_cat":[8175,8160],"product_tag":[],"class_list":{"0":"post-45605","1":"product","2":"type-product","3":"status-publish","4":"has-post-thumbnail","6":"product_cat-saeng-san-yong-won-ryo","7":"product_cat-hwa-jang-pum-won-ryo-ko","8":"pa_grupa-substancji-8927","10":"first","11":"instock","12":"shipping-taxable","13":"product-type-simple"},"acf":[],"yoast_head":"<!-- This site is optimized with the Yoast SEO plugin v27.5 - https:\/\/yoast.com\/product\/yoast-seo-wordpress\/ -->\n<title>NATURAL POLAND &#8211; Hurtowy Dystrybutor Surowc\u00f3w<\/title>\n<meta name=\"description\" content=\"\uc720\ucc44 \uc528\uc557\uc5d0\uc11c \ucd94\ucd9c\ub41c \uc720\ucc44 \ub808\uc2dc\ud2f4\uc740 \ub6f0\uc5b4\ub09c \uae30\ub2a5\uc131\uc73c\ub85c \uc778\ud574 \uc778\uae30\ub97c \uc5bb\uace0 \uc788\uc2b5\ub2c8\ub2e4.\" \/>\n<meta name=\"robots\" content=\"index, follow, max-snippet:-1, max-image-preview:large, max-video-preview:-1\" \/>\n<link rel=\"canonical\" href=\"https:\/\/naturalpoland.com\/ko\/je-pum\/sig-pum-won-ryo\/saeng-san-yong-won-ryo\/%ec%9c%a0%ec%b1%84-%eb%a0%88%ec%8b%9c%ed%8b%b4\/\" \/>\n<meta property=\"og:locale\" content=\"ko_KR\" \/>\n<meta property=\"og:type\" content=\"article\" \/>\n<meta property=\"og:description\" content=\"\uc720\ucc44 \uc528\uc557\uc5d0\uc11c \ucd94\ucd9c\ub41c \uc720\ucc44 \ub808\uc2dc\ud2f4\uc740 \ub6f0\uc5b4\ub09c \uae30\ub2a5\uc131\uc73c\ub85c \uc778\ud574 \uc778\uae30\ub97c \uc5bb\uace0 \uc788\uc2b5\ub2c8\ub2e4.\" \/>\n<meta property=\"og:url\" content=\"https:\/\/naturalpoland.com\/ko\/je-pum\/sig-pum-won-ryo\/saeng-san-yong-won-ryo\/%ec%9c%a0%ec%b1%84-%eb%a0%88%ec%8b%9c%ed%8b%b4\/\" \/>\n<meta property=\"og:site_name\" content=\"NATURAL POLAND - Hurtowy Dystrybutor Surowc\u00f3w\" \/>\n<meta property=\"article:publisher\" content=\"https:\/\/www.facebook.com\/naturalpoland.b2b\" \/>\n<meta property=\"article:modified_time\" content=\"2026-02-04T13:12:34+00:00\" \/>\n<meta property=\"og:image\" content=\"https:\/\/naturalpoland.com\/wp-content\/uploads\/lecytyna-rzepakowa-plynna.webp\" \/>\n\t<meta property=\"og:image:width\" content=\"619\" \/>\n\t<meta property=\"og:image:height\" content=\"619\" \/>\n\t<meta property=\"og:image:type\" content=\"image\/webp\" \/>\n<script type=\"application\/ld+json\" class=\"yoast-schema-graph\">{\"@context\":\"https:\\\/\\\/schema.org\",\"@graph\":[{\"@type\":\"WebPage\",\"@id\":\"https:\\\/\\\/naturalpoland.com\\\/ko\\\/je-pum\\\/sig-pum-won-ryo\\\/saeng-san-yong-won-ryo\\\/%ec%9c%a0%ec%b1%84-%eb%a0%88%ec%8b%9c%ed%8b%b4\\\/\",\"url\":\"https:\\\/\\\/naturalpoland.com\\\/ko\\\/je-pum\\\/sig-pum-won-ryo\\\/saeng-san-yong-won-ryo\\\/%ec%9c%a0%ec%b1%84-%eb%a0%88%ec%8b%9c%ed%8b%b4\\\/\",\"name\":\"\",\"isPartOf\":{\"@id\":\"https:\\\/\\\/naturalpoland.com\\\/ko\\\/#website\"},\"primaryImageOfPage\":{\"@id\":\"https:\\\/\\\/naturalpoland.com\\\/ko\\\/je-pum\\\/sig-pum-won-ryo\\\/saeng-san-yong-won-ryo\\\/%ec%9c%a0%ec%b1%84-%eb%a0%88%ec%8b%9c%ed%8b%b4\\\/#primaryimage\"},\"image\":{\"@id\":\"https:\\\/\\\/naturalpoland.com\\\/ko\\\/je-pum\\\/sig-pum-won-ryo\\\/saeng-san-yong-won-ryo\\\/%ec%9c%a0%ec%b1%84-%eb%a0%88%ec%8b%9c%ed%8b%b4\\\/#primaryimage\"},\"thumbnailUrl\":\"https:\\\/\\\/naturalpoland.com\\\/wp-content\\\/uploads\\\/lecytyna-rzepakowa-plynna.webp\",\"datePublished\":\"2023-10-02T09:15:06+00:00\",\"dateModified\":\"2026-02-04T13:12:34+00:00\",\"description\":\"\uc720\ucc44 \uc528\uc557\uc5d0\uc11c \ucd94\ucd9c\ub41c \uc720\ucc44 \ub808\uc2dc\ud2f4\uc740 \ub6f0\uc5b4\ub09c \uae30\ub2a5\uc131\uc73c\ub85c \uc778\ud574 \uc778\uae30\ub97c \uc5bb\uace0 \uc788\uc2b5\ub2c8\ub2e4.\",\"breadcrumb\":{\"@id\":\"https:\\\/\\\/naturalpoland.com\\\/ko\\\/je-pum\\\/sig-pum-won-ryo\\\/saeng-san-yong-won-ryo\\\/%ec%9c%a0%ec%b1%84-%eb%a0%88%ec%8b%9c%ed%8b%b4\\\/#breadcrumb\"},\"inLanguage\":\"ko-KR\",\"potentialAction\":[{\"@type\":\"ReadAction\",\"target\":[\"https:\\\/\\\/naturalpoland.com\\\/ko\\\/je-pum\\\/sig-pum-won-ryo\\\/saeng-san-yong-won-ryo\\\/%ec%9c%a0%ec%b1%84-%eb%a0%88%ec%8b%9c%ed%8b%b4\\\/\"]}]},{\"@type\":\"ImageObject\",\"inLanguage\":\"ko-KR\",\"@id\":\"https:\\\/\\\/naturalpoland.com\\\/ko\\\/je-pum\\\/sig-pum-won-ryo\\\/saeng-san-yong-won-ryo\\\/%ec%9c%a0%ec%b1%84-%eb%a0%88%ec%8b%9c%ed%8b%b4\\\/#primaryimage\",\"url\":\"https:\\\/\\\/naturalpoland.com\\\/wp-content\\\/uploads\\\/lecytyna-rzepakowa-plynna.webp\",\"contentUrl\":\"https:\\\/\\\/naturalpoland.com\\\/wp-content\\\/uploads\\\/lecytyna-rzepakowa-plynna.webp\",\"width\":619,\"height\":619,\"caption\":\"\uc561\uc0c1 \uc720\ucc44 \ub808\uc2dc\ud2f4\"},{\"@type\":\"BreadcrumbList\",\"@id\":\"https:\\\/\\\/naturalpoland.com\\\/ko\\\/je-pum\\\/sig-pum-won-ryo\\\/saeng-san-yong-won-ryo\\\/%ec%9c%a0%ec%b1%84-%eb%a0%88%ec%8b%9c%ed%8b%b4\\\/#breadcrumb\",\"itemListElement\":[{\"@type\":\"ListItem\",\"position\":1,\"name\":\"\ud648\",\"item\":\"https:\\\/\\\/naturalpoland.com\\\/ko\\\/\"},{\"@type\":\"ListItem\",\"position\":2,\"name\":\"\uc81c\ud488\",\"item\":\"https:\\\/\\\/naturalpoland.com\\\/ko\\\/%ec%a0%9c%ed%92%88\\\/\"},{\"@type\":\"ListItem\",\"position\":3,\"name\":\"\uc720\ucc44 \ub808\uc2dc\ud2f4\"}]},{\"@type\":\"WebSite\",\"@id\":\"https:\\\/\\\/naturalpoland.com\\\/ko\\\/#website\",\"url\":\"https:\\\/\\\/naturalpoland.com\\\/ko\\\/\",\"name\":\"NATURAL POLAND - Hurtowy Dystrybutor Surowc\u00f3w\",\"description\":\"Surowce dla przemys\u0142u spo\u017cywczego, kosmetycznego i farmaceutycznego\",\"publisher\":{\"@id\":\"https:\\\/\\\/naturalpoland.com\\\/ko\\\/#organization\"},\"potentialAction\":[{\"@type\":\"SearchAction\",\"target\":{\"@type\":\"EntryPoint\",\"urlTemplate\":\"https:\\\/\\\/naturalpoland.com\\\/ko\\\/?s={search_term_string}\"},\"query-input\":{\"@type\":\"PropertyValueSpecification\",\"valueRequired\":true,\"valueName\":\"search_term_string\"}}],\"inLanguage\":\"ko-KR\"},{\"@type\":\"Organization\",\"@id\":\"https:\\\/\\\/naturalpoland.com\\\/ko\\\/#organization\",\"name\":\"Natural Poland\",\"url\":\"https:\\\/\\\/naturalpoland.com\\\/ko\\\/\",\"logo\":{\"@type\":\"ImageObject\",\"inLanguage\":\"ko-KR\",\"@id\":\"https:\\\/\\\/naturalpoland.com\\\/ko\\\/#\\\/schema\\\/logo\\\/image\\\/\",\"url\":\"https:\\\/\\\/naturalpoland.com\\\/wp-content\\\/uploads\\\/2021\\\/05\\\/natural-poland-icon.png\",\"contentUrl\":\"https:\\\/\\\/naturalpoland.com\\\/wp-content\\\/uploads\\\/2021\\\/05\\\/natural-poland-icon.png\",\"width\":512,\"height\":512,\"caption\":\"Natural Poland\"},\"image\":{\"@id\":\"https:\\\/\\\/naturalpoland.com\\\/ko\\\/#\\\/schema\\\/logo\\\/image\\\/\"},\"sameAs\":[\"https:\\\/\\\/www.facebook.com\\\/naturalpoland.b2b\",\"https:\\\/\\\/pl.linkedin.com\\\/company\\\/natural-poland\",\"https:\\\/\\\/www.youtube.com\\\/channel\\\/UCgeGGkvOMahZo-xu_MSEWxg\"]}]}<\/script>\n<!-- \/ Yoast SEO plugin. -->","yoast_head_json":{"title":"NATURAL POLAND &#8211; Hurtowy Dystrybutor Surowc\u00f3w","description":"\uc720\ucc44 \uc528\uc557\uc5d0\uc11c \ucd94\ucd9c\ub41c \uc720\ucc44 \ub808\uc2dc\ud2f4\uc740 \ub6f0\uc5b4\ub09c \uae30\ub2a5\uc131\uc73c\ub85c \uc778\ud574 \uc778\uae30\ub97c \uc5bb\uace0 \uc788\uc2b5\ub2c8\ub2e4.","robots":{"index":"index","follow":"follow","max-snippet":"max-snippet:-1","max-image-preview":"max-image-preview:large","max-video-preview":"max-video-preview:-1"},"canonical":"https:\/\/naturalpoland.com\/ko\/je-pum\/sig-pum-won-ryo\/saeng-san-yong-won-ryo\/%ec%9c%a0%ec%b1%84-%eb%a0%88%ec%8b%9c%ed%8b%b4\/","og_locale":"ko_KR","og_type":"article","og_description":"\uc720\ucc44 \uc528\uc557\uc5d0\uc11c \ucd94\ucd9c\ub41c \uc720\ucc44 \ub808\uc2dc\ud2f4\uc740 \ub6f0\uc5b4\ub09c \uae30\ub2a5\uc131\uc73c\ub85c \uc778\ud574 \uc778\uae30\ub97c \uc5bb\uace0 \uc788\uc2b5\ub2c8\ub2e4.","og_url":"https:\/\/naturalpoland.com\/ko\/je-pum\/sig-pum-won-ryo\/saeng-san-yong-won-ryo\/%ec%9c%a0%ec%b1%84-%eb%a0%88%ec%8b%9c%ed%8b%b4\/","og_site_name":"NATURAL POLAND - Hurtowy Dystrybutor Surowc\u00f3w","article_publisher":"https:\/\/www.facebook.com\/naturalpoland.b2b","article_modified_time":"2026-02-04T13:12:34+00:00","og_image":[{"width":619,"height":619,"url":"https:\/\/naturalpoland.com\/wp-content\/uploads\/lecytyna-rzepakowa-plynna.webp","type":"image\/webp"}],"schema":{"@context":"https:\/\/schema.org","@graph":[{"@type":"WebPage","@id":"https:\/\/naturalpoland.com\/ko\/je-pum\/sig-pum-won-ryo\/saeng-san-yong-won-ryo\/%ec%9c%a0%ec%b1%84-%eb%a0%88%ec%8b%9c%ed%8b%b4\/","url":"https:\/\/naturalpoland.com\/ko\/je-pum\/sig-pum-won-ryo\/saeng-san-yong-won-ryo\/%ec%9c%a0%ec%b1%84-%eb%a0%88%ec%8b%9c%ed%8b%b4\/","name":"","isPartOf":{"@id":"https:\/\/naturalpoland.com\/ko\/#website"},"primaryImageOfPage":{"@id":"https:\/\/naturalpoland.com\/ko\/je-pum\/sig-pum-won-ryo\/saeng-san-yong-won-ryo\/%ec%9c%a0%ec%b1%84-%eb%a0%88%ec%8b%9c%ed%8b%b4\/#primaryimage"},"image":{"@id":"https:\/\/naturalpoland.com\/ko\/je-pum\/sig-pum-won-ryo\/saeng-san-yong-won-ryo\/%ec%9c%a0%ec%b1%84-%eb%a0%88%ec%8b%9c%ed%8b%b4\/#primaryimage"},"thumbnailUrl":"https:\/\/naturalpoland.com\/wp-content\/uploads\/lecytyna-rzepakowa-plynna.webp","datePublished":"2023-10-02T09:15:06+00:00","dateModified":"2026-02-04T13:12:34+00:00","description":"\uc720\ucc44 \uc528\uc557\uc5d0\uc11c \ucd94\ucd9c\ub41c \uc720\ucc44 \ub808\uc2dc\ud2f4\uc740 \ub6f0\uc5b4\ub09c \uae30\ub2a5\uc131\uc73c\ub85c \uc778\ud574 \uc778\uae30\ub97c \uc5bb\uace0 \uc788\uc2b5\ub2c8\ub2e4.","breadcrumb":{"@id":"https:\/\/naturalpoland.com\/ko\/je-pum\/sig-pum-won-ryo\/saeng-san-yong-won-ryo\/%ec%9c%a0%ec%b1%84-%eb%a0%88%ec%8b%9c%ed%8b%b4\/#breadcrumb"},"inLanguage":"ko-KR","potentialAction":[{"@type":"ReadAction","target":["https:\/\/naturalpoland.com\/ko\/je-pum\/sig-pum-won-ryo\/saeng-san-yong-won-ryo\/%ec%9c%a0%ec%b1%84-%eb%a0%88%ec%8b%9c%ed%8b%b4\/"]}]},{"@type":"ImageObject","inLanguage":"ko-KR","@id":"https:\/\/naturalpoland.com\/ko\/je-pum\/sig-pum-won-ryo\/saeng-san-yong-won-ryo\/%ec%9c%a0%ec%b1%84-%eb%a0%88%ec%8b%9c%ed%8b%b4\/#primaryimage","url":"https:\/\/naturalpoland.com\/wp-content\/uploads\/lecytyna-rzepakowa-plynna.webp","contentUrl":"https:\/\/naturalpoland.com\/wp-content\/uploads\/lecytyna-rzepakowa-plynna.webp","width":619,"height":619,"caption":"\uc561\uc0c1 \uc720\ucc44 \ub808\uc2dc\ud2f4"},{"@type":"BreadcrumbList","@id":"https:\/\/naturalpoland.com\/ko\/je-pum\/sig-pum-won-ryo\/saeng-san-yong-won-ryo\/%ec%9c%a0%ec%b1%84-%eb%a0%88%ec%8b%9c%ed%8b%b4\/#breadcrumb","itemListElement":[{"@type":"ListItem","position":1,"name":"\ud648","item":"https:\/\/naturalpoland.com\/ko\/"},{"@type":"ListItem","position":2,"name":"\uc81c\ud488","item":"https:\/\/naturalpoland.com\/ko\/%ec%a0%9c%ed%92%88\/"},{"@type":"ListItem","position":3,"name":"\uc720\ucc44 \ub808\uc2dc\ud2f4"}]},{"@type":"WebSite","@id":"https:\/\/naturalpoland.com\/ko\/#website","url":"https:\/\/naturalpoland.com\/ko\/","name":"NATURAL POLAND - Hurtowy Dystrybutor Surowc\u00f3w","description":"Surowce dla przemys\u0142u spo\u017cywczego, kosmetycznego i farmaceutycznego","publisher":{"@id":"https:\/\/naturalpoland.com\/ko\/#organization"},"potentialAction":[{"@type":"SearchAction","target":{"@type":"EntryPoint","urlTemplate":"https:\/\/naturalpoland.com\/ko\/?s={search_term_string}"},"query-input":{"@type":"PropertyValueSpecification","valueRequired":true,"valueName":"search_term_string"}}],"inLanguage":"ko-KR"},{"@type":"Organization","@id":"https:\/\/naturalpoland.com\/ko\/#organization","name":"Natural Poland","url":"https:\/\/naturalpoland.com\/ko\/","logo":{"@type":"ImageObject","inLanguage":"ko-KR","@id":"https:\/\/naturalpoland.com\/ko\/#\/schema\/logo\/image\/","url":"https:\/\/naturalpoland.com\/wp-content\/uploads\/2021\/05\/natural-poland-icon.png","contentUrl":"https:\/\/naturalpoland.com\/wp-content\/uploads\/2021\/05\/natural-poland-icon.png","width":512,"height":512,"caption":"Natural Poland"},"image":{"@id":"https:\/\/naturalpoland.com\/ko\/#\/schema\/logo\/image\/"},"sameAs":["https:\/\/www.facebook.com\/naturalpoland.b2b","https:\/\/pl.linkedin.com\/company\/natural-poland","https:\/\/www.youtube.com\/channel\/UCgeGGkvOMahZo-xu_MSEWxg"]}]}},"_links":{"self":[{"href":"https:\/\/naturalpoland.com\/ko\/wp-json\/wp\/v2\/product\/45605","targetHints":{"allow":["GET"]}}],"collection":[{"href":"https:\/\/naturalpoland.com\/ko\/wp-json\/wp\/v2\/product"}],"about":[{"href":"https:\/\/naturalpoland.com\/ko\/wp-json\/wp\/v2\/types\/product"}],"wp:featuredmedia":[{"embeddable":true,"href":"https:\/\/naturalpoland.com\/ko\/wp-json\/wp\/v2\/media\/45607"}],"wp:attachment":[{"href":"https:\/\/naturalpoland.com\/ko\/wp-json\/wp\/v2\/media?parent=45605"}],"wp:term":[{"taxonomy":"product_brand","embeddable":true,"href":"https:\/\/naturalpoland.com\/ko\/wp-json\/wp\/v2\/product_brand?post=45605"},{"taxonomy":"product_cat","embeddable":true,"href":"https:\/\/naturalpoland.com\/ko\/wp-json\/wp\/v2\/product_cat?post=45605"},{"taxonomy":"product_tag","embeddable":true,"href":"https:\/\/naturalpoland.com\/ko\/wp-json\/wp\/v2\/product_tag?post=45605"}],"curies":[{"name":"wp","href":"https:\/\/api.w.org\/{rel}","templated":true}]}}