{"id":45612,"date":"2023-10-02T14:27:48","date_gmt":"2023-10-02T12:27:48","guid":{"rendered":"https:\/\/naturalpoland.com\/produkty\/uncategorized\/%eb%8c%80%eb%91%90-%eb%8b%a8%eb%b0%b1%ec%a7%88\/"},"modified":"2026-02-04T14:13:16","modified_gmt":"2026-02-04T13:13:16","slug":"%eb%8c%80%eb%91%90-%eb%8b%a8%eb%b0%b1%ec%a7%88","status":"publish","type":"product","link":"https:\/\/naturalpoland.com\/ko\/je-pum\/sig-pum-won-ryo\/sig-mul-seong-dan-baek-jil\/%eb%8c%80%eb%91%90-%eb%8b%a8%eb%b0%b1%ec%a7%88\/","title":{"rendered":"\ub300\ub450 \ub2e8\ubc31\uc9c8"},"content":{"rendered":"<p>\ucf69\uc5d0\uc11c \ucd94\ucd9c\ud55c \ub300\ub450 \ub2e8\ubc31\uc9c8\uc740 \uc2e0\uccb4 \uae30\ub2a5\uc5d0 \ud544\uc218\uc801\uc778 \ubaa8\ub4e0 \ud544\uc218 \uc544\ubbf8\ub178\uc0b0\uc744 \ud3ec\ud568\ud55c \uc644\uc804\ud55c \uc544\ubbf8\ub178\uc0b0 \ud504\ub85c\ud544\uc744 \uc790\ub791\ud569\ub2c8\ub2e4. \ucc44\uc2dd\uc8fc\uc758\uc790, \ube44\uac74 \ubc0f \ub3d9\ubb3c\uc131 \ub2e8\ubc31\uc9c8 \ub300\uc548\uc744 \ucc3e\ub294 \ubd84\ub4e4\uaed8 \ud0c1\uc6d4\ud55c \uc120\ud0dd\uc785\ub2c8\ub2e4. <\/p>\n<p>\uac15\ub825\ud55c <strong>\ud56d\uc0b0\ud654\uc81c<\/strong>\uc778 <strong>\uc774\uc18c\ud50c\ub77c\ubcf8<\/strong> \ud568\ub7c9\uc774 \ub192\uc544 \uc138\ud3ec \ubc0f \uc2ec\ud608\uad00 \uac74\uac15\uc744 \uc9c0\uc6d0\ud558\uba70, \ud638\ub974\ubaac \uade0\ud615\uc5d0\ub3c4 \uae0d\uc815\uc801\uc778 \uc601\ud5a5\uc744 \ubbf8\uce69\ub2c8\ub2e4. \ub610\ud55c, \ub300\ub450 \ub2e8\ubc31\uc9c8\uc740 <strong>\ucca0\ubd84, \uce7c\uc298<\/strong>, <strong>\ub9c8\uadf8\ub124\uc298<\/strong>\uacfc \uac19\uc740 \uc911\uc694\ud55c \ubbf8\ub124\ub784\uacfc <strong>\ube44\ud0c0\ubbfc B\uad70<\/strong>\uc758 \uacf5\uae09\uc6d0\uc785\ub2c8\ub2e4. <\/p>\n<h2>\ub300\ub450 \ub2e8\ubc31\uc9c8\uc758 \ud2b9\uc131<\/h2>\n<p><strong>\uc218\ubd84 \uacb0\ud569 \ubc0f \uc720\ud654 \ub2a5\ub825<\/strong>\uacfc \uac19\uc740 \ub300\ub450 \ub2e8\ubc31\uc9c8\uc758 \ub3c5\ud2b9\ud55c \uae30\ub2a5\uc801 \ud2b9\uc131\uc740 \uc2dd\ubb3c\uc131 \uace0\uae30, \uc81c\ube75 \uc81c\ud488, \ub2e8\ubc31\uc9c8 \uc74c\ub8cc, \uc694\uac70\ud2b8 \ubc0f \uce58\uc988 \ucca8\uac00\ubb3c \ub4f1 \ub2e4\uc591\ud55c \uc2dd\ud488 \uc0dd\uc0b0\uc5d0 \ud575\uc2ec\uc801\uc778 \uc131\ubd84\uc73c\ub85c \ud65c\uc6a9\ub429\ub2c8\ub2e4.<\/p>\n<p><strong>\uc800\uc790\uadf9\uc131<\/strong>\uc778 \ub300\ub450 \ub2e8\ubc31\uc9c8\uc740 \uc2dd\ud488 \ubd88\ub0b4\uc99d\uc774 \uc788\ub294 \ubd84\ub4e4\uc744 \ud3ec\ud568\ud558\uc5ec \uad11\ubc94\uc704\ud55c \uc18c\ube44\uc790\uc5d0\uac8c \uc801\ud569\ud569\ub2c8\ub2e4. \uc911\ub9bd\uc801\uc778 \ub9db\uacfc \uc9c8\uac10\uc73c\ub85c \ub2e4\uc591\ud55c \ub808\uc2dc\ud53c\uc5d0 \uc27d\uac8c \uc801\uc6a9\ud560 \uc218 \uc788\uc5b4 \uc2dd\ud488 \uc81c\uc870\uc5c5\uccb4\uc758 \ucc3d\uc758\uc131\uc744 \uc9c0\uc6d0\ud569\ub2c8\ub2e4. <\/p>\n<p>\uce5c\ud658\uacbd\uc801\uc774\uace0 \uc9c0\uc18d \uac00\ub2a5\ud55c \uc81c\ud488\uc778 \ub300\ub450 \ub2e8\ubc31\uc9c8\uc740 \ud658\uacbd\uc5d0 \uc774\ub85c\uc6b4 \uc120\ud0dd\uc785\ub2c8\ub2e4. \ucf69 \uc7ac\ubc30\ub294 \uc790\uc6d0 \ud6a8\uc728\uc801\uc774\uba70, \ucf69 \uc2dd\ubb3c \uc790\uccb4\ub294 \ucc9c\uc5f0 \uc9c8\uc18c \uace0\uc815\uc81c\ub85c \uc791\uc6a9\ud558\uc5ec \ud1a0\uc591\uc758 \uc9c8\uc744 \uac1c\uc120\ud569\ub2c8\ub2e4. \uc774\ub294 \ud658\uacbd\uc801 \ucc45\uc784\uacfc \uc9c0\uc18d \uac00\ub2a5\ud55c \ubc1c\uc804\uc744 \ucd94\uad6c\ud558\ub294 \uae30\uc5c5\uc5d0\uac8c \uc911\uc694\ud569\ub2c8\ub2e4.  <\/p>\n","protected":false},"excerpt":{"rendered":"<p>\ub300\ub450 \ub2e8\ubc31\uc9c8\uc740 \uc6b0\uc218\ud55c \uc644\uc804 \uc2dd\ubb3c\uc131 \ub2e8\ubc31\uc9c8 \uacf5\uae09\uc6d0\uc73c\ub85c, BI(\ubd84\ub9ac \ub2e8\ubc31\uc9c8) \ubc84\uc804\uc5d0\uc11c\ub294 \ucd5c\ub300 <strong>90%<\/strong>, \uc77c\ubc18 \ubc84\uc804\uc5d0\uc11c\ub294 <strong>50%<\/strong>\uc758 \ub18d\ucd95\ub41c \ub2e8\ubc31\uc9c8 \ud568\ub7c9\uc744 \uc81c\uacf5\ud569\ub2c8\ub2e4.<\/p>\n","protected":false},"featured_media":45613,"template":"","meta":{"_acf_changed":false},"product_brand":[],"product_cat":[8170],"product_tag":[],"class_list":{"0":"post-45612","1":"product","2":"type-product","3":"status-publish","4":"has-post-thumbnail","6":"product_cat-sig-mul-seong-dan-baek-jil","8":"first","9":"instock","10":"shipping-taxable","11":"product-type-simple"},"acf":[],"yoast_head":"<!-- This site is optimized with the Yoast SEO plugin v27.5 - https:\/\/yoast.com\/product\/yoast-seo-wordpress\/ -->\n<title>\ub300\ub450 \ub2e8\ubc31\uc9c8 - Hurtowy Dystrybutor<\/title>\n<meta name=\"robots\" content=\"index, follow, max-snippet:-1, max-image-preview:large, max-video-preview:-1\" \/>\n<link rel=\"canonical\" href=\"https:\/\/naturalpoland.com\/ko\/je-pum\/sig-pum-won-ryo\/sig-mul-seong-dan-baek-jil\/%eb%8c%80%eb%91%90-%eb%8b%a8%eb%b0%b1%ec%a7%88\/\" \/>\n<meta property=\"og:locale\" content=\"ko_KR\" \/>\n<meta property=\"og:type\" content=\"article\" \/>\n<meta property=\"og:title\" content=\"\ub300\ub450 \ub2e8\ubc31\uc9c8 - Hurtowy Dystrybutor\" \/>\n<meta property=\"og:description\" content=\"\ub300\ub450 \ub2e8\ubc31\uc9c8\uc740 \uc6b0\uc218\ud55c \uc644\uc804 \uc2dd\ubb3c\uc131 \ub2e8\ubc31\uc9c8 \uacf5\uae09\uc6d0\uc73c\ub85c, BI(\ubd84\ub9ac \ub2e8\ubc31\uc9c8) \ubc84\uc804\uc5d0\uc11c\ub294 \ucd5c\ub300 90%, \uc77c\ubc18 \ubc84\uc804\uc5d0\uc11c\ub294 50%\uc758 \ub18d\ucd95\ub41c \ub2e8\ubc31\uc9c8 \ud568\ub7c9\uc744 \uc81c\uacf5\ud569\ub2c8\ub2e4.\" \/>\n<meta property=\"og:url\" content=\"https:\/\/naturalpoland.com\/ko\/je-pum\/sig-pum-won-ryo\/sig-mul-seong-dan-baek-jil\/%eb%8c%80%eb%91%90-%eb%8b%a8%eb%b0%b1%ec%a7%88\/\" \/>\n<meta property=\"og:site_name\" content=\"NATURAL POLAND - Hurtowy Dystrybutor Surowc\u00f3w\" \/>\n<meta property=\"article:publisher\" content=\"https:\/\/www.facebook.com\/naturalpoland.b2b\" \/>\n<meta property=\"article:modified_time\" content=\"2026-02-04T13:13:16+00:00\" \/>\n<meta property=\"og:image\" content=\"https:\/\/naturalpoland.com\/wp-content\/uploads\/bialko-sojowe.jpg\" \/>\n\t<meta property=\"og:image:width\" content=\"650\" \/>\n\t<meta property=\"og:image:height\" content=\"650\" \/>\n\t<meta property=\"og:image:type\" content=\"image\/jpeg\" \/>\n<script type=\"application\/ld+json\" class=\"yoast-schema-graph\">{\"@context\":\"https:\\\/\\\/schema.org\",\"@graph\":[{\"@type\":\"WebPage\",\"@id\":\"https:\\\/\\\/naturalpoland.com\\\/ko\\\/je-pum\\\/sig-pum-won-ryo\\\/sig-mul-seong-dan-baek-jil\\\/%eb%8c%80%eb%91%90-%eb%8b%a8%eb%b0%b1%ec%a7%88\\\/\",\"url\":\"https:\\\/\\\/naturalpoland.com\\\/ko\\\/je-pum\\\/sig-pum-won-ryo\\\/sig-mul-seong-dan-baek-jil\\\/%eb%8c%80%eb%91%90-%eb%8b%a8%eb%b0%b1%ec%a7%88\\\/\",\"name\":\"\ub300\ub450 \ub2e8\ubc31\uc9c8 - Hurtowy Dystrybutor\",\"isPartOf\":{\"@id\":\"https:\\\/\\\/naturalpoland.com\\\/ko\\\/#website\"},\"primaryImageOfPage\":{\"@id\":\"https:\\\/\\\/naturalpoland.com\\\/ko\\\/je-pum\\\/sig-pum-won-ryo\\\/sig-mul-seong-dan-baek-jil\\\/%eb%8c%80%eb%91%90-%eb%8b%a8%eb%b0%b1%ec%a7%88\\\/#primaryimage\"},\"image\":{\"@id\":\"https:\\\/\\\/naturalpoland.com\\\/ko\\\/je-pum\\\/sig-pum-won-ryo\\\/sig-mul-seong-dan-baek-jil\\\/%eb%8c%80%eb%91%90-%eb%8b%a8%eb%b0%b1%ec%a7%88\\\/#primaryimage\"},\"thumbnailUrl\":\"https:\\\/\\\/naturalpoland.com\\\/wp-content\\\/uploads\\\/bialko-sojowe.jpg\",\"datePublished\":\"2023-10-02T12:27:48+00:00\",\"dateModified\":\"2026-02-04T13:13:16+00:00\",\"breadcrumb\":{\"@id\":\"https:\\\/\\\/naturalpoland.com\\\/ko\\\/je-pum\\\/sig-pum-won-ryo\\\/sig-mul-seong-dan-baek-jil\\\/%eb%8c%80%eb%91%90-%eb%8b%a8%eb%b0%b1%ec%a7%88\\\/#breadcrumb\"},\"inLanguage\":\"ko-KR\",\"potentialAction\":[{\"@type\":\"ReadAction\",\"target\":[\"https:\\\/\\\/naturalpoland.com\\\/ko\\\/je-pum\\\/sig-pum-won-ryo\\\/sig-mul-seong-dan-baek-jil\\\/%eb%8c%80%eb%91%90-%eb%8b%a8%eb%b0%b1%ec%a7%88\\\/\"]}]},{\"@type\":\"ImageObject\",\"inLanguage\":\"ko-KR\",\"@id\":\"https:\\\/\\\/naturalpoland.com\\\/ko\\\/je-pum\\\/sig-pum-won-ryo\\\/sig-mul-seong-dan-baek-jil\\\/%eb%8c%80%eb%91%90-%eb%8b%a8%eb%b0%b1%ec%a7%88\\\/#primaryimage\",\"url\":\"https:\\\/\\\/naturalpoland.com\\\/wp-content\\\/uploads\\\/bialko-sojowe.jpg\",\"contentUrl\":\"https:\\\/\\\/naturalpoland.com\\\/wp-content\\\/uploads\\\/bialko-sojowe.jpg\",\"width\":650,\"height\":650,\"caption\":\"\ub300\ub450 \ub2e8\ubc31\uc9c8\"},{\"@type\":\"BreadcrumbList\",\"@id\":\"https:\\\/\\\/naturalpoland.com\\\/ko\\\/je-pum\\\/sig-pum-won-ryo\\\/sig-mul-seong-dan-baek-jil\\\/%eb%8c%80%eb%91%90-%eb%8b%a8%eb%b0%b1%ec%a7%88\\\/#breadcrumb\",\"itemListElement\":[{\"@type\":\"ListItem\",\"position\":1,\"name\":\"\ud648\",\"item\":\"https:\\\/\\\/naturalpoland.com\\\/ko\\\/\"},{\"@type\":\"ListItem\",\"position\":2,\"name\":\"\uc81c\ud488\",\"item\":\"https:\\\/\\\/naturalpoland.com\\\/ko\\\/%ec%a0%9c%ed%92%88\\\/\"},{\"@type\":\"ListItem\",\"position\":3,\"name\":\"\ub300\ub450 \ub2e8\ubc31\uc9c8\"}]},{\"@type\":\"WebSite\",\"@id\":\"https:\\\/\\\/naturalpoland.com\\\/ko\\\/#website\",\"url\":\"https:\\\/\\\/naturalpoland.com\\\/ko\\\/\",\"name\":\"NATURAL POLAND - Hurtowy Dystrybutor Surowc\u00f3w\",\"description\":\"Surowce dla przemys\u0142u spo\u017cywczego, kosmetycznego i farmaceutycznego\",\"publisher\":{\"@id\":\"https:\\\/\\\/naturalpoland.com\\\/ko\\\/#organization\"},\"potentialAction\":[{\"@type\":\"SearchAction\",\"target\":{\"@type\":\"EntryPoint\",\"urlTemplate\":\"https:\\\/\\\/naturalpoland.com\\\/ko\\\/?s={search_term_string}\"},\"query-input\":{\"@type\":\"PropertyValueSpecification\",\"valueRequired\":true,\"valueName\":\"search_term_string\"}}],\"inLanguage\":\"ko-KR\"},{\"@type\":\"Organization\",\"@id\":\"https:\\\/\\\/naturalpoland.com\\\/ko\\\/#organization\",\"name\":\"Natural Poland\",\"url\":\"https:\\\/\\\/naturalpoland.com\\\/ko\\\/\",\"logo\":{\"@type\":\"ImageObject\",\"inLanguage\":\"ko-KR\",\"@id\":\"https:\\\/\\\/naturalpoland.com\\\/ko\\\/#\\\/schema\\\/logo\\\/image\\\/\",\"url\":\"https:\\\/\\\/naturalpoland.com\\\/wp-content\\\/uploads\\\/2021\\\/05\\\/natural-poland-icon.png\",\"contentUrl\":\"https:\\\/\\\/naturalpoland.com\\\/wp-content\\\/uploads\\\/2021\\\/05\\\/natural-poland-icon.png\",\"width\":512,\"height\":512,\"caption\":\"Natural Poland\"},\"image\":{\"@id\":\"https:\\\/\\\/naturalpoland.com\\\/ko\\\/#\\\/schema\\\/logo\\\/image\\\/\"},\"sameAs\":[\"https:\\\/\\\/www.facebook.com\\\/naturalpoland.b2b\",\"https:\\\/\\\/pl.linkedin.com\\\/company\\\/natural-poland\",\"https:\\\/\\\/www.youtube.com\\\/channel\\\/UCgeGGkvOMahZo-xu_MSEWxg\"]}]}<\/script>\n<!-- \/ Yoast SEO plugin. -->","yoast_head_json":{"title":"\ub300\ub450 \ub2e8\ubc31\uc9c8 - Hurtowy Dystrybutor","robots":{"index":"index","follow":"follow","max-snippet":"max-snippet:-1","max-image-preview":"max-image-preview:large","max-video-preview":"max-video-preview:-1"},"canonical":"https:\/\/naturalpoland.com\/ko\/je-pum\/sig-pum-won-ryo\/sig-mul-seong-dan-baek-jil\/%eb%8c%80%eb%91%90-%eb%8b%a8%eb%b0%b1%ec%a7%88\/","og_locale":"ko_KR","og_type":"article","og_title":"\ub300\ub450 \ub2e8\ubc31\uc9c8 - Hurtowy Dystrybutor","og_description":"\ub300\ub450 \ub2e8\ubc31\uc9c8\uc740 \uc6b0\uc218\ud55c \uc644\uc804 \uc2dd\ubb3c\uc131 \ub2e8\ubc31\uc9c8 \uacf5\uae09\uc6d0\uc73c\ub85c, BI(\ubd84\ub9ac \ub2e8\ubc31\uc9c8) \ubc84\uc804\uc5d0\uc11c\ub294 \ucd5c\ub300 90%, \uc77c\ubc18 \ubc84\uc804\uc5d0\uc11c\ub294 50%\uc758 \ub18d\ucd95\ub41c \ub2e8\ubc31\uc9c8 \ud568\ub7c9\uc744 \uc81c\uacf5\ud569\ub2c8\ub2e4.","og_url":"https:\/\/naturalpoland.com\/ko\/je-pum\/sig-pum-won-ryo\/sig-mul-seong-dan-baek-jil\/%eb%8c%80%eb%91%90-%eb%8b%a8%eb%b0%b1%ec%a7%88\/","og_site_name":"NATURAL POLAND - Hurtowy Dystrybutor Surowc\u00f3w","article_publisher":"https:\/\/www.facebook.com\/naturalpoland.b2b","article_modified_time":"2026-02-04T13:13:16+00:00","og_image":[{"width":650,"height":650,"url":"https:\/\/naturalpoland.com\/wp-content\/uploads\/bialko-sojowe.jpg","type":"image\/jpeg"}],"schema":{"@context":"https:\/\/schema.org","@graph":[{"@type":"WebPage","@id":"https:\/\/naturalpoland.com\/ko\/je-pum\/sig-pum-won-ryo\/sig-mul-seong-dan-baek-jil\/%eb%8c%80%eb%91%90-%eb%8b%a8%eb%b0%b1%ec%a7%88\/","url":"https:\/\/naturalpoland.com\/ko\/je-pum\/sig-pum-won-ryo\/sig-mul-seong-dan-baek-jil\/%eb%8c%80%eb%91%90-%eb%8b%a8%eb%b0%b1%ec%a7%88\/","name":"\ub300\ub450 \ub2e8\ubc31\uc9c8 - Hurtowy Dystrybutor","isPartOf":{"@id":"https:\/\/naturalpoland.com\/ko\/#website"},"primaryImageOfPage":{"@id":"https:\/\/naturalpoland.com\/ko\/je-pum\/sig-pum-won-ryo\/sig-mul-seong-dan-baek-jil\/%eb%8c%80%eb%91%90-%eb%8b%a8%eb%b0%b1%ec%a7%88\/#primaryimage"},"image":{"@id":"https:\/\/naturalpoland.com\/ko\/je-pum\/sig-pum-won-ryo\/sig-mul-seong-dan-baek-jil\/%eb%8c%80%eb%91%90-%eb%8b%a8%eb%b0%b1%ec%a7%88\/#primaryimage"},"thumbnailUrl":"https:\/\/naturalpoland.com\/wp-content\/uploads\/bialko-sojowe.jpg","datePublished":"2023-10-02T12:27:48+00:00","dateModified":"2026-02-04T13:13:16+00:00","breadcrumb":{"@id":"https:\/\/naturalpoland.com\/ko\/je-pum\/sig-pum-won-ryo\/sig-mul-seong-dan-baek-jil\/%eb%8c%80%eb%91%90-%eb%8b%a8%eb%b0%b1%ec%a7%88\/#breadcrumb"},"inLanguage":"ko-KR","potentialAction":[{"@type":"ReadAction","target":["https:\/\/naturalpoland.com\/ko\/je-pum\/sig-pum-won-ryo\/sig-mul-seong-dan-baek-jil\/%eb%8c%80%eb%91%90-%eb%8b%a8%eb%b0%b1%ec%a7%88\/"]}]},{"@type":"ImageObject","inLanguage":"ko-KR","@id":"https:\/\/naturalpoland.com\/ko\/je-pum\/sig-pum-won-ryo\/sig-mul-seong-dan-baek-jil\/%eb%8c%80%eb%91%90-%eb%8b%a8%eb%b0%b1%ec%a7%88\/#primaryimage","url":"https:\/\/naturalpoland.com\/wp-content\/uploads\/bialko-sojowe.jpg","contentUrl":"https:\/\/naturalpoland.com\/wp-content\/uploads\/bialko-sojowe.jpg","width":650,"height":650,"caption":"\ub300\ub450 \ub2e8\ubc31\uc9c8"},{"@type":"BreadcrumbList","@id":"https:\/\/naturalpoland.com\/ko\/je-pum\/sig-pum-won-ryo\/sig-mul-seong-dan-baek-jil\/%eb%8c%80%eb%91%90-%eb%8b%a8%eb%b0%b1%ec%a7%88\/#breadcrumb","itemListElement":[{"@type":"ListItem","position":1,"name":"\ud648","item":"https:\/\/naturalpoland.com\/ko\/"},{"@type":"ListItem","position":2,"name":"\uc81c\ud488","item":"https:\/\/naturalpoland.com\/ko\/%ec%a0%9c%ed%92%88\/"},{"@type":"ListItem","position":3,"name":"\ub300\ub450 \ub2e8\ubc31\uc9c8"}]},{"@type":"WebSite","@id":"https:\/\/naturalpoland.com\/ko\/#website","url":"https:\/\/naturalpoland.com\/ko\/","name":"NATURAL POLAND - Hurtowy Dystrybutor Surowc\u00f3w","description":"Surowce dla przemys\u0142u spo\u017cywczego, kosmetycznego i farmaceutycznego","publisher":{"@id":"https:\/\/naturalpoland.com\/ko\/#organization"},"potentialAction":[{"@type":"SearchAction","target":{"@type":"EntryPoint","urlTemplate":"https:\/\/naturalpoland.com\/ko\/?s={search_term_string}"},"query-input":{"@type":"PropertyValueSpecification","valueRequired":true,"valueName":"search_term_string"}}],"inLanguage":"ko-KR"},{"@type":"Organization","@id":"https:\/\/naturalpoland.com\/ko\/#organization","name":"Natural Poland","url":"https:\/\/naturalpoland.com\/ko\/","logo":{"@type":"ImageObject","inLanguage":"ko-KR","@id":"https:\/\/naturalpoland.com\/ko\/#\/schema\/logo\/image\/","url":"https:\/\/naturalpoland.com\/wp-content\/uploads\/2021\/05\/natural-poland-icon.png","contentUrl":"https:\/\/naturalpoland.com\/wp-content\/uploads\/2021\/05\/natural-poland-icon.png","width":512,"height":512,"caption":"Natural Poland"},"image":{"@id":"https:\/\/naturalpoland.com\/ko\/#\/schema\/logo\/image\/"},"sameAs":["https:\/\/www.facebook.com\/naturalpoland.b2b","https:\/\/pl.linkedin.com\/company\/natural-poland","https:\/\/www.youtube.com\/channel\/UCgeGGkvOMahZo-xu_MSEWxg"]}]}},"_links":{"self":[{"href":"https:\/\/naturalpoland.com\/ko\/wp-json\/wp\/v2\/product\/45612","targetHints":{"allow":["GET"]}}],"collection":[{"href":"https:\/\/naturalpoland.com\/ko\/wp-json\/wp\/v2\/product"}],"about":[{"href":"https:\/\/naturalpoland.com\/ko\/wp-json\/wp\/v2\/types\/product"}],"wp:featuredmedia":[{"embeddable":true,"href":"https:\/\/naturalpoland.com\/ko\/wp-json\/wp\/v2\/media\/45613"}],"wp:attachment":[{"href":"https:\/\/naturalpoland.com\/ko\/wp-json\/wp\/v2\/media?parent=45612"}],"wp:term":[{"taxonomy":"product_brand","embeddable":true,"href":"https:\/\/naturalpoland.com\/ko\/wp-json\/wp\/v2\/product_brand?post=45612"},{"taxonomy":"product_cat","embeddable":true,"href":"https:\/\/naturalpoland.com\/ko\/wp-json\/wp\/v2\/product_cat?post=45612"},{"taxonomy":"product_tag","embeddable":true,"href":"https:\/\/naturalpoland.com\/ko\/wp-json\/wp\/v2\/product_tag?post=45612"}],"curies":[{"name":"wp","href":"https:\/\/api.w.org\/{rel}","templated":true}]}}