{"id":45618,"date":"2023-10-02T11:24:26","date_gmt":"2023-10-02T09:24:26","guid":{"rendered":"https:\/\/naturalpoland.com\/produkty\/uncategorized\/%ed%95%b4%eb%b0%94%eb%9d%bc%ea%b8%b0-%eb%a0%88%ec%8b%9c%ed%8b%b4\/"},"modified":"2026-02-04T14:13:38","modified_gmt":"2026-02-04T13:13:38","slug":"%ed%95%b4%eb%b0%94%eb%9d%bc%ea%b8%b0-%eb%a0%88%ec%8b%9c%ed%8b%b4","status":"publish","type":"product","link":"https:\/\/naturalpoland.com\/ko\/je-pum\/sig-pum-won-ryo\/saeng-san-yong-won-ryo\/%ed%95%b4%eb%b0%94%eb%9d%bc%ea%b8%b0-%eb%a0%88%ec%8b%9c%ed%8b%b4\/","title":{"rendered":"\ud574\ubc14\ub77c\uae30 \ub808\uc2dc\ud2f4"},"content":{"rendered":"<h2>\ud574\ubc14\ub77c\uae30 \ub808\uc2dc\ud2f4 \uc0dd\uc0b0 \uacf5\uc815<\/h2>\n<p>\ud574\ubc14\ub77c\uae30 \ub808\uc2dc\ud2f4\uc740 \uc2dd\ubb3c\uc131 \uc6d0\ub8cc\uc778 \ud574\ubc14\ub77c\uae30 \uc6d0\uc720\uc5d0\uc11c \uc0dd\uc0b0\ub429\ub2c8\ub2e4. \uc0dd\uc0b0 \uacf5\uc815\uc740 \ud574\ubc14\ub77c\uae30 \uc528\uc5d0\uc11c \uc778\uc9c0\uc9c8\uc744 \ucd94\ucd9c\ud558\ub294 \uacfc\uc815\uc744 \ud3ec\ud568\ud558\uba70, \uc774\ub294 \ub192\uc740 \ud65c\uc131 \uc601\uc591\uc18c \ud568\ub7c9\uc744 \ubcf4\uc7a5\ud569\ub2c8\ub2e4. <\/p>\n<h2>\uc801\uc6a9<\/h2>\n<p><strong>\uc2dd\ud488 \uc0b0\uc5c5:<\/strong><\/p>\n<p>\ub9c8\uac00\ub9b0, \ucd08\ucf5c\ub9bf, \ube75, \uc720\uc81c\ud488 \ub4f1 \uc2dd\ud488 \uc0dd\uc0b0\uc5d0\uc11c \ucc9c\uc5f0 \uc720\ud654\uc81c \ubc0f \uc548\uc815\uc81c\ub85c \ud65c\uc6a9\ub429\ub2c8\ub2e4. \uade0\uc77c\ud55c \uc9c8\uac10\uc744 \uc720\uc9c0\ud558\uace0 \uc131\ubd84 \ubd84\ub9ac\ub97c \ubc29\uc9c0\ud558\ub294 \ub370 \ub3c4\uc6c0\uc744 \uc90d\ub2c8\ub2e4. <\/p>\n<p><strong>\uc81c\uc57d \uc0b0\uc5c5:<\/strong><\/p>\n<p>\ud574\ubc14\ub77c\uae30 \ub808\uc2dc\ud2f4\uc740 \ub1cc, \uc2ec\uc7a5, \uac04 \uac74\uac15\uc744 \uc9c0\uc6d0\ud558\ub294 \ub9ce\uc740 \uac74\uac15 \ubcf4\uc870 \uc2dd\ud488 \ubc0f \uc758\uc57d\ud488\uc758 \uc131\ubd84\uc785\ub2c8\ub2e4.<\/p>\n<p><strong>\ud654\uc7a5\ud488 \uc0b0\uc5c5:<\/strong><\/p>\n<p>\ubcf4\uc2b5 \ubc0f \uc601\uc591 \ud2b9\uc131 \ub355\ubd84\uc5d0 \ud574\ubc14\ub77c\uae30 \ub808\uc2dc\ud2f4\uc740 \ud06c\ub9bc, \ub85c\uc158, \uc0f4\ud478 \ubc0f \uae30\ud0c0 \ud53c\ubd80 \ubc0f \ubaa8\ubc1c \uad00\ub9ac \uc81c\ud488\uc5d0 \uc0ac\uc6a9\ub429\ub2c8\ub2e4. \uc138\ud3ec \uc218\uc900\uc5d0\uc11c \uc7ac\uc0dd \uacfc\uc815\uc744 \uc9c0\uc6d0\ud558\uc5ec \ud53c\ubd80\ub97c \ucd09\ucd09\ud558\uace0 \ud0c4\ub825 \uc788\uc73c\uba70 \uac74\uac15\ud558\uac8c \uc720\uc9c0\ud558\ub294 \ub370 \ub3c4\uc6c0\uc744 \uc90d\ub2c8\ub2e4. <\/p>\n","protected":false},"excerpt":{"rendered":"<p><span class=\"ui-provider a b c d e f g h i j k l m n o p q r s t u v w x y z ab ac ae af ag ah ai aj ak\" dir=\"ltr\">\ud574\ubc14\ub77c\uae30 \uc528\uc5d0\uc11c \ucd94\ucd9c\ud55c \ud574\ubc14\ub77c\uae30 \ub808\uc2dc\ud2f4\uc740 \uc54c\ub808\ub974\uae30 \uc720\ubc1c \ubb3c\uc9c8\uc774 \uc5c6\ub294 \ub300\ub450 \ub808\uc2dc\ud2f4\uc758 \ub300\uc548\uc785\ub2c8\ub2e4. <strong>E322<\/strong>\ub85c\ub3c4 \uc54c\ub824\uc838 \uc788\uc2b5\ub2c8\ub2e4. <\/span><\/p>\n","protected":false},"featured_media":45619,"template":"","meta":{"_acf_changed":false},"product_brand":[],"product_cat":[8175,8160],"product_tag":[],"class_list":{"0":"post-45618","1":"product","2":"type-product","3":"status-publish","4":"has-post-thumbnail","6":"product_cat-saeng-san-yong-won-ryo","7":"product_cat-hwa-jang-pum-won-ryo-ko","8":"pa_grupa-substancji-9095","9":"pa_grupa-substancji-8927","11":"first","12":"instock","13":"shipping-taxable","14":"product-type-simple"},"acf":[],"yoast_head":"<!-- This site is optimized with the Yoast SEO plugin v27.5 - https:\/\/yoast.com\/product\/yoast-seo-wordpress\/ -->\n<title>NATURAL POLAND &#8211; Hurtowy Dystrybutor Surowc\u00f3w<\/title>\n<meta name=\"description\" content=\"\ud574\ubc14\ub77c\uae30 \uc528\uc5d0\uc11c \ucd94\ucd9c\ud55c \ud574\ubc14\ub77c\uae30 \ub808\uc2dc\ud2f4\uc740 \ub300\ub450 \ub808\uc2dc\ud2f4\uc758 \ub300\uc548\uc785\ub2c8\ub2e4. \uc2dd\ud488 \ubc0f \ud654\uc7a5\ud488\uc5d0 \uc0ac\uc6a9\ub429\ub2c8\ub2e4.\" \/>\n<meta name=\"robots\" content=\"index, follow, max-snippet:-1, max-image-preview:large, max-video-preview:-1\" \/>\n<link rel=\"canonical\" href=\"https:\/\/naturalpoland.com\/ko\/je-pum\/sig-pum-won-ryo\/saeng-san-yong-won-ryo\/%ed%95%b4%eb%b0%94%eb%9d%bc%ea%b8%b0-%eb%a0%88%ec%8b%9c%ed%8b%b4\/\" \/>\n<meta property=\"og:locale\" content=\"ko_KR\" \/>\n<meta property=\"og:type\" content=\"article\" \/>\n<meta property=\"og:description\" content=\"\ud574\ubc14\ub77c\uae30 \uc528\uc5d0\uc11c \ucd94\ucd9c\ud55c \ud574\ubc14\ub77c\uae30 \ub808\uc2dc\ud2f4\uc740 \ub300\ub450 \ub808\uc2dc\ud2f4\uc758 \ub300\uc548\uc785\ub2c8\ub2e4. \uc2dd\ud488 \ubc0f \ud654\uc7a5\ud488\uc5d0 \uc0ac\uc6a9\ub429\ub2c8\ub2e4.\" \/>\n<meta property=\"og:url\" content=\"https:\/\/naturalpoland.com\/ko\/je-pum\/sig-pum-won-ryo\/saeng-san-yong-won-ryo\/%ed%95%b4%eb%b0%94%eb%9d%bc%ea%b8%b0-%eb%a0%88%ec%8b%9c%ed%8b%b4\/\" \/>\n<meta property=\"og:site_name\" content=\"NATURAL POLAND - Hurtowy Dystrybutor Surowc\u00f3w\" \/>\n<meta property=\"article:publisher\" content=\"https:\/\/www.facebook.com\/naturalpoland.b2b\" \/>\n<meta property=\"article:modified_time\" content=\"2026-02-04T13:13:38+00:00\" \/>\n<meta property=\"og:image\" content=\"https:\/\/naturalpoland.com\/wp-content\/uploads\/lecytyna-slonecznikowa.jpg\" \/>\n\t<meta property=\"og:image:width\" content=\"650\" \/>\n\t<meta property=\"og:image:height\" content=\"650\" \/>\n\t<meta property=\"og:image:type\" content=\"image\/jpeg\" \/>\n<script type=\"application\/ld+json\" class=\"yoast-schema-graph\">{\"@context\":\"https:\\\/\\\/schema.org\",\"@graph\":[{\"@type\":\"WebPage\",\"@id\":\"https:\\\/\\\/naturalpoland.com\\\/ko\\\/je-pum\\\/sig-pum-won-ryo\\\/saeng-san-yong-won-ryo\\\/%ed%95%b4%eb%b0%94%eb%9d%bc%ea%b8%b0-%eb%a0%88%ec%8b%9c%ed%8b%b4\\\/\",\"url\":\"https:\\\/\\\/naturalpoland.com\\\/ko\\\/je-pum\\\/sig-pum-won-ryo\\\/saeng-san-yong-won-ryo\\\/%ed%95%b4%eb%b0%94%eb%9d%bc%ea%b8%b0-%eb%a0%88%ec%8b%9c%ed%8b%b4\\\/\",\"name\":\"\",\"isPartOf\":{\"@id\":\"https:\\\/\\\/naturalpoland.com\\\/ko\\\/#website\"},\"primaryImageOfPage\":{\"@id\":\"https:\\\/\\\/naturalpoland.com\\\/ko\\\/je-pum\\\/sig-pum-won-ryo\\\/saeng-san-yong-won-ryo\\\/%ed%95%b4%eb%b0%94%eb%9d%bc%ea%b8%b0-%eb%a0%88%ec%8b%9c%ed%8b%b4\\\/#primaryimage\"},\"image\":{\"@id\":\"https:\\\/\\\/naturalpoland.com\\\/ko\\\/je-pum\\\/sig-pum-won-ryo\\\/saeng-san-yong-won-ryo\\\/%ed%95%b4%eb%b0%94%eb%9d%bc%ea%b8%b0-%eb%a0%88%ec%8b%9c%ed%8b%b4\\\/#primaryimage\"},\"thumbnailUrl\":\"https:\\\/\\\/naturalpoland.com\\\/wp-content\\\/uploads\\\/lecytyna-slonecznikowa.jpg\",\"datePublished\":\"2023-10-02T09:24:26+00:00\",\"dateModified\":\"2026-02-04T13:13:38+00:00\",\"description\":\"\ud574\ubc14\ub77c\uae30 \uc528\uc5d0\uc11c \ucd94\ucd9c\ud55c \ud574\ubc14\ub77c\uae30 \ub808\uc2dc\ud2f4\uc740 \ub300\ub450 \ub808\uc2dc\ud2f4\uc758 \ub300\uc548\uc785\ub2c8\ub2e4. \uc2dd\ud488 \ubc0f \ud654\uc7a5\ud488\uc5d0 \uc0ac\uc6a9\ub429\ub2c8\ub2e4.\",\"breadcrumb\":{\"@id\":\"https:\\\/\\\/naturalpoland.com\\\/ko\\\/je-pum\\\/sig-pum-won-ryo\\\/saeng-san-yong-won-ryo\\\/%ed%95%b4%eb%b0%94%eb%9d%bc%ea%b8%b0-%eb%a0%88%ec%8b%9c%ed%8b%b4\\\/#breadcrumb\"},\"inLanguage\":\"ko-KR\",\"potentialAction\":[{\"@type\":\"ReadAction\",\"target\":[\"https:\\\/\\\/naturalpoland.com\\\/ko\\\/je-pum\\\/sig-pum-won-ryo\\\/saeng-san-yong-won-ryo\\\/%ed%95%b4%eb%b0%94%eb%9d%bc%ea%b8%b0-%eb%a0%88%ec%8b%9c%ed%8b%b4\\\/\"]}]},{\"@type\":\"ImageObject\",\"inLanguage\":\"ko-KR\",\"@id\":\"https:\\\/\\\/naturalpoland.com\\\/ko\\\/je-pum\\\/sig-pum-won-ryo\\\/saeng-san-yong-won-ryo\\\/%ed%95%b4%eb%b0%94%eb%9d%bc%ea%b8%b0-%eb%a0%88%ec%8b%9c%ed%8b%b4\\\/#primaryimage\",\"url\":\"https:\\\/\\\/naturalpoland.com\\\/wp-content\\\/uploads\\\/lecytyna-slonecznikowa.jpg\",\"contentUrl\":\"https:\\\/\\\/naturalpoland.com\\\/wp-content\\\/uploads\\\/lecytyna-slonecznikowa.jpg\",\"width\":650,\"height\":650,\"caption\":\"\ud574\ubc14\ub77c\uae30 \ub808\uc2dc\ud2f4\"},{\"@type\":\"BreadcrumbList\",\"@id\":\"https:\\\/\\\/naturalpoland.com\\\/ko\\\/je-pum\\\/sig-pum-won-ryo\\\/saeng-san-yong-won-ryo\\\/%ed%95%b4%eb%b0%94%eb%9d%bc%ea%b8%b0-%eb%a0%88%ec%8b%9c%ed%8b%b4\\\/#breadcrumb\",\"itemListElement\":[{\"@type\":\"ListItem\",\"position\":1,\"name\":\"\ud648\",\"item\":\"https:\\\/\\\/naturalpoland.com\\\/ko\\\/\"},{\"@type\":\"ListItem\",\"position\":2,\"name\":\"\uc81c\ud488\",\"item\":\"https:\\\/\\\/naturalpoland.com\\\/ko\\\/%ec%a0%9c%ed%92%88\\\/\"},{\"@type\":\"ListItem\",\"position\":3,\"name\":\"\ud574\ubc14\ub77c\uae30 \ub808\uc2dc\ud2f4\"}]},{\"@type\":\"WebSite\",\"@id\":\"https:\\\/\\\/naturalpoland.com\\\/ko\\\/#website\",\"url\":\"https:\\\/\\\/naturalpoland.com\\\/ko\\\/\",\"name\":\"NATURAL POLAND - Hurtowy Dystrybutor Surowc\u00f3w\",\"description\":\"Surowce dla przemys\u0142u spo\u017cywczego, kosmetycznego i farmaceutycznego\",\"publisher\":{\"@id\":\"https:\\\/\\\/naturalpoland.com\\\/ko\\\/#organization\"},\"potentialAction\":[{\"@type\":\"SearchAction\",\"target\":{\"@type\":\"EntryPoint\",\"urlTemplate\":\"https:\\\/\\\/naturalpoland.com\\\/ko\\\/?s={search_term_string}\"},\"query-input\":{\"@type\":\"PropertyValueSpecification\",\"valueRequired\":true,\"valueName\":\"search_term_string\"}}],\"inLanguage\":\"ko-KR\"},{\"@type\":\"Organization\",\"@id\":\"https:\\\/\\\/naturalpoland.com\\\/ko\\\/#organization\",\"name\":\"Natural Poland\",\"url\":\"https:\\\/\\\/naturalpoland.com\\\/ko\\\/\",\"logo\":{\"@type\":\"ImageObject\",\"inLanguage\":\"ko-KR\",\"@id\":\"https:\\\/\\\/naturalpoland.com\\\/ko\\\/#\\\/schema\\\/logo\\\/image\\\/\",\"url\":\"https:\\\/\\\/naturalpoland.com\\\/wp-content\\\/uploads\\\/2021\\\/05\\\/natural-poland-icon.png\",\"contentUrl\":\"https:\\\/\\\/naturalpoland.com\\\/wp-content\\\/uploads\\\/2021\\\/05\\\/natural-poland-icon.png\",\"width\":512,\"height\":512,\"caption\":\"Natural Poland\"},\"image\":{\"@id\":\"https:\\\/\\\/naturalpoland.com\\\/ko\\\/#\\\/schema\\\/logo\\\/image\\\/\"},\"sameAs\":[\"https:\\\/\\\/www.facebook.com\\\/naturalpoland.b2b\",\"https:\\\/\\\/pl.linkedin.com\\\/company\\\/natural-poland\",\"https:\\\/\\\/www.youtube.com\\\/channel\\\/UCgeGGkvOMahZo-xu_MSEWxg\"]}]}<\/script>\n<!-- \/ Yoast SEO plugin. -->","yoast_head_json":{"title":"NATURAL POLAND &#8211; Hurtowy Dystrybutor Surowc\u00f3w","description":"\ud574\ubc14\ub77c\uae30 \uc528\uc5d0\uc11c \ucd94\ucd9c\ud55c \ud574\ubc14\ub77c\uae30 \ub808\uc2dc\ud2f4\uc740 \ub300\ub450 \ub808\uc2dc\ud2f4\uc758 \ub300\uc548\uc785\ub2c8\ub2e4. \uc2dd\ud488 \ubc0f \ud654\uc7a5\ud488\uc5d0 \uc0ac\uc6a9\ub429\ub2c8\ub2e4.","robots":{"index":"index","follow":"follow","max-snippet":"max-snippet:-1","max-image-preview":"max-image-preview:large","max-video-preview":"max-video-preview:-1"},"canonical":"https:\/\/naturalpoland.com\/ko\/je-pum\/sig-pum-won-ryo\/saeng-san-yong-won-ryo\/%ed%95%b4%eb%b0%94%eb%9d%bc%ea%b8%b0-%eb%a0%88%ec%8b%9c%ed%8b%b4\/","og_locale":"ko_KR","og_type":"article","og_description":"\ud574\ubc14\ub77c\uae30 \uc528\uc5d0\uc11c \ucd94\ucd9c\ud55c \ud574\ubc14\ub77c\uae30 \ub808\uc2dc\ud2f4\uc740 \ub300\ub450 \ub808\uc2dc\ud2f4\uc758 \ub300\uc548\uc785\ub2c8\ub2e4. \uc2dd\ud488 \ubc0f \ud654\uc7a5\ud488\uc5d0 \uc0ac\uc6a9\ub429\ub2c8\ub2e4.","og_url":"https:\/\/naturalpoland.com\/ko\/je-pum\/sig-pum-won-ryo\/saeng-san-yong-won-ryo\/%ed%95%b4%eb%b0%94%eb%9d%bc%ea%b8%b0-%eb%a0%88%ec%8b%9c%ed%8b%b4\/","og_site_name":"NATURAL POLAND - Hurtowy Dystrybutor Surowc\u00f3w","article_publisher":"https:\/\/www.facebook.com\/naturalpoland.b2b","article_modified_time":"2026-02-04T13:13:38+00:00","og_image":[{"width":650,"height":650,"url":"https:\/\/naturalpoland.com\/wp-content\/uploads\/lecytyna-slonecznikowa.jpg","type":"image\/jpeg"}],"schema":{"@context":"https:\/\/schema.org","@graph":[{"@type":"WebPage","@id":"https:\/\/naturalpoland.com\/ko\/je-pum\/sig-pum-won-ryo\/saeng-san-yong-won-ryo\/%ed%95%b4%eb%b0%94%eb%9d%bc%ea%b8%b0-%eb%a0%88%ec%8b%9c%ed%8b%b4\/","url":"https:\/\/naturalpoland.com\/ko\/je-pum\/sig-pum-won-ryo\/saeng-san-yong-won-ryo\/%ed%95%b4%eb%b0%94%eb%9d%bc%ea%b8%b0-%eb%a0%88%ec%8b%9c%ed%8b%b4\/","name":"","isPartOf":{"@id":"https:\/\/naturalpoland.com\/ko\/#website"},"primaryImageOfPage":{"@id":"https:\/\/naturalpoland.com\/ko\/je-pum\/sig-pum-won-ryo\/saeng-san-yong-won-ryo\/%ed%95%b4%eb%b0%94%eb%9d%bc%ea%b8%b0-%eb%a0%88%ec%8b%9c%ed%8b%b4\/#primaryimage"},"image":{"@id":"https:\/\/naturalpoland.com\/ko\/je-pum\/sig-pum-won-ryo\/saeng-san-yong-won-ryo\/%ed%95%b4%eb%b0%94%eb%9d%bc%ea%b8%b0-%eb%a0%88%ec%8b%9c%ed%8b%b4\/#primaryimage"},"thumbnailUrl":"https:\/\/naturalpoland.com\/wp-content\/uploads\/lecytyna-slonecznikowa.jpg","datePublished":"2023-10-02T09:24:26+00:00","dateModified":"2026-02-04T13:13:38+00:00","description":"\ud574\ubc14\ub77c\uae30 \uc528\uc5d0\uc11c \ucd94\ucd9c\ud55c \ud574\ubc14\ub77c\uae30 \ub808\uc2dc\ud2f4\uc740 \ub300\ub450 \ub808\uc2dc\ud2f4\uc758 \ub300\uc548\uc785\ub2c8\ub2e4. \uc2dd\ud488 \ubc0f \ud654\uc7a5\ud488\uc5d0 \uc0ac\uc6a9\ub429\ub2c8\ub2e4.","breadcrumb":{"@id":"https:\/\/naturalpoland.com\/ko\/je-pum\/sig-pum-won-ryo\/saeng-san-yong-won-ryo\/%ed%95%b4%eb%b0%94%eb%9d%bc%ea%b8%b0-%eb%a0%88%ec%8b%9c%ed%8b%b4\/#breadcrumb"},"inLanguage":"ko-KR","potentialAction":[{"@type":"ReadAction","target":["https:\/\/naturalpoland.com\/ko\/je-pum\/sig-pum-won-ryo\/saeng-san-yong-won-ryo\/%ed%95%b4%eb%b0%94%eb%9d%bc%ea%b8%b0-%eb%a0%88%ec%8b%9c%ed%8b%b4\/"]}]},{"@type":"ImageObject","inLanguage":"ko-KR","@id":"https:\/\/naturalpoland.com\/ko\/je-pum\/sig-pum-won-ryo\/saeng-san-yong-won-ryo\/%ed%95%b4%eb%b0%94%eb%9d%bc%ea%b8%b0-%eb%a0%88%ec%8b%9c%ed%8b%b4\/#primaryimage","url":"https:\/\/naturalpoland.com\/wp-content\/uploads\/lecytyna-slonecznikowa.jpg","contentUrl":"https:\/\/naturalpoland.com\/wp-content\/uploads\/lecytyna-slonecznikowa.jpg","width":650,"height":650,"caption":"\ud574\ubc14\ub77c\uae30 \ub808\uc2dc\ud2f4"},{"@type":"BreadcrumbList","@id":"https:\/\/naturalpoland.com\/ko\/je-pum\/sig-pum-won-ryo\/saeng-san-yong-won-ryo\/%ed%95%b4%eb%b0%94%eb%9d%bc%ea%b8%b0-%eb%a0%88%ec%8b%9c%ed%8b%b4\/#breadcrumb","itemListElement":[{"@type":"ListItem","position":1,"name":"\ud648","item":"https:\/\/naturalpoland.com\/ko\/"},{"@type":"ListItem","position":2,"name":"\uc81c\ud488","item":"https:\/\/naturalpoland.com\/ko\/%ec%a0%9c%ed%92%88\/"},{"@type":"ListItem","position":3,"name":"\ud574\ubc14\ub77c\uae30 \ub808\uc2dc\ud2f4"}]},{"@type":"WebSite","@id":"https:\/\/naturalpoland.com\/ko\/#website","url":"https:\/\/naturalpoland.com\/ko\/","name":"NATURAL POLAND - Hurtowy Dystrybutor Surowc\u00f3w","description":"Surowce dla przemys\u0142u spo\u017cywczego, kosmetycznego i farmaceutycznego","publisher":{"@id":"https:\/\/naturalpoland.com\/ko\/#organization"},"potentialAction":[{"@type":"SearchAction","target":{"@type":"EntryPoint","urlTemplate":"https:\/\/naturalpoland.com\/ko\/?s={search_term_string}"},"query-input":{"@type":"PropertyValueSpecification","valueRequired":true,"valueName":"search_term_string"}}],"inLanguage":"ko-KR"},{"@type":"Organization","@id":"https:\/\/naturalpoland.com\/ko\/#organization","name":"Natural Poland","url":"https:\/\/naturalpoland.com\/ko\/","logo":{"@type":"ImageObject","inLanguage":"ko-KR","@id":"https:\/\/naturalpoland.com\/ko\/#\/schema\/logo\/image\/","url":"https:\/\/naturalpoland.com\/wp-content\/uploads\/2021\/05\/natural-poland-icon.png","contentUrl":"https:\/\/naturalpoland.com\/wp-content\/uploads\/2021\/05\/natural-poland-icon.png","width":512,"height":512,"caption":"Natural Poland"},"image":{"@id":"https:\/\/naturalpoland.com\/ko\/#\/schema\/logo\/image\/"},"sameAs":["https:\/\/www.facebook.com\/naturalpoland.b2b","https:\/\/pl.linkedin.com\/company\/natural-poland","https:\/\/www.youtube.com\/channel\/UCgeGGkvOMahZo-xu_MSEWxg"]}]}},"_links":{"self":[{"href":"https:\/\/naturalpoland.com\/ko\/wp-json\/wp\/v2\/product\/45618","targetHints":{"allow":["GET"]}}],"collection":[{"href":"https:\/\/naturalpoland.com\/ko\/wp-json\/wp\/v2\/product"}],"about":[{"href":"https:\/\/naturalpoland.com\/ko\/wp-json\/wp\/v2\/types\/product"}],"wp:featuredmedia":[{"embeddable":true,"href":"https:\/\/naturalpoland.com\/ko\/wp-json\/wp\/v2\/media\/45619"}],"wp:attachment":[{"href":"https:\/\/naturalpoland.com\/ko\/wp-json\/wp\/v2\/media?parent=45618"}],"wp:term":[{"taxonomy":"product_brand","embeddable":true,"href":"https:\/\/naturalpoland.com\/ko\/wp-json\/wp\/v2\/product_brand?post=45618"},{"taxonomy":"product_cat","embeddable":true,"href":"https:\/\/naturalpoland.com\/ko\/wp-json\/wp\/v2\/product_cat?post=45618"},{"taxonomy":"product_tag","embeddable":true,"href":"https:\/\/naturalpoland.com\/ko\/wp-json\/wp\/v2\/product_tag?post=45618"}],"curies":[{"name":"wp","href":"https:\/\/api.w.org\/{rel}","templated":true}]}}