{"id":45652,"date":"2021-05-11T13:49:47","date_gmt":"2021-05-11T11:49:47","guid":{"rendered":"https:\/\/naturalpoland.com\/produkty\/uncategorized\/%eb%a0%88%eb%aa%ac%ec%94%a8-%ec%98%a4%ec%9d%bc\/"},"modified":"2026-02-05T11:26:57","modified_gmt":"2026-02-05T10:26:57","slug":"%eb%a0%88%eb%aa%ac%ec%94%a8-%ec%98%a4%ec%9d%bc","status":"publish","type":"product","link":"https:\/\/naturalpoland.com\/ko\/je-pum\/sig-yong-mit-hwa-jang-pum-yong-o-il\/%eb%a0%88%eb%aa%ac%ec%94%a8-%ec%98%a4%ec%9d%bc\/","title":{"rendered":"\ub808\ubaac\uc528 \uc624\uc77c"},"content":{"rendered":"<h2>\ub808\ubaac\uc528 \uc624\uc77c\uc758 \ud2b9\uc131<\/h2>\n<p>\ub808\ubaac\uc528 \uc624\uc77c\uc740 \ube44\ud0c0\ubbfc C, \uc9c0\ubc29\uc0b0 \ubc0f \ud56d\uc0b0\ud654 \ubb3c\uc9c8\uc774 \ud48d\ubd80\ud569\ub2c8\ub2e4. \uc774 \uc131\ubd84\ub4e4\uc740 \ud53c\ubd80, \ubaa8\ubc1c, \uc190\ud1b1\uc758 \uac74\uac15\uc744 \uc9c0\uc6d0\ud558\uba70, \uc801\uc808\ud55c \uc601\uc591 \uacf5\uae09\uacfc \ud65c\uc131\uc0b0\uc18c\ub85c\ubd80\ud130\uc758 \ubcf4\ud638\ub97c \uc81c\uacf5\ud569\ub2c8\ub2e4. \ub192\uc740 \ube44\ud0c0\ubbfc C \ub18d\ub3c4 \ub355\ubd84\uc5d0 \uc774 \uc624\uc77c\uc740 \ud53c\ubd80\uc5d0 \ud1a0\ub2dd \ubc0f \ubbf8\ubc31 \ud6a8\uacfc\ub97c \uc90d\ub2c8\ub2e4. \uafb8\uc900\ud788 \uc0ac\uc6a9\ud558\uba74 \ud53c\ubd80 \ud1a4\uc744 \uade0\uc77c\ud558\uac8c \ud558\uace0, \uc0c9\uc18c\uce68\ucc29\uacfc \uc8fc\uadfc\uae68\uc758 \uac00\uc2dc\uc131\uc744 \uc904\uc774\uba70, \ud53c\ubd80\uc5d0 \uac74\uac15\ud55c \uad11\ucc44\ub97c \ubd80\uc5ec\ud558\ub294 \ub370 \ub3c4\uc6c0\uc774 \ub429\ub2c8\ub2e4.   <\/p>\n<p>\uc624\uc77c\uc5d0 \ud568\uc720\ub41c \ud56d\uc0b0\ud654 \ubb3c\uc9c8\uc740 \ud65c\uc131\uc0b0\uc18c\ub97c \uc911\ud654\uc2dc\ucf1c \ud6a8\uacfc\uc801\uc778 \uc548\ud2f0\uc5d0\uc774\uc9d5 \uc81c\ud488 \uc131\ubd84\uc774 \ub429\ub2c8\ub2e4. \uc8fc\ub984 \uac10\uc18c\uc5d0 \ub3c4\uc6c0\uc744 \uc8fc\uace0 \ud53c\ubd80\uc758 \uc870\uae30 \ub178\ud654\ub97c \ubc29\uc9c0\ud569\ub2c8\ub2e4. \ub610\ud55c \uc774 \uc624\uc77c\uc740 \uc190\ud1b1\uc758 \uac15\ub3c4\uc640 \uacbd\ub3c4\ub97c \ub192\uc5ec \ubd80\ub7ec\uc9d0\uc744 \ubc29\uc9c0\ud569\ub2c8\ub2e4. \ubaa8\ubc1c\uc5d0 \uc0ac\uc6a9\ud558\uba74 \ubaa8\ubc1c \uad6c\uc870\ub97c \uac15\ud654\ud558\uace0 \uad11\ucc44\ub97c \ubd80\uc5ec\ud558\uba70 \uc7ac\uc0dd\uc744 \ub3d5\uc2b5\ub2c8\ub2e4.   <\/p>\n<h2>\uc801\uc6a9<\/h2>\n<p>\ub808\ubaac\uc528 \uc624\uc77c\uc740 \ud53c\ubd80 \ubbf8\ubc31, \uc0c9\uc18c\uce68\ucc29 \uac10\uc18c \ubc0f \uc548\ud2f0\uc5d0\uc774\uc9d5 \ud6a8\uacfc\ub97c \ubaa9\ud45c\ub85c \ud558\ub294 \ud06c\ub9bc, \uc138\ub7fc, \ud1a0\ub108, \ud398\uc774\uc2a4 \ub9c8\uc2a4\ud06c\uc758 \uc131\ubd84\uc73c\ub85c \uc0ac\uc6a9\ub429\ub2c8\ub2e4.<\/p>\n<p>\ub610\ud55c \uc0f4\ud478, \ucee8\ub514\uc154\ub108, \ud5e4\uc5b4 \ub9c8\uc2a4\ud06c\uc5d0 \ucca8\uac00\ud558\uc5ec \ubaa8\ubc1c \uc7ac\uc0dd \ubc0f \uac15\ud654\uc5d0 \ub3c4\uc6c0\uc744 \uc8fc\uace0 \uac74\uac15\ud55c \uad11\ucc44\ub97c \ubd80\uc5ec\ud558\uba70 \uc190\uc0c1\uc73c\ub85c\ubd80\ud130 \ubcf4\ud638\ud560 \uc218 \uc788\uc2b5\ub2c8\ub2e4.<\/p>\n<p>\uc774 \uc624\uc77c\uc740 \uc190\ud1b1\uc5d0 \uc9c1\uc811 \uc0ac\uc6a9\ud558\uc5ec \uac15\ub3c4\ub97c \ub192\uc774\uace0 \ubd80\ub7ec\uc9d0\uc744 \ubc29\uc9c0\ud560 \uc218 \uc788\uc2b5\ub2c8\ub2e4. \ud578\ub4dc \ubc0f \ud48b \ubc24\uc5d0\ub3c4 \ud6cc\ub96d\ud55c \ucca8\uac00\uc81c\uc785\ub2c8\ub2e4. <\/p>\n<p>\ub808\ubaac\uc528 \uc624\uc77c\uc740 \ubaa9\uc695 \ucca8\uac00\uc81c\ub85c\ub3c4 \uc0ac\uc6a9\ub420 \uc218 \uc788\uc73c\uba70, \ud53c\ubd80\uc5d0 \ud3b8\uc548\ud568\uacfc \uc0c1\ucf8c\ud568\uc744 \uc120\uc0ac\ud569\ub2c8\ub2e4. \ub610\ud55c \uc8fd\uc740 \ud53c\ubd80 \uc138\ud3ec\ub97c \uac01\uc9c8 \uc81c\uac70\ud558\uace0 \ud53c\ubd80 \uacb0\uc744 \uac1c\uc120\ud558\ub294 \ucc9c\uc5f0 \ud544\ub9c1\uc758 \ud6a8\uacfc\uc801\uc778 \uc131\ubd84\uc785\ub2c8\ub2e4. <\/p>\n","protected":false},"excerpt":{"rendered":"<p>\ub808\ubaac\uc528 \uc624\uc77c(<em>Citrus limon seed oil<\/em>)\uc740 \uc2dd\ud488, \uc758\uc57d\ud488, \ud654\uc7a5\ud488 \ub4f1 \ub2e4\uc591\ud55c \uc0b0\uc5c5\uc5d0\uc11c \ud65c\uc6a9\ub418\ub294 \ud76c\uadc0\ud558\uace0 \uadc0\uc911\ud55c \uc81c\ud488\uc785\ub2c8\ub2e4.<\/p>\n","protected":false},"featured_media":45654,"template":"","meta":{"_acf_changed":false},"product_brand":[],"product_cat":[8135],"product_tag":[],"class_list":{"0":"post-45652","1":"product","2":"type-product","3":"status-publish","4":"has-post-thumbnail","6":"product_cat-sig-yong-mit-hwa-jang-pum-yong-o-il","7":"pa_grupa-substancji-10493","9":"first","10":"instock","11":"shipping-taxable","12":"product-type-simple"},"acf":[],"yoast_head":"<!-- This site is optimized with the Yoast SEO plugin v27.5 - https:\/\/yoast.com\/product\/yoast-seo-wordpress\/ -->\n<title>NATURAL POLAND &#8211; Hurtowy Dystrybutor Surowc\u00f3w<\/title>\n<meta name=\"description\" content=\"\ub808\ubaac\uc528 \uc624\uc77c\uc740 \ud53c\ubd80, \ubaa8\ubc1c, \uc190\ud1b1\uc5d0 \ub2e4\uc591\ud55c \uc774\uc810\uc744 \uc81c\uacf5\ud558\ub294 \ub2e4\uc7ac\ub2e4\ub2a5\ud55c \ud654\uc7a5\ud488 \ubc0f \uc758\uc57d\ud488 \uc131\ubd84\uc785\ub2c8\ub2e4.\" \/>\n<meta name=\"robots\" content=\"index, follow, max-snippet:-1, max-image-preview:large, max-video-preview:-1\" \/>\n<link rel=\"canonical\" href=\"https:\/\/naturalpoland.com\/ko\/je-pum\/sig-yong-mit-hwa-jang-pum-yong-o-il\/%eb%a0%88%eb%aa%ac%ec%94%a8-%ec%98%a4%ec%9d%bc\/\" \/>\n<meta property=\"og:locale\" content=\"ko_KR\" \/>\n<meta property=\"og:type\" content=\"article\" \/>\n<meta property=\"og:description\" content=\"\ub808\ubaac\uc528 \uc624\uc77c\uc740 \ud53c\ubd80, \ubaa8\ubc1c, \uc190\ud1b1\uc5d0 \ub2e4\uc591\ud55c \uc774\uc810\uc744 \uc81c\uacf5\ud558\ub294 \ub2e4\uc7ac\ub2e4\ub2a5\ud55c \ud654\uc7a5\ud488 \ubc0f \uc758\uc57d\ud488 \uc131\ubd84\uc785\ub2c8\ub2e4.\" \/>\n<meta property=\"og:url\" content=\"https:\/\/naturalpoland.com\/ko\/je-pum\/sig-yong-mit-hwa-jang-pum-yong-o-il\/%eb%a0%88%eb%aa%ac%ec%94%a8-%ec%98%a4%ec%9d%bc\/\" \/>\n<meta property=\"og:site_name\" content=\"NATURAL POLAND - Hurtowy Dystrybutor Surowc\u00f3w\" \/>\n<meta property=\"article:publisher\" content=\"https:\/\/www.facebook.com\/naturalpoland.b2b\" \/>\n<meta property=\"article:modified_time\" content=\"2026-02-05T10:26:57+00:00\" \/>\n<meta property=\"og:image\" content=\"https:\/\/naturalpoland.com\/wp-content\/uploads\/olej-z-nasion-cytryny.webp\" \/>\n\t<meta property=\"og:image:width\" content=\"609\" \/>\n\t<meta property=\"og:image:height\" content=\"609\" \/>\n\t<meta property=\"og:image:type\" content=\"image\/webp\" \/>\n<script type=\"application\/ld+json\" class=\"yoast-schema-graph\">{\"@context\":\"https:\\\/\\\/schema.org\",\"@graph\":[{\"@type\":\"WebPage\",\"@id\":\"https:\\\/\\\/naturalpoland.com\\\/ko\\\/je-pum\\\/sig-yong-mit-hwa-jang-pum-yong-o-il\\\/%eb%a0%88%eb%aa%ac%ec%94%a8-%ec%98%a4%ec%9d%bc\\\/\",\"url\":\"https:\\\/\\\/naturalpoland.com\\\/ko\\\/je-pum\\\/sig-yong-mit-hwa-jang-pum-yong-o-il\\\/%eb%a0%88%eb%aa%ac%ec%94%a8-%ec%98%a4%ec%9d%bc\\\/\",\"name\":\"\",\"isPartOf\":{\"@id\":\"https:\\\/\\\/naturalpoland.com\\\/ko\\\/#website\"},\"primaryImageOfPage\":{\"@id\":\"https:\\\/\\\/naturalpoland.com\\\/ko\\\/je-pum\\\/sig-yong-mit-hwa-jang-pum-yong-o-il\\\/%eb%a0%88%eb%aa%ac%ec%94%a8-%ec%98%a4%ec%9d%bc\\\/#primaryimage\"},\"image\":{\"@id\":\"https:\\\/\\\/naturalpoland.com\\\/ko\\\/je-pum\\\/sig-yong-mit-hwa-jang-pum-yong-o-il\\\/%eb%a0%88%eb%aa%ac%ec%94%a8-%ec%98%a4%ec%9d%bc\\\/#primaryimage\"},\"thumbnailUrl\":\"https:\\\/\\\/naturalpoland.com\\\/wp-content\\\/uploads\\\/olej-z-nasion-cytryny.webp\",\"datePublished\":\"2021-05-11T11:49:47+00:00\",\"dateModified\":\"2026-02-05T10:26:57+00:00\",\"description\":\"\ub808\ubaac\uc528 \uc624\uc77c\uc740 \ud53c\ubd80, \ubaa8\ubc1c, \uc190\ud1b1\uc5d0 \ub2e4\uc591\ud55c \uc774\uc810\uc744 \uc81c\uacf5\ud558\ub294 \ub2e4\uc7ac\ub2e4\ub2a5\ud55c \ud654\uc7a5\ud488 \ubc0f \uc758\uc57d\ud488 \uc131\ubd84\uc785\ub2c8\ub2e4.\",\"breadcrumb\":{\"@id\":\"https:\\\/\\\/naturalpoland.com\\\/ko\\\/je-pum\\\/sig-yong-mit-hwa-jang-pum-yong-o-il\\\/%eb%a0%88%eb%aa%ac%ec%94%a8-%ec%98%a4%ec%9d%bc\\\/#breadcrumb\"},\"inLanguage\":\"ko-KR\",\"potentialAction\":[{\"@type\":\"ReadAction\",\"target\":[\"https:\\\/\\\/naturalpoland.com\\\/ko\\\/je-pum\\\/sig-yong-mit-hwa-jang-pum-yong-o-il\\\/%eb%a0%88%eb%aa%ac%ec%94%a8-%ec%98%a4%ec%9d%bc\\\/\"]}]},{\"@type\":\"ImageObject\",\"inLanguage\":\"ko-KR\",\"@id\":\"https:\\\/\\\/naturalpoland.com\\\/ko\\\/je-pum\\\/sig-yong-mit-hwa-jang-pum-yong-o-il\\\/%eb%a0%88%eb%aa%ac%ec%94%a8-%ec%98%a4%ec%9d%bc\\\/#primaryimage\",\"url\":\"https:\\\/\\\/naturalpoland.com\\\/wp-content\\\/uploads\\\/olej-z-nasion-cytryny.webp\",\"contentUrl\":\"https:\\\/\\\/naturalpoland.com\\\/wp-content\\\/uploads\\\/olej-z-nasion-cytryny.webp\",\"width\":609,\"height\":609,\"caption\":\"\ubcd1\uc5d0 \ub2f4\uae34 \ub808\ubaac\uc528 \uc624\uc77c\"},{\"@type\":\"BreadcrumbList\",\"@id\":\"https:\\\/\\\/naturalpoland.com\\\/ko\\\/je-pum\\\/sig-yong-mit-hwa-jang-pum-yong-o-il\\\/%eb%a0%88%eb%aa%ac%ec%94%a8-%ec%98%a4%ec%9d%bc\\\/#breadcrumb\",\"itemListElement\":[{\"@type\":\"ListItem\",\"position\":1,\"name\":\"\ud648\",\"item\":\"https:\\\/\\\/naturalpoland.com\\\/ko\\\/\"},{\"@type\":\"ListItem\",\"position\":2,\"name\":\"\uc81c\ud488\",\"item\":\"https:\\\/\\\/naturalpoland.com\\\/ko\\\/%ec%a0%9c%ed%92%88\\\/\"},{\"@type\":\"ListItem\",\"position\":3,\"name\":\"\ub808\ubaac\uc528 \uc624\uc77c\"}]},{\"@type\":\"WebSite\",\"@id\":\"https:\\\/\\\/naturalpoland.com\\\/ko\\\/#website\",\"url\":\"https:\\\/\\\/naturalpoland.com\\\/ko\\\/\",\"name\":\"NATURAL POLAND - Hurtowy Dystrybutor Surowc\u00f3w\",\"description\":\"Surowce dla przemys\u0142u spo\u017cywczego, kosmetycznego i farmaceutycznego\",\"publisher\":{\"@id\":\"https:\\\/\\\/naturalpoland.com\\\/ko\\\/#organization\"},\"potentialAction\":[{\"@type\":\"SearchAction\",\"target\":{\"@type\":\"EntryPoint\",\"urlTemplate\":\"https:\\\/\\\/naturalpoland.com\\\/ko\\\/?s={search_term_string}\"},\"query-input\":{\"@type\":\"PropertyValueSpecification\",\"valueRequired\":true,\"valueName\":\"search_term_string\"}}],\"inLanguage\":\"ko-KR\"},{\"@type\":\"Organization\",\"@id\":\"https:\\\/\\\/naturalpoland.com\\\/ko\\\/#organization\",\"name\":\"Natural Poland\",\"url\":\"https:\\\/\\\/naturalpoland.com\\\/ko\\\/\",\"logo\":{\"@type\":\"ImageObject\",\"inLanguage\":\"ko-KR\",\"@id\":\"https:\\\/\\\/naturalpoland.com\\\/ko\\\/#\\\/schema\\\/logo\\\/image\\\/\",\"url\":\"https:\\\/\\\/naturalpoland.com\\\/wp-content\\\/uploads\\\/2021\\\/05\\\/natural-poland-icon.png\",\"contentUrl\":\"https:\\\/\\\/naturalpoland.com\\\/wp-content\\\/uploads\\\/2021\\\/05\\\/natural-poland-icon.png\",\"width\":512,\"height\":512,\"caption\":\"Natural Poland\"},\"image\":{\"@id\":\"https:\\\/\\\/naturalpoland.com\\\/ko\\\/#\\\/schema\\\/logo\\\/image\\\/\"},\"sameAs\":[\"https:\\\/\\\/www.facebook.com\\\/naturalpoland.b2b\",\"https:\\\/\\\/pl.linkedin.com\\\/company\\\/natural-poland\",\"https:\\\/\\\/www.youtube.com\\\/channel\\\/UCgeGGkvOMahZo-xu_MSEWxg\"]}]}<\/script>\n<!-- \/ Yoast SEO plugin. -->","yoast_head_json":{"title":"NATURAL POLAND &#8211; Hurtowy Dystrybutor Surowc\u00f3w","description":"\ub808\ubaac\uc528 \uc624\uc77c\uc740 \ud53c\ubd80, \ubaa8\ubc1c, \uc190\ud1b1\uc5d0 \ub2e4\uc591\ud55c \uc774\uc810\uc744 \uc81c\uacf5\ud558\ub294 \ub2e4\uc7ac\ub2e4\ub2a5\ud55c \ud654\uc7a5\ud488 \ubc0f \uc758\uc57d\ud488 \uc131\ubd84\uc785\ub2c8\ub2e4.","robots":{"index":"index","follow":"follow","max-snippet":"max-snippet:-1","max-image-preview":"max-image-preview:large","max-video-preview":"max-video-preview:-1"},"canonical":"https:\/\/naturalpoland.com\/ko\/je-pum\/sig-yong-mit-hwa-jang-pum-yong-o-il\/%eb%a0%88%eb%aa%ac%ec%94%a8-%ec%98%a4%ec%9d%bc\/","og_locale":"ko_KR","og_type":"article","og_description":"\ub808\ubaac\uc528 \uc624\uc77c\uc740 \ud53c\ubd80, \ubaa8\ubc1c, \uc190\ud1b1\uc5d0 \ub2e4\uc591\ud55c \uc774\uc810\uc744 \uc81c\uacf5\ud558\ub294 \ub2e4\uc7ac\ub2e4\ub2a5\ud55c \ud654\uc7a5\ud488 \ubc0f \uc758\uc57d\ud488 \uc131\ubd84\uc785\ub2c8\ub2e4.","og_url":"https:\/\/naturalpoland.com\/ko\/je-pum\/sig-yong-mit-hwa-jang-pum-yong-o-il\/%eb%a0%88%eb%aa%ac%ec%94%a8-%ec%98%a4%ec%9d%bc\/","og_site_name":"NATURAL POLAND - Hurtowy Dystrybutor Surowc\u00f3w","article_publisher":"https:\/\/www.facebook.com\/naturalpoland.b2b","article_modified_time":"2026-02-05T10:26:57+00:00","og_image":[{"width":609,"height":609,"url":"https:\/\/naturalpoland.com\/wp-content\/uploads\/olej-z-nasion-cytryny.webp","type":"image\/webp"}],"schema":{"@context":"https:\/\/schema.org","@graph":[{"@type":"WebPage","@id":"https:\/\/naturalpoland.com\/ko\/je-pum\/sig-yong-mit-hwa-jang-pum-yong-o-il\/%eb%a0%88%eb%aa%ac%ec%94%a8-%ec%98%a4%ec%9d%bc\/","url":"https:\/\/naturalpoland.com\/ko\/je-pum\/sig-yong-mit-hwa-jang-pum-yong-o-il\/%eb%a0%88%eb%aa%ac%ec%94%a8-%ec%98%a4%ec%9d%bc\/","name":"","isPartOf":{"@id":"https:\/\/naturalpoland.com\/ko\/#website"},"primaryImageOfPage":{"@id":"https:\/\/naturalpoland.com\/ko\/je-pum\/sig-yong-mit-hwa-jang-pum-yong-o-il\/%eb%a0%88%eb%aa%ac%ec%94%a8-%ec%98%a4%ec%9d%bc\/#primaryimage"},"image":{"@id":"https:\/\/naturalpoland.com\/ko\/je-pum\/sig-yong-mit-hwa-jang-pum-yong-o-il\/%eb%a0%88%eb%aa%ac%ec%94%a8-%ec%98%a4%ec%9d%bc\/#primaryimage"},"thumbnailUrl":"https:\/\/naturalpoland.com\/wp-content\/uploads\/olej-z-nasion-cytryny.webp","datePublished":"2021-05-11T11:49:47+00:00","dateModified":"2026-02-05T10:26:57+00:00","description":"\ub808\ubaac\uc528 \uc624\uc77c\uc740 \ud53c\ubd80, \ubaa8\ubc1c, \uc190\ud1b1\uc5d0 \ub2e4\uc591\ud55c \uc774\uc810\uc744 \uc81c\uacf5\ud558\ub294 \ub2e4\uc7ac\ub2e4\ub2a5\ud55c \ud654\uc7a5\ud488 \ubc0f \uc758\uc57d\ud488 \uc131\ubd84\uc785\ub2c8\ub2e4.","breadcrumb":{"@id":"https:\/\/naturalpoland.com\/ko\/je-pum\/sig-yong-mit-hwa-jang-pum-yong-o-il\/%eb%a0%88%eb%aa%ac%ec%94%a8-%ec%98%a4%ec%9d%bc\/#breadcrumb"},"inLanguage":"ko-KR","potentialAction":[{"@type":"ReadAction","target":["https:\/\/naturalpoland.com\/ko\/je-pum\/sig-yong-mit-hwa-jang-pum-yong-o-il\/%eb%a0%88%eb%aa%ac%ec%94%a8-%ec%98%a4%ec%9d%bc\/"]}]},{"@type":"ImageObject","inLanguage":"ko-KR","@id":"https:\/\/naturalpoland.com\/ko\/je-pum\/sig-yong-mit-hwa-jang-pum-yong-o-il\/%eb%a0%88%eb%aa%ac%ec%94%a8-%ec%98%a4%ec%9d%bc\/#primaryimage","url":"https:\/\/naturalpoland.com\/wp-content\/uploads\/olej-z-nasion-cytryny.webp","contentUrl":"https:\/\/naturalpoland.com\/wp-content\/uploads\/olej-z-nasion-cytryny.webp","width":609,"height":609,"caption":"\ubcd1\uc5d0 \ub2f4\uae34 \ub808\ubaac\uc528 \uc624\uc77c"},{"@type":"BreadcrumbList","@id":"https:\/\/naturalpoland.com\/ko\/je-pum\/sig-yong-mit-hwa-jang-pum-yong-o-il\/%eb%a0%88%eb%aa%ac%ec%94%a8-%ec%98%a4%ec%9d%bc\/#breadcrumb","itemListElement":[{"@type":"ListItem","position":1,"name":"\ud648","item":"https:\/\/naturalpoland.com\/ko\/"},{"@type":"ListItem","position":2,"name":"\uc81c\ud488","item":"https:\/\/naturalpoland.com\/ko\/%ec%a0%9c%ed%92%88\/"},{"@type":"ListItem","position":3,"name":"\ub808\ubaac\uc528 \uc624\uc77c"}]},{"@type":"WebSite","@id":"https:\/\/naturalpoland.com\/ko\/#website","url":"https:\/\/naturalpoland.com\/ko\/","name":"NATURAL POLAND - Hurtowy Dystrybutor Surowc\u00f3w","description":"Surowce dla przemys\u0142u spo\u017cywczego, kosmetycznego i farmaceutycznego","publisher":{"@id":"https:\/\/naturalpoland.com\/ko\/#organization"},"potentialAction":[{"@type":"SearchAction","target":{"@type":"EntryPoint","urlTemplate":"https:\/\/naturalpoland.com\/ko\/?s={search_term_string}"},"query-input":{"@type":"PropertyValueSpecification","valueRequired":true,"valueName":"search_term_string"}}],"inLanguage":"ko-KR"},{"@type":"Organization","@id":"https:\/\/naturalpoland.com\/ko\/#organization","name":"Natural Poland","url":"https:\/\/naturalpoland.com\/ko\/","logo":{"@type":"ImageObject","inLanguage":"ko-KR","@id":"https:\/\/naturalpoland.com\/ko\/#\/schema\/logo\/image\/","url":"https:\/\/naturalpoland.com\/wp-content\/uploads\/2021\/05\/natural-poland-icon.png","contentUrl":"https:\/\/naturalpoland.com\/wp-content\/uploads\/2021\/05\/natural-poland-icon.png","width":512,"height":512,"caption":"Natural Poland"},"image":{"@id":"https:\/\/naturalpoland.com\/ko\/#\/schema\/logo\/image\/"},"sameAs":["https:\/\/www.facebook.com\/naturalpoland.b2b","https:\/\/pl.linkedin.com\/company\/natural-poland","https:\/\/www.youtube.com\/channel\/UCgeGGkvOMahZo-xu_MSEWxg"]}]}},"_links":{"self":[{"href":"https:\/\/naturalpoland.com\/ko\/wp-json\/wp\/v2\/product\/45652","targetHints":{"allow":["GET"]}}],"collection":[{"href":"https:\/\/naturalpoland.com\/ko\/wp-json\/wp\/v2\/product"}],"about":[{"href":"https:\/\/naturalpoland.com\/ko\/wp-json\/wp\/v2\/types\/product"}],"wp:featuredmedia":[{"embeddable":true,"href":"https:\/\/naturalpoland.com\/ko\/wp-json\/wp\/v2\/media\/45654"}],"wp:attachment":[{"href":"https:\/\/naturalpoland.com\/ko\/wp-json\/wp\/v2\/media?parent=45652"}],"wp:term":[{"taxonomy":"product_brand","embeddable":true,"href":"https:\/\/naturalpoland.com\/ko\/wp-json\/wp\/v2\/product_brand?post=45652"},{"taxonomy":"product_cat","embeddable":true,"href":"https:\/\/naturalpoland.com\/ko\/wp-json\/wp\/v2\/product_cat?post=45652"},{"taxonomy":"product_tag","embeddable":true,"href":"https:\/\/naturalpoland.com\/ko\/wp-json\/wp\/v2\/product_tag?post=45652"}],"curies":[{"name":"wp","href":"https:\/\/api.w.org\/{rel}","templated":true}]}}