{"id":45656,"date":"2021-05-11T13:50:10","date_gmt":"2021-05-11T11:50:10","guid":{"rendered":"https:\/\/naturalpoland.com\/produkty\/uncategorized\/%eb%83%89%ec%95%95%ec%b0%a9-%eb%a1%9c%ec%a6%88%ed%9e%99-%ec%94%a8%eb%93%9c-%ec%98%a4%ec%9d%bc\/"},"modified":"2026-02-05T12:01:32","modified_gmt":"2026-02-05T11:01:32","slug":"%eb%83%89%ec%95%95%ec%b0%a9-%eb%a1%9c%ec%a6%88%ed%9e%99-%ec%94%a8%eb%93%9c-%ec%98%a4%ec%9d%bc","status":"publish","type":"product","link":"https:\/\/naturalpoland.com\/ko\/je-pum\/sig-pum-won-ryo\/sig-yong-yu\/%eb%83%89%ec%95%95%ec%b0%a9-%eb%a1%9c%ec%a6%88%ed%9e%99-%ec%94%a8%eb%93%9c-%ec%98%a4%ec%9d%bc\/","title":{"rendered":"\ub0c9\uc555\ucc29 \ub85c\uc988\ud799 \uc528\ub4dc \uc624\uc77c"},"content":{"rendered":"<p>\uc7a5\ubbf8\ub294 \uc8fc\ub85c <strong>\uc5f4\ub9e4<\/strong>\uc640 <strong>\uaf43<\/strong>\uc5d0\uc11c \uc5bb\ub294 \uc131\ubd84(<strong><a href=\"https:\/\/naturalpoland.com\/ko\/je-pum\/sig-pum-won-ryo\/sig-yong-yu\/%eb%a1%9c%ec%a6%88%ed%9e%99-%ec%98%a4%ec%9d%bc\/\">\ub85c\uc988\ud799 \uc5f4\ub9e4 \uc624\uc77c<\/a><\/strong>, <strong><a href=\"https:\/\/naturalpoland.pl\/artykuly\/produkty-naturalne\/hydrolat-rozany-wlasciwosci-i-zastosowanie\/\">\ub85c\uc988 \uc6cc\ud130<\/a><\/strong>, <strong><a href=\"https:\/\/naturalpoland.com\/produkty\/produkty-dla-przemyslu-kosmetycznego\/maceraty\/macerat-z-platkow-rozy\/\">\uc7a5\ubbf8 \uaf43\uc78e \uce68\ucd9c\uc720<\/a><\/strong>, \uc7a5\ubbf8 \uc8fc\uc2a4)\uacfc \uc5f0\uad00\ub420 \uc218 \uc788\uc9c0\ub9cc, <a href=\"https:\/\/naturalpoland.com\/produkty\/produkty-roslinne\/pestki-z-owocow-dzikiej-rozy\/\"><strong>\uc528\uc557<\/strong><\/a>\ub3c4 \uc78a\uc5b4\uc11c\ub294 \uc548 \ub429\ub2c8\ub2e4. \uc528\uc557\uc740 \ubcf4\ud1b5 \uc0dd\uc0b0 \ud3d0\uae30\ubb3c\ub85c \uac04\uc8fc\ub418\uc9c0\ub9cc, \ub2e4\uc591\ud55c \ud6a8\ub2a5\uc744 \uc9c0\ub2cc \uc624\uc77c \uc0dd\uc0b0\uc5d0 \ud65c\uc6a9\ub420 \uc218 \uc788\uc2b5\ub2c8\ub2e4. <\/p>\n<h2 class=\"wp-block-heading\">\ub85c\uc988\ud799 \uc528\uc557 \u2013 \ud2b9\uc9d5<\/h2>\n<p><strong><a href=\"https:\/\/naturalpoland.com\/ko\/je-pum\/sig-pum-won-ryo\/sig-yong-yu\/%eb%83%89%ec%95%95%ec%b0%a9-%eb%a1%9c%ec%a6%88%ed%9e%99-%ec%94%a8%eb%93%9c-%ec%98%a4%ec%9d%bc\/\">\ub85c\uc988\ud799 \uc528\ub4dc \uc624\uc77c<\/a><\/strong>\uc740 \ub0c9\uc555\ucc29 \ubc29\uc2dd\uc73c\ub85c \ucd94\ucd9c\ub429\ub2c8\ub2e4. \uc605\uc740 \ub178\ub780\uc0c9 \ub610\ub294 \uc8fc\ud669\uc0c9\uc744 \ub760\uba70, \uc6d0\ub8cc \ud568\ub7c9\uc740 \ube44\uad50\uc801 \ub0ae\uc9c0\ub9cc \ub9e4\uc6b0 \ud6a8\uacfc\uc801\uc778 \uc81c\ud488\uc785\ub2c8\ub2e4. \ub2e8 \uba87 \ubc29\uc6b8\ub9cc \ucd94\uac00\ud574\ub3c4 \ud654\uc7a5\ud488\uc758 \ud6a8\ub2a5\uc744 \ub208\uc5d0 \ub744\uac8c \ud5a5\uc0c1\uc2dc\ud0ac \uc218 \uc788\uc2b5\ub2c8\ub2e4.  <\/p>\n<p>\uc8fc\uc694 \uc131\ubd84\uc740 \ub9ac\ub180\ub808\uc0b0, \ub9ac\ub180\ub80c\uc0b0, \uc62c\ub808\uc0b0\uacfc \uac19\uc740 \uc9c0\ubc29\uc0b0\uc774\uba70, \uc2a4\ud14c\uc544\ub974\uc0b0, \ud314\ubbf8\ud2b8\uc0b0, \uc544\ub77c\ud0a4\ub3c8\uc0b0 \ubc0f \ud53c\ud1a0\uc2a4\ud14c\ub864(\u03b2-\uc2dc\ud1a0\uc2a4\ud14c\ub864, \uc2a4\ud2f0\uadf8\ub9c8\uc2a4\ud14c\ub864, \uce84\ud398\uc2a4\ud14c\ub864, \u03947-\uc2a4\ud2f0\uadf8\ub9c8\uc2a4\ud14c\ub180, \u03945-\uc544\ubca0\ub098\uc2a4\ud14c\ub864)\uc740 \ub354 \ub0ae\uc740 \ub18d\ub3c4\ub85c \ud568\uc720\ub418\uc5b4 \uc788\uc2b5\ub2c8\ub2e4. \ub610\ud55c, \ub85c\uc988\ud799 \uc528\uc557\uacfc \uadf8\ub85c\ubd80\ud130 \uc5bb\uc740 \uc624\uc77c\uc740 \ube44\ud0c0\ubbfc(A, C, E), \ubbf8\ub124\ub784(\uc544\uc5f0, \ub9dd\uac04, \ub098\ud2b8\ub968, \uce7c\ub968, \ucca0) \ubc0f \uce74\ub85c\ud2f0\ub178\uc774\ub4dc(<a href=\"https:\/\/naturalpoland.com\/ko\/je-pum\/ui-yak-pum-won-ryo\/geon-gang-gi-neung-sig-pum-cheom-ga-mul\/betakarotin-100-cheonnyeon\/\"><strong>\ubca0\ud0c0\uce74\ub85c\ud2f4<\/strong><\/a>)\uc758 \ud48d\ubd80\ud55c \uacf5\uae09\uc6d0\uc785\ub2c8\ub2e4. <\/p>\n<h2 class=\"wp-block-heading\">\ub85c\uc988\ud799 \uc528\ub4dc \uc624\uc77c\uc758 \ud6a8\ub2a5<\/h2>\n<p>\ud544\uc218 \uc9c0\ubc29\uc0b0, \uce74\ub85c\ud2f0\ub178\uc774\ub4dc, \ube44\ud0c0\ubbfc\uc774 \ud48d\ubd80\ud55c \ub85c\uc988\ud799 \uc528\ub4dc \uc624\uc77c\uc740 \uac74\uac15, \ud2b9\ud788 \ud53c\ubd80 \uac74\uac15, \uadf8\uc911\uc5d0\uc11c\ub3c4 \uc131\uc219\ud55c \ud53c\ubd80 \uac74\uac15\uc5d0 \uc218\ub9ce\uc740 \uc774\uc810\uc744 \uc81c\uacf5\ud569\ub2c8\ub2e4. <strong>\ud53c\ubd80 \uad00\ub9ac\ub97c \ub3d5\uace0, \uc80a\uc74c\uc744 \ub418\ucc3e\uc544\uc8fc\uba70<\/strong>(\uc548\ud2f0\uc5d0\uc774\uc9d5), <strong>\ubcf4\uc2b5 \ubc0f \ud53c\ubd80\uacb0 \uac1c\uc120<\/strong> \ud6a8\uacfc\uac00 \uc788\uc73c\uba70,  <strong> \ud749\ud130 \uce58\uc720\ub97c \ub3d5\uace0, \uc8fc\ub984\uc744 \uc644\ud654\ud558\uba70, \ud53c\ubd80 \uad11\ub178\ud654\ub97c \uc904\uc5ec\uc90d\ub2c8\ub2e4.<\/strong><\/p>\n<p>\ub85c\uc988\ud799 \uc528\ub4dc \uc624\uc77c\uc5d0 \ud568\uc720\ub41c \uac15\ub825\ud55c \ud56d\uc0b0\ud654 \uc131\ubd84(\uce74\ub85c\ud2f0\ub178\uc774\ub4dc, \ube44\ud0c0\ubbfc)\uc740 <strong>\ud53c\ubd80 \ud1a4\uc744 \uac1c\uc120\ud558\uace0 \uc0c9\uc18c \uce68\ucc29\uc744 \uc644\ud654\ud558\uba70, \ucf5c\ub77c\uac90 \uc0dd\uc131\uc744 \ucd09\uc9c4\ud558\uace0, \uc138\ud3ec \uc7ac\uc0dd\uc744 \ub3d5\uace0, \uc0b0\ud654 \uc2a4\ud2b8\ub808\uc2a4\uc758 \ubd80\uc815\uc801\uc778 \uc601\ud5a5\uc73c\ub85c\ubd80\ud130 \uc138\ud3ec\ub97c \ubcf4\ud638\ud569\ub2c8\ub2e4<\/strong>. \ub3d9\uc2dc\uc5d0 \uc624\uc77c\uc5d0 \ud568\uc720\ub41c \uc9c0\ubc29\uc0b0\uc740 \uac15\ub825\ud55c <strong>\ubcf4\uc2b5 \ud6a8\uacfc<\/strong>\ub97c \ubc1c\ud718\ud558\uc5ec \ud53c\ubd80\uc758 \uacfc\ub3c4\ud55c \uc218\ubd84 \uc190\uc2e4\uc744 \ubc29\uc9c0\ud569\ub2c8\ub2e4. \ub610\ud55c, \ub85c\uc988\ud799 \uc528\ub4dc \uc624\uc77c\uc740 <strong>\ud56d\uc5fc \ubc0f \uc9c4\uc815<\/strong> \ud2b9\uc131\ub3c4 \uac00\uc9c0\uace0 \uc788\uc2b5\ub2c8\ub2e4.  <\/p>\n<p>&nbsp;<\/p>\n<p><img decoding=\"async\" class=\"aligncenter size-full wp-image-20381\" src=\"https:\/\/naturalpoland.com\/wp-content\/uploads\/zastosowanie-oleju-z-pestek-dzikiej-rozy.jpg\" alt=\"\ub85c\uc988\ud799 \uc528\ub4dc \uc624\uc77c\uc758 \ud65c\uc6a9\" width=\"1000\" height=\"522\" srcset=\"https:\/\/naturalpoland.com\/wp-content\/uploads\/zastosowanie-oleju-z-pestek-dzikiej-rozy.jpg 1000w, https:\/\/naturalpoland.com\/wp-content\/uploads\/zastosowanie-oleju-z-pestek-dzikiej-rozy-510x266.jpg 510w, https:\/\/naturalpoland.com\/wp-content\/uploads\/zastosowanie-oleju-z-pestek-dzikiej-rozy-300x157.jpg 300w, https:\/\/naturalpoland.com\/wp-content\/uploads\/zastosowanie-oleju-z-pestek-dzikiej-rozy-768x401.jpg 768w\" sizes=\"(max-width: 1000px) 100vw, 1000px\" \/><\/p>\n<h2><\/h2>\n<h2 class=\"wp-block-heading\">\ub85c\uc988\ud799 \uc528\ub4dc \uc624\uc77c\uc758 \ud65c\uc6a9\ubc95<\/h2>\n<p>\uc704\uc5d0\uc11c \uc124\uba85\ud55c \ud6a8\ub2a5 \ub355\ubd84\uc5d0 \ub85c\uc988\ud799 \uc624\uc77c\uc740 \ub2e4\uc591\ud55c \ubbf8\uc6a9 \uc6a9\ub3c4\ub85c \ud65c\uc6a9\ub429\ub2c8\ub2e4. <strong>\uac74\uc131 \ud53c\ubd80 \uad00\ub9ac<\/strong>(\ubcf4\uc2b5, \uc9c4\uc815 \ud6a8\uacfc), <strong>\ubbfc\uac10\uc131 \ud53c\ubd80<\/strong>(\ud608\uad00 \uac15\ud654), <strong>\uc131\uc219\ud55c \ud53c\ubd80<\/strong>(\uc548\ud2f0\uc5d0\uc774\uc9d5 \ud6a8\uacfc)\uc5d0 \uc0ac\uc6a9\ud560 \uc218 \uc788\uc73c\uba70, \uc0c9\uc18c \uce68\ucc29, \ud53c\ubd80 \uacb0\uc810, \uc5ec\ub4dc\ub984\uc73c\ub85c \uace0\ubbfc\ud558\ub294 \ubd84\ub4e4\uc5d0\uac8c\ub3c4 \ub3c4\uc6c0\uc774 \ub429\ub2c8\ub2e4. <\/p>\n<p>\ub85c\uc988\ud799 \uc528\ub4dc \uc624\uc77c\uc740 <strong>\uc8fc\ub984\uc744 \ud6a8\uacfc\uc801\uc73c\ub85c \uc644\ud654\ud558\uace0 \ud2bc\uc0b4\uc744 \uac1c\uc120\ud560<\/strong> \ubfd0\ub9cc \uc544\ub2c8\ub77c, \uc190\uc0c1\ub41c \ud53c\ubd80\uc758 \ud68c\ubcf5\uc5d0\ub3c4 \uc131\uacf5\uc801\uc73c\ub85c \uc0ac\uc6a9\ub420 \uc218 \uc788\uc2b5\ub2c8\ub2e4. <strong>\uc0c1\ucc98 \uce58\uc720\ub97c \ucd09\uc9c4\ud558\uace0 \ud749\ud130 \ud615\uc131\uc744 \ubc29\uc9c0\ud558\uba70<\/strong>, \uc774\ubbf8 \uc874\uc7ac\ud558\ub294 \ud749\ud130\uc758 \uac00\uc2dc\uc131\uc744 \uc904\uc5ec\uc90d\ub2c8\ub2e4.<\/p>\n<p>\ubcf4\uc2b5, \uc601\uc591, \ucf00\uc5b4 \ud6a8\ub2a5 \ub355\ubd84\uc5d0 \ub85c\uc988\ud799 \uc528\ub4dc \uc624\uc77c\uc740 \ud5e4\uc5b4 \uc81c\ud488\uc5d0\ub3c4 \uc801\ud569\ud569\ub2c8\ub2e4. <strong>\uc190\uc0c1\ub41c \ubaa8\ubc1c\uc758 \uc0c1\ud0dc\ub97c \uac1c\uc120\ud558\uace0 \uc7ac\uc0dd\uc744 \ub3d5\uace0<\/strong>, \ucd94\uac00\uc801\uc778 \uc724\uae30\ub97c \ubd80\uc5ec\ud558\uba70, \uc5c9\ud0a8 \ubaa8\ubc1c\uc744 \uc27d\uac8c \ud480\uc5b4\uc90d\ub2c8\ub2e4. \ub3d9\uc2dc\uc5d0 \ubaa8\uacf5\uc744 \ub9c9\uac70\ub098 \ubaa8\ubc1c\uc744 \ubb34\uac81\uac8c \ud558\uc9c0 \uc54a\uc2b5\ub2c8\ub2e4. <\/p>\n<h2 class=\"wp-block-heading\">\ub85c\uc988\ud799 \uc528\ub4dc \uc624\uc77c \uc0ac\uc6a9\ubc95<\/h2>\n<p>\ub85c\uc988\ud799 \uc528\ub4dc \uc624\uc77c\uc740 <strong>\ud53c\ubd80, \ubaa8\ubc1c, \uc190\ud1b1\uc5d0 \uc9c1\uc811<\/strong> \uc0ac\uc6a9\ud560 \uc218 \uc788\uc2b5\ub2c8\ub2e4. \uba87 \ubc29\uc6b8\uc744 \ubc14\ub974\uace0 \uc798 \ub9c8\uc0ac\uc9c0\ud558\uba74 \ub429\ub2c8\ub2e4. \ub85c\uc988\ud799 \uc528\ub4dc \uc624\uc77c\uc758 \ud6a8\ub2a5\uc744 \ud65c\uc6a9\ud558\ub294 \ub610 \ub2e4\ub978 \ubc29\ubc95\uc740 <strong>\ud654\uc7a5\ud488, \ubca0\uc774\uc2a4 \ub610\ub294 \ub9c8\uc2a4\ud06c\uc5d0 \ucca8\uac00\ud558\ub294 \uac83<\/strong>\uc785\ub2c8\ub2e4. \uc9c0\ubc29\uc0b0 \ud568\ub7c9\uc774 \ub192\uc544 \uc720\uc131 \ubca0\uc774\uc2a4\uc5d0 \uc27d\uac8c \ud761\uc218\ub429\ub2c8\ub2e4. \uac15\ub825\ud55c \ud6a8\ub2a5 \ub355\ubd84\uc5d0 \uba87 \ubc29\uc6b8\ub9cc \ucca8\uac00\ud574\ub3c4 \ucda9\ubd84\ud558\uc5ec \ub9e4\uc6b0 \uacbd\uc81c\uc801\uc778 \uc81c\ud488\uc785\ub2c8\ub2e4.   <\/p>\n<hr>\n<h5 class=\"author-name uppercase pt-half\"><strong>DR N. PHARM. \uce74\ud0c0\ub974\uc9c0\ub098 \ud0a4\uba5c  <\/strong><\/h5>\n<p class=\"author-desc small\">\uc57d\ud559 \ubc15\uc0ac\ub85c, \uc2dd\ubb3c\uc131 \uc758\uc57d\ud488 \ubc0f \ucc9c\uc5f0 \uc720\ub798 \uc0dd\uccb4 \ud65c\uc131 \ubb3c\uc9c8 \uc5f0\uad6c\uc5d0 \uacfc\ud559\uc801 \uad00\uc2ec\uc744 \uc9d1\uc911\ud558\uace0 \uc788\uc2b5\ub2c8\ub2e4. \uc5ec\ud589\uacfc \uc790\uc5f0 \uc18d\uc5d0\uc11c \uc5ec\uac00 \uc2dc\uac04\uc744 \ubcf4\ub0b4\ub294 \uac83\uc744 \uc88b\uc544\ud569\ub2c8\ub2e4. <\/p>\n","protected":false},"excerpt":{"rendered":"<p>\ub85c\uc988\ud799 \uc624\uc77c\uc740 \ub85c\uc988\ud799 \uc528\uc557\uc744 \ub0c9\uc555\ucc29\ud558\uc5ec \ub9cc\ub4ed\ub2c8\ub2e4. \uc774 \uc81c\ud488\uc740 \ub2e4\uc591\ud55c \ud53c\ubd80 \ud0c0\uc785 \uad00\ub9ac\uc5d0 \uc0ac\uc6a9\ub429\ub2c8\ub2e4. <\/p>\n","protected":false},"featured_media":45661,"template":"","meta":{"_acf_changed":false},"product_brand":[],"product_cat":[8135,8174,8154],"product_tag":[],"class_list":{"0":"post-45656","1":"product","2":"type-product","3":"status-publish","4":"has-post-thumbnail","6":"product_cat-sig-yong-mit-hwa-jang-pum-yong-o-il","7":"product_cat-sig-yong-yu","8":"product_cat-hwa-jang-pum-o-il","9":"pa_metoda-pozyskiwania-8179","11":"first","12":"instock","13":"shipping-taxable","14":"product-type-simple"},"acf":[],"yoast_head":"<!-- This site is optimized with the Yoast SEO plugin v27.5 - https:\/\/yoast.com\/product\/yoast-seo-wordpress\/ -->\n<title>NATURAL POLAND &#8211; Hurtowy Dystrybutor Surowc\u00f3w<\/title>\n<meta name=\"description\" content=\"\ub85c\uc988\ud799 \uc624\uc77c\uc740 \ub85c\uc988\ud799 \uc528\uc557\uc744 \ub0c9\uc555\ucc29\ud558\uc5ec \ub9cc\ub4ed\ub2c8\ub2e4. \uc774 \uc81c\ud488\uc740 \ub2e4\uc591\ud55c \ud53c\ubd80 \ud0c0\uc785 \uad00\ub9ac\uc5d0 \uc0ac\uc6a9\ub429\ub2c8\ub2e4.\" \/>\n<meta name=\"robots\" content=\"index, follow, max-snippet:-1, max-image-preview:large, max-video-preview:-1\" \/>\n<link rel=\"canonical\" href=\"https:\/\/naturalpoland.com\/ko\/je-pum\/sig-pum-won-ryo\/sig-yong-yu\/%eb%83%89%ec%95%95%ec%b0%a9-%eb%a1%9c%ec%a6%88%ed%9e%99-%ec%94%a8%eb%93%9c-%ec%98%a4%ec%9d%bc\/\" \/>\n<meta property=\"og:locale\" content=\"ko_KR\" \/>\n<meta property=\"og:type\" content=\"article\" \/>\n<meta property=\"og:description\" content=\"\ub85c\uc988\ud799 \uc624\uc77c\uc740 \ub85c\uc988\ud799 \uc528\uc557\uc744 \ub0c9\uc555\ucc29\ud558\uc5ec \ub9cc\ub4ed\ub2c8\ub2e4. \uc774 \uc81c\ud488\uc740 \ub2e4\uc591\ud55c \ud53c\ubd80 \ud0c0\uc785 \uad00\ub9ac\uc5d0 \uc0ac\uc6a9\ub429\ub2c8\ub2e4.\" \/>\n<meta property=\"og:url\" content=\"https:\/\/naturalpoland.com\/ko\/je-pum\/sig-pum-won-ryo\/sig-yong-yu\/%eb%83%89%ec%95%95%ec%b0%a9-%eb%a1%9c%ec%a6%88%ed%9e%99-%ec%94%a8%eb%93%9c-%ec%98%a4%ec%9d%bc\/\" \/>\n<meta property=\"og:site_name\" content=\"NATURAL POLAND - Hurtowy Dystrybutor Surowc\u00f3w\" \/>\n<meta property=\"article:publisher\" content=\"https:\/\/www.facebook.com\/naturalpoland.b2b\" \/>\n<meta property=\"article:modified_time\" content=\"2026-02-05T11:01:32+00:00\" \/>\n<meta property=\"og:image\" content=\"https:\/\/naturalpoland.com\/wp-content\/uploads\/olej-z-nasion-dzikiej-rozy.webp\" \/>\n\t<meta property=\"og:image:width\" content=\"1024\" \/>\n\t<meta property=\"og:image:height\" content=\"1024\" \/>\n\t<meta property=\"og:image:type\" content=\"image\/webp\" \/>\n<script type=\"application\/ld+json\" class=\"yoast-schema-graph\">{\"@context\":\"https:\\\/\\\/schema.org\",\"@graph\":[{\"@type\":\"WebPage\",\"@id\":\"https:\\\/\\\/naturalpoland.com\\\/ko\\\/je-pum\\\/sig-pum-won-ryo\\\/sig-yong-yu\\\/%eb%83%89%ec%95%95%ec%b0%a9-%eb%a1%9c%ec%a6%88%ed%9e%99-%ec%94%a8%eb%93%9c-%ec%98%a4%ec%9d%bc\\\/\",\"url\":\"https:\\\/\\\/naturalpoland.com\\\/ko\\\/je-pum\\\/sig-pum-won-ryo\\\/sig-yong-yu\\\/%eb%83%89%ec%95%95%ec%b0%a9-%eb%a1%9c%ec%a6%88%ed%9e%99-%ec%94%a8%eb%93%9c-%ec%98%a4%ec%9d%bc\\\/\",\"name\":\"\",\"isPartOf\":{\"@id\":\"https:\\\/\\\/naturalpoland.com\\\/ko\\\/#website\"},\"primaryImageOfPage\":{\"@id\":\"https:\\\/\\\/naturalpoland.com\\\/ko\\\/je-pum\\\/sig-pum-won-ryo\\\/sig-yong-yu\\\/%eb%83%89%ec%95%95%ec%b0%a9-%eb%a1%9c%ec%a6%88%ed%9e%99-%ec%94%a8%eb%93%9c-%ec%98%a4%ec%9d%bc\\\/#primaryimage\"},\"image\":{\"@id\":\"https:\\\/\\\/naturalpoland.com\\\/ko\\\/je-pum\\\/sig-pum-won-ryo\\\/sig-yong-yu\\\/%eb%83%89%ec%95%95%ec%b0%a9-%eb%a1%9c%ec%a6%88%ed%9e%99-%ec%94%a8%eb%93%9c-%ec%98%a4%ec%9d%bc\\\/#primaryimage\"},\"thumbnailUrl\":\"https:\\\/\\\/naturalpoland.com\\\/wp-content\\\/uploads\\\/olej-z-nasion-dzikiej-rozy.webp\",\"datePublished\":\"2021-05-11T11:50:10+00:00\",\"dateModified\":\"2026-02-05T11:01:32+00:00\",\"description\":\"\ub85c\uc988\ud799 \uc624\uc77c\uc740 \ub85c\uc988\ud799 \uc528\uc557\uc744 \ub0c9\uc555\ucc29\ud558\uc5ec \ub9cc\ub4ed\ub2c8\ub2e4. \uc774 \uc81c\ud488\uc740 \ub2e4\uc591\ud55c \ud53c\ubd80 \ud0c0\uc785 \uad00\ub9ac\uc5d0 \uc0ac\uc6a9\ub429\ub2c8\ub2e4.\",\"breadcrumb\":{\"@id\":\"https:\\\/\\\/naturalpoland.com\\\/ko\\\/je-pum\\\/sig-pum-won-ryo\\\/sig-yong-yu\\\/%eb%83%89%ec%95%95%ec%b0%a9-%eb%a1%9c%ec%a6%88%ed%9e%99-%ec%94%a8%eb%93%9c-%ec%98%a4%ec%9d%bc\\\/#breadcrumb\"},\"inLanguage\":\"ko-KR\",\"potentialAction\":[{\"@type\":\"ReadAction\",\"target\":[\"https:\\\/\\\/naturalpoland.com\\\/ko\\\/je-pum\\\/sig-pum-won-ryo\\\/sig-yong-yu\\\/%eb%83%89%ec%95%95%ec%b0%a9-%eb%a1%9c%ec%a6%88%ed%9e%99-%ec%94%a8%eb%93%9c-%ec%98%a4%ec%9d%bc\\\/\"]}]},{\"@type\":\"ImageObject\",\"inLanguage\":\"ko-KR\",\"@id\":\"https:\\\/\\\/naturalpoland.com\\\/ko\\\/je-pum\\\/sig-pum-won-ryo\\\/sig-yong-yu\\\/%eb%83%89%ec%95%95%ec%b0%a9-%eb%a1%9c%ec%a6%88%ed%9e%99-%ec%94%a8%eb%93%9c-%ec%98%a4%ec%9d%bc\\\/#primaryimage\",\"url\":\"https:\\\/\\\/naturalpoland.com\\\/wp-content\\\/uploads\\\/olej-z-nasion-dzikiej-rozy.webp\",\"contentUrl\":\"https:\\\/\\\/naturalpoland.com\\\/wp-content\\\/uploads\\\/olej-z-nasion-dzikiej-rozy.webp\",\"width\":1024,\"height\":1024,\"caption\":\"\ub85c\uc988\ud799 \uc528\ub4dc \uc624\uc77c\"},{\"@type\":\"BreadcrumbList\",\"@id\":\"https:\\\/\\\/naturalpoland.com\\\/ko\\\/je-pum\\\/sig-pum-won-ryo\\\/sig-yong-yu\\\/%eb%83%89%ec%95%95%ec%b0%a9-%eb%a1%9c%ec%a6%88%ed%9e%99-%ec%94%a8%eb%93%9c-%ec%98%a4%ec%9d%bc\\\/#breadcrumb\",\"itemListElement\":[{\"@type\":\"ListItem\",\"position\":1,\"name\":\"\ud648\",\"item\":\"https:\\\/\\\/naturalpoland.com\\\/ko\\\/\"},{\"@type\":\"ListItem\",\"position\":2,\"name\":\"\uc81c\ud488\",\"item\":\"https:\\\/\\\/naturalpoland.com\\\/ko\\\/%ec%a0%9c%ed%92%88\\\/\"},{\"@type\":\"ListItem\",\"position\":3,\"name\":\"\ub0c9\uc555\ucc29 \ub85c\uc988\ud799 \uc528\ub4dc \uc624\uc77c\"}]},{\"@type\":\"WebSite\",\"@id\":\"https:\\\/\\\/naturalpoland.com\\\/ko\\\/#website\",\"url\":\"https:\\\/\\\/naturalpoland.com\\\/ko\\\/\",\"name\":\"NATURAL POLAND - Hurtowy Dystrybutor Surowc\u00f3w\",\"description\":\"Surowce dla przemys\u0142u spo\u017cywczego, kosmetycznego i farmaceutycznego\",\"publisher\":{\"@id\":\"https:\\\/\\\/naturalpoland.com\\\/ko\\\/#organization\"},\"potentialAction\":[{\"@type\":\"SearchAction\",\"target\":{\"@type\":\"EntryPoint\",\"urlTemplate\":\"https:\\\/\\\/naturalpoland.com\\\/ko\\\/?s={search_term_string}\"},\"query-input\":{\"@type\":\"PropertyValueSpecification\",\"valueRequired\":true,\"valueName\":\"search_term_string\"}}],\"inLanguage\":\"ko-KR\"},{\"@type\":\"Organization\",\"@id\":\"https:\\\/\\\/naturalpoland.com\\\/ko\\\/#organization\",\"name\":\"Natural Poland\",\"url\":\"https:\\\/\\\/naturalpoland.com\\\/ko\\\/\",\"logo\":{\"@type\":\"ImageObject\",\"inLanguage\":\"ko-KR\",\"@id\":\"https:\\\/\\\/naturalpoland.com\\\/ko\\\/#\\\/schema\\\/logo\\\/image\\\/\",\"url\":\"https:\\\/\\\/naturalpoland.com\\\/wp-content\\\/uploads\\\/2021\\\/05\\\/natural-poland-icon.png\",\"contentUrl\":\"https:\\\/\\\/naturalpoland.com\\\/wp-content\\\/uploads\\\/2021\\\/05\\\/natural-poland-icon.png\",\"width\":512,\"height\":512,\"caption\":\"Natural Poland\"},\"image\":{\"@id\":\"https:\\\/\\\/naturalpoland.com\\\/ko\\\/#\\\/schema\\\/logo\\\/image\\\/\"},\"sameAs\":[\"https:\\\/\\\/www.facebook.com\\\/naturalpoland.b2b\",\"https:\\\/\\\/pl.linkedin.com\\\/company\\\/natural-poland\",\"https:\\\/\\\/www.youtube.com\\\/channel\\\/UCgeGGkvOMahZo-xu_MSEWxg\"]}]}<\/script>\n<!-- \/ Yoast SEO plugin. -->","yoast_head_json":{"title":"NATURAL POLAND &#8211; Hurtowy Dystrybutor Surowc\u00f3w","description":"\ub85c\uc988\ud799 \uc624\uc77c\uc740 \ub85c\uc988\ud799 \uc528\uc557\uc744 \ub0c9\uc555\ucc29\ud558\uc5ec \ub9cc\ub4ed\ub2c8\ub2e4. \uc774 \uc81c\ud488\uc740 \ub2e4\uc591\ud55c \ud53c\ubd80 \ud0c0\uc785 \uad00\ub9ac\uc5d0 \uc0ac\uc6a9\ub429\ub2c8\ub2e4.","robots":{"index":"index","follow":"follow","max-snippet":"max-snippet:-1","max-image-preview":"max-image-preview:large","max-video-preview":"max-video-preview:-1"},"canonical":"https:\/\/naturalpoland.com\/ko\/je-pum\/sig-pum-won-ryo\/sig-yong-yu\/%eb%83%89%ec%95%95%ec%b0%a9-%eb%a1%9c%ec%a6%88%ed%9e%99-%ec%94%a8%eb%93%9c-%ec%98%a4%ec%9d%bc\/","og_locale":"ko_KR","og_type":"article","og_description":"\ub85c\uc988\ud799 \uc624\uc77c\uc740 \ub85c\uc988\ud799 \uc528\uc557\uc744 \ub0c9\uc555\ucc29\ud558\uc5ec \ub9cc\ub4ed\ub2c8\ub2e4. \uc774 \uc81c\ud488\uc740 \ub2e4\uc591\ud55c \ud53c\ubd80 \ud0c0\uc785 \uad00\ub9ac\uc5d0 \uc0ac\uc6a9\ub429\ub2c8\ub2e4.","og_url":"https:\/\/naturalpoland.com\/ko\/je-pum\/sig-pum-won-ryo\/sig-yong-yu\/%eb%83%89%ec%95%95%ec%b0%a9-%eb%a1%9c%ec%a6%88%ed%9e%99-%ec%94%a8%eb%93%9c-%ec%98%a4%ec%9d%bc\/","og_site_name":"NATURAL POLAND - Hurtowy Dystrybutor Surowc\u00f3w","article_publisher":"https:\/\/www.facebook.com\/naturalpoland.b2b","article_modified_time":"2026-02-05T11:01:32+00:00","og_image":[{"width":1024,"height":1024,"url":"https:\/\/naturalpoland.com\/wp-content\/uploads\/olej-z-nasion-dzikiej-rozy.webp","type":"image\/webp"}],"schema":{"@context":"https:\/\/schema.org","@graph":[{"@type":"WebPage","@id":"https:\/\/naturalpoland.com\/ko\/je-pum\/sig-pum-won-ryo\/sig-yong-yu\/%eb%83%89%ec%95%95%ec%b0%a9-%eb%a1%9c%ec%a6%88%ed%9e%99-%ec%94%a8%eb%93%9c-%ec%98%a4%ec%9d%bc\/","url":"https:\/\/naturalpoland.com\/ko\/je-pum\/sig-pum-won-ryo\/sig-yong-yu\/%eb%83%89%ec%95%95%ec%b0%a9-%eb%a1%9c%ec%a6%88%ed%9e%99-%ec%94%a8%eb%93%9c-%ec%98%a4%ec%9d%bc\/","name":"","isPartOf":{"@id":"https:\/\/naturalpoland.com\/ko\/#website"},"primaryImageOfPage":{"@id":"https:\/\/naturalpoland.com\/ko\/je-pum\/sig-pum-won-ryo\/sig-yong-yu\/%eb%83%89%ec%95%95%ec%b0%a9-%eb%a1%9c%ec%a6%88%ed%9e%99-%ec%94%a8%eb%93%9c-%ec%98%a4%ec%9d%bc\/#primaryimage"},"image":{"@id":"https:\/\/naturalpoland.com\/ko\/je-pum\/sig-pum-won-ryo\/sig-yong-yu\/%eb%83%89%ec%95%95%ec%b0%a9-%eb%a1%9c%ec%a6%88%ed%9e%99-%ec%94%a8%eb%93%9c-%ec%98%a4%ec%9d%bc\/#primaryimage"},"thumbnailUrl":"https:\/\/naturalpoland.com\/wp-content\/uploads\/olej-z-nasion-dzikiej-rozy.webp","datePublished":"2021-05-11T11:50:10+00:00","dateModified":"2026-02-05T11:01:32+00:00","description":"\ub85c\uc988\ud799 \uc624\uc77c\uc740 \ub85c\uc988\ud799 \uc528\uc557\uc744 \ub0c9\uc555\ucc29\ud558\uc5ec \ub9cc\ub4ed\ub2c8\ub2e4. \uc774 \uc81c\ud488\uc740 \ub2e4\uc591\ud55c \ud53c\ubd80 \ud0c0\uc785 \uad00\ub9ac\uc5d0 \uc0ac\uc6a9\ub429\ub2c8\ub2e4.","breadcrumb":{"@id":"https:\/\/naturalpoland.com\/ko\/je-pum\/sig-pum-won-ryo\/sig-yong-yu\/%eb%83%89%ec%95%95%ec%b0%a9-%eb%a1%9c%ec%a6%88%ed%9e%99-%ec%94%a8%eb%93%9c-%ec%98%a4%ec%9d%bc\/#breadcrumb"},"inLanguage":"ko-KR","potentialAction":[{"@type":"ReadAction","target":["https:\/\/naturalpoland.com\/ko\/je-pum\/sig-pum-won-ryo\/sig-yong-yu\/%eb%83%89%ec%95%95%ec%b0%a9-%eb%a1%9c%ec%a6%88%ed%9e%99-%ec%94%a8%eb%93%9c-%ec%98%a4%ec%9d%bc\/"]}]},{"@type":"ImageObject","inLanguage":"ko-KR","@id":"https:\/\/naturalpoland.com\/ko\/je-pum\/sig-pum-won-ryo\/sig-yong-yu\/%eb%83%89%ec%95%95%ec%b0%a9-%eb%a1%9c%ec%a6%88%ed%9e%99-%ec%94%a8%eb%93%9c-%ec%98%a4%ec%9d%bc\/#primaryimage","url":"https:\/\/naturalpoland.com\/wp-content\/uploads\/olej-z-nasion-dzikiej-rozy.webp","contentUrl":"https:\/\/naturalpoland.com\/wp-content\/uploads\/olej-z-nasion-dzikiej-rozy.webp","width":1024,"height":1024,"caption":"\ub85c\uc988\ud799 \uc528\ub4dc \uc624\uc77c"},{"@type":"BreadcrumbList","@id":"https:\/\/naturalpoland.com\/ko\/je-pum\/sig-pum-won-ryo\/sig-yong-yu\/%eb%83%89%ec%95%95%ec%b0%a9-%eb%a1%9c%ec%a6%88%ed%9e%99-%ec%94%a8%eb%93%9c-%ec%98%a4%ec%9d%bc\/#breadcrumb","itemListElement":[{"@type":"ListItem","position":1,"name":"\ud648","item":"https:\/\/naturalpoland.com\/ko\/"},{"@type":"ListItem","position":2,"name":"\uc81c\ud488","item":"https:\/\/naturalpoland.com\/ko\/%ec%a0%9c%ed%92%88\/"},{"@type":"ListItem","position":3,"name":"\ub0c9\uc555\ucc29 \ub85c\uc988\ud799 \uc528\ub4dc \uc624\uc77c"}]},{"@type":"WebSite","@id":"https:\/\/naturalpoland.com\/ko\/#website","url":"https:\/\/naturalpoland.com\/ko\/","name":"NATURAL POLAND - Hurtowy Dystrybutor Surowc\u00f3w","description":"Surowce dla przemys\u0142u spo\u017cywczego, kosmetycznego i farmaceutycznego","publisher":{"@id":"https:\/\/naturalpoland.com\/ko\/#organization"},"potentialAction":[{"@type":"SearchAction","target":{"@type":"EntryPoint","urlTemplate":"https:\/\/naturalpoland.com\/ko\/?s={search_term_string}"},"query-input":{"@type":"PropertyValueSpecification","valueRequired":true,"valueName":"search_term_string"}}],"inLanguage":"ko-KR"},{"@type":"Organization","@id":"https:\/\/naturalpoland.com\/ko\/#organization","name":"Natural Poland","url":"https:\/\/naturalpoland.com\/ko\/","logo":{"@type":"ImageObject","inLanguage":"ko-KR","@id":"https:\/\/naturalpoland.com\/ko\/#\/schema\/logo\/image\/","url":"https:\/\/naturalpoland.com\/wp-content\/uploads\/2021\/05\/natural-poland-icon.png","contentUrl":"https:\/\/naturalpoland.com\/wp-content\/uploads\/2021\/05\/natural-poland-icon.png","width":512,"height":512,"caption":"Natural Poland"},"image":{"@id":"https:\/\/naturalpoland.com\/ko\/#\/schema\/logo\/image\/"},"sameAs":["https:\/\/www.facebook.com\/naturalpoland.b2b","https:\/\/pl.linkedin.com\/company\/natural-poland","https:\/\/www.youtube.com\/channel\/UCgeGGkvOMahZo-xu_MSEWxg"]}]}},"_links":{"self":[{"href":"https:\/\/naturalpoland.com\/ko\/wp-json\/wp\/v2\/product\/45656","targetHints":{"allow":["GET"]}}],"collection":[{"href":"https:\/\/naturalpoland.com\/ko\/wp-json\/wp\/v2\/product"}],"about":[{"href":"https:\/\/naturalpoland.com\/ko\/wp-json\/wp\/v2\/types\/product"}],"wp:featuredmedia":[{"embeddable":true,"href":"https:\/\/naturalpoland.com\/ko\/wp-json\/wp\/v2\/media\/45661"}],"wp:attachment":[{"href":"https:\/\/naturalpoland.com\/ko\/wp-json\/wp\/v2\/media?parent=45656"}],"wp:term":[{"taxonomy":"product_brand","embeddable":true,"href":"https:\/\/naturalpoland.com\/ko\/wp-json\/wp\/v2\/product_brand?post=45656"},{"taxonomy":"product_cat","embeddable":true,"href":"https:\/\/naturalpoland.com\/ko\/wp-json\/wp\/v2\/product_cat?post=45656"},{"taxonomy":"product_tag","embeddable":true,"href":"https:\/\/naturalpoland.com\/ko\/wp-json\/wp\/v2\/product_tag?post=45656"}],"curies":[{"name":"wp","href":"https:\/\/api.w.org\/{rel}","templated":true}]}}