{"id":45668,"date":"2021-05-11T13:49:21","date_gmt":"2021-05-11T11:49:21","guid":{"rendered":"https:\/\/naturalpoland.com\/produkty\/uncategorized\/%eb%8c%80%eb%91%90%ec%9c%a0\/"},"modified":"2026-02-05T12:17:40","modified_gmt":"2026-02-05T11:17:40","slug":"%eb%8c%80%eb%91%90%ec%9c%a0","status":"publish","type":"product","link":"https:\/\/naturalpoland.com\/ko\/je-pum\/sig-yong-mit-hwa-jang-pum-yong-o-il\/%eb%8c%80%eb%91%90%ec%9c%a0\/","title":{"rendered":"\ub300\ub450\uc720"},"content":{"rendered":"<h2>\uc2dd\uc6a9:<\/h2>\n<p>\ube44\uc815\uc81c \ub300\ub450\uc720\ub294 \uc624\uba54\uac00-3 \ubc0f \uc624\uba54\uac00-6 \uc9c0\ubc29\uc0b0, \ube44\ud0c0\ubbfc(\ud2b9\ud788 <a href=\"https:\/\/naturalpoland.com\/ko\/je-pum\/ui-yak-pum-won-ryo\/bi-ta-min\/bitamin-e-tokoperil-aseteiteu\/\">\ube44\ud0c0\ubbfc E<\/a>) \ubc0f \ud53c\ud1a0\uc2a4\ud14c\ub864\uc774 \ud48d\ubd80\ud569\ub2c8\ub2e4. \uc774\ub7ec\ud55c \uc601\uc591\uc18c\ub294 \uc2ec\uc7a5 \uac74\uac15\uc744 \uc9c0\uc6d0\ud558\uace0 \ub1cc \uae30\ub2a5\uc744 \uac1c\uc120\ud558\uba70 \uba74\uc5ed \uccb4\uacc4\ub97c \uac15\ud654\ud569\ub2c8\ub2e4. <\/p>\n<p>\ube44\uc815\uc81c \ub300\ub450\uc720\ub294 <strong>\uc720\ud654<\/strong> \ubc0f \uc548\uc815\ud654 \ud2b9\uc131\uc73c\ub85c\ub3c4 \ub192\uc774 \ud3c9\uac00\ub418\uc5b4, \uc548\uc815\uc801\uc778 \ub18d\ub3c4\uac00 \ud544\uc694\ud55c \uc18c\uc2a4, \ub9c8\uc694\ub124\uc988, \ub9c8\uac00\ub9b0 \ubc0f \uae30\ud0c0 \uc2dd\ud488 \uc0dd\uc0b0\uc5d0 \uc774\uc0c1\uc801\uc778 \uc131\ubd84\uc785\ub2c8\ub2e4. \uc774\ub294 \uade0\uc77c\ud55c \uc9c8\uac10\uc744 \uc720\uc9c0\ud558\uace0 \uc131\ubd84 \ubd84\ub9ac\ub97c \ubc29\uc9c0\ud558\ub294 \ub370 \ub3c4\uc6c0\uc744 \uc90d\ub2c8\ub2e4. <\/p>\n<h2>\ud654\uc7a5\ud488 \ud65c\uc6a9:<\/h2>\n<p>\uc774 \uc624\uc77c\uc740 \ud654\uc7a5\ud488, \ud2b9\ud788 \uc131\uc219\ud558\uace0 \ub9e4\uc6b0 \uac74\uc870\ud558\uba70 \uac70\uce5c \ud53c\ubd80 \uad00\ub9ac\ub97c \uc704\ud55c \uc81c\ud488\uc758 \ub9e4\uc6b0 \uc911\uc694\ud55c \uc131\ubd84\uc785\ub2c8\ub2e4. \ud48d\ubd80\ud55c \uc131\ubd84\uc740 \ud53c\ubd80\uc5d0 \ud0c1\uc6d4\ud55c \ud0c4\ub825\uc744 \ubd80\uc5ec\ud558\uace0 \ub178\ud654 \uacfc\uc815\uc744 \uc9c0\uc5f0\uc2dc\ud0ac \uc218 \uc788\uc2b5\ub2c8\ub2e4. \ub300\ub450\uc720\ub294 \ud6cc\ub96d\ud55c <strong>\uc5f0\ud654\uc81c<\/strong>\ub77c\ub294 \uc810\uc5d0\uc11c \ub450\ub4dc\ub7ec\uc9d1\ub2c8\ub2e4. \uccb4\ub0b4 \uc218\ubd84\uc744 \ud6a8\uacfc\uc801\uc73c\ub85c \uc720\uc9c0\ud569\ub2c8\ub2e4. \uc774\ub7ec\ud55c \uc774\uc720\ub85c \uac74\uc870\ud55c \ud53c\ubd80\uc5d0 \uc218\ubd84\uc744 \uacf5\uae09\ud560 \ubfd0\ub9cc \uc544\ub2c8\ub77c \uac74\uc870\ub85c\ubd80\ud130 \ubcf4\ud638\ud560 \uc218 \uc788\uc2b5\ub2c8\ub2e4. \ub192\uc740 \ube44\ud0c0\ubbfc E, \ud50c\ub77c\ubcf4\ub178\uc774\ub4dc, \uc2a4\ud14c\ub864\ub9b0 \ubc0f \ub808\uc2dc\ud2f4 \ud568\ub7c9\uc740 \ud53c\ubd80\uc5d0 \uae4a\uc740 \uc601\uc591\uc744 \uacf5\uae09\ud558\uace0 \uc7ac\uc0dd\ud558\uba70 \uc678\uad00\uc744 \uac1c\uc120\ud569\ub2c8\ub2e4. \uc774 \uc624\uc77c\uc740 \ubaa8\ubc1c \ubc0f \ub450\ud53c \uad00\ub9ac\uc5d0\ub3c4 \uc801\ud569\ud569\ub2c8\ub2e4.      <\/p>\n","protected":false},"excerpt":{"rendered":"<p>\ube44\uc815\uc81c \ub300\ub450\uc720\ub294 \ub300\ub450(<em>Glycine max<\/em>) \uc528\uc557\uc744 \ub0c9\uc555\ucc29\ud558\uc5ec \uc5bb\uc2b5\ub2c8\ub2e4. \uc774 \uc81c\ud488\uc740 \uc815\uc81c \uacfc\uc815\uc744 \uac70\uce58\uc9c0 \uc54a\uc544 \ubaa8\ub4e0 \uadc0\uc911\ud55c \uc601\uc591\uc18c\uc640 \uac74\uac15\uc0c1\uc758 \uc774\uc810\uc744 \ubcf4\uc874\ud569\ub2c8\ub2e4. \uc8fc\ub85c \uc2dd\ud488 \ubd84\uc57c\uc5d0 \uc0ac\uc6a9\ub418\ub294 \uc81c\ud488\uc785\ub2c8\ub2e4.  <\/p>\n","protected":false},"featured_media":45669,"template":"","meta":{"_acf_changed":false},"product_brand":[],"product_cat":[8135],"product_tag":[],"class_list":{"0":"post-45668","1":"product","2":"type-product","3":"status-publish","4":"has-post-thumbnail","6":"product_cat-sig-yong-mit-hwa-jang-pum-yong-o-il","8":"first","9":"instock","10":"shipping-taxable","11":"product-type-simple"},"acf":[],"yoast_head":"<!-- This site is optimized with the Yoast SEO plugin v27.5 - https:\/\/yoast.com\/product\/yoast-seo-wordpress\/ -->\n<title>NATURAL POLAND &#8211; Hurtowy Dystrybutor Surowc\u00f3w<\/title>\n<meta name=\"description\" content=\"\ube44\uc815\uc81c \ub300\ub450\uc720\ub294 \uc2dd\ud488, \ud654\uc7a5\ud488, \uc81c\uc57d \uc0b0\uc5c5\uc5d0\uc11c \ud3ed\ub113\uac8c \ud65c\uc6a9\ub418\ub294 \ub2e4\uc6a9\ub3c4 \uc81c\ud488\uc785\ub2c8\ub2e4.\" \/>\n<meta name=\"robots\" content=\"index, follow, max-snippet:-1, max-image-preview:large, max-video-preview:-1\" \/>\n<link rel=\"canonical\" href=\"https:\/\/naturalpoland.com\/ko\/je-pum\/sig-yong-mit-hwa-jang-pum-yong-o-il\/%eb%8c%80%eb%91%90%ec%9c%a0\/\" \/>\n<meta property=\"og:locale\" content=\"ko_KR\" \/>\n<meta property=\"og:type\" content=\"article\" \/>\n<meta property=\"og:description\" content=\"\ube44\uc815\uc81c \ub300\ub450\uc720\ub294 \uc2dd\ud488, \ud654\uc7a5\ud488, \uc81c\uc57d \uc0b0\uc5c5\uc5d0\uc11c \ud3ed\ub113\uac8c \ud65c\uc6a9\ub418\ub294 \ub2e4\uc6a9\ub3c4 \uc81c\ud488\uc785\ub2c8\ub2e4.\" \/>\n<meta property=\"og:url\" content=\"https:\/\/naturalpoland.com\/ko\/je-pum\/sig-yong-mit-hwa-jang-pum-yong-o-il\/%eb%8c%80%eb%91%90%ec%9c%a0\/\" \/>\n<meta property=\"og:site_name\" content=\"NATURAL POLAND - Hurtowy Dystrybutor Surowc\u00f3w\" \/>\n<meta property=\"article:publisher\" content=\"https:\/\/www.facebook.com\/naturalpoland.b2b\" \/>\n<meta property=\"article:modified_time\" content=\"2026-02-05T11:17:40+00:00\" \/>\n<meta property=\"og:image\" content=\"https:\/\/naturalpoland.com\/wp-content\/uploads\/2021\/05\/soybean-oil.jpg\" \/>\n\t<meta property=\"og:image:width\" content=\"1420\" \/>\n\t<meta property=\"og:image:height\" content=\"1338\" \/>\n\t<meta property=\"og:image:type\" content=\"image\/jpeg\" \/>\n<script type=\"application\/ld+json\" class=\"yoast-schema-graph\">{\"@context\":\"https:\\\/\\\/schema.org\",\"@graph\":[{\"@type\":\"WebPage\",\"@id\":\"https:\\\/\\\/naturalpoland.com\\\/ko\\\/je-pum\\\/sig-yong-mit-hwa-jang-pum-yong-o-il\\\/%eb%8c%80%eb%91%90%ec%9c%a0\\\/\",\"url\":\"https:\\\/\\\/naturalpoland.com\\\/ko\\\/je-pum\\\/sig-yong-mit-hwa-jang-pum-yong-o-il\\\/%eb%8c%80%eb%91%90%ec%9c%a0\\\/\",\"name\":\"\",\"isPartOf\":{\"@id\":\"https:\\\/\\\/naturalpoland.com\\\/ko\\\/#website\"},\"primaryImageOfPage\":{\"@id\":\"https:\\\/\\\/naturalpoland.com\\\/ko\\\/je-pum\\\/sig-yong-mit-hwa-jang-pum-yong-o-il\\\/%eb%8c%80%eb%91%90%ec%9c%a0\\\/#primaryimage\"},\"image\":{\"@id\":\"https:\\\/\\\/naturalpoland.com\\\/ko\\\/je-pum\\\/sig-yong-mit-hwa-jang-pum-yong-o-il\\\/%eb%8c%80%eb%91%90%ec%9c%a0\\\/#primaryimage\"},\"thumbnailUrl\":\"https:\\\/\\\/naturalpoland.com\\\/wp-content\\\/uploads\\\/2021\\\/05\\\/soybean-oil.jpg\",\"datePublished\":\"2021-05-11T11:49:21+00:00\",\"dateModified\":\"2026-02-05T11:17:40+00:00\",\"description\":\"\ube44\uc815\uc81c \ub300\ub450\uc720\ub294 \uc2dd\ud488, \ud654\uc7a5\ud488, \uc81c\uc57d \uc0b0\uc5c5\uc5d0\uc11c \ud3ed\ub113\uac8c \ud65c\uc6a9\ub418\ub294 \ub2e4\uc6a9\ub3c4 \uc81c\ud488\uc785\ub2c8\ub2e4.\",\"breadcrumb\":{\"@id\":\"https:\\\/\\\/naturalpoland.com\\\/ko\\\/je-pum\\\/sig-yong-mit-hwa-jang-pum-yong-o-il\\\/%eb%8c%80%eb%91%90%ec%9c%a0\\\/#breadcrumb\"},\"inLanguage\":\"ko-KR\",\"potentialAction\":[{\"@type\":\"ReadAction\",\"target\":[\"https:\\\/\\\/naturalpoland.com\\\/ko\\\/je-pum\\\/sig-yong-mit-hwa-jang-pum-yong-o-il\\\/%eb%8c%80%eb%91%90%ec%9c%a0\\\/\"]}]},{\"@type\":\"ImageObject\",\"inLanguage\":\"ko-KR\",\"@id\":\"https:\\\/\\\/naturalpoland.com\\\/ko\\\/je-pum\\\/sig-yong-mit-hwa-jang-pum-yong-o-il\\\/%eb%8c%80%eb%91%90%ec%9c%a0\\\/#primaryimage\",\"url\":\"https:\\\/\\\/naturalpoland.com\\\/wp-content\\\/uploads\\\/2021\\\/05\\\/soybean-oil.jpg\",\"contentUrl\":\"https:\\\/\\\/naturalpoland.com\\\/wp-content\\\/uploads\\\/2021\\\/05\\\/soybean-oil.jpg\",\"width\":1420,\"height\":1338,\"caption\":\"\ub300\ub450\uc720\"},{\"@type\":\"BreadcrumbList\",\"@id\":\"https:\\\/\\\/naturalpoland.com\\\/ko\\\/je-pum\\\/sig-yong-mit-hwa-jang-pum-yong-o-il\\\/%eb%8c%80%eb%91%90%ec%9c%a0\\\/#breadcrumb\",\"itemListElement\":[{\"@type\":\"ListItem\",\"position\":1,\"name\":\"\ud648\",\"item\":\"https:\\\/\\\/naturalpoland.com\\\/ko\\\/\"},{\"@type\":\"ListItem\",\"position\":2,\"name\":\"\uc81c\ud488\",\"item\":\"https:\\\/\\\/naturalpoland.com\\\/ko\\\/%ec%a0%9c%ed%92%88\\\/\"},{\"@type\":\"ListItem\",\"position\":3,\"name\":\"\ub300\ub450\uc720\"}]},{\"@type\":\"WebSite\",\"@id\":\"https:\\\/\\\/naturalpoland.com\\\/ko\\\/#website\",\"url\":\"https:\\\/\\\/naturalpoland.com\\\/ko\\\/\",\"name\":\"NATURAL POLAND - Hurtowy Dystrybutor Surowc\u00f3w\",\"description\":\"Surowce dla przemys\u0142u spo\u017cywczego, kosmetycznego i farmaceutycznego\",\"publisher\":{\"@id\":\"https:\\\/\\\/naturalpoland.com\\\/ko\\\/#organization\"},\"potentialAction\":[{\"@type\":\"SearchAction\",\"target\":{\"@type\":\"EntryPoint\",\"urlTemplate\":\"https:\\\/\\\/naturalpoland.com\\\/ko\\\/?s={search_term_string}\"},\"query-input\":{\"@type\":\"PropertyValueSpecification\",\"valueRequired\":true,\"valueName\":\"search_term_string\"}}],\"inLanguage\":\"ko-KR\"},{\"@type\":\"Organization\",\"@id\":\"https:\\\/\\\/naturalpoland.com\\\/ko\\\/#organization\",\"name\":\"Natural Poland\",\"url\":\"https:\\\/\\\/naturalpoland.com\\\/ko\\\/\",\"logo\":{\"@type\":\"ImageObject\",\"inLanguage\":\"ko-KR\",\"@id\":\"https:\\\/\\\/naturalpoland.com\\\/ko\\\/#\\\/schema\\\/logo\\\/image\\\/\",\"url\":\"https:\\\/\\\/naturalpoland.com\\\/wp-content\\\/uploads\\\/2021\\\/05\\\/natural-poland-icon.png\",\"contentUrl\":\"https:\\\/\\\/naturalpoland.com\\\/wp-content\\\/uploads\\\/2021\\\/05\\\/natural-poland-icon.png\",\"width\":512,\"height\":512,\"caption\":\"Natural Poland\"},\"image\":{\"@id\":\"https:\\\/\\\/naturalpoland.com\\\/ko\\\/#\\\/schema\\\/logo\\\/image\\\/\"},\"sameAs\":[\"https:\\\/\\\/www.facebook.com\\\/naturalpoland.b2b\",\"https:\\\/\\\/pl.linkedin.com\\\/company\\\/natural-poland\",\"https:\\\/\\\/www.youtube.com\\\/channel\\\/UCgeGGkvOMahZo-xu_MSEWxg\"]}]}<\/script>\n<!-- \/ Yoast SEO plugin. -->","yoast_head_json":{"title":"NATURAL POLAND &#8211; Hurtowy Dystrybutor Surowc\u00f3w","description":"\ube44\uc815\uc81c \ub300\ub450\uc720\ub294 \uc2dd\ud488, \ud654\uc7a5\ud488, \uc81c\uc57d \uc0b0\uc5c5\uc5d0\uc11c \ud3ed\ub113\uac8c \ud65c\uc6a9\ub418\ub294 \ub2e4\uc6a9\ub3c4 \uc81c\ud488\uc785\ub2c8\ub2e4.","robots":{"index":"index","follow":"follow","max-snippet":"max-snippet:-1","max-image-preview":"max-image-preview:large","max-video-preview":"max-video-preview:-1"},"canonical":"https:\/\/naturalpoland.com\/ko\/je-pum\/sig-yong-mit-hwa-jang-pum-yong-o-il\/%eb%8c%80%eb%91%90%ec%9c%a0\/","og_locale":"ko_KR","og_type":"article","og_description":"\ube44\uc815\uc81c \ub300\ub450\uc720\ub294 \uc2dd\ud488, \ud654\uc7a5\ud488, \uc81c\uc57d \uc0b0\uc5c5\uc5d0\uc11c \ud3ed\ub113\uac8c \ud65c\uc6a9\ub418\ub294 \ub2e4\uc6a9\ub3c4 \uc81c\ud488\uc785\ub2c8\ub2e4.","og_url":"https:\/\/naturalpoland.com\/ko\/je-pum\/sig-yong-mit-hwa-jang-pum-yong-o-il\/%eb%8c%80%eb%91%90%ec%9c%a0\/","og_site_name":"NATURAL POLAND - Hurtowy Dystrybutor Surowc\u00f3w","article_publisher":"https:\/\/www.facebook.com\/naturalpoland.b2b","article_modified_time":"2026-02-05T11:17:40+00:00","og_image":[{"width":1420,"height":1338,"url":"https:\/\/naturalpoland.com\/wp-content\/uploads\/2021\/05\/soybean-oil.jpg","type":"image\/jpeg"}],"schema":{"@context":"https:\/\/schema.org","@graph":[{"@type":"WebPage","@id":"https:\/\/naturalpoland.com\/ko\/je-pum\/sig-yong-mit-hwa-jang-pum-yong-o-il\/%eb%8c%80%eb%91%90%ec%9c%a0\/","url":"https:\/\/naturalpoland.com\/ko\/je-pum\/sig-yong-mit-hwa-jang-pum-yong-o-il\/%eb%8c%80%eb%91%90%ec%9c%a0\/","name":"","isPartOf":{"@id":"https:\/\/naturalpoland.com\/ko\/#website"},"primaryImageOfPage":{"@id":"https:\/\/naturalpoland.com\/ko\/je-pum\/sig-yong-mit-hwa-jang-pum-yong-o-il\/%eb%8c%80%eb%91%90%ec%9c%a0\/#primaryimage"},"image":{"@id":"https:\/\/naturalpoland.com\/ko\/je-pum\/sig-yong-mit-hwa-jang-pum-yong-o-il\/%eb%8c%80%eb%91%90%ec%9c%a0\/#primaryimage"},"thumbnailUrl":"https:\/\/naturalpoland.com\/wp-content\/uploads\/2021\/05\/soybean-oil.jpg","datePublished":"2021-05-11T11:49:21+00:00","dateModified":"2026-02-05T11:17:40+00:00","description":"\ube44\uc815\uc81c \ub300\ub450\uc720\ub294 \uc2dd\ud488, \ud654\uc7a5\ud488, \uc81c\uc57d \uc0b0\uc5c5\uc5d0\uc11c \ud3ed\ub113\uac8c \ud65c\uc6a9\ub418\ub294 \ub2e4\uc6a9\ub3c4 \uc81c\ud488\uc785\ub2c8\ub2e4.","breadcrumb":{"@id":"https:\/\/naturalpoland.com\/ko\/je-pum\/sig-yong-mit-hwa-jang-pum-yong-o-il\/%eb%8c%80%eb%91%90%ec%9c%a0\/#breadcrumb"},"inLanguage":"ko-KR","potentialAction":[{"@type":"ReadAction","target":["https:\/\/naturalpoland.com\/ko\/je-pum\/sig-yong-mit-hwa-jang-pum-yong-o-il\/%eb%8c%80%eb%91%90%ec%9c%a0\/"]}]},{"@type":"ImageObject","inLanguage":"ko-KR","@id":"https:\/\/naturalpoland.com\/ko\/je-pum\/sig-yong-mit-hwa-jang-pum-yong-o-il\/%eb%8c%80%eb%91%90%ec%9c%a0\/#primaryimage","url":"https:\/\/naturalpoland.com\/wp-content\/uploads\/2021\/05\/soybean-oil.jpg","contentUrl":"https:\/\/naturalpoland.com\/wp-content\/uploads\/2021\/05\/soybean-oil.jpg","width":1420,"height":1338,"caption":"\ub300\ub450\uc720"},{"@type":"BreadcrumbList","@id":"https:\/\/naturalpoland.com\/ko\/je-pum\/sig-yong-mit-hwa-jang-pum-yong-o-il\/%eb%8c%80%eb%91%90%ec%9c%a0\/#breadcrumb","itemListElement":[{"@type":"ListItem","position":1,"name":"\ud648","item":"https:\/\/naturalpoland.com\/ko\/"},{"@type":"ListItem","position":2,"name":"\uc81c\ud488","item":"https:\/\/naturalpoland.com\/ko\/%ec%a0%9c%ed%92%88\/"},{"@type":"ListItem","position":3,"name":"\ub300\ub450\uc720"}]},{"@type":"WebSite","@id":"https:\/\/naturalpoland.com\/ko\/#website","url":"https:\/\/naturalpoland.com\/ko\/","name":"NATURAL POLAND - Hurtowy Dystrybutor Surowc\u00f3w","description":"Surowce dla przemys\u0142u spo\u017cywczego, kosmetycznego i farmaceutycznego","publisher":{"@id":"https:\/\/naturalpoland.com\/ko\/#organization"},"potentialAction":[{"@type":"SearchAction","target":{"@type":"EntryPoint","urlTemplate":"https:\/\/naturalpoland.com\/ko\/?s={search_term_string}"},"query-input":{"@type":"PropertyValueSpecification","valueRequired":true,"valueName":"search_term_string"}}],"inLanguage":"ko-KR"},{"@type":"Organization","@id":"https:\/\/naturalpoland.com\/ko\/#organization","name":"Natural Poland","url":"https:\/\/naturalpoland.com\/ko\/","logo":{"@type":"ImageObject","inLanguage":"ko-KR","@id":"https:\/\/naturalpoland.com\/ko\/#\/schema\/logo\/image\/","url":"https:\/\/naturalpoland.com\/wp-content\/uploads\/2021\/05\/natural-poland-icon.png","contentUrl":"https:\/\/naturalpoland.com\/wp-content\/uploads\/2021\/05\/natural-poland-icon.png","width":512,"height":512,"caption":"Natural Poland"},"image":{"@id":"https:\/\/naturalpoland.com\/ko\/#\/schema\/logo\/image\/"},"sameAs":["https:\/\/www.facebook.com\/naturalpoland.b2b","https:\/\/pl.linkedin.com\/company\/natural-poland","https:\/\/www.youtube.com\/channel\/UCgeGGkvOMahZo-xu_MSEWxg"]}]}},"_links":{"self":[{"href":"https:\/\/naturalpoland.com\/ko\/wp-json\/wp\/v2\/product\/45668","targetHints":{"allow":["GET"]}}],"collection":[{"href":"https:\/\/naturalpoland.com\/ko\/wp-json\/wp\/v2\/product"}],"about":[{"href":"https:\/\/naturalpoland.com\/ko\/wp-json\/wp\/v2\/types\/product"}],"wp:featuredmedia":[{"embeddable":true,"href":"https:\/\/naturalpoland.com\/ko\/wp-json\/wp\/v2\/media\/45669"}],"wp:attachment":[{"href":"https:\/\/naturalpoland.com\/ko\/wp-json\/wp\/v2\/media?parent=45668"}],"wp:term":[{"taxonomy":"product_brand","embeddable":true,"href":"https:\/\/naturalpoland.com\/ko\/wp-json\/wp\/v2\/product_brand?post=45668"},{"taxonomy":"product_cat","embeddable":true,"href":"https:\/\/naturalpoland.com\/ko\/wp-json\/wp\/v2\/product_cat?post=45668"},{"taxonomy":"product_tag","embeddable":true,"href":"https:\/\/naturalpoland.com\/ko\/wp-json\/wp\/v2\/product_tag?post=45668"}],"curies":[{"name":"wp","href":"https:\/\/api.w.org\/{rel}","templated":true}]}}