{"id":45764,"date":"2025-02-04T12:08:24","date_gmt":"2025-02-04T11:08:24","guid":{"rendered":"https:\/\/naturalpoland.com\/produkty\/uncategorized\/%eb%a1%9c%ec%8a%a4%ed%8c%85-%ec%bb%a4%ed%94%bc%ec%bd%a9-%ec%98%a4%ec%9d%bc\/"},"modified":"2026-02-10T15:17:08","modified_gmt":"2026-02-10T14:17:08","slug":"%eb%a1%9c%ec%8a%a4%ed%8c%85-%ec%bb%a4%ed%94%bc%ec%bd%a9-%ec%98%a4%ec%9d%bc","status":"publish","type":"product","link":"https:\/\/naturalpoland.com\/ko\/je-pum\/sig-yong-mit-hwa-jang-pum-yong-o-il\/%eb%a1%9c%ec%8a%a4%ed%8c%85-%ec%bb%a4%ed%94%bc%ec%bd%a9-%ec%98%a4%ec%9d%bc\/","title":{"rendered":"\ub85c\uc2a4\ud305 \ucee4\ud53c\ucf69 \uc624\uc77c"},"content":{"rendered":"<h2>\ub85c\uc2a4\ud305 \ucee4\ud53c \uc624\uc77c\uc758 \ud2b9\uc131 \ubc0f \ud65c\uc6a9<\/h2>\n<p>\ud53c\ubd80\uc5d0 \ubc14\ub974\ub294 \ub85c\uc2a4\ud305 \ucee4\ud53c\ucf69 \uc624\uc77c\uc740 <strong>\uc7ac\uc0dd \ubc0f \uc8fc\ub984 \uac1c\uc120 \ud2b9\uc131<\/strong>\uc744 \uac00\uc9c0\uace0 \uc788\uc2b5\ub2c8\ub2e4. \ucee4\ud53c\ub294 \uc0ac\ub78c\uc758 \ud53c\ubd80\uc640 \uc815\ud655\ud788 \ub3d9\uc77c\ud55c pH \uc218\uc900\uc744 \uac00\uc9c0\uace0 \uc788\uc5b4 \uc801\uc808\ud55c \uc218\ubd84 \uacf5\uae09\uc744 \uc720\uc9c0\ud558\ub294 \ub370 \ub3c4\uc6c0\uc744 \uc90d\ub2c8\ub2e4. \uc774 \uc81c\ud488\uc740 \uace0\ud488\uc9c8 \uc548\ud2f0\uc5d0\uc774\uc9d5 \uc81c\ud615\uc5d0 \uc790\uc8fc \uc0ac\uc6a9\ub429\ub2c8\ub2e4.  <\/p>\n<p>\uc774 \uc624\uc77c\uc758 \ub2e4\ub978 \ud2b9\uc131\uc73c\ub85c\ub294 <strong>\ucf5c\ub77c\uac90 \ud569\uc131\uc744 \uc9c0\uc6d0\ud558\uace0 \ud53c\ubd80\uc758 \ud761\uc2b5\uc131\uc744 \uc790\uadf9\ud558\ub294 \uac83<\/strong>\uc744 \ub4e4 \uc218 \uc788\uc2b5\ub2c8\ub2e4.<\/p>\n<p><strong>\ub85c\uc2a4\ud305 \ucee4\ud53c\uc758 \uae30\ubd84 \uc88b\uc740 \ud5a5<\/strong> \ub355\ubd84\uc5d0 \uc774 \uc624\uc77c\uc740 \uc544\ub85c\ub9c8\ud14c\ub77c\ud53c\uc640 \ub9c8\uc0ac\uc9c0, \uadf8\ub9ac\uace0 \uc2a4\ud30c \uc81c\ud488\uc758 \uc131\ubd84\uc73c\ub85c\ub3c4 \ud65c\uc6a9\ub429\ub2c8\ub2e4.<\/p>\n<p>\ub85c\uc2a4\ud305 \ucee4\ud53c\ucf69 \uc624\uc77c\uc740 \ud48d\ubd80\ud55c \ub9db\uacfc \ud5a5\uc73c\ub85c \uc778\ud574 <strong>\ub514\uc800\ud2b8 \ubc0f \uc544\uc774\uc2a4\ud06c\ub9bc\uc758 \uc131\ubd84\uc73c\ub85c \uc2dd\ud488 \uc0b0\uc5c5<\/strong>\uc5d0\uc11c\ub3c4 \uc0ac\uc6a9\ub420 \uc218 \uc788\uc2b5\ub2c8\ub2e4.<\/p>\n","protected":false},"excerpt":{"rendered":"<p><strong>\ub85c\uc2a4\ud305 \ucee4\ud53c\ucf69 \uc624\uc77c<\/strong>\uc740 <em>\uc544\ub77c\ube44\uce74 \ucee4\ud53c(Coffea arabica)<\/em> \uc2dd\ubb3c\uc758 \ub85c\uc2a4\ud305\ub41c \ucf69\uc5d0\uc11c \ub0c9\uc555\ucc29 \ubc29\uc2dd\uc73c\ub85c \ucd94\ucd9c\ub429\ub2c8\ub2e4. \uac15\ub82c\ud55c \ucee4\ud53c \ud5a5\uc774 \ud2b9\uc9d5\uc785\ub2c8\ub2e4. <\/p>\n","protected":false},"featured_media":45765,"template":"","meta":{"_acf_changed":false},"product_brand":[],"product_cat":[8135],"product_tag":[],"class_list":{"0":"post-45764","1":"product","2":"type-product","3":"status-publish","4":"has-post-thumbnail","6":"product_cat-sig-yong-mit-hwa-jang-pum-yong-o-il","8":"first","9":"instock","10":"shipping-taxable","11":"product-type-simple"},"acf":[],"yoast_head":"<!-- This site is optimized with the Yoast SEO plugin v27.4 - https:\/\/yoast.com\/product\/yoast-seo-wordpress\/ -->\n<title>\ub85c\uc2a4\ud305 \ucee4\ud53c\ucf69 \uc624\uc77c - Hurtowy Dystrybutor<\/title>\n<meta name=\"description\" content=\"\ub85c\uc2a4\ud305 \ucee4\ud53c\ucf69 \uc624\uc77c\uc740 \uc544\ub77c\ube44\uce74 \ucee4\ud53c(Coffea arabica) \uc2dd\ubb3c\uc758 \ub85c\uc2a4\ud305\ub41c \ucf69\uc5d0\uc11c \ub0c9\uc555\ucc29 \ubc29\uc2dd\uc73c\ub85c \ucd94\ucd9c\ub429\ub2c8\ub2e4. \uac15\ub82c\ud55c \ucee4\ud53c \ud5a5\uc774 \ud2b9\uc9d5\uc785\ub2c8\ub2e4.\" \/>\n<meta name=\"robots\" content=\"index, follow, max-snippet:-1, max-image-preview:large, max-video-preview:-1\" \/>\n<link rel=\"canonical\" href=\"https:\/\/naturalpoland.com\/ko\/je-pum\/sig-yong-mit-hwa-jang-pum-yong-o-il\/%eb%a1%9c%ec%8a%a4%ed%8c%85-%ec%bb%a4%ed%94%bc%ec%bd%a9-%ec%98%a4%ec%9d%bc\/\" \/>\n<meta property=\"og:locale\" content=\"ko_KR\" \/>\n<meta property=\"og:type\" content=\"article\" \/>\n<meta property=\"og:title\" content=\"\ub85c\uc2a4\ud305 \ucee4\ud53c\ucf69 \uc624\uc77c - Hurtowy Dystrybutor\" \/>\n<meta property=\"og:description\" content=\"\ub85c\uc2a4\ud305 \ucee4\ud53c\ucf69 \uc624\uc77c\uc740 \uc544\ub77c\ube44\uce74 \ucee4\ud53c(Coffea arabica) \uc2dd\ubb3c\uc758 \ub85c\uc2a4\ud305\ub41c \ucf69\uc5d0\uc11c \ub0c9\uc555\ucc29 \ubc29\uc2dd\uc73c\ub85c \ucd94\ucd9c\ub429\ub2c8\ub2e4. \uac15\ub82c\ud55c \ucee4\ud53c \ud5a5\uc774 \ud2b9\uc9d5\uc785\ub2c8\ub2e4.\" \/>\n<meta property=\"og:url\" content=\"https:\/\/naturalpoland.com\/ko\/je-pum\/sig-yong-mit-hwa-jang-pum-yong-o-il\/%eb%a1%9c%ec%8a%a4%ed%8c%85-%ec%bb%a4%ed%94%bc%ec%bd%a9-%ec%98%a4%ec%9d%bc\/\" \/>\n<meta property=\"og:site_name\" content=\"NATURAL POLAND - Hurtowy Dystrybutor Surowc\u00f3w\" \/>\n<meta property=\"article:publisher\" content=\"https:\/\/www.facebook.com\/naturalpoland.b2b\" \/>\n<meta property=\"article:modified_time\" content=\"2026-02-10T14:17:08+00:00\" \/>\n<meta property=\"og:image\" content=\"https:\/\/naturalpoland.com\/wp-content\/uploads\/olej-z-ziaren-palonej-kawy.webp\" \/>\n\t<meta property=\"og:image:width\" content=\"597\" \/>\n\t<meta property=\"og:image:height\" content=\"597\" \/>\n\t<meta property=\"og:image:type\" content=\"image\/webp\" \/>\n<script type=\"application\/ld+json\" class=\"yoast-schema-graph\">{\"@context\":\"https:\\\/\\\/schema.org\",\"@graph\":[{\"@type\":\"WebPage\",\"@id\":\"https:\\\/\\\/naturalpoland.com\\\/ko\\\/je-pum\\\/sig-yong-mit-hwa-jang-pum-yong-o-il\\\/%eb%a1%9c%ec%8a%a4%ed%8c%85-%ec%bb%a4%ed%94%bc%ec%bd%a9-%ec%98%a4%ec%9d%bc\\\/\",\"url\":\"https:\\\/\\\/naturalpoland.com\\\/ko\\\/je-pum\\\/sig-yong-mit-hwa-jang-pum-yong-o-il\\\/%eb%a1%9c%ec%8a%a4%ed%8c%85-%ec%bb%a4%ed%94%bc%ec%bd%a9-%ec%98%a4%ec%9d%bc\\\/\",\"name\":\"\ub85c\uc2a4\ud305 \ucee4\ud53c\ucf69 \uc624\uc77c - Hurtowy Dystrybutor\",\"isPartOf\":{\"@id\":\"https:\\\/\\\/naturalpoland.com\\\/ko\\\/#website\"},\"primaryImageOfPage\":{\"@id\":\"https:\\\/\\\/naturalpoland.com\\\/ko\\\/je-pum\\\/sig-yong-mit-hwa-jang-pum-yong-o-il\\\/%eb%a1%9c%ec%8a%a4%ed%8c%85-%ec%bb%a4%ed%94%bc%ec%bd%a9-%ec%98%a4%ec%9d%bc\\\/#primaryimage\"},\"image\":{\"@id\":\"https:\\\/\\\/naturalpoland.com\\\/ko\\\/je-pum\\\/sig-yong-mit-hwa-jang-pum-yong-o-il\\\/%eb%a1%9c%ec%8a%a4%ed%8c%85-%ec%bb%a4%ed%94%bc%ec%bd%a9-%ec%98%a4%ec%9d%bc\\\/#primaryimage\"},\"thumbnailUrl\":\"https:\\\/\\\/naturalpoland.com\\\/wp-content\\\/uploads\\\/olej-z-ziaren-palonej-kawy.webp\",\"datePublished\":\"2025-02-04T11:08:24+00:00\",\"dateModified\":\"2026-02-10T14:17:08+00:00\",\"description\":\"\ub85c\uc2a4\ud305 \ucee4\ud53c\ucf69 \uc624\uc77c\uc740 \uc544\ub77c\ube44\uce74 \ucee4\ud53c(Coffea arabica) \uc2dd\ubb3c\uc758 \ub85c\uc2a4\ud305\ub41c \ucf69\uc5d0\uc11c \ub0c9\uc555\ucc29 \ubc29\uc2dd\uc73c\ub85c \ucd94\ucd9c\ub429\ub2c8\ub2e4. \uac15\ub82c\ud55c \ucee4\ud53c \ud5a5\uc774 \ud2b9\uc9d5\uc785\ub2c8\ub2e4.\",\"breadcrumb\":{\"@id\":\"https:\\\/\\\/naturalpoland.com\\\/ko\\\/je-pum\\\/sig-yong-mit-hwa-jang-pum-yong-o-il\\\/%eb%a1%9c%ec%8a%a4%ed%8c%85-%ec%bb%a4%ed%94%bc%ec%bd%a9-%ec%98%a4%ec%9d%bc\\\/#breadcrumb\"},\"inLanguage\":\"ko-KR\",\"potentialAction\":[{\"@type\":\"ReadAction\",\"target\":[\"https:\\\/\\\/naturalpoland.com\\\/ko\\\/je-pum\\\/sig-yong-mit-hwa-jang-pum-yong-o-il\\\/%eb%a1%9c%ec%8a%a4%ed%8c%85-%ec%bb%a4%ed%94%bc%ec%bd%a9-%ec%98%a4%ec%9d%bc\\\/\"]}]},{\"@type\":\"ImageObject\",\"inLanguage\":\"ko-KR\",\"@id\":\"https:\\\/\\\/naturalpoland.com\\\/ko\\\/je-pum\\\/sig-yong-mit-hwa-jang-pum-yong-o-il\\\/%eb%a1%9c%ec%8a%a4%ed%8c%85-%ec%bb%a4%ed%94%bc%ec%bd%a9-%ec%98%a4%ec%9d%bc\\\/#primaryimage\",\"url\":\"https:\\\/\\\/naturalpoland.com\\\/wp-content\\\/uploads\\\/olej-z-ziaren-palonej-kawy.webp\",\"contentUrl\":\"https:\\\/\\\/naturalpoland.com\\\/wp-content\\\/uploads\\\/olej-z-ziaren-palonej-kawy.webp\",\"width\":597,\"height\":597,\"caption\":\"\ub85c\uc2a4\ud305 \ucee4\ud53c\ucf69 \uc624\uc77c\"},{\"@type\":\"BreadcrumbList\",\"@id\":\"https:\\\/\\\/naturalpoland.com\\\/ko\\\/je-pum\\\/sig-yong-mit-hwa-jang-pum-yong-o-il\\\/%eb%a1%9c%ec%8a%a4%ed%8c%85-%ec%bb%a4%ed%94%bc%ec%bd%a9-%ec%98%a4%ec%9d%bc\\\/#breadcrumb\",\"itemListElement\":[{\"@type\":\"ListItem\",\"position\":1,\"name\":\"\ud648\",\"item\":\"https:\\\/\\\/naturalpoland.com\\\/ko\\\/\"},{\"@type\":\"ListItem\",\"position\":2,\"name\":\"\uc81c\ud488\",\"item\":\"https:\\\/\\\/naturalpoland.com\\\/ko\\\/%ec%a0%9c%ed%92%88\\\/\"},{\"@type\":\"ListItem\",\"position\":3,\"name\":\"\ub85c\uc2a4\ud305 \ucee4\ud53c\ucf69 \uc624\uc77c\"}]},{\"@type\":\"WebSite\",\"@id\":\"https:\\\/\\\/naturalpoland.com\\\/ko\\\/#website\",\"url\":\"https:\\\/\\\/naturalpoland.com\\\/ko\\\/\",\"name\":\"NATURAL POLAND - Hurtowy Dystrybutor Surowc\u00f3w\",\"description\":\"Surowce dla przemys\u0142u spo\u017cywczego, kosmetycznego i farmaceutycznego\",\"publisher\":{\"@id\":\"https:\\\/\\\/naturalpoland.com\\\/ko\\\/#organization\"},\"potentialAction\":[{\"@type\":\"SearchAction\",\"target\":{\"@type\":\"EntryPoint\",\"urlTemplate\":\"https:\\\/\\\/naturalpoland.com\\\/ko\\\/?s={search_term_string}\"},\"query-input\":{\"@type\":\"PropertyValueSpecification\",\"valueRequired\":true,\"valueName\":\"search_term_string\"}}],\"inLanguage\":\"ko-KR\"},{\"@type\":\"Organization\",\"@id\":\"https:\\\/\\\/naturalpoland.com\\\/ko\\\/#organization\",\"name\":\"Natural Poland\",\"url\":\"https:\\\/\\\/naturalpoland.com\\\/ko\\\/\",\"logo\":{\"@type\":\"ImageObject\",\"inLanguage\":\"ko-KR\",\"@id\":\"https:\\\/\\\/naturalpoland.com\\\/ko\\\/#\\\/schema\\\/logo\\\/image\\\/\",\"url\":\"https:\\\/\\\/naturalpoland.com\\\/wp-content\\\/uploads\\\/2021\\\/05\\\/natural-poland-icon.png\",\"contentUrl\":\"https:\\\/\\\/naturalpoland.com\\\/wp-content\\\/uploads\\\/2021\\\/05\\\/natural-poland-icon.png\",\"width\":512,\"height\":512,\"caption\":\"Natural Poland\"},\"image\":{\"@id\":\"https:\\\/\\\/naturalpoland.com\\\/ko\\\/#\\\/schema\\\/logo\\\/image\\\/\"},\"sameAs\":[\"https:\\\/\\\/www.facebook.com\\\/naturalpoland.b2b\",\"https:\\\/\\\/pl.linkedin.com\\\/company\\\/natural-poland\",\"https:\\\/\\\/www.youtube.com\\\/channel\\\/UCgeGGkvOMahZo-xu_MSEWxg\"]}]}<\/script>\n<!-- \/ Yoast SEO plugin. -->","yoast_head_json":{"title":"\ub85c\uc2a4\ud305 \ucee4\ud53c\ucf69 \uc624\uc77c - Hurtowy Dystrybutor","description":"\ub85c\uc2a4\ud305 \ucee4\ud53c\ucf69 \uc624\uc77c\uc740 \uc544\ub77c\ube44\uce74 \ucee4\ud53c(Coffea arabica) \uc2dd\ubb3c\uc758 \ub85c\uc2a4\ud305\ub41c \ucf69\uc5d0\uc11c \ub0c9\uc555\ucc29 \ubc29\uc2dd\uc73c\ub85c \ucd94\ucd9c\ub429\ub2c8\ub2e4. \uac15\ub82c\ud55c \ucee4\ud53c \ud5a5\uc774 \ud2b9\uc9d5\uc785\ub2c8\ub2e4.","robots":{"index":"index","follow":"follow","max-snippet":"max-snippet:-1","max-image-preview":"max-image-preview:large","max-video-preview":"max-video-preview:-1"},"canonical":"https:\/\/naturalpoland.com\/ko\/je-pum\/sig-yong-mit-hwa-jang-pum-yong-o-il\/%eb%a1%9c%ec%8a%a4%ed%8c%85-%ec%bb%a4%ed%94%bc%ec%bd%a9-%ec%98%a4%ec%9d%bc\/","og_locale":"ko_KR","og_type":"article","og_title":"\ub85c\uc2a4\ud305 \ucee4\ud53c\ucf69 \uc624\uc77c - Hurtowy Dystrybutor","og_description":"\ub85c\uc2a4\ud305 \ucee4\ud53c\ucf69 \uc624\uc77c\uc740 \uc544\ub77c\ube44\uce74 \ucee4\ud53c(Coffea arabica) \uc2dd\ubb3c\uc758 \ub85c\uc2a4\ud305\ub41c \ucf69\uc5d0\uc11c \ub0c9\uc555\ucc29 \ubc29\uc2dd\uc73c\ub85c \ucd94\ucd9c\ub429\ub2c8\ub2e4. \uac15\ub82c\ud55c \ucee4\ud53c \ud5a5\uc774 \ud2b9\uc9d5\uc785\ub2c8\ub2e4.","og_url":"https:\/\/naturalpoland.com\/ko\/je-pum\/sig-yong-mit-hwa-jang-pum-yong-o-il\/%eb%a1%9c%ec%8a%a4%ed%8c%85-%ec%bb%a4%ed%94%bc%ec%bd%a9-%ec%98%a4%ec%9d%bc\/","og_site_name":"NATURAL POLAND - Hurtowy Dystrybutor Surowc\u00f3w","article_publisher":"https:\/\/www.facebook.com\/naturalpoland.b2b","article_modified_time":"2026-02-10T14:17:08+00:00","og_image":[{"width":597,"height":597,"url":"https:\/\/naturalpoland.com\/wp-content\/uploads\/olej-z-ziaren-palonej-kawy.webp","type":"image\/webp"}],"schema":{"@context":"https:\/\/schema.org","@graph":[{"@type":"WebPage","@id":"https:\/\/naturalpoland.com\/ko\/je-pum\/sig-yong-mit-hwa-jang-pum-yong-o-il\/%eb%a1%9c%ec%8a%a4%ed%8c%85-%ec%bb%a4%ed%94%bc%ec%bd%a9-%ec%98%a4%ec%9d%bc\/","url":"https:\/\/naturalpoland.com\/ko\/je-pum\/sig-yong-mit-hwa-jang-pum-yong-o-il\/%eb%a1%9c%ec%8a%a4%ed%8c%85-%ec%bb%a4%ed%94%bc%ec%bd%a9-%ec%98%a4%ec%9d%bc\/","name":"\ub85c\uc2a4\ud305 \ucee4\ud53c\ucf69 \uc624\uc77c - Hurtowy Dystrybutor","isPartOf":{"@id":"https:\/\/naturalpoland.com\/ko\/#website"},"primaryImageOfPage":{"@id":"https:\/\/naturalpoland.com\/ko\/je-pum\/sig-yong-mit-hwa-jang-pum-yong-o-il\/%eb%a1%9c%ec%8a%a4%ed%8c%85-%ec%bb%a4%ed%94%bc%ec%bd%a9-%ec%98%a4%ec%9d%bc\/#primaryimage"},"image":{"@id":"https:\/\/naturalpoland.com\/ko\/je-pum\/sig-yong-mit-hwa-jang-pum-yong-o-il\/%eb%a1%9c%ec%8a%a4%ed%8c%85-%ec%bb%a4%ed%94%bc%ec%bd%a9-%ec%98%a4%ec%9d%bc\/#primaryimage"},"thumbnailUrl":"https:\/\/naturalpoland.com\/wp-content\/uploads\/olej-z-ziaren-palonej-kawy.webp","datePublished":"2025-02-04T11:08:24+00:00","dateModified":"2026-02-10T14:17:08+00:00","description":"\ub85c\uc2a4\ud305 \ucee4\ud53c\ucf69 \uc624\uc77c\uc740 \uc544\ub77c\ube44\uce74 \ucee4\ud53c(Coffea arabica) \uc2dd\ubb3c\uc758 \ub85c\uc2a4\ud305\ub41c \ucf69\uc5d0\uc11c \ub0c9\uc555\ucc29 \ubc29\uc2dd\uc73c\ub85c \ucd94\ucd9c\ub429\ub2c8\ub2e4. \uac15\ub82c\ud55c \ucee4\ud53c \ud5a5\uc774 \ud2b9\uc9d5\uc785\ub2c8\ub2e4.","breadcrumb":{"@id":"https:\/\/naturalpoland.com\/ko\/je-pum\/sig-yong-mit-hwa-jang-pum-yong-o-il\/%eb%a1%9c%ec%8a%a4%ed%8c%85-%ec%bb%a4%ed%94%bc%ec%bd%a9-%ec%98%a4%ec%9d%bc\/#breadcrumb"},"inLanguage":"ko-KR","potentialAction":[{"@type":"ReadAction","target":["https:\/\/naturalpoland.com\/ko\/je-pum\/sig-yong-mit-hwa-jang-pum-yong-o-il\/%eb%a1%9c%ec%8a%a4%ed%8c%85-%ec%bb%a4%ed%94%bc%ec%bd%a9-%ec%98%a4%ec%9d%bc\/"]}]},{"@type":"ImageObject","inLanguage":"ko-KR","@id":"https:\/\/naturalpoland.com\/ko\/je-pum\/sig-yong-mit-hwa-jang-pum-yong-o-il\/%eb%a1%9c%ec%8a%a4%ed%8c%85-%ec%bb%a4%ed%94%bc%ec%bd%a9-%ec%98%a4%ec%9d%bc\/#primaryimage","url":"https:\/\/naturalpoland.com\/wp-content\/uploads\/olej-z-ziaren-palonej-kawy.webp","contentUrl":"https:\/\/naturalpoland.com\/wp-content\/uploads\/olej-z-ziaren-palonej-kawy.webp","width":597,"height":597,"caption":"\ub85c\uc2a4\ud305 \ucee4\ud53c\ucf69 \uc624\uc77c"},{"@type":"BreadcrumbList","@id":"https:\/\/naturalpoland.com\/ko\/je-pum\/sig-yong-mit-hwa-jang-pum-yong-o-il\/%eb%a1%9c%ec%8a%a4%ed%8c%85-%ec%bb%a4%ed%94%bc%ec%bd%a9-%ec%98%a4%ec%9d%bc\/#breadcrumb","itemListElement":[{"@type":"ListItem","position":1,"name":"\ud648","item":"https:\/\/naturalpoland.com\/ko\/"},{"@type":"ListItem","position":2,"name":"\uc81c\ud488","item":"https:\/\/naturalpoland.com\/ko\/%ec%a0%9c%ed%92%88\/"},{"@type":"ListItem","position":3,"name":"\ub85c\uc2a4\ud305 \ucee4\ud53c\ucf69 \uc624\uc77c"}]},{"@type":"WebSite","@id":"https:\/\/naturalpoland.com\/ko\/#website","url":"https:\/\/naturalpoland.com\/ko\/","name":"NATURAL POLAND - Hurtowy Dystrybutor Surowc\u00f3w","description":"Surowce dla przemys\u0142u spo\u017cywczego, kosmetycznego i farmaceutycznego","publisher":{"@id":"https:\/\/naturalpoland.com\/ko\/#organization"},"potentialAction":[{"@type":"SearchAction","target":{"@type":"EntryPoint","urlTemplate":"https:\/\/naturalpoland.com\/ko\/?s={search_term_string}"},"query-input":{"@type":"PropertyValueSpecification","valueRequired":true,"valueName":"search_term_string"}}],"inLanguage":"ko-KR"},{"@type":"Organization","@id":"https:\/\/naturalpoland.com\/ko\/#organization","name":"Natural Poland","url":"https:\/\/naturalpoland.com\/ko\/","logo":{"@type":"ImageObject","inLanguage":"ko-KR","@id":"https:\/\/naturalpoland.com\/ko\/#\/schema\/logo\/image\/","url":"https:\/\/naturalpoland.com\/wp-content\/uploads\/2021\/05\/natural-poland-icon.png","contentUrl":"https:\/\/naturalpoland.com\/wp-content\/uploads\/2021\/05\/natural-poland-icon.png","width":512,"height":512,"caption":"Natural Poland"},"image":{"@id":"https:\/\/naturalpoland.com\/ko\/#\/schema\/logo\/image\/"},"sameAs":["https:\/\/www.facebook.com\/naturalpoland.b2b","https:\/\/pl.linkedin.com\/company\/natural-poland","https:\/\/www.youtube.com\/channel\/UCgeGGkvOMahZo-xu_MSEWxg"]}]}},"_links":{"self":[{"href":"https:\/\/naturalpoland.com\/ko\/wp-json\/wp\/v2\/product\/45764","targetHints":{"allow":["GET"]}}],"collection":[{"href":"https:\/\/naturalpoland.com\/ko\/wp-json\/wp\/v2\/product"}],"about":[{"href":"https:\/\/naturalpoland.com\/ko\/wp-json\/wp\/v2\/types\/product"}],"wp:featuredmedia":[{"embeddable":true,"href":"https:\/\/naturalpoland.com\/ko\/wp-json\/wp\/v2\/media\/45765"}],"wp:attachment":[{"href":"https:\/\/naturalpoland.com\/ko\/wp-json\/wp\/v2\/media?parent=45764"}],"wp:term":[{"taxonomy":"product_brand","embeddable":true,"href":"https:\/\/naturalpoland.com\/ko\/wp-json\/wp\/v2\/product_brand?post=45764"},{"taxonomy":"product_cat","embeddable":true,"href":"https:\/\/naturalpoland.com\/ko\/wp-json\/wp\/v2\/product_cat?post=45764"},{"taxonomy":"product_tag","embeddable":true,"href":"https:\/\/naturalpoland.com\/ko\/wp-json\/wp\/v2\/product_tag?post=45764"}],"curies":[{"name":"wp","href":"https:\/\/api.w.org\/{rel}","templated":true}]}}