{"id":45772,"date":"2024-10-31T12:04:38","date_gmt":"2024-10-31T11:04:38","guid":{"rendered":"https:\/\/naturalpoland.com\/produkty\/uncategorized\/%eb%b8%94%eb%9e%98%eb%8d%94%eb%9e%99-%ec%b6%94%ec%b6%9c%eb%ac%bc\/"},"modified":"2026-02-10T15:17:25","modified_gmt":"2026-02-10T14:17:25","slug":"%eb%b8%94%eb%9e%98%eb%8d%94%eb%9e%99-%ec%b6%94%ec%b6%9c%eb%ac%bc","status":"publish","type":"product","link":"https:\/\/naturalpoland.com\/ko\/je-pum\/sig-mul-chu-chul-mul\/%eb%b8%94%eb%9e%98%eb%8d%94%eb%9e%99-%ec%b6%94%ec%b6%9c%eb%ac%bc\/","title":{"rendered":"\ube14\ub798\ub354\ub799 \ucd94\ucd9c\ubb3c"},"content":{"rendered":"<h2>\ucd94\ucd9c\ubb3c\uc758 \ud2b9\uc131 \ubc0f \uad6c\uc131<\/h2>\n<p>\ud478\ucfe0\uc2a4 \ubca0\uc2dc\ucfe8\ub85c\uc218\uc2a4 \ucd94\ucd9c\ubb3c\uc740 \ud2b9\uc720\uc758 \ud5a5\uacfc \ub9db\uc744 \uc9c0\ub2cc \ubbf8\uc138\ud558\uac8c \ubd84\uc1c4\ub41c \uac08\uc0c9 \ubd84\ub9d0 \ud615\ud0dc\ub85c \uc81c\uacf5\ub429\ub2c8\ub2e4. \ud575\uc2ec \ud65c\uc131 \uc131\ubd84\uc778 <strong>\uc694\uc624\ub4dc<\/strong> \ud568\ub7c9\uc740 0.4%\uc5d0\uc11c 0.5% \uc0ac\uc774\uc785\ub2c8\ub2e4. \ubbf8\ub124\ub784\uacfc \ube44\ud0c0\ubbfc\uc744 \ud3ec\ud568\ud55c \ubcf5\ud569\uc801\uc778 \uad6c\uc131 \ub355\ubd84\uc5d0 \uc774 \ucd94\ucd9c\ubb3c\uc740 \ud654\uc7a5\ud488\uc5d0\uc11c \ub2e4\uc591\ud55c \ud53c\ubd80 \uad00\ub9ac \ubc0f \ubcf4\ud638 \uacfc\uc815\uc744 \uc9c0\uc6d0\ud569\ub2c8\ub2e4. <strong>\ud478\ucf54\uc794\ud2f4<\/strong>\uacfc \uac19\uc740 \ubb3c\uc9c8\uc744 \ud568\uc720\ud558\uc5ec \ud56d\uc0b0\ud654 \uc791\uc6a9\uc744 \ub098\ud0c0\ub0b4\uba70 \uc0b0\ud654 \uc2a4\ud2b8\ub808\uc2a4\ub85c\ubd80\ud130 \ud53c\ubd80\ub97c \ubcf4\ud638\ud558\ub294 \ub370 \ub3c4\uc6c0\uc744 \uc90d\ub2c8\ub2e4.   <\/p>\n<h2>\ud6a8\ub2a5 \ubc0f \ubbf8\uc6a9 \ud2b9\uc131<\/h2>\n<p>\ube14\ub798\ub354\ub799 \ucd94\ucd9c\ubb3c\uc740 \uac15\ub825\ud55c <strong>\ubcf4\uc2b5<\/strong>, <strong>\uc7ac\uc0dd<\/strong> \ubc0f <strong>\ud0c4\ub825 \uac1c\uc120<\/strong> \ud2b9\uc131\uc744 \uac00\uc9c0\uace0 \uc788\uc2b5\ub2c8\ub2e4. \ucd94\ucd9c\ubb3c\uc5d0 \ud568\uc720\ub41c <a href=\"https:\/\/naturalpoland.com\/artykuly\/produkty-naturalne\/przeciwutleniacze-w-kosmetykach-fenole-i-polifenole\/\">\ud3f4\ub9ac\ud398\ub180<\/a>\uacfc <a href=\"https:\/\/naturalpoland.com\/artykuly\/produkty-naturalne\/moc-antyoksydantow-jak-wlaczyc-je-do-oferty-produktowej\/\">\ud56d\uc0b0\ud654\uc81c<\/a>\ub294 \ud65c\uc131 \uc0b0\uc18c \uc0dd\uc131\uc744 \uc5b5\uc81c\ud558\uba70, \ud478\ucf54\uc794\ud2f4\uc740 \ube44\ud0c0\ubbfc E\uc758 \ud6a8\uacfc\ub97c \ub354\uc6b1 \uac15\ud654\ud558\uc5ec \ud53c\ubd80 \ud65c\ub825\uacfc \ud0c4\ub825 \uac1c\uc120\uc5d0 \uae30\uc5ec\ud569\ub2c8\ub2e4. <\/p>\n<p>\uc774 \ucd94\ucd9c\ubb3c\uc740 \uc2ac\ub9ac\ubc0d \ubc0f \uc140\ub8f0\ub77c\uc774\ud2b8 \uac1c\uc120 \uc81c\ud488\uc5d0\ub3c4 \ud0c1\uc6d4\ud55c \uc120\ud0dd\uc785\ub2c8\ub2e4. \ube14\ub798\ub354\ub799\uc5d0 \ud568\uc720\ub41c \uc694\uc624\ub4dc\ub294 \uc9c0\ubc29 \uc138\ud3ec \ubd84\ud574\ub97c \ucd09\uc9c4\ud558\uace0 \uc9c0\uc9c8 \uc7ac\ucd95\uc801\uc744 \ubc29\uc9c0\ud558\uc5ec \uc140\ub8f0\ub77c\uc774\ud2b8 \uac10\uc18c \ubc0f \ubc14\ub514 \ub77c\uc778 \uac1c\uc120\uc5d0 \ub3c4\uc6c0\uc744 \uc90d\ub2c8\ub2e4. \ud478\ucf54\uc774\ub2e8 \ubc0f \ub77c\ubbf8\ub098\ub9b0\uacfc \uac19\uc740 \ucd94\uac00 \uc131\ubd84\uc740 \ubbf8\uc138 \uc21c\ud658 \uac1c\uc120 \ubc0f \uc2e0\uc9c4\ub300\uc0ac \ucd09\uc9c4\uc5d0 \uae30\uc5ec\ud558\uc5ec \ud53c\ubd80 \ud0c4\ub825 \uac15\ud654\uc640 \ubd80\uae30 \ubc0f \ucc98\uc9d0 \uc644\ud654\uc5d0 \ud6a8\uacfc\uc801\uc785\ub2c8\ub2e4.  <\/p>\n<h2>\ud654\uc7a5\ud488\uc5d0\uc11c\uc758 \ud65c\uc6a9<\/h2>\n<p>\uc774 \ucd94\ucd9c\ubb3c\uc740 \ud2b9\ud788 \ub2e4\uc74c \uc81c\ud488\uc5d0 \uad8c\uc7a5\ub429\ub2c8\ub2e4:<\/p>\n<ul>\n<li><strong>\ub178\ud654 \ubc29\uc9c0 \ubc0f \ud65c\ub825 \uac1c\uc120 \ud654\uc7a5\ud488<\/strong>: \uc131\uc219\ud55c \ud53c\ubd80\uc758 \ud0c4\ub825\uacfc \uc720\uc5f0\uc131\uc744 \ud68c\ubcf5\uc2dc\ud0b5\ub2c8\ub2e4.<\/li>\n<li><strong>\uc140\ub8f0\ub77c\uc774\ud2b8 \uac1c\uc120 \ubc0f \ubc14\ub514 \ubaa8\ub378\ub9c1 \uc81c\ud488<\/strong>: \uc9c0\ubc29 \uc870\uc9c1 \uac10\uc18c \ubc0f \uc140\ub8f0\ub77c\uc774\ud2b8 \uac00\uc2dc\uc131 \uac10\uc18c\uc5d0 \ub3c4\uc6c0\uc744 \uc90d\ub2c8\ub2e4.<\/li>\n<li><strong>\uc9c0\uc131 \ubc0f \uc5ec\ub4dc\ub984\uc131 \ud53c\ubd80\uc6a9 \ud06c\ub9bc \ubc0f \uc138\ub7fc<\/strong>: \ud56d\uade0 \ubc0f \ud53c\uc9c0 \uc870\uc808 \uc791\uc6a9\uc73c\ub85c \ud53c\uc9c0 \ubd84\ube44\ub97c \uc870\uc808\ud569\ub2c8\ub2e4.<\/li>\n<li><strong>\ub208\uac00 \ud53c\ubd80\uc6a9 \uc824 \ubc0f \ud06c\ub9bc<\/strong>: \ub9bc\ud504 \ud750\ub984\uc744 \uc790\uadf9\ud558\uc5ec \ubd80\uae30 \uac10\uc18c\uc5d0 \ub3c4\uc6c0\uc744 \uc90d\ub2c8\ub2e4.<\/li>\n<\/ul>\n<h2>\uc0ac\uc6a9 \uc548\uc804\uc131<\/h2>\n<p>\ube14\ub798\ub354\ub799 \ucd94\ucd9c\ubb3c\uc740 \uc801\uc808\ud55c \ub18d\ub3c4\ub85c \ud654\uc7a5\ud488\uc5d0 \uc0ac\uc6a9 \uc2dc \uc548\uc804\ud569\ub2c8\ub2e4. \uc81c\ud488 \uc720\ud615 \ubc0f \uc6a9\ub3c4\uc5d0 \ub530\ub77c 1%\uc5d0\uc11c 10% \ub18d\ub3c4\ub85c \uc0ac\uc6a9\ud558\ub294 \uac83\uc774 \uad8c\uc7a5\ub429\ub2c8\ub2e4. <\/p>\n","protected":false},"excerpt":{"rendered":"<p><strong>\ud478\ucfe0\uc2a4 \ubca0\uc2dc\ucfe8\ub85c\uc218\uc2a4 \ucd94\ucd9c\ubb3c<\/strong>, \uc989 <strong>\ube14\ub798\ub354\ub799 \ucd94\ucd9c\ubb3c<\/strong>\uc740 \ubd81\ub300\uc11c\uc591 \ubc0f \ubd81\uadf9\ud574\uc5d0 \uc11c\uc2dd\ud558\ub294 \uac08\uc870\ub958\uc5d0\uc11c \uc5bb\uc740 \ucc9c\uc5f0 \uc6d0\ub8cc\uc785\ub2c8\ub2e4. \uc694\uc624\ub4dc, \ud3f4\ub9ac\ud398\ub180, \ud478\ucf54\uc794\ud2f4, \ube44\ud0c0\ubbfc E, \uce74\ub85c\ud2f0\ub178\uc774\ub4dc, \uc778\uc9c0\uc9c8 \ubc0f \ub2f9\uc9c0\uc9c8\uacfc \uac19\uc740 \ub2e4\uc591\ud55c \ucc9c\uc5f0 \ud65c\uc131 \ubb3c\uc9c8\uc744 \ud568\uc720\ud558\uace0 \uc788\uc2b5\ub2c8\ub2e4. \ud53c\ubd80 \ubc0f \ubc14\ub514 \ucf00\uc5b4\uc6a9 \uc131\ubd84\uc785\ub2c8\ub2e4.  <\/p>\n","protected":false},"featured_media":45773,"template":"","meta":{"_acf_changed":false},"product_brand":[],"product_cat":[8134],"product_tag":[],"class_list":{"0":"post-45772","1":"product","2":"type-product","3":"status-publish","4":"has-post-thumbnail","6":"product_cat-sig-mul-chu-chul-mul","7":"pa_czesc-rosliny-8912","8":"pa_grupa-substancji-8226","9":"pa_skladnik-aktywny-10673","11":"first","12":"instock","13":"shipping-taxable","14":"product-type-simple"},"acf":[],"yoast_head":"<!-- This site is optimized with the Yoast SEO plugin v27.6 - https:\/\/yoast.com\/product\/yoast-seo-wordpress\/ -->\n<title>NATURAL POLAND &#8211; Hurtowy Dystrybutor Surowc\u00f3w<\/title>\n<meta name=\"description\" content=\"\ube14\ub798\ub354\ub799 \ucd94\ucd9c\ubb3c\uc740 \uac15\ub825\ud55c \ubcf4\uc2b5, \ud56d\uc0b0\ud654 \ubc0f \ud0c4\ub825 \uac1c\uc120 \ud6a8\ub2a5\uc744 \uc9c0\ub2cc \ub2e4\uc7ac\ub2e4\ub2a5\ud55c \uc131\ubd84\uc785\ub2c8\ub2e4.\" \/>\n<meta name=\"robots\" content=\"index, follow, max-snippet:-1, max-image-preview:large, max-video-preview:-1\" \/>\n<link rel=\"canonical\" href=\"https:\/\/naturalpoland.com\/ko\/je-pum\/sig-mul-chu-chul-mul\/%eb%b8%94%eb%9e%98%eb%8d%94%eb%9e%99-%ec%b6%94%ec%b6%9c%eb%ac%bc\/\" \/>\n<meta property=\"og:locale\" content=\"ko_KR\" \/>\n<meta property=\"og:type\" content=\"article\" \/>\n<meta property=\"og:description\" content=\"\ube14\ub798\ub354\ub799 \ucd94\ucd9c\ubb3c\uc740 \uac15\ub825\ud55c \ubcf4\uc2b5, \ud56d\uc0b0\ud654 \ubc0f \ud0c4\ub825 \uac1c\uc120 \ud6a8\ub2a5\uc744 \uc9c0\ub2cc \ub2e4\uc7ac\ub2e4\ub2a5\ud55c \uc131\ubd84\uc785\ub2c8\ub2e4.\" \/>\n<meta property=\"og:url\" content=\"https:\/\/naturalpoland.com\/ko\/je-pum\/sig-mul-chu-chul-mul\/%eb%b8%94%eb%9e%98%eb%8d%94%eb%9e%99-%ec%b6%94%ec%b6%9c%eb%ac%bc\/\" \/>\n<meta property=\"og:site_name\" content=\"NATURAL POLAND - Hurtowy Dystrybutor Surowc\u00f3w\" \/>\n<meta property=\"article:publisher\" content=\"https:\/\/www.facebook.com\/naturalpoland.b2b\" \/>\n<meta property=\"article:modified_time\" content=\"2026-02-10T14:17:25+00:00\" \/>\n<meta property=\"og:image\" content=\"https:\/\/naturalpoland.com\/wp-content\/uploads\/ekstrakt-fucus-vesiculosus.webp\" \/>\n\t<meta property=\"og:image:width\" content=\"614\" \/>\n\t<meta property=\"og:image:height\" content=\"614\" \/>\n\t<meta property=\"og:image:type\" content=\"image\/webp\" \/>\n<script type=\"application\/ld+json\" class=\"yoast-schema-graph\">{\"@context\":\"https:\\\/\\\/schema.org\",\"@graph\":[{\"@type\":\"WebPage\",\"@id\":\"https:\\\/\\\/naturalpoland.com\\\/ko\\\/je-pum\\\/sig-mul-chu-chul-mul\\\/%eb%b8%94%eb%9e%98%eb%8d%94%eb%9e%99-%ec%b6%94%ec%b6%9c%eb%ac%bc\\\/\",\"url\":\"https:\\\/\\\/naturalpoland.com\\\/ko\\\/je-pum\\\/sig-mul-chu-chul-mul\\\/%eb%b8%94%eb%9e%98%eb%8d%94%eb%9e%99-%ec%b6%94%ec%b6%9c%eb%ac%bc\\\/\",\"name\":\"\",\"isPartOf\":{\"@id\":\"https:\\\/\\\/naturalpoland.com\\\/ko\\\/#website\"},\"primaryImageOfPage\":{\"@id\":\"https:\\\/\\\/naturalpoland.com\\\/ko\\\/je-pum\\\/sig-mul-chu-chul-mul\\\/%eb%b8%94%eb%9e%98%eb%8d%94%eb%9e%99-%ec%b6%94%ec%b6%9c%eb%ac%bc\\\/#primaryimage\"},\"image\":{\"@id\":\"https:\\\/\\\/naturalpoland.com\\\/ko\\\/je-pum\\\/sig-mul-chu-chul-mul\\\/%eb%b8%94%eb%9e%98%eb%8d%94%eb%9e%99-%ec%b6%94%ec%b6%9c%eb%ac%bc\\\/#primaryimage\"},\"thumbnailUrl\":\"https:\\\/\\\/naturalpoland.com\\\/wp-content\\\/uploads\\\/ekstrakt-fucus-vesiculosus.webp\",\"datePublished\":\"2024-10-31T11:04:38+00:00\",\"dateModified\":\"2026-02-10T14:17:25+00:00\",\"description\":\"\ube14\ub798\ub354\ub799 \ucd94\ucd9c\ubb3c\uc740 \uac15\ub825\ud55c \ubcf4\uc2b5, \ud56d\uc0b0\ud654 \ubc0f \ud0c4\ub825 \uac1c\uc120 \ud6a8\ub2a5\uc744 \uc9c0\ub2cc \ub2e4\uc7ac\ub2e4\ub2a5\ud55c \uc131\ubd84\uc785\ub2c8\ub2e4.\",\"breadcrumb\":{\"@id\":\"https:\\\/\\\/naturalpoland.com\\\/ko\\\/je-pum\\\/sig-mul-chu-chul-mul\\\/%eb%b8%94%eb%9e%98%eb%8d%94%eb%9e%99-%ec%b6%94%ec%b6%9c%eb%ac%bc\\\/#breadcrumb\"},\"inLanguage\":\"ko-KR\",\"potentialAction\":[{\"@type\":\"ReadAction\",\"target\":[\"https:\\\/\\\/naturalpoland.com\\\/ko\\\/je-pum\\\/sig-mul-chu-chul-mul\\\/%eb%b8%94%eb%9e%98%eb%8d%94%eb%9e%99-%ec%b6%94%ec%b6%9c%eb%ac%bc\\\/\"]}]},{\"@type\":\"ImageObject\",\"inLanguage\":\"ko-KR\",\"@id\":\"https:\\\/\\\/naturalpoland.com\\\/ko\\\/je-pum\\\/sig-mul-chu-chul-mul\\\/%eb%b8%94%eb%9e%98%eb%8d%94%eb%9e%99-%ec%b6%94%ec%b6%9c%eb%ac%bc\\\/#primaryimage\",\"url\":\"https:\\\/\\\/naturalpoland.com\\\/wp-content\\\/uploads\\\/ekstrakt-fucus-vesiculosus.webp\",\"contentUrl\":\"https:\\\/\\\/naturalpoland.com\\\/wp-content\\\/uploads\\\/ekstrakt-fucus-vesiculosus.webp\",\"width\":614,\"height\":614,\"caption\":\"\ube14\ub798\ub354\ub799 \ucd94\ucd9c\ubb3c\"},{\"@type\":\"BreadcrumbList\",\"@id\":\"https:\\\/\\\/naturalpoland.com\\\/ko\\\/je-pum\\\/sig-mul-chu-chul-mul\\\/%eb%b8%94%eb%9e%98%eb%8d%94%eb%9e%99-%ec%b6%94%ec%b6%9c%eb%ac%bc\\\/#breadcrumb\",\"itemListElement\":[{\"@type\":\"ListItem\",\"position\":1,\"name\":\"\ud648\",\"item\":\"https:\\\/\\\/naturalpoland.com\\\/ko\\\/\"},{\"@type\":\"ListItem\",\"position\":2,\"name\":\"\uc81c\ud488\",\"item\":\"https:\\\/\\\/naturalpoland.com\\\/ko\\\/%ec%a0%9c%ed%92%88\\\/\"},{\"@type\":\"ListItem\",\"position\":3,\"name\":\"\ube14\ub798\ub354\ub799 \ucd94\ucd9c\ubb3c\"}]},{\"@type\":\"WebSite\",\"@id\":\"https:\\\/\\\/naturalpoland.com\\\/ko\\\/#website\",\"url\":\"https:\\\/\\\/naturalpoland.com\\\/ko\\\/\",\"name\":\"NATURAL POLAND - Hurtowy Dystrybutor Surowc\u00f3w\",\"description\":\"Surowce dla przemys\u0142u spo\u017cywczego, kosmetycznego i farmaceutycznego\",\"publisher\":{\"@id\":\"https:\\\/\\\/naturalpoland.com\\\/ko\\\/#organization\"},\"potentialAction\":[{\"@type\":\"SearchAction\",\"target\":{\"@type\":\"EntryPoint\",\"urlTemplate\":\"https:\\\/\\\/naturalpoland.com\\\/ko\\\/?s={search_term_string}\"},\"query-input\":{\"@type\":\"PropertyValueSpecification\",\"valueRequired\":true,\"valueName\":\"search_term_string\"}}],\"inLanguage\":\"ko-KR\"},{\"@type\":\"Organization\",\"@id\":\"https:\\\/\\\/naturalpoland.com\\\/ko\\\/#organization\",\"name\":\"Natural Poland\",\"url\":\"https:\\\/\\\/naturalpoland.com\\\/ko\\\/\",\"logo\":{\"@type\":\"ImageObject\",\"inLanguage\":\"ko-KR\",\"@id\":\"https:\\\/\\\/naturalpoland.com\\\/ko\\\/#\\\/schema\\\/logo\\\/image\\\/\",\"url\":\"https:\\\/\\\/naturalpoland.com\\\/wp-content\\\/uploads\\\/2021\\\/05\\\/natural-poland-icon.png\",\"contentUrl\":\"https:\\\/\\\/naturalpoland.com\\\/wp-content\\\/uploads\\\/2021\\\/05\\\/natural-poland-icon.png\",\"width\":512,\"height\":512,\"caption\":\"Natural Poland\"},\"image\":{\"@id\":\"https:\\\/\\\/naturalpoland.com\\\/ko\\\/#\\\/schema\\\/logo\\\/image\\\/\"},\"sameAs\":[\"https:\\\/\\\/www.facebook.com\\\/naturalpoland.b2b\",\"https:\\\/\\\/pl.linkedin.com\\\/company\\\/natural-poland\",\"https:\\\/\\\/www.youtube.com\\\/channel\\\/UCgeGGkvOMahZo-xu_MSEWxg\"]}]}<\/script>\n<!-- \/ Yoast SEO plugin. -->","yoast_head_json":{"title":"NATURAL POLAND &#8211; Hurtowy Dystrybutor Surowc\u00f3w","description":"\ube14\ub798\ub354\ub799 \ucd94\ucd9c\ubb3c\uc740 \uac15\ub825\ud55c \ubcf4\uc2b5, \ud56d\uc0b0\ud654 \ubc0f \ud0c4\ub825 \uac1c\uc120 \ud6a8\ub2a5\uc744 \uc9c0\ub2cc \ub2e4\uc7ac\ub2e4\ub2a5\ud55c \uc131\ubd84\uc785\ub2c8\ub2e4.","robots":{"index":"index","follow":"follow","max-snippet":"max-snippet:-1","max-image-preview":"max-image-preview:large","max-video-preview":"max-video-preview:-1"},"canonical":"https:\/\/naturalpoland.com\/ko\/je-pum\/sig-mul-chu-chul-mul\/%eb%b8%94%eb%9e%98%eb%8d%94%eb%9e%99-%ec%b6%94%ec%b6%9c%eb%ac%bc\/","og_locale":"ko_KR","og_type":"article","og_description":"\ube14\ub798\ub354\ub799 \ucd94\ucd9c\ubb3c\uc740 \uac15\ub825\ud55c \ubcf4\uc2b5, \ud56d\uc0b0\ud654 \ubc0f \ud0c4\ub825 \uac1c\uc120 \ud6a8\ub2a5\uc744 \uc9c0\ub2cc \ub2e4\uc7ac\ub2e4\ub2a5\ud55c \uc131\ubd84\uc785\ub2c8\ub2e4.","og_url":"https:\/\/naturalpoland.com\/ko\/je-pum\/sig-mul-chu-chul-mul\/%eb%b8%94%eb%9e%98%eb%8d%94%eb%9e%99-%ec%b6%94%ec%b6%9c%eb%ac%bc\/","og_site_name":"NATURAL POLAND - Hurtowy Dystrybutor Surowc\u00f3w","article_publisher":"https:\/\/www.facebook.com\/naturalpoland.b2b","article_modified_time":"2026-02-10T14:17:25+00:00","og_image":[{"width":614,"height":614,"url":"https:\/\/naturalpoland.com\/wp-content\/uploads\/ekstrakt-fucus-vesiculosus.webp","type":"image\/webp"}],"schema":{"@context":"https:\/\/schema.org","@graph":[{"@type":"WebPage","@id":"https:\/\/naturalpoland.com\/ko\/je-pum\/sig-mul-chu-chul-mul\/%eb%b8%94%eb%9e%98%eb%8d%94%eb%9e%99-%ec%b6%94%ec%b6%9c%eb%ac%bc\/","url":"https:\/\/naturalpoland.com\/ko\/je-pum\/sig-mul-chu-chul-mul\/%eb%b8%94%eb%9e%98%eb%8d%94%eb%9e%99-%ec%b6%94%ec%b6%9c%eb%ac%bc\/","name":"","isPartOf":{"@id":"https:\/\/naturalpoland.com\/ko\/#website"},"primaryImageOfPage":{"@id":"https:\/\/naturalpoland.com\/ko\/je-pum\/sig-mul-chu-chul-mul\/%eb%b8%94%eb%9e%98%eb%8d%94%eb%9e%99-%ec%b6%94%ec%b6%9c%eb%ac%bc\/#primaryimage"},"image":{"@id":"https:\/\/naturalpoland.com\/ko\/je-pum\/sig-mul-chu-chul-mul\/%eb%b8%94%eb%9e%98%eb%8d%94%eb%9e%99-%ec%b6%94%ec%b6%9c%eb%ac%bc\/#primaryimage"},"thumbnailUrl":"https:\/\/naturalpoland.com\/wp-content\/uploads\/ekstrakt-fucus-vesiculosus.webp","datePublished":"2024-10-31T11:04:38+00:00","dateModified":"2026-02-10T14:17:25+00:00","description":"\ube14\ub798\ub354\ub799 \ucd94\ucd9c\ubb3c\uc740 \uac15\ub825\ud55c \ubcf4\uc2b5, \ud56d\uc0b0\ud654 \ubc0f \ud0c4\ub825 \uac1c\uc120 \ud6a8\ub2a5\uc744 \uc9c0\ub2cc \ub2e4\uc7ac\ub2e4\ub2a5\ud55c \uc131\ubd84\uc785\ub2c8\ub2e4.","breadcrumb":{"@id":"https:\/\/naturalpoland.com\/ko\/je-pum\/sig-mul-chu-chul-mul\/%eb%b8%94%eb%9e%98%eb%8d%94%eb%9e%99-%ec%b6%94%ec%b6%9c%eb%ac%bc\/#breadcrumb"},"inLanguage":"ko-KR","potentialAction":[{"@type":"ReadAction","target":["https:\/\/naturalpoland.com\/ko\/je-pum\/sig-mul-chu-chul-mul\/%eb%b8%94%eb%9e%98%eb%8d%94%eb%9e%99-%ec%b6%94%ec%b6%9c%eb%ac%bc\/"]}]},{"@type":"ImageObject","inLanguage":"ko-KR","@id":"https:\/\/naturalpoland.com\/ko\/je-pum\/sig-mul-chu-chul-mul\/%eb%b8%94%eb%9e%98%eb%8d%94%eb%9e%99-%ec%b6%94%ec%b6%9c%eb%ac%bc\/#primaryimage","url":"https:\/\/naturalpoland.com\/wp-content\/uploads\/ekstrakt-fucus-vesiculosus.webp","contentUrl":"https:\/\/naturalpoland.com\/wp-content\/uploads\/ekstrakt-fucus-vesiculosus.webp","width":614,"height":614,"caption":"\ube14\ub798\ub354\ub799 \ucd94\ucd9c\ubb3c"},{"@type":"BreadcrumbList","@id":"https:\/\/naturalpoland.com\/ko\/je-pum\/sig-mul-chu-chul-mul\/%eb%b8%94%eb%9e%98%eb%8d%94%eb%9e%99-%ec%b6%94%ec%b6%9c%eb%ac%bc\/#breadcrumb","itemListElement":[{"@type":"ListItem","position":1,"name":"\ud648","item":"https:\/\/naturalpoland.com\/ko\/"},{"@type":"ListItem","position":2,"name":"\uc81c\ud488","item":"https:\/\/naturalpoland.com\/ko\/%ec%a0%9c%ed%92%88\/"},{"@type":"ListItem","position":3,"name":"\ube14\ub798\ub354\ub799 \ucd94\ucd9c\ubb3c"}]},{"@type":"WebSite","@id":"https:\/\/naturalpoland.com\/ko\/#website","url":"https:\/\/naturalpoland.com\/ko\/","name":"NATURAL POLAND - Hurtowy Dystrybutor Surowc\u00f3w","description":"Surowce dla przemys\u0142u spo\u017cywczego, kosmetycznego i farmaceutycznego","publisher":{"@id":"https:\/\/naturalpoland.com\/ko\/#organization"},"potentialAction":[{"@type":"SearchAction","target":{"@type":"EntryPoint","urlTemplate":"https:\/\/naturalpoland.com\/ko\/?s={search_term_string}"},"query-input":{"@type":"PropertyValueSpecification","valueRequired":true,"valueName":"search_term_string"}}],"inLanguage":"ko-KR"},{"@type":"Organization","@id":"https:\/\/naturalpoland.com\/ko\/#organization","name":"Natural Poland","url":"https:\/\/naturalpoland.com\/ko\/","logo":{"@type":"ImageObject","inLanguage":"ko-KR","@id":"https:\/\/naturalpoland.com\/ko\/#\/schema\/logo\/image\/","url":"https:\/\/naturalpoland.com\/wp-content\/uploads\/2021\/05\/natural-poland-icon.png","contentUrl":"https:\/\/naturalpoland.com\/wp-content\/uploads\/2021\/05\/natural-poland-icon.png","width":512,"height":512,"caption":"Natural Poland"},"image":{"@id":"https:\/\/naturalpoland.com\/ko\/#\/schema\/logo\/image\/"},"sameAs":["https:\/\/www.facebook.com\/naturalpoland.b2b","https:\/\/pl.linkedin.com\/company\/natural-poland","https:\/\/www.youtube.com\/channel\/UCgeGGkvOMahZo-xu_MSEWxg"]}]}},"_links":{"self":[{"href":"https:\/\/naturalpoland.com\/ko\/wp-json\/wp\/v2\/product\/45772","targetHints":{"allow":["GET"]}}],"collection":[{"href":"https:\/\/naturalpoland.com\/ko\/wp-json\/wp\/v2\/product"}],"about":[{"href":"https:\/\/naturalpoland.com\/ko\/wp-json\/wp\/v2\/types\/product"}],"wp:featuredmedia":[{"embeddable":true,"href":"https:\/\/naturalpoland.com\/ko\/wp-json\/wp\/v2\/media\/45773"}],"wp:attachment":[{"href":"https:\/\/naturalpoland.com\/ko\/wp-json\/wp\/v2\/media?parent=45772"}],"wp:term":[{"taxonomy":"product_brand","embeddable":true,"href":"https:\/\/naturalpoland.com\/ko\/wp-json\/wp\/v2\/product_brand?post=45772"},{"taxonomy":"product_cat","embeddable":true,"href":"https:\/\/naturalpoland.com\/ko\/wp-json\/wp\/v2\/product_cat?post=45772"},{"taxonomy":"product_tag","embeddable":true,"href":"https:\/\/naturalpoland.com\/ko\/wp-json\/wp\/v2\/product_tag?post=45772"}],"curies":[{"name":"wp","href":"https:\/\/api.w.org\/{rel}","templated":true}]}}