{"id":45774,"date":"2025-02-06T17:15:56","date_gmt":"2025-02-06T16:15:56","guid":{"rendered":"https:\/\/naturalpoland.com\/produkty\/uncategorized\/%ec%95%84%eb%8b%88%ec%8a%a4-%ed%96%a5%eb%a3%8c\/"},"modified":"2026-02-10T15:17:43","modified_gmt":"2026-02-10T14:17:43","slug":"%ec%95%84%eb%8b%88%ec%8a%a4-%ed%96%a5%eb%a3%8c","status":"publish","type":"product","link":"https:\/\/naturalpoland.com\/ko\/je-pum\/sig-pum-won-ryo\/hyang-ryo\/hyang-sin-ryo-hyang\/%ec%95%84%eb%8b%88%ec%8a%a4-%ed%96%a5%eb%a3%8c\/","title":{"rendered":"\uc544\ub2c8\uc2a4 \ud5a5\ub8cc"},"content":{"rendered":"<h2>\uc544\ub2c8\uc2a4 \ud5a5\ub8cc \ub450 \uac00\uc9c0 \uc885\ub958:<\/h2>\n<p>\uc800\ud76c\ub294 \ub450 \uac00\uc9c0 \uc885\ub958\ub97c \uc81c\uacf5\ud569\ub2c8\ub2e4: \uc544\ub2c8\uc2a4\uc758 \ub2ec\ucf64\ud568\uacfc \uc740\uc740\ud55c \ud5c8\ube0c \ud5a5\uc744 \uacb0\ud569\ud55c \ud2b8\ub9ac\uc544\uc138\ud2f4 \uae30\ubc18\uc758 \ucc9c\uc5f0 WONF \ud5a5\ub8cc, \uadf8\ub9ac\uace0 \uc544\ub2c8\uc2a4 \uce94\ub514\ub97c \uc5f0\uc0c1\uc2dc\ud0a4\ub294 \ub9db \ud504\ub85c\ud544\uc744 \uac00\uc9c4 \ud074\ub798\uc2dd \uc561\uc0c1 \uc544\ub2c8\uc2a4 \ud5a5\ub8cc\uc785\ub2c8\ub2e4.<\/p>\n<h2>\ucc9c\uc5f0 \uc544\ub2c8\uc2a4 \ud5a5\ub8cc<\/h2>\n<p><strong>\ucc9c\uc5f0 WONF<\/strong> \ud5a5\ub8cc\ub294 \uace0\uc628\uc5d0 \uac15\ud558\uc5ec \ube75, \uc81c\uacfc\ub958, \uc8fc\ub958 \ub4f1 \uc5f4\ucc98\ub9ac\uac00 \ud544\uc694\ud55c \uc81c\ud488\uc5d0 \uc0ac\uc6a9\ud560 \uc218 \uc788\uc2b5\ub2c8\ub2e4. <strong>\ud2b8\ub9ac\uc544\uc138\ud2f4<\/strong>\uc744 \uce90\ub9ac\uc5b4\ub85c \uc0ac\uc6a9\ud558\uc5ec \uc870\uc131\uc758 \uc548\uc815\uc131\uacfc \uc9c0\uc18d\uc131\uc744 \uac15\ud654\ud569\ub2c8\ub2e4. <\/p>\n<p>\ucd08\ucf5c\ub9bf, \ubc14\ub2d0\ub77c, \uc2a4\ud30c\uc774\uc2dc\ud55c \ud5a5\uc2e0\ub8cc\uc640 \uc798 \uc5b4\uc6b8\ub9bd\ub2c8\ub2e4. \uc81c\ud488\uc5d0 \ub3c5\ud2b9\ud558\uba74\uc11c\ub3c4 \uc12c\uc138\ud558\uac8c \ubcf5\ud569\uc801\uc778 \ud2b9\uc131\uc744 \ubd80\uc5ec\ud569\ub2c8\ub2e4. <\/p>\n<h2>\uae00\ub9ac\ucf5c \uae30\ubc18 \uc544\ub2c8\uc2a4 \ud5a5\ub8cc<\/h2>\n<p>\uc774 \uc885\ub958\ub294 \uc544\ub2c8\uc2a4 \uce94\ub514\ub97c \uc5f0\uc0c1\uc2dc\ud0a4\ub294 \uac15\ub82c\ud558\uace0 \ub2ec\ucf64\ud55c \ud5a5\uc774 \ud2b9\uc9d5\uc785\ub2c8\ub2e4. \uc74c\ub8cc, \uc2dc\ub7fd, \uacfc\uc790\ub958, \uadf8\ub9ac\uace0 \uc0ac\ud0d5\uc774\ub098 \uad6c\uac15\uccad\uc815\uc81c\uc640 \uac19\uc740 \uc758\uc57d\ud488\uc5d0 \ucd94\ucc9c\ud569\ub2c8\ub2e4. <\/p>\n","protected":false},"excerpt":{"rendered":"<p>\uc544\ub2c8\uc2a4 \ud5a5\ub8cc\ub294 \uc81c\ud488\uc5d0 \ub2ec\ucf64\ud558\uace0 \uc2a4\ud30c\uc774\uc2dc\ud55c \ud5a5\uc744 \ubd80\uc5ec\ud569\ub2c8\ub2e4.<\/p>\n","protected":false},"featured_media":45775,"template":"","meta":{"_acf_changed":false},"product_brand":[],"product_cat":[8165],"product_tag":[],"class_list":{"0":"post-45774","1":"product","2":"type-product","3":"status-publish","4":"has-post-thumbnail","6":"product_cat-hyang-sin-ryo-hyang","8":"first","9":"instock","10":"shipping-taxable","11":"product-type-simple"},"acf":[],"yoast_head":"<!-- This site is optimized with the Yoast SEO plugin v27.6 - https:\/\/yoast.com\/product\/yoast-seo-wordpress\/ -->\n<title>\uc544\ub2c8\uc2a4 \ud5a5\ub8cc - Hurtowy Dystrybutor<\/title>\n<meta name=\"description\" content=\"\uc544\ub2c8\uc2a4 \ud5a5\ub8cc\ub294 \uc81c\ud488\uc5d0 \ub3c5\ud2b9\ud55c \ub2ec\ucf64\ud558\uace0 \uc2a4\ud30c\uc774\uc2dc\ud55c \ud48d\ubbf8\ub97c \ub354\ud558\ub294 \uac15\ub82c\ud558\uace0 \ud2b9\uc9d5\uc801\uc778 \uc131\ubd84\uc785\ub2c8\ub2e4.\" \/>\n<meta name=\"robots\" content=\"index, follow, max-snippet:-1, max-image-preview:large, max-video-preview:-1\" \/>\n<link rel=\"canonical\" href=\"https:\/\/naturalpoland.com\/ko\/je-pum\/sig-pum-won-ryo\/hyang-ryo\/hyang-sin-ryo-hyang\/%ec%95%84%eb%8b%88%ec%8a%a4-%ed%96%a5%eb%a3%8c\/\" \/>\n<meta property=\"og:locale\" content=\"ko_KR\" \/>\n<meta property=\"og:type\" content=\"article\" \/>\n<meta property=\"og:title\" content=\"\uc544\ub2c8\uc2a4 \ud5a5\ub8cc - Hurtowy Dystrybutor\" \/>\n<meta property=\"og:description\" content=\"\uc544\ub2c8\uc2a4 \ud5a5\ub8cc\ub294 \uc81c\ud488\uc5d0 \ub3c5\ud2b9\ud55c \ub2ec\ucf64\ud558\uace0 \uc2a4\ud30c\uc774\uc2dc\ud55c \ud48d\ubbf8\ub97c \ub354\ud558\ub294 \uac15\ub82c\ud558\uace0 \ud2b9\uc9d5\uc801\uc778 \uc131\ubd84\uc785\ub2c8\ub2e4.\" \/>\n<meta property=\"og:url\" content=\"https:\/\/naturalpoland.com\/ko\/je-pum\/sig-pum-won-ryo\/hyang-ryo\/hyang-sin-ryo-hyang\/%ec%95%84%eb%8b%88%ec%8a%a4-%ed%96%a5%eb%a3%8c\/\" \/>\n<meta property=\"og:site_name\" content=\"NATURAL POLAND - Hurtowy Dystrybutor Surowc\u00f3w\" \/>\n<meta property=\"article:publisher\" content=\"https:\/\/www.facebook.com\/naturalpoland.b2b\" \/>\n<meta property=\"article:modified_time\" content=\"2026-02-10T14:17:43+00:00\" \/>\n<meta property=\"og:image\" content=\"https:\/\/naturalpoland.com\/wp-content\/uploads\/aromat-anyzowy.webp\" \/>\n\t<meta property=\"og:image:width\" content=\"595\" \/>\n\t<meta property=\"og:image:height\" content=\"595\" \/>\n\t<meta property=\"og:image:type\" content=\"image\/webp\" \/>\n<script type=\"application\/ld+json\" class=\"yoast-schema-graph\">{\"@context\":\"https:\\\/\\\/schema.org\",\"@graph\":[{\"@type\":\"WebPage\",\"@id\":\"https:\\\/\\\/naturalpoland.com\\\/ko\\\/je-pum\\\/sig-pum-won-ryo\\\/hyang-ryo\\\/hyang-sin-ryo-hyang\\\/%ec%95%84%eb%8b%88%ec%8a%a4-%ed%96%a5%eb%a3%8c\\\/\",\"url\":\"https:\\\/\\\/naturalpoland.com\\\/ko\\\/je-pum\\\/sig-pum-won-ryo\\\/hyang-ryo\\\/hyang-sin-ryo-hyang\\\/%ec%95%84%eb%8b%88%ec%8a%a4-%ed%96%a5%eb%a3%8c\\\/\",\"name\":\"\uc544\ub2c8\uc2a4 \ud5a5\ub8cc - Hurtowy Dystrybutor\",\"isPartOf\":{\"@id\":\"https:\\\/\\\/naturalpoland.com\\\/ko\\\/#website\"},\"primaryImageOfPage\":{\"@id\":\"https:\\\/\\\/naturalpoland.com\\\/ko\\\/je-pum\\\/sig-pum-won-ryo\\\/hyang-ryo\\\/hyang-sin-ryo-hyang\\\/%ec%95%84%eb%8b%88%ec%8a%a4-%ed%96%a5%eb%a3%8c\\\/#primaryimage\"},\"image\":{\"@id\":\"https:\\\/\\\/naturalpoland.com\\\/ko\\\/je-pum\\\/sig-pum-won-ryo\\\/hyang-ryo\\\/hyang-sin-ryo-hyang\\\/%ec%95%84%eb%8b%88%ec%8a%a4-%ed%96%a5%eb%a3%8c\\\/#primaryimage\"},\"thumbnailUrl\":\"https:\\\/\\\/naturalpoland.com\\\/wp-content\\\/uploads\\\/aromat-anyzowy.webp\",\"datePublished\":\"2025-02-06T16:15:56+00:00\",\"dateModified\":\"2026-02-10T14:17:43+00:00\",\"description\":\"\uc544\ub2c8\uc2a4 \ud5a5\ub8cc\ub294 \uc81c\ud488\uc5d0 \ub3c5\ud2b9\ud55c \ub2ec\ucf64\ud558\uace0 \uc2a4\ud30c\uc774\uc2dc\ud55c \ud48d\ubbf8\ub97c \ub354\ud558\ub294 \uac15\ub82c\ud558\uace0 \ud2b9\uc9d5\uc801\uc778 \uc131\ubd84\uc785\ub2c8\ub2e4.\",\"breadcrumb\":{\"@id\":\"https:\\\/\\\/naturalpoland.com\\\/ko\\\/je-pum\\\/sig-pum-won-ryo\\\/hyang-ryo\\\/hyang-sin-ryo-hyang\\\/%ec%95%84%eb%8b%88%ec%8a%a4-%ed%96%a5%eb%a3%8c\\\/#breadcrumb\"},\"inLanguage\":\"ko-KR\",\"potentialAction\":[{\"@type\":\"ReadAction\",\"target\":[\"https:\\\/\\\/naturalpoland.com\\\/ko\\\/je-pum\\\/sig-pum-won-ryo\\\/hyang-ryo\\\/hyang-sin-ryo-hyang\\\/%ec%95%84%eb%8b%88%ec%8a%a4-%ed%96%a5%eb%a3%8c\\\/\"]}]},{\"@type\":\"ImageObject\",\"inLanguage\":\"ko-KR\",\"@id\":\"https:\\\/\\\/naturalpoland.com\\\/ko\\\/je-pum\\\/sig-pum-won-ryo\\\/hyang-ryo\\\/hyang-sin-ryo-hyang\\\/%ec%95%84%eb%8b%88%ec%8a%a4-%ed%96%a5%eb%a3%8c\\\/#primaryimage\",\"url\":\"https:\\\/\\\/naturalpoland.com\\\/wp-content\\\/uploads\\\/aromat-anyzowy.webp\",\"contentUrl\":\"https:\\\/\\\/naturalpoland.com\\\/wp-content\\\/uploads\\\/aromat-anyzowy.webp\",\"width\":595,\"height\":595,\"caption\":\"\uc544\ub2c8\uc2a4 \ud5a5\ub8cc\"},{\"@type\":\"BreadcrumbList\",\"@id\":\"https:\\\/\\\/naturalpoland.com\\\/ko\\\/je-pum\\\/sig-pum-won-ryo\\\/hyang-ryo\\\/hyang-sin-ryo-hyang\\\/%ec%95%84%eb%8b%88%ec%8a%a4-%ed%96%a5%eb%a3%8c\\\/#breadcrumb\",\"itemListElement\":[{\"@type\":\"ListItem\",\"position\":1,\"name\":\"\ud648\",\"item\":\"https:\\\/\\\/naturalpoland.com\\\/ko\\\/\"},{\"@type\":\"ListItem\",\"position\":2,\"name\":\"\uc81c\ud488\",\"item\":\"https:\\\/\\\/naturalpoland.com\\\/ko\\\/%ec%a0%9c%ed%92%88\\\/\"},{\"@type\":\"ListItem\",\"position\":3,\"name\":\"\uc544\ub2c8\uc2a4 \ud5a5\ub8cc\"}]},{\"@type\":\"WebSite\",\"@id\":\"https:\\\/\\\/naturalpoland.com\\\/ko\\\/#website\",\"url\":\"https:\\\/\\\/naturalpoland.com\\\/ko\\\/\",\"name\":\"NATURAL POLAND - Hurtowy Dystrybutor Surowc\u00f3w\",\"description\":\"Surowce dla przemys\u0142u spo\u017cywczego, kosmetycznego i farmaceutycznego\",\"publisher\":{\"@id\":\"https:\\\/\\\/naturalpoland.com\\\/ko\\\/#organization\"},\"potentialAction\":[{\"@type\":\"SearchAction\",\"target\":{\"@type\":\"EntryPoint\",\"urlTemplate\":\"https:\\\/\\\/naturalpoland.com\\\/ko\\\/?s={search_term_string}\"},\"query-input\":{\"@type\":\"PropertyValueSpecification\",\"valueRequired\":true,\"valueName\":\"search_term_string\"}}],\"inLanguage\":\"ko-KR\"},{\"@type\":\"Organization\",\"@id\":\"https:\\\/\\\/naturalpoland.com\\\/ko\\\/#organization\",\"name\":\"Natural Poland\",\"url\":\"https:\\\/\\\/naturalpoland.com\\\/ko\\\/\",\"logo\":{\"@type\":\"ImageObject\",\"inLanguage\":\"ko-KR\",\"@id\":\"https:\\\/\\\/naturalpoland.com\\\/ko\\\/#\\\/schema\\\/logo\\\/image\\\/\",\"url\":\"https:\\\/\\\/naturalpoland.com\\\/wp-content\\\/uploads\\\/2021\\\/05\\\/natural-poland-icon.png\",\"contentUrl\":\"https:\\\/\\\/naturalpoland.com\\\/wp-content\\\/uploads\\\/2021\\\/05\\\/natural-poland-icon.png\",\"width\":512,\"height\":512,\"caption\":\"Natural Poland\"},\"image\":{\"@id\":\"https:\\\/\\\/naturalpoland.com\\\/ko\\\/#\\\/schema\\\/logo\\\/image\\\/\"},\"sameAs\":[\"https:\\\/\\\/www.facebook.com\\\/naturalpoland.b2b\",\"https:\\\/\\\/pl.linkedin.com\\\/company\\\/natural-poland\",\"https:\\\/\\\/www.youtube.com\\\/channel\\\/UCgeGGkvOMahZo-xu_MSEWxg\"]}]}<\/script>\n<!-- \/ Yoast SEO plugin. -->","yoast_head_json":{"title":"\uc544\ub2c8\uc2a4 \ud5a5\ub8cc - Hurtowy Dystrybutor","description":"\uc544\ub2c8\uc2a4 \ud5a5\ub8cc\ub294 \uc81c\ud488\uc5d0 \ub3c5\ud2b9\ud55c \ub2ec\ucf64\ud558\uace0 \uc2a4\ud30c\uc774\uc2dc\ud55c \ud48d\ubbf8\ub97c \ub354\ud558\ub294 \uac15\ub82c\ud558\uace0 \ud2b9\uc9d5\uc801\uc778 \uc131\ubd84\uc785\ub2c8\ub2e4.","robots":{"index":"index","follow":"follow","max-snippet":"max-snippet:-1","max-image-preview":"max-image-preview:large","max-video-preview":"max-video-preview:-1"},"canonical":"https:\/\/naturalpoland.com\/ko\/je-pum\/sig-pum-won-ryo\/hyang-ryo\/hyang-sin-ryo-hyang\/%ec%95%84%eb%8b%88%ec%8a%a4-%ed%96%a5%eb%a3%8c\/","og_locale":"ko_KR","og_type":"article","og_title":"\uc544\ub2c8\uc2a4 \ud5a5\ub8cc - Hurtowy Dystrybutor","og_description":"\uc544\ub2c8\uc2a4 \ud5a5\ub8cc\ub294 \uc81c\ud488\uc5d0 \ub3c5\ud2b9\ud55c \ub2ec\ucf64\ud558\uace0 \uc2a4\ud30c\uc774\uc2dc\ud55c \ud48d\ubbf8\ub97c \ub354\ud558\ub294 \uac15\ub82c\ud558\uace0 \ud2b9\uc9d5\uc801\uc778 \uc131\ubd84\uc785\ub2c8\ub2e4.","og_url":"https:\/\/naturalpoland.com\/ko\/je-pum\/sig-pum-won-ryo\/hyang-ryo\/hyang-sin-ryo-hyang\/%ec%95%84%eb%8b%88%ec%8a%a4-%ed%96%a5%eb%a3%8c\/","og_site_name":"NATURAL POLAND - Hurtowy Dystrybutor Surowc\u00f3w","article_publisher":"https:\/\/www.facebook.com\/naturalpoland.b2b","article_modified_time":"2026-02-10T14:17:43+00:00","og_image":[{"width":595,"height":595,"url":"https:\/\/naturalpoland.com\/wp-content\/uploads\/aromat-anyzowy.webp","type":"image\/webp"}],"schema":{"@context":"https:\/\/schema.org","@graph":[{"@type":"WebPage","@id":"https:\/\/naturalpoland.com\/ko\/je-pum\/sig-pum-won-ryo\/hyang-ryo\/hyang-sin-ryo-hyang\/%ec%95%84%eb%8b%88%ec%8a%a4-%ed%96%a5%eb%a3%8c\/","url":"https:\/\/naturalpoland.com\/ko\/je-pum\/sig-pum-won-ryo\/hyang-ryo\/hyang-sin-ryo-hyang\/%ec%95%84%eb%8b%88%ec%8a%a4-%ed%96%a5%eb%a3%8c\/","name":"\uc544\ub2c8\uc2a4 \ud5a5\ub8cc - Hurtowy Dystrybutor","isPartOf":{"@id":"https:\/\/naturalpoland.com\/ko\/#website"},"primaryImageOfPage":{"@id":"https:\/\/naturalpoland.com\/ko\/je-pum\/sig-pum-won-ryo\/hyang-ryo\/hyang-sin-ryo-hyang\/%ec%95%84%eb%8b%88%ec%8a%a4-%ed%96%a5%eb%a3%8c\/#primaryimage"},"image":{"@id":"https:\/\/naturalpoland.com\/ko\/je-pum\/sig-pum-won-ryo\/hyang-ryo\/hyang-sin-ryo-hyang\/%ec%95%84%eb%8b%88%ec%8a%a4-%ed%96%a5%eb%a3%8c\/#primaryimage"},"thumbnailUrl":"https:\/\/naturalpoland.com\/wp-content\/uploads\/aromat-anyzowy.webp","datePublished":"2025-02-06T16:15:56+00:00","dateModified":"2026-02-10T14:17:43+00:00","description":"\uc544\ub2c8\uc2a4 \ud5a5\ub8cc\ub294 \uc81c\ud488\uc5d0 \ub3c5\ud2b9\ud55c \ub2ec\ucf64\ud558\uace0 \uc2a4\ud30c\uc774\uc2dc\ud55c \ud48d\ubbf8\ub97c \ub354\ud558\ub294 \uac15\ub82c\ud558\uace0 \ud2b9\uc9d5\uc801\uc778 \uc131\ubd84\uc785\ub2c8\ub2e4.","breadcrumb":{"@id":"https:\/\/naturalpoland.com\/ko\/je-pum\/sig-pum-won-ryo\/hyang-ryo\/hyang-sin-ryo-hyang\/%ec%95%84%eb%8b%88%ec%8a%a4-%ed%96%a5%eb%a3%8c\/#breadcrumb"},"inLanguage":"ko-KR","potentialAction":[{"@type":"ReadAction","target":["https:\/\/naturalpoland.com\/ko\/je-pum\/sig-pum-won-ryo\/hyang-ryo\/hyang-sin-ryo-hyang\/%ec%95%84%eb%8b%88%ec%8a%a4-%ed%96%a5%eb%a3%8c\/"]}]},{"@type":"ImageObject","inLanguage":"ko-KR","@id":"https:\/\/naturalpoland.com\/ko\/je-pum\/sig-pum-won-ryo\/hyang-ryo\/hyang-sin-ryo-hyang\/%ec%95%84%eb%8b%88%ec%8a%a4-%ed%96%a5%eb%a3%8c\/#primaryimage","url":"https:\/\/naturalpoland.com\/wp-content\/uploads\/aromat-anyzowy.webp","contentUrl":"https:\/\/naturalpoland.com\/wp-content\/uploads\/aromat-anyzowy.webp","width":595,"height":595,"caption":"\uc544\ub2c8\uc2a4 \ud5a5\ub8cc"},{"@type":"BreadcrumbList","@id":"https:\/\/naturalpoland.com\/ko\/je-pum\/sig-pum-won-ryo\/hyang-ryo\/hyang-sin-ryo-hyang\/%ec%95%84%eb%8b%88%ec%8a%a4-%ed%96%a5%eb%a3%8c\/#breadcrumb","itemListElement":[{"@type":"ListItem","position":1,"name":"\ud648","item":"https:\/\/naturalpoland.com\/ko\/"},{"@type":"ListItem","position":2,"name":"\uc81c\ud488","item":"https:\/\/naturalpoland.com\/ko\/%ec%a0%9c%ed%92%88\/"},{"@type":"ListItem","position":3,"name":"\uc544\ub2c8\uc2a4 \ud5a5\ub8cc"}]},{"@type":"WebSite","@id":"https:\/\/naturalpoland.com\/ko\/#website","url":"https:\/\/naturalpoland.com\/ko\/","name":"NATURAL POLAND - Hurtowy Dystrybutor Surowc\u00f3w","description":"Surowce dla przemys\u0142u spo\u017cywczego, kosmetycznego i farmaceutycznego","publisher":{"@id":"https:\/\/naturalpoland.com\/ko\/#organization"},"potentialAction":[{"@type":"SearchAction","target":{"@type":"EntryPoint","urlTemplate":"https:\/\/naturalpoland.com\/ko\/?s={search_term_string}"},"query-input":{"@type":"PropertyValueSpecification","valueRequired":true,"valueName":"search_term_string"}}],"inLanguage":"ko-KR"},{"@type":"Organization","@id":"https:\/\/naturalpoland.com\/ko\/#organization","name":"Natural Poland","url":"https:\/\/naturalpoland.com\/ko\/","logo":{"@type":"ImageObject","inLanguage":"ko-KR","@id":"https:\/\/naturalpoland.com\/ko\/#\/schema\/logo\/image\/","url":"https:\/\/naturalpoland.com\/wp-content\/uploads\/2021\/05\/natural-poland-icon.png","contentUrl":"https:\/\/naturalpoland.com\/wp-content\/uploads\/2021\/05\/natural-poland-icon.png","width":512,"height":512,"caption":"Natural Poland"},"image":{"@id":"https:\/\/naturalpoland.com\/ko\/#\/schema\/logo\/image\/"},"sameAs":["https:\/\/www.facebook.com\/naturalpoland.b2b","https:\/\/pl.linkedin.com\/company\/natural-poland","https:\/\/www.youtube.com\/channel\/UCgeGGkvOMahZo-xu_MSEWxg"]}]}},"_links":{"self":[{"href":"https:\/\/naturalpoland.com\/ko\/wp-json\/wp\/v2\/product\/45774","targetHints":{"allow":["GET"]}}],"collection":[{"href":"https:\/\/naturalpoland.com\/ko\/wp-json\/wp\/v2\/product"}],"about":[{"href":"https:\/\/naturalpoland.com\/ko\/wp-json\/wp\/v2\/types\/product"}],"wp:featuredmedia":[{"embeddable":true,"href":"https:\/\/naturalpoland.com\/ko\/wp-json\/wp\/v2\/media\/45775"}],"wp:attachment":[{"href":"https:\/\/naturalpoland.com\/ko\/wp-json\/wp\/v2\/media?parent=45774"}],"wp:term":[{"taxonomy":"product_brand","embeddable":true,"href":"https:\/\/naturalpoland.com\/ko\/wp-json\/wp\/v2\/product_brand?post=45774"},{"taxonomy":"product_cat","embeddable":true,"href":"https:\/\/naturalpoland.com\/ko\/wp-json\/wp\/v2\/product_cat?post=45774"},{"taxonomy":"product_tag","embeddable":true,"href":"https:\/\/naturalpoland.com\/ko\/wp-json\/wp\/v2\/product_tag?post=45774"}],"curies":[{"name":"wp","href":"https:\/\/api.w.org\/{rel}","templated":true}]}}