{"id":45842,"date":"2026-02-04T14:44:20","date_gmt":"2026-02-04T13:44:20","guid":{"rendered":"https:\/\/naturalpoland.com\/produkty\/uncategorized\/%ed%94%84%ed%85%8c%eb%a1%9c%ec%8a%a4%ed%8b%b8%eb%b2%a4\/"},"modified":"2026-02-13T10:46:37","modified_gmt":"2026-02-13T09:46:37","slug":"%ed%94%84%ed%85%8c%eb%a1%9c%ec%8a%a4%ed%8b%b8%eb%b2%a4","status":"publish","type":"product","link":"https:\/\/naturalpoland.com\/ko\/je-pum\/ui-yak-pum-won-ryo\/geon-gang-gi-neung-sig-pum-cheom-ga-mul\/%ed%94%84%ed%85%8c%eb%a1%9c%ec%8a%a4%ed%8b%b8%eb%b2%a4\/","title":{"rendered":"\ud504\ud14c\ub85c\uc2a4\ud2f8\ubca4"},"content":{"rendered":"<h2>\ud504\ud14c\ub85c\uc2a4\ud2f8\ubca4\uc758 \ud2b9\uc131 \ubc0f \uc791\uc6a9<\/h2>\n<p>\ud504\ud14c\ub85c\uc2a4\ud2f8\ubca4\uc740 \ub808\uc2a4\ubca0\ub77c\ud2b8\ub864\ubcf4\ub2e4 \uc0dd\uccb4 \uc774\uc6a9\ub960\uc774 \ub192\uace0 \ub300\uc0ac\uc801\uc73c\ub85c \uc548\uc815\uc801\uc778 \uc720\ub3c4\uccb4\ub85c \uc54c\ub824\uc838 \uc788\uc73c\uba70, \uc774\ub294 \ud654\ud559 \uad6c\uc870 \ub0b4 \uba54\ud1a1\uc2dc \uadf8\ub8f9\uc758 \uc874\uc7ac\uc5d0\uc11c \ube44\ub86f\ub429\ub2c8\ub2e4. \uc774\ub7ec\ud55c \ubcc0\ud615\uc740 \uccb4\ub0b4\uc5d0\uc11c <strong>\ub354 \ub098\uc740 \ud761\uc218<\/strong>\uc640 <strong>\ub290\ub9b0 \ub300\uc0ac<\/strong>\uc5d0 \uc601\ud5a5\uc744 \ubbf8\uccd0, \uae30\uc874 \ud3f4\ub9ac\ud398\ub180\uc5d0 \ube44\ud574 \uc911\uc694\ud55c \uae30\uc220\uc801 \uc774\uc810\uc744 \uc81c\uacf5\ud569\ub2c8\ub2e4. <\/p>\n<p>\uc774 \ud654\ud569\ubb3c\uc740 \uac15\ub825\ud55c <strong>\ud56d\uc0b0\ud654 \ud2b9\uc131<\/strong>\uc744 \ub098\ud0c0\ub0b4\uba70, \ud65c\uc131\uc0b0\uc18c\ub97c \uc911\ud654\ud558\uace0 \uc0b0\ud654 \uc2a4\ud2b8\ub808\uc2a4\ub85c\ubd80\ud130 \uc138\ud3ec\ub97c \ubcf4\ud638\ud569\ub2c8\ub2e4. \uc774\ub7ec\ud55c \uc774\uc720\ub85c \ud504\ud14c\ub85c\uc2a4\ud2f8\ubca4\uc740 \uc138\ud3ec \ubcf4\ud638 \ubc0f \uc7a5\uae30\uc801\uc778 \uc2e0\uccb4 \uc9c0\uc6d0\uc744 \ubaa9\ud45c\ub85c \ud558\ub294 \uc81c\uc81c\uc5d0 \uc790\uc8fc \uc0ac\uc6a9\ub429\ub2c8\ub2e4. <\/p>\n<p>\uacfc\ud559 \ubb38\ud5cc\uc5d0\uc11c \ud504\ud14c\ub85c\uc2a4\ud2f8\ubca4\uc740 <strong>\uc2e0\uacbd\uacc4\uc758 \uc815\uc0c1\uc801\uc778 \uae30\ub2a5\uc744 \uc9c0\uc6d0\ud558\ub294<\/strong> \uc131\ubd84\uc73c\ub85c\ub3c4 \uc124\uba85\ub418\uba70, \uc774\ub294 <em>\ub1cc \uac74\uac15<\/em> \ubc0f <em>\uc778\uc9c0 \uc9c0\uc6d0<\/em> \ubcf4\uc870\uc81c\uc5d0\uc11c \uc778\uae30\uac00 \ub192\uc544\uc9c0\ub294 \uc774\uc720\ub97c \uc124\uba85\ud569\ub2c8\ub2e4. \ub610\ud55c, <strong>\uc9c0\uc9c8 \ubc0f \ud3ec\ub3c4\ub2f9 \ub300\uc0ac\ub97c \uc9c0\uc6d0\ud558\ub294<\/strong> \uc81c\ud615\uc5d0\uc11c\uc758 \uc7a0\uc7ac\ub825\ub3c4 \uc8fc\ubaa9\ubc1b\uace0 \uc788\uc2b5\ub2c8\ub2e4. <\/p>\n<p>\uc720\ub9ac\ud55c \uc548\uc815\uc131 \ud504\ub85c\ud544 \ub355\ubd84\uc5d0 \ud504\ud14c\ub85c\uc2a4\ud2f8\ubca4\uc740 \ud604\ub300\uc801\uc778 \ub2e4\uc131\ubd84 \ub274\ud2b8\ub77c\uc288\ud2f0\uceec \uc870\uc131\ubb3c\uc5d0 \uc801\ud569\ud55c \uc6d0\ub8cc\ub85c \uc778\uc2dd\ub429\ub2c8\ub2e4.<\/p>\n<h2>\uc801\uc6a9<\/h2>\n<p>\ubd84\ub9d0 \ud615\ud0dc\uc758 \ud504\ud14c\ub85c\uc2a4\ud2f8\ubca4\uc740 \uc8fc\ub85c \uc2dd\uc774 \ubcf4\uc870\uc81c \ubc0f \ub274\ud2b8\ub77c\uc288\ud2f0\uceec \uc911\uac04 \uc81c\ud488\uc5d0 \uc0ac\uc6a9\ub418\uba70, \ud2b9\ud788 \ub2e4\uc74c \ubd84\uc57c\uc5d0 \ud65c\uc6a9\ub429\ub2c8\ub2e4.<\/p>\n<ul>\n<li>\uace0\ud568\ub7c9 \ud65c\uc131 \uc131\ubd84 \ucea1\uc290 \ubc0f \uc815\uc81c<\/li>\n<li><em>\uc548\ud2f0\uc5d0\uc774\uc9d5<\/em> \ubc0f <em>\uc7a5\uc218<\/em> \uc81c\ud615<\/li>\n<li>\uc778\uc9c0 \uae30\ub2a5 \uc9c0\uc6d0 \uc81c\uc81c (<em>\ub204\ud2b8\ub85c\ud53d<\/em>)<\/li>\n<li><span style=\"color: #555555;\">\ud56d\uc0b0\ud654 \ubcf4\ud638\ub97c \ubaa9\ud45c\ub85c \ud558\ub294 \uc81c\ud488<\/span><\/li>\n<li>\uace0\uae09 \ud3f4\ub9ac\ud398\ub180 \ube14\ub80c\ub4dc (\uc608: \ub808\uc2a4\ubca0\ub77c\ud2b8\ub864\uacfc\uc758 \uc870\ud569)<\/li>\n<\/ul>\n","protected":false},"excerpt":{"rendered":"<p><strong>\ud504\ud14c\ub85c\uc2a4\ud2f8\ubca4<\/strong>\uc740 \uc2a4\ud2f8\ubca4 \uacc4\uc5f4\uc758 \ucc9c\uc5f0 \ud3f4\ub9ac\ud398\ub180 \ud654\ud569\ubb3c\ub85c, <a href=\"https:\/\/naturalpoland.com\/ko\/je-pum\/ui-yak-pum-won-ryo\/geon-gang-gi-neung-sig-pum-cheom-ga-mul\/resverasol-%eb%a0%88%ec%8a%a4%eb%b2%a0%eb%9d%bc%ed%8a%b8%eb%a1%a4\/\"><strong>\ub808\uc2a4\ubca0\ub77c\ud2b8\ub864<\/strong><\/a>\uacfc \uad6c\uc870\uc801\uc73c\ub85c \uad00\ub828\uc774 \uc788\uc2b5\ub2c8\ub2e4. \ube14\ub8e8\ubca0\ub9ac, \ud3ec\ub3c4 \ubc0f \uc77c\ubd80 \uc2dd\ubb3c\uc758 \ubaa9\uc7ac\uc5d0\uc11c \uc790\uc5f0\uc801\uc73c\ub85c \ubc1c\uacac\ub418\uba70 \ubcf4\ud638 \uae30\ub2a5\uc744 \uc218\ud589\ud569\ub2c8\ub2e4. \uace0\uc21c\ub3c4 \ud615\ud0dc\ub294 \ucc28\uc138\ub300 \uc2dd\uc774 \ubcf4\uc870\uc81c\uc5d0 \uc0ac\uc6a9\ub418\ub294 \ud604\ub300\uc801\uc778 \uae30\ub2a5\uc131 \uc6d0\ub8cc\uc785\ub2c8\ub2e4.   <\/p>\n","protected":false},"featured_media":45843,"template":"","meta":[],"product_brand":[],"product_cat":[8143],"product_tag":[],"class_list":{"0":"post-45842","1":"product","2":"type-product","3":"status-publish","4":"has-post-thumbnail","6":"product_cat-geon-gang-gi-neung-sig-pum-cheom-ga-mul","7":"pa_grupa-substancji-8241","9":"first","10":"instock","11":"shipping-taxable","12":"product-type-simple"},"yoast_head":"<!-- This site is optimized with the Yoast SEO plugin v27.3 - https:\/\/yoast.com\/product\/yoast-seo-wordpress\/ -->\n<title>\ud504\ud14c\ub85c\uc2a4\ud2f8\ubca4 - Hurtowy Dystrybutor<\/title>\n<meta name=\"description\" content=\"\ud504\ud14c\ub85c\uc2a4\ud2f8\ubca4 \u226598% \ubd84\ub9d0 \u2013 \ub192\uc740 \uc0dd\uccb4 \uc774\uc6a9\ub960\uc744 \uac00\uc9c4 \ud604\ub300\uc801\uc778 \ud3f4\ub9ac\ud398\ub180, \uc548\ud2f0\uc5d0\uc774\uc9d5 \ubc0f \ub1cc \uac74\uac15 \ubcf4\uc870\uc81c\uc6a9. B2B \uc6d0\ub8cc.\" \/>\n<meta name=\"robots\" content=\"index, follow, max-snippet:-1, max-image-preview:large, max-video-preview:-1\" \/>\n<link rel=\"canonical\" href=\"https:\/\/naturalpoland.com\/ko\/je-pum\/ui-yak-pum-won-ryo\/geon-gang-gi-neung-sig-pum-cheom-ga-mul\/%ed%94%84%ed%85%8c%eb%a1%9c%ec%8a%a4%ed%8b%b8%eb%b2%a4\/\" \/>\n<meta property=\"og:locale\" content=\"ko_KR\" \/>\n<meta property=\"og:type\" content=\"article\" \/>\n<meta property=\"og:title\" content=\"\ud504\ud14c\ub85c\uc2a4\ud2f8\ubca4 - Hurtowy Dystrybutor\" \/>\n<meta property=\"og:description\" content=\"\ud504\ud14c\ub85c\uc2a4\ud2f8\ubca4 \u226598% \ubd84\ub9d0 \u2013 \ub192\uc740 \uc0dd\uccb4 \uc774\uc6a9\ub960\uc744 \uac00\uc9c4 \ud604\ub300\uc801\uc778 \ud3f4\ub9ac\ud398\ub180, \uc548\ud2f0\uc5d0\uc774\uc9d5 \ubc0f \ub1cc \uac74\uac15 \ubcf4\uc870\uc81c\uc6a9. B2B \uc6d0\ub8cc.\" \/>\n<meta property=\"og:url\" content=\"https:\/\/naturalpoland.com\/ko\/je-pum\/ui-yak-pum-won-ryo\/geon-gang-gi-neung-sig-pum-cheom-ga-mul\/%ed%94%84%ed%85%8c%eb%a1%9c%ec%8a%a4%ed%8b%b8%eb%b2%a4\/\" \/>\n<meta property=\"og:site_name\" content=\"NATURAL POLAND - Hurtowy Dystrybutor Surowc\u00f3w\" \/>\n<meta property=\"article:publisher\" content=\"https:\/\/www.facebook.com\/naturalpoland.b2b\" \/>\n<meta property=\"article:modified_time\" content=\"2026-02-13T09:46:37+00:00\" \/>\n<meta property=\"og:image\" content=\"https:\/\/naturalpoland.com\/wp-content\/uploads\/pterostilben.webp\" \/>\n\t<meta property=\"og:image:width\" content=\"1024\" \/>\n\t<meta property=\"og:image:height\" content=\"1024\" \/>\n\t<meta property=\"og:image:type\" content=\"image\/webp\" \/>\n<script type=\"application\/ld+json\" class=\"yoast-schema-graph\">{\"@context\":\"https:\\\/\\\/schema.org\",\"@graph\":[{\"@type\":\"WebPage\",\"@id\":\"https:\\\/\\\/naturalpoland.com\\\/ko\\\/je-pum\\\/ui-yak-pum-won-ryo\\\/geon-gang-gi-neung-sig-pum-cheom-ga-mul\\\/%ed%94%84%ed%85%8c%eb%a1%9c%ec%8a%a4%ed%8b%b8%eb%b2%a4\\\/\",\"url\":\"https:\\\/\\\/naturalpoland.com\\\/ko\\\/je-pum\\\/ui-yak-pum-won-ryo\\\/geon-gang-gi-neung-sig-pum-cheom-ga-mul\\\/%ed%94%84%ed%85%8c%eb%a1%9c%ec%8a%a4%ed%8b%b8%eb%b2%a4\\\/\",\"name\":\"\ud504\ud14c\ub85c\uc2a4\ud2f8\ubca4 - Hurtowy Dystrybutor\",\"isPartOf\":{\"@id\":\"https:\\\/\\\/naturalpoland.com\\\/ko\\\/#website\"},\"primaryImageOfPage\":{\"@id\":\"https:\\\/\\\/naturalpoland.com\\\/ko\\\/je-pum\\\/ui-yak-pum-won-ryo\\\/geon-gang-gi-neung-sig-pum-cheom-ga-mul\\\/%ed%94%84%ed%85%8c%eb%a1%9c%ec%8a%a4%ed%8b%b8%eb%b2%a4\\\/#primaryimage\"},\"image\":{\"@id\":\"https:\\\/\\\/naturalpoland.com\\\/ko\\\/je-pum\\\/ui-yak-pum-won-ryo\\\/geon-gang-gi-neung-sig-pum-cheom-ga-mul\\\/%ed%94%84%ed%85%8c%eb%a1%9c%ec%8a%a4%ed%8b%b8%eb%b2%a4\\\/#primaryimage\"},\"thumbnailUrl\":\"https:\\\/\\\/naturalpoland.com\\\/wp-content\\\/uploads\\\/pterostilben.webp\",\"datePublished\":\"2026-02-04T13:44:20+00:00\",\"dateModified\":\"2026-02-13T09:46:37+00:00\",\"description\":\"\ud504\ud14c\ub85c\uc2a4\ud2f8\ubca4 \u226598% \ubd84\ub9d0 \u2013 \ub192\uc740 \uc0dd\uccb4 \uc774\uc6a9\ub960\uc744 \uac00\uc9c4 \ud604\ub300\uc801\uc778 \ud3f4\ub9ac\ud398\ub180, \uc548\ud2f0\uc5d0\uc774\uc9d5 \ubc0f \ub1cc \uac74\uac15 \ubcf4\uc870\uc81c\uc6a9. B2B \uc6d0\ub8cc.\",\"breadcrumb\":{\"@id\":\"https:\\\/\\\/naturalpoland.com\\\/ko\\\/je-pum\\\/ui-yak-pum-won-ryo\\\/geon-gang-gi-neung-sig-pum-cheom-ga-mul\\\/%ed%94%84%ed%85%8c%eb%a1%9c%ec%8a%a4%ed%8b%b8%eb%b2%a4\\\/#breadcrumb\"},\"inLanguage\":\"ko-KR\",\"potentialAction\":[{\"@type\":\"ReadAction\",\"target\":[\"https:\\\/\\\/naturalpoland.com\\\/ko\\\/je-pum\\\/ui-yak-pum-won-ryo\\\/geon-gang-gi-neung-sig-pum-cheom-ga-mul\\\/%ed%94%84%ed%85%8c%eb%a1%9c%ec%8a%a4%ed%8b%b8%eb%b2%a4\\\/\"]}]},{\"@type\":\"ImageObject\",\"inLanguage\":\"ko-KR\",\"@id\":\"https:\\\/\\\/naturalpoland.com\\\/ko\\\/je-pum\\\/ui-yak-pum-won-ryo\\\/geon-gang-gi-neung-sig-pum-cheom-ga-mul\\\/%ed%94%84%ed%85%8c%eb%a1%9c%ec%8a%a4%ed%8b%b8%eb%b2%a4\\\/#primaryimage\",\"url\":\"https:\\\/\\\/naturalpoland.com\\\/wp-content\\\/uploads\\\/pterostilben.webp\",\"contentUrl\":\"https:\\\/\\\/naturalpoland.com\\\/wp-content\\\/uploads\\\/pterostilben.webp\",\"width\":1024,\"height\":1024,\"caption\":\"\ud504\ud14c\ub85c\uc2a4\ud2f8\ubca4\"},{\"@type\":\"BreadcrumbList\",\"@id\":\"https:\\\/\\\/naturalpoland.com\\\/ko\\\/je-pum\\\/ui-yak-pum-won-ryo\\\/geon-gang-gi-neung-sig-pum-cheom-ga-mul\\\/%ed%94%84%ed%85%8c%eb%a1%9c%ec%8a%a4%ed%8b%b8%eb%b2%a4\\\/#breadcrumb\",\"itemListElement\":[{\"@type\":\"ListItem\",\"position\":1,\"name\":\"\ud648\",\"item\":\"https:\\\/\\\/naturalpoland.com\\\/ko\\\/\"},{\"@type\":\"ListItem\",\"position\":2,\"name\":\"\uc81c\ud488\",\"item\":\"https:\\\/\\\/naturalpoland.com\\\/ko\\\/%ec%a0%9c%ed%92%88\\\/\"},{\"@type\":\"ListItem\",\"position\":3,\"name\":\"\ud504\ud14c\ub85c\uc2a4\ud2f8\ubca4\"}]},{\"@type\":\"WebSite\",\"@id\":\"https:\\\/\\\/naturalpoland.com\\\/ko\\\/#website\",\"url\":\"https:\\\/\\\/naturalpoland.com\\\/ko\\\/\",\"name\":\"NATURAL POLAND - Hurtowy Dystrybutor Surowc\u00f3w\",\"description\":\"Surowce dla przemys\u0142u spo\u017cywczego, kosmetycznego i farmaceutycznego\",\"publisher\":{\"@id\":\"https:\\\/\\\/naturalpoland.com\\\/ko\\\/#organization\"},\"potentialAction\":[{\"@type\":\"SearchAction\",\"target\":{\"@type\":\"EntryPoint\",\"urlTemplate\":\"https:\\\/\\\/naturalpoland.com\\\/ko\\\/?s={search_term_string}\"},\"query-input\":{\"@type\":\"PropertyValueSpecification\",\"valueRequired\":true,\"valueName\":\"search_term_string\"}}],\"inLanguage\":\"ko-KR\"},{\"@type\":\"Organization\",\"@id\":\"https:\\\/\\\/naturalpoland.com\\\/ko\\\/#organization\",\"name\":\"Natural Poland\",\"url\":\"https:\\\/\\\/naturalpoland.com\\\/ko\\\/\",\"logo\":{\"@type\":\"ImageObject\",\"inLanguage\":\"ko-KR\",\"@id\":\"https:\\\/\\\/naturalpoland.com\\\/ko\\\/#\\\/schema\\\/logo\\\/image\\\/\",\"url\":\"https:\\\/\\\/naturalpoland.com\\\/wp-content\\\/uploads\\\/2021\\\/05\\\/natural-poland-icon.png\",\"contentUrl\":\"https:\\\/\\\/naturalpoland.com\\\/wp-content\\\/uploads\\\/2021\\\/05\\\/natural-poland-icon.png\",\"width\":512,\"height\":512,\"caption\":\"Natural Poland\"},\"image\":{\"@id\":\"https:\\\/\\\/naturalpoland.com\\\/ko\\\/#\\\/schema\\\/logo\\\/image\\\/\"},\"sameAs\":[\"https:\\\/\\\/www.facebook.com\\\/naturalpoland.b2b\",\"https:\\\/\\\/pl.linkedin.com\\\/company\\\/natural-poland\",\"https:\\\/\\\/www.youtube.com\\\/channel\\\/UCgeGGkvOMahZo-xu_MSEWxg\"]}]}<\/script>\n<!-- \/ Yoast SEO plugin. -->","yoast_head_json":{"title":"\ud504\ud14c\ub85c\uc2a4\ud2f8\ubca4 - Hurtowy Dystrybutor","description":"\ud504\ud14c\ub85c\uc2a4\ud2f8\ubca4 \u226598% \ubd84\ub9d0 \u2013 \ub192\uc740 \uc0dd\uccb4 \uc774\uc6a9\ub960\uc744 \uac00\uc9c4 \ud604\ub300\uc801\uc778 \ud3f4\ub9ac\ud398\ub180, \uc548\ud2f0\uc5d0\uc774\uc9d5 \ubc0f \ub1cc \uac74\uac15 \ubcf4\uc870\uc81c\uc6a9. B2B \uc6d0\ub8cc.","robots":{"index":"index","follow":"follow","max-snippet":"max-snippet:-1","max-image-preview":"max-image-preview:large","max-video-preview":"max-video-preview:-1"},"canonical":"https:\/\/naturalpoland.com\/ko\/je-pum\/ui-yak-pum-won-ryo\/geon-gang-gi-neung-sig-pum-cheom-ga-mul\/%ed%94%84%ed%85%8c%eb%a1%9c%ec%8a%a4%ed%8b%b8%eb%b2%a4\/","og_locale":"ko_KR","og_type":"article","og_title":"\ud504\ud14c\ub85c\uc2a4\ud2f8\ubca4 - Hurtowy Dystrybutor","og_description":"\ud504\ud14c\ub85c\uc2a4\ud2f8\ubca4 \u226598% \ubd84\ub9d0 \u2013 \ub192\uc740 \uc0dd\uccb4 \uc774\uc6a9\ub960\uc744 \uac00\uc9c4 \ud604\ub300\uc801\uc778 \ud3f4\ub9ac\ud398\ub180, \uc548\ud2f0\uc5d0\uc774\uc9d5 \ubc0f \ub1cc \uac74\uac15 \ubcf4\uc870\uc81c\uc6a9. B2B \uc6d0\ub8cc.","og_url":"https:\/\/naturalpoland.com\/ko\/je-pum\/ui-yak-pum-won-ryo\/geon-gang-gi-neung-sig-pum-cheom-ga-mul\/%ed%94%84%ed%85%8c%eb%a1%9c%ec%8a%a4%ed%8b%b8%eb%b2%a4\/","og_site_name":"NATURAL POLAND - Hurtowy Dystrybutor Surowc\u00f3w","article_publisher":"https:\/\/www.facebook.com\/naturalpoland.b2b","article_modified_time":"2026-02-13T09:46:37+00:00","og_image":[{"width":1024,"height":1024,"url":"https:\/\/naturalpoland.com\/wp-content\/uploads\/pterostilben.webp","type":"image\/webp"}],"schema":{"@context":"https:\/\/schema.org","@graph":[{"@type":"WebPage","@id":"https:\/\/naturalpoland.com\/ko\/je-pum\/ui-yak-pum-won-ryo\/geon-gang-gi-neung-sig-pum-cheom-ga-mul\/%ed%94%84%ed%85%8c%eb%a1%9c%ec%8a%a4%ed%8b%b8%eb%b2%a4\/","url":"https:\/\/naturalpoland.com\/ko\/je-pum\/ui-yak-pum-won-ryo\/geon-gang-gi-neung-sig-pum-cheom-ga-mul\/%ed%94%84%ed%85%8c%eb%a1%9c%ec%8a%a4%ed%8b%b8%eb%b2%a4\/","name":"\ud504\ud14c\ub85c\uc2a4\ud2f8\ubca4 - Hurtowy Dystrybutor","isPartOf":{"@id":"https:\/\/naturalpoland.com\/ko\/#website"},"primaryImageOfPage":{"@id":"https:\/\/naturalpoland.com\/ko\/je-pum\/ui-yak-pum-won-ryo\/geon-gang-gi-neung-sig-pum-cheom-ga-mul\/%ed%94%84%ed%85%8c%eb%a1%9c%ec%8a%a4%ed%8b%b8%eb%b2%a4\/#primaryimage"},"image":{"@id":"https:\/\/naturalpoland.com\/ko\/je-pum\/ui-yak-pum-won-ryo\/geon-gang-gi-neung-sig-pum-cheom-ga-mul\/%ed%94%84%ed%85%8c%eb%a1%9c%ec%8a%a4%ed%8b%b8%eb%b2%a4\/#primaryimage"},"thumbnailUrl":"https:\/\/naturalpoland.com\/wp-content\/uploads\/pterostilben.webp","datePublished":"2026-02-04T13:44:20+00:00","dateModified":"2026-02-13T09:46:37+00:00","description":"\ud504\ud14c\ub85c\uc2a4\ud2f8\ubca4 \u226598% \ubd84\ub9d0 \u2013 \ub192\uc740 \uc0dd\uccb4 \uc774\uc6a9\ub960\uc744 \uac00\uc9c4 \ud604\ub300\uc801\uc778 \ud3f4\ub9ac\ud398\ub180, \uc548\ud2f0\uc5d0\uc774\uc9d5 \ubc0f \ub1cc \uac74\uac15 \ubcf4\uc870\uc81c\uc6a9. B2B \uc6d0\ub8cc.","breadcrumb":{"@id":"https:\/\/naturalpoland.com\/ko\/je-pum\/ui-yak-pum-won-ryo\/geon-gang-gi-neung-sig-pum-cheom-ga-mul\/%ed%94%84%ed%85%8c%eb%a1%9c%ec%8a%a4%ed%8b%b8%eb%b2%a4\/#breadcrumb"},"inLanguage":"ko-KR","potentialAction":[{"@type":"ReadAction","target":["https:\/\/naturalpoland.com\/ko\/je-pum\/ui-yak-pum-won-ryo\/geon-gang-gi-neung-sig-pum-cheom-ga-mul\/%ed%94%84%ed%85%8c%eb%a1%9c%ec%8a%a4%ed%8b%b8%eb%b2%a4\/"]}]},{"@type":"ImageObject","inLanguage":"ko-KR","@id":"https:\/\/naturalpoland.com\/ko\/je-pum\/ui-yak-pum-won-ryo\/geon-gang-gi-neung-sig-pum-cheom-ga-mul\/%ed%94%84%ed%85%8c%eb%a1%9c%ec%8a%a4%ed%8b%b8%eb%b2%a4\/#primaryimage","url":"https:\/\/naturalpoland.com\/wp-content\/uploads\/pterostilben.webp","contentUrl":"https:\/\/naturalpoland.com\/wp-content\/uploads\/pterostilben.webp","width":1024,"height":1024,"caption":"\ud504\ud14c\ub85c\uc2a4\ud2f8\ubca4"},{"@type":"BreadcrumbList","@id":"https:\/\/naturalpoland.com\/ko\/je-pum\/ui-yak-pum-won-ryo\/geon-gang-gi-neung-sig-pum-cheom-ga-mul\/%ed%94%84%ed%85%8c%eb%a1%9c%ec%8a%a4%ed%8b%b8%eb%b2%a4\/#breadcrumb","itemListElement":[{"@type":"ListItem","position":1,"name":"\ud648","item":"https:\/\/naturalpoland.com\/ko\/"},{"@type":"ListItem","position":2,"name":"\uc81c\ud488","item":"https:\/\/naturalpoland.com\/ko\/%ec%a0%9c%ed%92%88\/"},{"@type":"ListItem","position":3,"name":"\ud504\ud14c\ub85c\uc2a4\ud2f8\ubca4"}]},{"@type":"WebSite","@id":"https:\/\/naturalpoland.com\/ko\/#website","url":"https:\/\/naturalpoland.com\/ko\/","name":"NATURAL POLAND - Hurtowy Dystrybutor Surowc\u00f3w","description":"Surowce dla przemys\u0142u spo\u017cywczego, kosmetycznego i farmaceutycznego","publisher":{"@id":"https:\/\/naturalpoland.com\/ko\/#organization"},"potentialAction":[{"@type":"SearchAction","target":{"@type":"EntryPoint","urlTemplate":"https:\/\/naturalpoland.com\/ko\/?s={search_term_string}"},"query-input":{"@type":"PropertyValueSpecification","valueRequired":true,"valueName":"search_term_string"}}],"inLanguage":"ko-KR"},{"@type":"Organization","@id":"https:\/\/naturalpoland.com\/ko\/#organization","name":"Natural Poland","url":"https:\/\/naturalpoland.com\/ko\/","logo":{"@type":"ImageObject","inLanguage":"ko-KR","@id":"https:\/\/naturalpoland.com\/ko\/#\/schema\/logo\/image\/","url":"https:\/\/naturalpoland.com\/wp-content\/uploads\/2021\/05\/natural-poland-icon.png","contentUrl":"https:\/\/naturalpoland.com\/wp-content\/uploads\/2021\/05\/natural-poland-icon.png","width":512,"height":512,"caption":"Natural Poland"},"image":{"@id":"https:\/\/naturalpoland.com\/ko\/#\/schema\/logo\/image\/"},"sameAs":["https:\/\/www.facebook.com\/naturalpoland.b2b","https:\/\/pl.linkedin.com\/company\/natural-poland","https:\/\/www.youtube.com\/channel\/UCgeGGkvOMahZo-xu_MSEWxg"]}]}},"_links":{"self":[{"href":"https:\/\/naturalpoland.com\/ko\/wp-json\/wp\/v2\/product\/45842","targetHints":{"allow":["GET"]}}],"collection":[{"href":"https:\/\/naturalpoland.com\/ko\/wp-json\/wp\/v2\/product"}],"about":[{"href":"https:\/\/naturalpoland.com\/ko\/wp-json\/wp\/v2\/types\/product"}],"wp:featuredmedia":[{"embeddable":true,"href":"https:\/\/naturalpoland.com\/ko\/wp-json\/wp\/v2\/media\/45843"}],"wp:attachment":[{"href":"https:\/\/naturalpoland.com\/ko\/wp-json\/wp\/v2\/media?parent=45842"}],"wp:term":[{"taxonomy":"product_brand","embeddable":true,"href":"https:\/\/naturalpoland.com\/ko\/wp-json\/wp\/v2\/product_brand?post=45842"},{"taxonomy":"product_cat","embeddable":true,"href":"https:\/\/naturalpoland.com\/ko\/wp-json\/wp\/v2\/product_cat?post=45842"},{"taxonomy":"product_tag","embeddable":true,"href":"https:\/\/naturalpoland.com\/ko\/wp-json\/wp\/v2\/product_tag?post=45842"}],"curies":[{"name":"wp","href":"https:\/\/api.w.org\/{rel}","templated":true}]}}