{"id":45890,"date":"2026-02-05T13:56:04","date_gmt":"2026-02-05T12:56:04","guid":{"rendered":"https:\/\/naturalpoland.com\/produkty\/uncategorized\/%ed%8c%94%eb%a7%88%eb%a1%9c%ec%82%ac-%ec%98%a4%ec%9d%bc\/"},"modified":"2026-02-13T13:54:29","modified_gmt":"2026-02-13T12:54:29","slug":"%ed%8c%94%eb%a7%88%eb%a1%9c%ec%82%ac-%ec%98%a4%ec%9d%bc","status":"publish","type":"product","link":"https:\/\/naturalpoland.com\/ko\/je-pum\/hwa-jang-pum-won-ryo\/e-sen-syeol-o-il\/%ed%8c%94%eb%a7%88%eb%a1%9c%ec%82%ac-%ec%98%a4%ec%9d%bc\/","title":{"rendered":"\ud314\ub9c8\ub85c\uc0ac \uc624\uc77c"},"content":{"rendered":"<h2>\ud314\ub9c8\ub85c\uc0ac \uc624\uc77c\uc758 \ud2b9\uc131 \ubc0f \uc81c\ud615 \ub0b4 \uae30\ub2a5:<\/h2>\n<p>\ud314\ub9c8\ub85c\uc0ac \uc624\uc77c\uc740 \uc8fc\ub85c \ucc9c\uc5f0 \ud5a5\ub8cc \uc131\ubd84\uc73c\ub85c, \uc81c\ud615\uc5d0 \ubd80\ub4dc\ub7ec\uc6b4 \uaf43-\uc7a5\ubbf8 \ud5a5\uacfc \uac00\ubccd\uace0 \uc2e0\uc120\ud55c \ubc30\uacbd\uc744 \ub354\ud569\ub2c8\ub2e4. \ub530\ub77c\uc11c \uc2a4\ud0a8\ucf00\uc5b4 \ud654\uc7a5\ud488\uacfc \ud5a5\uc218 \uc81c\ud488 \ubaa8\ub450\uc5d0 \uc0ac\uc6a9\ub429\ub2c8\ub2e4. <\/p>\n<p>\uc81c\ud615 \uad00\uc810\uc5d0\uc11c \uc774 \uc624\uc77c\uc740 \ub2e4\uc74c\uc744 \ub098\ud0c0\ub0c5\ub2c8\ub2e4:<\/p>\n<ul>\n<li>\ub2e4\ub978 \uc5d0\uc13c\uc15c \uc624\uc77c\uacfc\uc758 \uc6b0\uc218\ud55c \ud638\ud658\uc131,<\/li>\n<li>\ub192\uc740 \ud5a5\ub8cc \ud654\ud569\ubb3c \ub18d\ub3c4,<\/li>\n<li>\uc77c\ubc18\uc801\uc778 \ubcf4\uad00 \uc870\uac74\uc5d0\uc11c\uc758 \uc548\uc815\uc131.<\/li>\n<\/ul>\n<p>\uac8c\ub77c\ub2c8\uc62c \ubc0f \uae30\ud0c0 \ubaa8\ub178\ud14c\ub974\ud39c\uc758 \uc874\uc7ac\ub85c \uc778\ud574 \ud314\ub9c8\ub85c\uc0ac \uc624\uc77c\uc740 \uc790\uc5f0\uc2a4\ub7ec\uc6b4 \ud5a5\uae30 \uad6c\uc131\uc774 \uc911\uc694\ud558\uac70\ub098 \uc544\ub85c\ub9c8\ud14c\ub77c\ud53c\uc5d0\uc11c \uc601\uac10\uc744 \ubc1b\uc740 \uc81c\ud615\uc758 \uc81c\ud488\uc5d0 \uc790\uc8fc \ud65c\uc6a9\ub429\ub2c8\ub2e4.<\/p>\n<h2>\uc801\uc6a9 \ubd84\uc57c:<\/h2>\n<p>\ud314\ub9c8\ub85c\uc0ac \uc624\uc77c\uc740 \ud654\uc7a5\ud488 \ubc0f \ud5a5\ub8cc \uc6d0\ub8cc\ub85c\uc11c \uc0b0\uc5c5\uc6a9\uc73c\ub85c \uc0ac\uc6a9\ub418\uba70, \ud2b9\ud788 \ub2e4\uc74c \ubd84\uc57c\uc5d0 \uc801\ud569\ud569\ub2c8\ub2e4:<\/p>\n<ul>\n<li>\ud53c\ubd80 \uad00\ub9ac \ud06c\ub9bc \ubc0f \ub85c\uc158,<\/li>\n<li>\ubc14\ub514 \ud654\uc7a5\ud488 \ubc0f \uc2a4\ud30c \uc81c\ud488,<\/li>\n<li>\ube44\ub204 \ubc0f \uc138\uc815\uc81c,<\/li>\n<li>\ub9c8\uc0ac\uc9c0 \uc624\uc77c \ubc0f \uc544\ub85c\ub9c8 \uc81c\ud615,<\/li>\n<li>\ud5a5\uc218 \ubc0f \ud5a5\uae30 \uc870\uc131\ubb3c,<\/li>\n<li>\ud5a5\ucd08 \ubc0f \ud648 \ud504\ub798\uadf8\ub7f0\uc2a4 \uc81c\ud488.<\/li>\n<\/ul>\n<p>\uc774 \uc6d0\ub8cc\ub294 \ucd5c\uc885 \uc81c\ud488\uc758 \ub18d\ub3c4 \uc81c\ud55c\uc744 \uace0\ub824\ud558\uc5ec \uad00\ub828 \uaddc\uc815 \ubc0f IFRA, CLP \uad8c\uc7a5 \uc0ac\ud56d\uc5d0 \ub530\ub77c \uc0ac\uc6a9\ud574\uc57c \ud569\ub2c8\ub2e4.<\/p>\n","protected":false},"excerpt":{"rendered":"<p><strong>\ud314\ub9c8\ub85c\uc0ac \uc624\uc77c<\/strong>\uc740 \ubcbc\uacfc\uc5d0 \uc18d\ud558\ub294 <em>Cymbopogon martini<\/em> \ud480\uc5d0\uc11c \ucd94\ucd9c\ub429\ub2c8\ub2e4. \uc774 \uc624\uc77c\uc740 <span style=\"font-size: 14.4px;\"> <strong>\uac8c\ub77c\ub2c8\uc62c<\/strong>(50\u2013100%)\uc774 \uc8fc\uc131\ubd84\uc774\uba70, <strong>\uac8c\ub77c\ub2d0 \uc544\uc138\ud14c\uc774\ud2b8<\/strong>, <strong>\ub9ac\ub0a0\ub8f0<\/strong>, <strong>\uc2dc\ud2b8\ub784<\/strong>, <strong>\ub9ac\ubaa8\ub128<\/strong> \ub4f1\uc774 \ubcf4\ucda9\ub41c \ud5a5\ub8cc \ubb3c\uc9c8\uc758 \ud63c\ud569\ubb3c\uc785\ub2c8\ub2e4. <\/span><\/p>\n","protected":false},"featured_media":45892,"template":"","meta":[],"product_brand":[],"product_cat":[8155],"product_tag":[],"class_list":{"0":"post-45890","1":"product","2":"type-product","3":"status-publish","4":"has-post-thumbnail","6":"product_cat-e-sen-syeol-o-il","8":"first","9":"instock","10":"shipping-taxable","11":"product-type-simple"},"yoast_head":"<!-- This site is optimized with the Yoast SEO plugin v27.3 - https:\/\/yoast.com\/product\/yoast-seo-wordpress\/ -->\n<title>\ud314\ub9c8\ub85c\uc0ac \uc624\uc77c - Hurtowy Dystrybutor<\/title>\n<meta name=\"description\" content=\"\ud314\ub9c8\ub85c\uc0ac \uc624\uc77c(Cymbopogon martini oil)\uc740 \ud654\uc7a5\ud488 \ubc0f \ud5a5\uc218\uc6a9 \ucc9c\uc5f0 \ud5a5\ub8cc \uc131\ubd84\uc785\ub2c8\ub2e4. \uaf43\ud5a5\uae30\uac00 \ud2b9\uc9d5\uc778 B2B \uc6d0\ub8cc\uc785\ub2c8\ub2e4.\" \/>\n<meta name=\"robots\" content=\"index, follow, max-snippet:-1, max-image-preview:large, max-video-preview:-1\" \/>\n<link rel=\"canonical\" href=\"https:\/\/naturalpoland.com\/ko\/je-pum\/hwa-jang-pum-won-ryo\/e-sen-syeol-o-il\/%ed%8c%94%eb%a7%88%eb%a1%9c%ec%82%ac-%ec%98%a4%ec%9d%bc\/\" \/>\n<meta property=\"og:locale\" content=\"ko_KR\" \/>\n<meta property=\"og:type\" content=\"article\" \/>\n<meta property=\"og:title\" content=\"\ud314\ub9c8\ub85c\uc0ac \uc624\uc77c - Hurtowy Dystrybutor\" \/>\n<meta property=\"og:description\" content=\"\ud314\ub9c8\ub85c\uc0ac \uc624\uc77c(Cymbopogon martini oil)\uc740 \ud654\uc7a5\ud488 \ubc0f \ud5a5\uc218\uc6a9 \ucc9c\uc5f0 \ud5a5\ub8cc \uc131\ubd84\uc785\ub2c8\ub2e4. \uaf43\ud5a5\uae30\uac00 \ud2b9\uc9d5\uc778 B2B \uc6d0\ub8cc\uc785\ub2c8\ub2e4.\" \/>\n<meta property=\"og:url\" content=\"https:\/\/naturalpoland.com\/ko\/je-pum\/hwa-jang-pum-won-ryo\/e-sen-syeol-o-il\/%ed%8c%94%eb%a7%88%eb%a1%9c%ec%82%ac-%ec%98%a4%ec%9d%bc\/\" \/>\n<meta property=\"og:site_name\" content=\"NATURAL POLAND - Hurtowy Dystrybutor Surowc\u00f3w\" \/>\n<meta property=\"article:publisher\" content=\"https:\/\/www.facebook.com\/naturalpoland.b2b\" \/>\n<meta property=\"article:modified_time\" content=\"2026-02-13T12:54:29+00:00\" \/>\n<meta property=\"og:image\" content=\"https:\/\/naturalpoland.com\/wp-content\/uploads\/palmarosa-oil.webp\" \/>\n\t<meta property=\"og:image:width\" content=\"1024\" \/>\n\t<meta property=\"og:image:height\" content=\"1024\" \/>\n\t<meta property=\"og:image:type\" content=\"image\/webp\" \/>\n<script type=\"application\/ld+json\" class=\"yoast-schema-graph\">{\"@context\":\"https:\\\/\\\/schema.org\",\"@graph\":[{\"@type\":\"WebPage\",\"@id\":\"https:\\\/\\\/naturalpoland.com\\\/ko\\\/je-pum\\\/hwa-jang-pum-won-ryo\\\/e-sen-syeol-o-il\\\/%ed%8c%94%eb%a7%88%eb%a1%9c%ec%82%ac-%ec%98%a4%ec%9d%bc\\\/\",\"url\":\"https:\\\/\\\/naturalpoland.com\\\/ko\\\/je-pum\\\/hwa-jang-pum-won-ryo\\\/e-sen-syeol-o-il\\\/%ed%8c%94%eb%a7%88%eb%a1%9c%ec%82%ac-%ec%98%a4%ec%9d%bc\\\/\",\"name\":\"\ud314\ub9c8\ub85c\uc0ac \uc624\uc77c - Hurtowy Dystrybutor\",\"isPartOf\":{\"@id\":\"https:\\\/\\\/naturalpoland.com\\\/ko\\\/#website\"},\"primaryImageOfPage\":{\"@id\":\"https:\\\/\\\/naturalpoland.com\\\/ko\\\/je-pum\\\/hwa-jang-pum-won-ryo\\\/e-sen-syeol-o-il\\\/%ed%8c%94%eb%a7%88%eb%a1%9c%ec%82%ac-%ec%98%a4%ec%9d%bc\\\/#primaryimage\"},\"image\":{\"@id\":\"https:\\\/\\\/naturalpoland.com\\\/ko\\\/je-pum\\\/hwa-jang-pum-won-ryo\\\/e-sen-syeol-o-il\\\/%ed%8c%94%eb%a7%88%eb%a1%9c%ec%82%ac-%ec%98%a4%ec%9d%bc\\\/#primaryimage\"},\"thumbnailUrl\":\"https:\\\/\\\/naturalpoland.com\\\/wp-content\\\/uploads\\\/palmarosa-oil.webp\",\"datePublished\":\"2026-02-05T12:56:04+00:00\",\"dateModified\":\"2026-02-13T12:54:29+00:00\",\"description\":\"\ud314\ub9c8\ub85c\uc0ac \uc624\uc77c(Cymbopogon martini oil)\uc740 \ud654\uc7a5\ud488 \ubc0f \ud5a5\uc218\uc6a9 \ucc9c\uc5f0 \ud5a5\ub8cc \uc131\ubd84\uc785\ub2c8\ub2e4. \uaf43\ud5a5\uae30\uac00 \ud2b9\uc9d5\uc778 B2B \uc6d0\ub8cc\uc785\ub2c8\ub2e4.\",\"breadcrumb\":{\"@id\":\"https:\\\/\\\/naturalpoland.com\\\/ko\\\/je-pum\\\/hwa-jang-pum-won-ryo\\\/e-sen-syeol-o-il\\\/%ed%8c%94%eb%a7%88%eb%a1%9c%ec%82%ac-%ec%98%a4%ec%9d%bc\\\/#breadcrumb\"},\"inLanguage\":\"ko-KR\",\"potentialAction\":[{\"@type\":\"ReadAction\",\"target\":[\"https:\\\/\\\/naturalpoland.com\\\/ko\\\/je-pum\\\/hwa-jang-pum-won-ryo\\\/e-sen-syeol-o-il\\\/%ed%8c%94%eb%a7%88%eb%a1%9c%ec%82%ac-%ec%98%a4%ec%9d%bc\\\/\"]}]},{\"@type\":\"ImageObject\",\"inLanguage\":\"ko-KR\",\"@id\":\"https:\\\/\\\/naturalpoland.com\\\/ko\\\/je-pum\\\/hwa-jang-pum-won-ryo\\\/e-sen-syeol-o-il\\\/%ed%8c%94%eb%a7%88%eb%a1%9c%ec%82%ac-%ec%98%a4%ec%9d%bc\\\/#primaryimage\",\"url\":\"https:\\\/\\\/naturalpoland.com\\\/wp-content\\\/uploads\\\/palmarosa-oil.webp\",\"contentUrl\":\"https:\\\/\\\/naturalpoland.com\\\/wp-content\\\/uploads\\\/palmarosa-oil.webp\",\"width\":1024,\"height\":1024,\"caption\":\"\ud314\ub9c8\ub85c\uc0ac \uc624\uc77c\"},{\"@type\":\"BreadcrumbList\",\"@id\":\"https:\\\/\\\/naturalpoland.com\\\/ko\\\/je-pum\\\/hwa-jang-pum-won-ryo\\\/e-sen-syeol-o-il\\\/%ed%8c%94%eb%a7%88%eb%a1%9c%ec%82%ac-%ec%98%a4%ec%9d%bc\\\/#breadcrumb\",\"itemListElement\":[{\"@type\":\"ListItem\",\"position\":1,\"name\":\"\ud648\",\"item\":\"https:\\\/\\\/naturalpoland.com\\\/ko\\\/\"},{\"@type\":\"ListItem\",\"position\":2,\"name\":\"\uc81c\ud488\",\"item\":\"https:\\\/\\\/naturalpoland.com\\\/ko\\\/%ec%a0%9c%ed%92%88\\\/\"},{\"@type\":\"ListItem\",\"position\":3,\"name\":\"\ud314\ub9c8\ub85c\uc0ac \uc624\uc77c\"}]},{\"@type\":\"WebSite\",\"@id\":\"https:\\\/\\\/naturalpoland.com\\\/ko\\\/#website\",\"url\":\"https:\\\/\\\/naturalpoland.com\\\/ko\\\/\",\"name\":\"NATURAL POLAND - Hurtowy Dystrybutor Surowc\u00f3w\",\"description\":\"Surowce dla przemys\u0142u spo\u017cywczego, kosmetycznego i farmaceutycznego\",\"publisher\":{\"@id\":\"https:\\\/\\\/naturalpoland.com\\\/ko\\\/#organization\"},\"potentialAction\":[{\"@type\":\"SearchAction\",\"target\":{\"@type\":\"EntryPoint\",\"urlTemplate\":\"https:\\\/\\\/naturalpoland.com\\\/ko\\\/?s={search_term_string}\"},\"query-input\":{\"@type\":\"PropertyValueSpecification\",\"valueRequired\":true,\"valueName\":\"search_term_string\"}}],\"inLanguage\":\"ko-KR\"},{\"@type\":\"Organization\",\"@id\":\"https:\\\/\\\/naturalpoland.com\\\/ko\\\/#organization\",\"name\":\"Natural Poland\",\"url\":\"https:\\\/\\\/naturalpoland.com\\\/ko\\\/\",\"logo\":{\"@type\":\"ImageObject\",\"inLanguage\":\"ko-KR\",\"@id\":\"https:\\\/\\\/naturalpoland.com\\\/ko\\\/#\\\/schema\\\/logo\\\/image\\\/\",\"url\":\"https:\\\/\\\/naturalpoland.com\\\/wp-content\\\/uploads\\\/2021\\\/05\\\/natural-poland-icon.png\",\"contentUrl\":\"https:\\\/\\\/naturalpoland.com\\\/wp-content\\\/uploads\\\/2021\\\/05\\\/natural-poland-icon.png\",\"width\":512,\"height\":512,\"caption\":\"Natural Poland\"},\"image\":{\"@id\":\"https:\\\/\\\/naturalpoland.com\\\/ko\\\/#\\\/schema\\\/logo\\\/image\\\/\"},\"sameAs\":[\"https:\\\/\\\/www.facebook.com\\\/naturalpoland.b2b\",\"https:\\\/\\\/pl.linkedin.com\\\/company\\\/natural-poland\",\"https:\\\/\\\/www.youtube.com\\\/channel\\\/UCgeGGkvOMahZo-xu_MSEWxg\"]}]}<\/script>\n<!-- \/ Yoast SEO plugin. -->","yoast_head_json":{"title":"\ud314\ub9c8\ub85c\uc0ac \uc624\uc77c - Hurtowy Dystrybutor","description":"\ud314\ub9c8\ub85c\uc0ac \uc624\uc77c(Cymbopogon martini oil)\uc740 \ud654\uc7a5\ud488 \ubc0f \ud5a5\uc218\uc6a9 \ucc9c\uc5f0 \ud5a5\ub8cc \uc131\ubd84\uc785\ub2c8\ub2e4. \uaf43\ud5a5\uae30\uac00 \ud2b9\uc9d5\uc778 B2B \uc6d0\ub8cc\uc785\ub2c8\ub2e4.","robots":{"index":"index","follow":"follow","max-snippet":"max-snippet:-1","max-image-preview":"max-image-preview:large","max-video-preview":"max-video-preview:-1"},"canonical":"https:\/\/naturalpoland.com\/ko\/je-pum\/hwa-jang-pum-won-ryo\/e-sen-syeol-o-il\/%ed%8c%94%eb%a7%88%eb%a1%9c%ec%82%ac-%ec%98%a4%ec%9d%bc\/","og_locale":"ko_KR","og_type":"article","og_title":"\ud314\ub9c8\ub85c\uc0ac \uc624\uc77c - Hurtowy Dystrybutor","og_description":"\ud314\ub9c8\ub85c\uc0ac \uc624\uc77c(Cymbopogon martini oil)\uc740 \ud654\uc7a5\ud488 \ubc0f \ud5a5\uc218\uc6a9 \ucc9c\uc5f0 \ud5a5\ub8cc \uc131\ubd84\uc785\ub2c8\ub2e4. \uaf43\ud5a5\uae30\uac00 \ud2b9\uc9d5\uc778 B2B \uc6d0\ub8cc\uc785\ub2c8\ub2e4.","og_url":"https:\/\/naturalpoland.com\/ko\/je-pum\/hwa-jang-pum-won-ryo\/e-sen-syeol-o-il\/%ed%8c%94%eb%a7%88%eb%a1%9c%ec%82%ac-%ec%98%a4%ec%9d%bc\/","og_site_name":"NATURAL POLAND - Hurtowy Dystrybutor Surowc\u00f3w","article_publisher":"https:\/\/www.facebook.com\/naturalpoland.b2b","article_modified_time":"2026-02-13T12:54:29+00:00","og_image":[{"width":1024,"height":1024,"url":"https:\/\/naturalpoland.com\/wp-content\/uploads\/palmarosa-oil.webp","type":"image\/webp"}],"schema":{"@context":"https:\/\/schema.org","@graph":[{"@type":"WebPage","@id":"https:\/\/naturalpoland.com\/ko\/je-pum\/hwa-jang-pum-won-ryo\/e-sen-syeol-o-il\/%ed%8c%94%eb%a7%88%eb%a1%9c%ec%82%ac-%ec%98%a4%ec%9d%bc\/","url":"https:\/\/naturalpoland.com\/ko\/je-pum\/hwa-jang-pum-won-ryo\/e-sen-syeol-o-il\/%ed%8c%94%eb%a7%88%eb%a1%9c%ec%82%ac-%ec%98%a4%ec%9d%bc\/","name":"\ud314\ub9c8\ub85c\uc0ac \uc624\uc77c - Hurtowy Dystrybutor","isPartOf":{"@id":"https:\/\/naturalpoland.com\/ko\/#website"},"primaryImageOfPage":{"@id":"https:\/\/naturalpoland.com\/ko\/je-pum\/hwa-jang-pum-won-ryo\/e-sen-syeol-o-il\/%ed%8c%94%eb%a7%88%eb%a1%9c%ec%82%ac-%ec%98%a4%ec%9d%bc\/#primaryimage"},"image":{"@id":"https:\/\/naturalpoland.com\/ko\/je-pum\/hwa-jang-pum-won-ryo\/e-sen-syeol-o-il\/%ed%8c%94%eb%a7%88%eb%a1%9c%ec%82%ac-%ec%98%a4%ec%9d%bc\/#primaryimage"},"thumbnailUrl":"https:\/\/naturalpoland.com\/wp-content\/uploads\/palmarosa-oil.webp","datePublished":"2026-02-05T12:56:04+00:00","dateModified":"2026-02-13T12:54:29+00:00","description":"\ud314\ub9c8\ub85c\uc0ac \uc624\uc77c(Cymbopogon martini oil)\uc740 \ud654\uc7a5\ud488 \ubc0f \ud5a5\uc218\uc6a9 \ucc9c\uc5f0 \ud5a5\ub8cc \uc131\ubd84\uc785\ub2c8\ub2e4. \uaf43\ud5a5\uae30\uac00 \ud2b9\uc9d5\uc778 B2B \uc6d0\ub8cc\uc785\ub2c8\ub2e4.","breadcrumb":{"@id":"https:\/\/naturalpoland.com\/ko\/je-pum\/hwa-jang-pum-won-ryo\/e-sen-syeol-o-il\/%ed%8c%94%eb%a7%88%eb%a1%9c%ec%82%ac-%ec%98%a4%ec%9d%bc\/#breadcrumb"},"inLanguage":"ko-KR","potentialAction":[{"@type":"ReadAction","target":["https:\/\/naturalpoland.com\/ko\/je-pum\/hwa-jang-pum-won-ryo\/e-sen-syeol-o-il\/%ed%8c%94%eb%a7%88%eb%a1%9c%ec%82%ac-%ec%98%a4%ec%9d%bc\/"]}]},{"@type":"ImageObject","inLanguage":"ko-KR","@id":"https:\/\/naturalpoland.com\/ko\/je-pum\/hwa-jang-pum-won-ryo\/e-sen-syeol-o-il\/%ed%8c%94%eb%a7%88%eb%a1%9c%ec%82%ac-%ec%98%a4%ec%9d%bc\/#primaryimage","url":"https:\/\/naturalpoland.com\/wp-content\/uploads\/palmarosa-oil.webp","contentUrl":"https:\/\/naturalpoland.com\/wp-content\/uploads\/palmarosa-oil.webp","width":1024,"height":1024,"caption":"\ud314\ub9c8\ub85c\uc0ac \uc624\uc77c"},{"@type":"BreadcrumbList","@id":"https:\/\/naturalpoland.com\/ko\/je-pum\/hwa-jang-pum-won-ryo\/e-sen-syeol-o-il\/%ed%8c%94%eb%a7%88%eb%a1%9c%ec%82%ac-%ec%98%a4%ec%9d%bc\/#breadcrumb","itemListElement":[{"@type":"ListItem","position":1,"name":"\ud648","item":"https:\/\/naturalpoland.com\/ko\/"},{"@type":"ListItem","position":2,"name":"\uc81c\ud488","item":"https:\/\/naturalpoland.com\/ko\/%ec%a0%9c%ed%92%88\/"},{"@type":"ListItem","position":3,"name":"\ud314\ub9c8\ub85c\uc0ac \uc624\uc77c"}]},{"@type":"WebSite","@id":"https:\/\/naturalpoland.com\/ko\/#website","url":"https:\/\/naturalpoland.com\/ko\/","name":"NATURAL POLAND - Hurtowy Dystrybutor Surowc\u00f3w","description":"Surowce dla przemys\u0142u spo\u017cywczego, kosmetycznego i farmaceutycznego","publisher":{"@id":"https:\/\/naturalpoland.com\/ko\/#organization"},"potentialAction":[{"@type":"SearchAction","target":{"@type":"EntryPoint","urlTemplate":"https:\/\/naturalpoland.com\/ko\/?s={search_term_string}"},"query-input":{"@type":"PropertyValueSpecification","valueRequired":true,"valueName":"search_term_string"}}],"inLanguage":"ko-KR"},{"@type":"Organization","@id":"https:\/\/naturalpoland.com\/ko\/#organization","name":"Natural Poland","url":"https:\/\/naturalpoland.com\/ko\/","logo":{"@type":"ImageObject","inLanguage":"ko-KR","@id":"https:\/\/naturalpoland.com\/ko\/#\/schema\/logo\/image\/","url":"https:\/\/naturalpoland.com\/wp-content\/uploads\/2021\/05\/natural-poland-icon.png","contentUrl":"https:\/\/naturalpoland.com\/wp-content\/uploads\/2021\/05\/natural-poland-icon.png","width":512,"height":512,"caption":"Natural Poland"},"image":{"@id":"https:\/\/naturalpoland.com\/ko\/#\/schema\/logo\/image\/"},"sameAs":["https:\/\/www.facebook.com\/naturalpoland.b2b","https:\/\/pl.linkedin.com\/company\/natural-poland","https:\/\/www.youtube.com\/channel\/UCgeGGkvOMahZo-xu_MSEWxg"]}]}},"_links":{"self":[{"href":"https:\/\/naturalpoland.com\/ko\/wp-json\/wp\/v2\/product\/45890","targetHints":{"allow":["GET"]}}],"collection":[{"href":"https:\/\/naturalpoland.com\/ko\/wp-json\/wp\/v2\/product"}],"about":[{"href":"https:\/\/naturalpoland.com\/ko\/wp-json\/wp\/v2\/types\/product"}],"wp:featuredmedia":[{"embeddable":true,"href":"https:\/\/naturalpoland.com\/ko\/wp-json\/wp\/v2\/media\/45892"}],"wp:attachment":[{"href":"https:\/\/naturalpoland.com\/ko\/wp-json\/wp\/v2\/media?parent=45890"}],"wp:term":[{"taxonomy":"product_brand","embeddable":true,"href":"https:\/\/naturalpoland.com\/ko\/wp-json\/wp\/v2\/product_brand?post=45890"},{"taxonomy":"product_cat","embeddable":true,"href":"https:\/\/naturalpoland.com\/ko\/wp-json\/wp\/v2\/product_cat?post=45890"},{"taxonomy":"product_tag","embeddable":true,"href":"https:\/\/naturalpoland.com\/ko\/wp-json\/wp\/v2\/product_tag?post=45890"}],"curies":[{"name":"wp","href":"https:\/\/api.w.org\/{rel}","templated":true}]}}