{"id":45998,"date":"2026-02-17T15:17:18","date_gmt":"2026-02-17T14:17:18","guid":{"rendered":"https:\/\/naturalpoland.com\/produkty\/uncategorized\/colostrum-bovinum-%ec%86%8c-%ec%b4%88%ec%9c%a0\/"},"modified":"2026-02-19T12:29:35","modified_gmt":"2026-02-19T11:29:35","slug":"colostrum-bovinum-%ec%86%8c-%ec%b4%88%ec%9c%a0","status":"publish","type":"product","link":"https:\/\/naturalpoland.com\/ko\/je-pum\/ui-yak-pum-won-ryo\/geon-gang-gi-neung-sig-pum-cheom-ga-mul\/colostrum-bovinum-%ec%86%8c-%ec%b4%88%ec%9c%a0\/","title":{"rendered":"Colostrum Bovinum (\uc18c \ucd08\uc720)"},"content":{"rendered":"<p>Colostrum Bovinum\uc740 \uc218\uc758\uc0ac\uc758 \uc9c0\uc18d\uc801\uc778 \uac10\ub3c5\uc744 \ubc1b\ub294 \ud3f4\ub780\ub4dc \ub18d\uc7a5\uc5d0\uc11c\ub9cc \uacf5\uae09\ub429\ub2c8\ub2e4. \uc6d0\ub8cc\ub294 EU \uaddc\uc815 \ubc0f \ub3d9\ubb3c \ubcf5\uc9c0 \uc6d0\uce59\uc5d0 \ub530\ub77c \ubd84\ub9cc \ud6c4 \uccab \uba87 \uc2dc\uac04 \uc774\ub0b4\uc5d0 \ucc44\ucde8\ub429\ub2c8\ub2e4. \ubaa8\ub4e0 \ubc30\uce58\ub294 \uc0c1\uc138\ud55c \ud488\uc9c8 \uad00\ub9ac \ubc0f \ubbf8\uc0dd\ubb3c \uac80\uc0ac\ub97c \uac70\uce69\ub2c8\ub2e4.  <\/p>\n<h2>\ucd08\uc720\uc758 \ud2b9\uc131:<\/h2>\n<p>Colostrum Bovinum\uc740 IgG 30% \uc774\uc0c1\uc73c\ub85c \ud45c\uc900\ud654\ub41c \uba74\uc5ed\uae00\ub85c\ubd88\ub9b0\uc774 \uace0\ub18d\ub3c4\ub85c \ud568\uc720\ub41c \ucc9c\uc5f0\uc758 \uc0dd\ubb3c\ud559\uc801 \ud65c\uc131 \uc6d0\ub8cc\uc785\ub2c8\ub2e4. \ub2e8\ubc31\uc9c8 \ud568\ub7c9\uc774 \ub192\uace0 \uc9c0\ubc29 \ud568\ub7c9\uc774 \ub0ae\uc2b5\ub2c8\ub2e4. \uc0dd\uccb4 \ud65c\uc131 \ub2e8\ubc31\uc9c8, \ud3a9\ud0c0\uc774\ub4dc, <a href=\"https:\/\/naturalpoland.com\/ko\/je-pum\/ui-yak-pum-won-ryo\/geon-gang-gi-neung-sig-pum-cheom-ga-mul\/laktoferyna\/\">\ub77d\ud1a0\ud398\ub9b0<\/a> \ubc0f \ucc9c\uc5f0 \uc131\uc7a5 \uc778\uc790\uac00 \ud568\uc720\ub418\uc5b4 \uae30\ub2a5\uc801 \uac00\uce58\uac00 \ub192\uc740 \uc131\ubd84\uc785\ub2c8\ub2e4.  <\/p>\n<p>\uc774 \uc6d0\ub8cc\ub294 \ubb3c\uc5d0 \uc798 \ub179\uace0, \ud45c\uc900 \ubcf4\uad00 \uc870\uac74\uc5d0\uc11c \uc6b0\uc218\ud55c \uc548\uc815\uc131\uc744 \ubcf4\uc774\uba70, \uc2dd\ud488 \ub4f1\uae09 \uc6d0\ub8cc\uc758 \ud488\uc9c8 \uc694\uad6c \uc0ac\ud56d\uc744 \ucda9\uc871\ud569\ub2c8\ub2e4. GMO\ub97c \ud3ec\ud568\ud558\uc9c0 \uc54a\uc2b5\ub2c8\ub2e4. \ucc44\uc2dd\uc8fc\uc758 \uc2dd\ub2e8\uc5d0 \uc0ac\uc6a9\ud560 \uc218 \uc788\uc9c0\ub9cc, \uc720\uc81c\ud488 \uc720\ub798\uc774\ubbc0\ub85c \ube44\uac74\uc5d0\uac8c\ub294 \uc801\ud569\ud558\uc9c0 \uc54a\uc2b5\ub2c8\ub2e4.  <\/p>\n<p>\uc0dd\uc0b0\uc740 BRCGS \uc2dd\ud488 \uc548\uc804 \uae00\ub85c\ubc8c \ud45c\uc900(AA \ub4f1\uae09), IFS \ube0c\ub85c\ucee4(\uc0c1\uc704 \ub4f1\uae09) \uc778\uc99d \ubc0f HACCP \uc2dc\uc2a4\ud15c\uc744 \uac16\ucd98 \uc2dc\uc124\uc5d0\uc11c \uc774\ub8e8\uc5b4\uc9d1\ub2c8\ub2e4. \ub610\ud55c ISO 14001:2015 \uc778\uc99d \ubc0f \ud560\ub784 \uc778\uc99d\uc744 \ubcf4\uc720\ud558\uace0 \uc788\uc2b5\ub2c8\ub2e4. <\/p>\n<h2>\ucd08\uc720\uc758 \uc801\uc6a9:<\/h2>\n<p>Colostrum Bovinum\uc740 \uac74\uac15 \ubcf4\uc870 \uc2dd\ud488 \ubc0f \uae30\ub2a5\uc131 \uc2dd\ud488\uc5d0 \uc0ac\uc6a9\ub429\ub2c8\ub2e4. \uc774 \uc6d0\ub8cc\ub294 <strong>\uc2e0\uccb4\uc758 \uc790\uc5f0 \ubc29\uc5b4 \uba54\ucee4\ub2c8\uc998<\/strong>\uacfc <strong>\uc18c\ud654\uad00\uc758 \uc801\uc808\ud55c \uae30\ub2a5<\/strong>\uc744 \uc9c0\uc6d0\ud569\ub2c8\ub2e4. \uc0dd\uccb4 \ud65c\uc131 \ub2e8\ubc31\uc9c8 \ubd84\ud68d \ud568\ub7c9\uc774 \ub192\uc544 \uc2e0\uccb4 \ud65c\ub3d9\uc774 \ud65c\ubc1c\ud55c \uc0ac\ub78c\ub4e4\uc744 \uc704\ud55c \uc81c\ud488 \ubc0f \uc7ac\uc0dd \ud2b9\uc131\uc744 \uac00\uc9c4 \uc81c\ud615\uc5d0 \ub110\ub9ac \ud65c\uc6a9\ub429\ub2c8\ub2e4.  <\/p>\n<p>\ud654\uc7a5\ud488 \uc0b0\uc5c5\uc5d0\uc11c \ucd08\uc720\ub294 \ud53c\ubd80 \uc7ac\uc0dd\uc744 \uc9c0\uc6d0\ud558\uace0 \ud0c4\ub825\uc744 \uac1c\uc120\ud558\uba70 \uc218\ubd84 \uc9c0\uc9c8 \uc7a5\ubcbd\uc744 \uc7ac\uac74\ud558\ub294 \uc81c\ud615\uc5d0 \uc0ac\uc6a9\ub429\ub2c8\ub2e4. \ubbfc\uac10\ud558\uace0 \uac74\uc870\ud558\uba70 \uc131\uc219\ud55c \ud53c\ubd80 \uad00\ub9ac\ub97c \uc704\ud55c \ub354\ubaa8 \ucf54\uc2a4\uba54\ud2f1\ubfd0\ub9cc \uc544\ub2c8\ub77c \uc9c4\uc815 \ubc0f \uc7ac\uc0dd \uacfc\uc815\uc744 \ub3d5\ub294 \uc81c\ud615\uc5d0\ub3c4 \ud6a8\uacfc\uc801\uc785\ub2c8\ub2e4. <\/p>\n","protected":false},"excerpt":{"rendered":"<p><strong>Colostrum Bovinum<\/strong>\uc740 \ubcf4\ucda9\uc81c, \uc2dd\ud488, \ud654\uc7a5\ud488 \uc0b0\uc5c5 \ubc0f \ub3d9\ubb3c \uc601\uc591\uc5d0 \uc0ac\uc6a9\ub418\ub294 \uace0\ud488\uc9c8 <strong>\uc18c \ucd08\uc720 \ubd84\ub9d0<\/strong>\uc785\ub2c8\ub2e4. \uc774 \uc81c\ud488\uc740 \uba74\uc5ed\uae00\ub85c\ubd88\ub9b0 IgG \ud568\ub7c9\uc774 30% \uc774\uc0c1\uc73c\ub85c \ud45c\uc900\ud654\ub418\uc5b4 \uc788\uc73c\uba70, \ub2e8\ubc31\uc9c8 \ud568\ub7c9\uc774 \ub192\uace0(\uc57d 60%) \uc9c0\ubc29 \ud568\ub7c9\uc774 \ub0ae\uc2b5\ub2c8\ub2e4. <\/p>\n","protected":false},"featured_media":45999,"template":"","meta":[],"product_brand":[],"product_cat":[8143],"product_tag":[],"class_list":{"0":"post-45998","1":"product","2":"type-product","3":"status-publish","4":"has-post-thumbnail","6":"product_cat-geon-gang-gi-neung-sig-pum-cheom-ga-mul","8":"first","9":"instock","10":"shipping-taxable","11":"product-type-simple"},"yoast_head":"<!-- This site is optimized with the Yoast SEO plugin v27.3 - https:\/\/yoast.com\/product\/yoast-seo-wordpress\/ -->\n<title>Colostrum Bovinum (\uc18c \ucd08\uc720) - Hurtowy Dystrybutor<\/title>\n<meta name=\"description\" content=\"Colostrum Bovinum \u2013 IgG 30% \uc774\uc0c1\uc73c\ub85c \ud45c\uc900\ud654\ub41c \uace0\ud488\uc9c8 \uc18c \ucd08\uc720 \ubd84\ub9d0. \ubcf4\ucda9\uc81c, \uc2dd\ud488 \ubc0f \ud654\uc7a5\ud488\uc6a9 \uc2dd\ud488 \ub4f1\uae09 \uc6d0\ub8cc\uc785\ub2c8\ub2e4.\" \/>\n<meta name=\"robots\" content=\"index, follow, max-snippet:-1, max-image-preview:large, max-video-preview:-1\" \/>\n<link rel=\"canonical\" href=\"https:\/\/naturalpoland.com\/ko\/je-pum\/ui-yak-pum-won-ryo\/geon-gang-gi-neung-sig-pum-cheom-ga-mul\/colostrum-bovinum-%ec%86%8c-%ec%b4%88%ec%9c%a0\/\" \/>\n<meta property=\"og:locale\" content=\"ko_KR\" \/>\n<meta property=\"og:type\" content=\"article\" \/>\n<meta property=\"og:title\" content=\"Colostrum Bovinum (\uc18c \ucd08\uc720) - Hurtowy Dystrybutor\" \/>\n<meta property=\"og:description\" content=\"Colostrum Bovinum \u2013 IgG 30% \uc774\uc0c1\uc73c\ub85c \ud45c\uc900\ud654\ub41c \uace0\ud488\uc9c8 \uc18c \ucd08\uc720 \ubd84\ub9d0. \ubcf4\ucda9\uc81c, \uc2dd\ud488 \ubc0f \ud654\uc7a5\ud488\uc6a9 \uc2dd\ud488 \ub4f1\uae09 \uc6d0\ub8cc\uc785\ub2c8\ub2e4.\" \/>\n<meta property=\"og:url\" content=\"https:\/\/naturalpoland.com\/ko\/je-pum\/ui-yak-pum-won-ryo\/geon-gang-gi-neung-sig-pum-cheom-ga-mul\/colostrum-bovinum-%ec%86%8c-%ec%b4%88%ec%9c%a0\/\" \/>\n<meta property=\"og:site_name\" content=\"NATURAL POLAND - Hurtowy Dystrybutor Surowc\u00f3w\" \/>\n<meta property=\"article:publisher\" content=\"https:\/\/www.facebook.com\/naturalpoland.b2b\" \/>\n<meta property=\"article:modified_time\" content=\"2026-02-19T11:29:35+00:00\" \/>\n<meta property=\"og:image\" content=\"https:\/\/naturalpoland.com\/wp-content\/uploads\/kolostrum-2.webp\" \/>\n\t<meta property=\"og:image:width\" content=\"1024\" \/>\n\t<meta property=\"og:image:height\" content=\"1024\" \/>\n\t<meta property=\"og:image:type\" content=\"image\/webp\" \/>\n<script type=\"application\/ld+json\" class=\"yoast-schema-graph\">{\"@context\":\"https:\\\/\\\/schema.org\",\"@graph\":[{\"@type\":\"WebPage\",\"@id\":\"https:\\\/\\\/naturalpoland.com\\\/ko\\\/je-pum\\\/ui-yak-pum-won-ryo\\\/geon-gang-gi-neung-sig-pum-cheom-ga-mul\\\/colostrum-bovinum-%ec%86%8c-%ec%b4%88%ec%9c%a0\\\/\",\"url\":\"https:\\\/\\\/naturalpoland.com\\\/ko\\\/je-pum\\\/ui-yak-pum-won-ryo\\\/geon-gang-gi-neung-sig-pum-cheom-ga-mul\\\/colostrum-bovinum-%ec%86%8c-%ec%b4%88%ec%9c%a0\\\/\",\"name\":\"Colostrum Bovinum (\uc18c \ucd08\uc720) - Hurtowy Dystrybutor\",\"isPartOf\":{\"@id\":\"https:\\\/\\\/naturalpoland.com\\\/ko\\\/#website\"},\"primaryImageOfPage\":{\"@id\":\"https:\\\/\\\/naturalpoland.com\\\/ko\\\/je-pum\\\/ui-yak-pum-won-ryo\\\/geon-gang-gi-neung-sig-pum-cheom-ga-mul\\\/colostrum-bovinum-%ec%86%8c-%ec%b4%88%ec%9c%a0\\\/#primaryimage\"},\"image\":{\"@id\":\"https:\\\/\\\/naturalpoland.com\\\/ko\\\/je-pum\\\/ui-yak-pum-won-ryo\\\/geon-gang-gi-neung-sig-pum-cheom-ga-mul\\\/colostrum-bovinum-%ec%86%8c-%ec%b4%88%ec%9c%a0\\\/#primaryimage\"},\"thumbnailUrl\":\"https:\\\/\\\/naturalpoland.com\\\/wp-content\\\/uploads\\\/kolostrum-2.webp\",\"datePublished\":\"2026-02-17T14:17:18+00:00\",\"dateModified\":\"2026-02-19T11:29:35+00:00\",\"description\":\"Colostrum Bovinum \u2013 IgG 30% \uc774\uc0c1\uc73c\ub85c \ud45c\uc900\ud654\ub41c \uace0\ud488\uc9c8 \uc18c \ucd08\uc720 \ubd84\ub9d0. \ubcf4\ucda9\uc81c, \uc2dd\ud488 \ubc0f \ud654\uc7a5\ud488\uc6a9 \uc2dd\ud488 \ub4f1\uae09 \uc6d0\ub8cc\uc785\ub2c8\ub2e4.\",\"breadcrumb\":{\"@id\":\"https:\\\/\\\/naturalpoland.com\\\/ko\\\/je-pum\\\/ui-yak-pum-won-ryo\\\/geon-gang-gi-neung-sig-pum-cheom-ga-mul\\\/colostrum-bovinum-%ec%86%8c-%ec%b4%88%ec%9c%a0\\\/#breadcrumb\"},\"inLanguage\":\"ko-KR\",\"potentialAction\":[{\"@type\":\"ReadAction\",\"target\":[\"https:\\\/\\\/naturalpoland.com\\\/ko\\\/je-pum\\\/ui-yak-pum-won-ryo\\\/geon-gang-gi-neung-sig-pum-cheom-ga-mul\\\/colostrum-bovinum-%ec%86%8c-%ec%b4%88%ec%9c%a0\\\/\"]}]},{\"@type\":\"ImageObject\",\"inLanguage\":\"ko-KR\",\"@id\":\"https:\\\/\\\/naturalpoland.com\\\/ko\\\/je-pum\\\/ui-yak-pum-won-ryo\\\/geon-gang-gi-neung-sig-pum-cheom-ga-mul\\\/colostrum-bovinum-%ec%86%8c-%ec%b4%88%ec%9c%a0\\\/#primaryimage\",\"url\":\"https:\\\/\\\/naturalpoland.com\\\/wp-content\\\/uploads\\\/kolostrum-2.webp\",\"contentUrl\":\"https:\\\/\\\/naturalpoland.com\\\/wp-content\\\/uploads\\\/kolostrum-2.webp\",\"width\":1024,\"height\":1024,\"caption\":\"Colostrum Bovinum\"},{\"@type\":\"BreadcrumbList\",\"@id\":\"https:\\\/\\\/naturalpoland.com\\\/ko\\\/je-pum\\\/ui-yak-pum-won-ryo\\\/geon-gang-gi-neung-sig-pum-cheom-ga-mul\\\/colostrum-bovinum-%ec%86%8c-%ec%b4%88%ec%9c%a0\\\/#breadcrumb\",\"itemListElement\":[{\"@type\":\"ListItem\",\"position\":1,\"name\":\"\ud648\",\"item\":\"https:\\\/\\\/naturalpoland.com\\\/ko\\\/\"},{\"@type\":\"ListItem\",\"position\":2,\"name\":\"\uc81c\ud488\",\"item\":\"https:\\\/\\\/naturalpoland.com\\\/ko\\\/%ec%a0%9c%ed%92%88\\\/\"},{\"@type\":\"ListItem\",\"position\":3,\"name\":\"Colostrum Bovinum (\uc18c \ucd08\uc720)\"}]},{\"@type\":\"WebSite\",\"@id\":\"https:\\\/\\\/naturalpoland.com\\\/ko\\\/#website\",\"url\":\"https:\\\/\\\/naturalpoland.com\\\/ko\\\/\",\"name\":\"NATURAL POLAND - Hurtowy Dystrybutor Surowc\u00f3w\",\"description\":\"Surowce dla przemys\u0142u spo\u017cywczego, kosmetycznego i farmaceutycznego\",\"publisher\":{\"@id\":\"https:\\\/\\\/naturalpoland.com\\\/ko\\\/#organization\"},\"potentialAction\":[{\"@type\":\"SearchAction\",\"target\":{\"@type\":\"EntryPoint\",\"urlTemplate\":\"https:\\\/\\\/naturalpoland.com\\\/ko\\\/?s={search_term_string}\"},\"query-input\":{\"@type\":\"PropertyValueSpecification\",\"valueRequired\":true,\"valueName\":\"search_term_string\"}}],\"inLanguage\":\"ko-KR\"},{\"@type\":\"Organization\",\"@id\":\"https:\\\/\\\/naturalpoland.com\\\/ko\\\/#organization\",\"name\":\"Natural Poland\",\"url\":\"https:\\\/\\\/naturalpoland.com\\\/ko\\\/\",\"logo\":{\"@type\":\"ImageObject\",\"inLanguage\":\"ko-KR\",\"@id\":\"https:\\\/\\\/naturalpoland.com\\\/ko\\\/#\\\/schema\\\/logo\\\/image\\\/\",\"url\":\"https:\\\/\\\/naturalpoland.com\\\/wp-content\\\/uploads\\\/2021\\\/05\\\/natural-poland-icon.png\",\"contentUrl\":\"https:\\\/\\\/naturalpoland.com\\\/wp-content\\\/uploads\\\/2021\\\/05\\\/natural-poland-icon.png\",\"width\":512,\"height\":512,\"caption\":\"Natural Poland\"},\"image\":{\"@id\":\"https:\\\/\\\/naturalpoland.com\\\/ko\\\/#\\\/schema\\\/logo\\\/image\\\/\"},\"sameAs\":[\"https:\\\/\\\/www.facebook.com\\\/naturalpoland.b2b\",\"https:\\\/\\\/pl.linkedin.com\\\/company\\\/natural-poland\",\"https:\\\/\\\/www.youtube.com\\\/channel\\\/UCgeGGkvOMahZo-xu_MSEWxg\"]}]}<\/script>\n<!-- \/ Yoast SEO plugin. -->","yoast_head_json":{"title":"Colostrum Bovinum (\uc18c \ucd08\uc720) - Hurtowy Dystrybutor","description":"Colostrum Bovinum \u2013 IgG 30% \uc774\uc0c1\uc73c\ub85c \ud45c\uc900\ud654\ub41c \uace0\ud488\uc9c8 \uc18c \ucd08\uc720 \ubd84\ub9d0. \ubcf4\ucda9\uc81c, \uc2dd\ud488 \ubc0f \ud654\uc7a5\ud488\uc6a9 \uc2dd\ud488 \ub4f1\uae09 \uc6d0\ub8cc\uc785\ub2c8\ub2e4.","robots":{"index":"index","follow":"follow","max-snippet":"max-snippet:-1","max-image-preview":"max-image-preview:large","max-video-preview":"max-video-preview:-1"},"canonical":"https:\/\/naturalpoland.com\/ko\/je-pum\/ui-yak-pum-won-ryo\/geon-gang-gi-neung-sig-pum-cheom-ga-mul\/colostrum-bovinum-%ec%86%8c-%ec%b4%88%ec%9c%a0\/","og_locale":"ko_KR","og_type":"article","og_title":"Colostrum Bovinum (\uc18c \ucd08\uc720) - Hurtowy Dystrybutor","og_description":"Colostrum Bovinum \u2013 IgG 30% \uc774\uc0c1\uc73c\ub85c \ud45c\uc900\ud654\ub41c \uace0\ud488\uc9c8 \uc18c \ucd08\uc720 \ubd84\ub9d0. \ubcf4\ucda9\uc81c, \uc2dd\ud488 \ubc0f \ud654\uc7a5\ud488\uc6a9 \uc2dd\ud488 \ub4f1\uae09 \uc6d0\ub8cc\uc785\ub2c8\ub2e4.","og_url":"https:\/\/naturalpoland.com\/ko\/je-pum\/ui-yak-pum-won-ryo\/geon-gang-gi-neung-sig-pum-cheom-ga-mul\/colostrum-bovinum-%ec%86%8c-%ec%b4%88%ec%9c%a0\/","og_site_name":"NATURAL POLAND - Hurtowy Dystrybutor Surowc\u00f3w","article_publisher":"https:\/\/www.facebook.com\/naturalpoland.b2b","article_modified_time":"2026-02-19T11:29:35+00:00","og_image":[{"width":1024,"height":1024,"url":"https:\/\/naturalpoland.com\/wp-content\/uploads\/kolostrum-2.webp","type":"image\/webp"}],"schema":{"@context":"https:\/\/schema.org","@graph":[{"@type":"WebPage","@id":"https:\/\/naturalpoland.com\/ko\/je-pum\/ui-yak-pum-won-ryo\/geon-gang-gi-neung-sig-pum-cheom-ga-mul\/colostrum-bovinum-%ec%86%8c-%ec%b4%88%ec%9c%a0\/","url":"https:\/\/naturalpoland.com\/ko\/je-pum\/ui-yak-pum-won-ryo\/geon-gang-gi-neung-sig-pum-cheom-ga-mul\/colostrum-bovinum-%ec%86%8c-%ec%b4%88%ec%9c%a0\/","name":"Colostrum Bovinum (\uc18c \ucd08\uc720) - Hurtowy Dystrybutor","isPartOf":{"@id":"https:\/\/naturalpoland.com\/ko\/#website"},"primaryImageOfPage":{"@id":"https:\/\/naturalpoland.com\/ko\/je-pum\/ui-yak-pum-won-ryo\/geon-gang-gi-neung-sig-pum-cheom-ga-mul\/colostrum-bovinum-%ec%86%8c-%ec%b4%88%ec%9c%a0\/#primaryimage"},"image":{"@id":"https:\/\/naturalpoland.com\/ko\/je-pum\/ui-yak-pum-won-ryo\/geon-gang-gi-neung-sig-pum-cheom-ga-mul\/colostrum-bovinum-%ec%86%8c-%ec%b4%88%ec%9c%a0\/#primaryimage"},"thumbnailUrl":"https:\/\/naturalpoland.com\/wp-content\/uploads\/kolostrum-2.webp","datePublished":"2026-02-17T14:17:18+00:00","dateModified":"2026-02-19T11:29:35+00:00","description":"Colostrum Bovinum \u2013 IgG 30% \uc774\uc0c1\uc73c\ub85c \ud45c\uc900\ud654\ub41c \uace0\ud488\uc9c8 \uc18c \ucd08\uc720 \ubd84\ub9d0. \ubcf4\ucda9\uc81c, \uc2dd\ud488 \ubc0f \ud654\uc7a5\ud488\uc6a9 \uc2dd\ud488 \ub4f1\uae09 \uc6d0\ub8cc\uc785\ub2c8\ub2e4.","breadcrumb":{"@id":"https:\/\/naturalpoland.com\/ko\/je-pum\/ui-yak-pum-won-ryo\/geon-gang-gi-neung-sig-pum-cheom-ga-mul\/colostrum-bovinum-%ec%86%8c-%ec%b4%88%ec%9c%a0\/#breadcrumb"},"inLanguage":"ko-KR","potentialAction":[{"@type":"ReadAction","target":["https:\/\/naturalpoland.com\/ko\/je-pum\/ui-yak-pum-won-ryo\/geon-gang-gi-neung-sig-pum-cheom-ga-mul\/colostrum-bovinum-%ec%86%8c-%ec%b4%88%ec%9c%a0\/"]}]},{"@type":"ImageObject","inLanguage":"ko-KR","@id":"https:\/\/naturalpoland.com\/ko\/je-pum\/ui-yak-pum-won-ryo\/geon-gang-gi-neung-sig-pum-cheom-ga-mul\/colostrum-bovinum-%ec%86%8c-%ec%b4%88%ec%9c%a0\/#primaryimage","url":"https:\/\/naturalpoland.com\/wp-content\/uploads\/kolostrum-2.webp","contentUrl":"https:\/\/naturalpoland.com\/wp-content\/uploads\/kolostrum-2.webp","width":1024,"height":1024,"caption":"Colostrum Bovinum"},{"@type":"BreadcrumbList","@id":"https:\/\/naturalpoland.com\/ko\/je-pum\/ui-yak-pum-won-ryo\/geon-gang-gi-neung-sig-pum-cheom-ga-mul\/colostrum-bovinum-%ec%86%8c-%ec%b4%88%ec%9c%a0\/#breadcrumb","itemListElement":[{"@type":"ListItem","position":1,"name":"\ud648","item":"https:\/\/naturalpoland.com\/ko\/"},{"@type":"ListItem","position":2,"name":"\uc81c\ud488","item":"https:\/\/naturalpoland.com\/ko\/%ec%a0%9c%ed%92%88\/"},{"@type":"ListItem","position":3,"name":"Colostrum Bovinum (\uc18c \ucd08\uc720)"}]},{"@type":"WebSite","@id":"https:\/\/naturalpoland.com\/ko\/#website","url":"https:\/\/naturalpoland.com\/ko\/","name":"NATURAL POLAND - Hurtowy Dystrybutor Surowc\u00f3w","description":"Surowce dla przemys\u0142u spo\u017cywczego, kosmetycznego i farmaceutycznego","publisher":{"@id":"https:\/\/naturalpoland.com\/ko\/#organization"},"potentialAction":[{"@type":"SearchAction","target":{"@type":"EntryPoint","urlTemplate":"https:\/\/naturalpoland.com\/ko\/?s={search_term_string}"},"query-input":{"@type":"PropertyValueSpecification","valueRequired":true,"valueName":"search_term_string"}}],"inLanguage":"ko-KR"},{"@type":"Organization","@id":"https:\/\/naturalpoland.com\/ko\/#organization","name":"Natural Poland","url":"https:\/\/naturalpoland.com\/ko\/","logo":{"@type":"ImageObject","inLanguage":"ko-KR","@id":"https:\/\/naturalpoland.com\/ko\/#\/schema\/logo\/image\/","url":"https:\/\/naturalpoland.com\/wp-content\/uploads\/2021\/05\/natural-poland-icon.png","contentUrl":"https:\/\/naturalpoland.com\/wp-content\/uploads\/2021\/05\/natural-poland-icon.png","width":512,"height":512,"caption":"Natural Poland"},"image":{"@id":"https:\/\/naturalpoland.com\/ko\/#\/schema\/logo\/image\/"},"sameAs":["https:\/\/www.facebook.com\/naturalpoland.b2b","https:\/\/pl.linkedin.com\/company\/natural-poland","https:\/\/www.youtube.com\/channel\/UCgeGGkvOMahZo-xu_MSEWxg"]}]}},"_links":{"self":[{"href":"https:\/\/naturalpoland.com\/ko\/wp-json\/wp\/v2\/product\/45998","targetHints":{"allow":["GET"]}}],"collection":[{"href":"https:\/\/naturalpoland.com\/ko\/wp-json\/wp\/v2\/product"}],"about":[{"href":"https:\/\/naturalpoland.com\/ko\/wp-json\/wp\/v2\/types\/product"}],"wp:featuredmedia":[{"embeddable":true,"href":"https:\/\/naturalpoland.com\/ko\/wp-json\/wp\/v2\/media\/45999"}],"wp:attachment":[{"href":"https:\/\/naturalpoland.com\/ko\/wp-json\/wp\/v2\/media?parent=45998"}],"wp:term":[{"taxonomy":"product_brand","embeddable":true,"href":"https:\/\/naturalpoland.com\/ko\/wp-json\/wp\/v2\/product_brand?post=45998"},{"taxonomy":"product_cat","embeddable":true,"href":"https:\/\/naturalpoland.com\/ko\/wp-json\/wp\/v2\/product_cat?post=45998"},{"taxonomy":"product_tag","embeddable":true,"href":"https:\/\/naturalpoland.com\/ko\/wp-json\/wp\/v2\/product_tag?post=45998"}],"curies":[{"name":"wp","href":"https:\/\/api.w.org\/{rel}","templated":true}]}}