{"id":46150,"date":"2025-02-07T11:58:25","date_gmt":"2025-02-07T10:58:25","guid":{"rendered":"https:\/\/naturalpoland.com\/produkty\/uncategorized\/%ed%81%ac%eb%a0%98-%eb%b8%8c%eb%a5%84%eb%a0%88-%ed%96%a5\/"},"modified":"2026-02-25T17:09:08","modified_gmt":"2026-02-25T16:09:08","slug":"%ed%81%ac%eb%a0%98-%eb%b8%8c%eb%a5%84%eb%a0%88-%ed%96%a5","status":"publish","type":"product","link":"https:\/\/naturalpoland.com\/ko\/je-pum\/sig-pum-won-ryo\/hyang-ryo\/di-jeo-teu-hyang\/%ed%81%ac%eb%a0%98-%eb%b8%8c%eb%a5%84%eb%a0%88-%ed%96%a5\/","title":{"rendered":"\ud06c\ub818 \ube0c\ub944\ub808 \ud5a5"},"content":{"rendered":"<p><strong>\ud06c\ub818 \ube0c\ub944\ub808 \ud5a5 (\ubd84\ub9d0)<\/strong>\uc740 \ucf00\uc774\ud06c \ubbf9\uc2a4, \ud478\ub529, \uc778\uc2a4\ud134\ud2b8 \uc74c\ub8cc, \ubd84\ub9d0 \ub514\uc800\ud2b8\uc640 \uac19\uc740 <strong>\uac74\uc870 \uc81c\ud488<\/strong>\uc5d0 \uc0ac\uc6a9\ud558\ub3c4\ub85d \uace0\uc548\ub418\uc5c8\uc2b5\ub2c8\ub2e4. \uc774 \uc81c\ud488\uc5d0\uc11c\ub294 \ud06c\ub9ac\ubbf8\ud55c \ubc14\ub2d0\ub77c, \uce90\ub7ec\uba5c, \ud1a0\ud53c \ud5a5\uc744 \ub290\ub084 \uc218 \uc788\uc2b5\ub2c8\ub2e4. \uc774 \uc870\ud569\uc740 \uc81c\ud488\uc5d0 \ub2ec\ucf64\ud558\uace0 \ud3ec\uadfc\ud55c \ud5a5\uc744 \uc120\uc0ac\ud569\ub2c8\ub2e4.  <\/p>\n<p>\ud06c\ub818 \ube0c\ub944\ub808 \ud5a5\uc740 \ub2e4\uc74c \uc81c\ud488\uc5d0 \uc790\uc8fc \uc0ac\uc6a9\ub429\ub2c8\ub2e4:<\/p>\n<ul>\n<li>\uc544\uc774\uc2a4\ud06c\ub9bc,<\/li>\n<li>\uce58\uc988\ucf00\uc774\ud06c,<\/li>\n<li>\ud06c\ub9bc,<\/li>\n<li>\ud5a5 \ucee4\ud53c,<\/li>\n<li>\ub514\uc800\ud2b8.<\/li>\n<\/ul>\n","protected":false},"excerpt":{"rendered":"<p>\ubd84\ub9d0 \ud615\ud0dc\uc758 <strong>\ud06c\ub818 \ube0c\ub944\ub808 \ud5a5<\/strong>\uc740 \uc774 \ud074\ub798\uc2dd\ud55c \ud504\ub791\uc2a4 \ub514\uc800\ud2b8\uc758 \uc815\uc218\ub97c \ub2f4\uc544\ub0b8 \uc870\ud569\uc785\ub2c8\ub2e4. \uc774 \ud5a5\uc740 \ud1a0\ud53c\ub97c \uc5f0\uc0c1\uc2dc\ud0a4\ub294 <strong>\uce90\ub7ec\uba5c\ud654\ub41c \uc124\ud0d5 \ud5a5<\/strong>\uc774 \uc5b4\uc6b0\ub7ec\uc9c4 <strong>\uae4a\uace0 \ubc14\ub2d0\ub77c \uac19\uc740 \ub2e8\ub9db<\/strong>\uc774 \ud2b9\uc9d5\uc785\ub2c8\ub2e4. \uc720\uc81c\ud488 \ubc0f \uc81c\uacfc \uc81c\ud488\uacfc \uc798 \uc5b4\uc6b8\ub824 \ud06c\ub9ac\ubbf8\ud55c \ud2b9\uc131\uc744 \uac15\uc870\ud569\ub2c8\ub2e4.  <\/p>\n","protected":false},"featured_media":46151,"template":"","meta":[],"product_brand":[],"product_cat":[8164],"product_tag":[],"class_list":{"0":"post-46150","1":"product","2":"type-product","3":"status-publish","4":"has-post-thumbnail","6":"product_cat-di-jeo-teu-hyang","8":"first","9":"instock","10":"shipping-taxable","11":"product-type-simple"},"yoast_head":"<!-- This site is optimized with the Yoast SEO plugin v27.3 - https:\/\/yoast.com\/product\/yoast-seo-wordpress\/ -->\n<title>\ud06c\ub818 \ube0c\ub944\ub808 \ud5a5 - Hurtowy Dystrybutor<\/title>\n<meta name=\"description\" content=\"\ud06c\ub818 \ube0c\ub944\ub808 \ud5a5\uc740 \uc740\uc740\ud55c \uce90\ub7ec\uba5c \ud53c\ub2c8\uc2dc\uc758 \uc138\ub828\ub41c \ub2e8\ub9db\uc73c\ub85c \ub808\uc2dc\ud53c\ub97c \ud48d\ubd80\ud558\uac8c \ud558\uace0\uc790 \ud558\ub294 \uc81c\uc870\uc0ac\uc5d0 \ud0c1\uc6d4\ud55c \uc120\ud0dd\uc785\ub2c8\ub2e4.\" \/>\n<meta name=\"robots\" content=\"index, follow, max-snippet:-1, max-image-preview:large, max-video-preview:-1\" \/>\n<link rel=\"canonical\" href=\"https:\/\/naturalpoland.com\/ko\/je-pum\/sig-pum-won-ryo\/hyang-ryo\/di-jeo-teu-hyang\/%ed%81%ac%eb%a0%98-%eb%b8%8c%eb%a5%84%eb%a0%88-%ed%96%a5\/\" \/>\n<meta property=\"og:locale\" content=\"ko_KR\" \/>\n<meta property=\"og:type\" content=\"article\" \/>\n<meta property=\"og:title\" content=\"\ud06c\ub818 \ube0c\ub944\ub808 \ud5a5 - Hurtowy Dystrybutor\" \/>\n<meta property=\"og:description\" content=\"\ud06c\ub818 \ube0c\ub944\ub808 \ud5a5\uc740 \uc740\uc740\ud55c \uce90\ub7ec\uba5c \ud53c\ub2c8\uc2dc\uc758 \uc138\ub828\ub41c \ub2e8\ub9db\uc73c\ub85c \ub808\uc2dc\ud53c\ub97c \ud48d\ubd80\ud558\uac8c \ud558\uace0\uc790 \ud558\ub294 \uc81c\uc870\uc0ac\uc5d0 \ud0c1\uc6d4\ud55c \uc120\ud0dd\uc785\ub2c8\ub2e4.\" \/>\n<meta property=\"og:url\" content=\"https:\/\/naturalpoland.com\/ko\/je-pum\/sig-pum-won-ryo\/hyang-ryo\/di-jeo-teu-hyang\/%ed%81%ac%eb%a0%98-%eb%b8%8c%eb%a5%84%eb%a0%88-%ed%96%a5\/\" \/>\n<meta property=\"og:site_name\" content=\"NATURAL POLAND - Hurtowy Dystrybutor Surowc\u00f3w\" \/>\n<meta property=\"article:publisher\" content=\"https:\/\/www.facebook.com\/naturalpoland.b2b\" \/>\n<meta property=\"article:modified_time\" content=\"2026-02-25T16:09:08+00:00\" \/>\n<meta property=\"og:image\" content=\"https:\/\/naturalpoland.com\/wp-content\/uploads\/aromat-creme-brulee.webp\" \/>\n\t<meta property=\"og:image:width\" content=\"597\" \/>\n\t<meta property=\"og:image:height\" content=\"597\" \/>\n\t<meta property=\"og:image:type\" content=\"image\/webp\" \/>\n<script type=\"application\/ld+json\" class=\"yoast-schema-graph\">{\"@context\":\"https:\\\/\\\/schema.org\",\"@graph\":[{\"@type\":\"WebPage\",\"@id\":\"https:\\\/\\\/naturalpoland.com\\\/ko\\\/je-pum\\\/sig-pum-won-ryo\\\/hyang-ryo\\\/di-jeo-teu-hyang\\\/%ed%81%ac%eb%a0%98-%eb%b8%8c%eb%a5%84%eb%a0%88-%ed%96%a5\\\/\",\"url\":\"https:\\\/\\\/naturalpoland.com\\\/ko\\\/je-pum\\\/sig-pum-won-ryo\\\/hyang-ryo\\\/di-jeo-teu-hyang\\\/%ed%81%ac%eb%a0%98-%eb%b8%8c%eb%a5%84%eb%a0%88-%ed%96%a5\\\/\",\"name\":\"\ud06c\ub818 \ube0c\ub944\ub808 \ud5a5 - Hurtowy Dystrybutor\",\"isPartOf\":{\"@id\":\"https:\\\/\\\/naturalpoland.com\\\/ko\\\/#website\"},\"primaryImageOfPage\":{\"@id\":\"https:\\\/\\\/naturalpoland.com\\\/ko\\\/je-pum\\\/sig-pum-won-ryo\\\/hyang-ryo\\\/di-jeo-teu-hyang\\\/%ed%81%ac%eb%a0%98-%eb%b8%8c%eb%a5%84%eb%a0%88-%ed%96%a5\\\/#primaryimage\"},\"image\":{\"@id\":\"https:\\\/\\\/naturalpoland.com\\\/ko\\\/je-pum\\\/sig-pum-won-ryo\\\/hyang-ryo\\\/di-jeo-teu-hyang\\\/%ed%81%ac%eb%a0%98-%eb%b8%8c%eb%a5%84%eb%a0%88-%ed%96%a5\\\/#primaryimage\"},\"thumbnailUrl\":\"https:\\\/\\\/naturalpoland.com\\\/wp-content\\\/uploads\\\/aromat-creme-brulee.webp\",\"datePublished\":\"2025-02-07T10:58:25+00:00\",\"dateModified\":\"2026-02-25T16:09:08+00:00\",\"description\":\"\ud06c\ub818 \ube0c\ub944\ub808 \ud5a5\uc740 \uc740\uc740\ud55c \uce90\ub7ec\uba5c \ud53c\ub2c8\uc2dc\uc758 \uc138\ub828\ub41c \ub2e8\ub9db\uc73c\ub85c \ub808\uc2dc\ud53c\ub97c \ud48d\ubd80\ud558\uac8c \ud558\uace0\uc790 \ud558\ub294 \uc81c\uc870\uc0ac\uc5d0 \ud0c1\uc6d4\ud55c \uc120\ud0dd\uc785\ub2c8\ub2e4.\",\"breadcrumb\":{\"@id\":\"https:\\\/\\\/naturalpoland.com\\\/ko\\\/je-pum\\\/sig-pum-won-ryo\\\/hyang-ryo\\\/di-jeo-teu-hyang\\\/%ed%81%ac%eb%a0%98-%eb%b8%8c%eb%a5%84%eb%a0%88-%ed%96%a5\\\/#breadcrumb\"},\"inLanguage\":\"ko-KR\",\"potentialAction\":[{\"@type\":\"ReadAction\",\"target\":[\"https:\\\/\\\/naturalpoland.com\\\/ko\\\/je-pum\\\/sig-pum-won-ryo\\\/hyang-ryo\\\/di-jeo-teu-hyang\\\/%ed%81%ac%eb%a0%98-%eb%b8%8c%eb%a5%84%eb%a0%88-%ed%96%a5\\\/\"]}]},{\"@type\":\"ImageObject\",\"inLanguage\":\"ko-KR\",\"@id\":\"https:\\\/\\\/naturalpoland.com\\\/ko\\\/je-pum\\\/sig-pum-won-ryo\\\/hyang-ryo\\\/di-jeo-teu-hyang\\\/%ed%81%ac%eb%a0%98-%eb%b8%8c%eb%a5%84%eb%a0%88-%ed%96%a5\\\/#primaryimage\",\"url\":\"https:\\\/\\\/naturalpoland.com\\\/wp-content\\\/uploads\\\/aromat-creme-brulee.webp\",\"contentUrl\":\"https:\\\/\\\/naturalpoland.com\\\/wp-content\\\/uploads\\\/aromat-creme-brulee.webp\",\"width\":597,\"height\":597,\"caption\":\"\ubd84\ub9d0 \ud06c\ub818 \ube0c\ub944\ub808 \ud5a5\"},{\"@type\":\"BreadcrumbList\",\"@id\":\"https:\\\/\\\/naturalpoland.com\\\/ko\\\/je-pum\\\/sig-pum-won-ryo\\\/hyang-ryo\\\/di-jeo-teu-hyang\\\/%ed%81%ac%eb%a0%98-%eb%b8%8c%eb%a5%84%eb%a0%88-%ed%96%a5\\\/#breadcrumb\",\"itemListElement\":[{\"@type\":\"ListItem\",\"position\":1,\"name\":\"\ud648\",\"item\":\"https:\\\/\\\/naturalpoland.com\\\/ko\\\/\"},{\"@type\":\"ListItem\",\"position\":2,\"name\":\"\uc81c\ud488\",\"item\":\"https:\\\/\\\/naturalpoland.com\\\/ko\\\/%ec%a0%9c%ed%92%88\\\/\"},{\"@type\":\"ListItem\",\"position\":3,\"name\":\"\ud06c\ub818 \ube0c\ub944\ub808 \ud5a5\"}]},{\"@type\":\"WebSite\",\"@id\":\"https:\\\/\\\/naturalpoland.com\\\/ko\\\/#website\",\"url\":\"https:\\\/\\\/naturalpoland.com\\\/ko\\\/\",\"name\":\"NATURAL POLAND - Hurtowy Dystrybutor Surowc\u00f3w\",\"description\":\"Surowce dla przemys\u0142u spo\u017cywczego, kosmetycznego i farmaceutycznego\",\"publisher\":{\"@id\":\"https:\\\/\\\/naturalpoland.com\\\/ko\\\/#organization\"},\"potentialAction\":[{\"@type\":\"SearchAction\",\"target\":{\"@type\":\"EntryPoint\",\"urlTemplate\":\"https:\\\/\\\/naturalpoland.com\\\/ko\\\/?s={search_term_string}\"},\"query-input\":{\"@type\":\"PropertyValueSpecification\",\"valueRequired\":true,\"valueName\":\"search_term_string\"}}],\"inLanguage\":\"ko-KR\"},{\"@type\":\"Organization\",\"@id\":\"https:\\\/\\\/naturalpoland.com\\\/ko\\\/#organization\",\"name\":\"Natural Poland\",\"url\":\"https:\\\/\\\/naturalpoland.com\\\/ko\\\/\",\"logo\":{\"@type\":\"ImageObject\",\"inLanguage\":\"ko-KR\",\"@id\":\"https:\\\/\\\/naturalpoland.com\\\/ko\\\/#\\\/schema\\\/logo\\\/image\\\/\",\"url\":\"https:\\\/\\\/naturalpoland.com\\\/wp-content\\\/uploads\\\/2021\\\/05\\\/natural-poland-icon.png\",\"contentUrl\":\"https:\\\/\\\/naturalpoland.com\\\/wp-content\\\/uploads\\\/2021\\\/05\\\/natural-poland-icon.png\",\"width\":512,\"height\":512,\"caption\":\"Natural Poland\"},\"image\":{\"@id\":\"https:\\\/\\\/naturalpoland.com\\\/ko\\\/#\\\/schema\\\/logo\\\/image\\\/\"},\"sameAs\":[\"https:\\\/\\\/www.facebook.com\\\/naturalpoland.b2b\",\"https:\\\/\\\/pl.linkedin.com\\\/company\\\/natural-poland\",\"https:\\\/\\\/www.youtube.com\\\/channel\\\/UCgeGGkvOMahZo-xu_MSEWxg\"]}]}<\/script>\n<!-- \/ Yoast SEO plugin. -->","yoast_head_json":{"title":"\ud06c\ub818 \ube0c\ub944\ub808 \ud5a5 - Hurtowy Dystrybutor","description":"\ud06c\ub818 \ube0c\ub944\ub808 \ud5a5\uc740 \uc740\uc740\ud55c \uce90\ub7ec\uba5c \ud53c\ub2c8\uc2dc\uc758 \uc138\ub828\ub41c \ub2e8\ub9db\uc73c\ub85c \ub808\uc2dc\ud53c\ub97c \ud48d\ubd80\ud558\uac8c \ud558\uace0\uc790 \ud558\ub294 \uc81c\uc870\uc0ac\uc5d0 \ud0c1\uc6d4\ud55c \uc120\ud0dd\uc785\ub2c8\ub2e4.","robots":{"index":"index","follow":"follow","max-snippet":"max-snippet:-1","max-image-preview":"max-image-preview:large","max-video-preview":"max-video-preview:-1"},"canonical":"https:\/\/naturalpoland.com\/ko\/je-pum\/sig-pum-won-ryo\/hyang-ryo\/di-jeo-teu-hyang\/%ed%81%ac%eb%a0%98-%eb%b8%8c%eb%a5%84%eb%a0%88-%ed%96%a5\/","og_locale":"ko_KR","og_type":"article","og_title":"\ud06c\ub818 \ube0c\ub944\ub808 \ud5a5 - Hurtowy Dystrybutor","og_description":"\ud06c\ub818 \ube0c\ub944\ub808 \ud5a5\uc740 \uc740\uc740\ud55c \uce90\ub7ec\uba5c \ud53c\ub2c8\uc2dc\uc758 \uc138\ub828\ub41c \ub2e8\ub9db\uc73c\ub85c \ub808\uc2dc\ud53c\ub97c \ud48d\ubd80\ud558\uac8c \ud558\uace0\uc790 \ud558\ub294 \uc81c\uc870\uc0ac\uc5d0 \ud0c1\uc6d4\ud55c \uc120\ud0dd\uc785\ub2c8\ub2e4.","og_url":"https:\/\/naturalpoland.com\/ko\/je-pum\/sig-pum-won-ryo\/hyang-ryo\/di-jeo-teu-hyang\/%ed%81%ac%eb%a0%98-%eb%b8%8c%eb%a5%84%eb%a0%88-%ed%96%a5\/","og_site_name":"NATURAL POLAND - Hurtowy Dystrybutor Surowc\u00f3w","article_publisher":"https:\/\/www.facebook.com\/naturalpoland.b2b","article_modified_time":"2026-02-25T16:09:08+00:00","og_image":[{"width":597,"height":597,"url":"https:\/\/naturalpoland.com\/wp-content\/uploads\/aromat-creme-brulee.webp","type":"image\/webp"}],"schema":{"@context":"https:\/\/schema.org","@graph":[{"@type":"WebPage","@id":"https:\/\/naturalpoland.com\/ko\/je-pum\/sig-pum-won-ryo\/hyang-ryo\/di-jeo-teu-hyang\/%ed%81%ac%eb%a0%98-%eb%b8%8c%eb%a5%84%eb%a0%88-%ed%96%a5\/","url":"https:\/\/naturalpoland.com\/ko\/je-pum\/sig-pum-won-ryo\/hyang-ryo\/di-jeo-teu-hyang\/%ed%81%ac%eb%a0%98-%eb%b8%8c%eb%a5%84%eb%a0%88-%ed%96%a5\/","name":"\ud06c\ub818 \ube0c\ub944\ub808 \ud5a5 - Hurtowy Dystrybutor","isPartOf":{"@id":"https:\/\/naturalpoland.com\/ko\/#website"},"primaryImageOfPage":{"@id":"https:\/\/naturalpoland.com\/ko\/je-pum\/sig-pum-won-ryo\/hyang-ryo\/di-jeo-teu-hyang\/%ed%81%ac%eb%a0%98-%eb%b8%8c%eb%a5%84%eb%a0%88-%ed%96%a5\/#primaryimage"},"image":{"@id":"https:\/\/naturalpoland.com\/ko\/je-pum\/sig-pum-won-ryo\/hyang-ryo\/di-jeo-teu-hyang\/%ed%81%ac%eb%a0%98-%eb%b8%8c%eb%a5%84%eb%a0%88-%ed%96%a5\/#primaryimage"},"thumbnailUrl":"https:\/\/naturalpoland.com\/wp-content\/uploads\/aromat-creme-brulee.webp","datePublished":"2025-02-07T10:58:25+00:00","dateModified":"2026-02-25T16:09:08+00:00","description":"\ud06c\ub818 \ube0c\ub944\ub808 \ud5a5\uc740 \uc740\uc740\ud55c \uce90\ub7ec\uba5c \ud53c\ub2c8\uc2dc\uc758 \uc138\ub828\ub41c \ub2e8\ub9db\uc73c\ub85c \ub808\uc2dc\ud53c\ub97c \ud48d\ubd80\ud558\uac8c \ud558\uace0\uc790 \ud558\ub294 \uc81c\uc870\uc0ac\uc5d0 \ud0c1\uc6d4\ud55c \uc120\ud0dd\uc785\ub2c8\ub2e4.","breadcrumb":{"@id":"https:\/\/naturalpoland.com\/ko\/je-pum\/sig-pum-won-ryo\/hyang-ryo\/di-jeo-teu-hyang\/%ed%81%ac%eb%a0%98-%eb%b8%8c%eb%a5%84%eb%a0%88-%ed%96%a5\/#breadcrumb"},"inLanguage":"ko-KR","potentialAction":[{"@type":"ReadAction","target":["https:\/\/naturalpoland.com\/ko\/je-pum\/sig-pum-won-ryo\/hyang-ryo\/di-jeo-teu-hyang\/%ed%81%ac%eb%a0%98-%eb%b8%8c%eb%a5%84%eb%a0%88-%ed%96%a5\/"]}]},{"@type":"ImageObject","inLanguage":"ko-KR","@id":"https:\/\/naturalpoland.com\/ko\/je-pum\/sig-pum-won-ryo\/hyang-ryo\/di-jeo-teu-hyang\/%ed%81%ac%eb%a0%98-%eb%b8%8c%eb%a5%84%eb%a0%88-%ed%96%a5\/#primaryimage","url":"https:\/\/naturalpoland.com\/wp-content\/uploads\/aromat-creme-brulee.webp","contentUrl":"https:\/\/naturalpoland.com\/wp-content\/uploads\/aromat-creme-brulee.webp","width":597,"height":597,"caption":"\ubd84\ub9d0 \ud06c\ub818 \ube0c\ub944\ub808 \ud5a5"},{"@type":"BreadcrumbList","@id":"https:\/\/naturalpoland.com\/ko\/je-pum\/sig-pum-won-ryo\/hyang-ryo\/di-jeo-teu-hyang\/%ed%81%ac%eb%a0%98-%eb%b8%8c%eb%a5%84%eb%a0%88-%ed%96%a5\/#breadcrumb","itemListElement":[{"@type":"ListItem","position":1,"name":"\ud648","item":"https:\/\/naturalpoland.com\/ko\/"},{"@type":"ListItem","position":2,"name":"\uc81c\ud488","item":"https:\/\/naturalpoland.com\/ko\/%ec%a0%9c%ed%92%88\/"},{"@type":"ListItem","position":3,"name":"\ud06c\ub818 \ube0c\ub944\ub808 \ud5a5"}]},{"@type":"WebSite","@id":"https:\/\/naturalpoland.com\/ko\/#website","url":"https:\/\/naturalpoland.com\/ko\/","name":"NATURAL POLAND - Hurtowy Dystrybutor Surowc\u00f3w","description":"Surowce dla przemys\u0142u spo\u017cywczego, kosmetycznego i farmaceutycznego","publisher":{"@id":"https:\/\/naturalpoland.com\/ko\/#organization"},"potentialAction":[{"@type":"SearchAction","target":{"@type":"EntryPoint","urlTemplate":"https:\/\/naturalpoland.com\/ko\/?s={search_term_string}"},"query-input":{"@type":"PropertyValueSpecification","valueRequired":true,"valueName":"search_term_string"}}],"inLanguage":"ko-KR"},{"@type":"Organization","@id":"https:\/\/naturalpoland.com\/ko\/#organization","name":"Natural Poland","url":"https:\/\/naturalpoland.com\/ko\/","logo":{"@type":"ImageObject","inLanguage":"ko-KR","@id":"https:\/\/naturalpoland.com\/ko\/#\/schema\/logo\/image\/","url":"https:\/\/naturalpoland.com\/wp-content\/uploads\/2021\/05\/natural-poland-icon.png","contentUrl":"https:\/\/naturalpoland.com\/wp-content\/uploads\/2021\/05\/natural-poland-icon.png","width":512,"height":512,"caption":"Natural Poland"},"image":{"@id":"https:\/\/naturalpoland.com\/ko\/#\/schema\/logo\/image\/"},"sameAs":["https:\/\/www.facebook.com\/naturalpoland.b2b","https:\/\/pl.linkedin.com\/company\/natural-poland","https:\/\/www.youtube.com\/channel\/UCgeGGkvOMahZo-xu_MSEWxg"]}]}},"_links":{"self":[{"href":"https:\/\/naturalpoland.com\/ko\/wp-json\/wp\/v2\/product\/46150","targetHints":{"allow":["GET"]}}],"collection":[{"href":"https:\/\/naturalpoland.com\/ko\/wp-json\/wp\/v2\/product"}],"about":[{"href":"https:\/\/naturalpoland.com\/ko\/wp-json\/wp\/v2\/types\/product"}],"wp:featuredmedia":[{"embeddable":true,"href":"https:\/\/naturalpoland.com\/ko\/wp-json\/wp\/v2\/media\/46151"}],"wp:attachment":[{"href":"https:\/\/naturalpoland.com\/ko\/wp-json\/wp\/v2\/media?parent=46150"}],"wp:term":[{"taxonomy":"product_brand","embeddable":true,"href":"https:\/\/naturalpoland.com\/ko\/wp-json\/wp\/v2\/product_brand?post=46150"},{"taxonomy":"product_cat","embeddable":true,"href":"https:\/\/naturalpoland.com\/ko\/wp-json\/wp\/v2\/product_cat?post=46150"},{"taxonomy":"product_tag","embeddable":true,"href":"https:\/\/naturalpoland.com\/ko\/wp-json\/wp\/v2\/product_tag?post=46150"}],"curies":[{"name":"wp","href":"https:\/\/api.w.org\/{rel}","templated":true}]}}