{"id":46152,"date":"2024-12-19T15:37:27","date_gmt":"2024-12-19T14:37:27","guid":{"rendered":"https:\/\/naturalpoland.com\/produkty\/uncategorized\/myristoyl-pentapeptide-17\/"},"modified":"2026-02-25T17:09:15","modified_gmt":"2026-02-25T16:09:15","slug":"myristoyl-pentapeptide-17","status":"publish","type":"product","link":"https:\/\/naturalpoland.com\/ko\/je-pum\/hwa-jang-pum-won-ryo\/pep-ta-i-deu\/myristoyl-pentapeptide-17\/","title":{"rendered":"Myristoyl Pentapeptide-17"},"content":{"rendered":"<p data-pm-slice=\"1 1 []\">Myristoyl Pentapeptide-17\uc740 \ubaa8\ub0ad\uc758 \uc7ac\uc0dd \uacfc\uc815\uc744 \ucd09\uc9c4\ud558\uc5ec \uc18d\ub208\uc379\uc758 \ubcfc\ub968\uacfc \uae38\uc774\ub97c \uc99d\uac00\uc2dc\ud0b5\ub2c8\ub2e4. \ub610\ud55c \ud53c\ubd80\uc758 \ud68c\ubcf5 \uacfc\uc815\uc744 \uc9c0\uc6d0\ud558\uace0 \ud0c4\ub825 \ubc0f \ubcf4\uc2b5\uc744 \uac1c\uc120\ud569\ub2c8\ub2e4. \ucd94\uac00\uc801\uc73c\ub85c \ubaa8\ubc1c\uc744 \uc190\uc0c1\uc73c\ub85c\ubd80\ud130 \ubcf4\ud638\ud569\ub2c8\ub2e4.  <\/p>\n<p data-pm-slice=\"1 1 []\">Myristoyl Pentapeptide-17\uc740 \ud654\uc7a5\ud488 \uc0b0\uc5c5, \ud2b9\ud788 \uc18d\ub208\uc379 \ubc0f \ub208\uc379 \uc138\ub7fc\uacfc \ucee8\ub514\uc154\ub108, \uc548\ud2f0\uc5d0\uc774\uc9d5 \uc81c\ud488, \ud5e4\uc5b4 \ucf00\uc5b4 \uc81c\ud488\uc5d0 \ub110\ub9ac \uc0ac\uc6a9\ub429\ub2c8\ub2e4.<\/p>\n","protected":false},"excerpt":{"rendered":"<p data-pm-slice=\"1 1 []\"><strong>Myristoyl Pentapeptide-17<\/strong>\uc740 \uac15\ud654 \ubc0f \uc7ac\uc0dd \ud2b9\uc131\uc744 \uc9c0\ub2cc \uace0\uae09 \uc0dd\uccb4 \ud65c\uc131 \uc131\ubd84\uc785\ub2c8\ub2e4. \ub3c5\ud2b9\ud55c \ud654\ud559 \uad6c\uc870\ub294 \ud53c\ubd80\uc640 \ubaa8\ubc1c\uc758 \uac74\uac15\ud55c \ubbf8\uc801 \uc678\uad00\uc5d0 \uae30\uc5ec\ud558\uba70, \uadf8 \uc0c1\ud0dc\ub97c \ud6a8\uacfc\uc801\uc73c\ub85c \uc9c0\uc6d0\ud569\ub2c8\ub2e4. \ubbf8\ub9ac\uc2a4\ud2b8\uc624\uc77c \uc9c0\uc9c8 \uadf8\ub8f9\uc758 \uc874\uc7ac \ub355\ubd84\uc5d0 \uc774 \ud3a9\ud0c0\uc774\ub4dc\ub294 \uc138\ud3ec \uc218\uc900\uc5d0\uc11c \uc791\uc6a9\ud558\ub294 \uc0dd\uccb4 \uc774\uc6a9\ub960\uacfc \ud6a8\ub2a5\uc774 \ud5a5\uc0c1\ub429\ub2c8\ub2e4.  <\/p>\n","protected":false},"featured_media":46153,"template":"","meta":{"_acf_changed":false},"product_brand":[],"product_cat":[8157],"product_tag":[],"class_list":{"0":"post-46152","1":"product","2":"type-product","3":"status-publish","4":"has-post-thumbnail","6":"product_cat-pep-ta-i-deu","8":"first","9":"instock","10":"shipping-taxable","11":"product-type-simple"},"acf":[],"yoast_head":"<!-- This site is optimized with the Yoast SEO plugin v27.4 - https:\/\/yoast.com\/product\/yoast-seo-wordpress\/ -->\n<title>Myristoyl Pentapeptide-17 - \uc6d0\uc790\uc7ac \ub3c4\ub9e4 \uc720\ud1b5\uc5c5\uccb4 - NATURAL POLAND - Hurtowy Dystrybutor Surowc\u00f3w<\/title>\n<meta name=\"description\" content=\"Myristoyl Pentapeptide-17\uc740 \ud504\ub9ac\ubbf8\uc5c4 \uc81c\ud488\uc744 \ud3ec\ud568\ud55c \ud604\ub300 \ud654\uc7a5\ud488\uc5d0 \ud65c\uc6a9\ub418\ub294 \ud601\uc2e0\uc801\uc778 \uc131\ubd84\uc785\ub2c8\ub2e4.\" \/>\n<meta name=\"robots\" content=\"index, follow, max-snippet:-1, max-image-preview:large, max-video-preview:-1\" \/>\n<link rel=\"canonical\" href=\"https:\/\/naturalpoland.com\/ko\/je-pum\/hwa-jang-pum-won-ryo\/pep-ta-i-deu\/myristoyl-pentapeptide-17\/\" \/>\n<meta property=\"og:locale\" content=\"ko_KR\" \/>\n<meta property=\"og:type\" content=\"article\" \/>\n<meta property=\"og:title\" content=\"Myristoyl Pentapeptide-17 - \uc6d0\uc790\uc7ac \ub3c4\ub9e4 \uc720\ud1b5\uc5c5\uccb4 - NATURAL POLAND - Hurtowy Dystrybutor Surowc\u00f3w\" \/>\n<meta property=\"og:description\" content=\"Myristoyl Pentapeptide-17\uc740 \ud504\ub9ac\ubbf8\uc5c4 \uc81c\ud488\uc744 \ud3ec\ud568\ud55c \ud604\ub300 \ud654\uc7a5\ud488\uc5d0 \ud65c\uc6a9\ub418\ub294 \ud601\uc2e0\uc801\uc778 \uc131\ubd84\uc785\ub2c8\ub2e4.\" \/>\n<meta property=\"og:url\" content=\"https:\/\/naturalpoland.com\/ko\/je-pum\/hwa-jang-pum-won-ryo\/pep-ta-i-deu\/myristoyl-pentapeptide-17\/\" \/>\n<meta property=\"og:site_name\" content=\"NATURAL POLAND - Hurtowy Dystrybutor Surowc\u00f3w\" \/>\n<meta property=\"article:publisher\" content=\"https:\/\/www.facebook.com\/naturalpoland.b2b\" \/>\n<meta property=\"article:modified_time\" content=\"2026-02-25T16:09:15+00:00\" \/>\n<meta property=\"og:image\" content=\"https:\/\/naturalpoland.com\/wp-content\/uploads\/myristoyl-pentapeptide-17.webp\" \/>\n\t<meta property=\"og:image:width\" content=\"592\" \/>\n\t<meta property=\"og:image:height\" content=\"592\" \/>\n\t<meta property=\"og:image:type\" content=\"image\/webp\" \/>\n<script type=\"application\/ld+json\" class=\"yoast-schema-graph\">{\"@context\":\"https:\\\/\\\/schema.org\",\"@graph\":[{\"@type\":\"WebPage\",\"@id\":\"https:\\\/\\\/naturalpoland.com\\\/ko\\\/je-pum\\\/hwa-jang-pum-won-ryo\\\/pep-ta-i-deu\\\/myristoyl-pentapeptide-17\\\/\",\"url\":\"https:\\\/\\\/naturalpoland.com\\\/ko\\\/je-pum\\\/hwa-jang-pum-won-ryo\\\/pep-ta-i-deu\\\/myristoyl-pentapeptide-17\\\/\",\"name\":\"Myristoyl Pentapeptide-17 - \uc6d0\uc790\uc7ac \ub3c4\ub9e4 \uc720\ud1b5\uc5c5\uccb4 - NATURAL POLAND - Hurtowy Dystrybutor Surowc\u00f3w\",\"isPartOf\":{\"@id\":\"https:\\\/\\\/naturalpoland.com\\\/ko\\\/#website\"},\"primaryImageOfPage\":{\"@id\":\"https:\\\/\\\/naturalpoland.com\\\/ko\\\/je-pum\\\/hwa-jang-pum-won-ryo\\\/pep-ta-i-deu\\\/myristoyl-pentapeptide-17\\\/#primaryimage\"},\"image\":{\"@id\":\"https:\\\/\\\/naturalpoland.com\\\/ko\\\/je-pum\\\/hwa-jang-pum-won-ryo\\\/pep-ta-i-deu\\\/myristoyl-pentapeptide-17\\\/#primaryimage\"},\"thumbnailUrl\":\"https:\\\/\\\/naturalpoland.com\\\/wp-content\\\/uploads\\\/myristoyl-pentapeptide-17.webp\",\"datePublished\":\"2024-12-19T14:37:27+00:00\",\"dateModified\":\"2026-02-25T16:09:15+00:00\",\"description\":\"Myristoyl Pentapeptide-17\uc740 \ud504\ub9ac\ubbf8\uc5c4 \uc81c\ud488\uc744 \ud3ec\ud568\ud55c \ud604\ub300 \ud654\uc7a5\ud488\uc5d0 \ud65c\uc6a9\ub418\ub294 \ud601\uc2e0\uc801\uc778 \uc131\ubd84\uc785\ub2c8\ub2e4.\",\"breadcrumb\":{\"@id\":\"https:\\\/\\\/naturalpoland.com\\\/ko\\\/je-pum\\\/hwa-jang-pum-won-ryo\\\/pep-ta-i-deu\\\/myristoyl-pentapeptide-17\\\/#breadcrumb\"},\"inLanguage\":\"ko-KR\",\"potentialAction\":[{\"@type\":\"ReadAction\",\"target\":[\"https:\\\/\\\/naturalpoland.com\\\/ko\\\/je-pum\\\/hwa-jang-pum-won-ryo\\\/pep-ta-i-deu\\\/myristoyl-pentapeptide-17\\\/\"]}]},{\"@type\":\"ImageObject\",\"inLanguage\":\"ko-KR\",\"@id\":\"https:\\\/\\\/naturalpoland.com\\\/ko\\\/je-pum\\\/hwa-jang-pum-won-ryo\\\/pep-ta-i-deu\\\/myristoyl-pentapeptide-17\\\/#primaryimage\",\"url\":\"https:\\\/\\\/naturalpoland.com\\\/wp-content\\\/uploads\\\/myristoyl-pentapeptide-17.webp\",\"contentUrl\":\"https:\\\/\\\/naturalpoland.com\\\/wp-content\\\/uploads\\\/myristoyl-pentapeptide-17.webp\",\"width\":592,\"height\":592,\"caption\":\"Myristoyl Pentapeptide-17\"},{\"@type\":\"BreadcrumbList\",\"@id\":\"https:\\\/\\\/naturalpoland.com\\\/ko\\\/je-pum\\\/hwa-jang-pum-won-ryo\\\/pep-ta-i-deu\\\/myristoyl-pentapeptide-17\\\/#breadcrumb\",\"itemListElement\":[{\"@type\":\"ListItem\",\"position\":1,\"name\":\"\ud648\",\"item\":\"https:\\\/\\\/naturalpoland.com\\\/ko\\\/\"},{\"@type\":\"ListItem\",\"position\":2,\"name\":\"\uc81c\ud488\",\"item\":\"https:\\\/\\\/naturalpoland.com\\\/ko\\\/%ec%a0%9c%ed%92%88\\\/\"},{\"@type\":\"ListItem\",\"position\":3,\"name\":\"Myristoyl Pentapeptide-17\"}]},{\"@type\":\"WebSite\",\"@id\":\"https:\\\/\\\/naturalpoland.com\\\/ko\\\/#website\",\"url\":\"https:\\\/\\\/naturalpoland.com\\\/ko\\\/\",\"name\":\"NATURAL POLAND - Hurtowy Dystrybutor Surowc\u00f3w\",\"description\":\"Surowce dla przemys\u0142u spo\u017cywczego, kosmetycznego i farmaceutycznego\",\"publisher\":{\"@id\":\"https:\\\/\\\/naturalpoland.com\\\/ko\\\/#organization\"},\"potentialAction\":[{\"@type\":\"SearchAction\",\"target\":{\"@type\":\"EntryPoint\",\"urlTemplate\":\"https:\\\/\\\/naturalpoland.com\\\/ko\\\/?s={search_term_string}\"},\"query-input\":{\"@type\":\"PropertyValueSpecification\",\"valueRequired\":true,\"valueName\":\"search_term_string\"}}],\"inLanguage\":\"ko-KR\"},{\"@type\":\"Organization\",\"@id\":\"https:\\\/\\\/naturalpoland.com\\\/ko\\\/#organization\",\"name\":\"Natural Poland\",\"url\":\"https:\\\/\\\/naturalpoland.com\\\/ko\\\/\",\"logo\":{\"@type\":\"ImageObject\",\"inLanguage\":\"ko-KR\",\"@id\":\"https:\\\/\\\/naturalpoland.com\\\/ko\\\/#\\\/schema\\\/logo\\\/image\\\/\",\"url\":\"https:\\\/\\\/naturalpoland.com\\\/wp-content\\\/uploads\\\/2021\\\/05\\\/natural-poland-icon.png\",\"contentUrl\":\"https:\\\/\\\/naturalpoland.com\\\/wp-content\\\/uploads\\\/2021\\\/05\\\/natural-poland-icon.png\",\"width\":512,\"height\":512,\"caption\":\"Natural Poland\"},\"image\":{\"@id\":\"https:\\\/\\\/naturalpoland.com\\\/ko\\\/#\\\/schema\\\/logo\\\/image\\\/\"},\"sameAs\":[\"https:\\\/\\\/www.facebook.com\\\/naturalpoland.b2b\",\"https:\\\/\\\/pl.linkedin.com\\\/company\\\/natural-poland\",\"https:\\\/\\\/www.youtube.com\\\/channel\\\/UCgeGGkvOMahZo-xu_MSEWxg\"]}]}<\/script>\n<!-- \/ Yoast SEO plugin. -->","yoast_head_json":{"title":"Myristoyl Pentapeptide-17 - \uc6d0\uc790\uc7ac \ub3c4\ub9e4 \uc720\ud1b5\uc5c5\uccb4 - NATURAL POLAND - Hurtowy Dystrybutor Surowc\u00f3w","description":"Myristoyl Pentapeptide-17\uc740 \ud504\ub9ac\ubbf8\uc5c4 \uc81c\ud488\uc744 \ud3ec\ud568\ud55c \ud604\ub300 \ud654\uc7a5\ud488\uc5d0 \ud65c\uc6a9\ub418\ub294 \ud601\uc2e0\uc801\uc778 \uc131\ubd84\uc785\ub2c8\ub2e4.","robots":{"index":"index","follow":"follow","max-snippet":"max-snippet:-1","max-image-preview":"max-image-preview:large","max-video-preview":"max-video-preview:-1"},"canonical":"https:\/\/naturalpoland.com\/ko\/je-pum\/hwa-jang-pum-won-ryo\/pep-ta-i-deu\/myristoyl-pentapeptide-17\/","og_locale":"ko_KR","og_type":"article","og_title":"Myristoyl Pentapeptide-17 - \uc6d0\uc790\uc7ac \ub3c4\ub9e4 \uc720\ud1b5\uc5c5\uccb4 - NATURAL POLAND - Hurtowy Dystrybutor Surowc\u00f3w","og_description":"Myristoyl Pentapeptide-17\uc740 \ud504\ub9ac\ubbf8\uc5c4 \uc81c\ud488\uc744 \ud3ec\ud568\ud55c \ud604\ub300 \ud654\uc7a5\ud488\uc5d0 \ud65c\uc6a9\ub418\ub294 \ud601\uc2e0\uc801\uc778 \uc131\ubd84\uc785\ub2c8\ub2e4.","og_url":"https:\/\/naturalpoland.com\/ko\/je-pum\/hwa-jang-pum-won-ryo\/pep-ta-i-deu\/myristoyl-pentapeptide-17\/","og_site_name":"NATURAL POLAND - Hurtowy Dystrybutor Surowc\u00f3w","article_publisher":"https:\/\/www.facebook.com\/naturalpoland.b2b","article_modified_time":"2026-02-25T16:09:15+00:00","og_image":[{"width":592,"height":592,"url":"https:\/\/naturalpoland.com\/wp-content\/uploads\/myristoyl-pentapeptide-17.webp","type":"image\/webp"}],"schema":{"@context":"https:\/\/schema.org","@graph":[{"@type":"WebPage","@id":"https:\/\/naturalpoland.com\/ko\/je-pum\/hwa-jang-pum-won-ryo\/pep-ta-i-deu\/myristoyl-pentapeptide-17\/","url":"https:\/\/naturalpoland.com\/ko\/je-pum\/hwa-jang-pum-won-ryo\/pep-ta-i-deu\/myristoyl-pentapeptide-17\/","name":"Myristoyl Pentapeptide-17 - \uc6d0\uc790\uc7ac \ub3c4\ub9e4 \uc720\ud1b5\uc5c5\uccb4 - NATURAL POLAND - Hurtowy Dystrybutor Surowc\u00f3w","isPartOf":{"@id":"https:\/\/naturalpoland.com\/ko\/#website"},"primaryImageOfPage":{"@id":"https:\/\/naturalpoland.com\/ko\/je-pum\/hwa-jang-pum-won-ryo\/pep-ta-i-deu\/myristoyl-pentapeptide-17\/#primaryimage"},"image":{"@id":"https:\/\/naturalpoland.com\/ko\/je-pum\/hwa-jang-pum-won-ryo\/pep-ta-i-deu\/myristoyl-pentapeptide-17\/#primaryimage"},"thumbnailUrl":"https:\/\/naturalpoland.com\/wp-content\/uploads\/myristoyl-pentapeptide-17.webp","datePublished":"2024-12-19T14:37:27+00:00","dateModified":"2026-02-25T16:09:15+00:00","description":"Myristoyl Pentapeptide-17\uc740 \ud504\ub9ac\ubbf8\uc5c4 \uc81c\ud488\uc744 \ud3ec\ud568\ud55c \ud604\ub300 \ud654\uc7a5\ud488\uc5d0 \ud65c\uc6a9\ub418\ub294 \ud601\uc2e0\uc801\uc778 \uc131\ubd84\uc785\ub2c8\ub2e4.","breadcrumb":{"@id":"https:\/\/naturalpoland.com\/ko\/je-pum\/hwa-jang-pum-won-ryo\/pep-ta-i-deu\/myristoyl-pentapeptide-17\/#breadcrumb"},"inLanguage":"ko-KR","potentialAction":[{"@type":"ReadAction","target":["https:\/\/naturalpoland.com\/ko\/je-pum\/hwa-jang-pum-won-ryo\/pep-ta-i-deu\/myristoyl-pentapeptide-17\/"]}]},{"@type":"ImageObject","inLanguage":"ko-KR","@id":"https:\/\/naturalpoland.com\/ko\/je-pum\/hwa-jang-pum-won-ryo\/pep-ta-i-deu\/myristoyl-pentapeptide-17\/#primaryimage","url":"https:\/\/naturalpoland.com\/wp-content\/uploads\/myristoyl-pentapeptide-17.webp","contentUrl":"https:\/\/naturalpoland.com\/wp-content\/uploads\/myristoyl-pentapeptide-17.webp","width":592,"height":592,"caption":"Myristoyl Pentapeptide-17"},{"@type":"BreadcrumbList","@id":"https:\/\/naturalpoland.com\/ko\/je-pum\/hwa-jang-pum-won-ryo\/pep-ta-i-deu\/myristoyl-pentapeptide-17\/#breadcrumb","itemListElement":[{"@type":"ListItem","position":1,"name":"\ud648","item":"https:\/\/naturalpoland.com\/ko\/"},{"@type":"ListItem","position":2,"name":"\uc81c\ud488","item":"https:\/\/naturalpoland.com\/ko\/%ec%a0%9c%ed%92%88\/"},{"@type":"ListItem","position":3,"name":"Myristoyl Pentapeptide-17"}]},{"@type":"WebSite","@id":"https:\/\/naturalpoland.com\/ko\/#website","url":"https:\/\/naturalpoland.com\/ko\/","name":"NATURAL POLAND - Hurtowy Dystrybutor Surowc\u00f3w","description":"Surowce dla przemys\u0142u spo\u017cywczego, kosmetycznego i farmaceutycznego","publisher":{"@id":"https:\/\/naturalpoland.com\/ko\/#organization"},"potentialAction":[{"@type":"SearchAction","target":{"@type":"EntryPoint","urlTemplate":"https:\/\/naturalpoland.com\/ko\/?s={search_term_string}"},"query-input":{"@type":"PropertyValueSpecification","valueRequired":true,"valueName":"search_term_string"}}],"inLanguage":"ko-KR"},{"@type":"Organization","@id":"https:\/\/naturalpoland.com\/ko\/#organization","name":"Natural Poland","url":"https:\/\/naturalpoland.com\/ko\/","logo":{"@type":"ImageObject","inLanguage":"ko-KR","@id":"https:\/\/naturalpoland.com\/ko\/#\/schema\/logo\/image\/","url":"https:\/\/naturalpoland.com\/wp-content\/uploads\/2021\/05\/natural-poland-icon.png","contentUrl":"https:\/\/naturalpoland.com\/wp-content\/uploads\/2021\/05\/natural-poland-icon.png","width":512,"height":512,"caption":"Natural Poland"},"image":{"@id":"https:\/\/naturalpoland.com\/ko\/#\/schema\/logo\/image\/"},"sameAs":["https:\/\/www.facebook.com\/naturalpoland.b2b","https:\/\/pl.linkedin.com\/company\/natural-poland","https:\/\/www.youtube.com\/channel\/UCgeGGkvOMahZo-xu_MSEWxg"]}]}},"_links":{"self":[{"href":"https:\/\/naturalpoland.com\/ko\/wp-json\/wp\/v2\/product\/46152","targetHints":{"allow":["GET"]}}],"collection":[{"href":"https:\/\/naturalpoland.com\/ko\/wp-json\/wp\/v2\/product"}],"about":[{"href":"https:\/\/naturalpoland.com\/ko\/wp-json\/wp\/v2\/types\/product"}],"wp:featuredmedia":[{"embeddable":true,"href":"https:\/\/naturalpoland.com\/ko\/wp-json\/wp\/v2\/media\/46153"}],"wp:attachment":[{"href":"https:\/\/naturalpoland.com\/ko\/wp-json\/wp\/v2\/media?parent=46152"}],"wp:term":[{"taxonomy":"product_brand","embeddable":true,"href":"https:\/\/naturalpoland.com\/ko\/wp-json\/wp\/v2\/product_brand?post=46152"},{"taxonomy":"product_cat","embeddable":true,"href":"https:\/\/naturalpoland.com\/ko\/wp-json\/wp\/v2\/product_cat?post=46152"},{"taxonomy":"product_tag","embeddable":true,"href":"https:\/\/naturalpoland.com\/ko\/wp-json\/wp\/v2\/product_tag?post=46152"}],"curies":[{"name":"wp","href":"https:\/\/api.w.org\/{rel}","templated":true}]}}