{"id":46156,"date":"2025-02-07T13:11:39","date_gmt":"2025-02-07T12:11:39","guid":{"rendered":"https:\/\/naturalpoland.com\/produkty\/uncategorized\/%ec%bd%94%ec%bd%94%eb%84%9b-%ed%96%a5\/"},"modified":"2026-02-25T17:09:39","modified_gmt":"2026-02-25T16:09:39","slug":"%ec%bd%94%ec%bd%94%eb%84%9b-%ed%96%a5","status":"publish","type":"product","link":"https:\/\/naturalpoland.com\/ko\/je-pum\/sig-pum-won-ryo\/hyang-ryo\/gyeon-gwa-ryu-hyang\/%ec%bd%94%ec%bd%94%eb%84%9b-%ed%96%a5\/","title":{"rendered":"\ucf54\ucf54\ub11b \ud5a5"},"content":{"rendered":"<h2>\ucf54\ucf54\ub11b \ud5a5\uc758 \uc885\ub958:<\/h2>\n<ol>\n<li><strong>WONF \ucf54\ucf54\ub11b \ud5a5<\/strong>\uc740 \uace0\uc628\uc5d0 \uac15\ud55c \ucc9c\uc5f0 \uc561\uc0c1 \ud5a5\ub8cc\uc785\ub2c8\ub2e4. \uc9c4\ud558\uace0 \ubd80\ub4dc\ub7ec\uc6b4 \ucf54\ucf54\ub11b\uc758 \ud2b9\uc131\uacfc \uc2e0\uc120\ud55c \ud50c\ub808\uc774\ud06c\uc758 \uc12c\uc138\ud55c \uc545\uc13c\ud2b8\uac00 \uc5b4\uc6b0\ub7ec\uc9c4 \ud5a5\uc785\ub2c8\ub2e4. \uc720\uc81c\ud488 \ub514\uc800\ud2b8, \uc544\uc774\uc2a4\ud06c\ub9bc, \ucf00\uc774\ud06c \ubc0f \uc81c\uacfc \ud06c\ub9bc\uc5d0 \uad8c\uc7a5\ub429\ub2c8\ub2e4. \uc5f4\ucc98\ub9ac\uc5d0\ub3c4 \uac15\ud558\uc5ec \uace0\uc628\uc5d0\uc11c \ub9db\uc758 \uc548\uc815\uc131\uc774 \uc694\uad6c\ub418\ub294 \ubca0\uc774\ud0b9 \ubc0f \uc81c\ud488\uc5d0 \uc0ac\uc6a9\ud560 \uc218 \uc788\uc2b5\ub2c8\ub2e4.   <\/li>\n<li><strong>\uc561\uc0c1 \ubc00\ud0a4 \ucf54\ucf54\ub11b \ud5a5<\/strong>\uc740 \ub2ec\ucf64\ud55c \ubc00\ud06c \ucd08\ucf5c\ub9bf\uacfc \ucf54\ucf54\ub11b \ubc00\ud06c \ud5a5\uc774 \ub0a9\ub2c8\ub2e4. \uc81c\uacfc \ud06c\ub9bc, \ud504\ub784\ub9b0 \ud544\ub9c1 \ubc0f \uc720\uc81c\ud488 \uc74c\ub8cc\uc640 \uc798 \uc5b4\uc6b8\ub9bd\ub2c8\ub2e4. <\/li>\n<li><strong>\ub4dc\ub77c\uc774 \ud50c\ub808\uc774\ud06c \ud5a5\uc774 \uac00\ubbf8\ub41c \ucf54\ucf54\ub11b \ud5a5<\/strong>\uc740 \ub354\uc6b1 \uc9c4\uc815\ud55c \ucf54\ucf54\ub11b\uc758 \uc6d0\ucd08\uc801\uc778 \ud48d\ubbf8\ub97c \uc120\ud638\ud558\ub294 \ubd84\ub4e4\uc744 \uc704\ud55c \uc635\uc158\uc73c\ub85c, \uac15\ub82c\ud558\uace0 \uc790\uc5f0\uc2a4\ub7ec\uc6b4 \ub9db \ud504\ub85c\ud544\uc744 \uac00\uc9c4 \uc81c\ud488\uc5d0 \ud0c1\uc6d4\ud558\uac8c \uc5b4\uc6b8\ub9bd\ub2c8\ub2e4.<\/li>\n<li>\ub354\uc6b1 \ubcf4\ud3b8\uc801\uc778 \uc870\ud569 \uc911\uc5d0\ub294 \uc561\uc0c1 \ubc0f \ub18d\ucd95 \ud615\ud0dc\ub85c \uc81c\uacf5\ub418\ub294 <strong>\ub2ec\ucf64\ud558\uace0 \uc2dd\uc695\uc744 \ub3cb\uc6b0\ub294 \ucf54\ucf54\ub11b \ud5a5<\/strong>\uc774 \uc788\uc2b5\ub2c8\ub2e4. \uc74c\ub8cc \ubc0f \uacfc\uc790\uc5d0 \uc0ac\uc6a9\ud560 \uc218 \uc788\ub294 \ud074\ub798\uc2dd\ud558\uace0 \uac15\ub82c\ud55c \ucf54\ucf54\ub11b \ud5a5\uc774 \ub0a9\ub2c8\ub2e4. <\/li>\n<li>\ubd84\ub9d0 \ud615\ud0dc\ub97c \uc120\ud638\ud558\ub294 \uc81c\uc870\uc5c5\uccb4\ub97c \uc704\ud574 \ub2ec\ucf64\ud558\uace0 \uc2dd\uc695\uc744 \ub3cb\uc6b0\ub294 \ud5a5\uc774 \ub098\ub294 <strong>\ubd84\ub9d0 \ucf54\ucf54\ub11b \ud5a5<\/strong>\uc774 \uc81c\uacf5\ub429\ub2c8\ub2e4. \ubca0\uc774\ud0b9 \ubbf9\uc2a4, \ub2e8\ubc31\uc9c8 \ubc14, \ubba4\uc990\ub9ac \ub610\ub294 \ub2e8\ubc31\uc9c8 \ubcf4\ucda9\uc81c\uc640 \uac19\uc740 \uac74\uc870 \uc81c\ud488\uc5d0 \uc0ac\uc6a9\ud558\uae30\uc5d0 \uad8c\uc7a5\ub429\ub2c8\ub2e4. \uc548\uc815\uc801\uc778 \ub9db\uacfc \ud5a5\uc744 \uc5bb\uc744 \uc218 \uc788\uc2b5\ub2c8\ub2e4.  <\/li>\n<li><strong>\ubd84\ub9d0 \ucf54\ucf54\ub11b \ub9c8\uc2a4\ud0b9 \ud5a5<\/strong>\uc740 \uc81c\ud488\uc5d0 \uae30\ubd84 \uc88b\uc740 \ucf54\ucf54\ub11b \ud5a5\uc744 \ubd80\uc5ec\ud560 \ubfd0\ub9cc \uc544\ub2c8\ub77c \ubd88\ucf8c\ud55c \ub9db\uacfc \ub0c4\uc0c8\ub97c \ud6a8\uacfc\uc801\uc73c\ub85c \uc911\ud654\uc2dc\ud0b5\ub2c8\ub2e4. \uac74\uac15 \ubcf4\uc870 \uc2dd\ud488, \uc601\uc591 \ubcf4\ucda9\uc81c \ubc0f \uae30\ub2a5\uc131 \uc2dd\ubb3c\uc131 \uc74c\ub8cc\uc5d0 \uad8c\uc7a5\ub418\ub294 \ucca8\uac00\uc81c\uc785\ub2c8\ub2e4. <\/li>\n<\/ol>\n","protected":false},"excerpt":{"rendered":"<p>\ucf54\ucf54\ub11b \ud5a5\uc740 \ucf54\ucf54\ub11b \ubc00\ud06c, \ud50c\ub808\uc774\ud06c, \uc5f4\ub300 \ub514\uc800\ud2b8\uc758 \ub2ec\ucf64\ud568\uc744 \uc5f0\uc0c1\uc2dc\ud0a4\ub294 \ud2b9\uc9d5\uc801\uc778 \uc774\uad6d\uc801\uc778 \ud48d\ubbf8\ub97c \uc81c\ud488\uc5d0 \ub354\ud569\ub2c8\ub2e4. \uc2dd\ud488, \uc81c\uacfc \ubc0f \uc81c\ube75 \uc0b0\uc5c5\uc5d0\uc11c \uc0ac\uc6a9\ub429\ub2c8\ub2e4. <\/p>\n","protected":false},"featured_media":46157,"template":"","meta":{"_acf_changed":false},"product_brand":[],"product_cat":[8167,8166],"product_tag":[],"class_list":{"0":"post-46156","1":"product","2":"type-product","3":"status-publish","4":"has-post-thumbnail","6":"product_cat-gwa-il-hyang","7":"product_cat-gyeon-gwa-ryu-hyang","9":"first","10":"instock","11":"shipping-taxable","12":"product-type-simple"},"acf":[],"yoast_head":"<!-- This site is optimized with the Yoast SEO plugin v27.4 - https:\/\/yoast.com\/product\/yoast-seo-wordpress\/ -->\n<title>\ucf54\ucf54\ub11b \ud5a5 - Hurtowy Dystrybutor<\/title>\n<meta name=\"description\" content=\"\ucf54\ucf54\ub11b \ud5a5\uc740 \ucf54\ucf54\ub11b \ubc00\ud06c\uc640 \ucf54\ucf54\ub11b \ud50c\ub808\uc774\ud06c\ub97c \uc5f0\uc0c1\uc2dc\ud0a4\ub294 \ud2b9\uc9d5\uc801\uc778 \uc774\uad6d\uc801\uc778 \ud48d\ubbf8\ub97c \uc81c\ud488\uc5d0 \ub354\ud558\ub294 \ud2b9\ubcc4\ud55c \uc131\ubd84\uc785\ub2c8\ub2e4.\" \/>\n<meta name=\"robots\" content=\"index, follow, max-snippet:-1, max-image-preview:large, max-video-preview:-1\" \/>\n<link rel=\"canonical\" href=\"https:\/\/naturalpoland.com\/ko\/je-pum\/sig-pum-won-ryo\/hyang-ryo\/gyeon-gwa-ryu-hyang\/%ec%bd%94%ec%bd%94%eb%84%9b-%ed%96%a5\/\" \/>\n<meta property=\"og:locale\" content=\"ko_KR\" \/>\n<meta property=\"og:type\" content=\"article\" \/>\n<meta property=\"og:title\" content=\"\ucf54\ucf54\ub11b \ud5a5 - Hurtowy Dystrybutor\" \/>\n<meta property=\"og:description\" content=\"\ucf54\ucf54\ub11b \ud5a5\uc740 \ucf54\ucf54\ub11b \ubc00\ud06c\uc640 \ucf54\ucf54\ub11b \ud50c\ub808\uc774\ud06c\ub97c \uc5f0\uc0c1\uc2dc\ud0a4\ub294 \ud2b9\uc9d5\uc801\uc778 \uc774\uad6d\uc801\uc778 \ud48d\ubbf8\ub97c \uc81c\ud488\uc5d0 \ub354\ud558\ub294 \ud2b9\ubcc4\ud55c \uc131\ubd84\uc785\ub2c8\ub2e4.\" \/>\n<meta property=\"og:url\" content=\"https:\/\/naturalpoland.com\/ko\/je-pum\/sig-pum-won-ryo\/hyang-ryo\/gyeon-gwa-ryu-hyang\/%ec%bd%94%ec%bd%94%eb%84%9b-%ed%96%a5\/\" \/>\n<meta property=\"og:site_name\" content=\"NATURAL POLAND - Hurtowy Dystrybutor Surowc\u00f3w\" \/>\n<meta property=\"article:publisher\" content=\"https:\/\/www.facebook.com\/naturalpoland.b2b\" \/>\n<meta property=\"article:modified_time\" content=\"2026-02-25T16:09:39+00:00\" \/>\n<meta property=\"og:image\" content=\"https:\/\/naturalpoland.com\/wp-content\/uploads\/aromat-kokosowy.webp\" \/>\n\t<meta property=\"og:image:width\" content=\"596\" \/>\n\t<meta property=\"og:image:height\" content=\"596\" \/>\n\t<meta property=\"og:image:type\" content=\"image\/webp\" \/>\n<script type=\"application\/ld+json\" class=\"yoast-schema-graph\">{\"@context\":\"https:\\\/\\\/schema.org\",\"@graph\":[{\"@type\":\"WebPage\",\"@id\":\"https:\\\/\\\/naturalpoland.com\\\/ko\\\/je-pum\\\/sig-pum-won-ryo\\\/hyang-ryo\\\/gyeon-gwa-ryu-hyang\\\/%ec%bd%94%ec%bd%94%eb%84%9b-%ed%96%a5\\\/\",\"url\":\"https:\\\/\\\/naturalpoland.com\\\/ko\\\/je-pum\\\/sig-pum-won-ryo\\\/hyang-ryo\\\/gyeon-gwa-ryu-hyang\\\/%ec%bd%94%ec%bd%94%eb%84%9b-%ed%96%a5\\\/\",\"name\":\"\ucf54\ucf54\ub11b \ud5a5 - Hurtowy Dystrybutor\",\"isPartOf\":{\"@id\":\"https:\\\/\\\/naturalpoland.com\\\/ko\\\/#website\"},\"primaryImageOfPage\":{\"@id\":\"https:\\\/\\\/naturalpoland.com\\\/ko\\\/je-pum\\\/sig-pum-won-ryo\\\/hyang-ryo\\\/gyeon-gwa-ryu-hyang\\\/%ec%bd%94%ec%bd%94%eb%84%9b-%ed%96%a5\\\/#primaryimage\"},\"image\":{\"@id\":\"https:\\\/\\\/naturalpoland.com\\\/ko\\\/je-pum\\\/sig-pum-won-ryo\\\/hyang-ryo\\\/gyeon-gwa-ryu-hyang\\\/%ec%bd%94%ec%bd%94%eb%84%9b-%ed%96%a5\\\/#primaryimage\"},\"thumbnailUrl\":\"https:\\\/\\\/naturalpoland.com\\\/wp-content\\\/uploads\\\/aromat-kokosowy.webp\",\"datePublished\":\"2025-02-07T12:11:39+00:00\",\"dateModified\":\"2026-02-25T16:09:39+00:00\",\"description\":\"\ucf54\ucf54\ub11b \ud5a5\uc740 \ucf54\ucf54\ub11b \ubc00\ud06c\uc640 \ucf54\ucf54\ub11b \ud50c\ub808\uc774\ud06c\ub97c \uc5f0\uc0c1\uc2dc\ud0a4\ub294 \ud2b9\uc9d5\uc801\uc778 \uc774\uad6d\uc801\uc778 \ud48d\ubbf8\ub97c \uc81c\ud488\uc5d0 \ub354\ud558\ub294 \ud2b9\ubcc4\ud55c \uc131\ubd84\uc785\ub2c8\ub2e4.\",\"breadcrumb\":{\"@id\":\"https:\\\/\\\/naturalpoland.com\\\/ko\\\/je-pum\\\/sig-pum-won-ryo\\\/hyang-ryo\\\/gyeon-gwa-ryu-hyang\\\/%ec%bd%94%ec%bd%94%eb%84%9b-%ed%96%a5\\\/#breadcrumb\"},\"inLanguage\":\"ko-KR\",\"potentialAction\":[{\"@type\":\"ReadAction\",\"target\":[\"https:\\\/\\\/naturalpoland.com\\\/ko\\\/je-pum\\\/sig-pum-won-ryo\\\/hyang-ryo\\\/gyeon-gwa-ryu-hyang\\\/%ec%bd%94%ec%bd%94%eb%84%9b-%ed%96%a5\\\/\"]}]},{\"@type\":\"ImageObject\",\"inLanguage\":\"ko-KR\",\"@id\":\"https:\\\/\\\/naturalpoland.com\\\/ko\\\/je-pum\\\/sig-pum-won-ryo\\\/hyang-ryo\\\/gyeon-gwa-ryu-hyang\\\/%ec%bd%94%ec%bd%94%eb%84%9b-%ed%96%a5\\\/#primaryimage\",\"url\":\"https:\\\/\\\/naturalpoland.com\\\/wp-content\\\/uploads\\\/aromat-kokosowy.webp\",\"contentUrl\":\"https:\\\/\\\/naturalpoland.com\\\/wp-content\\\/uploads\\\/aromat-kokosowy.webp\",\"width\":596,\"height\":596,\"caption\":\"\uc561\uc0c1 \ubc0f \ubd84\ub9d0 \ucf54\ucf54\ub11b \ud5a5\"},{\"@type\":\"BreadcrumbList\",\"@id\":\"https:\\\/\\\/naturalpoland.com\\\/ko\\\/je-pum\\\/sig-pum-won-ryo\\\/hyang-ryo\\\/gyeon-gwa-ryu-hyang\\\/%ec%bd%94%ec%bd%94%eb%84%9b-%ed%96%a5\\\/#breadcrumb\",\"itemListElement\":[{\"@type\":\"ListItem\",\"position\":1,\"name\":\"\ud648\",\"item\":\"https:\\\/\\\/naturalpoland.com\\\/ko\\\/\"},{\"@type\":\"ListItem\",\"position\":2,\"name\":\"\uc81c\ud488\",\"item\":\"https:\\\/\\\/naturalpoland.com\\\/ko\\\/%ec%a0%9c%ed%92%88\\\/\"},{\"@type\":\"ListItem\",\"position\":3,\"name\":\"\ucf54\ucf54\ub11b \ud5a5\"}]},{\"@type\":\"WebSite\",\"@id\":\"https:\\\/\\\/naturalpoland.com\\\/ko\\\/#website\",\"url\":\"https:\\\/\\\/naturalpoland.com\\\/ko\\\/\",\"name\":\"NATURAL POLAND - Hurtowy Dystrybutor Surowc\u00f3w\",\"description\":\"Surowce dla przemys\u0142u spo\u017cywczego, kosmetycznego i farmaceutycznego\",\"publisher\":{\"@id\":\"https:\\\/\\\/naturalpoland.com\\\/ko\\\/#organization\"},\"potentialAction\":[{\"@type\":\"SearchAction\",\"target\":{\"@type\":\"EntryPoint\",\"urlTemplate\":\"https:\\\/\\\/naturalpoland.com\\\/ko\\\/?s={search_term_string}\"},\"query-input\":{\"@type\":\"PropertyValueSpecification\",\"valueRequired\":true,\"valueName\":\"search_term_string\"}}],\"inLanguage\":\"ko-KR\"},{\"@type\":\"Organization\",\"@id\":\"https:\\\/\\\/naturalpoland.com\\\/ko\\\/#organization\",\"name\":\"Natural Poland\",\"url\":\"https:\\\/\\\/naturalpoland.com\\\/ko\\\/\",\"logo\":{\"@type\":\"ImageObject\",\"inLanguage\":\"ko-KR\",\"@id\":\"https:\\\/\\\/naturalpoland.com\\\/ko\\\/#\\\/schema\\\/logo\\\/image\\\/\",\"url\":\"https:\\\/\\\/naturalpoland.com\\\/wp-content\\\/uploads\\\/2021\\\/05\\\/natural-poland-icon.png\",\"contentUrl\":\"https:\\\/\\\/naturalpoland.com\\\/wp-content\\\/uploads\\\/2021\\\/05\\\/natural-poland-icon.png\",\"width\":512,\"height\":512,\"caption\":\"Natural Poland\"},\"image\":{\"@id\":\"https:\\\/\\\/naturalpoland.com\\\/ko\\\/#\\\/schema\\\/logo\\\/image\\\/\"},\"sameAs\":[\"https:\\\/\\\/www.facebook.com\\\/naturalpoland.b2b\",\"https:\\\/\\\/pl.linkedin.com\\\/company\\\/natural-poland\",\"https:\\\/\\\/www.youtube.com\\\/channel\\\/UCgeGGkvOMahZo-xu_MSEWxg\"]}]}<\/script>\n<!-- \/ Yoast SEO plugin. -->","yoast_head_json":{"title":"\ucf54\ucf54\ub11b \ud5a5 - Hurtowy Dystrybutor","description":"\ucf54\ucf54\ub11b \ud5a5\uc740 \ucf54\ucf54\ub11b \ubc00\ud06c\uc640 \ucf54\ucf54\ub11b \ud50c\ub808\uc774\ud06c\ub97c \uc5f0\uc0c1\uc2dc\ud0a4\ub294 \ud2b9\uc9d5\uc801\uc778 \uc774\uad6d\uc801\uc778 \ud48d\ubbf8\ub97c \uc81c\ud488\uc5d0 \ub354\ud558\ub294 \ud2b9\ubcc4\ud55c \uc131\ubd84\uc785\ub2c8\ub2e4.","robots":{"index":"index","follow":"follow","max-snippet":"max-snippet:-1","max-image-preview":"max-image-preview:large","max-video-preview":"max-video-preview:-1"},"canonical":"https:\/\/naturalpoland.com\/ko\/je-pum\/sig-pum-won-ryo\/hyang-ryo\/gyeon-gwa-ryu-hyang\/%ec%bd%94%ec%bd%94%eb%84%9b-%ed%96%a5\/","og_locale":"ko_KR","og_type":"article","og_title":"\ucf54\ucf54\ub11b \ud5a5 - Hurtowy Dystrybutor","og_description":"\ucf54\ucf54\ub11b \ud5a5\uc740 \ucf54\ucf54\ub11b \ubc00\ud06c\uc640 \ucf54\ucf54\ub11b \ud50c\ub808\uc774\ud06c\ub97c \uc5f0\uc0c1\uc2dc\ud0a4\ub294 \ud2b9\uc9d5\uc801\uc778 \uc774\uad6d\uc801\uc778 \ud48d\ubbf8\ub97c \uc81c\ud488\uc5d0 \ub354\ud558\ub294 \ud2b9\ubcc4\ud55c \uc131\ubd84\uc785\ub2c8\ub2e4.","og_url":"https:\/\/naturalpoland.com\/ko\/je-pum\/sig-pum-won-ryo\/hyang-ryo\/gyeon-gwa-ryu-hyang\/%ec%bd%94%ec%bd%94%eb%84%9b-%ed%96%a5\/","og_site_name":"NATURAL POLAND - Hurtowy Dystrybutor Surowc\u00f3w","article_publisher":"https:\/\/www.facebook.com\/naturalpoland.b2b","article_modified_time":"2026-02-25T16:09:39+00:00","og_image":[{"width":596,"height":596,"url":"https:\/\/naturalpoland.com\/wp-content\/uploads\/aromat-kokosowy.webp","type":"image\/webp"}],"schema":{"@context":"https:\/\/schema.org","@graph":[{"@type":"WebPage","@id":"https:\/\/naturalpoland.com\/ko\/je-pum\/sig-pum-won-ryo\/hyang-ryo\/gyeon-gwa-ryu-hyang\/%ec%bd%94%ec%bd%94%eb%84%9b-%ed%96%a5\/","url":"https:\/\/naturalpoland.com\/ko\/je-pum\/sig-pum-won-ryo\/hyang-ryo\/gyeon-gwa-ryu-hyang\/%ec%bd%94%ec%bd%94%eb%84%9b-%ed%96%a5\/","name":"\ucf54\ucf54\ub11b \ud5a5 - Hurtowy Dystrybutor","isPartOf":{"@id":"https:\/\/naturalpoland.com\/ko\/#website"},"primaryImageOfPage":{"@id":"https:\/\/naturalpoland.com\/ko\/je-pum\/sig-pum-won-ryo\/hyang-ryo\/gyeon-gwa-ryu-hyang\/%ec%bd%94%ec%bd%94%eb%84%9b-%ed%96%a5\/#primaryimage"},"image":{"@id":"https:\/\/naturalpoland.com\/ko\/je-pum\/sig-pum-won-ryo\/hyang-ryo\/gyeon-gwa-ryu-hyang\/%ec%bd%94%ec%bd%94%eb%84%9b-%ed%96%a5\/#primaryimage"},"thumbnailUrl":"https:\/\/naturalpoland.com\/wp-content\/uploads\/aromat-kokosowy.webp","datePublished":"2025-02-07T12:11:39+00:00","dateModified":"2026-02-25T16:09:39+00:00","description":"\ucf54\ucf54\ub11b \ud5a5\uc740 \ucf54\ucf54\ub11b \ubc00\ud06c\uc640 \ucf54\ucf54\ub11b \ud50c\ub808\uc774\ud06c\ub97c \uc5f0\uc0c1\uc2dc\ud0a4\ub294 \ud2b9\uc9d5\uc801\uc778 \uc774\uad6d\uc801\uc778 \ud48d\ubbf8\ub97c \uc81c\ud488\uc5d0 \ub354\ud558\ub294 \ud2b9\ubcc4\ud55c \uc131\ubd84\uc785\ub2c8\ub2e4.","breadcrumb":{"@id":"https:\/\/naturalpoland.com\/ko\/je-pum\/sig-pum-won-ryo\/hyang-ryo\/gyeon-gwa-ryu-hyang\/%ec%bd%94%ec%bd%94%eb%84%9b-%ed%96%a5\/#breadcrumb"},"inLanguage":"ko-KR","potentialAction":[{"@type":"ReadAction","target":["https:\/\/naturalpoland.com\/ko\/je-pum\/sig-pum-won-ryo\/hyang-ryo\/gyeon-gwa-ryu-hyang\/%ec%bd%94%ec%bd%94%eb%84%9b-%ed%96%a5\/"]}]},{"@type":"ImageObject","inLanguage":"ko-KR","@id":"https:\/\/naturalpoland.com\/ko\/je-pum\/sig-pum-won-ryo\/hyang-ryo\/gyeon-gwa-ryu-hyang\/%ec%bd%94%ec%bd%94%eb%84%9b-%ed%96%a5\/#primaryimage","url":"https:\/\/naturalpoland.com\/wp-content\/uploads\/aromat-kokosowy.webp","contentUrl":"https:\/\/naturalpoland.com\/wp-content\/uploads\/aromat-kokosowy.webp","width":596,"height":596,"caption":"\uc561\uc0c1 \ubc0f \ubd84\ub9d0 \ucf54\ucf54\ub11b \ud5a5"},{"@type":"BreadcrumbList","@id":"https:\/\/naturalpoland.com\/ko\/je-pum\/sig-pum-won-ryo\/hyang-ryo\/gyeon-gwa-ryu-hyang\/%ec%bd%94%ec%bd%94%eb%84%9b-%ed%96%a5\/#breadcrumb","itemListElement":[{"@type":"ListItem","position":1,"name":"\ud648","item":"https:\/\/naturalpoland.com\/ko\/"},{"@type":"ListItem","position":2,"name":"\uc81c\ud488","item":"https:\/\/naturalpoland.com\/ko\/%ec%a0%9c%ed%92%88\/"},{"@type":"ListItem","position":3,"name":"\ucf54\ucf54\ub11b \ud5a5"}]},{"@type":"WebSite","@id":"https:\/\/naturalpoland.com\/ko\/#website","url":"https:\/\/naturalpoland.com\/ko\/","name":"NATURAL POLAND - Hurtowy Dystrybutor Surowc\u00f3w","description":"Surowce dla przemys\u0142u spo\u017cywczego, kosmetycznego i farmaceutycznego","publisher":{"@id":"https:\/\/naturalpoland.com\/ko\/#organization"},"potentialAction":[{"@type":"SearchAction","target":{"@type":"EntryPoint","urlTemplate":"https:\/\/naturalpoland.com\/ko\/?s={search_term_string}"},"query-input":{"@type":"PropertyValueSpecification","valueRequired":true,"valueName":"search_term_string"}}],"inLanguage":"ko-KR"},{"@type":"Organization","@id":"https:\/\/naturalpoland.com\/ko\/#organization","name":"Natural Poland","url":"https:\/\/naturalpoland.com\/ko\/","logo":{"@type":"ImageObject","inLanguage":"ko-KR","@id":"https:\/\/naturalpoland.com\/ko\/#\/schema\/logo\/image\/","url":"https:\/\/naturalpoland.com\/wp-content\/uploads\/2021\/05\/natural-poland-icon.png","contentUrl":"https:\/\/naturalpoland.com\/wp-content\/uploads\/2021\/05\/natural-poland-icon.png","width":512,"height":512,"caption":"Natural Poland"},"image":{"@id":"https:\/\/naturalpoland.com\/ko\/#\/schema\/logo\/image\/"},"sameAs":["https:\/\/www.facebook.com\/naturalpoland.b2b","https:\/\/pl.linkedin.com\/company\/natural-poland","https:\/\/www.youtube.com\/channel\/UCgeGGkvOMahZo-xu_MSEWxg"]}]}},"_links":{"self":[{"href":"https:\/\/naturalpoland.com\/ko\/wp-json\/wp\/v2\/product\/46156","targetHints":{"allow":["GET"]}}],"collection":[{"href":"https:\/\/naturalpoland.com\/ko\/wp-json\/wp\/v2\/product"}],"about":[{"href":"https:\/\/naturalpoland.com\/ko\/wp-json\/wp\/v2\/types\/product"}],"wp:featuredmedia":[{"embeddable":true,"href":"https:\/\/naturalpoland.com\/ko\/wp-json\/wp\/v2\/media\/46157"}],"wp:attachment":[{"href":"https:\/\/naturalpoland.com\/ko\/wp-json\/wp\/v2\/media?parent=46156"}],"wp:term":[{"taxonomy":"product_brand","embeddable":true,"href":"https:\/\/naturalpoland.com\/ko\/wp-json\/wp\/v2\/product_brand?post=46156"},{"taxonomy":"product_cat","embeddable":true,"href":"https:\/\/naturalpoland.com\/ko\/wp-json\/wp\/v2\/product_cat?post=46156"},{"taxonomy":"product_tag","embeddable":true,"href":"https:\/\/naturalpoland.com\/ko\/wp-json\/wp\/v2\/product_tag?post=46156"}],"curies":[{"name":"wp","href":"https:\/\/api.w.org\/{rel}","templated":true}]}}