{"id":46158,"date":"2024-12-13T13:54:46","date_gmt":"2024-12-13T12:54:46","guid":{"rendered":"https:\/\/naturalpoland.com\/produkty\/uncategorized\/%ec%8b%a4%eb%a1%a0-%ec%8b%9c%eb%82%98%eb%aa%ac-%ec%b6%94%ec%b6%9c%eb%ac%bc\/"},"modified":"2026-02-25T17:09:44","modified_gmt":"2026-02-25T16:09:44","slug":"%ec%8b%a4%eb%a1%a0-%ec%8b%9c%eb%82%98%eb%aa%ac-%ec%b6%94%ec%b6%9c%eb%ac%bc","status":"publish","type":"product","link":"https:\/\/naturalpoland.com\/ko\/je-pum\/sig-mul-chu-chul-mul\/%ec%8b%a4%eb%a1%a0-%ec%8b%9c%eb%82%98%eb%aa%ac-%ec%b6%94%ec%b6%9c%eb%ac%bc\/","title":{"rendered":"\uc2e4\ub860 \uc2dc\ub098\ubaac \ucd94\ucd9c\ubb3c"},"content":{"rendered":"<h3 data-pm-slice=\"1 3 []\">\uc2e4\ub860 \uc2dc\ub098\ubaac \ucd94\ucd9c\ubb3c\uc758 \uac74\uac15\uc0c1\uc758 \uc774\uc810<\/h3>\n<p>\uc2e4\ub860 \uc2dc\ub098\ubaac \ucd94\ucd9c\ubb3c\uc740 <strong>\uc18c\ud654\uae30 \uacc4\ud1b5<\/strong>\uc5d0 \uae0d\uc815\uc801\uc778 \uc601\ud5a5\uc744 \ubbf8\uce58\ub294 \uac83\uc73c\ub85c \uc54c\ub824\uc838 \uc788\uc2b5\ub2c8\ub2e4. \uc18c\ud654 \ubd88\ub7c9 \uc99d\uc0c1 \uc644\ud654\uc5d0 \ub3c4\uc6c0\uc744 \uc8fc\uba70, \uac74\uac15\ud55c \uc7a5 \uc5f0\ub3d9 \uc6b4\ub3d9\uc744 \uc9c0\uc6d0\ud558\uace0 \ud33d\ub9cc\uac10\uc744 \ubc29\uc9c0\ud569\ub2c8\ub2e4. <\/p>\n<p>\ucd94\ucd9c\ubb3c\uc5d0 \ud568\uc720\ub41c \ud3f4\ub9ac\ud398\ub180\uacfc \ud50c\ub77c\ubcf4\ub178\uc774\ub4dc\ub294 <strong>\ud65c\uc131 \uc0b0\uc18c\ub97c \ud6a8\uacfc\uc801\uc73c\ub85c \uc911\ud654<\/strong>\ud558\uc5ec \uc0b0\ud654 \uc2a4\ud2b8\ub808\uc2a4\ub85c\ubd80\ud130 \uc138\ud3ec\ub97c \ubcf4\ud638\ud558\uace0 \uccb4\ub0b4 \uc5fc\uc99d\uc744 \uc904\uc774\ub294 \ub370 \ub3c4\uc6c0\uc744 \uc90d\ub2c8\ub2e4.<\/p>\n<p>\uc5f0\uad6c\uc5d0 \ub530\ub974\uba74 \uc2dc\ub098\ubaac\uc740 \uc778\uc290\ub9b0 \ubbfc\uac10\ub3c4\ub97c \uac1c\uc120\ud558\uc5ec <strong>\uc815\uc0c1\uc801\uc778 \ud608\ub2f9 \uc218\uce58 \uc720\uc9c0<\/strong>\uc5d0 \ub3c4\uc6c0\uc744 \uc904 \uc218 \uc788\uc2b5\ub2c8\ub2e4. \ucd94\ucd9c\ubb3c\uc744 \uafb8\uc900\ud788 \uc12d\ucde8\ud558\uba74 LDL \ucf5c\ub808\uc2a4\ud14c\ub864\uacfc \uc911\uc131\uc9c0\ubc29 \uc218\uce58\ub97c \ub0ae\ucd94\uace0 \uc2ec\ud608\uad00 \uae30\ub2a5 \uac1c\uc120\uc5d0 \uae30\uc5ec\ud560 \uc218 \uc788\uc2b5\ub2c8\ub2e4. <\/p>\n<p>\uc2dc\ub098\ubaac\uc740 \uce78\ub514\ub2e4\uade0\uacfc \uac19\uc740 \ubc15\ud14c\ub9ac\uc544 \ubc0f \uacf0\ud321\uc774\ub97c \uc81c\uac70\ud558\ub294 \ucc9c\uc5f0 \ud56d\uade0\uc81c\uc785\ub2c8\ub2e4.<\/p>\n<h3>\uc801\uc6a9<\/h3>\n<ul data-spread=\"false\">\n<li>\ub300\uc0ac \uac74\uac15, \uc18c\ud654 \ubc0f \ud608\ub2f9 \uc870\uc808\uc744 \ub3d5\ub294 <strong>\uac74\uac15 \ubcf4\uc870 \uc2dd\ud488<\/strong>.<\/li>\n<li>\ud56d\uc5fc \ubc0f \ud56d\uc0b0\ud654 \ud2b9\uc131\uc744 \uc9c0\ub2cc <strong>\ud654\uc7a5\ud488<\/strong>.<\/li>\n<li>\ucc28, \uae30\ub2a5\uc131 \uc74c\ub8cc \ubc0f \uae30\ud0c0 \uc2dd\ud488\uc5d0 \ucca8\uac00\uc81c\ub85c \uc0ac\uc6a9\ub429\ub2c8\ub2e4.<\/li>\n<\/ul>\n","protected":false},"excerpt":{"rendered":"<p data-pm-slice=\"1 1 []\"><strong>\uc2e4\ub860 \uc2dc\ub098\ubaac \uaecd\uc9c8 \ucd94\ucd9c\ubb3c<\/strong>\uc740 \uacc4\ud53c\ub098\ubb34(Cinnamomum Zeylanicum) \uaecd\uc9c8\ub85c \uc0dd\uc0b0\ub429\ub2c8\ub2e4.<\/p>\n","protected":false},"featured_media":46159,"template":"","meta":[],"product_brand":[],"product_cat":[8134],"product_tag":[],"class_list":{"0":"post-46158","1":"product","2":"type-product","3":"status-publish","4":"has-post-thumbnail","6":"product_cat-sig-mul-chu-chul-mul","7":"pa_czesc-rosliny-9842","9":"first","10":"instock","11":"shipping-taxable","12":"product-type-simple"},"yoast_head":"<!-- This site is optimized with the Yoast SEO plugin v27.3 - https:\/\/yoast.com\/product\/yoast-seo-wordpress\/ -->\n<title>\uc2e4\ub860 \uc2dc\ub098\ubaac \ucd94\ucd9c\ubb3c - \ub3c4\ub9e4 \uc720\ud1b5\uc5c5\uccb4<\/title>\n<meta name=\"description\" content=\"\uc2e4\ub860 \uc2dc\ub098\ubaac \uaecd\uc9c8 \ucd94\ucd9c\ubb3c\uc740 \uc8fc\ub85c \uc81c\uc57d, \ud654\uc7a5\ud488 \ubc0f \uc2dd\ud488 \uc0b0\uc5c5\uc5d0\uc11c \uc0ac\uc6a9\ub418\ub294 \uc2dd\ubb3c\uc131 \uc6d0\ub8cc\uc785\ub2c8\ub2e4.\" \/>\n<meta name=\"robots\" content=\"index, follow, max-snippet:-1, max-image-preview:large, max-video-preview:-1\" \/>\n<link rel=\"canonical\" href=\"https:\/\/naturalpoland.com\/ko\/je-pum\/sig-mul-chu-chul-mul\/%ec%8b%a4%eb%a1%a0-%ec%8b%9c%eb%82%98%eb%aa%ac-%ec%b6%94%ec%b6%9c%eb%ac%bc\/\" \/>\n<meta property=\"og:locale\" content=\"ko_KR\" \/>\n<meta property=\"og:type\" content=\"article\" \/>\n<meta property=\"og:title\" content=\"\uc2e4\ub860 \uc2dc\ub098\ubaac \ucd94\ucd9c\ubb3c - \ub3c4\ub9e4 \uc720\ud1b5\uc5c5\uccb4\" \/>\n<meta property=\"og:description\" content=\"\uc2e4\ub860 \uc2dc\ub098\ubaac \uaecd\uc9c8 \ucd94\ucd9c\ubb3c\uc740 \uc8fc\ub85c \uc81c\uc57d, \ud654\uc7a5\ud488 \ubc0f \uc2dd\ud488 \uc0b0\uc5c5\uc5d0\uc11c \uc0ac\uc6a9\ub418\ub294 \uc2dd\ubb3c\uc131 \uc6d0\ub8cc\uc785\ub2c8\ub2e4.\" \/>\n<meta property=\"og:url\" content=\"https:\/\/naturalpoland.com\/ko\/je-pum\/sig-mul-chu-chul-mul\/%ec%8b%a4%eb%a1%a0-%ec%8b%9c%eb%82%98%eb%aa%ac-%ec%b6%94%ec%b6%9c%eb%ac%bc\/\" \/>\n<meta property=\"og:site_name\" content=\"NATURAL POLAND - Hurtowy Dystrybutor Surowc\u00f3w\" \/>\n<meta property=\"article:publisher\" content=\"https:\/\/www.facebook.com\/naturalpoland.b2b\" \/>\n<meta property=\"article:modified_time\" content=\"2026-02-25T16:09:44+00:00\" \/>\n<meta property=\"og:image\" content=\"https:\/\/naturalpoland.com\/wp-content\/uploads\/ekstrakt-z-cynamonu-cejlonskiego.webp\" \/>\n\t<meta property=\"og:image:width\" content=\"619\" \/>\n\t<meta property=\"og:image:height\" content=\"619\" \/>\n\t<meta property=\"og:image:type\" content=\"image\/webp\" \/>\n<script type=\"application\/ld+json\" class=\"yoast-schema-graph\">{\"@context\":\"https:\\\/\\\/schema.org\",\"@graph\":[{\"@type\":\"WebPage\",\"@id\":\"https:\\\/\\\/naturalpoland.com\\\/ko\\\/je-pum\\\/sig-mul-chu-chul-mul\\\/%ec%8b%a4%eb%a1%a0-%ec%8b%9c%eb%82%98%eb%aa%ac-%ec%b6%94%ec%b6%9c%eb%ac%bc\\\/\",\"url\":\"https:\\\/\\\/naturalpoland.com\\\/ko\\\/je-pum\\\/sig-mul-chu-chul-mul\\\/%ec%8b%a4%eb%a1%a0-%ec%8b%9c%eb%82%98%eb%aa%ac-%ec%b6%94%ec%b6%9c%eb%ac%bc\\\/\",\"name\":\"\uc2e4\ub860 \uc2dc\ub098\ubaac \ucd94\ucd9c\ubb3c - \ub3c4\ub9e4 \uc720\ud1b5\uc5c5\uccb4\",\"isPartOf\":{\"@id\":\"https:\\\/\\\/naturalpoland.com\\\/ko\\\/#website\"},\"primaryImageOfPage\":{\"@id\":\"https:\\\/\\\/naturalpoland.com\\\/ko\\\/je-pum\\\/sig-mul-chu-chul-mul\\\/%ec%8b%a4%eb%a1%a0-%ec%8b%9c%eb%82%98%eb%aa%ac-%ec%b6%94%ec%b6%9c%eb%ac%bc\\\/#primaryimage\"},\"image\":{\"@id\":\"https:\\\/\\\/naturalpoland.com\\\/ko\\\/je-pum\\\/sig-mul-chu-chul-mul\\\/%ec%8b%a4%eb%a1%a0-%ec%8b%9c%eb%82%98%eb%aa%ac-%ec%b6%94%ec%b6%9c%eb%ac%bc\\\/#primaryimage\"},\"thumbnailUrl\":\"https:\\\/\\\/naturalpoland.com\\\/wp-content\\\/uploads\\\/ekstrakt-z-cynamonu-cejlonskiego.webp\",\"datePublished\":\"2024-12-13T12:54:46+00:00\",\"dateModified\":\"2026-02-25T16:09:44+00:00\",\"description\":\"\uc2e4\ub860 \uc2dc\ub098\ubaac \uaecd\uc9c8 \ucd94\ucd9c\ubb3c\uc740 \uc8fc\ub85c \uc81c\uc57d, \ud654\uc7a5\ud488 \ubc0f \uc2dd\ud488 \uc0b0\uc5c5\uc5d0\uc11c \uc0ac\uc6a9\ub418\ub294 \uc2dd\ubb3c\uc131 \uc6d0\ub8cc\uc785\ub2c8\ub2e4.\",\"breadcrumb\":{\"@id\":\"https:\\\/\\\/naturalpoland.com\\\/ko\\\/je-pum\\\/sig-mul-chu-chul-mul\\\/%ec%8b%a4%eb%a1%a0-%ec%8b%9c%eb%82%98%eb%aa%ac-%ec%b6%94%ec%b6%9c%eb%ac%bc\\\/#breadcrumb\"},\"inLanguage\":\"ko-KR\",\"potentialAction\":[{\"@type\":\"ReadAction\",\"target\":[\"https:\\\/\\\/naturalpoland.com\\\/ko\\\/je-pum\\\/sig-mul-chu-chul-mul\\\/%ec%8b%a4%eb%a1%a0-%ec%8b%9c%eb%82%98%eb%aa%ac-%ec%b6%94%ec%b6%9c%eb%ac%bc\\\/\"]}]},{\"@type\":\"ImageObject\",\"inLanguage\":\"ko-KR\",\"@id\":\"https:\\\/\\\/naturalpoland.com\\\/ko\\\/je-pum\\\/sig-mul-chu-chul-mul\\\/%ec%8b%a4%eb%a1%a0-%ec%8b%9c%eb%82%98%eb%aa%ac-%ec%b6%94%ec%b6%9c%eb%ac%bc\\\/#primaryimage\",\"url\":\"https:\\\/\\\/naturalpoland.com\\\/wp-content\\\/uploads\\\/ekstrakt-z-cynamonu-cejlonskiego.webp\",\"contentUrl\":\"https:\\\/\\\/naturalpoland.com\\\/wp-content\\\/uploads\\\/ekstrakt-z-cynamonu-cejlonskiego.webp\",\"width\":619,\"height\":619,\"caption\":\"\uc2e4\ub860 \uc2dc\ub098\ubaac \ucd94\ucd9c\ubb3c\"},{\"@type\":\"BreadcrumbList\",\"@id\":\"https:\\\/\\\/naturalpoland.com\\\/ko\\\/je-pum\\\/sig-mul-chu-chul-mul\\\/%ec%8b%a4%eb%a1%a0-%ec%8b%9c%eb%82%98%eb%aa%ac-%ec%b6%94%ec%b6%9c%eb%ac%bc\\\/#breadcrumb\",\"itemListElement\":[{\"@type\":\"ListItem\",\"position\":1,\"name\":\"\ud648\",\"item\":\"https:\\\/\\\/naturalpoland.com\\\/ko\\\/\"},{\"@type\":\"ListItem\",\"position\":2,\"name\":\"\uc81c\ud488\",\"item\":\"https:\\\/\\\/naturalpoland.com\\\/ko\\\/%ec%a0%9c%ed%92%88\\\/\"},{\"@type\":\"ListItem\",\"position\":3,\"name\":\"\uc2e4\ub860 \uc2dc\ub098\ubaac \ucd94\ucd9c\ubb3c\"}]},{\"@type\":\"WebSite\",\"@id\":\"https:\\\/\\\/naturalpoland.com\\\/ko\\\/#website\",\"url\":\"https:\\\/\\\/naturalpoland.com\\\/ko\\\/\",\"name\":\"NATURAL POLAND - Hurtowy Dystrybutor Surowc\u00f3w\",\"description\":\"Surowce dla przemys\u0142u spo\u017cywczego, kosmetycznego i farmaceutycznego\",\"publisher\":{\"@id\":\"https:\\\/\\\/naturalpoland.com\\\/ko\\\/#organization\"},\"potentialAction\":[{\"@type\":\"SearchAction\",\"target\":{\"@type\":\"EntryPoint\",\"urlTemplate\":\"https:\\\/\\\/naturalpoland.com\\\/ko\\\/?s={search_term_string}\"},\"query-input\":{\"@type\":\"PropertyValueSpecification\",\"valueRequired\":true,\"valueName\":\"search_term_string\"}}],\"inLanguage\":\"ko-KR\"},{\"@type\":\"Organization\",\"@id\":\"https:\\\/\\\/naturalpoland.com\\\/ko\\\/#organization\",\"name\":\"Natural Poland\",\"url\":\"https:\\\/\\\/naturalpoland.com\\\/ko\\\/\",\"logo\":{\"@type\":\"ImageObject\",\"inLanguage\":\"ko-KR\",\"@id\":\"https:\\\/\\\/naturalpoland.com\\\/ko\\\/#\\\/schema\\\/logo\\\/image\\\/\",\"url\":\"https:\\\/\\\/naturalpoland.com\\\/wp-content\\\/uploads\\\/2021\\\/05\\\/natural-poland-icon.png\",\"contentUrl\":\"https:\\\/\\\/naturalpoland.com\\\/wp-content\\\/uploads\\\/2021\\\/05\\\/natural-poland-icon.png\",\"width\":512,\"height\":512,\"caption\":\"Natural Poland\"},\"image\":{\"@id\":\"https:\\\/\\\/naturalpoland.com\\\/ko\\\/#\\\/schema\\\/logo\\\/image\\\/\"},\"sameAs\":[\"https:\\\/\\\/www.facebook.com\\\/naturalpoland.b2b\",\"https:\\\/\\\/pl.linkedin.com\\\/company\\\/natural-poland\",\"https:\\\/\\\/www.youtube.com\\\/channel\\\/UCgeGGkvOMahZo-xu_MSEWxg\"]}]}<\/script>\n<!-- \/ Yoast SEO plugin. -->","yoast_head_json":{"title":"\uc2e4\ub860 \uc2dc\ub098\ubaac \ucd94\ucd9c\ubb3c - \ub3c4\ub9e4 \uc720\ud1b5\uc5c5\uccb4","description":"\uc2e4\ub860 \uc2dc\ub098\ubaac \uaecd\uc9c8 \ucd94\ucd9c\ubb3c\uc740 \uc8fc\ub85c \uc81c\uc57d, \ud654\uc7a5\ud488 \ubc0f \uc2dd\ud488 \uc0b0\uc5c5\uc5d0\uc11c \uc0ac\uc6a9\ub418\ub294 \uc2dd\ubb3c\uc131 \uc6d0\ub8cc\uc785\ub2c8\ub2e4.","robots":{"index":"index","follow":"follow","max-snippet":"max-snippet:-1","max-image-preview":"max-image-preview:large","max-video-preview":"max-video-preview:-1"},"canonical":"https:\/\/naturalpoland.com\/ko\/je-pum\/sig-mul-chu-chul-mul\/%ec%8b%a4%eb%a1%a0-%ec%8b%9c%eb%82%98%eb%aa%ac-%ec%b6%94%ec%b6%9c%eb%ac%bc\/","og_locale":"ko_KR","og_type":"article","og_title":"\uc2e4\ub860 \uc2dc\ub098\ubaac \ucd94\ucd9c\ubb3c - \ub3c4\ub9e4 \uc720\ud1b5\uc5c5\uccb4","og_description":"\uc2e4\ub860 \uc2dc\ub098\ubaac \uaecd\uc9c8 \ucd94\ucd9c\ubb3c\uc740 \uc8fc\ub85c \uc81c\uc57d, \ud654\uc7a5\ud488 \ubc0f \uc2dd\ud488 \uc0b0\uc5c5\uc5d0\uc11c \uc0ac\uc6a9\ub418\ub294 \uc2dd\ubb3c\uc131 \uc6d0\ub8cc\uc785\ub2c8\ub2e4.","og_url":"https:\/\/naturalpoland.com\/ko\/je-pum\/sig-mul-chu-chul-mul\/%ec%8b%a4%eb%a1%a0-%ec%8b%9c%eb%82%98%eb%aa%ac-%ec%b6%94%ec%b6%9c%eb%ac%bc\/","og_site_name":"NATURAL POLAND - Hurtowy Dystrybutor Surowc\u00f3w","article_publisher":"https:\/\/www.facebook.com\/naturalpoland.b2b","article_modified_time":"2026-02-25T16:09:44+00:00","og_image":[{"width":619,"height":619,"url":"https:\/\/naturalpoland.com\/wp-content\/uploads\/ekstrakt-z-cynamonu-cejlonskiego.webp","type":"image\/webp"}],"schema":{"@context":"https:\/\/schema.org","@graph":[{"@type":"WebPage","@id":"https:\/\/naturalpoland.com\/ko\/je-pum\/sig-mul-chu-chul-mul\/%ec%8b%a4%eb%a1%a0-%ec%8b%9c%eb%82%98%eb%aa%ac-%ec%b6%94%ec%b6%9c%eb%ac%bc\/","url":"https:\/\/naturalpoland.com\/ko\/je-pum\/sig-mul-chu-chul-mul\/%ec%8b%a4%eb%a1%a0-%ec%8b%9c%eb%82%98%eb%aa%ac-%ec%b6%94%ec%b6%9c%eb%ac%bc\/","name":"\uc2e4\ub860 \uc2dc\ub098\ubaac \ucd94\ucd9c\ubb3c - \ub3c4\ub9e4 \uc720\ud1b5\uc5c5\uccb4","isPartOf":{"@id":"https:\/\/naturalpoland.com\/ko\/#website"},"primaryImageOfPage":{"@id":"https:\/\/naturalpoland.com\/ko\/je-pum\/sig-mul-chu-chul-mul\/%ec%8b%a4%eb%a1%a0-%ec%8b%9c%eb%82%98%eb%aa%ac-%ec%b6%94%ec%b6%9c%eb%ac%bc\/#primaryimage"},"image":{"@id":"https:\/\/naturalpoland.com\/ko\/je-pum\/sig-mul-chu-chul-mul\/%ec%8b%a4%eb%a1%a0-%ec%8b%9c%eb%82%98%eb%aa%ac-%ec%b6%94%ec%b6%9c%eb%ac%bc\/#primaryimage"},"thumbnailUrl":"https:\/\/naturalpoland.com\/wp-content\/uploads\/ekstrakt-z-cynamonu-cejlonskiego.webp","datePublished":"2024-12-13T12:54:46+00:00","dateModified":"2026-02-25T16:09:44+00:00","description":"\uc2e4\ub860 \uc2dc\ub098\ubaac \uaecd\uc9c8 \ucd94\ucd9c\ubb3c\uc740 \uc8fc\ub85c \uc81c\uc57d, \ud654\uc7a5\ud488 \ubc0f \uc2dd\ud488 \uc0b0\uc5c5\uc5d0\uc11c \uc0ac\uc6a9\ub418\ub294 \uc2dd\ubb3c\uc131 \uc6d0\ub8cc\uc785\ub2c8\ub2e4.","breadcrumb":{"@id":"https:\/\/naturalpoland.com\/ko\/je-pum\/sig-mul-chu-chul-mul\/%ec%8b%a4%eb%a1%a0-%ec%8b%9c%eb%82%98%eb%aa%ac-%ec%b6%94%ec%b6%9c%eb%ac%bc\/#breadcrumb"},"inLanguage":"ko-KR","potentialAction":[{"@type":"ReadAction","target":["https:\/\/naturalpoland.com\/ko\/je-pum\/sig-mul-chu-chul-mul\/%ec%8b%a4%eb%a1%a0-%ec%8b%9c%eb%82%98%eb%aa%ac-%ec%b6%94%ec%b6%9c%eb%ac%bc\/"]}]},{"@type":"ImageObject","inLanguage":"ko-KR","@id":"https:\/\/naturalpoland.com\/ko\/je-pum\/sig-mul-chu-chul-mul\/%ec%8b%a4%eb%a1%a0-%ec%8b%9c%eb%82%98%eb%aa%ac-%ec%b6%94%ec%b6%9c%eb%ac%bc\/#primaryimage","url":"https:\/\/naturalpoland.com\/wp-content\/uploads\/ekstrakt-z-cynamonu-cejlonskiego.webp","contentUrl":"https:\/\/naturalpoland.com\/wp-content\/uploads\/ekstrakt-z-cynamonu-cejlonskiego.webp","width":619,"height":619,"caption":"\uc2e4\ub860 \uc2dc\ub098\ubaac \ucd94\ucd9c\ubb3c"},{"@type":"BreadcrumbList","@id":"https:\/\/naturalpoland.com\/ko\/je-pum\/sig-mul-chu-chul-mul\/%ec%8b%a4%eb%a1%a0-%ec%8b%9c%eb%82%98%eb%aa%ac-%ec%b6%94%ec%b6%9c%eb%ac%bc\/#breadcrumb","itemListElement":[{"@type":"ListItem","position":1,"name":"\ud648","item":"https:\/\/naturalpoland.com\/ko\/"},{"@type":"ListItem","position":2,"name":"\uc81c\ud488","item":"https:\/\/naturalpoland.com\/ko\/%ec%a0%9c%ed%92%88\/"},{"@type":"ListItem","position":3,"name":"\uc2e4\ub860 \uc2dc\ub098\ubaac \ucd94\ucd9c\ubb3c"}]},{"@type":"WebSite","@id":"https:\/\/naturalpoland.com\/ko\/#website","url":"https:\/\/naturalpoland.com\/ko\/","name":"NATURAL POLAND - Hurtowy Dystrybutor Surowc\u00f3w","description":"Surowce dla przemys\u0142u spo\u017cywczego, kosmetycznego i farmaceutycznego","publisher":{"@id":"https:\/\/naturalpoland.com\/ko\/#organization"},"potentialAction":[{"@type":"SearchAction","target":{"@type":"EntryPoint","urlTemplate":"https:\/\/naturalpoland.com\/ko\/?s={search_term_string}"},"query-input":{"@type":"PropertyValueSpecification","valueRequired":true,"valueName":"search_term_string"}}],"inLanguage":"ko-KR"},{"@type":"Organization","@id":"https:\/\/naturalpoland.com\/ko\/#organization","name":"Natural Poland","url":"https:\/\/naturalpoland.com\/ko\/","logo":{"@type":"ImageObject","inLanguage":"ko-KR","@id":"https:\/\/naturalpoland.com\/ko\/#\/schema\/logo\/image\/","url":"https:\/\/naturalpoland.com\/wp-content\/uploads\/2021\/05\/natural-poland-icon.png","contentUrl":"https:\/\/naturalpoland.com\/wp-content\/uploads\/2021\/05\/natural-poland-icon.png","width":512,"height":512,"caption":"Natural Poland"},"image":{"@id":"https:\/\/naturalpoland.com\/ko\/#\/schema\/logo\/image\/"},"sameAs":["https:\/\/www.facebook.com\/naturalpoland.b2b","https:\/\/pl.linkedin.com\/company\/natural-poland","https:\/\/www.youtube.com\/channel\/UCgeGGkvOMahZo-xu_MSEWxg"]}]}},"_links":{"self":[{"href":"https:\/\/naturalpoland.com\/ko\/wp-json\/wp\/v2\/product\/46158","targetHints":{"allow":["GET"]}}],"collection":[{"href":"https:\/\/naturalpoland.com\/ko\/wp-json\/wp\/v2\/product"}],"about":[{"href":"https:\/\/naturalpoland.com\/ko\/wp-json\/wp\/v2\/types\/product"}],"wp:featuredmedia":[{"embeddable":true,"href":"https:\/\/naturalpoland.com\/ko\/wp-json\/wp\/v2\/media\/46159"}],"wp:attachment":[{"href":"https:\/\/naturalpoland.com\/ko\/wp-json\/wp\/v2\/media?parent=46158"}],"wp:term":[{"taxonomy":"product_brand","embeddable":true,"href":"https:\/\/naturalpoland.com\/ko\/wp-json\/wp\/v2\/product_brand?post=46158"},{"taxonomy":"product_cat","embeddable":true,"href":"https:\/\/naturalpoland.com\/ko\/wp-json\/wp\/v2\/product_cat?post=46158"},{"taxonomy":"product_tag","embeddable":true,"href":"https:\/\/naturalpoland.com\/ko\/wp-json\/wp\/v2\/product_tag?post=46158"}],"curies":[{"name":"wp","href":"https:\/\/api.w.org\/{rel}","templated":true}]}}