{"id":46160,"date":"2025-02-06T18:11:05","date_gmt":"2025-02-06T17:11:05","guid":{"rendered":"https:\/\/naturalpoland.com\/produkty\/uncategorized\/%ec%bd%9c%eb%9d%bc-%ed%96%a5\/"},"modified":"2026-02-25T17:10:01","modified_gmt":"2026-02-25T16:10:01","slug":"%ec%bd%9c%eb%9d%bc-%ed%96%a5","status":"publish","type":"product","link":"https:\/\/naturalpoland.com\/ko\/je-pum\/sig-pum-won-ryo\/hyang-ryo\/gi-ta-hyang-ryo\/%ec%bd%9c%eb%9d%bc-%ed%96%a5\/","title":{"rendered":"\ucf5c\ub77c \ud5a5"},"content":{"rendered":"<h2>\ucf5c\ub77c \ud5a5 \uc885\ub958:<\/h2>\n<ol>\n<li><strong>\ucc9c\uc5f0 \ucf5c\ub77c \ud5a5 (\ubd84\ub9d0)<\/strong>\uc740 <strong>\ubd84\ub9d0 \ud615\ud0dc\uc758 \ucc9c\uc5f0 \ud5a5\ub8cc<\/strong>\ub97c \ucc3e\ub294 \uc81c\uc870\uc5c5\uccb4\ub97c \uc704\ud55c \uc81c\ud488\uc785\ub2c8\ub2e4. <strong>\uc2e0\uc120\ud55c \ub77c\uc784 \ud5a5<\/strong>\uacfc <strong>\uc2a4\ud30c\uc774\uc2dc\ud55c \uc545\uc13c\ud2b8<\/strong>\uac00 \uc12c\uc138\ud558\uac8c \uc5b4\uc6b0\ub7ec\uc838 \uc788\uc2b5\ub2c8\ub2e4. \uc74c\ub8cc, \uac74\uac15 \ubcf4\uc870 \uc2dd\ud488, \ud5a5\ub8cc \uc124\ud0d5 \ubc0f \uc778\uc2a4\ud134\ud2b8 \uc81c\ud488\uc5d0 \uad8c\uc7a5\ub429\ub2c8\ub2e4.  <\/li>\n<li><strong>\ucf5c\ub77c \ud5a5 (\uce94\ub514\uc6a9, \uc561\uc0c1)<\/strong>\uc740 \uc2dc\ud2b8\ub7ec\uc2a4\uc640 \uc2dc\ub098\ubaac \ud5a5\uc758 \uade0\ud615 \uc7a1\ud78c \uc870\ud569\uc73c\ub85c, \uce94\ub514, \uaecc \ubc0f \uae30\ud0c0 \uacfc\uc790\ub958 \uc0dd\uc0b0\uc5d0 \uc801\ud569\ud569\ub2c8\ub2e4. <strong>\ud2b8\ub9ac\uc544\uc138\ud2f4 \uae30\ubc18 \uce90\ub9ac\uc5b4<\/strong>\ub97c \uc0ac\uc6a9\ud558\uc5ec \uc9c0\ubc29 \ubc0f \uc81c\uacfc \ubc18\uc8fd\uacfc \ub9e4\uc6b0 \uc798 \uc11e\uc785\ub2c8\ub2e4. <\/li>\n<li><strong>\ucf5c\ub77c \ud5a5 (\ubd84\ub9d0)<\/strong>\uc740 <strong>\uc2dc\ud2b8\ub7ec\uc2a4\uc640 \uc2a4\ud30c\uc774\uc2dc\ud55c \ud5a5\uc774 \uade0\ud615 \uc788\uac8c \uc870\ud569\ub41c<\/strong> \ubd84\ub9d0 \ud615\ud0dc\uc758 \ud5a5\ub8cc\ub85c, \uc548\uc815\uc131\uacfc \uc0ac\uc6a9 \ud3b8\uc758\uc131\uc774 \uc911\uc694\ud55c \uc778\uc2a4\ud134\ud2b8 \uc74c\ub8cc, \ucc28, \uc824\ub9ac \ub610\ub294 \uc758\uc57d\ud488 \uc81c\uc81c\uc5d0 \uc0ac\uc6a9\ub429\ub2c8\ub2e4.<\/li>\n<\/ol>\n","protected":false},"excerpt":{"rendered":"<p><strong>\ucf5c\ub77c \ud5a5<\/strong>\uc740 \uc0c1\uc9d5\uc801\uc778 \ud0c4\uc0b0\uc74c\ub8cc\uc5d0\uc11c \uc601\uac10\uc744 \ubc1b\uc740 \ud5a5\uae30 \uc870\ud569\uc785\ub2c8\ub2e4. <strong>\uc2dc\ud2b8\ub7ec\uc2a4\uc758 \uc2e0\uc120\ud568\uacfc \uae4a\uace0 \uc2a4\ud30c\uc774\uc2dc\ud55c \ud5a5<\/strong>\uc774 \uc5b4\uc6b0\ub7ec\uc838 \uc788\uc2b5\ub2c8\ub2e4. \uc774 \uc6d0\ub8cc\ub294 \ubcc0\ud615\uc5d0 \ub530\ub77c \uace0\uc628 \uc800\ud56d\uc131\uc774 \uc694\uad6c\ub418\ub294 \uc81c\ud488\uc774\ub098 \uc12c\uc138\ud55c \uc81c\ud615\uc5d0 \uc0ac\uc6a9\ub420 \uc218 \uc788\uc2b5\ub2c8\ub2e4.  <\/p>\n","protected":false},"featured_media":46161,"template":"","meta":[],"product_brand":[],"product_cat":[8169],"product_tag":[],"class_list":{"0":"post-46160","1":"product","2":"type-product","3":"status-publish","4":"has-post-thumbnail","6":"product_cat-gi-ta-hyang-ryo","8":"first","9":"instock","10":"shipping-taxable","11":"product-type-simple"},"yoast_head":"<!-- This site is optimized with the Yoast SEO plugin v27.3 - https:\/\/yoast.com\/product\/yoast-seo-wordpress\/ -->\n<title>\ucf5c\ub77c \ud5a5 - Hurtowy Dystrybutor<\/title>\n<meta name=\"description\" content=\"\ucf5c\ub77c \ud5a5\uc740 \uc0c1\uc9d5\uc801\uc778 \ud0c4\uc0b0\uc74c\ub8cc\uc5d0\uc11c \uc601\uac10\uc744 \ubc1b\uc740 \ub3c5\ud2b9\ud55c \ud5a5\uae30 \uc870\ud569\uc73c\ub85c, \uc2dc\ud2b8\ub7ec\uc2a4\uc758 \uc2e0\uc120\ud568\uacfc \uae4a\uace0 \uc2a4\ud30c\uc774\uc2dc\ud55c \ud5a5\uc744 \uc120\uc0ac\ud569\ub2c8\ub2e4.\" \/>\n<meta name=\"robots\" content=\"index, follow, max-snippet:-1, max-image-preview:large, max-video-preview:-1\" \/>\n<link rel=\"canonical\" href=\"https:\/\/naturalpoland.com\/ko\/je-pum\/sig-pum-won-ryo\/hyang-ryo\/gi-ta-hyang-ryo\/%ec%bd%9c%eb%9d%bc-%ed%96%a5\/\" \/>\n<meta property=\"og:locale\" content=\"ko_KR\" \/>\n<meta property=\"og:type\" content=\"article\" \/>\n<meta property=\"og:title\" content=\"\ucf5c\ub77c \ud5a5 - Hurtowy Dystrybutor\" \/>\n<meta property=\"og:description\" content=\"\ucf5c\ub77c \ud5a5\uc740 \uc0c1\uc9d5\uc801\uc778 \ud0c4\uc0b0\uc74c\ub8cc\uc5d0\uc11c \uc601\uac10\uc744 \ubc1b\uc740 \ub3c5\ud2b9\ud55c \ud5a5\uae30 \uc870\ud569\uc73c\ub85c, \uc2dc\ud2b8\ub7ec\uc2a4\uc758 \uc2e0\uc120\ud568\uacfc \uae4a\uace0 \uc2a4\ud30c\uc774\uc2dc\ud55c \ud5a5\uc744 \uc120\uc0ac\ud569\ub2c8\ub2e4.\" \/>\n<meta property=\"og:url\" content=\"https:\/\/naturalpoland.com\/ko\/je-pum\/sig-pum-won-ryo\/hyang-ryo\/gi-ta-hyang-ryo\/%ec%bd%9c%eb%9d%bc-%ed%96%a5\/\" \/>\n<meta property=\"og:site_name\" content=\"NATURAL POLAND - Hurtowy Dystrybutor Surowc\u00f3w\" \/>\n<meta property=\"article:publisher\" content=\"https:\/\/www.facebook.com\/naturalpoland.b2b\" \/>\n<meta property=\"article:modified_time\" content=\"2026-02-25T16:10:01+00:00\" \/>\n<meta property=\"og:image\" content=\"https:\/\/naturalpoland.com\/wp-content\/uploads\/aromat-coli.webp\" \/>\n\t<meta property=\"og:image:width\" content=\"595\" \/>\n\t<meta property=\"og:image:height\" content=\"595\" \/>\n\t<meta property=\"og:image:type\" content=\"image\/webp\" \/>\n<script type=\"application\/ld+json\" class=\"yoast-schema-graph\">{\"@context\":\"https:\\\/\\\/schema.org\",\"@graph\":[{\"@type\":\"WebPage\",\"@id\":\"https:\\\/\\\/naturalpoland.com\\\/ko\\\/je-pum\\\/sig-pum-won-ryo\\\/hyang-ryo\\\/gi-ta-hyang-ryo\\\/%ec%bd%9c%eb%9d%bc-%ed%96%a5\\\/\",\"url\":\"https:\\\/\\\/naturalpoland.com\\\/ko\\\/je-pum\\\/sig-pum-won-ryo\\\/hyang-ryo\\\/gi-ta-hyang-ryo\\\/%ec%bd%9c%eb%9d%bc-%ed%96%a5\\\/\",\"name\":\"\ucf5c\ub77c \ud5a5 - Hurtowy Dystrybutor\",\"isPartOf\":{\"@id\":\"https:\\\/\\\/naturalpoland.com\\\/ko\\\/#website\"},\"primaryImageOfPage\":{\"@id\":\"https:\\\/\\\/naturalpoland.com\\\/ko\\\/je-pum\\\/sig-pum-won-ryo\\\/hyang-ryo\\\/gi-ta-hyang-ryo\\\/%ec%bd%9c%eb%9d%bc-%ed%96%a5\\\/#primaryimage\"},\"image\":{\"@id\":\"https:\\\/\\\/naturalpoland.com\\\/ko\\\/je-pum\\\/sig-pum-won-ryo\\\/hyang-ryo\\\/gi-ta-hyang-ryo\\\/%ec%bd%9c%eb%9d%bc-%ed%96%a5\\\/#primaryimage\"},\"thumbnailUrl\":\"https:\\\/\\\/naturalpoland.com\\\/wp-content\\\/uploads\\\/aromat-coli.webp\",\"datePublished\":\"2025-02-06T17:11:05+00:00\",\"dateModified\":\"2026-02-25T16:10:01+00:00\",\"description\":\"\ucf5c\ub77c \ud5a5\uc740 \uc0c1\uc9d5\uc801\uc778 \ud0c4\uc0b0\uc74c\ub8cc\uc5d0\uc11c \uc601\uac10\uc744 \ubc1b\uc740 \ub3c5\ud2b9\ud55c \ud5a5\uae30 \uc870\ud569\uc73c\ub85c, \uc2dc\ud2b8\ub7ec\uc2a4\uc758 \uc2e0\uc120\ud568\uacfc \uae4a\uace0 \uc2a4\ud30c\uc774\uc2dc\ud55c \ud5a5\uc744 \uc120\uc0ac\ud569\ub2c8\ub2e4.\",\"breadcrumb\":{\"@id\":\"https:\\\/\\\/naturalpoland.com\\\/ko\\\/je-pum\\\/sig-pum-won-ryo\\\/hyang-ryo\\\/gi-ta-hyang-ryo\\\/%ec%bd%9c%eb%9d%bc-%ed%96%a5\\\/#breadcrumb\"},\"inLanguage\":\"ko-KR\",\"potentialAction\":[{\"@type\":\"ReadAction\",\"target\":[\"https:\\\/\\\/naturalpoland.com\\\/ko\\\/je-pum\\\/sig-pum-won-ryo\\\/hyang-ryo\\\/gi-ta-hyang-ryo\\\/%ec%bd%9c%eb%9d%bc-%ed%96%a5\\\/\"]}]},{\"@type\":\"ImageObject\",\"inLanguage\":\"ko-KR\",\"@id\":\"https:\\\/\\\/naturalpoland.com\\\/ko\\\/je-pum\\\/sig-pum-won-ryo\\\/hyang-ryo\\\/gi-ta-hyang-ryo\\\/%ec%bd%9c%eb%9d%bc-%ed%96%a5\\\/#primaryimage\",\"url\":\"https:\\\/\\\/naturalpoland.com\\\/wp-content\\\/uploads\\\/aromat-coli.webp\",\"contentUrl\":\"https:\\\/\\\/naturalpoland.com\\\/wp-content\\\/uploads\\\/aromat-coli.webp\",\"width\":595,\"height\":595,\"caption\":\"\ucf5c\ub77c \ud5a5\"},{\"@type\":\"BreadcrumbList\",\"@id\":\"https:\\\/\\\/naturalpoland.com\\\/ko\\\/je-pum\\\/sig-pum-won-ryo\\\/hyang-ryo\\\/gi-ta-hyang-ryo\\\/%ec%bd%9c%eb%9d%bc-%ed%96%a5\\\/#breadcrumb\",\"itemListElement\":[{\"@type\":\"ListItem\",\"position\":1,\"name\":\"\ud648\",\"item\":\"https:\\\/\\\/naturalpoland.com\\\/ko\\\/\"},{\"@type\":\"ListItem\",\"position\":2,\"name\":\"\uc81c\ud488\",\"item\":\"https:\\\/\\\/naturalpoland.com\\\/ko\\\/%ec%a0%9c%ed%92%88\\\/\"},{\"@type\":\"ListItem\",\"position\":3,\"name\":\"\ucf5c\ub77c \ud5a5\"}]},{\"@type\":\"WebSite\",\"@id\":\"https:\\\/\\\/naturalpoland.com\\\/ko\\\/#website\",\"url\":\"https:\\\/\\\/naturalpoland.com\\\/ko\\\/\",\"name\":\"NATURAL POLAND - Hurtowy Dystrybutor Surowc\u00f3w\",\"description\":\"Surowce dla przemys\u0142u spo\u017cywczego, kosmetycznego i farmaceutycznego\",\"publisher\":{\"@id\":\"https:\\\/\\\/naturalpoland.com\\\/ko\\\/#organization\"},\"potentialAction\":[{\"@type\":\"SearchAction\",\"target\":{\"@type\":\"EntryPoint\",\"urlTemplate\":\"https:\\\/\\\/naturalpoland.com\\\/ko\\\/?s={search_term_string}\"},\"query-input\":{\"@type\":\"PropertyValueSpecification\",\"valueRequired\":true,\"valueName\":\"search_term_string\"}}],\"inLanguage\":\"ko-KR\"},{\"@type\":\"Organization\",\"@id\":\"https:\\\/\\\/naturalpoland.com\\\/ko\\\/#organization\",\"name\":\"Natural Poland\",\"url\":\"https:\\\/\\\/naturalpoland.com\\\/ko\\\/\",\"logo\":{\"@type\":\"ImageObject\",\"inLanguage\":\"ko-KR\",\"@id\":\"https:\\\/\\\/naturalpoland.com\\\/ko\\\/#\\\/schema\\\/logo\\\/image\\\/\",\"url\":\"https:\\\/\\\/naturalpoland.com\\\/wp-content\\\/uploads\\\/2021\\\/05\\\/natural-poland-icon.png\",\"contentUrl\":\"https:\\\/\\\/naturalpoland.com\\\/wp-content\\\/uploads\\\/2021\\\/05\\\/natural-poland-icon.png\",\"width\":512,\"height\":512,\"caption\":\"Natural Poland\"},\"image\":{\"@id\":\"https:\\\/\\\/naturalpoland.com\\\/ko\\\/#\\\/schema\\\/logo\\\/image\\\/\"},\"sameAs\":[\"https:\\\/\\\/www.facebook.com\\\/naturalpoland.b2b\",\"https:\\\/\\\/pl.linkedin.com\\\/company\\\/natural-poland\",\"https:\\\/\\\/www.youtube.com\\\/channel\\\/UCgeGGkvOMahZo-xu_MSEWxg\"]}]}<\/script>\n<!-- \/ Yoast SEO plugin. -->","yoast_head_json":{"title":"\ucf5c\ub77c \ud5a5 - Hurtowy Dystrybutor","description":"\ucf5c\ub77c \ud5a5\uc740 \uc0c1\uc9d5\uc801\uc778 \ud0c4\uc0b0\uc74c\ub8cc\uc5d0\uc11c \uc601\uac10\uc744 \ubc1b\uc740 \ub3c5\ud2b9\ud55c \ud5a5\uae30 \uc870\ud569\uc73c\ub85c, \uc2dc\ud2b8\ub7ec\uc2a4\uc758 \uc2e0\uc120\ud568\uacfc \uae4a\uace0 \uc2a4\ud30c\uc774\uc2dc\ud55c \ud5a5\uc744 \uc120\uc0ac\ud569\ub2c8\ub2e4.","robots":{"index":"index","follow":"follow","max-snippet":"max-snippet:-1","max-image-preview":"max-image-preview:large","max-video-preview":"max-video-preview:-1"},"canonical":"https:\/\/naturalpoland.com\/ko\/je-pum\/sig-pum-won-ryo\/hyang-ryo\/gi-ta-hyang-ryo\/%ec%bd%9c%eb%9d%bc-%ed%96%a5\/","og_locale":"ko_KR","og_type":"article","og_title":"\ucf5c\ub77c \ud5a5 - Hurtowy Dystrybutor","og_description":"\ucf5c\ub77c \ud5a5\uc740 \uc0c1\uc9d5\uc801\uc778 \ud0c4\uc0b0\uc74c\ub8cc\uc5d0\uc11c \uc601\uac10\uc744 \ubc1b\uc740 \ub3c5\ud2b9\ud55c \ud5a5\uae30 \uc870\ud569\uc73c\ub85c, \uc2dc\ud2b8\ub7ec\uc2a4\uc758 \uc2e0\uc120\ud568\uacfc \uae4a\uace0 \uc2a4\ud30c\uc774\uc2dc\ud55c \ud5a5\uc744 \uc120\uc0ac\ud569\ub2c8\ub2e4.","og_url":"https:\/\/naturalpoland.com\/ko\/je-pum\/sig-pum-won-ryo\/hyang-ryo\/gi-ta-hyang-ryo\/%ec%bd%9c%eb%9d%bc-%ed%96%a5\/","og_site_name":"NATURAL POLAND - Hurtowy Dystrybutor Surowc\u00f3w","article_publisher":"https:\/\/www.facebook.com\/naturalpoland.b2b","article_modified_time":"2026-02-25T16:10:01+00:00","og_image":[{"width":595,"height":595,"url":"https:\/\/naturalpoland.com\/wp-content\/uploads\/aromat-coli.webp","type":"image\/webp"}],"schema":{"@context":"https:\/\/schema.org","@graph":[{"@type":"WebPage","@id":"https:\/\/naturalpoland.com\/ko\/je-pum\/sig-pum-won-ryo\/hyang-ryo\/gi-ta-hyang-ryo\/%ec%bd%9c%eb%9d%bc-%ed%96%a5\/","url":"https:\/\/naturalpoland.com\/ko\/je-pum\/sig-pum-won-ryo\/hyang-ryo\/gi-ta-hyang-ryo\/%ec%bd%9c%eb%9d%bc-%ed%96%a5\/","name":"\ucf5c\ub77c \ud5a5 - Hurtowy Dystrybutor","isPartOf":{"@id":"https:\/\/naturalpoland.com\/ko\/#website"},"primaryImageOfPage":{"@id":"https:\/\/naturalpoland.com\/ko\/je-pum\/sig-pum-won-ryo\/hyang-ryo\/gi-ta-hyang-ryo\/%ec%bd%9c%eb%9d%bc-%ed%96%a5\/#primaryimage"},"image":{"@id":"https:\/\/naturalpoland.com\/ko\/je-pum\/sig-pum-won-ryo\/hyang-ryo\/gi-ta-hyang-ryo\/%ec%bd%9c%eb%9d%bc-%ed%96%a5\/#primaryimage"},"thumbnailUrl":"https:\/\/naturalpoland.com\/wp-content\/uploads\/aromat-coli.webp","datePublished":"2025-02-06T17:11:05+00:00","dateModified":"2026-02-25T16:10:01+00:00","description":"\ucf5c\ub77c \ud5a5\uc740 \uc0c1\uc9d5\uc801\uc778 \ud0c4\uc0b0\uc74c\ub8cc\uc5d0\uc11c \uc601\uac10\uc744 \ubc1b\uc740 \ub3c5\ud2b9\ud55c \ud5a5\uae30 \uc870\ud569\uc73c\ub85c, \uc2dc\ud2b8\ub7ec\uc2a4\uc758 \uc2e0\uc120\ud568\uacfc \uae4a\uace0 \uc2a4\ud30c\uc774\uc2dc\ud55c \ud5a5\uc744 \uc120\uc0ac\ud569\ub2c8\ub2e4.","breadcrumb":{"@id":"https:\/\/naturalpoland.com\/ko\/je-pum\/sig-pum-won-ryo\/hyang-ryo\/gi-ta-hyang-ryo\/%ec%bd%9c%eb%9d%bc-%ed%96%a5\/#breadcrumb"},"inLanguage":"ko-KR","potentialAction":[{"@type":"ReadAction","target":["https:\/\/naturalpoland.com\/ko\/je-pum\/sig-pum-won-ryo\/hyang-ryo\/gi-ta-hyang-ryo\/%ec%bd%9c%eb%9d%bc-%ed%96%a5\/"]}]},{"@type":"ImageObject","inLanguage":"ko-KR","@id":"https:\/\/naturalpoland.com\/ko\/je-pum\/sig-pum-won-ryo\/hyang-ryo\/gi-ta-hyang-ryo\/%ec%bd%9c%eb%9d%bc-%ed%96%a5\/#primaryimage","url":"https:\/\/naturalpoland.com\/wp-content\/uploads\/aromat-coli.webp","contentUrl":"https:\/\/naturalpoland.com\/wp-content\/uploads\/aromat-coli.webp","width":595,"height":595,"caption":"\ucf5c\ub77c \ud5a5"},{"@type":"BreadcrumbList","@id":"https:\/\/naturalpoland.com\/ko\/je-pum\/sig-pum-won-ryo\/hyang-ryo\/gi-ta-hyang-ryo\/%ec%bd%9c%eb%9d%bc-%ed%96%a5\/#breadcrumb","itemListElement":[{"@type":"ListItem","position":1,"name":"\ud648","item":"https:\/\/naturalpoland.com\/ko\/"},{"@type":"ListItem","position":2,"name":"\uc81c\ud488","item":"https:\/\/naturalpoland.com\/ko\/%ec%a0%9c%ed%92%88\/"},{"@type":"ListItem","position":3,"name":"\ucf5c\ub77c \ud5a5"}]},{"@type":"WebSite","@id":"https:\/\/naturalpoland.com\/ko\/#website","url":"https:\/\/naturalpoland.com\/ko\/","name":"NATURAL POLAND - Hurtowy Dystrybutor Surowc\u00f3w","description":"Surowce dla przemys\u0142u spo\u017cywczego, kosmetycznego i farmaceutycznego","publisher":{"@id":"https:\/\/naturalpoland.com\/ko\/#organization"},"potentialAction":[{"@type":"SearchAction","target":{"@type":"EntryPoint","urlTemplate":"https:\/\/naturalpoland.com\/ko\/?s={search_term_string}"},"query-input":{"@type":"PropertyValueSpecification","valueRequired":true,"valueName":"search_term_string"}}],"inLanguage":"ko-KR"},{"@type":"Organization","@id":"https:\/\/naturalpoland.com\/ko\/#organization","name":"Natural Poland","url":"https:\/\/naturalpoland.com\/ko\/","logo":{"@type":"ImageObject","inLanguage":"ko-KR","@id":"https:\/\/naturalpoland.com\/ko\/#\/schema\/logo\/image\/","url":"https:\/\/naturalpoland.com\/wp-content\/uploads\/2021\/05\/natural-poland-icon.png","contentUrl":"https:\/\/naturalpoland.com\/wp-content\/uploads\/2021\/05\/natural-poland-icon.png","width":512,"height":512,"caption":"Natural Poland"},"image":{"@id":"https:\/\/naturalpoland.com\/ko\/#\/schema\/logo\/image\/"},"sameAs":["https:\/\/www.facebook.com\/naturalpoland.b2b","https:\/\/pl.linkedin.com\/company\/natural-poland","https:\/\/www.youtube.com\/channel\/UCgeGGkvOMahZo-xu_MSEWxg"]}]}},"_links":{"self":[{"href":"https:\/\/naturalpoland.com\/ko\/wp-json\/wp\/v2\/product\/46160","targetHints":{"allow":["GET"]}}],"collection":[{"href":"https:\/\/naturalpoland.com\/ko\/wp-json\/wp\/v2\/product"}],"about":[{"href":"https:\/\/naturalpoland.com\/ko\/wp-json\/wp\/v2\/types\/product"}],"wp:featuredmedia":[{"embeddable":true,"href":"https:\/\/naturalpoland.com\/ko\/wp-json\/wp\/v2\/media\/46161"}],"wp:attachment":[{"href":"https:\/\/naturalpoland.com\/ko\/wp-json\/wp\/v2\/media?parent=46160"}],"wp:term":[{"taxonomy":"product_brand","embeddable":true,"href":"https:\/\/naturalpoland.com\/ko\/wp-json\/wp\/v2\/product_brand?post=46160"},{"taxonomy":"product_cat","embeddable":true,"href":"https:\/\/naturalpoland.com\/ko\/wp-json\/wp\/v2\/product_cat?post=46160"},{"taxonomy":"product_tag","embeddable":true,"href":"https:\/\/naturalpoland.com\/ko\/wp-json\/wp\/v2\/product_tag?post=46160"}],"curies":[{"name":"wp","href":"https:\/\/api.w.org\/{rel}","templated":true}]}}