{"id":46162,"date":"2025-02-07T12:46:15","date_gmt":"2025-02-07T11:46:15","guid":{"rendered":"https:\/\/naturalpoland.com\/produkty\/uncategorized\/%eb%b0%94%eb%8b%90%eb%9d%bc-%ed%96%a5\/"},"modified":"2026-02-25T17:10:05","modified_gmt":"2026-02-25T16:10:05","slug":"%eb%b0%94%eb%8b%90%eb%9d%bc-%ed%96%a5","status":"publish","type":"product","link":"https:\/\/naturalpoland.com\/ko\/je-pum\/sig-pum-won-ryo\/hyang-ryo\/di-jeo-teu-hyang\/%eb%b0%94%eb%8b%90%eb%9d%bc-%ed%96%a5\/","title":{"rendered":"\ubc14\ub2d0\ub77c \ud5a5"},"content":{"rendered":"<p>\ubc14\ub2d0\ub77c \ud5a5\uc740 \uc81c\uacfc, \uc74c\ub8cc, \uc544\uc774\uc2a4\ud06c\ub9bc, \ubca0\uc774\ucee4\ub9ac \ubc0f \ub514\uc800\ud2b8 \uc0dd\uc0b0\uc5d0 \uc778\uae30 \uc788\ub294 \uc6d0\ub8cc\uc785\ub2c8\ub2e4.<\/p>\n<h2>\uc561\uc0c1 \ubc14\ub2d0\ub77c \ud5a5<\/h2>\n<p><strong>FTNF(From the Name Fruit) \ud488\uc9c8\uc758 \ucc9c\uc5f0 \uc561\uc0c1 \ubc14\ub2d0\ub77c \ud5a5<\/strong>\uc740 \ucd5c\uc18c 95%\uc758 \uc2e4\uc81c \uc6d0\ub8cc\ub85c \ub9cc\ub4e4\uc5b4\uc9d1\ub2c8\ub2e4. \ub530\ub73b\ud558\uace0 \ubc1c\uc0ac\ubbf9\ud55c \ud5a5\uc774 \ud48d\ubd80\ud558\uba70, \ucc9c\uc5f0 \ubc14\ub2d0\ub77c \ube48\uacfc \uc720\uc0ac\ud55c \uac08\uc0c9 \ud1a4\uc774 \ub290\uaef4\uc9d1\ub2c8\ub2e4. \uace0\uc628\uc5d0 \uac15\ud558\uc5ec \ubca0\uc774\ucee4\ub9ac, \ud06c\ub9bc, \uc544\uc774\uc2a4\ud06c\ub9bc \uc0dd\uc0b0\uacfc \uac19\uc740 \uae4c\ub2e4\ub85c\uc6b4 \uc751\uc6a9 \ubd84\uc57c\uc5d0 \uc801\ud569\ud569\ub2c8\ub2e4.  <\/p>\n<p><strong>WONF(With Other Natural Flavors) \ud488\uc9c8\uc758 \ubc14\ub2d0\ub77c \ud5a5<\/strong>\uc740 \ubc14\ub2d0\ub77c\uc758 \ucc9c\uc5f0 \ud2b9\uc131\uc744 \uc720\uc9c0\ud558\uba74\uc11c \ucd94\uac00\uc801\uc778 \ud5a5\uc744 \ub354\ud588\uc2b5\ub2c8\ub2e4. \ud06c\ub9ac\ubbf8\ud558\uace0 \uc544\uc774\uc2a4\ud06c\ub9bc \uac19\uc740 \ud504\ub85c\ud544\uc758 <strong>\uc774 \ud5a5<\/strong>\uc740 \ubc14\ub2d0\ub77c\uc758 \uc740\uc740\ud55c \ub2e8\ub9db\uacfc \ucc9c\uc5f0 \ubc14\ub2d0\ub77c \ube48\uc758 \uac00\ubccd\uace0 \ub4dc\ub77c\uc774\ud55c \uc545\uc13c\ud2b8\ub97c \uacb0\ud569\ud558\uc5ec \uc720\uc81c\ud488 \ub514\uc800\ud2b8\uc640 \ud06c\ub9bc\uc5d0 \uc0ac\uc6a9\ud558\uae30\ub97c \uad8c\uc7a5\ud569\ub2c8\ub2e4. \ubc18\uba74, <strong>\ub18d\ucd95<\/strong> \ubcc0\ud615\uc740 \uc544\ub2c8\uc2a4\uc640 \uc544\ubaac\ub4dc \ud5a5\uc774 \uac00\ubbf8\ub41c \uac15\ud55c \ubc14\ub2d0\ub77c \ud2b9\uc131\uc774 \ud2b9\uc9d5\uc774\uba70, \uac15\ub82c\ud558\uace0 \uae4a\uc740 \ub9db \ud504\ub85c\ud544\uc744 \uc81c\uacf5\ud569\ub2c8\ub2e4. <\/p>\n<p><strong>WONF \ud488\uc9c8\uc758 \ub4dc\ub77c\uc774 \ubc14\ub2d0\ub77c \ud5a5<\/strong>\uc740 \ucc9c\uc5f0 \ubc14\ub2d0\ub77c \ube48\uc758 \uac15\ub82c\ud55c \uc545\uc13c\ud2b8\uc640 \ud568\uaed8 \ubc14\ub2d0\ub77c \ucd94\ucd9c\ubb3c\uc758 \ud2b9\uc131\uc744 \uc7ac\ud604\ud569\ub2c8\ub2e4. \uace0\uae09 \ub514\uc800\ud2b8, \ucd08\ucf5c\ub9bf \ubc0f \uc815\uad50\ud55c \ubca0\uc774\ucee4\ub9ac\uc5d0 \uc0ac\uc6a9\ub429\ub2c8\ub2e4. <\/p>\n<h2>\ubd84\ub9d0 \ubc14\ub2d0\ub77c \ud5a5<\/h2>\n<p>\ubd84\ub9d0 \ud5a5 \ubcc0\ud615\uc740 \uac74\uc870 \ud615\ud0dc\uac00 \ud544\uc694\ud55c \uc751\uc6a9 \ubd84\uc57c\uc5d0\uc11c \ud22c\uc5ec\ub97c \uc6a9\uc774\ud558\uac8c \ud569\ub2c8\ub2e4. <strong>WONF \ud488\uc9c8\uc758 \ubd84\ub9d0 \ubc14\ub2d0\ub77c \ud5a5<\/strong>\uc740 \ubc14\ub2d0\ub77c \ube48\uc758 \uc740\uc740\ud55c \ub4dc\ub77c\uc774\ud568\uacfc \ud568\uaed8 \ud06c\ub9ac\ubbf8\ud558\uace0 \uc544\uc774\uc2a4\ud06c\ub9bc \uac19\uc740 \ud2b9\uc131\uc744 \uc720\uc9c0\ud569\ub2c8\ub2e4. \ub2e4\ub978 \ubcc0\ud615\ub4e4\uc740 \ud654\uc774\ud2b8 \ucd08\ucf5c\ub9bf\uc744 \uc5f0\uc0c1\uc2dc\ud0a4\ub294 \uac15\ub82c\ud55c \uc6b0\uc720-\ud06c\ub9bc \ud5a5\uc774 \ud2b9\uc9d5\uc785\ub2c8\ub2e4.  <\/p>\n<p>\ubc18\uba74, \ubd84\ub9d0 <strong>\ud5a5<\/strong> <strong>\uc81c\uacfc\uc6a9 \ubc14\ub2d0\ub77c<\/strong>\uc740 \ud074\ub798\uc2dd\ud55c \ubc14\ub2d0\ub77c \uc124\ud0d5 \ud5a5\uacfc \uc720\uc0ac\ud558\uba70 \ucfe0\ud0a4\uc640 \ud6a8\ubaa8 \ube75\uc5d0 \uc0ac\uc6a9\ud558\uae30\ub97c \uad8c\uc7a5\ud569\ub2c8\ub2e4.<\/p>\n<p><strong>\ubca0\uc774\ud0b9\uc6a9 \ubc14\ub2d0\ub77c \ud5a5<\/strong>\uc740 \ub530\ub73b\ud55c \ud5a5\uc2e0\ub8cc \ud5a5\uc774 \ub354\ud574\uc9c4 \ub2ec\ucf64\ud558\uace0 \ud478\ub529 \uac19\uc740 \ud2b9\uc131\uc744 \uc81c\uacf5\ud558\uc5ec \uc2a4\ud380\uc9c0\ucf00\uc774\ud06c, \uba38\ud540, \ud30c\uc6b4\ub4dc\ucf00\uc774\ud06c\uc640 \uc644\ubcbd\ud558\uac8c \uc5b4\uc6b8\ub9bd\ub2c8\ub2e4.<\/p>\n<p>\uac15\ub82c\ud558\uace0 \ub18d\ucd95\ub41c \ud5a5\uc774 \ud544\uc694\ud55c \uc751\uc6a9 \ubd84\uc57c\uc5d0\ub294 \uc544\ub2c8\uc2a4\uc640 \uc544\ubaac\ub4dc \ud5a5\uc774 \ub290\uaef4\uc9c0\ub294 \uae4a\uace0 \uac15\ud55c \ubc14\ub2d0\ub77c \ud504\ub85c\ud544\uc744 \uc81c\uacf5\ud558\ub294 <strong>\ud5a5<\/strong> <strong>\ub18d\ucd95 \ubc14\ub2d0\ub77c<\/strong>\uacfc <strong>\ucc9c\uc5f0 \ubc14\ub2d0\ub77c \ud5a5<\/strong>\uc744 \uad8c\uc7a5\ud569\ub2c8\ub2e4. \uace0\uae09 \uc81c\uacfc \uc81c\ud488 \ubc0f \uace0\ud488\uc9c8 \uc544\uc774\uc2a4\ud06c\ub9bc\uacfc \ud06c\ub9bc\uc5d0 \ud0c1\uc6d4\ud569\ub2c8\ub2e4. <\/p>\n<h2>\ub9c8\uc2a4\ud0b9 \ud5a5\ub8cc<\/h2>\n<p>\ubc14\ub2d0\ub77c \ud5a5\uc740 \uc2dd\ud488 \ubc0f \uac74\uac15 \ubcf4\uc870 \uc2dd\ud488\uc758 \ubd88\ucf8c\ud55c \ud5a5\uc744 \ub9c8\uc2a4\ud0b9\ud558\ub294 \uc131\ubd84\uc73c\ub85c\ub3c4 \uc0ac\uc6a9\ub429\ub2c8\ub2e4. <strong>\ub9c8\uc2a4\ud0b9 \ubc14\ub2d0\ub77c \ud5a5<\/strong>\uc740 \ucf54\ucf54\ub11b \ubc00\ud06c\uc758 \uc12c\uc138\ud55c \uc545\uc13c\ud2b8\uac00 \uac00\ubbf8\ub41c \ub2ec\ucf64\ud558\uace0 \ud478\ub529 \uac19\uc740 \uad6c\uc131\uc73c\ub85c, \uae30\ub2a5\uc131 \uc81c\ud488\uc758 \ub9db\uacfc \ud5a5\uc744 \uc644\ubcbd\ud558\uac8c \uc870\ud654\uc2dc\ud0b5\ub2c8\ub2e4. <\/p>\n<p>&nbsp;<\/p>\n","protected":false},"excerpt":{"rendered":"<p>\ubc14\ub2d0\ub77c \ud5a5\uc740 \uac00\uc7a5 \uace0\uc804\uc801\uc778 \uc2dd\ud488 \ud5a5\uc785\ub2c8\ub2e4. \ubcc0\ud615\uc5d0 \ub530\ub77c \uc2e4\uc81c \ubc14\ub2d0\ub77c \ube48\uc758 \ud2b9\uc131\uc744 \uc7ac\ud604\ud558\uac70\ub098, \ub354 \ud06c\ub9ac\ubbf8\ud558\uac70\ub098 \ud478\ub529 \uac19\uac70\ub098, \uc2ec\uc9c0\uc5b4 \uc544\ubaac\ub4dc, \uc544\ub2c8\uc2a4 \ub610\ub294 \uce90\ub7ec\uba5c \ud5a5\uc774 \ud48d\ubd80\ud560 \uc218\ub3c4 \uc788\uc2b5\ub2c8\ub2e4. <\/p>\n","protected":false},"featured_media":46163,"template":"","meta":[],"product_brand":[],"product_cat":[8164],"product_tag":[],"class_list":{"0":"post-46162","1":"product","2":"type-product","3":"status-publish","4":"has-post-thumbnail","6":"product_cat-di-jeo-teu-hyang","8":"first","9":"instock","10":"shipping-taxable","11":"product-type-simple"},"yoast_head":"<!-- This site is optimized with the Yoast SEO plugin v27.3 - https:\/\/yoast.com\/product\/yoast-seo-wordpress\/ -->\n<title>\ubc14\ub2d0\ub77c \ud5a5 - Hurtowy Dystrybutor<\/title>\n<meta name=\"description\" content=\"\ubc14\ub2d0\ub77c \ud5a5\uc740 \uc2dd\ud488 \uc0b0\uc5c5\uc5d0\uc11c \uc0ac\uc6a9\ub418\ub294 \uac00\uc7a5 \uc798 \uc54c\ub824\uc9c0\uace0 \uace0\uc804\uc801\uc774\uba70 \ub2e4\uc7ac\ub2e4\ub2a5\ud55c \ud5a5 \uc911 \ud558\ub098\uc785\ub2c8\ub2e4.\" \/>\n<meta name=\"robots\" content=\"index, follow, max-snippet:-1, max-image-preview:large, max-video-preview:-1\" \/>\n<link rel=\"canonical\" href=\"https:\/\/naturalpoland.com\/ko\/je-pum\/sig-pum-won-ryo\/hyang-ryo\/di-jeo-teu-hyang\/%eb%b0%94%eb%8b%90%eb%9d%bc-%ed%96%a5\/\" \/>\n<meta property=\"og:locale\" content=\"ko_KR\" \/>\n<meta property=\"og:type\" content=\"article\" \/>\n<meta property=\"og:title\" content=\"\ubc14\ub2d0\ub77c \ud5a5 - Hurtowy Dystrybutor\" \/>\n<meta property=\"og:description\" content=\"\ubc14\ub2d0\ub77c \ud5a5\uc740 \uc2dd\ud488 \uc0b0\uc5c5\uc5d0\uc11c \uc0ac\uc6a9\ub418\ub294 \uac00\uc7a5 \uc798 \uc54c\ub824\uc9c0\uace0 \uace0\uc804\uc801\uc774\uba70 \ub2e4\uc7ac\ub2e4\ub2a5\ud55c \ud5a5 \uc911 \ud558\ub098\uc785\ub2c8\ub2e4.\" \/>\n<meta property=\"og:url\" content=\"https:\/\/naturalpoland.com\/ko\/je-pum\/sig-pum-won-ryo\/hyang-ryo\/di-jeo-teu-hyang\/%eb%b0%94%eb%8b%90%eb%9d%bc-%ed%96%a5\/\" \/>\n<meta property=\"og:site_name\" content=\"NATURAL POLAND - Hurtowy Dystrybutor Surowc\u00f3w\" \/>\n<meta property=\"article:publisher\" content=\"https:\/\/www.facebook.com\/naturalpoland.b2b\" \/>\n<meta property=\"article:modified_time\" content=\"2026-02-25T16:10:05+00:00\" \/>\n<meta property=\"og:image\" content=\"https:\/\/naturalpoland.com\/wp-content\/uploads\/aromat-waniliowy.webp\" \/>\n\t<meta property=\"og:image:width\" content=\"596\" \/>\n\t<meta property=\"og:image:height\" content=\"596\" \/>\n\t<meta property=\"og:image:type\" content=\"image\/webp\" \/>\n<script type=\"application\/ld+json\" class=\"yoast-schema-graph\">{\"@context\":\"https:\\\/\\\/schema.org\",\"@graph\":[{\"@type\":\"WebPage\",\"@id\":\"https:\\\/\\\/naturalpoland.com\\\/ko\\\/je-pum\\\/sig-pum-won-ryo\\\/hyang-ryo\\\/di-jeo-teu-hyang\\\/%eb%b0%94%eb%8b%90%eb%9d%bc-%ed%96%a5\\\/\",\"url\":\"https:\\\/\\\/naturalpoland.com\\\/ko\\\/je-pum\\\/sig-pum-won-ryo\\\/hyang-ryo\\\/di-jeo-teu-hyang\\\/%eb%b0%94%eb%8b%90%eb%9d%bc-%ed%96%a5\\\/\",\"name\":\"\ubc14\ub2d0\ub77c \ud5a5 - Hurtowy Dystrybutor\",\"isPartOf\":{\"@id\":\"https:\\\/\\\/naturalpoland.com\\\/ko\\\/#website\"},\"primaryImageOfPage\":{\"@id\":\"https:\\\/\\\/naturalpoland.com\\\/ko\\\/je-pum\\\/sig-pum-won-ryo\\\/hyang-ryo\\\/di-jeo-teu-hyang\\\/%eb%b0%94%eb%8b%90%eb%9d%bc-%ed%96%a5\\\/#primaryimage\"},\"image\":{\"@id\":\"https:\\\/\\\/naturalpoland.com\\\/ko\\\/je-pum\\\/sig-pum-won-ryo\\\/hyang-ryo\\\/di-jeo-teu-hyang\\\/%eb%b0%94%eb%8b%90%eb%9d%bc-%ed%96%a5\\\/#primaryimage\"},\"thumbnailUrl\":\"https:\\\/\\\/naturalpoland.com\\\/wp-content\\\/uploads\\\/aromat-waniliowy.webp\",\"datePublished\":\"2025-02-07T11:46:15+00:00\",\"dateModified\":\"2026-02-25T16:10:05+00:00\",\"description\":\"\ubc14\ub2d0\ub77c \ud5a5\uc740 \uc2dd\ud488 \uc0b0\uc5c5\uc5d0\uc11c \uc0ac\uc6a9\ub418\ub294 \uac00\uc7a5 \uc798 \uc54c\ub824\uc9c0\uace0 \uace0\uc804\uc801\uc774\uba70 \ub2e4\uc7ac\ub2e4\ub2a5\ud55c \ud5a5 \uc911 \ud558\ub098\uc785\ub2c8\ub2e4.\",\"breadcrumb\":{\"@id\":\"https:\\\/\\\/naturalpoland.com\\\/ko\\\/je-pum\\\/sig-pum-won-ryo\\\/hyang-ryo\\\/di-jeo-teu-hyang\\\/%eb%b0%94%eb%8b%90%eb%9d%bc-%ed%96%a5\\\/#breadcrumb\"},\"inLanguage\":\"ko-KR\",\"potentialAction\":[{\"@type\":\"ReadAction\",\"target\":[\"https:\\\/\\\/naturalpoland.com\\\/ko\\\/je-pum\\\/sig-pum-won-ryo\\\/hyang-ryo\\\/di-jeo-teu-hyang\\\/%eb%b0%94%eb%8b%90%eb%9d%bc-%ed%96%a5\\\/\"]}]},{\"@type\":\"ImageObject\",\"inLanguage\":\"ko-KR\",\"@id\":\"https:\\\/\\\/naturalpoland.com\\\/ko\\\/je-pum\\\/sig-pum-won-ryo\\\/hyang-ryo\\\/di-jeo-teu-hyang\\\/%eb%b0%94%eb%8b%90%eb%9d%bc-%ed%96%a5\\\/#primaryimage\",\"url\":\"https:\\\/\\\/naturalpoland.com\\\/wp-content\\\/uploads\\\/aromat-waniliowy.webp\",\"contentUrl\":\"https:\\\/\\\/naturalpoland.com\\\/wp-content\\\/uploads\\\/aromat-waniliowy.webp\",\"width\":596,\"height\":596,\"caption\":\"\uc561\uc0c1 \ubc0f \ubd84\ub9d0 \ubc14\ub2d0\ub77c \ud5a5\"},{\"@type\":\"BreadcrumbList\",\"@id\":\"https:\\\/\\\/naturalpoland.com\\\/ko\\\/je-pum\\\/sig-pum-won-ryo\\\/hyang-ryo\\\/di-jeo-teu-hyang\\\/%eb%b0%94%eb%8b%90%eb%9d%bc-%ed%96%a5\\\/#breadcrumb\",\"itemListElement\":[{\"@type\":\"ListItem\",\"position\":1,\"name\":\"\ud648\",\"item\":\"https:\\\/\\\/naturalpoland.com\\\/ko\\\/\"},{\"@type\":\"ListItem\",\"position\":2,\"name\":\"\uc81c\ud488\",\"item\":\"https:\\\/\\\/naturalpoland.com\\\/ko\\\/%ec%a0%9c%ed%92%88\\\/\"},{\"@type\":\"ListItem\",\"position\":3,\"name\":\"\ubc14\ub2d0\ub77c \ud5a5\"}]},{\"@type\":\"WebSite\",\"@id\":\"https:\\\/\\\/naturalpoland.com\\\/ko\\\/#website\",\"url\":\"https:\\\/\\\/naturalpoland.com\\\/ko\\\/\",\"name\":\"NATURAL POLAND - Hurtowy Dystrybutor Surowc\u00f3w\",\"description\":\"Surowce dla przemys\u0142u spo\u017cywczego, kosmetycznego i farmaceutycznego\",\"publisher\":{\"@id\":\"https:\\\/\\\/naturalpoland.com\\\/ko\\\/#organization\"},\"potentialAction\":[{\"@type\":\"SearchAction\",\"target\":{\"@type\":\"EntryPoint\",\"urlTemplate\":\"https:\\\/\\\/naturalpoland.com\\\/ko\\\/?s={search_term_string}\"},\"query-input\":{\"@type\":\"PropertyValueSpecification\",\"valueRequired\":true,\"valueName\":\"search_term_string\"}}],\"inLanguage\":\"ko-KR\"},{\"@type\":\"Organization\",\"@id\":\"https:\\\/\\\/naturalpoland.com\\\/ko\\\/#organization\",\"name\":\"Natural Poland\",\"url\":\"https:\\\/\\\/naturalpoland.com\\\/ko\\\/\",\"logo\":{\"@type\":\"ImageObject\",\"inLanguage\":\"ko-KR\",\"@id\":\"https:\\\/\\\/naturalpoland.com\\\/ko\\\/#\\\/schema\\\/logo\\\/image\\\/\",\"url\":\"https:\\\/\\\/naturalpoland.com\\\/wp-content\\\/uploads\\\/2021\\\/05\\\/natural-poland-icon.png\",\"contentUrl\":\"https:\\\/\\\/naturalpoland.com\\\/wp-content\\\/uploads\\\/2021\\\/05\\\/natural-poland-icon.png\",\"width\":512,\"height\":512,\"caption\":\"Natural Poland\"},\"image\":{\"@id\":\"https:\\\/\\\/naturalpoland.com\\\/ko\\\/#\\\/schema\\\/logo\\\/image\\\/\"},\"sameAs\":[\"https:\\\/\\\/www.facebook.com\\\/naturalpoland.b2b\",\"https:\\\/\\\/pl.linkedin.com\\\/company\\\/natural-poland\",\"https:\\\/\\\/www.youtube.com\\\/channel\\\/UCgeGGkvOMahZo-xu_MSEWxg\"]}]}<\/script>\n<!-- \/ Yoast SEO plugin. -->","yoast_head_json":{"title":"\ubc14\ub2d0\ub77c \ud5a5 - Hurtowy Dystrybutor","description":"\ubc14\ub2d0\ub77c \ud5a5\uc740 \uc2dd\ud488 \uc0b0\uc5c5\uc5d0\uc11c \uc0ac\uc6a9\ub418\ub294 \uac00\uc7a5 \uc798 \uc54c\ub824\uc9c0\uace0 \uace0\uc804\uc801\uc774\uba70 \ub2e4\uc7ac\ub2e4\ub2a5\ud55c \ud5a5 \uc911 \ud558\ub098\uc785\ub2c8\ub2e4.","robots":{"index":"index","follow":"follow","max-snippet":"max-snippet:-1","max-image-preview":"max-image-preview:large","max-video-preview":"max-video-preview:-1"},"canonical":"https:\/\/naturalpoland.com\/ko\/je-pum\/sig-pum-won-ryo\/hyang-ryo\/di-jeo-teu-hyang\/%eb%b0%94%eb%8b%90%eb%9d%bc-%ed%96%a5\/","og_locale":"ko_KR","og_type":"article","og_title":"\ubc14\ub2d0\ub77c \ud5a5 - Hurtowy Dystrybutor","og_description":"\ubc14\ub2d0\ub77c \ud5a5\uc740 \uc2dd\ud488 \uc0b0\uc5c5\uc5d0\uc11c \uc0ac\uc6a9\ub418\ub294 \uac00\uc7a5 \uc798 \uc54c\ub824\uc9c0\uace0 \uace0\uc804\uc801\uc774\uba70 \ub2e4\uc7ac\ub2e4\ub2a5\ud55c \ud5a5 \uc911 \ud558\ub098\uc785\ub2c8\ub2e4.","og_url":"https:\/\/naturalpoland.com\/ko\/je-pum\/sig-pum-won-ryo\/hyang-ryo\/di-jeo-teu-hyang\/%eb%b0%94%eb%8b%90%eb%9d%bc-%ed%96%a5\/","og_site_name":"NATURAL POLAND - Hurtowy Dystrybutor Surowc\u00f3w","article_publisher":"https:\/\/www.facebook.com\/naturalpoland.b2b","article_modified_time":"2026-02-25T16:10:05+00:00","og_image":[{"width":596,"height":596,"url":"https:\/\/naturalpoland.com\/wp-content\/uploads\/aromat-waniliowy.webp","type":"image\/webp"}],"schema":{"@context":"https:\/\/schema.org","@graph":[{"@type":"WebPage","@id":"https:\/\/naturalpoland.com\/ko\/je-pum\/sig-pum-won-ryo\/hyang-ryo\/di-jeo-teu-hyang\/%eb%b0%94%eb%8b%90%eb%9d%bc-%ed%96%a5\/","url":"https:\/\/naturalpoland.com\/ko\/je-pum\/sig-pum-won-ryo\/hyang-ryo\/di-jeo-teu-hyang\/%eb%b0%94%eb%8b%90%eb%9d%bc-%ed%96%a5\/","name":"\ubc14\ub2d0\ub77c \ud5a5 - Hurtowy Dystrybutor","isPartOf":{"@id":"https:\/\/naturalpoland.com\/ko\/#website"},"primaryImageOfPage":{"@id":"https:\/\/naturalpoland.com\/ko\/je-pum\/sig-pum-won-ryo\/hyang-ryo\/di-jeo-teu-hyang\/%eb%b0%94%eb%8b%90%eb%9d%bc-%ed%96%a5\/#primaryimage"},"image":{"@id":"https:\/\/naturalpoland.com\/ko\/je-pum\/sig-pum-won-ryo\/hyang-ryo\/di-jeo-teu-hyang\/%eb%b0%94%eb%8b%90%eb%9d%bc-%ed%96%a5\/#primaryimage"},"thumbnailUrl":"https:\/\/naturalpoland.com\/wp-content\/uploads\/aromat-waniliowy.webp","datePublished":"2025-02-07T11:46:15+00:00","dateModified":"2026-02-25T16:10:05+00:00","description":"\ubc14\ub2d0\ub77c \ud5a5\uc740 \uc2dd\ud488 \uc0b0\uc5c5\uc5d0\uc11c \uc0ac\uc6a9\ub418\ub294 \uac00\uc7a5 \uc798 \uc54c\ub824\uc9c0\uace0 \uace0\uc804\uc801\uc774\uba70 \ub2e4\uc7ac\ub2e4\ub2a5\ud55c \ud5a5 \uc911 \ud558\ub098\uc785\ub2c8\ub2e4.","breadcrumb":{"@id":"https:\/\/naturalpoland.com\/ko\/je-pum\/sig-pum-won-ryo\/hyang-ryo\/di-jeo-teu-hyang\/%eb%b0%94%eb%8b%90%eb%9d%bc-%ed%96%a5\/#breadcrumb"},"inLanguage":"ko-KR","potentialAction":[{"@type":"ReadAction","target":["https:\/\/naturalpoland.com\/ko\/je-pum\/sig-pum-won-ryo\/hyang-ryo\/di-jeo-teu-hyang\/%eb%b0%94%eb%8b%90%eb%9d%bc-%ed%96%a5\/"]}]},{"@type":"ImageObject","inLanguage":"ko-KR","@id":"https:\/\/naturalpoland.com\/ko\/je-pum\/sig-pum-won-ryo\/hyang-ryo\/di-jeo-teu-hyang\/%eb%b0%94%eb%8b%90%eb%9d%bc-%ed%96%a5\/#primaryimage","url":"https:\/\/naturalpoland.com\/wp-content\/uploads\/aromat-waniliowy.webp","contentUrl":"https:\/\/naturalpoland.com\/wp-content\/uploads\/aromat-waniliowy.webp","width":596,"height":596,"caption":"\uc561\uc0c1 \ubc0f \ubd84\ub9d0 \ubc14\ub2d0\ub77c \ud5a5"},{"@type":"BreadcrumbList","@id":"https:\/\/naturalpoland.com\/ko\/je-pum\/sig-pum-won-ryo\/hyang-ryo\/di-jeo-teu-hyang\/%eb%b0%94%eb%8b%90%eb%9d%bc-%ed%96%a5\/#breadcrumb","itemListElement":[{"@type":"ListItem","position":1,"name":"\ud648","item":"https:\/\/naturalpoland.com\/ko\/"},{"@type":"ListItem","position":2,"name":"\uc81c\ud488","item":"https:\/\/naturalpoland.com\/ko\/%ec%a0%9c%ed%92%88\/"},{"@type":"ListItem","position":3,"name":"\ubc14\ub2d0\ub77c \ud5a5"}]},{"@type":"WebSite","@id":"https:\/\/naturalpoland.com\/ko\/#website","url":"https:\/\/naturalpoland.com\/ko\/","name":"NATURAL POLAND - Hurtowy Dystrybutor Surowc\u00f3w","description":"Surowce dla przemys\u0142u spo\u017cywczego, kosmetycznego i farmaceutycznego","publisher":{"@id":"https:\/\/naturalpoland.com\/ko\/#organization"},"potentialAction":[{"@type":"SearchAction","target":{"@type":"EntryPoint","urlTemplate":"https:\/\/naturalpoland.com\/ko\/?s={search_term_string}"},"query-input":{"@type":"PropertyValueSpecification","valueRequired":true,"valueName":"search_term_string"}}],"inLanguage":"ko-KR"},{"@type":"Organization","@id":"https:\/\/naturalpoland.com\/ko\/#organization","name":"Natural Poland","url":"https:\/\/naturalpoland.com\/ko\/","logo":{"@type":"ImageObject","inLanguage":"ko-KR","@id":"https:\/\/naturalpoland.com\/ko\/#\/schema\/logo\/image\/","url":"https:\/\/naturalpoland.com\/wp-content\/uploads\/2021\/05\/natural-poland-icon.png","contentUrl":"https:\/\/naturalpoland.com\/wp-content\/uploads\/2021\/05\/natural-poland-icon.png","width":512,"height":512,"caption":"Natural Poland"},"image":{"@id":"https:\/\/naturalpoland.com\/ko\/#\/schema\/logo\/image\/"},"sameAs":["https:\/\/www.facebook.com\/naturalpoland.b2b","https:\/\/pl.linkedin.com\/company\/natural-poland","https:\/\/www.youtube.com\/channel\/UCgeGGkvOMahZo-xu_MSEWxg"]}]}},"_links":{"self":[{"href":"https:\/\/naturalpoland.com\/ko\/wp-json\/wp\/v2\/product\/46162","targetHints":{"allow":["GET"]}}],"collection":[{"href":"https:\/\/naturalpoland.com\/ko\/wp-json\/wp\/v2\/product"}],"about":[{"href":"https:\/\/naturalpoland.com\/ko\/wp-json\/wp\/v2\/types\/product"}],"wp:featuredmedia":[{"embeddable":true,"href":"https:\/\/naturalpoland.com\/ko\/wp-json\/wp\/v2\/media\/46163"}],"wp:attachment":[{"href":"https:\/\/naturalpoland.com\/ko\/wp-json\/wp\/v2\/media?parent=46162"}],"wp:term":[{"taxonomy":"product_brand","embeddable":true,"href":"https:\/\/naturalpoland.com\/ko\/wp-json\/wp\/v2\/product_brand?post=46162"},{"taxonomy":"product_cat","embeddable":true,"href":"https:\/\/naturalpoland.com\/ko\/wp-json\/wp\/v2\/product_cat?post=46162"},{"taxonomy":"product_tag","embeddable":true,"href":"https:\/\/naturalpoland.com\/ko\/wp-json\/wp\/v2\/product_tag?post=46162"}],"curies":[{"name":"wp","href":"https:\/\/api.w.org\/{rel}","templated":true}]}}