{"id":46164,"date":"2025-01-30T12:06:58","date_gmt":"2025-01-30T11:06:58","guid":{"rendered":"https:\/\/naturalpoland.com\/produkty\/uncategorized\/%eb%95%85%ec%bd%a9-%ec%98%a4%ec%9d%bc\/"},"modified":"2026-02-25T17:10:10","modified_gmt":"2026-02-25T16:10:10","slug":"%eb%95%85%ec%bd%a9-%ec%98%a4%ec%9d%bc","status":"publish","type":"product","link":"https:\/\/naturalpoland.com\/ko\/je-pum\/sig-yong-mit-hwa-jang-pum-yong-o-il\/%eb%95%85%ec%bd%a9-%ec%98%a4%ec%9d%bc\/","title":{"rendered":"\ub545\ucf69 \uc624\uc77c"},"content":{"rendered":"<h2>\ub545\ucf69 \uc624\uc77c\uc758 \ud2b9\uc131<\/h2>\n<p>\ub545\ucf69 \uc624\uc77c\uc740 \uc555\ucc29 \ubc29\uc2dd\uacfc \uc815\uc81c\ub3c4\uc5d0 \ub530\ub77c \ubc1d\uc740 \ub178\ub780\uc0c9\uc5d0\uc11c \ud669\uae08\uc0c9\uc744 \ub760\uba70, \uc21c\ud558\uace0 \uc740\uc740\ud55c \uacac\uacfc\ub958 \ud5a5\uc774 \ud654\uc7a5\ud488\uc5d0 \uae30\ubd84 \uc88b\uc740 \uc790\uc5f0\uc2a4\ub7ec\uc6b4 \ud5a5\uc744 \ub354\ud569\ub2c8\ub2e4. \ube44\uc815\uc81c \uc624\uc77c\uc758 \uacbd\uc6b0 \ub545\ucf69 \ud2b9\uc720\uc758 \ud5a5\uc774 \ub354\uc6b1 \ub69c\ub837\ud558\uba70, \uc815\uc81c \uc624\uc77c\uc740 \uac70\uc758 \ubb34\ucde8\uc774\ubbc0\ub85c \ud5a5\uc218 \ud654\uc7a5\ud488\uc758 \uc801\uc808\ud55c \ubca0\uc774\uc2a4\uac00 \ub429\ub2c8\ub2e4.  <\/p>\n<p>\ub545\ucf69 \uc624\uc77c\uc740 \ud53c\ubd80\uc640 \ubaa8\ubc1c\uc5d0 \uc720\uc775\ud55c \ub2e4\uc591\ud55c \uc9c0\ubc29\uc0b0\uc774 \ud48d\ubd80\ud558\uac8c \ud568\uc720\ub418\uc5b4 \uc788\uc2b5\ub2c8\ub2e4. \ub2e4\uc74c\uc744 \ud3ec\ud568\ud569\ub2c8\ub2e4.<\/p>\n<ul>\n<li>\ub9ac\ub180\ub808\uc0b0(\uc624\uba54\uac00-6) &#8211; \uc7ac\uc0dd \ubc0f \ubcf4\uc2b5 \ud6a8\uacfc<\/li>\n<li>\uc62c\ub808\uc0b0(\uc624\uba54\uac00-9) &#8211; \uc601\uc591 \uacf5\uae09 \ubc0f \ud53c\ubd80 \uc5f0\ud654 \ud6a8\uacfc<\/li>\n<li>\ud314\ubbf8\ud2b8\uc0b0 &#8211; \ud53c\ubd80 \ud45c\uba74\uc5d0 \ubcf4\ud638\ub9c9\uc744 \ud615\uc131\ud558\uc5ec \uc218\ubd84 \uc190\uc2e4 \ubc29\uc9c0<\/li>\n<li>\uc2a4\ud14c\uc544\ub974\uc0b0 &#8211; \uc9c4\uc815 \ubc0f \uc644\ud654 \ud6a8\uacfc<\/li>\n<\/ul>\n<p>\ub610\ud55c \ub545\ucf69 \uc624\uc77c\uc740 \uac15\ub825\ud55c \ud56d\uc0b0\ud654\uc81c\uc778 <a href=\"https:\/\/naturalpoland.com\/ko\/je-pum\/ui-yak-pum-won-ryo\/bi-ta-min\/bitamin-e-tokoperil-aseteiteu\/\"><strong>\ube44\ud0c0\ubbfc E<\/strong><\/a>\uac00 \ud48d\ubd80\ud558\uc5ec \ud65c\uc131 \uc0b0\uc18c\ub85c\ubd80\ud130 \uc138\ud3ec\ub97c \ubcf4\ud638\ud558\uace0 \ub178\ud654 \uacfc\uc815\uc744 \uc9c0\uc5f0\uc2dc\ud0b5\ub2c8\ub2e4.<\/p>\n<h2>\ub545\ucf69 \uc624\uc77c\uc758 \ud6a8\ub2a5<\/h2>\n<p>\uc774 \uc624\uc77c\uc740 <strong>\uac74\uc131 \ubc0f \uc131\uc219\ud55c \ud53c\ubd80<\/strong>\uc5d0 \ud0c1\uc6d4\ud55c \uad00\ub9ac \ud6a8\uacfc\ub97c \uc81c\uacf5\ud569\ub2c8\ub2e4. \ub192\uc740 \uc9c0\ubc29\uc0b0 \ud568\ub7c9 \ub355\ubd84\uc5d0 \ud53c\ubd80 \uc7ac\uc0dd\uc744 \ub3d5\uace0 \ud0c4\ub825\uc744 \uac1c\uc120\ud558\uba70 \ub178\ud654 \uc9d5\ud6c4\ub97c \uc904\uc5ec\uc90d\ub2c8\ub2e4. <\/p>\n<p>\ud56d\uc5fc \ubc0f \uc9c4\uc815 \ud2b9\uc131\uc73c\ub85c \uc778\ud574 <strong>\ubbfc\uac10\uc131 \ud53c\ubd80<\/strong>, \uc790\uadf9\ubc1b\uae30 \uc26c\uc6b4 \ud53c\ubd80, \uc5ec\ub4dc\ub984 \ubc0f \uc2b5\uc9c4\uacfc \uac19\uc740 \ubb38\uc81c\uc131 \ud53c\ubd80 \uad00\ub9ac\ub97c \uc704\ud55c \uc81c\ud488\uc5d0 \uc0ac\uc6a9\ub420 \uc218 \uc788\uc2b5\ub2c8\ub2e4.<\/p>\n<p>\ub545\ucf69 \uc624\uc77c\uc740 <strong>\ud5e4\uc5b4 \uc81c\ud488<\/strong>\uc5d0\ub3c4 \uadc0\uc911\ud55c \uc131\ubd84\uc785\ub2c8\ub2e4. \ubaa8\ubc1c \uad6c\uc870\ub97c \ud6a8\uacfc\uc801\uc73c\ub85c \uac15\ud654\ud558\uace0 \ud0c4\ub825\uc744 \uac1c\uc120\ud558\uba70 \ub04a\uc5b4\uc9d0\uacfc \uac74\uc870\ud568\uc744 \ubc29\uc9c0\ud569\ub2c8\ub2e4. <strong>\ub450\ud53c \uad00\ub9ac<\/strong> \uc81c\ud488\uc5d0\uc11c\ub294 \uc9c4\uc815 \ud6a8\uacfc\ub97c \ubc1c\ud718\ud558\uc5ec \uc790\uadf9\uc744 \uc644\ud654\ud558\uace0 \ubaa8\ub0ad \uac74\uac15\uc744 \uc9c0\uc6d0\ud569\ub2c8\ub2e4.  <\/p>\n<p><strong>\ub9c8\uc0ac\uc9c0 \uc624\uc77c<\/strong>\uc5d0\ub3c4 \uc790\uc8fc \uc0ac\uc6a9\ub418\ub294\ub370, \ud53c\ubd80\ub97c \ubd80\ub4dc\ub7fd\uace0 \uc720\uc5f0\ud558\uac8c \ub9cc\ub4e4\uba74\uc11c \uc7ac\uc0dd\uc744 \ub3d5\uc2b5\ub2c8\ub2e4.<\/p>\n<h2>\uc801\uc6a9<\/h2>\n<p>\ub545\ucf69 \uc624\uc77c\uc740 \ub2e4\ub978 \ud65c\uc131 \uc131\ubd84\uacfc \uc798 \uc5b4\uc6b8\ub824 \ub2e4\uc591\ud55c \ud654\uc7a5\ud488\uc5d0 \uc778\uae30 \uc788\ub294 \ucca8\uac00\uc81c\uc785\ub2c8\ub2e4. \ub2e4\uc74c \uc81c\ud488\uc5d0\uc11c \ucc3e\uc544\ubcfc \uc218 \uc788\uc2b5\ub2c8\ub2e4. <\/p>\n<ul>\n<li>\ud06c\ub9bc<\/li>\n<li>\ubc24<\/li>\n<li>\ud074\ub80c\uc9d5 \uc5d0\uba40\uc83c<\/li>\n<li>\ud5e4\uc5b4 \ucee8\ub514\uc154\ub108<\/li>\n<li>\ubc14\ub514 \uc624\uc77c<\/li>\n<li>\ubbfc\uac10\uc131 \ubc0f \uc790\uadf9\ubc1b\uae30 \uc26c\uc6b4 \ud53c\ubd80\uc6a9 \ud654\uc7a5\ud488<\/li>\n<li>\uc790\uc678\uc120\uc774\ub098 \ud658\uacbd \uc624\uc5fc\uacfc \uac19\uc740 \uc678\ubd80 \uc694\uc778\uc758 \ubd80\uc815\uc801\uc778 \uc601\ud5a5\uc73c\ub85c\ubd80\ud130 \ud53c\ubd80\ub97c \ubcf4\ud638\ud558\ub294 \uc81c\ud488<\/li>\n<\/ul>\n<h2>\uc548\uc804\uc131<\/h2>\n<p>\ub545\ucf69 \uc624\uc77c\uc740 \ud654\uc7a5\ud488 \uc0ac\uc6a9\uc5d0 \uc548\uc804\ud558\uc9c0\ub9cc, \uc720\ub7fd \uc5f0\ud569\uc5d0\uc11c\ub294 \uc81c\ud488 \ub0b4 \ud568\ub7c9\uc5d0 \ub300\ud55c \uc5c4\uaca9\ud55c \uaddc\uc81c\uac00 \uc801\uc6a9\ub429\ub2c8\ub2e4. \ub545\ucf69 \ub2e8\ubc31\uc9c8\uacfc \uad00\ub828\ub41c \uc7a0\uc7ac\uc801\uc778 \uc54c\ub808\ub974\uae30 \uc704\ud5d8 \ub54c\ubb38\uc5d0 <strong>\ud654\uc7a5\ud488 \ub0b4 \ucd5c\ub300 \ub18d\ub3c4\ub294 0.5ppm\uc73c\ub85c \uc81c\ud55c<\/strong>\ub429\ub2c8\ub2e4. \ub545\ucf69 \uc624\uc77c\uc744 \ud568\uc720\ud55c \uc81c\ud488\uc740 \uc774\ub7ec\ud55c \uc5c4\uaca9\ud55c \uc694\uad6c \uc0ac\ud56d\uc744 \ucda9\uc871\ud574\uc57c \ud569\ub2c8\ub2e4.  <\/p>\n","protected":false},"excerpt":{"rendered":"<p><strong>\ub545\ucf69 \uc624\uc77c<\/strong>(<em><strong>Arachis Hypogaea Oil<\/strong><\/em>)\uc740 \ub545\ucf69\uc744 \ub0c9\uc555\ucc29\ud558\uc5ec \uc5bb\uc2b5\ub2c8\ub2e4. \ubcf4\uc2b5, \ubcf4\ud638 \ubc0f \uc7ac\uc0dd \ud6a8\uacfc\uac00 \uc788\ub294 \ud654\uc7a5\ud488\uc5d0 \uc0ac\uc6a9\ub429\ub2c8\ub2e4. <\/p>\n","protected":false},"featured_media":46165,"template":"","meta":{"_acf_changed":false},"product_brand":[],"product_cat":[8135],"product_tag":[9932],"class_list":{"0":"post-46164","1":"product","2":"type-product","3":"status-publish","4":"has-post-thumbnail","6":"product_cat-sig-yong-mit-hwa-jang-pum-yong-o-il","7":"product_tag-9932","9":"first","10":"instock","11":"shipping-taxable","12":"product-type-simple"},"acf":[],"yoast_head":"<!-- This site is optimized with the Yoast SEO plugin v27.4 - https:\/\/yoast.com\/product\/yoast-seo-wordpress\/ -->\n<title>\ub545\ucf69 \uc624\uc77c - \ub3c4\ub9e4 \uc720\ud1b5\uc5c5\uccb4<\/title>\n<meta name=\"description\" content=\"\ub545\ucf69 \uc624\uc77c\uc740 Arachis Hypogaea Oil\ub85c\ub3c4 \uc54c\ub824\uc838 \uc788\uc73c\uba70, \ub545\ucf69\uc744 \ub0c9\uc555\ucc29\ud558\uc5ec \uc5bb\ub294 \ud654\uc7a5\ud488 \uc6d0\ub8cc\uc785\ub2c8\ub2e4.\" \/>\n<meta name=\"robots\" content=\"index, follow, max-snippet:-1, max-image-preview:large, max-video-preview:-1\" \/>\n<link rel=\"canonical\" href=\"https:\/\/naturalpoland.com\/ko\/je-pum\/sig-yong-mit-hwa-jang-pum-yong-o-il\/%eb%95%85%ec%bd%a9-%ec%98%a4%ec%9d%bc\/\" \/>\n<meta property=\"og:locale\" content=\"ko_KR\" \/>\n<meta property=\"og:type\" content=\"article\" \/>\n<meta property=\"og:title\" content=\"\ub545\ucf69 \uc624\uc77c - \ub3c4\ub9e4 \uc720\ud1b5\uc5c5\uccb4\" \/>\n<meta property=\"og:description\" content=\"\ub545\ucf69 \uc624\uc77c\uc740 Arachis Hypogaea Oil\ub85c\ub3c4 \uc54c\ub824\uc838 \uc788\uc73c\uba70, \ub545\ucf69\uc744 \ub0c9\uc555\ucc29\ud558\uc5ec \uc5bb\ub294 \ud654\uc7a5\ud488 \uc6d0\ub8cc\uc785\ub2c8\ub2e4.\" \/>\n<meta property=\"og:url\" content=\"https:\/\/naturalpoland.com\/ko\/je-pum\/sig-yong-mit-hwa-jang-pum-yong-o-il\/%eb%95%85%ec%bd%a9-%ec%98%a4%ec%9d%bc\/\" \/>\n<meta property=\"og:site_name\" content=\"NATURAL POLAND - Hurtowy Dystrybutor Surowc\u00f3w\" \/>\n<meta property=\"article:publisher\" content=\"https:\/\/www.facebook.com\/naturalpoland.b2b\" \/>\n<meta property=\"article:modified_time\" content=\"2026-02-25T16:10:10+00:00\" \/>\n<meta property=\"og:image\" content=\"https:\/\/naturalpoland.com\/wp-content\/uploads\/olej-arachidowy.webp\" \/>\n\t<meta property=\"og:image:width\" content=\"597\" \/>\n\t<meta property=\"og:image:height\" content=\"597\" \/>\n\t<meta property=\"og:image:type\" content=\"image\/webp\" \/>\n<script type=\"application\/ld+json\" class=\"yoast-schema-graph\">{\"@context\":\"https:\\\/\\\/schema.org\",\"@graph\":[{\"@type\":\"WebPage\",\"@id\":\"https:\\\/\\\/naturalpoland.com\\\/ko\\\/je-pum\\\/sig-yong-mit-hwa-jang-pum-yong-o-il\\\/%eb%95%85%ec%bd%a9-%ec%98%a4%ec%9d%bc\\\/\",\"url\":\"https:\\\/\\\/naturalpoland.com\\\/ko\\\/je-pum\\\/sig-yong-mit-hwa-jang-pum-yong-o-il\\\/%eb%95%85%ec%bd%a9-%ec%98%a4%ec%9d%bc\\\/\",\"name\":\"\ub545\ucf69 \uc624\uc77c - \ub3c4\ub9e4 \uc720\ud1b5\uc5c5\uccb4\",\"isPartOf\":{\"@id\":\"https:\\\/\\\/naturalpoland.com\\\/ko\\\/#website\"},\"primaryImageOfPage\":{\"@id\":\"https:\\\/\\\/naturalpoland.com\\\/ko\\\/je-pum\\\/sig-yong-mit-hwa-jang-pum-yong-o-il\\\/%eb%95%85%ec%bd%a9-%ec%98%a4%ec%9d%bc\\\/#primaryimage\"},\"image\":{\"@id\":\"https:\\\/\\\/naturalpoland.com\\\/ko\\\/je-pum\\\/sig-yong-mit-hwa-jang-pum-yong-o-il\\\/%eb%95%85%ec%bd%a9-%ec%98%a4%ec%9d%bc\\\/#primaryimage\"},\"thumbnailUrl\":\"https:\\\/\\\/naturalpoland.com\\\/wp-content\\\/uploads\\\/olej-arachidowy.webp\",\"datePublished\":\"2025-01-30T11:06:58+00:00\",\"dateModified\":\"2026-02-25T16:10:10+00:00\",\"description\":\"\ub545\ucf69 \uc624\uc77c\uc740 Arachis Hypogaea Oil\ub85c\ub3c4 \uc54c\ub824\uc838 \uc788\uc73c\uba70, \ub545\ucf69\uc744 \ub0c9\uc555\ucc29\ud558\uc5ec \uc5bb\ub294 \ud654\uc7a5\ud488 \uc6d0\ub8cc\uc785\ub2c8\ub2e4.\",\"breadcrumb\":{\"@id\":\"https:\\\/\\\/naturalpoland.com\\\/ko\\\/je-pum\\\/sig-yong-mit-hwa-jang-pum-yong-o-il\\\/%eb%95%85%ec%bd%a9-%ec%98%a4%ec%9d%bc\\\/#breadcrumb\"},\"inLanguage\":\"ko-KR\",\"potentialAction\":[{\"@type\":\"ReadAction\",\"target\":[\"https:\\\/\\\/naturalpoland.com\\\/ko\\\/je-pum\\\/sig-yong-mit-hwa-jang-pum-yong-o-il\\\/%eb%95%85%ec%bd%a9-%ec%98%a4%ec%9d%bc\\\/\"]}]},{\"@type\":\"ImageObject\",\"inLanguage\":\"ko-KR\",\"@id\":\"https:\\\/\\\/naturalpoland.com\\\/ko\\\/je-pum\\\/sig-yong-mit-hwa-jang-pum-yong-o-il\\\/%eb%95%85%ec%bd%a9-%ec%98%a4%ec%9d%bc\\\/#primaryimage\",\"url\":\"https:\\\/\\\/naturalpoland.com\\\/wp-content\\\/uploads\\\/olej-arachidowy.webp\",\"contentUrl\":\"https:\\\/\\\/naturalpoland.com\\\/wp-content\\\/uploads\\\/olej-arachidowy.webp\",\"width\":597,\"height\":597,\"caption\":\"\ub545\ucf69 \uc624\uc77c\"},{\"@type\":\"BreadcrumbList\",\"@id\":\"https:\\\/\\\/naturalpoland.com\\\/ko\\\/je-pum\\\/sig-yong-mit-hwa-jang-pum-yong-o-il\\\/%eb%95%85%ec%bd%a9-%ec%98%a4%ec%9d%bc\\\/#breadcrumb\",\"itemListElement\":[{\"@type\":\"ListItem\",\"position\":1,\"name\":\"\ud648\",\"item\":\"https:\\\/\\\/naturalpoland.com\\\/ko\\\/\"},{\"@type\":\"ListItem\",\"position\":2,\"name\":\"\uc81c\ud488\",\"item\":\"https:\\\/\\\/naturalpoland.com\\\/ko\\\/%ec%a0%9c%ed%92%88\\\/\"},{\"@type\":\"ListItem\",\"position\":3,\"name\":\"\ub545\ucf69 \uc624\uc77c\"}]},{\"@type\":\"WebSite\",\"@id\":\"https:\\\/\\\/naturalpoland.com\\\/ko\\\/#website\",\"url\":\"https:\\\/\\\/naturalpoland.com\\\/ko\\\/\",\"name\":\"NATURAL POLAND - Hurtowy Dystrybutor Surowc\u00f3w\",\"description\":\"Surowce dla przemys\u0142u spo\u017cywczego, kosmetycznego i farmaceutycznego\",\"publisher\":{\"@id\":\"https:\\\/\\\/naturalpoland.com\\\/ko\\\/#organization\"},\"potentialAction\":[{\"@type\":\"SearchAction\",\"target\":{\"@type\":\"EntryPoint\",\"urlTemplate\":\"https:\\\/\\\/naturalpoland.com\\\/ko\\\/?s={search_term_string}\"},\"query-input\":{\"@type\":\"PropertyValueSpecification\",\"valueRequired\":true,\"valueName\":\"search_term_string\"}}],\"inLanguage\":\"ko-KR\"},{\"@type\":\"Organization\",\"@id\":\"https:\\\/\\\/naturalpoland.com\\\/ko\\\/#organization\",\"name\":\"Natural Poland\",\"url\":\"https:\\\/\\\/naturalpoland.com\\\/ko\\\/\",\"logo\":{\"@type\":\"ImageObject\",\"inLanguage\":\"ko-KR\",\"@id\":\"https:\\\/\\\/naturalpoland.com\\\/ko\\\/#\\\/schema\\\/logo\\\/image\\\/\",\"url\":\"https:\\\/\\\/naturalpoland.com\\\/wp-content\\\/uploads\\\/2021\\\/05\\\/natural-poland-icon.png\",\"contentUrl\":\"https:\\\/\\\/naturalpoland.com\\\/wp-content\\\/uploads\\\/2021\\\/05\\\/natural-poland-icon.png\",\"width\":512,\"height\":512,\"caption\":\"Natural Poland\"},\"image\":{\"@id\":\"https:\\\/\\\/naturalpoland.com\\\/ko\\\/#\\\/schema\\\/logo\\\/image\\\/\"},\"sameAs\":[\"https:\\\/\\\/www.facebook.com\\\/naturalpoland.b2b\",\"https:\\\/\\\/pl.linkedin.com\\\/company\\\/natural-poland\",\"https:\\\/\\\/www.youtube.com\\\/channel\\\/UCgeGGkvOMahZo-xu_MSEWxg\"]}]}<\/script>\n<!-- \/ Yoast SEO plugin. -->","yoast_head_json":{"title":"\ub545\ucf69 \uc624\uc77c - \ub3c4\ub9e4 \uc720\ud1b5\uc5c5\uccb4","description":"\ub545\ucf69 \uc624\uc77c\uc740 Arachis Hypogaea Oil\ub85c\ub3c4 \uc54c\ub824\uc838 \uc788\uc73c\uba70, \ub545\ucf69\uc744 \ub0c9\uc555\ucc29\ud558\uc5ec \uc5bb\ub294 \ud654\uc7a5\ud488 \uc6d0\ub8cc\uc785\ub2c8\ub2e4.","robots":{"index":"index","follow":"follow","max-snippet":"max-snippet:-1","max-image-preview":"max-image-preview:large","max-video-preview":"max-video-preview:-1"},"canonical":"https:\/\/naturalpoland.com\/ko\/je-pum\/sig-yong-mit-hwa-jang-pum-yong-o-il\/%eb%95%85%ec%bd%a9-%ec%98%a4%ec%9d%bc\/","og_locale":"ko_KR","og_type":"article","og_title":"\ub545\ucf69 \uc624\uc77c - \ub3c4\ub9e4 \uc720\ud1b5\uc5c5\uccb4","og_description":"\ub545\ucf69 \uc624\uc77c\uc740 Arachis Hypogaea Oil\ub85c\ub3c4 \uc54c\ub824\uc838 \uc788\uc73c\uba70, \ub545\ucf69\uc744 \ub0c9\uc555\ucc29\ud558\uc5ec \uc5bb\ub294 \ud654\uc7a5\ud488 \uc6d0\ub8cc\uc785\ub2c8\ub2e4.","og_url":"https:\/\/naturalpoland.com\/ko\/je-pum\/sig-yong-mit-hwa-jang-pum-yong-o-il\/%eb%95%85%ec%bd%a9-%ec%98%a4%ec%9d%bc\/","og_site_name":"NATURAL POLAND - Hurtowy Dystrybutor Surowc\u00f3w","article_publisher":"https:\/\/www.facebook.com\/naturalpoland.b2b","article_modified_time":"2026-02-25T16:10:10+00:00","og_image":[{"width":597,"height":597,"url":"https:\/\/naturalpoland.com\/wp-content\/uploads\/olej-arachidowy.webp","type":"image\/webp"}],"schema":{"@context":"https:\/\/schema.org","@graph":[{"@type":"WebPage","@id":"https:\/\/naturalpoland.com\/ko\/je-pum\/sig-yong-mit-hwa-jang-pum-yong-o-il\/%eb%95%85%ec%bd%a9-%ec%98%a4%ec%9d%bc\/","url":"https:\/\/naturalpoland.com\/ko\/je-pum\/sig-yong-mit-hwa-jang-pum-yong-o-il\/%eb%95%85%ec%bd%a9-%ec%98%a4%ec%9d%bc\/","name":"\ub545\ucf69 \uc624\uc77c - \ub3c4\ub9e4 \uc720\ud1b5\uc5c5\uccb4","isPartOf":{"@id":"https:\/\/naturalpoland.com\/ko\/#website"},"primaryImageOfPage":{"@id":"https:\/\/naturalpoland.com\/ko\/je-pum\/sig-yong-mit-hwa-jang-pum-yong-o-il\/%eb%95%85%ec%bd%a9-%ec%98%a4%ec%9d%bc\/#primaryimage"},"image":{"@id":"https:\/\/naturalpoland.com\/ko\/je-pum\/sig-yong-mit-hwa-jang-pum-yong-o-il\/%eb%95%85%ec%bd%a9-%ec%98%a4%ec%9d%bc\/#primaryimage"},"thumbnailUrl":"https:\/\/naturalpoland.com\/wp-content\/uploads\/olej-arachidowy.webp","datePublished":"2025-01-30T11:06:58+00:00","dateModified":"2026-02-25T16:10:10+00:00","description":"\ub545\ucf69 \uc624\uc77c\uc740 Arachis Hypogaea Oil\ub85c\ub3c4 \uc54c\ub824\uc838 \uc788\uc73c\uba70, \ub545\ucf69\uc744 \ub0c9\uc555\ucc29\ud558\uc5ec \uc5bb\ub294 \ud654\uc7a5\ud488 \uc6d0\ub8cc\uc785\ub2c8\ub2e4.","breadcrumb":{"@id":"https:\/\/naturalpoland.com\/ko\/je-pum\/sig-yong-mit-hwa-jang-pum-yong-o-il\/%eb%95%85%ec%bd%a9-%ec%98%a4%ec%9d%bc\/#breadcrumb"},"inLanguage":"ko-KR","potentialAction":[{"@type":"ReadAction","target":["https:\/\/naturalpoland.com\/ko\/je-pum\/sig-yong-mit-hwa-jang-pum-yong-o-il\/%eb%95%85%ec%bd%a9-%ec%98%a4%ec%9d%bc\/"]}]},{"@type":"ImageObject","inLanguage":"ko-KR","@id":"https:\/\/naturalpoland.com\/ko\/je-pum\/sig-yong-mit-hwa-jang-pum-yong-o-il\/%eb%95%85%ec%bd%a9-%ec%98%a4%ec%9d%bc\/#primaryimage","url":"https:\/\/naturalpoland.com\/wp-content\/uploads\/olej-arachidowy.webp","contentUrl":"https:\/\/naturalpoland.com\/wp-content\/uploads\/olej-arachidowy.webp","width":597,"height":597,"caption":"\ub545\ucf69 \uc624\uc77c"},{"@type":"BreadcrumbList","@id":"https:\/\/naturalpoland.com\/ko\/je-pum\/sig-yong-mit-hwa-jang-pum-yong-o-il\/%eb%95%85%ec%bd%a9-%ec%98%a4%ec%9d%bc\/#breadcrumb","itemListElement":[{"@type":"ListItem","position":1,"name":"\ud648","item":"https:\/\/naturalpoland.com\/ko\/"},{"@type":"ListItem","position":2,"name":"\uc81c\ud488","item":"https:\/\/naturalpoland.com\/ko\/%ec%a0%9c%ed%92%88\/"},{"@type":"ListItem","position":3,"name":"\ub545\ucf69 \uc624\uc77c"}]},{"@type":"WebSite","@id":"https:\/\/naturalpoland.com\/ko\/#website","url":"https:\/\/naturalpoland.com\/ko\/","name":"NATURAL POLAND - Hurtowy Dystrybutor Surowc\u00f3w","description":"Surowce dla przemys\u0142u spo\u017cywczego, kosmetycznego i farmaceutycznego","publisher":{"@id":"https:\/\/naturalpoland.com\/ko\/#organization"},"potentialAction":[{"@type":"SearchAction","target":{"@type":"EntryPoint","urlTemplate":"https:\/\/naturalpoland.com\/ko\/?s={search_term_string}"},"query-input":{"@type":"PropertyValueSpecification","valueRequired":true,"valueName":"search_term_string"}}],"inLanguage":"ko-KR"},{"@type":"Organization","@id":"https:\/\/naturalpoland.com\/ko\/#organization","name":"Natural Poland","url":"https:\/\/naturalpoland.com\/ko\/","logo":{"@type":"ImageObject","inLanguage":"ko-KR","@id":"https:\/\/naturalpoland.com\/ko\/#\/schema\/logo\/image\/","url":"https:\/\/naturalpoland.com\/wp-content\/uploads\/2021\/05\/natural-poland-icon.png","contentUrl":"https:\/\/naturalpoland.com\/wp-content\/uploads\/2021\/05\/natural-poland-icon.png","width":512,"height":512,"caption":"Natural Poland"},"image":{"@id":"https:\/\/naturalpoland.com\/ko\/#\/schema\/logo\/image\/"},"sameAs":["https:\/\/www.facebook.com\/naturalpoland.b2b","https:\/\/pl.linkedin.com\/company\/natural-poland","https:\/\/www.youtube.com\/channel\/UCgeGGkvOMahZo-xu_MSEWxg"]}]}},"_links":{"self":[{"href":"https:\/\/naturalpoland.com\/ko\/wp-json\/wp\/v2\/product\/46164","targetHints":{"allow":["GET"]}}],"collection":[{"href":"https:\/\/naturalpoland.com\/ko\/wp-json\/wp\/v2\/product"}],"about":[{"href":"https:\/\/naturalpoland.com\/ko\/wp-json\/wp\/v2\/types\/product"}],"wp:featuredmedia":[{"embeddable":true,"href":"https:\/\/naturalpoland.com\/ko\/wp-json\/wp\/v2\/media\/46165"}],"wp:attachment":[{"href":"https:\/\/naturalpoland.com\/ko\/wp-json\/wp\/v2\/media?parent=46164"}],"wp:term":[{"taxonomy":"product_brand","embeddable":true,"href":"https:\/\/naturalpoland.com\/ko\/wp-json\/wp\/v2\/product_brand?post=46164"},{"taxonomy":"product_cat","embeddable":true,"href":"https:\/\/naturalpoland.com\/ko\/wp-json\/wp\/v2\/product_cat?post=46164"},{"taxonomy":"product_tag","embeddable":true,"href":"https:\/\/naturalpoland.com\/ko\/wp-json\/wp\/v2\/product_tag?post=46164"}],"curies":[{"name":"wp","href":"https:\/\/api.w.org\/{rel}","templated":true}]}}