{"id":46174,"date":"2024-12-19T16:00:48","date_gmt":"2024-12-19T15:00:48","guid":{"rendered":"https:\/\/naturalpoland.com\/produkty\/uncategorized\/%ec%b4%88%eb%a1%9d%ec%9e%85%ed%99%8d%ed%95%a9-%eb%b6%84%eb%a7%90\/"},"modified":"2026-02-25T17:10:57","modified_gmt":"2026-02-25T16:10:57","slug":"%ec%b4%88%eb%a1%9d%ec%9e%85%ed%99%8d%ed%95%a9-%eb%b6%84%eb%a7%90","status":"publish","type":"product","link":"https:\/\/naturalpoland.com\/ko\/je-pum\/dong-mul-yong-won-ryo\/%ec%b4%88%eb%a1%9d%ec%9e%85%ed%99%8d%ed%95%a9-%eb%b6%84%eb%a7%90\/","title":{"rendered":"\ucd08\ub85d\uc785\ud64d\ud569 \ubd84\ub9d0"},"content":{"rendered":"<p data-pm-slice=\"1 1 []\">\ucd08\ub85d\uc785\ud64d\ud569 \ubd84\ub9d0\uc740 <strong>\ub3d9\ubb3c \uc0ac\ub8cc<\/strong>\uc6a9\uc73c\ub85c \ud2b9\ubcc4\ud788 \uac1c\ubc1c\ub41c \uc790\uc5f0\uc801\uc774\uace0 \uc601\uc591\uac00\uac00 \ub192\uc740 \uc131\ubd84\uc785\ub2c8\ub2e4. \ub2e8\ubc31\uc9c8, \uc9c0\uc9c8 \ubc0f \uae00\ub9ac\ucf54\uc0ac\ubbf8\ub178\uae00\ub9ac\uce78\uc774 \ud48d\ubd80\ud558\uc5ec \ub3d9\ubb3c \uac74\uac15\uacfc \uc2e0\uccb4 \uc7ac\uc0dd\uc5d0 \ud0c1\uc6d4\ud55c \ub3c4\uc6c0\uc744 \uc90d\ub2c8\ub2e4. <\/p>\n<h2>\ud2b9\uc131:<\/h2>\n<p>\uc81c\ud488\uc5d0 \ud568\uc720\ub41c \uae00\ub9ac\ucf54\uc0ac\ubbf8\ub178\uae00\ub9ac\uce78\uc740 \uad00\uc808\uc561 \uc0dd\uc131\uc744 \uc9c0\uc6d0\ud558\uc5ec \uad00\uc808 \uac74\uac15\uc5d0 \uae30\uc5ec\ud569\ub2c8\ub2e4. \ub610\ud55c \uc624\uba54\uac00-3 \uc9c0\ubc29\uc0b0\uc740 \uc5fc\uc99d\uc744 \uc904\uc774\uace0 \uad00\uc808\uc5fc \uce58\ub8cc\uc5d0 \ub3c4\uc6c0\uc744 \uc90d\ub2c8\ub2e4. <\/p>\n<p>50-70% \uc218\uc900\uc758 \ub2e8\ubc31\uc9c8 \ud568\ub7c9\uc740 \uc870\uc9c1 \uc131\uc7a5\uacfc \uc7ac\uc0dd\uc5d0 \ud544\uc218\uc801\uc778 \uc544\ubbf8\ub178\uc0b0\uc744 \uc81c\uacf5\ud558\uba70, <span style=\"font-size: 14.4px;\">\uc9c0\uc9c8\uacfc \uc624\uba54\uac00-3 \uc9c0\ubc29\uc0b0\uc740 \uac74\uac15\ud55c \ubc1c\ub2ec\uc744 \uc9c0\uc6d0\ud558\uace0 \ud53c\ubd80 \ubc0f \ud138 \uc0c1\ud0dc\ub97c \uac1c\uc120\ud569\ub2c8\ub2e4.<\/span><\/p>\n<h2>\uc0ac\ub8cc \uc801\uc6a9 \ubd84\uc57c:<\/h2>\n<ol>\n<li>\uac1c\uc640 \uace0\uc591\uc774 \uc0ac\ub8cc &#8211; \uad00\uc808 \uac74\uac15 \uc9c0\uc6d0 \ubc0f \uc774\ub3d9\uc131 \uac1c\uc120<\/li>\n<li>\ub9d0 \uc0ac\ub8cc &#8211; \uc6b4\ub3d9\uacc4 \uac74\uac15 \ubc0f \uc7ac\uc0dd \uc9c0\uc6d0<\/li>\n<li>\uc5b4\ub958 \ubc0f \uac11\uac01\ub958 \uc0ac\ub8cc &#8211; \uc601\uc591 \uacf5\uae09\uc6d0<\/li>\n<\/ol>\n","protected":false},"excerpt":{"rendered":"<p><strong>\ucd08\ub85d\uc785\ud64d\ud569 \ubd84\ub9d0<\/strong>(Green Lipped Mussel Powder)\uc740 \ub274\uc9c8\ub79c\ub4dc\uc758 \uae68\ub057\ud55c \ubc14\ub2e4\uc5d0\uc11c \uc5bb\uc740 \ub3c5\ud2b9\ud55c \uc6d0\ub8cc\uc785\ub2c8\ub2e4. \uc12c\uc720\uc9c8, \ub2e8\ubc31\uc9c8 \ubc0f \ud575\uc2ec \uc624\uba54\uac00-3 \uc9c0\ubc29\uc0b0\uc774 \ud48d\ubd80\ud55c \uac83\uc73c\ub85c \uc720\uba85\ud55c <em><strong>Perna canaliculus<\/strong><\/em> \ud64d\ud569\uc758 \uc0b4\uc5d0\uc11c \ucd94\ucd9c\ub429\ub2c8\ub2e4. \ucca8\ub2e8 \uac74\uc870 \ubc0f \ubd84\uc1c4 \uacf5\uc815\uc744 \ud1b5\ud574 \ubaa8\ub4e0 \uc790\uc5f0 \uc601\uc591\uc18c\uc640 \uc0dd\uccb4 \ud65c\uc131 \uac00\uce58\ub97c \ubcf4\uc874\ud569\ub2c8\ub2e4.  <\/p>\n","protected":false},"featured_media":46175,"template":"","meta":{"_acf_changed":false},"product_brand":[],"product_cat":[8139],"product_tag":[],"class_list":{"0":"post-46174","1":"product","2":"type-product","3":"status-publish","4":"has-post-thumbnail","6":"product_cat-dong-mul-yong-won-ryo","8":"first","9":"instock","10":"shipping-taxable","11":"product-type-simple"},"acf":[],"yoast_head":"<!-- This site is optimized with the Yoast SEO plugin v27.4 - https:\/\/yoast.com\/product\/yoast-seo-wordpress\/ -->\n<title>\ucd08\ub85d\uc785\ud64d\ud569 \ubd84\ub9d0 - \uc6d0\uc790\uc7ac \ub3c4\ub9e4 \uc720\ud1b5\uc5c5\uccb4 - NATURAL POLAND - Hurtowy Dystrybutor Surowc\u00f3w<\/title>\n<meta name=\"description\" content=\"\ucd08\ub85d\uc785\ud64d\ud569 \ubd84\ub9d0(Green Lipped Mussel Powder)\uc740 \ub3d9\ubb3c \uc0ac\ub8cc\uc6a9\uc73c\ub85c \ud2b9\ubcc4\ud788 \uac1c\ubc1c\ub41c \uc790\uc5f0\uc801\uc774\uace0 \uc601\uc591\uac00\uac00 \ub192\uc740 \uc131\ubd84\uc785\ub2c8\ub2e4.\" \/>\n<meta name=\"robots\" content=\"index, follow, max-snippet:-1, max-image-preview:large, max-video-preview:-1\" \/>\n<link rel=\"canonical\" href=\"https:\/\/naturalpoland.com\/ko\/je-pum\/dong-mul-yong-won-ryo\/%ec%b4%88%eb%a1%9d%ec%9e%85%ed%99%8d%ed%95%a9-%eb%b6%84%eb%a7%90\/\" \/>\n<meta property=\"og:locale\" content=\"ko_KR\" \/>\n<meta property=\"og:type\" content=\"article\" \/>\n<meta property=\"og:title\" content=\"\ucd08\ub85d\uc785\ud64d\ud569 \ubd84\ub9d0 - \uc6d0\uc790\uc7ac \ub3c4\ub9e4 \uc720\ud1b5\uc5c5\uccb4 - NATURAL POLAND - Hurtowy Dystrybutor Surowc\u00f3w\" \/>\n<meta property=\"og:description\" content=\"\ucd08\ub85d\uc785\ud64d\ud569 \ubd84\ub9d0(Green Lipped Mussel Powder)\uc740 \ub3d9\ubb3c \uc0ac\ub8cc\uc6a9\uc73c\ub85c \ud2b9\ubcc4\ud788 \uac1c\ubc1c\ub41c \uc790\uc5f0\uc801\uc774\uace0 \uc601\uc591\uac00\uac00 \ub192\uc740 \uc131\ubd84\uc785\ub2c8\ub2e4.\" \/>\n<meta property=\"og:url\" content=\"https:\/\/naturalpoland.com\/ko\/je-pum\/dong-mul-yong-won-ryo\/%ec%b4%88%eb%a1%9d%ec%9e%85%ed%99%8d%ed%95%a9-%eb%b6%84%eb%a7%90\/\" \/>\n<meta property=\"og:site_name\" content=\"NATURAL POLAND - Hurtowy Dystrybutor Surowc\u00f3w\" \/>\n<meta property=\"article:publisher\" content=\"https:\/\/www.facebook.com\/naturalpoland.b2b\" \/>\n<meta property=\"article:modified_time\" content=\"2026-02-25T16:10:57+00:00\" \/>\n<meta property=\"og:image\" content=\"https:\/\/naturalpoland.com\/wp-content\/uploads\/proszek-z-malzy-zielonowargowej.webp\" \/>\n\t<meta property=\"og:image:width\" content=\"592\" \/>\n\t<meta property=\"og:image:height\" content=\"592\" \/>\n\t<meta property=\"og:image:type\" content=\"image\/webp\" \/>\n<script type=\"application\/ld+json\" class=\"yoast-schema-graph\">{\"@context\":\"https:\\\/\\\/schema.org\",\"@graph\":[{\"@type\":\"WebPage\",\"@id\":\"https:\\\/\\\/naturalpoland.com\\\/ko\\\/je-pum\\\/dong-mul-yong-won-ryo\\\/%ec%b4%88%eb%a1%9d%ec%9e%85%ed%99%8d%ed%95%a9-%eb%b6%84%eb%a7%90\\\/\",\"url\":\"https:\\\/\\\/naturalpoland.com\\\/ko\\\/je-pum\\\/dong-mul-yong-won-ryo\\\/%ec%b4%88%eb%a1%9d%ec%9e%85%ed%99%8d%ed%95%a9-%eb%b6%84%eb%a7%90\\\/\",\"name\":\"\ucd08\ub85d\uc785\ud64d\ud569 \ubd84\ub9d0 - \uc6d0\uc790\uc7ac \ub3c4\ub9e4 \uc720\ud1b5\uc5c5\uccb4 - NATURAL POLAND - Hurtowy Dystrybutor Surowc\u00f3w\",\"isPartOf\":{\"@id\":\"https:\\\/\\\/naturalpoland.com\\\/ko\\\/#website\"},\"primaryImageOfPage\":{\"@id\":\"https:\\\/\\\/naturalpoland.com\\\/ko\\\/je-pum\\\/dong-mul-yong-won-ryo\\\/%ec%b4%88%eb%a1%9d%ec%9e%85%ed%99%8d%ed%95%a9-%eb%b6%84%eb%a7%90\\\/#primaryimage\"},\"image\":{\"@id\":\"https:\\\/\\\/naturalpoland.com\\\/ko\\\/je-pum\\\/dong-mul-yong-won-ryo\\\/%ec%b4%88%eb%a1%9d%ec%9e%85%ed%99%8d%ed%95%a9-%eb%b6%84%eb%a7%90\\\/#primaryimage\"},\"thumbnailUrl\":\"https:\\\/\\\/naturalpoland.com\\\/wp-content\\\/uploads\\\/proszek-z-malzy-zielonowargowej.webp\",\"datePublished\":\"2024-12-19T15:00:48+00:00\",\"dateModified\":\"2026-02-25T16:10:57+00:00\",\"description\":\"\ucd08\ub85d\uc785\ud64d\ud569 \ubd84\ub9d0(Green Lipped Mussel Powder)\uc740 \ub3d9\ubb3c \uc0ac\ub8cc\uc6a9\uc73c\ub85c \ud2b9\ubcc4\ud788 \uac1c\ubc1c\ub41c \uc790\uc5f0\uc801\uc774\uace0 \uc601\uc591\uac00\uac00 \ub192\uc740 \uc131\ubd84\uc785\ub2c8\ub2e4.\",\"breadcrumb\":{\"@id\":\"https:\\\/\\\/naturalpoland.com\\\/ko\\\/je-pum\\\/dong-mul-yong-won-ryo\\\/%ec%b4%88%eb%a1%9d%ec%9e%85%ed%99%8d%ed%95%a9-%eb%b6%84%eb%a7%90\\\/#breadcrumb\"},\"inLanguage\":\"ko-KR\",\"potentialAction\":[{\"@type\":\"ReadAction\",\"target\":[\"https:\\\/\\\/naturalpoland.com\\\/ko\\\/je-pum\\\/dong-mul-yong-won-ryo\\\/%ec%b4%88%eb%a1%9d%ec%9e%85%ed%99%8d%ed%95%a9-%eb%b6%84%eb%a7%90\\\/\"]}]},{\"@type\":\"ImageObject\",\"inLanguage\":\"ko-KR\",\"@id\":\"https:\\\/\\\/naturalpoland.com\\\/ko\\\/je-pum\\\/dong-mul-yong-won-ryo\\\/%ec%b4%88%eb%a1%9d%ec%9e%85%ed%99%8d%ed%95%a9-%eb%b6%84%eb%a7%90\\\/#primaryimage\",\"url\":\"https:\\\/\\\/naturalpoland.com\\\/wp-content\\\/uploads\\\/proszek-z-malzy-zielonowargowej.webp\",\"contentUrl\":\"https:\\\/\\\/naturalpoland.com\\\/wp-content\\\/uploads\\\/proszek-z-malzy-zielonowargowej.webp\",\"width\":592,\"height\":592,\"caption\":\"\ucd08\ub85d\uc785\ud64d\ud569 \ubd84\ub9d0\"},{\"@type\":\"BreadcrumbList\",\"@id\":\"https:\\\/\\\/naturalpoland.com\\\/ko\\\/je-pum\\\/dong-mul-yong-won-ryo\\\/%ec%b4%88%eb%a1%9d%ec%9e%85%ed%99%8d%ed%95%a9-%eb%b6%84%eb%a7%90\\\/#breadcrumb\",\"itemListElement\":[{\"@type\":\"ListItem\",\"position\":1,\"name\":\"\ud648\",\"item\":\"https:\\\/\\\/naturalpoland.com\\\/ko\\\/\"},{\"@type\":\"ListItem\",\"position\":2,\"name\":\"\uc81c\ud488\",\"item\":\"https:\\\/\\\/naturalpoland.com\\\/ko\\\/%ec%a0%9c%ed%92%88\\\/\"},{\"@type\":\"ListItem\",\"position\":3,\"name\":\"\ucd08\ub85d\uc785\ud64d\ud569 \ubd84\ub9d0\"}]},{\"@type\":\"WebSite\",\"@id\":\"https:\\\/\\\/naturalpoland.com\\\/ko\\\/#website\",\"url\":\"https:\\\/\\\/naturalpoland.com\\\/ko\\\/\",\"name\":\"NATURAL POLAND - Hurtowy Dystrybutor Surowc\u00f3w\",\"description\":\"Surowce dla przemys\u0142u spo\u017cywczego, kosmetycznego i farmaceutycznego\",\"publisher\":{\"@id\":\"https:\\\/\\\/naturalpoland.com\\\/ko\\\/#organization\"},\"potentialAction\":[{\"@type\":\"SearchAction\",\"target\":{\"@type\":\"EntryPoint\",\"urlTemplate\":\"https:\\\/\\\/naturalpoland.com\\\/ko\\\/?s={search_term_string}\"},\"query-input\":{\"@type\":\"PropertyValueSpecification\",\"valueRequired\":true,\"valueName\":\"search_term_string\"}}],\"inLanguage\":\"ko-KR\"},{\"@type\":\"Organization\",\"@id\":\"https:\\\/\\\/naturalpoland.com\\\/ko\\\/#organization\",\"name\":\"Natural Poland\",\"url\":\"https:\\\/\\\/naturalpoland.com\\\/ko\\\/\",\"logo\":{\"@type\":\"ImageObject\",\"inLanguage\":\"ko-KR\",\"@id\":\"https:\\\/\\\/naturalpoland.com\\\/ko\\\/#\\\/schema\\\/logo\\\/image\\\/\",\"url\":\"https:\\\/\\\/naturalpoland.com\\\/wp-content\\\/uploads\\\/2021\\\/05\\\/natural-poland-icon.png\",\"contentUrl\":\"https:\\\/\\\/naturalpoland.com\\\/wp-content\\\/uploads\\\/2021\\\/05\\\/natural-poland-icon.png\",\"width\":512,\"height\":512,\"caption\":\"Natural Poland\"},\"image\":{\"@id\":\"https:\\\/\\\/naturalpoland.com\\\/ko\\\/#\\\/schema\\\/logo\\\/image\\\/\"},\"sameAs\":[\"https:\\\/\\\/www.facebook.com\\\/naturalpoland.b2b\",\"https:\\\/\\\/pl.linkedin.com\\\/company\\\/natural-poland\",\"https:\\\/\\\/www.youtube.com\\\/channel\\\/UCgeGGkvOMahZo-xu_MSEWxg\"]}]}<\/script>\n<!-- \/ Yoast SEO plugin. -->","yoast_head_json":{"title":"\ucd08\ub85d\uc785\ud64d\ud569 \ubd84\ub9d0 - \uc6d0\uc790\uc7ac \ub3c4\ub9e4 \uc720\ud1b5\uc5c5\uccb4 - NATURAL POLAND - Hurtowy Dystrybutor Surowc\u00f3w","description":"\ucd08\ub85d\uc785\ud64d\ud569 \ubd84\ub9d0(Green Lipped Mussel Powder)\uc740 \ub3d9\ubb3c \uc0ac\ub8cc\uc6a9\uc73c\ub85c \ud2b9\ubcc4\ud788 \uac1c\ubc1c\ub41c \uc790\uc5f0\uc801\uc774\uace0 \uc601\uc591\uac00\uac00 \ub192\uc740 \uc131\ubd84\uc785\ub2c8\ub2e4.","robots":{"index":"index","follow":"follow","max-snippet":"max-snippet:-1","max-image-preview":"max-image-preview:large","max-video-preview":"max-video-preview:-1"},"canonical":"https:\/\/naturalpoland.com\/ko\/je-pum\/dong-mul-yong-won-ryo\/%ec%b4%88%eb%a1%9d%ec%9e%85%ed%99%8d%ed%95%a9-%eb%b6%84%eb%a7%90\/","og_locale":"ko_KR","og_type":"article","og_title":"\ucd08\ub85d\uc785\ud64d\ud569 \ubd84\ub9d0 - \uc6d0\uc790\uc7ac \ub3c4\ub9e4 \uc720\ud1b5\uc5c5\uccb4 - NATURAL POLAND - Hurtowy Dystrybutor Surowc\u00f3w","og_description":"\ucd08\ub85d\uc785\ud64d\ud569 \ubd84\ub9d0(Green Lipped Mussel Powder)\uc740 \ub3d9\ubb3c \uc0ac\ub8cc\uc6a9\uc73c\ub85c \ud2b9\ubcc4\ud788 \uac1c\ubc1c\ub41c \uc790\uc5f0\uc801\uc774\uace0 \uc601\uc591\uac00\uac00 \ub192\uc740 \uc131\ubd84\uc785\ub2c8\ub2e4.","og_url":"https:\/\/naturalpoland.com\/ko\/je-pum\/dong-mul-yong-won-ryo\/%ec%b4%88%eb%a1%9d%ec%9e%85%ed%99%8d%ed%95%a9-%eb%b6%84%eb%a7%90\/","og_site_name":"NATURAL POLAND - Hurtowy Dystrybutor Surowc\u00f3w","article_publisher":"https:\/\/www.facebook.com\/naturalpoland.b2b","article_modified_time":"2026-02-25T16:10:57+00:00","og_image":[{"width":592,"height":592,"url":"https:\/\/naturalpoland.com\/wp-content\/uploads\/proszek-z-malzy-zielonowargowej.webp","type":"image\/webp"}],"schema":{"@context":"https:\/\/schema.org","@graph":[{"@type":"WebPage","@id":"https:\/\/naturalpoland.com\/ko\/je-pum\/dong-mul-yong-won-ryo\/%ec%b4%88%eb%a1%9d%ec%9e%85%ed%99%8d%ed%95%a9-%eb%b6%84%eb%a7%90\/","url":"https:\/\/naturalpoland.com\/ko\/je-pum\/dong-mul-yong-won-ryo\/%ec%b4%88%eb%a1%9d%ec%9e%85%ed%99%8d%ed%95%a9-%eb%b6%84%eb%a7%90\/","name":"\ucd08\ub85d\uc785\ud64d\ud569 \ubd84\ub9d0 - \uc6d0\uc790\uc7ac \ub3c4\ub9e4 \uc720\ud1b5\uc5c5\uccb4 - NATURAL POLAND - Hurtowy Dystrybutor Surowc\u00f3w","isPartOf":{"@id":"https:\/\/naturalpoland.com\/ko\/#website"},"primaryImageOfPage":{"@id":"https:\/\/naturalpoland.com\/ko\/je-pum\/dong-mul-yong-won-ryo\/%ec%b4%88%eb%a1%9d%ec%9e%85%ed%99%8d%ed%95%a9-%eb%b6%84%eb%a7%90\/#primaryimage"},"image":{"@id":"https:\/\/naturalpoland.com\/ko\/je-pum\/dong-mul-yong-won-ryo\/%ec%b4%88%eb%a1%9d%ec%9e%85%ed%99%8d%ed%95%a9-%eb%b6%84%eb%a7%90\/#primaryimage"},"thumbnailUrl":"https:\/\/naturalpoland.com\/wp-content\/uploads\/proszek-z-malzy-zielonowargowej.webp","datePublished":"2024-12-19T15:00:48+00:00","dateModified":"2026-02-25T16:10:57+00:00","description":"\ucd08\ub85d\uc785\ud64d\ud569 \ubd84\ub9d0(Green Lipped Mussel Powder)\uc740 \ub3d9\ubb3c \uc0ac\ub8cc\uc6a9\uc73c\ub85c \ud2b9\ubcc4\ud788 \uac1c\ubc1c\ub41c \uc790\uc5f0\uc801\uc774\uace0 \uc601\uc591\uac00\uac00 \ub192\uc740 \uc131\ubd84\uc785\ub2c8\ub2e4.","breadcrumb":{"@id":"https:\/\/naturalpoland.com\/ko\/je-pum\/dong-mul-yong-won-ryo\/%ec%b4%88%eb%a1%9d%ec%9e%85%ed%99%8d%ed%95%a9-%eb%b6%84%eb%a7%90\/#breadcrumb"},"inLanguage":"ko-KR","potentialAction":[{"@type":"ReadAction","target":["https:\/\/naturalpoland.com\/ko\/je-pum\/dong-mul-yong-won-ryo\/%ec%b4%88%eb%a1%9d%ec%9e%85%ed%99%8d%ed%95%a9-%eb%b6%84%eb%a7%90\/"]}]},{"@type":"ImageObject","inLanguage":"ko-KR","@id":"https:\/\/naturalpoland.com\/ko\/je-pum\/dong-mul-yong-won-ryo\/%ec%b4%88%eb%a1%9d%ec%9e%85%ed%99%8d%ed%95%a9-%eb%b6%84%eb%a7%90\/#primaryimage","url":"https:\/\/naturalpoland.com\/wp-content\/uploads\/proszek-z-malzy-zielonowargowej.webp","contentUrl":"https:\/\/naturalpoland.com\/wp-content\/uploads\/proszek-z-malzy-zielonowargowej.webp","width":592,"height":592,"caption":"\ucd08\ub85d\uc785\ud64d\ud569 \ubd84\ub9d0"},{"@type":"BreadcrumbList","@id":"https:\/\/naturalpoland.com\/ko\/je-pum\/dong-mul-yong-won-ryo\/%ec%b4%88%eb%a1%9d%ec%9e%85%ed%99%8d%ed%95%a9-%eb%b6%84%eb%a7%90\/#breadcrumb","itemListElement":[{"@type":"ListItem","position":1,"name":"\ud648","item":"https:\/\/naturalpoland.com\/ko\/"},{"@type":"ListItem","position":2,"name":"\uc81c\ud488","item":"https:\/\/naturalpoland.com\/ko\/%ec%a0%9c%ed%92%88\/"},{"@type":"ListItem","position":3,"name":"\ucd08\ub85d\uc785\ud64d\ud569 \ubd84\ub9d0"}]},{"@type":"WebSite","@id":"https:\/\/naturalpoland.com\/ko\/#website","url":"https:\/\/naturalpoland.com\/ko\/","name":"NATURAL POLAND - Hurtowy Dystrybutor Surowc\u00f3w","description":"Surowce dla przemys\u0142u spo\u017cywczego, kosmetycznego i farmaceutycznego","publisher":{"@id":"https:\/\/naturalpoland.com\/ko\/#organization"},"potentialAction":[{"@type":"SearchAction","target":{"@type":"EntryPoint","urlTemplate":"https:\/\/naturalpoland.com\/ko\/?s={search_term_string}"},"query-input":{"@type":"PropertyValueSpecification","valueRequired":true,"valueName":"search_term_string"}}],"inLanguage":"ko-KR"},{"@type":"Organization","@id":"https:\/\/naturalpoland.com\/ko\/#organization","name":"Natural Poland","url":"https:\/\/naturalpoland.com\/ko\/","logo":{"@type":"ImageObject","inLanguage":"ko-KR","@id":"https:\/\/naturalpoland.com\/ko\/#\/schema\/logo\/image\/","url":"https:\/\/naturalpoland.com\/wp-content\/uploads\/2021\/05\/natural-poland-icon.png","contentUrl":"https:\/\/naturalpoland.com\/wp-content\/uploads\/2021\/05\/natural-poland-icon.png","width":512,"height":512,"caption":"Natural Poland"},"image":{"@id":"https:\/\/naturalpoland.com\/ko\/#\/schema\/logo\/image\/"},"sameAs":["https:\/\/www.facebook.com\/naturalpoland.b2b","https:\/\/pl.linkedin.com\/company\/natural-poland","https:\/\/www.youtube.com\/channel\/UCgeGGkvOMahZo-xu_MSEWxg"]}]}},"_links":{"self":[{"href":"https:\/\/naturalpoland.com\/ko\/wp-json\/wp\/v2\/product\/46174","targetHints":{"allow":["GET"]}}],"collection":[{"href":"https:\/\/naturalpoland.com\/ko\/wp-json\/wp\/v2\/product"}],"about":[{"href":"https:\/\/naturalpoland.com\/ko\/wp-json\/wp\/v2\/types\/product"}],"wp:featuredmedia":[{"embeddable":true,"href":"https:\/\/naturalpoland.com\/ko\/wp-json\/wp\/v2\/media\/46175"}],"wp:attachment":[{"href":"https:\/\/naturalpoland.com\/ko\/wp-json\/wp\/v2\/media?parent=46174"}],"wp:term":[{"taxonomy":"product_brand","embeddable":true,"href":"https:\/\/naturalpoland.com\/ko\/wp-json\/wp\/v2\/product_brand?post=46174"},{"taxonomy":"product_cat","embeddable":true,"href":"https:\/\/naturalpoland.com\/ko\/wp-json\/wp\/v2\/product_cat?post=46174"},{"taxonomy":"product_tag","embeddable":true,"href":"https:\/\/naturalpoland.com\/ko\/wp-json\/wp\/v2\/product_tag?post=46174"}],"curies":[{"name":"wp","href":"https:\/\/api.w.org\/{rel}","templated":true}]}}