{"id":46178,"date":"2025-02-07T13:34:05","date_gmt":"2025-02-07T12:34:05","guid":{"rendered":"https:\/\/naturalpoland.com\/produkty\/uncategorized\/%eb%94%b8%ea%b8%b0-%ed%96%a5\/"},"modified":"2026-02-25T17:11:19","modified_gmt":"2026-02-25T16:11:19","slug":"%eb%94%b8%ea%b8%b0-%ed%96%a5","status":"publish","type":"product","link":"https:\/\/naturalpoland.com\/ko\/je-pum\/sig-pum-won-ryo\/hyang-ryo\/gwa-il-hyang\/%eb%94%b8%ea%b8%b0-%ed%96%a5\/","title":{"rendered":"\ub538\uae30 \ud5a5"},"content":{"rendered":"<h2>\ucc9c\uc5f0 \ub538\uae30 \ud5a5<\/h2>\n<h3>\ucc9c\uc5f0 \uc561\uc0c1 \ub538\uae30 \ud5a5<\/h3>\n<p>\ucc9c\uc5f0 \ud5a5\ub8cc\ub294 \uc2e4\uc81c \uacfc\uc77c\uc758 \ud5a5\uc744 \ucda9\uc2e4\ud788 \ub2f4\uc544\ub0b8 \ucd5c\uace0 \ud488\uc9c8\uc758 \uc81c\ud488\uc785\ub2c8\ub2e4. <strong>WONF \ud488\uc9c8\uc758 \uc561\uc0c1 \ub538\uae30 \ud5a5\ub8cc<\/strong>\ub294 \uae4a\uace0 \ubc84\uac74\ub514 \uc0c9\uc870\ub97c \ub760\uba70, \uc798 \uc775\uc740 \ub2ec\ucf64\ud55c \ub538\uae30\ub97c \uc644\ubcbd\ud558\uac8c \uc7ac\ud604\ud558\uace0 \uace0\uc628\uc5d0 \uac15\ud569\ub2c8\ub2e4. \ubca0\uc774\ud0b9 \ubc0f \uc5f4 \uc548\uc815\uc131\uc774 \uc694\uad6c\ub418\ub294 \uc6a9\ub3c4\uc5d0 \uc801\ud569\ud569\ub2c8\ub2e4. \uc774 \ud5a5\ub8cc\uc758 \ub450 \ubc88\uc9f8 \ubcc0\ud615\uc740 \uc798 \uc775\uc740 \uacfc\uc721\uacfc \uc740\uc740\ud55c \ub179\uc0c9 \ub178\ud2b8\uc758 \uade0\ud615\uc744 \uc774\ub8e8\uc5b4 \uc2e0\uc120\ud558\uace0 \uc790\uc5f0\uc2a4\ub7ec\uc6b4 \ud2b9\uc131\uc744 \ubd80\uc5ec\ud569\ub2c8\ub2e4.   <\/p>\n<p>\ubc18\uba74, <strong>\ucc9c\uc5f0 \ub538\uae30 \ud5a5<\/strong>\uc740 \ud074\ub798\uc2dd\ud558\uace0 \uc2e0\uc120\ud558\uba70 \uc798 \uc775\uc740 \ub538\uae30\ub85c, \uadf8 \uac15\ub3c4\uc640 \uc9c4\uc815\uc131\uc774 \ud504\ub9ac\ubbf8\uc5c4 \uc751\uc6a9 \ubd84\uc57c\uc5d0 \uc801\ud569\ud569\ub2c8\ub2e4.<\/p>\n<h3>\ucc9c\uc5f0 \ubd84\ub9d0 \ub538\uae30 \ud5a5<\/h3>\n<p>\ubd84\ub9d0 \ud5a5\uc740 \uac74\uc870 \ud63c\ud569\ubb3c \ud615\ud0dc\uc758 \uc81c\ud488\uc5d0 \uc0ac\uc6a9\ud558\ub3c4\ub85d \uace0\uc548\ub418\uc5c8\uc2b5\ub2c8\ub2e4. \ubd84\ub9d0 \ud615\ud0dc\uc758 <strong>WONF \ud488\uc9c8\uc758 \ubd84\ub9d0 \ub538\uae30 \ud5a5<\/strong>\uc740 \ubc84\uac74\ub514\uc0c9\uc758 \uc798 \uc775\uc740 \ub538\uae30\uc758 \uc815\uc218\ub85c, \uc774 \uacfc\uc77c\uc758 \uae4a\uc774\uc640 \ud48d\ubd80\ud55c \ub9db\uc744 \uc804\ub2ec\ud569\ub2c8\ub2e4. <\/p>\n<p>&nbsp;<\/p>\n<h2>\uc561\uc0c1 \ub538\uae30 \ud5a5:<\/h2>\n<p>\uc800\ud76c\ub294 \ub610\ud55c \uc2dd\ud488 \uc81c\uc870\uc5c5\uccb4\uc758 \ud2b9\uc815 \uc694\uad6c\uc5d0 \ub9de\ucdb0 \ub2e4\uc591\ud55c \ud2b9\uc131\uc744 \uc9c0\ub2cc <strong>\uc561\uc0c1 \ub538\uae30 \ud5a5<\/strong>\uc744 \uc81c\uacf5\ud569\ub2c8\ub2e4. <\/p>\n<ul>\n<li><strong>\ub538\uae30 \uce94\ub514 \ud5a5<\/strong>\uc740 \uccb4\ub9ac\uc640 \ub77c\uc988\ubca0\ub9ac \ub178\ud2b8\uac00 \uac00\ubbf8\ub41c \ub2ec\ucf64\ud55c \uce94\ub514 \uac19\uc740 \ud2b9\uc131\uc774 \ud2b9\uc9d5\uc785\ub2c8\ub2e4.<\/li>\n<li><strong>\ub18d\ucd95 \ub538\uae30 \ud5a5<\/strong>\uc740 \ub364\ubd88\uc5d0\uc11c \uac13 \ub534 \uc2e0\uc120\ud558\uace0 \ub2ec\ucf64\ud55c \ub538\uae30\uc758 \uac15\ub82c\ud55c \ud5a5\uc785\ub2c8\ub2e4.<\/li>\n<li><strong>\ub9e4\uc6b0 \uc798 \uc775\uace0 \ub2ec\ucf64\ud55c \ub538\uae30 \ud5a5<\/strong>\uc740 \uc798 \uc775\uc740 \uacfc\uc77c\uc758 \uae4a\uc740 \ub9db\uc744 \uac15\uc870\ud569\ub2c8\ub2e4.<\/li>\n<li><strong>\uc774\uad6d\uc801\uc778 \ub538\uae30 \ud5a5<\/strong>\uc740 \uc721\uc999\uc774 \ud48d\ubd80\ud55c \ub538\uae30\uc640 \uc774\uad6d\uc801\uc778 \uc545\uc13c\ud2b8\ub97c \uacb0\ud569\ud569\ub2c8\ub2e4.<\/li>\n<li><strong>\ud654\uc774\ud2b8 \ub538\uae30 \ud5a5<\/strong>\uc740 \uc2e0\uc120\ud55c \ub538\uae30\uc640 \uc798 \uc775\uc740 \ud30c\uc778\uc560\ud50c \uc8fc\uc2a4\uc758 \uc870\ud569\uc785\ub2c8\ub2e4.<\/li>\n<li><strong>\ub514\uc800\ud2b8 \ub538\uae30 \ud5a5<\/strong>\uc740 \ud06c\ub9ac\ubbf8\ud558\uace0 \ubc00\ud0a4\ud55c \uc545\uc13c\ud2b8\uac00 \uc788\ub294 \ubcc0\ud615\uc73c\ub85c, \uc544\uc774\uc2a4\ud06c\ub9bc, \ud06c\ub9bc \ubc0f \uc81c\uacfc \ucda9\uc804\uc7ac\uc640 \uc644\ubcbd\ud558\uac8c \uc5b4\uc6b8\ub9bd\ub2c8\ub2e4.<\/li>\n<li><strong>\ud0d0\uc2a4\ub7ec\uc6b4 \ub538\uae30 \ud5a5<\/strong> \u2013 \ud48d\ubd80\ud558\uace0 \uc721\uc999\uc774 \ud48d\ubd80\ud55c \ub538\uae30\uc785\ub2c8\ub2e4.<\/li>\n<li><strong>\uce74\uc288\ube44\uc548 \ub538\uae30 \ud5a5<\/strong>\uc740 \uc880 \ub354 \uac00\uacf5\ub41c \uc0b0\ub538\uae30 \ud5a5\uc774 \ub0a9\ub2c8\ub2e4.<\/li>\n<li><strong>\ud504\ub9ac\ubbf8\uc5c4 \ub538\uae30 \ud5a5<\/strong>\uc740 \uc0b0\ub538\uae30 \uc545\uc13c\ud2b8\uac00 \uc788\ub294 \ud5a5\uae0b\ud558\uace0 \ub2ec\ucf64\ud55c \ub538\uae30\uc785\ub2c8\ub2e4.<\/li>\n<li><strong>\uc81c\uacfc\uc6a9 \ub538\uae30 \ud5a5<\/strong>\uc740 \uc804\ud1b5\uc801\uc778 \ubca0\uc774\ud0b9 \ubc0f \ud06c\ub9bc\uc744 \uc5f0\uc0c1\uc2dc\ud0a4\ub294 \uc12c\uc138\ud55c \ud06c\ub9bc \ub178\ud2b8\ub97c \uc81c\uacf5\ud569\ub2c8\ub2e4.<\/li>\n<\/ul>\n<p>&nbsp;<\/p>\n","protected":false},"excerpt":{"rendered":"<p>\ub538\uae30 \ud5a5\uc740 \uc2dd\ud488 \uc0b0\uc5c5\uc5d0\uc11c \uc0ac\uc6a9\ub418\ub294 \uac00\uc7a5 \uc778\uae30 \uc788\uace0 \ub2e4\uc7ac\ub2e4\ub2a5\ud55c \ud5a5 \uc911 \ud558\ub098\uc785\ub2c8\ub2e4. \ub2e4\uc591\ud55c \ubcc0\ud615 \ub355\ubd84\uc5d0 \ub538\uae30 \ud5a5\uc740 \uac15\ub82c\ud55c \uce94\ub514 \ub178\ud2b8\ubd80\ud130 \uc2e0\uc120\ud55c \uacfc\uc77c\uc744 \uc7ac\ud604\ud558\ub294 \ucc9c\uc5f0 \uc870\ud569\uc5d0 \uc774\ub974\uae30\uae4c\uc9c0 \ub2e4\uc591\ud55c \uc6a9\ub3c4\uc5d0 \ub9de\uac8c \uc870\uc815\ub420 \uc218 \uc788\uc2b5\ub2c8\ub2e4. <\/p>\n","protected":false},"featured_media":46179,"template":"","meta":{"_acf_changed":false},"product_brand":[],"product_cat":[8167],"product_tag":[],"class_list":{"0":"post-46178","1":"product","2":"type-product","3":"status-publish","4":"has-post-thumbnail","6":"product_cat-gwa-il-hyang","8":"first","9":"instock","10":"shipping-taxable","11":"product-type-simple"},"acf":[],"yoast_head":"<!-- This site is optimized with the Yoast SEO plugin v27.4 - https:\/\/yoast.com\/product\/yoast-seo-wordpress\/ -->\n<title>\ub538\uae30 \ud5a5 - Hurtowy Dystrybutor<\/title>\n<meta name=\"description\" content=\"\ub538\uae30 \ud5a5\uc740 \uc2dd\ud488 \uc0b0\uc5c5\uc5d0\uc11c \uc0ac\uc6a9\ub418\ub294 \uac00\uc7a5 \uc778\uae30 \uc788\uace0 \ub2e4\uc7ac\ub2e4\ub2a5\ud55c \ud5a5 \uc911 \ud558\ub098\uc785\ub2c8\ub2e4.\" \/>\n<meta name=\"robots\" content=\"index, follow, max-snippet:-1, max-image-preview:large, max-video-preview:-1\" \/>\n<link rel=\"canonical\" href=\"https:\/\/naturalpoland.com\/ko\/je-pum\/sig-pum-won-ryo\/hyang-ryo\/gwa-il-hyang\/%eb%94%b8%ea%b8%b0-%ed%96%a5\/\" \/>\n<meta property=\"og:locale\" content=\"ko_KR\" \/>\n<meta property=\"og:type\" content=\"article\" \/>\n<meta property=\"og:title\" content=\"\ub538\uae30 \ud5a5 - Hurtowy Dystrybutor\" \/>\n<meta property=\"og:description\" content=\"\ub538\uae30 \ud5a5\uc740 \uc2dd\ud488 \uc0b0\uc5c5\uc5d0\uc11c \uc0ac\uc6a9\ub418\ub294 \uac00\uc7a5 \uc778\uae30 \uc788\uace0 \ub2e4\uc7ac\ub2e4\ub2a5\ud55c \ud5a5 \uc911 \ud558\ub098\uc785\ub2c8\ub2e4.\" \/>\n<meta property=\"og:url\" content=\"https:\/\/naturalpoland.com\/ko\/je-pum\/sig-pum-won-ryo\/hyang-ryo\/gwa-il-hyang\/%eb%94%b8%ea%b8%b0-%ed%96%a5\/\" \/>\n<meta property=\"og:site_name\" content=\"NATURAL POLAND - Hurtowy Dystrybutor Surowc\u00f3w\" \/>\n<meta property=\"article:publisher\" content=\"https:\/\/www.facebook.com\/naturalpoland.b2b\" \/>\n<meta property=\"article:modified_time\" content=\"2026-02-25T16:11:19+00:00\" \/>\n<meta property=\"og:image\" content=\"https:\/\/naturalpoland.com\/wp-content\/uploads\/aromat-truskawkowy.webp\" \/>\n\t<meta property=\"og:image:width\" content=\"596\" \/>\n\t<meta property=\"og:image:height\" content=\"596\" \/>\n\t<meta property=\"og:image:type\" content=\"image\/webp\" \/>\n<script type=\"application\/ld+json\" class=\"yoast-schema-graph\">{\"@context\":\"https:\\\/\\\/schema.org\",\"@graph\":[{\"@type\":\"WebPage\",\"@id\":\"https:\\\/\\\/naturalpoland.com\\\/ko\\\/je-pum\\\/sig-pum-won-ryo\\\/hyang-ryo\\\/gwa-il-hyang\\\/%eb%94%b8%ea%b8%b0-%ed%96%a5\\\/\",\"url\":\"https:\\\/\\\/naturalpoland.com\\\/ko\\\/je-pum\\\/sig-pum-won-ryo\\\/hyang-ryo\\\/gwa-il-hyang\\\/%eb%94%b8%ea%b8%b0-%ed%96%a5\\\/\",\"name\":\"\ub538\uae30 \ud5a5 - Hurtowy Dystrybutor\",\"isPartOf\":{\"@id\":\"https:\\\/\\\/naturalpoland.com\\\/ko\\\/#website\"},\"primaryImageOfPage\":{\"@id\":\"https:\\\/\\\/naturalpoland.com\\\/ko\\\/je-pum\\\/sig-pum-won-ryo\\\/hyang-ryo\\\/gwa-il-hyang\\\/%eb%94%b8%ea%b8%b0-%ed%96%a5\\\/#primaryimage\"},\"image\":{\"@id\":\"https:\\\/\\\/naturalpoland.com\\\/ko\\\/je-pum\\\/sig-pum-won-ryo\\\/hyang-ryo\\\/gwa-il-hyang\\\/%eb%94%b8%ea%b8%b0-%ed%96%a5\\\/#primaryimage\"},\"thumbnailUrl\":\"https:\\\/\\\/naturalpoland.com\\\/wp-content\\\/uploads\\\/aromat-truskawkowy.webp\",\"datePublished\":\"2025-02-07T12:34:05+00:00\",\"dateModified\":\"2026-02-25T16:11:19+00:00\",\"description\":\"\ub538\uae30 \ud5a5\uc740 \uc2dd\ud488 \uc0b0\uc5c5\uc5d0\uc11c \uc0ac\uc6a9\ub418\ub294 \uac00\uc7a5 \uc778\uae30 \uc788\uace0 \ub2e4\uc7ac\ub2e4\ub2a5\ud55c \ud5a5 \uc911 \ud558\ub098\uc785\ub2c8\ub2e4.\",\"breadcrumb\":{\"@id\":\"https:\\\/\\\/naturalpoland.com\\\/ko\\\/je-pum\\\/sig-pum-won-ryo\\\/hyang-ryo\\\/gwa-il-hyang\\\/%eb%94%b8%ea%b8%b0-%ed%96%a5\\\/#breadcrumb\"},\"inLanguage\":\"ko-KR\",\"potentialAction\":[{\"@type\":\"ReadAction\",\"target\":[\"https:\\\/\\\/naturalpoland.com\\\/ko\\\/je-pum\\\/sig-pum-won-ryo\\\/hyang-ryo\\\/gwa-il-hyang\\\/%eb%94%b8%ea%b8%b0-%ed%96%a5\\\/\"]}]},{\"@type\":\"ImageObject\",\"inLanguage\":\"ko-KR\",\"@id\":\"https:\\\/\\\/naturalpoland.com\\\/ko\\\/je-pum\\\/sig-pum-won-ryo\\\/hyang-ryo\\\/gwa-il-hyang\\\/%eb%94%b8%ea%b8%b0-%ed%96%a5\\\/#primaryimage\",\"url\":\"https:\\\/\\\/naturalpoland.com\\\/wp-content\\\/uploads\\\/aromat-truskawkowy.webp\",\"contentUrl\":\"https:\\\/\\\/naturalpoland.com\\\/wp-content\\\/uploads\\\/aromat-truskawkowy.webp\",\"width\":596,\"height\":596,\"caption\":\"\ub538\uae30 \ud5a5\"},{\"@type\":\"BreadcrumbList\",\"@id\":\"https:\\\/\\\/naturalpoland.com\\\/ko\\\/je-pum\\\/sig-pum-won-ryo\\\/hyang-ryo\\\/gwa-il-hyang\\\/%eb%94%b8%ea%b8%b0-%ed%96%a5\\\/#breadcrumb\",\"itemListElement\":[{\"@type\":\"ListItem\",\"position\":1,\"name\":\"\ud648\",\"item\":\"https:\\\/\\\/naturalpoland.com\\\/ko\\\/\"},{\"@type\":\"ListItem\",\"position\":2,\"name\":\"\uc81c\ud488\",\"item\":\"https:\\\/\\\/naturalpoland.com\\\/ko\\\/%ec%a0%9c%ed%92%88\\\/\"},{\"@type\":\"ListItem\",\"position\":3,\"name\":\"\ub538\uae30 \ud5a5\"}]},{\"@type\":\"WebSite\",\"@id\":\"https:\\\/\\\/naturalpoland.com\\\/ko\\\/#website\",\"url\":\"https:\\\/\\\/naturalpoland.com\\\/ko\\\/\",\"name\":\"NATURAL POLAND - Hurtowy Dystrybutor Surowc\u00f3w\",\"description\":\"Surowce dla przemys\u0142u spo\u017cywczego, kosmetycznego i farmaceutycznego\",\"publisher\":{\"@id\":\"https:\\\/\\\/naturalpoland.com\\\/ko\\\/#organization\"},\"potentialAction\":[{\"@type\":\"SearchAction\",\"target\":{\"@type\":\"EntryPoint\",\"urlTemplate\":\"https:\\\/\\\/naturalpoland.com\\\/ko\\\/?s={search_term_string}\"},\"query-input\":{\"@type\":\"PropertyValueSpecification\",\"valueRequired\":true,\"valueName\":\"search_term_string\"}}],\"inLanguage\":\"ko-KR\"},{\"@type\":\"Organization\",\"@id\":\"https:\\\/\\\/naturalpoland.com\\\/ko\\\/#organization\",\"name\":\"Natural Poland\",\"url\":\"https:\\\/\\\/naturalpoland.com\\\/ko\\\/\",\"logo\":{\"@type\":\"ImageObject\",\"inLanguage\":\"ko-KR\",\"@id\":\"https:\\\/\\\/naturalpoland.com\\\/ko\\\/#\\\/schema\\\/logo\\\/image\\\/\",\"url\":\"https:\\\/\\\/naturalpoland.com\\\/wp-content\\\/uploads\\\/2021\\\/05\\\/natural-poland-icon.png\",\"contentUrl\":\"https:\\\/\\\/naturalpoland.com\\\/wp-content\\\/uploads\\\/2021\\\/05\\\/natural-poland-icon.png\",\"width\":512,\"height\":512,\"caption\":\"Natural Poland\"},\"image\":{\"@id\":\"https:\\\/\\\/naturalpoland.com\\\/ko\\\/#\\\/schema\\\/logo\\\/image\\\/\"},\"sameAs\":[\"https:\\\/\\\/www.facebook.com\\\/naturalpoland.b2b\",\"https:\\\/\\\/pl.linkedin.com\\\/company\\\/natural-poland\",\"https:\\\/\\\/www.youtube.com\\\/channel\\\/UCgeGGkvOMahZo-xu_MSEWxg\"]}]}<\/script>\n<!-- \/ Yoast SEO plugin. -->","yoast_head_json":{"title":"\ub538\uae30 \ud5a5 - Hurtowy Dystrybutor","description":"\ub538\uae30 \ud5a5\uc740 \uc2dd\ud488 \uc0b0\uc5c5\uc5d0\uc11c \uc0ac\uc6a9\ub418\ub294 \uac00\uc7a5 \uc778\uae30 \uc788\uace0 \ub2e4\uc7ac\ub2e4\ub2a5\ud55c \ud5a5 \uc911 \ud558\ub098\uc785\ub2c8\ub2e4.","robots":{"index":"index","follow":"follow","max-snippet":"max-snippet:-1","max-image-preview":"max-image-preview:large","max-video-preview":"max-video-preview:-1"},"canonical":"https:\/\/naturalpoland.com\/ko\/je-pum\/sig-pum-won-ryo\/hyang-ryo\/gwa-il-hyang\/%eb%94%b8%ea%b8%b0-%ed%96%a5\/","og_locale":"ko_KR","og_type":"article","og_title":"\ub538\uae30 \ud5a5 - Hurtowy Dystrybutor","og_description":"\ub538\uae30 \ud5a5\uc740 \uc2dd\ud488 \uc0b0\uc5c5\uc5d0\uc11c \uc0ac\uc6a9\ub418\ub294 \uac00\uc7a5 \uc778\uae30 \uc788\uace0 \ub2e4\uc7ac\ub2e4\ub2a5\ud55c \ud5a5 \uc911 \ud558\ub098\uc785\ub2c8\ub2e4.","og_url":"https:\/\/naturalpoland.com\/ko\/je-pum\/sig-pum-won-ryo\/hyang-ryo\/gwa-il-hyang\/%eb%94%b8%ea%b8%b0-%ed%96%a5\/","og_site_name":"NATURAL POLAND - Hurtowy Dystrybutor Surowc\u00f3w","article_publisher":"https:\/\/www.facebook.com\/naturalpoland.b2b","article_modified_time":"2026-02-25T16:11:19+00:00","og_image":[{"width":596,"height":596,"url":"https:\/\/naturalpoland.com\/wp-content\/uploads\/aromat-truskawkowy.webp","type":"image\/webp"}],"schema":{"@context":"https:\/\/schema.org","@graph":[{"@type":"WebPage","@id":"https:\/\/naturalpoland.com\/ko\/je-pum\/sig-pum-won-ryo\/hyang-ryo\/gwa-il-hyang\/%eb%94%b8%ea%b8%b0-%ed%96%a5\/","url":"https:\/\/naturalpoland.com\/ko\/je-pum\/sig-pum-won-ryo\/hyang-ryo\/gwa-il-hyang\/%eb%94%b8%ea%b8%b0-%ed%96%a5\/","name":"\ub538\uae30 \ud5a5 - Hurtowy Dystrybutor","isPartOf":{"@id":"https:\/\/naturalpoland.com\/ko\/#website"},"primaryImageOfPage":{"@id":"https:\/\/naturalpoland.com\/ko\/je-pum\/sig-pum-won-ryo\/hyang-ryo\/gwa-il-hyang\/%eb%94%b8%ea%b8%b0-%ed%96%a5\/#primaryimage"},"image":{"@id":"https:\/\/naturalpoland.com\/ko\/je-pum\/sig-pum-won-ryo\/hyang-ryo\/gwa-il-hyang\/%eb%94%b8%ea%b8%b0-%ed%96%a5\/#primaryimage"},"thumbnailUrl":"https:\/\/naturalpoland.com\/wp-content\/uploads\/aromat-truskawkowy.webp","datePublished":"2025-02-07T12:34:05+00:00","dateModified":"2026-02-25T16:11:19+00:00","description":"\ub538\uae30 \ud5a5\uc740 \uc2dd\ud488 \uc0b0\uc5c5\uc5d0\uc11c \uc0ac\uc6a9\ub418\ub294 \uac00\uc7a5 \uc778\uae30 \uc788\uace0 \ub2e4\uc7ac\ub2e4\ub2a5\ud55c \ud5a5 \uc911 \ud558\ub098\uc785\ub2c8\ub2e4.","breadcrumb":{"@id":"https:\/\/naturalpoland.com\/ko\/je-pum\/sig-pum-won-ryo\/hyang-ryo\/gwa-il-hyang\/%eb%94%b8%ea%b8%b0-%ed%96%a5\/#breadcrumb"},"inLanguage":"ko-KR","potentialAction":[{"@type":"ReadAction","target":["https:\/\/naturalpoland.com\/ko\/je-pum\/sig-pum-won-ryo\/hyang-ryo\/gwa-il-hyang\/%eb%94%b8%ea%b8%b0-%ed%96%a5\/"]}]},{"@type":"ImageObject","inLanguage":"ko-KR","@id":"https:\/\/naturalpoland.com\/ko\/je-pum\/sig-pum-won-ryo\/hyang-ryo\/gwa-il-hyang\/%eb%94%b8%ea%b8%b0-%ed%96%a5\/#primaryimage","url":"https:\/\/naturalpoland.com\/wp-content\/uploads\/aromat-truskawkowy.webp","contentUrl":"https:\/\/naturalpoland.com\/wp-content\/uploads\/aromat-truskawkowy.webp","width":596,"height":596,"caption":"\ub538\uae30 \ud5a5"},{"@type":"BreadcrumbList","@id":"https:\/\/naturalpoland.com\/ko\/je-pum\/sig-pum-won-ryo\/hyang-ryo\/gwa-il-hyang\/%eb%94%b8%ea%b8%b0-%ed%96%a5\/#breadcrumb","itemListElement":[{"@type":"ListItem","position":1,"name":"\ud648","item":"https:\/\/naturalpoland.com\/ko\/"},{"@type":"ListItem","position":2,"name":"\uc81c\ud488","item":"https:\/\/naturalpoland.com\/ko\/%ec%a0%9c%ed%92%88\/"},{"@type":"ListItem","position":3,"name":"\ub538\uae30 \ud5a5"}]},{"@type":"WebSite","@id":"https:\/\/naturalpoland.com\/ko\/#website","url":"https:\/\/naturalpoland.com\/ko\/","name":"NATURAL POLAND - Hurtowy Dystrybutor Surowc\u00f3w","description":"Surowce dla przemys\u0142u spo\u017cywczego, kosmetycznego i farmaceutycznego","publisher":{"@id":"https:\/\/naturalpoland.com\/ko\/#organization"},"potentialAction":[{"@type":"SearchAction","target":{"@type":"EntryPoint","urlTemplate":"https:\/\/naturalpoland.com\/ko\/?s={search_term_string}"},"query-input":{"@type":"PropertyValueSpecification","valueRequired":true,"valueName":"search_term_string"}}],"inLanguage":"ko-KR"},{"@type":"Organization","@id":"https:\/\/naturalpoland.com\/ko\/#organization","name":"Natural Poland","url":"https:\/\/naturalpoland.com\/ko\/","logo":{"@type":"ImageObject","inLanguage":"ko-KR","@id":"https:\/\/naturalpoland.com\/ko\/#\/schema\/logo\/image\/","url":"https:\/\/naturalpoland.com\/wp-content\/uploads\/2021\/05\/natural-poland-icon.png","contentUrl":"https:\/\/naturalpoland.com\/wp-content\/uploads\/2021\/05\/natural-poland-icon.png","width":512,"height":512,"caption":"Natural Poland"},"image":{"@id":"https:\/\/naturalpoland.com\/ko\/#\/schema\/logo\/image\/"},"sameAs":["https:\/\/www.facebook.com\/naturalpoland.b2b","https:\/\/pl.linkedin.com\/company\/natural-poland","https:\/\/www.youtube.com\/channel\/UCgeGGkvOMahZo-xu_MSEWxg"]}]}},"_links":{"self":[{"href":"https:\/\/naturalpoland.com\/ko\/wp-json\/wp\/v2\/product\/46178","targetHints":{"allow":["GET"]}}],"collection":[{"href":"https:\/\/naturalpoland.com\/ko\/wp-json\/wp\/v2\/product"}],"about":[{"href":"https:\/\/naturalpoland.com\/ko\/wp-json\/wp\/v2\/types\/product"}],"wp:featuredmedia":[{"embeddable":true,"href":"https:\/\/naturalpoland.com\/ko\/wp-json\/wp\/v2\/media\/46179"}],"wp:attachment":[{"href":"https:\/\/naturalpoland.com\/ko\/wp-json\/wp\/v2\/media?parent=46178"}],"wp:term":[{"taxonomy":"product_brand","embeddable":true,"href":"https:\/\/naturalpoland.com\/ko\/wp-json\/wp\/v2\/product_brand?post=46178"},{"taxonomy":"product_cat","embeddable":true,"href":"https:\/\/naturalpoland.com\/ko\/wp-json\/wp\/v2\/product_cat?post=46178"},{"taxonomy":"product_tag","embeddable":true,"href":"https:\/\/naturalpoland.com\/ko\/wp-json\/wp\/v2\/product_tag?post=46178"}],"curies":[{"name":"wp","href":"https:\/\/api.w.org\/{rel}","templated":true}]}}