{"id":46200,"date":"2024-08-02T10:58:34","date_gmt":"2024-08-02T08:58:34","guid":{"rendered":"https:\/\/naturalpoland.com\/produkty\/uncategorized\/%ed%9a%a8%eb%aa%a8-%ec%b6%94%ec%b6%9c%eb%ac%bc\/"},"modified":"2026-02-27T13:50:23","modified_gmt":"2026-02-27T12:50:23","slug":"%ed%9a%a8%eb%aa%a8-%ec%b6%94%ec%b6%9c%eb%ac%bc","status":"publish","type":"product","link":"https:\/\/naturalpoland.com\/ko\/je-pum\/sig-mul-chu-chul-mul\/%ed%9a%a8%eb%aa%a8-%ec%b6%94%ec%b6%9c%eb%ac%bc\/","title":{"rendered":"\ud6a8\ubaa8 \ucd94\ucd9c\ubb3c"},"content":{"rendered":"<h2>\uc801\uc6a9<\/h2>\n<p>\uc81c\uc57d \uc0b0\uc5c5\uc5d0\uc11c \ud6a8\ubaa8 \ucd94\ucd9c\ubb3c\uc740 \uc2e0\uccb4\uc758 \uc790\uc5f0 \ubc29\uc5b4 \uba54\ucee4\ub2c8\uc998\uc744 \uc9c0\uc6d0\ud558\ub294 \uba74\uc5ed \uc870\uc808\uc81c \uc5ed\ud560\uc744 \ud569\ub2c8\ub2e4.<\/p>\n<p>\ud654\uc7a5\ud488\uc5d0\uc11c \ud6a8\ubaa8 \ucd94\ucd9c\ubb3c\uc740 \ubcf4\uc2b5 \ubc0f \ud53c\ubd80 \uc7ac\uc0dd \ucd09\uc9c4 \ud2b9\uc131\uc73c\ub85c \uc778\ud574 \uc2a4\ud0a8\ucf00\uc5b4 \uc81c\ud488\uc5d0 \uc0ac\uc6a9\ub429\ub2c8\ub2e4.<\/p>\n<h2>\uc548\uc804\uc131<\/h2>\n<p>\ubcf8 \uc81c\ud488\uc740 GMO\uac00 \uc5c6\uc73c\uba70 USP \uae30\uc900\uc5d0 \ub530\ub978 \ub18d\uc57d \uc794\ub958\ubb3c \uae30\uc900\uc744 \ucda9\uc871\ud569\ub2c8\ub2e4. \ubca4\uc870(a)\ud53c\ub80c, \uc544\ud50c\ub77c\ud1a1\uc2e0 \ubc0f PAH4 \ud654\ud569\ubb3c\uacfc \uac19\uc740 \ubb3c\uc9c8\ub3c4 \uac80\ucd9c\ub418\uc9c0 \uc54a\uc558\uc2b5\ub2c8\ub2e4. <\/p>\n<p>&nbsp;<\/p>\n","protected":false},"excerpt":{"rendered":"<p><strong>\ud6a8\ubaa8 \ucd94\ucd9c\ubb3c<\/strong>\uc740 <em><strong>Saccharomyces cerevisiae<\/strong><\/em> \ud6a8\ubaa8\uc5d0\uc11c \uc720\ub798\ud569\ub2c8\ub2e4. \ubcf8 \uc81c\ud488\uc740 \uba74\uc5ed \uccb4\uacc4\ub97c \uc9c0\uc6d0\ud558\ub294 \ud2b9\uc131\uc744 \uac00\uc9c4 \ubca0\ud0c0\uae00\ub8e8\uce78 \uace0\ud568\ub7c9\uc73c\ub85c \ud45c\uc900\ud654\ub418\uc5b4 \uc788\uc2b5\ub2c8\ub2e4. <\/p>\n","protected":false},"featured_media":46201,"template":"","meta":[],"product_brand":[],"product_cat":[8134],"product_tag":[],"class_list":{"0":"post-46200","1":"product","2":"type-product","3":"status-publish","4":"has-post-thumbnail","6":"product_cat-sig-mul-chu-chul-mul","7":"pa_skladnik-aktywny-11044","9":"first","10":"instock","11":"shipping-taxable","12":"product-type-simple"},"yoast_head":"<!-- This site is optimized with the Yoast SEO plugin v27.4 - https:\/\/yoast.com\/product\/yoast-seo-wordpress\/ -->\n<title>NATURAL POLAND &#8211; Hurtowy Dystrybutor Surowc\u00f3w<\/title>\n<meta name=\"description\" content=\"\ud6a8\ubaa8 \ucd94\ucd9c\ubb3c\uc740 \ubb3c\uc5d0 \uc644\uc804\ud788 \uc6a9\ud574\ub418\ub294 \ubbf8\uc138\ud55c \uc5f0\ud55c \ub178\ub780\uc0c9 \ubd84\ub9d0 \ud615\ud0dc\uc785\ub2c8\ub2e4. \ubcf8 \uc81c\ud488\uc740 \uc5c4\uaca9\ud55c \ud488\uc9c8 \uae30\uc900\uc744 \ucda9\uc871\ud569\ub2c8\ub2e4.\" \/>\n<meta name=\"robots\" content=\"index, follow, max-snippet:-1, max-image-preview:large, max-video-preview:-1\" \/>\n<link rel=\"canonical\" href=\"https:\/\/naturalpoland.com\/ko\/je-pum\/sig-mul-chu-chul-mul\/%ed%9a%a8%eb%aa%a8-%ec%b6%94%ec%b6%9c%eb%ac%bc\/\" \/>\n<meta property=\"og:locale\" content=\"ko_KR\" \/>\n<meta property=\"og:type\" content=\"article\" \/>\n<meta property=\"og:description\" content=\"\ud6a8\ubaa8 \ucd94\ucd9c\ubb3c\uc740 \ubb3c\uc5d0 \uc644\uc804\ud788 \uc6a9\ud574\ub418\ub294 \ubbf8\uc138\ud55c \uc5f0\ud55c \ub178\ub780\uc0c9 \ubd84\ub9d0 \ud615\ud0dc\uc785\ub2c8\ub2e4. \ubcf8 \uc81c\ud488\uc740 \uc5c4\uaca9\ud55c \ud488\uc9c8 \uae30\uc900\uc744 \ucda9\uc871\ud569\ub2c8\ub2e4.\" \/>\n<meta property=\"og:url\" content=\"https:\/\/naturalpoland.com\/ko\/je-pum\/sig-mul-chu-chul-mul\/%ed%9a%a8%eb%aa%a8-%ec%b6%94%ec%b6%9c%eb%ac%bc\/\" \/>\n<meta property=\"og:site_name\" content=\"NATURAL POLAND - Hurtowy Dystrybutor Surowc\u00f3w\" \/>\n<meta property=\"article:publisher\" content=\"https:\/\/www.facebook.com\/naturalpoland.b2b\" \/>\n<meta property=\"article:modified_time\" content=\"2026-02-27T12:50:23+00:00\" \/>\n<meta property=\"og:image\" content=\"https:\/\/naturalpoland.com\/wp-content\/uploads\/ekstrakt-drozdzowy.webp\" \/>\n\t<meta property=\"og:image:width\" content=\"613\" \/>\n\t<meta property=\"og:image:height\" content=\"613\" \/>\n\t<meta property=\"og:image:type\" content=\"image\/webp\" \/>\n<script type=\"application\/ld+json\" class=\"yoast-schema-graph\">{\"@context\":\"https:\\\/\\\/schema.org\",\"@graph\":[{\"@type\":\"WebPage\",\"@id\":\"https:\\\/\\\/naturalpoland.com\\\/ko\\\/je-pum\\\/sig-mul-chu-chul-mul\\\/%ed%9a%a8%eb%aa%a8-%ec%b6%94%ec%b6%9c%eb%ac%bc\\\/\",\"url\":\"https:\\\/\\\/naturalpoland.com\\\/ko\\\/je-pum\\\/sig-mul-chu-chul-mul\\\/%ed%9a%a8%eb%aa%a8-%ec%b6%94%ec%b6%9c%eb%ac%bc\\\/\",\"name\":\"\",\"isPartOf\":{\"@id\":\"https:\\\/\\\/naturalpoland.com\\\/ko\\\/#website\"},\"primaryImageOfPage\":{\"@id\":\"https:\\\/\\\/naturalpoland.com\\\/ko\\\/je-pum\\\/sig-mul-chu-chul-mul\\\/%ed%9a%a8%eb%aa%a8-%ec%b6%94%ec%b6%9c%eb%ac%bc\\\/#primaryimage\"},\"image\":{\"@id\":\"https:\\\/\\\/naturalpoland.com\\\/ko\\\/je-pum\\\/sig-mul-chu-chul-mul\\\/%ed%9a%a8%eb%aa%a8-%ec%b6%94%ec%b6%9c%eb%ac%bc\\\/#primaryimage\"},\"thumbnailUrl\":\"https:\\\/\\\/naturalpoland.com\\\/wp-content\\\/uploads\\\/ekstrakt-drozdzowy.webp\",\"datePublished\":\"2024-08-02T08:58:34+00:00\",\"dateModified\":\"2026-02-27T12:50:23+00:00\",\"description\":\"\ud6a8\ubaa8 \ucd94\ucd9c\ubb3c\uc740 \ubb3c\uc5d0 \uc644\uc804\ud788 \uc6a9\ud574\ub418\ub294 \ubbf8\uc138\ud55c \uc5f0\ud55c \ub178\ub780\uc0c9 \ubd84\ub9d0 \ud615\ud0dc\uc785\ub2c8\ub2e4. \ubcf8 \uc81c\ud488\uc740 \uc5c4\uaca9\ud55c \ud488\uc9c8 \uae30\uc900\uc744 \ucda9\uc871\ud569\ub2c8\ub2e4.\",\"breadcrumb\":{\"@id\":\"https:\\\/\\\/naturalpoland.com\\\/ko\\\/je-pum\\\/sig-mul-chu-chul-mul\\\/%ed%9a%a8%eb%aa%a8-%ec%b6%94%ec%b6%9c%eb%ac%bc\\\/#breadcrumb\"},\"inLanguage\":\"ko-KR\",\"potentialAction\":[{\"@type\":\"ReadAction\",\"target\":[\"https:\\\/\\\/naturalpoland.com\\\/ko\\\/je-pum\\\/sig-mul-chu-chul-mul\\\/%ed%9a%a8%eb%aa%a8-%ec%b6%94%ec%b6%9c%eb%ac%bc\\\/\"]}]},{\"@type\":\"ImageObject\",\"inLanguage\":\"ko-KR\",\"@id\":\"https:\\\/\\\/naturalpoland.com\\\/ko\\\/je-pum\\\/sig-mul-chu-chul-mul\\\/%ed%9a%a8%eb%aa%a8-%ec%b6%94%ec%b6%9c%eb%ac%bc\\\/#primaryimage\",\"url\":\"https:\\\/\\\/naturalpoland.com\\\/wp-content\\\/uploads\\\/ekstrakt-drozdzowy.webp\",\"contentUrl\":\"https:\\\/\\\/naturalpoland.com\\\/wp-content\\\/uploads\\\/ekstrakt-drozdzowy.webp\",\"width\":613,\"height\":613,\"caption\":\"\ud6a8\ubaa8 \ucd94\ucd9c\ubb3c\"},{\"@type\":\"BreadcrumbList\",\"@id\":\"https:\\\/\\\/naturalpoland.com\\\/ko\\\/je-pum\\\/sig-mul-chu-chul-mul\\\/%ed%9a%a8%eb%aa%a8-%ec%b6%94%ec%b6%9c%eb%ac%bc\\\/#breadcrumb\",\"itemListElement\":[{\"@type\":\"ListItem\",\"position\":1,\"name\":\"\ud648\",\"item\":\"https:\\\/\\\/naturalpoland.com\\\/ko\\\/\"},{\"@type\":\"ListItem\",\"position\":2,\"name\":\"\uc81c\ud488\",\"item\":\"https:\\\/\\\/naturalpoland.com\\\/ko\\\/%ec%a0%9c%ed%92%88\\\/\"},{\"@type\":\"ListItem\",\"position\":3,\"name\":\"\ud6a8\ubaa8 \ucd94\ucd9c\ubb3c\"}]},{\"@type\":\"WebSite\",\"@id\":\"https:\\\/\\\/naturalpoland.com\\\/ko\\\/#website\",\"url\":\"https:\\\/\\\/naturalpoland.com\\\/ko\\\/\",\"name\":\"NATURAL POLAND - Hurtowy Dystrybutor Surowc\u00f3w\",\"description\":\"Surowce dla przemys\u0142u spo\u017cywczego, kosmetycznego i farmaceutycznego\",\"publisher\":{\"@id\":\"https:\\\/\\\/naturalpoland.com\\\/ko\\\/#organization\"},\"potentialAction\":[{\"@type\":\"SearchAction\",\"target\":{\"@type\":\"EntryPoint\",\"urlTemplate\":\"https:\\\/\\\/naturalpoland.com\\\/ko\\\/?s={search_term_string}\"},\"query-input\":{\"@type\":\"PropertyValueSpecification\",\"valueRequired\":true,\"valueName\":\"search_term_string\"}}],\"inLanguage\":\"ko-KR\"},{\"@type\":\"Organization\",\"@id\":\"https:\\\/\\\/naturalpoland.com\\\/ko\\\/#organization\",\"name\":\"Natural Poland\",\"url\":\"https:\\\/\\\/naturalpoland.com\\\/ko\\\/\",\"logo\":{\"@type\":\"ImageObject\",\"inLanguage\":\"ko-KR\",\"@id\":\"https:\\\/\\\/naturalpoland.com\\\/ko\\\/#\\\/schema\\\/logo\\\/image\\\/\",\"url\":\"https:\\\/\\\/naturalpoland.com\\\/wp-content\\\/uploads\\\/2021\\\/05\\\/natural-poland-icon.png\",\"contentUrl\":\"https:\\\/\\\/naturalpoland.com\\\/wp-content\\\/uploads\\\/2021\\\/05\\\/natural-poland-icon.png\",\"width\":512,\"height\":512,\"caption\":\"Natural Poland\"},\"image\":{\"@id\":\"https:\\\/\\\/naturalpoland.com\\\/ko\\\/#\\\/schema\\\/logo\\\/image\\\/\"},\"sameAs\":[\"https:\\\/\\\/www.facebook.com\\\/naturalpoland.b2b\",\"https:\\\/\\\/pl.linkedin.com\\\/company\\\/natural-poland\",\"https:\\\/\\\/www.youtube.com\\\/channel\\\/UCgeGGkvOMahZo-xu_MSEWxg\"]}]}<\/script>\n<!-- \/ Yoast SEO plugin. -->","yoast_head_json":{"title":"NATURAL POLAND &#8211; Hurtowy Dystrybutor Surowc\u00f3w","description":"\ud6a8\ubaa8 \ucd94\ucd9c\ubb3c\uc740 \ubb3c\uc5d0 \uc644\uc804\ud788 \uc6a9\ud574\ub418\ub294 \ubbf8\uc138\ud55c \uc5f0\ud55c \ub178\ub780\uc0c9 \ubd84\ub9d0 \ud615\ud0dc\uc785\ub2c8\ub2e4. \ubcf8 \uc81c\ud488\uc740 \uc5c4\uaca9\ud55c \ud488\uc9c8 \uae30\uc900\uc744 \ucda9\uc871\ud569\ub2c8\ub2e4.","robots":{"index":"index","follow":"follow","max-snippet":"max-snippet:-1","max-image-preview":"max-image-preview:large","max-video-preview":"max-video-preview:-1"},"canonical":"https:\/\/naturalpoland.com\/ko\/je-pum\/sig-mul-chu-chul-mul\/%ed%9a%a8%eb%aa%a8-%ec%b6%94%ec%b6%9c%eb%ac%bc\/","og_locale":"ko_KR","og_type":"article","og_description":"\ud6a8\ubaa8 \ucd94\ucd9c\ubb3c\uc740 \ubb3c\uc5d0 \uc644\uc804\ud788 \uc6a9\ud574\ub418\ub294 \ubbf8\uc138\ud55c \uc5f0\ud55c \ub178\ub780\uc0c9 \ubd84\ub9d0 \ud615\ud0dc\uc785\ub2c8\ub2e4. \ubcf8 \uc81c\ud488\uc740 \uc5c4\uaca9\ud55c \ud488\uc9c8 \uae30\uc900\uc744 \ucda9\uc871\ud569\ub2c8\ub2e4.","og_url":"https:\/\/naturalpoland.com\/ko\/je-pum\/sig-mul-chu-chul-mul\/%ed%9a%a8%eb%aa%a8-%ec%b6%94%ec%b6%9c%eb%ac%bc\/","og_site_name":"NATURAL POLAND - Hurtowy Dystrybutor Surowc\u00f3w","article_publisher":"https:\/\/www.facebook.com\/naturalpoland.b2b","article_modified_time":"2026-02-27T12:50:23+00:00","og_image":[{"width":613,"height":613,"url":"https:\/\/naturalpoland.com\/wp-content\/uploads\/ekstrakt-drozdzowy.webp","type":"image\/webp"}],"schema":{"@context":"https:\/\/schema.org","@graph":[{"@type":"WebPage","@id":"https:\/\/naturalpoland.com\/ko\/je-pum\/sig-mul-chu-chul-mul\/%ed%9a%a8%eb%aa%a8-%ec%b6%94%ec%b6%9c%eb%ac%bc\/","url":"https:\/\/naturalpoland.com\/ko\/je-pum\/sig-mul-chu-chul-mul\/%ed%9a%a8%eb%aa%a8-%ec%b6%94%ec%b6%9c%eb%ac%bc\/","name":"","isPartOf":{"@id":"https:\/\/naturalpoland.com\/ko\/#website"},"primaryImageOfPage":{"@id":"https:\/\/naturalpoland.com\/ko\/je-pum\/sig-mul-chu-chul-mul\/%ed%9a%a8%eb%aa%a8-%ec%b6%94%ec%b6%9c%eb%ac%bc\/#primaryimage"},"image":{"@id":"https:\/\/naturalpoland.com\/ko\/je-pum\/sig-mul-chu-chul-mul\/%ed%9a%a8%eb%aa%a8-%ec%b6%94%ec%b6%9c%eb%ac%bc\/#primaryimage"},"thumbnailUrl":"https:\/\/naturalpoland.com\/wp-content\/uploads\/ekstrakt-drozdzowy.webp","datePublished":"2024-08-02T08:58:34+00:00","dateModified":"2026-02-27T12:50:23+00:00","description":"\ud6a8\ubaa8 \ucd94\ucd9c\ubb3c\uc740 \ubb3c\uc5d0 \uc644\uc804\ud788 \uc6a9\ud574\ub418\ub294 \ubbf8\uc138\ud55c \uc5f0\ud55c \ub178\ub780\uc0c9 \ubd84\ub9d0 \ud615\ud0dc\uc785\ub2c8\ub2e4. \ubcf8 \uc81c\ud488\uc740 \uc5c4\uaca9\ud55c \ud488\uc9c8 \uae30\uc900\uc744 \ucda9\uc871\ud569\ub2c8\ub2e4.","breadcrumb":{"@id":"https:\/\/naturalpoland.com\/ko\/je-pum\/sig-mul-chu-chul-mul\/%ed%9a%a8%eb%aa%a8-%ec%b6%94%ec%b6%9c%eb%ac%bc\/#breadcrumb"},"inLanguage":"ko-KR","potentialAction":[{"@type":"ReadAction","target":["https:\/\/naturalpoland.com\/ko\/je-pum\/sig-mul-chu-chul-mul\/%ed%9a%a8%eb%aa%a8-%ec%b6%94%ec%b6%9c%eb%ac%bc\/"]}]},{"@type":"ImageObject","inLanguage":"ko-KR","@id":"https:\/\/naturalpoland.com\/ko\/je-pum\/sig-mul-chu-chul-mul\/%ed%9a%a8%eb%aa%a8-%ec%b6%94%ec%b6%9c%eb%ac%bc\/#primaryimage","url":"https:\/\/naturalpoland.com\/wp-content\/uploads\/ekstrakt-drozdzowy.webp","contentUrl":"https:\/\/naturalpoland.com\/wp-content\/uploads\/ekstrakt-drozdzowy.webp","width":613,"height":613,"caption":"\ud6a8\ubaa8 \ucd94\ucd9c\ubb3c"},{"@type":"BreadcrumbList","@id":"https:\/\/naturalpoland.com\/ko\/je-pum\/sig-mul-chu-chul-mul\/%ed%9a%a8%eb%aa%a8-%ec%b6%94%ec%b6%9c%eb%ac%bc\/#breadcrumb","itemListElement":[{"@type":"ListItem","position":1,"name":"\ud648","item":"https:\/\/naturalpoland.com\/ko\/"},{"@type":"ListItem","position":2,"name":"\uc81c\ud488","item":"https:\/\/naturalpoland.com\/ko\/%ec%a0%9c%ed%92%88\/"},{"@type":"ListItem","position":3,"name":"\ud6a8\ubaa8 \ucd94\ucd9c\ubb3c"}]},{"@type":"WebSite","@id":"https:\/\/naturalpoland.com\/ko\/#website","url":"https:\/\/naturalpoland.com\/ko\/","name":"NATURAL POLAND - Hurtowy Dystrybutor Surowc\u00f3w","description":"Surowce dla przemys\u0142u spo\u017cywczego, kosmetycznego i farmaceutycznego","publisher":{"@id":"https:\/\/naturalpoland.com\/ko\/#organization"},"potentialAction":[{"@type":"SearchAction","target":{"@type":"EntryPoint","urlTemplate":"https:\/\/naturalpoland.com\/ko\/?s={search_term_string}"},"query-input":{"@type":"PropertyValueSpecification","valueRequired":true,"valueName":"search_term_string"}}],"inLanguage":"ko-KR"},{"@type":"Organization","@id":"https:\/\/naturalpoland.com\/ko\/#organization","name":"Natural Poland","url":"https:\/\/naturalpoland.com\/ko\/","logo":{"@type":"ImageObject","inLanguage":"ko-KR","@id":"https:\/\/naturalpoland.com\/ko\/#\/schema\/logo\/image\/","url":"https:\/\/naturalpoland.com\/wp-content\/uploads\/2021\/05\/natural-poland-icon.png","contentUrl":"https:\/\/naturalpoland.com\/wp-content\/uploads\/2021\/05\/natural-poland-icon.png","width":512,"height":512,"caption":"Natural Poland"},"image":{"@id":"https:\/\/naturalpoland.com\/ko\/#\/schema\/logo\/image\/"},"sameAs":["https:\/\/www.facebook.com\/naturalpoland.b2b","https:\/\/pl.linkedin.com\/company\/natural-poland","https:\/\/www.youtube.com\/channel\/UCgeGGkvOMahZo-xu_MSEWxg"]}]}},"_links":{"self":[{"href":"https:\/\/naturalpoland.com\/ko\/wp-json\/wp\/v2\/product\/46200","targetHints":{"allow":["GET"]}}],"collection":[{"href":"https:\/\/naturalpoland.com\/ko\/wp-json\/wp\/v2\/product"}],"about":[{"href":"https:\/\/naturalpoland.com\/ko\/wp-json\/wp\/v2\/types\/product"}],"wp:featuredmedia":[{"embeddable":true,"href":"https:\/\/naturalpoland.com\/ko\/wp-json\/wp\/v2\/media\/46201"}],"wp:attachment":[{"href":"https:\/\/naturalpoland.com\/ko\/wp-json\/wp\/v2\/media?parent=46200"}],"wp:term":[{"taxonomy":"product_brand","embeddable":true,"href":"https:\/\/naturalpoland.com\/ko\/wp-json\/wp\/v2\/product_brand?post=46200"},{"taxonomy":"product_cat","embeddable":true,"href":"https:\/\/naturalpoland.com\/ko\/wp-json\/wp\/v2\/product_cat?post=46200"},{"taxonomy":"product_tag","embeddable":true,"href":"https:\/\/naturalpoland.com\/ko\/wp-json\/wp\/v2\/product_tag?post=46200"}],"curies":[{"name":"wp","href":"https:\/\/api.w.org\/{rel}","templated":true}]}}