{"id":46204,"date":"2024-09-12T11:53:39","date_gmt":"2024-09-12T09:53:39","guid":{"rendered":"https:\/\/naturalpoland.com\/produkty\/uncategorized\/%eb%83%89%ec%9d%b4-%ec%b6%94%ec%b6%9c%eb%ac%bc\/"},"modified":"2026-02-27T13:51:05","modified_gmt":"2026-02-27T12:51:05","slug":"%eb%83%89%ec%9d%b4-%ec%b6%94%ec%b6%9c%eb%ac%bc","status":"publish","type":"product","link":"https:\/\/naturalpoland.com\/ko\/je-pum\/sig-mul-chu-chul-mul\/%eb%83%89%ec%9d%b4-%ec%b6%94%ec%b6%9c%eb%ac%bc\/","title":{"rendered":"\ub0c9\uc774 \ucd94\ucd9c\ubb3c"},"content":{"rendered":"<h2>\ub0c9\uc774 \ucd94\ucd9c\ubb3c\uc758 \ud6a8\ub2a5<\/h2>\n<p>\ub0c9\uc774\ub294 \uc9c0\ud608 \ud2b9\uc131\uc774 \uc788\uc5b4 \ucf54\ud53c, \uc790\uad81 \ucd9c\ud608 \ubc0f \uacfc\ub2e4 \uc6d4\uacbd\uc744 \ud3ec\ud568\ud55c <strong>\ucd9c\ud608 \uc870\uc808<\/strong>\uc5d0 \ub3c4\uc6c0\uc744 \uc90d\ub2c8\ub2e4. \ucd94\ucd9c\ubb3c\uc740 \ud53c\ubd80 \uc0c1\ucc98, \ud654\uc0c1, \uc815\ub9e5\ub958, \uc695\ucc3d \ubc0f \uad6d\uc18c \ucd9c\ud608\uc5d0\ub3c4 \uc0ac\uc6a9\ub429\ub2c8\ub2e4. <\/p>\n<p><strong>\uc6d4\uacbd\uc804\uc99d\ud6c4\uad70(PMS) \uc99d\uc0c1 \uc644\ud654<\/strong>, \ubd88\uaddc\uce59\ud55c \uc6d4\uacbd \uc870\uc808 \ubc0f \ubc29\uad11\uc5fc\uacfc \uc804\ub9bd\uc120 \uc5fc\uc99d \uce58\ub8cc \ubcf4\uc870\uc81c\ub85c \ub110\ub9ac \uc54c\ub824\uc838 \uc788\uc2b5\ub2c8\ub2e4.<\/p>\n<p>\ub610\ud55c \ub0c9\uc774\ub294 \ub3d9\uc885\uc694\ubc95\uc5d0\uc11c <strong>\uc810\ub9c9 \ucd9c\ud608 \uce58\ub8cc<\/strong>\uc5d0 \uc0ac\uc6a9\ub429\ub2c8\ub2e4.<\/p>\n<p>\uc2e4\ud5d8 \uc5f0\uad6c\uc5d0\uc11c <strong>\ud608\uc555 \uc815\uc0c1\ud654<\/strong> \ubc0f \uad00\uc0c1\ub3d9\ub9e5 \ud608\ub958 \uc99d\uac00 \ud6a8\uacfc\uac00 \ud655\uc778\ub418\uc5c8\uc2b5\ub2c8\ub2e4.<\/p>\n<h2>\ud2b9\uc131<\/h2>\n<p>\ucd94\ucd9c\ubb3c\uc5d0\ub294 \ub2e4\uc74c\uacfc \uac19\uc740 \ub2e4\uc591\ud55c \ud65c\uc131 \uc131\ubd84\uc774 \ud568\uc720\ub418\uc5b4 \uc788\uc2b5\ub2c8\ub2e4:<\/p>\n<ul>\n<li><strong>\uc544\ubbfc\ub958<\/strong>(\ucf5c\ub9b0, \uc544\uc138\ud2f8\ucf5c\ub9b0, \ud2f0\ub77c\ubbfc, \ud788\uc2a4\ud0c0\ubbfc),<\/li>\n<li><strong>\uc544\ubbf8\ub178\uc0b0<\/strong>(\ubc1c\ub9b0, \uc624\ub974\ub2c8\ud2f4, \ud504\ub864\ub9b0),<\/li>\n<li><a href=\"https:\/\/naturalpoland.com\/artykuly\/produkty-naturalne\/czym-sa-i-jak-dzialaja-flawonoidy\/\"><strong>\ud50c\ub77c\ubcf4\ub178\uc774\ub4dc<\/strong><\/a>(\ud50c\ub77c\ubcf4\ub180, \ud50c\ub77c\ubcf8),<\/li>\n<li><strong>\uc720\uae30\uc0b0<\/strong>(\ud478\ub9c8\ub974\uc0b0),<\/li>\n<li><strong>\ube44\ud0c0\ubbfc<\/strong>(A, C, K).<\/li>\n<\/ul>\n<h2>\uc801\uc6a9<\/h2>\n<p>\ub0c9\uc774 \ucd94\ucd9c\ubb3c\uc740 \ud654\uc7a5\ud488 \ubc0f \uc2a4\ud0a8\ucf00\uc5b4 \uc81c\ud488\uc758 \uc131\ubd84\uc73c\ub85c, \ud2b9\ud788 \ud53c\ubd80\uac00 \uc7ac\uc0dd\uacfc \uc678\ubd80 \uc720\ud574 \uc694\uc778\uc73c\ub85c\ubd80\ud130 \ubcf4\ud638\uac00 \ud544\uc694\ud55c \uac00\uc744-\uaca8\uc6b8\ucca0\uc5d0 \uc0ac\uc6a9\ub429\ub2c8\ub2e4.<\/p>\n<p>\ubcf8 \uc81c\ud488\uc740 GMO, \ub18d\uc57d\uc774 \uc5c6\uc73c\uba70 \uc544\ud50c\ub77c\ud1a1\uc2e0 \ubc0f \ub2e4\ud658 \ubc29\ud5a5\uc871 \ud0c4\ud654\uc218\uc18c\ub97c \ud568\uc720\ud558\uc9c0 \uc54a\uc2b5\ub2c8\ub2e4.<\/p>\n","protected":false},"excerpt":{"rendered":"<p>\ub0c9\uc774 \ucd94\ucd9c\ubb3c(<em>Capsella bursa-pastoris<\/em>)\uc740 \uc774 \uc2dd\ubb3c\uc758 \ubfcc\ub9ac\uc5d0\uc11c \ucd94\ucd9c\ub429\ub2c8\ub2e4. \uc81c\ud488\uc740 \ud2b9\uc720\uc758 \ud5a5\uacfc \ub9db\uc744 \uac00\uc9c4 \uac08\uc0c9-\ub179\uc0c9\uc758 \ubbf8\uc138 \ubd84\ub9d0 \ud615\ud0dc\uc774\uba70, \ubd80\ud615\uc81c\ub85c \ub9d0\ud1a0\ub371\uc2a4\ud2b8\ub9b0\uc774 \ucca8\uac00\ub418\uc5b4 \uc788\uc2b5\ub2c8\ub2e4. <\/p>\n","protected":false},"featured_media":46205,"template":"","meta":[],"product_brand":[],"product_cat":[8134],"product_tag":[],"class_list":{"0":"post-46204","1":"product","2":"type-product","3":"status-publish","4":"has-post-thumbnail","6":"product_cat-sig-mul-chu-chul-mul","7":"pa_czesc-rosliny-root-ko","9":"first","10":"instock","11":"shipping-taxable","12":"product-type-simple"},"yoast_head":"<!-- This site is optimized with the Yoast SEO plugin v27.4 - https:\/\/yoast.com\/product\/yoast-seo-wordpress\/ -->\n<title>NATURAL POLAND &#8211; Hurtowy Dystrybutor Surowc\u00f3w<\/title>\n<meta name=\"description\" content=\"\ub0c9\uc774 \ucd94\ucd9c\ubb3c(Capsella bursa-pastoris)\uc740 \uc774 \uc2dd\ubb3c\uc758 \ubfcc\ub9ac\uc5d0\uc11c \ucd94\ucd9c\ud55c \uace0\ud488\uc9c8 \uc6d0\ub8cc\uc785\ub2c8\ub2e4.\" \/>\n<meta name=\"robots\" content=\"index, follow, max-snippet:-1, max-image-preview:large, max-video-preview:-1\" \/>\n<link rel=\"canonical\" href=\"https:\/\/naturalpoland.com\/ko\/je-pum\/sig-mul-chu-chul-mul\/%eb%83%89%ec%9d%b4-%ec%b6%94%ec%b6%9c%eb%ac%bc\/\" \/>\n<meta property=\"og:locale\" content=\"ko_KR\" \/>\n<meta property=\"og:type\" content=\"article\" \/>\n<meta property=\"og:description\" content=\"\ub0c9\uc774 \ucd94\ucd9c\ubb3c(Capsella bursa-pastoris)\uc740 \uc774 \uc2dd\ubb3c\uc758 \ubfcc\ub9ac\uc5d0\uc11c \ucd94\ucd9c\ud55c \uace0\ud488\uc9c8 \uc6d0\ub8cc\uc785\ub2c8\ub2e4.\" \/>\n<meta property=\"og:url\" content=\"https:\/\/naturalpoland.com\/ko\/je-pum\/sig-mul-chu-chul-mul\/%eb%83%89%ec%9d%b4-%ec%b6%94%ec%b6%9c%eb%ac%bc\/\" \/>\n<meta property=\"og:site_name\" content=\"NATURAL POLAND - Hurtowy Dystrybutor Surowc\u00f3w\" \/>\n<meta property=\"article:publisher\" content=\"https:\/\/www.facebook.com\/naturalpoland.b2b\" \/>\n<meta property=\"article:modified_time\" content=\"2026-02-27T12:51:05+00:00\" \/>\n<meta property=\"og:image\" content=\"https:\/\/naturalpoland.com\/wp-content\/uploads\/ekstrakt-z-tasznika-pospolitego.webp\" \/>\n\t<meta property=\"og:image:width\" content=\"619\" \/>\n\t<meta property=\"og:image:height\" content=\"619\" \/>\n\t<meta property=\"og:image:type\" content=\"image\/webp\" \/>\n<script type=\"application\/ld+json\" class=\"yoast-schema-graph\">{\"@context\":\"https:\\\/\\\/schema.org\",\"@graph\":[{\"@type\":\"WebPage\",\"@id\":\"https:\\\/\\\/naturalpoland.com\\\/ko\\\/je-pum\\\/sig-mul-chu-chul-mul\\\/%eb%83%89%ec%9d%b4-%ec%b6%94%ec%b6%9c%eb%ac%bc\\\/\",\"url\":\"https:\\\/\\\/naturalpoland.com\\\/ko\\\/je-pum\\\/sig-mul-chu-chul-mul\\\/%eb%83%89%ec%9d%b4-%ec%b6%94%ec%b6%9c%eb%ac%bc\\\/\",\"name\":\"\",\"isPartOf\":{\"@id\":\"https:\\\/\\\/naturalpoland.com\\\/ko\\\/#website\"},\"primaryImageOfPage\":{\"@id\":\"https:\\\/\\\/naturalpoland.com\\\/ko\\\/je-pum\\\/sig-mul-chu-chul-mul\\\/%eb%83%89%ec%9d%b4-%ec%b6%94%ec%b6%9c%eb%ac%bc\\\/#primaryimage\"},\"image\":{\"@id\":\"https:\\\/\\\/naturalpoland.com\\\/ko\\\/je-pum\\\/sig-mul-chu-chul-mul\\\/%eb%83%89%ec%9d%b4-%ec%b6%94%ec%b6%9c%eb%ac%bc\\\/#primaryimage\"},\"thumbnailUrl\":\"https:\\\/\\\/naturalpoland.com\\\/wp-content\\\/uploads\\\/ekstrakt-z-tasznika-pospolitego.webp\",\"datePublished\":\"2024-09-12T09:53:39+00:00\",\"dateModified\":\"2026-02-27T12:51:05+00:00\",\"description\":\"\ub0c9\uc774 \ucd94\ucd9c\ubb3c(Capsella bursa-pastoris)\uc740 \uc774 \uc2dd\ubb3c\uc758 \ubfcc\ub9ac\uc5d0\uc11c \ucd94\ucd9c\ud55c \uace0\ud488\uc9c8 \uc6d0\ub8cc\uc785\ub2c8\ub2e4.\",\"breadcrumb\":{\"@id\":\"https:\\\/\\\/naturalpoland.com\\\/ko\\\/je-pum\\\/sig-mul-chu-chul-mul\\\/%eb%83%89%ec%9d%b4-%ec%b6%94%ec%b6%9c%eb%ac%bc\\\/#breadcrumb\"},\"inLanguage\":\"ko-KR\",\"potentialAction\":[{\"@type\":\"ReadAction\",\"target\":[\"https:\\\/\\\/naturalpoland.com\\\/ko\\\/je-pum\\\/sig-mul-chu-chul-mul\\\/%eb%83%89%ec%9d%b4-%ec%b6%94%ec%b6%9c%eb%ac%bc\\\/\"]}]},{\"@type\":\"ImageObject\",\"inLanguage\":\"ko-KR\",\"@id\":\"https:\\\/\\\/naturalpoland.com\\\/ko\\\/je-pum\\\/sig-mul-chu-chul-mul\\\/%eb%83%89%ec%9d%b4-%ec%b6%94%ec%b6%9c%eb%ac%bc\\\/#primaryimage\",\"url\":\"https:\\\/\\\/naturalpoland.com\\\/wp-content\\\/uploads\\\/ekstrakt-z-tasznika-pospolitego.webp\",\"contentUrl\":\"https:\\\/\\\/naturalpoland.com\\\/wp-content\\\/uploads\\\/ekstrakt-z-tasznika-pospolitego.webp\",\"width\":619,\"height\":619,\"caption\":\"\ub0c9\uc774 \ucd94\ucd9c\ubb3c\"},{\"@type\":\"BreadcrumbList\",\"@id\":\"https:\\\/\\\/naturalpoland.com\\\/ko\\\/je-pum\\\/sig-mul-chu-chul-mul\\\/%eb%83%89%ec%9d%b4-%ec%b6%94%ec%b6%9c%eb%ac%bc\\\/#breadcrumb\",\"itemListElement\":[{\"@type\":\"ListItem\",\"position\":1,\"name\":\"\ud648\",\"item\":\"https:\\\/\\\/naturalpoland.com\\\/ko\\\/\"},{\"@type\":\"ListItem\",\"position\":2,\"name\":\"\uc81c\ud488\",\"item\":\"https:\\\/\\\/naturalpoland.com\\\/ko\\\/%ec%a0%9c%ed%92%88\\\/\"},{\"@type\":\"ListItem\",\"position\":3,\"name\":\"\ub0c9\uc774 \ucd94\ucd9c\ubb3c\"}]},{\"@type\":\"WebSite\",\"@id\":\"https:\\\/\\\/naturalpoland.com\\\/ko\\\/#website\",\"url\":\"https:\\\/\\\/naturalpoland.com\\\/ko\\\/\",\"name\":\"NATURAL POLAND - Hurtowy Dystrybutor Surowc\u00f3w\",\"description\":\"Surowce dla przemys\u0142u spo\u017cywczego, kosmetycznego i farmaceutycznego\",\"publisher\":{\"@id\":\"https:\\\/\\\/naturalpoland.com\\\/ko\\\/#organization\"},\"potentialAction\":[{\"@type\":\"SearchAction\",\"target\":{\"@type\":\"EntryPoint\",\"urlTemplate\":\"https:\\\/\\\/naturalpoland.com\\\/ko\\\/?s={search_term_string}\"},\"query-input\":{\"@type\":\"PropertyValueSpecification\",\"valueRequired\":true,\"valueName\":\"search_term_string\"}}],\"inLanguage\":\"ko-KR\"},{\"@type\":\"Organization\",\"@id\":\"https:\\\/\\\/naturalpoland.com\\\/ko\\\/#organization\",\"name\":\"Natural Poland\",\"url\":\"https:\\\/\\\/naturalpoland.com\\\/ko\\\/\",\"logo\":{\"@type\":\"ImageObject\",\"inLanguage\":\"ko-KR\",\"@id\":\"https:\\\/\\\/naturalpoland.com\\\/ko\\\/#\\\/schema\\\/logo\\\/image\\\/\",\"url\":\"https:\\\/\\\/naturalpoland.com\\\/wp-content\\\/uploads\\\/2021\\\/05\\\/natural-poland-icon.png\",\"contentUrl\":\"https:\\\/\\\/naturalpoland.com\\\/wp-content\\\/uploads\\\/2021\\\/05\\\/natural-poland-icon.png\",\"width\":512,\"height\":512,\"caption\":\"Natural Poland\"},\"image\":{\"@id\":\"https:\\\/\\\/naturalpoland.com\\\/ko\\\/#\\\/schema\\\/logo\\\/image\\\/\"},\"sameAs\":[\"https:\\\/\\\/www.facebook.com\\\/naturalpoland.b2b\",\"https:\\\/\\\/pl.linkedin.com\\\/company\\\/natural-poland\",\"https:\\\/\\\/www.youtube.com\\\/channel\\\/UCgeGGkvOMahZo-xu_MSEWxg\"]}]}<\/script>\n<!-- \/ Yoast SEO plugin. -->","yoast_head_json":{"title":"NATURAL POLAND &#8211; Hurtowy Dystrybutor Surowc\u00f3w","description":"\ub0c9\uc774 \ucd94\ucd9c\ubb3c(Capsella bursa-pastoris)\uc740 \uc774 \uc2dd\ubb3c\uc758 \ubfcc\ub9ac\uc5d0\uc11c \ucd94\ucd9c\ud55c \uace0\ud488\uc9c8 \uc6d0\ub8cc\uc785\ub2c8\ub2e4.","robots":{"index":"index","follow":"follow","max-snippet":"max-snippet:-1","max-image-preview":"max-image-preview:large","max-video-preview":"max-video-preview:-1"},"canonical":"https:\/\/naturalpoland.com\/ko\/je-pum\/sig-mul-chu-chul-mul\/%eb%83%89%ec%9d%b4-%ec%b6%94%ec%b6%9c%eb%ac%bc\/","og_locale":"ko_KR","og_type":"article","og_description":"\ub0c9\uc774 \ucd94\ucd9c\ubb3c(Capsella bursa-pastoris)\uc740 \uc774 \uc2dd\ubb3c\uc758 \ubfcc\ub9ac\uc5d0\uc11c \ucd94\ucd9c\ud55c \uace0\ud488\uc9c8 \uc6d0\ub8cc\uc785\ub2c8\ub2e4.","og_url":"https:\/\/naturalpoland.com\/ko\/je-pum\/sig-mul-chu-chul-mul\/%eb%83%89%ec%9d%b4-%ec%b6%94%ec%b6%9c%eb%ac%bc\/","og_site_name":"NATURAL POLAND - Hurtowy Dystrybutor Surowc\u00f3w","article_publisher":"https:\/\/www.facebook.com\/naturalpoland.b2b","article_modified_time":"2026-02-27T12:51:05+00:00","og_image":[{"width":619,"height":619,"url":"https:\/\/naturalpoland.com\/wp-content\/uploads\/ekstrakt-z-tasznika-pospolitego.webp","type":"image\/webp"}],"schema":{"@context":"https:\/\/schema.org","@graph":[{"@type":"WebPage","@id":"https:\/\/naturalpoland.com\/ko\/je-pum\/sig-mul-chu-chul-mul\/%eb%83%89%ec%9d%b4-%ec%b6%94%ec%b6%9c%eb%ac%bc\/","url":"https:\/\/naturalpoland.com\/ko\/je-pum\/sig-mul-chu-chul-mul\/%eb%83%89%ec%9d%b4-%ec%b6%94%ec%b6%9c%eb%ac%bc\/","name":"","isPartOf":{"@id":"https:\/\/naturalpoland.com\/ko\/#website"},"primaryImageOfPage":{"@id":"https:\/\/naturalpoland.com\/ko\/je-pum\/sig-mul-chu-chul-mul\/%eb%83%89%ec%9d%b4-%ec%b6%94%ec%b6%9c%eb%ac%bc\/#primaryimage"},"image":{"@id":"https:\/\/naturalpoland.com\/ko\/je-pum\/sig-mul-chu-chul-mul\/%eb%83%89%ec%9d%b4-%ec%b6%94%ec%b6%9c%eb%ac%bc\/#primaryimage"},"thumbnailUrl":"https:\/\/naturalpoland.com\/wp-content\/uploads\/ekstrakt-z-tasznika-pospolitego.webp","datePublished":"2024-09-12T09:53:39+00:00","dateModified":"2026-02-27T12:51:05+00:00","description":"\ub0c9\uc774 \ucd94\ucd9c\ubb3c(Capsella bursa-pastoris)\uc740 \uc774 \uc2dd\ubb3c\uc758 \ubfcc\ub9ac\uc5d0\uc11c \ucd94\ucd9c\ud55c \uace0\ud488\uc9c8 \uc6d0\ub8cc\uc785\ub2c8\ub2e4.","breadcrumb":{"@id":"https:\/\/naturalpoland.com\/ko\/je-pum\/sig-mul-chu-chul-mul\/%eb%83%89%ec%9d%b4-%ec%b6%94%ec%b6%9c%eb%ac%bc\/#breadcrumb"},"inLanguage":"ko-KR","potentialAction":[{"@type":"ReadAction","target":["https:\/\/naturalpoland.com\/ko\/je-pum\/sig-mul-chu-chul-mul\/%eb%83%89%ec%9d%b4-%ec%b6%94%ec%b6%9c%eb%ac%bc\/"]}]},{"@type":"ImageObject","inLanguage":"ko-KR","@id":"https:\/\/naturalpoland.com\/ko\/je-pum\/sig-mul-chu-chul-mul\/%eb%83%89%ec%9d%b4-%ec%b6%94%ec%b6%9c%eb%ac%bc\/#primaryimage","url":"https:\/\/naturalpoland.com\/wp-content\/uploads\/ekstrakt-z-tasznika-pospolitego.webp","contentUrl":"https:\/\/naturalpoland.com\/wp-content\/uploads\/ekstrakt-z-tasznika-pospolitego.webp","width":619,"height":619,"caption":"\ub0c9\uc774 \ucd94\ucd9c\ubb3c"},{"@type":"BreadcrumbList","@id":"https:\/\/naturalpoland.com\/ko\/je-pum\/sig-mul-chu-chul-mul\/%eb%83%89%ec%9d%b4-%ec%b6%94%ec%b6%9c%eb%ac%bc\/#breadcrumb","itemListElement":[{"@type":"ListItem","position":1,"name":"\ud648","item":"https:\/\/naturalpoland.com\/ko\/"},{"@type":"ListItem","position":2,"name":"\uc81c\ud488","item":"https:\/\/naturalpoland.com\/ko\/%ec%a0%9c%ed%92%88\/"},{"@type":"ListItem","position":3,"name":"\ub0c9\uc774 \ucd94\ucd9c\ubb3c"}]},{"@type":"WebSite","@id":"https:\/\/naturalpoland.com\/ko\/#website","url":"https:\/\/naturalpoland.com\/ko\/","name":"NATURAL POLAND - Hurtowy Dystrybutor Surowc\u00f3w","description":"Surowce dla przemys\u0142u spo\u017cywczego, kosmetycznego i farmaceutycznego","publisher":{"@id":"https:\/\/naturalpoland.com\/ko\/#organization"},"potentialAction":[{"@type":"SearchAction","target":{"@type":"EntryPoint","urlTemplate":"https:\/\/naturalpoland.com\/ko\/?s={search_term_string}"},"query-input":{"@type":"PropertyValueSpecification","valueRequired":true,"valueName":"search_term_string"}}],"inLanguage":"ko-KR"},{"@type":"Organization","@id":"https:\/\/naturalpoland.com\/ko\/#organization","name":"Natural Poland","url":"https:\/\/naturalpoland.com\/ko\/","logo":{"@type":"ImageObject","inLanguage":"ko-KR","@id":"https:\/\/naturalpoland.com\/ko\/#\/schema\/logo\/image\/","url":"https:\/\/naturalpoland.com\/wp-content\/uploads\/2021\/05\/natural-poland-icon.png","contentUrl":"https:\/\/naturalpoland.com\/wp-content\/uploads\/2021\/05\/natural-poland-icon.png","width":512,"height":512,"caption":"Natural Poland"},"image":{"@id":"https:\/\/naturalpoland.com\/ko\/#\/schema\/logo\/image\/"},"sameAs":["https:\/\/www.facebook.com\/naturalpoland.b2b","https:\/\/pl.linkedin.com\/company\/natural-poland","https:\/\/www.youtube.com\/channel\/UCgeGGkvOMahZo-xu_MSEWxg"]}]}},"_links":{"self":[{"href":"https:\/\/naturalpoland.com\/ko\/wp-json\/wp\/v2\/product\/46204","targetHints":{"allow":["GET"]}}],"collection":[{"href":"https:\/\/naturalpoland.com\/ko\/wp-json\/wp\/v2\/product"}],"about":[{"href":"https:\/\/naturalpoland.com\/ko\/wp-json\/wp\/v2\/types\/product"}],"wp:featuredmedia":[{"embeddable":true,"href":"https:\/\/naturalpoland.com\/ko\/wp-json\/wp\/v2\/media\/46205"}],"wp:attachment":[{"href":"https:\/\/naturalpoland.com\/ko\/wp-json\/wp\/v2\/media?parent=46204"}],"wp:term":[{"taxonomy":"product_brand","embeddable":true,"href":"https:\/\/naturalpoland.com\/ko\/wp-json\/wp\/v2\/product_brand?post=46204"},{"taxonomy":"product_cat","embeddable":true,"href":"https:\/\/naturalpoland.com\/ko\/wp-json\/wp\/v2\/product_cat?post=46204"},{"taxonomy":"product_tag","embeddable":true,"href":"https:\/\/naturalpoland.com\/ko\/wp-json\/wp\/v2\/product_tag?post=46204"}],"curies":[{"name":"wp","href":"https:\/\/api.w.org\/{rel}","templated":true}]}}