{"id":46206,"date":"2024-10-03T13:42:52","date_gmt":"2024-10-03T11:42:52","guid":{"rendered":"https:\/\/naturalpoland.com\/produkty\/uncategorized\/%ec%b9%b4%ec%8b%9c%ec%95%84-%eb%85%b8%eb%a7%88%eb%a9%94-%ec%b6%94%ec%b6%9c%eb%ac%bc\/"},"modified":"2026-02-27T13:51:11","modified_gmt":"2026-02-27T12:51:11","slug":"%ec%b9%b4%ec%8b%9c%ec%95%84-%eb%85%b8%eb%a7%88%eb%a9%94-%ec%b6%94%ec%b6%9c%eb%ac%bc","status":"publish","type":"product","link":"https:\/\/naturalpoland.com\/ko\/je-pum\/sig-mul-chu-chul-mul\/%ec%b9%b4%ec%8b%9c%ec%95%84-%eb%85%b8%eb%a7%88%eb%a9%94-%ec%b6%94%ec%b6%9c%eb%ac%bc\/","title":{"rendered":"\uce74\uc2dc\uc544 \ub178\ub9c8\uba54 \ucd94\ucd9c\ubb3c"},"content":{"rendered":"<h2>\ud2b9\uc131<\/h2>\n<p>\uce74\uc2dc\uc544 \ub178\ub9c8\uba54 \ucd94\ucd9c\ubb3c\uc740 \uccb4\ub0b4 \uc9c0\ubc29 \ubd84\ud574\ub97c \ub2f4\ub2f9\ud558\ub294 \ud6a8\uc18c\uc778 <strong>\ub9ac\ud30c\uc544\uc81c \ud65c\uc131\uc744 \uc5b5\uc81c\ud558\ub294<\/strong> \ucc9c\uc5f0 \ud654\ud569\ubb3c\uc744 \ud568\uc720\ud558\uace0 \uc788\uc2b5\ub2c8\ub2e4. \uc774\ub85c \uc778\ud574 \uc2dd\ub2e8\uc5d0\uc11c \uc12d\ucde8\ub41c \uc9c0\ubc29\uc740 \ud761\uc218\ub418\uc9c0 \uc54a\uace0 \uc18c\ud654\uad00\uc744 \ud1b5\uacfc\ud558\uc5ec \uccb4\ub0b4\uc5d0 \uc800\uc7a5\ub418\uc9c0 \uc54a\uace0 \ubc30\ucd9c\ub429\ub2c8\ub2e4. \uc774\ub294 \uccb4\uc911 \uac10\ub7c9\uc5d0 \uc788\uc5b4 \uc774 \ucd94\ucd9c\ubb3c\uc758 \ud575\uc2ec \uc791\uc6a9 \uba54\ucee4\ub2c8\uc998\uc785\ub2c8\ub2e4.  <\/p>\n<p>\uc774 \ucd94\ucd9c\ubb3c\uc740 \uc2e0\uccb4\uac00 \uc5f4\uc744 \uc0dd\uc131\ud558\ub294 \uacfc\uc815\uc778 <strong>\uc5f4 \ubc1c\uc0dd\uc744 \ucd09\uc9c4\ud558\uc5ec<\/strong> \uc9c0\ubc29 \uc5f0\uc18c\ub97c \uc99d\uac00\uc2dc\ud0b5\ub2c8\ub2e4. \uc774\ub97c \ud1b5\ud574 \uc790\uc5f0\uc801\uc778 \uc2e0\uc9c4\ub300\uc0ac \uacfc\uc815\uc744 \uc9c0\uc6d0\ud558\uace0 \uccb4\uc9c0\ubc29 \uac10\uc18c\uc5d0 \ub3c4\uc6c0\uc744 \uc90d\ub2c8\ub2e4. <\/p>\n<p>\uce74\uc2dc\uc544 \ub178\ub9c8\uba54\ub294 \uc9c0\ubc29 \ubd84\ud574 \uc791\uc6a9 \uc678\uc5d0\ub3c4 <strong>\uc2dd\uc695 \uc5b5\uc81c<\/strong> \ud2b9\uc131\uc744 \uac00\uc9c0\uace0 \uc788\uc2b5\ub2c8\ub2e4. \uc774\ub294 \uc81c\uc9c0\ubc29 \uadfc\uc721\ub7c9 \ud615\uc131\uc744 \uc6a9\uc774\ud558\uac8c \ud558\uace0 \uccb4\uc911 \uac10\ub7c9 \uacfc\uc815\uc744 \uc9c0\uc6d0\ud569\ub2c8\ub2e4. <\/p>\n<p>\uce74\uc2dc\uc544 \ub178\ub9c8\uba54\ub294 \ucc9c\uc5f0 <strong>\uc774\ub1e8\uc81c<\/strong>\ub85c, \uccb4\ub0b4 \uacfc\ub3c4\ud55c \uc218\ubd84 \uc81c\uac70\ub97c \ub3d5\uace0 \ubd80\uae30 \uac10\uc18c \ubc0f \ud574\ub3c5\uc5d0 \uc720\uc6a9\ud569\ub2c8\ub2e4. \uc804\ud1b5 \uc911\uad6d \uc758\ud559\uc5d0\uc11c\ub294 \uc644\ud558\uc81c\ub85c\ub3c4 \uc0ac\uc6a9\ub418\uc5c8\uc73c\ub098, \ud604\ub300 \uc5f0\uad6c\uc5d0 \ub530\ub974\uba74 \uccb4\uc911 \uac10\uc18c\ub294 \uc8fc\ub85c \uc774\ub7ec\ud55c \ud2b9\uc131\ubcf4\ub2e4\ub294 \uc9c0\ubc29 \ub300\uc0ac\uc5d0 \ub300\ud55c \uc791\uc6a9\uc5d0\uc11c \ube44\ub86f\ub429\ub2c8\ub2e4. <\/p>\n<h2>\uc801\uc6a9<\/h2>\n<p><em>\uce74\uc2dc\uc544 \ub178\ub9c8\uba54<\/em> \ucd94\ucd9c\ubb3c\uc740 \uccb4\uc911 \uc870\uc808 \ubc0f \uccb4\uc911 \uac10\ub7c9\uc744 \ub3d5\ub294 \uac74\uac15 \ubcf4\uc870 \uc2dd\ud488\uc5d0 \ub110\ub9ac \uc0ac\uc6a9\ub429\ub2c8\ub2e4. \ucc9c\uc5f0 \uc9c0\ubc29 \uc5f0\uc18c\uc81c\uc774\uc790 \ub9ac\ud30c\uc544\uc81c \uc5b5\uc81c\uc81c\ub85c\uc11c, \uccb4\uc9c0\ubc29 \uac10\uc18c, \uc2dd\uc695 \uc870\uc808 \ubc0f \uc2e0\uccb4 \uc815\ud654\ub97c \ub3d5\ub294 \uc81c\ud488\uc5d0 \uc774\uc0c1\uc801\uc778 \uc131\ubd84\uc785\ub2c8\ub2e4. <\/p>\n","protected":false},"excerpt":{"rendered":"<p>\uc2dd\ubb3c\ud559\uc801\uc73c\ub85c <em>Cassia nomame (Sieb.) K.<\/em>\ub85c \uc54c\ub824\uc9c4 \uce74\uc2dc\uc544 \ub178\ub9c8\uba54 \ucd94\ucd9c\ubb3c\uc740 \uc2dd\ubb3c \uc804\uccb4\uc5d0\uc11c \uc5bb\uc5b4\uc9c0\ub294 \ucc9c\uc5f0 \uc81c\ud488\uc785\ub2c8\ub2e4. \ucd94\ucd9c\ubb3c\uc740 \ubb3c\uc744 \uc6a9\ub9e4\ub85c \uc0ac\uc6a9\ud558\uc5ec \uc5bb\uc5b4\uc9d1\ub2c8\ub2e4. <\/p>\n","protected":false},"featured_media":46207,"template":"","meta":[],"product_brand":[],"product_cat":[8134],"product_tag":[],"class_list":{"0":"post-46206","1":"product","2":"type-product","3":"status-publish","4":"has-post-thumbnail","6":"product_cat-sig-mul-chu-chul-mul","7":"pa_czesc-rosliny-8912","9":"first","10":"instock","11":"shipping-taxable","12":"product-type-simple"},"yoast_head":"<!-- This site is optimized with the Yoast SEO plugin v27.4 - https:\/\/yoast.com\/product\/yoast-seo-wordpress\/ -->\n<title>NATURAL POLAND &#8211; Hurtowy Dystrybutor Surowc\u00f3w<\/title>\n<meta name=\"description\" content=\"\uce74\uc2dc\uc544 \ub178\ub9c8\uba54 \ucd94\ucd9c\ubb3c\uc740 \uccb4\uc911 \uac10\ub7c9, \uccb4\uc911 \uc870\uc808, \uc5f4 \ubc1c\uc0dd\uc744 \ub3d5\uace0 \uc2e0\uc9c4\ub300\uc0ac\ub97c \uac1c\uc120\ud558\ub294 \ud601\uc2e0\uc801\uc778 \ucc9c\uc5f0 \uc131\ubd84\uc785\ub2c8\ub2e4.\" \/>\n<meta name=\"robots\" content=\"index, follow, max-snippet:-1, max-image-preview:large, max-video-preview:-1\" \/>\n<link rel=\"canonical\" href=\"https:\/\/naturalpoland.com\/ko\/je-pum\/sig-mul-chu-chul-mul\/%ec%b9%b4%ec%8b%9c%ec%95%84-%eb%85%b8%eb%a7%88%eb%a9%94-%ec%b6%94%ec%b6%9c%eb%ac%bc\/\" \/>\n<meta property=\"og:locale\" content=\"ko_KR\" \/>\n<meta property=\"og:type\" content=\"article\" \/>\n<meta property=\"og:description\" content=\"\uce74\uc2dc\uc544 \ub178\ub9c8\uba54 \ucd94\ucd9c\ubb3c\uc740 \uccb4\uc911 \uac10\ub7c9, \uccb4\uc911 \uc870\uc808, \uc5f4 \ubc1c\uc0dd\uc744 \ub3d5\uace0 \uc2e0\uc9c4\ub300\uc0ac\ub97c \uac1c\uc120\ud558\ub294 \ud601\uc2e0\uc801\uc778 \ucc9c\uc5f0 \uc131\ubd84\uc785\ub2c8\ub2e4.\" \/>\n<meta property=\"og:url\" content=\"https:\/\/naturalpoland.com\/ko\/je-pum\/sig-mul-chu-chul-mul\/%ec%b9%b4%ec%8b%9c%ec%95%84-%eb%85%b8%eb%a7%88%eb%a9%94-%ec%b6%94%ec%b6%9c%eb%ac%bc\/\" \/>\n<meta property=\"og:site_name\" content=\"NATURAL POLAND - Hurtowy Dystrybutor Surowc\u00f3w\" \/>\n<meta property=\"article:publisher\" content=\"https:\/\/www.facebook.com\/naturalpoland.b2b\" \/>\n<meta property=\"article:modified_time\" content=\"2026-02-27T12:51:11+00:00\" \/>\n<meta property=\"og:image\" content=\"https:\/\/naturalpoland.com\/wp-content\/uploads\/ekstrakt-z-cassia-nomame.webp\" \/>\n\t<meta property=\"og:image:width\" content=\"350\" \/>\n\t<meta property=\"og:image:height\" content=\"350\" \/>\n\t<meta property=\"og:image:type\" content=\"image\/webp\" \/>\n<script type=\"application\/ld+json\" class=\"yoast-schema-graph\">{\"@context\":\"https:\\\/\\\/schema.org\",\"@graph\":[{\"@type\":\"WebPage\",\"@id\":\"https:\\\/\\\/naturalpoland.com\\\/ko\\\/je-pum\\\/sig-mul-chu-chul-mul\\\/%ec%b9%b4%ec%8b%9c%ec%95%84-%eb%85%b8%eb%a7%88%eb%a9%94-%ec%b6%94%ec%b6%9c%eb%ac%bc\\\/\",\"url\":\"https:\\\/\\\/naturalpoland.com\\\/ko\\\/je-pum\\\/sig-mul-chu-chul-mul\\\/%ec%b9%b4%ec%8b%9c%ec%95%84-%eb%85%b8%eb%a7%88%eb%a9%94-%ec%b6%94%ec%b6%9c%eb%ac%bc\\\/\",\"name\":\"\",\"isPartOf\":{\"@id\":\"https:\\\/\\\/naturalpoland.com\\\/ko\\\/#website\"},\"primaryImageOfPage\":{\"@id\":\"https:\\\/\\\/naturalpoland.com\\\/ko\\\/je-pum\\\/sig-mul-chu-chul-mul\\\/%ec%b9%b4%ec%8b%9c%ec%95%84-%eb%85%b8%eb%a7%88%eb%a9%94-%ec%b6%94%ec%b6%9c%eb%ac%bc\\\/#primaryimage\"},\"image\":{\"@id\":\"https:\\\/\\\/naturalpoland.com\\\/ko\\\/je-pum\\\/sig-mul-chu-chul-mul\\\/%ec%b9%b4%ec%8b%9c%ec%95%84-%eb%85%b8%eb%a7%88%eb%a9%94-%ec%b6%94%ec%b6%9c%eb%ac%bc\\\/#primaryimage\"},\"thumbnailUrl\":\"https:\\\/\\\/naturalpoland.com\\\/wp-content\\\/uploads\\\/ekstrakt-z-cassia-nomame.webp\",\"datePublished\":\"2024-10-03T11:42:52+00:00\",\"dateModified\":\"2026-02-27T12:51:11+00:00\",\"description\":\"\uce74\uc2dc\uc544 \ub178\ub9c8\uba54 \ucd94\ucd9c\ubb3c\uc740 \uccb4\uc911 \uac10\ub7c9, \uccb4\uc911 \uc870\uc808, \uc5f4 \ubc1c\uc0dd\uc744 \ub3d5\uace0 \uc2e0\uc9c4\ub300\uc0ac\ub97c \uac1c\uc120\ud558\ub294 \ud601\uc2e0\uc801\uc778 \ucc9c\uc5f0 \uc131\ubd84\uc785\ub2c8\ub2e4.\",\"breadcrumb\":{\"@id\":\"https:\\\/\\\/naturalpoland.com\\\/ko\\\/je-pum\\\/sig-mul-chu-chul-mul\\\/%ec%b9%b4%ec%8b%9c%ec%95%84-%eb%85%b8%eb%a7%88%eb%a9%94-%ec%b6%94%ec%b6%9c%eb%ac%bc\\\/#breadcrumb\"},\"inLanguage\":\"ko-KR\",\"potentialAction\":[{\"@type\":\"ReadAction\",\"target\":[\"https:\\\/\\\/naturalpoland.com\\\/ko\\\/je-pum\\\/sig-mul-chu-chul-mul\\\/%ec%b9%b4%ec%8b%9c%ec%95%84-%eb%85%b8%eb%a7%88%eb%a9%94-%ec%b6%94%ec%b6%9c%eb%ac%bc\\\/\"]}]},{\"@type\":\"ImageObject\",\"inLanguage\":\"ko-KR\",\"@id\":\"https:\\\/\\\/naturalpoland.com\\\/ko\\\/je-pum\\\/sig-mul-chu-chul-mul\\\/%ec%b9%b4%ec%8b%9c%ec%95%84-%eb%85%b8%eb%a7%88%eb%a9%94-%ec%b6%94%ec%b6%9c%eb%ac%bc\\\/#primaryimage\",\"url\":\"https:\\\/\\\/naturalpoland.com\\\/wp-content\\\/uploads\\\/ekstrakt-z-cassia-nomame.webp\",\"contentUrl\":\"https:\\\/\\\/naturalpoland.com\\\/wp-content\\\/uploads\\\/ekstrakt-z-cassia-nomame.webp\",\"width\":350,\"height\":350,\"caption\":\"\uce74\uc2dc\uc544 \ub178\ub9c8\uba54 \ucd94\ucd9c\ubb3c\"},{\"@type\":\"BreadcrumbList\",\"@id\":\"https:\\\/\\\/naturalpoland.com\\\/ko\\\/je-pum\\\/sig-mul-chu-chul-mul\\\/%ec%b9%b4%ec%8b%9c%ec%95%84-%eb%85%b8%eb%a7%88%eb%a9%94-%ec%b6%94%ec%b6%9c%eb%ac%bc\\\/#breadcrumb\",\"itemListElement\":[{\"@type\":\"ListItem\",\"position\":1,\"name\":\"\ud648\",\"item\":\"https:\\\/\\\/naturalpoland.com\\\/ko\\\/\"},{\"@type\":\"ListItem\",\"position\":2,\"name\":\"\uc81c\ud488\",\"item\":\"https:\\\/\\\/naturalpoland.com\\\/ko\\\/%ec%a0%9c%ed%92%88\\\/\"},{\"@type\":\"ListItem\",\"position\":3,\"name\":\"\uce74\uc2dc\uc544 \ub178\ub9c8\uba54 \ucd94\ucd9c\ubb3c\"}]},{\"@type\":\"WebSite\",\"@id\":\"https:\\\/\\\/naturalpoland.com\\\/ko\\\/#website\",\"url\":\"https:\\\/\\\/naturalpoland.com\\\/ko\\\/\",\"name\":\"NATURAL POLAND - Hurtowy Dystrybutor Surowc\u00f3w\",\"description\":\"Surowce dla przemys\u0142u spo\u017cywczego, kosmetycznego i farmaceutycznego\",\"publisher\":{\"@id\":\"https:\\\/\\\/naturalpoland.com\\\/ko\\\/#organization\"},\"potentialAction\":[{\"@type\":\"SearchAction\",\"target\":{\"@type\":\"EntryPoint\",\"urlTemplate\":\"https:\\\/\\\/naturalpoland.com\\\/ko\\\/?s={search_term_string}\"},\"query-input\":{\"@type\":\"PropertyValueSpecification\",\"valueRequired\":true,\"valueName\":\"search_term_string\"}}],\"inLanguage\":\"ko-KR\"},{\"@type\":\"Organization\",\"@id\":\"https:\\\/\\\/naturalpoland.com\\\/ko\\\/#organization\",\"name\":\"Natural Poland\",\"url\":\"https:\\\/\\\/naturalpoland.com\\\/ko\\\/\",\"logo\":{\"@type\":\"ImageObject\",\"inLanguage\":\"ko-KR\",\"@id\":\"https:\\\/\\\/naturalpoland.com\\\/ko\\\/#\\\/schema\\\/logo\\\/image\\\/\",\"url\":\"https:\\\/\\\/naturalpoland.com\\\/wp-content\\\/uploads\\\/2021\\\/05\\\/natural-poland-icon.png\",\"contentUrl\":\"https:\\\/\\\/naturalpoland.com\\\/wp-content\\\/uploads\\\/2021\\\/05\\\/natural-poland-icon.png\",\"width\":512,\"height\":512,\"caption\":\"Natural Poland\"},\"image\":{\"@id\":\"https:\\\/\\\/naturalpoland.com\\\/ko\\\/#\\\/schema\\\/logo\\\/image\\\/\"},\"sameAs\":[\"https:\\\/\\\/www.facebook.com\\\/naturalpoland.b2b\",\"https:\\\/\\\/pl.linkedin.com\\\/company\\\/natural-poland\",\"https:\\\/\\\/www.youtube.com\\\/channel\\\/UCgeGGkvOMahZo-xu_MSEWxg\"]}]}<\/script>\n<!-- \/ Yoast SEO plugin. -->","yoast_head_json":{"title":"NATURAL POLAND &#8211; Hurtowy Dystrybutor Surowc\u00f3w","description":"\uce74\uc2dc\uc544 \ub178\ub9c8\uba54 \ucd94\ucd9c\ubb3c\uc740 \uccb4\uc911 \uac10\ub7c9, \uccb4\uc911 \uc870\uc808, \uc5f4 \ubc1c\uc0dd\uc744 \ub3d5\uace0 \uc2e0\uc9c4\ub300\uc0ac\ub97c \uac1c\uc120\ud558\ub294 \ud601\uc2e0\uc801\uc778 \ucc9c\uc5f0 \uc131\ubd84\uc785\ub2c8\ub2e4.","robots":{"index":"index","follow":"follow","max-snippet":"max-snippet:-1","max-image-preview":"max-image-preview:large","max-video-preview":"max-video-preview:-1"},"canonical":"https:\/\/naturalpoland.com\/ko\/je-pum\/sig-mul-chu-chul-mul\/%ec%b9%b4%ec%8b%9c%ec%95%84-%eb%85%b8%eb%a7%88%eb%a9%94-%ec%b6%94%ec%b6%9c%eb%ac%bc\/","og_locale":"ko_KR","og_type":"article","og_description":"\uce74\uc2dc\uc544 \ub178\ub9c8\uba54 \ucd94\ucd9c\ubb3c\uc740 \uccb4\uc911 \uac10\ub7c9, \uccb4\uc911 \uc870\uc808, \uc5f4 \ubc1c\uc0dd\uc744 \ub3d5\uace0 \uc2e0\uc9c4\ub300\uc0ac\ub97c \uac1c\uc120\ud558\ub294 \ud601\uc2e0\uc801\uc778 \ucc9c\uc5f0 \uc131\ubd84\uc785\ub2c8\ub2e4.","og_url":"https:\/\/naturalpoland.com\/ko\/je-pum\/sig-mul-chu-chul-mul\/%ec%b9%b4%ec%8b%9c%ec%95%84-%eb%85%b8%eb%a7%88%eb%a9%94-%ec%b6%94%ec%b6%9c%eb%ac%bc\/","og_site_name":"NATURAL POLAND - Hurtowy Dystrybutor Surowc\u00f3w","article_publisher":"https:\/\/www.facebook.com\/naturalpoland.b2b","article_modified_time":"2026-02-27T12:51:11+00:00","og_image":[{"width":350,"height":350,"url":"https:\/\/naturalpoland.com\/wp-content\/uploads\/ekstrakt-z-cassia-nomame.webp","type":"image\/webp"}],"schema":{"@context":"https:\/\/schema.org","@graph":[{"@type":"WebPage","@id":"https:\/\/naturalpoland.com\/ko\/je-pum\/sig-mul-chu-chul-mul\/%ec%b9%b4%ec%8b%9c%ec%95%84-%eb%85%b8%eb%a7%88%eb%a9%94-%ec%b6%94%ec%b6%9c%eb%ac%bc\/","url":"https:\/\/naturalpoland.com\/ko\/je-pum\/sig-mul-chu-chul-mul\/%ec%b9%b4%ec%8b%9c%ec%95%84-%eb%85%b8%eb%a7%88%eb%a9%94-%ec%b6%94%ec%b6%9c%eb%ac%bc\/","name":"","isPartOf":{"@id":"https:\/\/naturalpoland.com\/ko\/#website"},"primaryImageOfPage":{"@id":"https:\/\/naturalpoland.com\/ko\/je-pum\/sig-mul-chu-chul-mul\/%ec%b9%b4%ec%8b%9c%ec%95%84-%eb%85%b8%eb%a7%88%eb%a9%94-%ec%b6%94%ec%b6%9c%eb%ac%bc\/#primaryimage"},"image":{"@id":"https:\/\/naturalpoland.com\/ko\/je-pum\/sig-mul-chu-chul-mul\/%ec%b9%b4%ec%8b%9c%ec%95%84-%eb%85%b8%eb%a7%88%eb%a9%94-%ec%b6%94%ec%b6%9c%eb%ac%bc\/#primaryimage"},"thumbnailUrl":"https:\/\/naturalpoland.com\/wp-content\/uploads\/ekstrakt-z-cassia-nomame.webp","datePublished":"2024-10-03T11:42:52+00:00","dateModified":"2026-02-27T12:51:11+00:00","description":"\uce74\uc2dc\uc544 \ub178\ub9c8\uba54 \ucd94\ucd9c\ubb3c\uc740 \uccb4\uc911 \uac10\ub7c9, \uccb4\uc911 \uc870\uc808, \uc5f4 \ubc1c\uc0dd\uc744 \ub3d5\uace0 \uc2e0\uc9c4\ub300\uc0ac\ub97c \uac1c\uc120\ud558\ub294 \ud601\uc2e0\uc801\uc778 \ucc9c\uc5f0 \uc131\ubd84\uc785\ub2c8\ub2e4.","breadcrumb":{"@id":"https:\/\/naturalpoland.com\/ko\/je-pum\/sig-mul-chu-chul-mul\/%ec%b9%b4%ec%8b%9c%ec%95%84-%eb%85%b8%eb%a7%88%eb%a9%94-%ec%b6%94%ec%b6%9c%eb%ac%bc\/#breadcrumb"},"inLanguage":"ko-KR","potentialAction":[{"@type":"ReadAction","target":["https:\/\/naturalpoland.com\/ko\/je-pum\/sig-mul-chu-chul-mul\/%ec%b9%b4%ec%8b%9c%ec%95%84-%eb%85%b8%eb%a7%88%eb%a9%94-%ec%b6%94%ec%b6%9c%eb%ac%bc\/"]}]},{"@type":"ImageObject","inLanguage":"ko-KR","@id":"https:\/\/naturalpoland.com\/ko\/je-pum\/sig-mul-chu-chul-mul\/%ec%b9%b4%ec%8b%9c%ec%95%84-%eb%85%b8%eb%a7%88%eb%a9%94-%ec%b6%94%ec%b6%9c%eb%ac%bc\/#primaryimage","url":"https:\/\/naturalpoland.com\/wp-content\/uploads\/ekstrakt-z-cassia-nomame.webp","contentUrl":"https:\/\/naturalpoland.com\/wp-content\/uploads\/ekstrakt-z-cassia-nomame.webp","width":350,"height":350,"caption":"\uce74\uc2dc\uc544 \ub178\ub9c8\uba54 \ucd94\ucd9c\ubb3c"},{"@type":"BreadcrumbList","@id":"https:\/\/naturalpoland.com\/ko\/je-pum\/sig-mul-chu-chul-mul\/%ec%b9%b4%ec%8b%9c%ec%95%84-%eb%85%b8%eb%a7%88%eb%a9%94-%ec%b6%94%ec%b6%9c%eb%ac%bc\/#breadcrumb","itemListElement":[{"@type":"ListItem","position":1,"name":"\ud648","item":"https:\/\/naturalpoland.com\/ko\/"},{"@type":"ListItem","position":2,"name":"\uc81c\ud488","item":"https:\/\/naturalpoland.com\/ko\/%ec%a0%9c%ed%92%88\/"},{"@type":"ListItem","position":3,"name":"\uce74\uc2dc\uc544 \ub178\ub9c8\uba54 \ucd94\ucd9c\ubb3c"}]},{"@type":"WebSite","@id":"https:\/\/naturalpoland.com\/ko\/#website","url":"https:\/\/naturalpoland.com\/ko\/","name":"NATURAL POLAND - Hurtowy Dystrybutor Surowc\u00f3w","description":"Surowce dla przemys\u0142u spo\u017cywczego, kosmetycznego i farmaceutycznego","publisher":{"@id":"https:\/\/naturalpoland.com\/ko\/#organization"},"potentialAction":[{"@type":"SearchAction","target":{"@type":"EntryPoint","urlTemplate":"https:\/\/naturalpoland.com\/ko\/?s={search_term_string}"},"query-input":{"@type":"PropertyValueSpecification","valueRequired":true,"valueName":"search_term_string"}}],"inLanguage":"ko-KR"},{"@type":"Organization","@id":"https:\/\/naturalpoland.com\/ko\/#organization","name":"Natural Poland","url":"https:\/\/naturalpoland.com\/ko\/","logo":{"@type":"ImageObject","inLanguage":"ko-KR","@id":"https:\/\/naturalpoland.com\/ko\/#\/schema\/logo\/image\/","url":"https:\/\/naturalpoland.com\/wp-content\/uploads\/2021\/05\/natural-poland-icon.png","contentUrl":"https:\/\/naturalpoland.com\/wp-content\/uploads\/2021\/05\/natural-poland-icon.png","width":512,"height":512,"caption":"Natural Poland"},"image":{"@id":"https:\/\/naturalpoland.com\/ko\/#\/schema\/logo\/image\/"},"sameAs":["https:\/\/www.facebook.com\/naturalpoland.b2b","https:\/\/pl.linkedin.com\/company\/natural-poland","https:\/\/www.youtube.com\/channel\/UCgeGGkvOMahZo-xu_MSEWxg"]}]}},"_links":{"self":[{"href":"https:\/\/naturalpoland.com\/ko\/wp-json\/wp\/v2\/product\/46206","targetHints":{"allow":["GET"]}}],"collection":[{"href":"https:\/\/naturalpoland.com\/ko\/wp-json\/wp\/v2\/product"}],"about":[{"href":"https:\/\/naturalpoland.com\/ko\/wp-json\/wp\/v2\/types\/product"}],"wp:featuredmedia":[{"embeddable":true,"href":"https:\/\/naturalpoland.com\/ko\/wp-json\/wp\/v2\/media\/46207"}],"wp:attachment":[{"href":"https:\/\/naturalpoland.com\/ko\/wp-json\/wp\/v2\/media?parent=46206"}],"wp:term":[{"taxonomy":"product_brand","embeddable":true,"href":"https:\/\/naturalpoland.com\/ko\/wp-json\/wp\/v2\/product_brand?post=46206"},{"taxonomy":"product_cat","embeddable":true,"href":"https:\/\/naturalpoland.com\/ko\/wp-json\/wp\/v2\/product_cat?post=46206"},{"taxonomy":"product_tag","embeddable":true,"href":"https:\/\/naturalpoland.com\/ko\/wp-json\/wp\/v2\/product_tag?post=46206"}],"curies":[{"name":"wp","href":"https:\/\/api.w.org\/{rel}","templated":true}]}}