{"id":46228,"date":"2023-12-29T12:19:08","date_gmt":"2023-12-29T11:19:08","guid":{"rendered":"https:\/\/naturalpoland.com\/produkty\/uncategorized\/%ec%95%84%eb%8b%88%ec%8a%a4-%ec%b6%94%ec%b6%9c%eb%ac%bc\/"},"modified":"2026-02-27T13:56:42","modified_gmt":"2026-02-27T12:56:42","slug":"%ec%95%84%eb%8b%88%ec%8a%a4-%ec%b6%94%ec%b6%9c%eb%ac%bc","status":"publish","type":"product","link":"https:\/\/naturalpoland.com\/ko\/je-pum\/sig-mul-chu-chul-mul\/%ec%95%84%eb%8b%88%ec%8a%a4-%ec%b6%94%ec%b6%9c%eb%ac%bc\/","title":{"rendered":"\uc544\ub2c8\uc2a4 \ucd94\ucd9c\ubb3c"},"content":{"rendered":"<p>\uc544\ub2c8\uc2a4\ub294 \uc18c\ud654 \uacfc\uc815\uc744 \ub3d5\uace0 \uc0c1\uae30\ub3c4 \ubb38\uc81c\ub97c \uc644\ud654\ud558\ub294 \ub370 \uc790\uc8fc \uc0ac\uc6a9\ub429\ub2c8\ub2e4. \ub610\ud55c \ud56d\uc0b0\ud654 \ubc0f \ud56d\uc5fc \ud2b9\uc131\uc73c\ub85c \uc778\ud574 \ud2b9\ud788 \ubbfc\uac10\uc131 \ud53c\ubd80\uc6a9 \ud654\uc7a5\ud488\uc5d0 \ud65c\uc6a9\ub429\ub2c8\ub2e4. <\/p>\n<p>\uc548\uc804\ud558\uace0 \ud488\uc9c8 \uae30\uc900\uc5d0 \ubd80\ud569\ud558\uac8c \uc0dd\uc0b0\ub41c \ubcf8 \ucd94\ucd9c\ubb3c\uc740 GMO\uac00 \uc5c6\uc73c\uba70 \uc911\uae08\uc18d \ubc0f \ub18d\uc57d\uc5d0 \ub300\ud55c USP \uae30\uc900\uc744 \ucda9\uc871\ud558\uc5ec \uac74\uac15\uae30\ub2a5\uc2dd\ud488\uacfc \ud654\uc7a5\ud488 \ubaa8\ub450\uc5d0\uc11c \uc548\uc804\ud558\uace0 \ud6a8\uacfc\uc801\uc778 \uc131\ubd84\uc785\ub2c8\ub2e4.<\/p>\n","protected":false},"excerpt":{"rendered":"<p>\uc544\ub2c8\uc2a4 \ucd94\ucd9c\ubb3c(<em>Pimpinella Anisum<\/em>)\uc740 \uac74\uac15\uae30\ub2a5\uc2dd\ud488 \ubc0f \ud654\uc7a5\ud488 \uc0b0\uc5c5\uc5d0\uc11c \ubaa8\ub450 \ub192\uc774 \ud3c9\uac00\ub418\ub294 \ub2e4\uc6a9\ub3c4 \ucc9c\uc5f0 \uc81c\ud488\uc785\ub2c8\ub2e4. \uc544\ub2c8\uc2a4 \uc2dd\ubb3c\uc758 \uc5f4\ub9e4\uc5d0\uc11c \ucd94\ucd9c\ub418\uba70 \ub2e4\uc591\ud55c \uac74\uac15\uc0c1 \uc774\uc810\uc73c\ub85c \uc54c\ub824\uc838 \uc788\uc2b5\ub2c8\ub2e4. <\/p>\n","protected":false},"featured_media":46229,"template":"","meta":[],"product_brand":[],"product_cat":[8134],"product_tag":[],"class_list":{"0":"post-46228","1":"product","2":"type-product","3":"status-publish","4":"has-post-thumbnail","6":"product_cat-sig-mul-chu-chul-mul","7":"pa_certyfikaty-8218","8":"pa_certyfikaty-8219","9":"pa_czesc-rosliny-8225","11":"first","12":"instock","13":"shipping-taxable","14":"product-type-simple"},"yoast_head":"<!-- This site is optimized with the Yoast SEO plugin v27.4 - https:\/\/yoast.com\/product\/yoast-seo-wordpress\/ -->\n<title>\uc544\ub2c8\uc2a4 \ucd94\ucd9c\ubb3c - Hurtowy Dystrybutor<\/title>\n<meta name=\"description\" content=\"\uc544\ub2c8\uc2a4 \ucd94\ucd9c\ubb3c(Pimpinella Anisum)\uc740 \uac74\uac15\uae30\ub2a5\uc2dd\ud488 \ubc0f \ud654\uc7a5\ud488 \uc0b0\uc5c5\uc5d0\uc11c \ubaa8\ub450 \ub192\uc774 \ud3c9\uac00\ub418\ub294 \ub2e4\uc6a9\ub3c4 \ucc9c\uc5f0 \uc81c\ud488\uc785\ub2c8\ub2e4.\" \/>\n<meta name=\"robots\" content=\"index, follow, max-snippet:-1, max-image-preview:large, max-video-preview:-1\" \/>\n<link rel=\"canonical\" href=\"https:\/\/naturalpoland.com\/ko\/je-pum\/sig-mul-chu-chul-mul\/%ec%95%84%eb%8b%88%ec%8a%a4-%ec%b6%94%ec%b6%9c%eb%ac%bc\/\" \/>\n<meta property=\"og:locale\" content=\"ko_KR\" \/>\n<meta property=\"og:type\" content=\"article\" \/>\n<meta property=\"og:title\" content=\"\uc544\ub2c8\uc2a4 \ucd94\ucd9c\ubb3c - Hurtowy Dystrybutor\" \/>\n<meta property=\"og:description\" content=\"\uc544\ub2c8\uc2a4 \ucd94\ucd9c\ubb3c(Pimpinella Anisum)\uc740 \uac74\uac15\uae30\ub2a5\uc2dd\ud488 \ubc0f \ud654\uc7a5\ud488 \uc0b0\uc5c5\uc5d0\uc11c \ubaa8\ub450 \ub192\uc774 \ud3c9\uac00\ub418\ub294 \ub2e4\uc6a9\ub3c4 \ucc9c\uc5f0 \uc81c\ud488\uc785\ub2c8\ub2e4.\" \/>\n<meta property=\"og:url\" content=\"https:\/\/naturalpoland.com\/ko\/je-pum\/sig-mul-chu-chul-mul\/%ec%95%84%eb%8b%88%ec%8a%a4-%ec%b6%94%ec%b6%9c%eb%ac%bc\/\" \/>\n<meta property=\"og:site_name\" content=\"NATURAL POLAND - Hurtowy Dystrybutor Surowc\u00f3w\" \/>\n<meta property=\"article:publisher\" content=\"https:\/\/www.facebook.com\/naturalpoland.b2b\" \/>\n<meta property=\"article:modified_time\" content=\"2026-02-27T12:56:42+00:00\" \/>\n<meta property=\"og:image\" content=\"https:\/\/naturalpoland.com\/wp-content\/uploads\/pimpinella_anisum_extract.webp\" \/>\n\t<meta property=\"og:image:width\" content=\"612\" \/>\n\t<meta property=\"og:image:height\" content=\"612\" \/>\n\t<meta property=\"og:image:type\" content=\"image\/webp\" \/>\n<script type=\"application\/ld+json\" class=\"yoast-schema-graph\">{\"@context\":\"https:\\\/\\\/schema.org\",\"@graph\":[{\"@type\":\"WebPage\",\"@id\":\"https:\\\/\\\/naturalpoland.com\\\/ko\\\/je-pum\\\/sig-mul-chu-chul-mul\\\/%ec%95%84%eb%8b%88%ec%8a%a4-%ec%b6%94%ec%b6%9c%eb%ac%bc\\\/\",\"url\":\"https:\\\/\\\/naturalpoland.com\\\/ko\\\/je-pum\\\/sig-mul-chu-chul-mul\\\/%ec%95%84%eb%8b%88%ec%8a%a4-%ec%b6%94%ec%b6%9c%eb%ac%bc\\\/\",\"name\":\"\uc544\ub2c8\uc2a4 \ucd94\ucd9c\ubb3c - Hurtowy Dystrybutor\",\"isPartOf\":{\"@id\":\"https:\\\/\\\/naturalpoland.com\\\/ko\\\/#website\"},\"primaryImageOfPage\":{\"@id\":\"https:\\\/\\\/naturalpoland.com\\\/ko\\\/je-pum\\\/sig-mul-chu-chul-mul\\\/%ec%95%84%eb%8b%88%ec%8a%a4-%ec%b6%94%ec%b6%9c%eb%ac%bc\\\/#primaryimage\"},\"image\":{\"@id\":\"https:\\\/\\\/naturalpoland.com\\\/ko\\\/je-pum\\\/sig-mul-chu-chul-mul\\\/%ec%95%84%eb%8b%88%ec%8a%a4-%ec%b6%94%ec%b6%9c%eb%ac%bc\\\/#primaryimage\"},\"thumbnailUrl\":\"https:\\\/\\\/naturalpoland.com\\\/wp-content\\\/uploads\\\/pimpinella_anisum_extract.webp\",\"datePublished\":\"2023-12-29T11:19:08+00:00\",\"dateModified\":\"2026-02-27T12:56:42+00:00\",\"description\":\"\uc544\ub2c8\uc2a4 \ucd94\ucd9c\ubb3c(Pimpinella Anisum)\uc740 \uac74\uac15\uae30\ub2a5\uc2dd\ud488 \ubc0f \ud654\uc7a5\ud488 \uc0b0\uc5c5\uc5d0\uc11c \ubaa8\ub450 \ub192\uc774 \ud3c9\uac00\ub418\ub294 \ub2e4\uc6a9\ub3c4 \ucc9c\uc5f0 \uc81c\ud488\uc785\ub2c8\ub2e4.\",\"breadcrumb\":{\"@id\":\"https:\\\/\\\/naturalpoland.com\\\/ko\\\/je-pum\\\/sig-mul-chu-chul-mul\\\/%ec%95%84%eb%8b%88%ec%8a%a4-%ec%b6%94%ec%b6%9c%eb%ac%bc\\\/#breadcrumb\"},\"inLanguage\":\"ko-KR\",\"potentialAction\":[{\"@type\":\"ReadAction\",\"target\":[\"https:\\\/\\\/naturalpoland.com\\\/ko\\\/je-pum\\\/sig-mul-chu-chul-mul\\\/%ec%95%84%eb%8b%88%ec%8a%a4-%ec%b6%94%ec%b6%9c%eb%ac%bc\\\/\"]}]},{\"@type\":\"ImageObject\",\"inLanguage\":\"ko-KR\",\"@id\":\"https:\\\/\\\/naturalpoland.com\\\/ko\\\/je-pum\\\/sig-mul-chu-chul-mul\\\/%ec%95%84%eb%8b%88%ec%8a%a4-%ec%b6%94%ec%b6%9c%eb%ac%bc\\\/#primaryimage\",\"url\":\"https:\\\/\\\/naturalpoland.com\\\/wp-content\\\/uploads\\\/pimpinella_anisum_extract.webp\",\"contentUrl\":\"https:\\\/\\\/naturalpoland.com\\\/wp-content\\\/uploads\\\/pimpinella_anisum_extract.webp\",\"width\":612,\"height\":612,\"caption\":\"\uc544\ub2c8\uc2a4 \ucd94\ucd9c\ubb3c\"},{\"@type\":\"BreadcrumbList\",\"@id\":\"https:\\\/\\\/naturalpoland.com\\\/ko\\\/je-pum\\\/sig-mul-chu-chul-mul\\\/%ec%95%84%eb%8b%88%ec%8a%a4-%ec%b6%94%ec%b6%9c%eb%ac%bc\\\/#breadcrumb\",\"itemListElement\":[{\"@type\":\"ListItem\",\"position\":1,\"name\":\"\ud648\",\"item\":\"https:\\\/\\\/naturalpoland.com\\\/ko\\\/\"},{\"@type\":\"ListItem\",\"position\":2,\"name\":\"\uc81c\ud488\",\"item\":\"https:\\\/\\\/naturalpoland.com\\\/ko\\\/%ec%a0%9c%ed%92%88\\\/\"},{\"@type\":\"ListItem\",\"position\":3,\"name\":\"\uc544\ub2c8\uc2a4 \ucd94\ucd9c\ubb3c\"}]},{\"@type\":\"WebSite\",\"@id\":\"https:\\\/\\\/naturalpoland.com\\\/ko\\\/#website\",\"url\":\"https:\\\/\\\/naturalpoland.com\\\/ko\\\/\",\"name\":\"NATURAL POLAND - Hurtowy Dystrybutor Surowc\u00f3w\",\"description\":\"Surowce dla przemys\u0142u spo\u017cywczego, kosmetycznego i farmaceutycznego\",\"publisher\":{\"@id\":\"https:\\\/\\\/naturalpoland.com\\\/ko\\\/#organization\"},\"potentialAction\":[{\"@type\":\"SearchAction\",\"target\":{\"@type\":\"EntryPoint\",\"urlTemplate\":\"https:\\\/\\\/naturalpoland.com\\\/ko\\\/?s={search_term_string}\"},\"query-input\":{\"@type\":\"PropertyValueSpecification\",\"valueRequired\":true,\"valueName\":\"search_term_string\"}}],\"inLanguage\":\"ko-KR\"},{\"@type\":\"Organization\",\"@id\":\"https:\\\/\\\/naturalpoland.com\\\/ko\\\/#organization\",\"name\":\"Natural Poland\",\"url\":\"https:\\\/\\\/naturalpoland.com\\\/ko\\\/\",\"logo\":{\"@type\":\"ImageObject\",\"inLanguage\":\"ko-KR\",\"@id\":\"https:\\\/\\\/naturalpoland.com\\\/ko\\\/#\\\/schema\\\/logo\\\/image\\\/\",\"url\":\"https:\\\/\\\/naturalpoland.com\\\/wp-content\\\/uploads\\\/2021\\\/05\\\/natural-poland-icon.png\",\"contentUrl\":\"https:\\\/\\\/naturalpoland.com\\\/wp-content\\\/uploads\\\/2021\\\/05\\\/natural-poland-icon.png\",\"width\":512,\"height\":512,\"caption\":\"Natural Poland\"},\"image\":{\"@id\":\"https:\\\/\\\/naturalpoland.com\\\/ko\\\/#\\\/schema\\\/logo\\\/image\\\/\"},\"sameAs\":[\"https:\\\/\\\/www.facebook.com\\\/naturalpoland.b2b\",\"https:\\\/\\\/pl.linkedin.com\\\/company\\\/natural-poland\",\"https:\\\/\\\/www.youtube.com\\\/channel\\\/UCgeGGkvOMahZo-xu_MSEWxg\"]}]}<\/script>\n<!-- \/ Yoast SEO plugin. -->","yoast_head_json":{"title":"\uc544\ub2c8\uc2a4 \ucd94\ucd9c\ubb3c - Hurtowy Dystrybutor","description":"\uc544\ub2c8\uc2a4 \ucd94\ucd9c\ubb3c(Pimpinella Anisum)\uc740 \uac74\uac15\uae30\ub2a5\uc2dd\ud488 \ubc0f \ud654\uc7a5\ud488 \uc0b0\uc5c5\uc5d0\uc11c \ubaa8\ub450 \ub192\uc774 \ud3c9\uac00\ub418\ub294 \ub2e4\uc6a9\ub3c4 \ucc9c\uc5f0 \uc81c\ud488\uc785\ub2c8\ub2e4.","robots":{"index":"index","follow":"follow","max-snippet":"max-snippet:-1","max-image-preview":"max-image-preview:large","max-video-preview":"max-video-preview:-1"},"canonical":"https:\/\/naturalpoland.com\/ko\/je-pum\/sig-mul-chu-chul-mul\/%ec%95%84%eb%8b%88%ec%8a%a4-%ec%b6%94%ec%b6%9c%eb%ac%bc\/","og_locale":"ko_KR","og_type":"article","og_title":"\uc544\ub2c8\uc2a4 \ucd94\ucd9c\ubb3c - Hurtowy Dystrybutor","og_description":"\uc544\ub2c8\uc2a4 \ucd94\ucd9c\ubb3c(Pimpinella Anisum)\uc740 \uac74\uac15\uae30\ub2a5\uc2dd\ud488 \ubc0f \ud654\uc7a5\ud488 \uc0b0\uc5c5\uc5d0\uc11c \ubaa8\ub450 \ub192\uc774 \ud3c9\uac00\ub418\ub294 \ub2e4\uc6a9\ub3c4 \ucc9c\uc5f0 \uc81c\ud488\uc785\ub2c8\ub2e4.","og_url":"https:\/\/naturalpoland.com\/ko\/je-pum\/sig-mul-chu-chul-mul\/%ec%95%84%eb%8b%88%ec%8a%a4-%ec%b6%94%ec%b6%9c%eb%ac%bc\/","og_site_name":"NATURAL POLAND - Hurtowy Dystrybutor Surowc\u00f3w","article_publisher":"https:\/\/www.facebook.com\/naturalpoland.b2b","article_modified_time":"2026-02-27T12:56:42+00:00","og_image":[{"width":612,"height":612,"url":"https:\/\/naturalpoland.com\/wp-content\/uploads\/pimpinella_anisum_extract.webp","type":"image\/webp"}],"schema":{"@context":"https:\/\/schema.org","@graph":[{"@type":"WebPage","@id":"https:\/\/naturalpoland.com\/ko\/je-pum\/sig-mul-chu-chul-mul\/%ec%95%84%eb%8b%88%ec%8a%a4-%ec%b6%94%ec%b6%9c%eb%ac%bc\/","url":"https:\/\/naturalpoland.com\/ko\/je-pum\/sig-mul-chu-chul-mul\/%ec%95%84%eb%8b%88%ec%8a%a4-%ec%b6%94%ec%b6%9c%eb%ac%bc\/","name":"\uc544\ub2c8\uc2a4 \ucd94\ucd9c\ubb3c - Hurtowy Dystrybutor","isPartOf":{"@id":"https:\/\/naturalpoland.com\/ko\/#website"},"primaryImageOfPage":{"@id":"https:\/\/naturalpoland.com\/ko\/je-pum\/sig-mul-chu-chul-mul\/%ec%95%84%eb%8b%88%ec%8a%a4-%ec%b6%94%ec%b6%9c%eb%ac%bc\/#primaryimage"},"image":{"@id":"https:\/\/naturalpoland.com\/ko\/je-pum\/sig-mul-chu-chul-mul\/%ec%95%84%eb%8b%88%ec%8a%a4-%ec%b6%94%ec%b6%9c%eb%ac%bc\/#primaryimage"},"thumbnailUrl":"https:\/\/naturalpoland.com\/wp-content\/uploads\/pimpinella_anisum_extract.webp","datePublished":"2023-12-29T11:19:08+00:00","dateModified":"2026-02-27T12:56:42+00:00","description":"\uc544\ub2c8\uc2a4 \ucd94\ucd9c\ubb3c(Pimpinella Anisum)\uc740 \uac74\uac15\uae30\ub2a5\uc2dd\ud488 \ubc0f \ud654\uc7a5\ud488 \uc0b0\uc5c5\uc5d0\uc11c \ubaa8\ub450 \ub192\uc774 \ud3c9\uac00\ub418\ub294 \ub2e4\uc6a9\ub3c4 \ucc9c\uc5f0 \uc81c\ud488\uc785\ub2c8\ub2e4.","breadcrumb":{"@id":"https:\/\/naturalpoland.com\/ko\/je-pum\/sig-mul-chu-chul-mul\/%ec%95%84%eb%8b%88%ec%8a%a4-%ec%b6%94%ec%b6%9c%eb%ac%bc\/#breadcrumb"},"inLanguage":"ko-KR","potentialAction":[{"@type":"ReadAction","target":["https:\/\/naturalpoland.com\/ko\/je-pum\/sig-mul-chu-chul-mul\/%ec%95%84%eb%8b%88%ec%8a%a4-%ec%b6%94%ec%b6%9c%eb%ac%bc\/"]}]},{"@type":"ImageObject","inLanguage":"ko-KR","@id":"https:\/\/naturalpoland.com\/ko\/je-pum\/sig-mul-chu-chul-mul\/%ec%95%84%eb%8b%88%ec%8a%a4-%ec%b6%94%ec%b6%9c%eb%ac%bc\/#primaryimage","url":"https:\/\/naturalpoland.com\/wp-content\/uploads\/pimpinella_anisum_extract.webp","contentUrl":"https:\/\/naturalpoland.com\/wp-content\/uploads\/pimpinella_anisum_extract.webp","width":612,"height":612,"caption":"\uc544\ub2c8\uc2a4 \ucd94\ucd9c\ubb3c"},{"@type":"BreadcrumbList","@id":"https:\/\/naturalpoland.com\/ko\/je-pum\/sig-mul-chu-chul-mul\/%ec%95%84%eb%8b%88%ec%8a%a4-%ec%b6%94%ec%b6%9c%eb%ac%bc\/#breadcrumb","itemListElement":[{"@type":"ListItem","position":1,"name":"\ud648","item":"https:\/\/naturalpoland.com\/ko\/"},{"@type":"ListItem","position":2,"name":"\uc81c\ud488","item":"https:\/\/naturalpoland.com\/ko\/%ec%a0%9c%ed%92%88\/"},{"@type":"ListItem","position":3,"name":"\uc544\ub2c8\uc2a4 \ucd94\ucd9c\ubb3c"}]},{"@type":"WebSite","@id":"https:\/\/naturalpoland.com\/ko\/#website","url":"https:\/\/naturalpoland.com\/ko\/","name":"NATURAL POLAND - Hurtowy Dystrybutor Surowc\u00f3w","description":"Surowce dla przemys\u0142u spo\u017cywczego, kosmetycznego i farmaceutycznego","publisher":{"@id":"https:\/\/naturalpoland.com\/ko\/#organization"},"potentialAction":[{"@type":"SearchAction","target":{"@type":"EntryPoint","urlTemplate":"https:\/\/naturalpoland.com\/ko\/?s={search_term_string}"},"query-input":{"@type":"PropertyValueSpecification","valueRequired":true,"valueName":"search_term_string"}}],"inLanguage":"ko-KR"},{"@type":"Organization","@id":"https:\/\/naturalpoland.com\/ko\/#organization","name":"Natural Poland","url":"https:\/\/naturalpoland.com\/ko\/","logo":{"@type":"ImageObject","inLanguage":"ko-KR","@id":"https:\/\/naturalpoland.com\/ko\/#\/schema\/logo\/image\/","url":"https:\/\/naturalpoland.com\/wp-content\/uploads\/2021\/05\/natural-poland-icon.png","contentUrl":"https:\/\/naturalpoland.com\/wp-content\/uploads\/2021\/05\/natural-poland-icon.png","width":512,"height":512,"caption":"Natural Poland"},"image":{"@id":"https:\/\/naturalpoland.com\/ko\/#\/schema\/logo\/image\/"},"sameAs":["https:\/\/www.facebook.com\/naturalpoland.b2b","https:\/\/pl.linkedin.com\/company\/natural-poland","https:\/\/www.youtube.com\/channel\/UCgeGGkvOMahZo-xu_MSEWxg"]}]}},"_links":{"self":[{"href":"https:\/\/naturalpoland.com\/ko\/wp-json\/wp\/v2\/product\/46228","targetHints":{"allow":["GET"]}}],"collection":[{"href":"https:\/\/naturalpoland.com\/ko\/wp-json\/wp\/v2\/product"}],"about":[{"href":"https:\/\/naturalpoland.com\/ko\/wp-json\/wp\/v2\/types\/product"}],"wp:featuredmedia":[{"embeddable":true,"href":"https:\/\/naturalpoland.com\/ko\/wp-json\/wp\/v2\/media\/46229"}],"wp:attachment":[{"href":"https:\/\/naturalpoland.com\/ko\/wp-json\/wp\/v2\/media?parent=46228"}],"wp:term":[{"taxonomy":"product_brand","embeddable":true,"href":"https:\/\/naturalpoland.com\/ko\/wp-json\/wp\/v2\/product_brand?post=46228"},{"taxonomy":"product_cat","embeddable":true,"href":"https:\/\/naturalpoland.com\/ko\/wp-json\/wp\/v2\/product_cat?post=46228"},{"taxonomy":"product_tag","embeddable":true,"href":"https:\/\/naturalpoland.com\/ko\/wp-json\/wp\/v2\/product_tag?post=46228"}],"curies":[{"name":"wp","href":"https:\/\/api.w.org\/{rel}","templated":true}]}}