{"id":46236,"date":"2023-12-29T12:44:56","date_gmt":"2023-12-29T11:44:56","guid":{"rendered":"https:\/\/naturalpoland.com\/produkty\/uncategorized\/%ed%8e%98%ed%8d%bc%eb%af%bc%ed%8a%b8-%ec%b6%94%ec%b6%9c%eb%ac%bc\/"},"modified":"2026-02-27T13:57:08","modified_gmt":"2026-02-27T12:57:08","slug":"%ed%8e%98%ed%8d%bc%eb%af%bc%ed%8a%b8-%ec%b6%94%ec%b6%9c%eb%ac%bc","status":"publish","type":"product","link":"https:\/\/naturalpoland.com\/ko\/je-pum\/sig-mul-chu-chul-mul\/%ed%8e%98%ed%8d%bc%eb%af%bc%ed%8a%b8-%ec%b6%94%ec%b6%9c%eb%ac%bc\/","title":{"rendered":"\ud398\ud37c\ubbfc\ud2b8 \ucd94\ucd9c\ubb3c"},"content":{"rendered":"<h2>\ubd84\ub9d0 \ucd94\ucd9c\ubb3c<\/h2>\n<p>\ubd84\ub9d0 \ud615\ud0dc\uc758 \ud398\ud37c\ubbfc\ud2b8 \ucd94\ucd9c\ubb3c\uc740 \uac08\uc0c9\uc744 \ub760\uba70 \ud398\ud37c\ubbfc\ud2b8 \ud2b9\uc720\uc758 \ub9db\uacfc \ud5a5\uc744 \uac00\uc9c4 \ubbf8\uc138\ud558\uac8c \ubd84\uc1c4\ub41c \ubd84\ub9d0\uc785\ub2c8\ub2e4. USP \uae30\uc900\uc744 \ucda9\uc871\ud558\uba70, GMO, \uc911\uae08\uc18d \ubc0f \ub18d\uc57d\uc774 \uc5c6\uc5b4 \uc548\uc804\ud55c \uc0ac\uc6a9\uc744 \ubcf4\uc7a5\ud569\ub2c8\ub2e4. <\/p>\n<p>\uac74\uac15\uae30\ub2a5\uc2dd\ud488 \uc131\ubd84\uc73c\ub85c\uc11c \ud398\ud37c\ubbfc\ud2b8 \ucd94\ucd9c\ubb3c\uc740 \uc18c\ud654\uacc4 \uc9c4\uc815, \uc774\uc644 \ucd09\uc9c4 \ubc0f \uc2a4\ud2b8\ub808\uc2a4 \uc99d\uc0c1 \uc644\ud654 \ud2b9\uc131\uc73c\ub85c \uc0ac\uc6a9\ub429\ub2c8\ub2e4. \ud654\uc7a5\ud488\uc5d0\uc11c\ub294 \ud56d\uc0b0\ud654 \ubc0f \uc0c1\ucf8c\ud55c \ud2b9\uc131 \ub355\ubd84\uc5d0 \ud06c\ub9bc, \ud1a0\ub108, \ubc24 \ub4f1 \ud53c\ubd80 \ucf00\uc5b4 \uc81c\ud488\uc5d0 \uc0ac\uc6a9\ub429\ub2c8\ub2e4. \ub610\ud55c \ud398\ud37c\ubbfc\ud2b8\ub294 \uc0c1\ucf8c\ud558\uace0 \ud1a0\ub2dd \ud6a8\uacfc\ub85c\ub3c4 \ub192\uc774 \ud3c9\uac00\ubc1b\uace0 \uc788\uc2b5\ub2c8\ub2e4.  <\/p>\n<h2>\uae00\ub9ac\uc138\ub9b0-\uc218\uc6a9\uc131 \ucd94\ucd9c\ubb3c<\/h2>\n<p>\uae00\ub9ac\uc138\ub9b0-\uc218\uc6a9\uc131 \ucd94\ucd9c\ubb3c \ud615\ud0dc\uc758 \ucd94\ucd9c\ubb3c\uc740 \ubb3c\uacfc \uae00\ub9ac\uc138\ub9b0 \uc6a9\uc561\uc744 \uc0ac\uc6a9\ud558\uc5ec \uac74\uc870 \uc2dd\ubb3c\uc744 \ucd94\ucd9c\ud558\ub294 \uacfc\uc815\uc5d0\uc11c \uc5bb\uc5b4\uc9d1\ub2c8\ub2e4. \ud654\uc7a5\ud488 \uc81c\ud615, \ud2b9\ud788 \ud53c\ubd80 \ubc0f \ubaa8\ubc1c \ucf00\uc5b4 \uc81c\ud488\uc5d0 \uc0ac\uc6a9\ub429\ub2c8\ub2e4. <\/p>\n<p>\uc774 \ud615\ud0dc\uc758 \ucd94\ucd9c\ubb3c\uc740 \ud654\uc7a5\ud488 \uc81c\ud615, \ud2b9\ud788 \ud53c\ubd80 \ubc0f \ubaa8\ubc1c \ucf00\uc5b4 \uc81c\ud488\uc5d0 \uc0ac\uc6a9\ub429\ub2c8\ub2e4. \uc0c1\ucf8c\ud558\uace0 \ucfe8\ub9c1 \ud2b9\uc131\uc73c\ub85c \uc778\ud574 \ud1a0\ub108, \ud06c\ub9bc, \ubc24 \ubc0f \ud074\ub80c\uc9d5 \uc81c\ud488\uc758 \uc774\uc0c1\uc801\uc778 \uc131\ubd84\uc785\ub2c8\ub2e4. \ubc29\ubd80 \ubc0f \ud56d\uc5fc \ud6a8\uacfc \ub355\ubd84\uc5d0 \uad6c\uac15 \uc704\uc0dd \uc81c\ud488 \ubc0f \ud53c\ubd80 \uc9c4\uc815 \uc81c\ud488\uc5d0\ub3c4 \uc0ac\uc6a9\ub429\ub2c8\ub2e4.  <\/p>\n","protected":false},"excerpt":{"rendered":"<p>\ud398\ud37c\ubbfc\ud2b8 \ucd94\ucd9c\ubb3c(<em>Mentha Piperita<\/em>)\uc740 \uac74\uac15\uae30\ub2a5\uc2dd\ud488 \ubc0f \ud654\uc7a5\ud488 \uc81c\uc870\uc5d0\uc11c \ub192\uc740 \ud3c9\uac00\ub97c \ubc1b\uace0 \uc788\uc2b5\ub2c8\ub2e4. \ubcf8 \uc81c\ud488\uc740 \ubd84\ub9d0 \ucd94\ucd9c\ubb3c \ubc0f \uae00\ub9ac\uc138\ub9b0-\uc218\uc6a9\uc131 \ucd94\ucd9c\ubb3c \ud615\ud0dc\ub85c \ubcf4\uc720\ud558\uace0 \uc788\uc2b5\ub2c8\ub2e4. <\/p>\n","protected":false},"featured_media":46237,"template":"","meta":{"_acf_changed":false},"product_brand":[],"product_cat":[8134],"product_tag":[],"class_list":{"0":"post-46236","1":"product","2":"type-product","3":"status-publish","4":"has-post-thumbnail","6":"product_cat-sig-mul-chu-chul-mul","7":"pa_certyfikaty-8218","8":"pa_certyfikaty-8219","9":"pa_czesc-rosliny-8186","11":"first","12":"instock","13":"shipping-taxable","14":"product-type-variable"},"acf":[],"yoast_head":"<!-- This site is optimized with the Yoast SEO plugin v27.4 - https:\/\/yoast.com\/product\/yoast-seo-wordpress\/ -->\n<title>NATURAL POLAND &#8211; Hurtowy Dystrybutor Surowc\u00f3w<\/title>\n<meta name=\"description\" content=\"\uc911\uad6d\uc5d0\uc11c \uacf5\uae09\ub418\ub294 \ud398\ud37c\ubbfc\ud2b8 \ucd94\ucd9c\ubb3c(Mentha Piperita)\uc740 \uac74\uac15\uae30\ub2a5\uc2dd\ud488 \ubc0f \ud654\uc7a5\ud488 \uc81c\uc870\uc5d0\uc11c \ub192\uc740 \ud3c9\uac00\ub97c \ubc1b\uace0 \uc788\uc2b5\ub2c8\ub2e4.\" \/>\n<meta name=\"robots\" content=\"index, follow, max-snippet:-1, max-image-preview:large, max-video-preview:-1\" \/>\n<link rel=\"canonical\" href=\"https:\/\/naturalpoland.com\/ko\/je-pum\/sig-mul-chu-chul-mul\/%ed%8e%98%ed%8d%bc%eb%af%bc%ed%8a%b8-%ec%b6%94%ec%b6%9c%eb%ac%bc\/\" \/>\n<meta property=\"og:locale\" content=\"ko_KR\" \/>\n<meta property=\"og:type\" content=\"article\" \/>\n<meta property=\"og:description\" content=\"\uc911\uad6d\uc5d0\uc11c \uacf5\uae09\ub418\ub294 \ud398\ud37c\ubbfc\ud2b8 \ucd94\ucd9c\ubb3c(Mentha Piperita)\uc740 \uac74\uac15\uae30\ub2a5\uc2dd\ud488 \ubc0f \ud654\uc7a5\ud488 \uc81c\uc870\uc5d0\uc11c \ub192\uc740 \ud3c9\uac00\ub97c \ubc1b\uace0 \uc788\uc2b5\ub2c8\ub2e4.\" \/>\n<meta property=\"og:url\" content=\"https:\/\/naturalpoland.com\/ko\/je-pum\/sig-mul-chu-chul-mul\/%ed%8e%98%ed%8d%bc%eb%af%bc%ed%8a%b8-%ec%b6%94%ec%b6%9c%eb%ac%bc\/\" \/>\n<meta property=\"og:site_name\" content=\"NATURAL POLAND - Hurtowy Dystrybutor Surowc\u00f3w\" \/>\n<meta property=\"article:publisher\" content=\"https:\/\/www.facebook.com\/naturalpoland.b2b\" \/>\n<meta property=\"article:modified_time\" content=\"2026-02-27T12:57:08+00:00\" \/>\n<meta property=\"og:image\" content=\"https:\/\/naturalpoland.com\/wp-content\/uploads\/mentha_piperita_extract.webp\" \/>\n\t<meta property=\"og:image:width\" content=\"612\" \/>\n\t<meta property=\"og:image:height\" content=\"612\" \/>\n\t<meta property=\"og:image:type\" content=\"image\/webp\" \/>\n<script type=\"application\/ld+json\" class=\"yoast-schema-graph\">{\"@context\":\"https:\\\/\\\/schema.org\",\"@graph\":[{\"@type\":\"WebPage\",\"@id\":\"https:\\\/\\\/naturalpoland.com\\\/ko\\\/je-pum\\\/sig-mul-chu-chul-mul\\\/%ed%8e%98%ed%8d%bc%eb%af%bc%ed%8a%b8-%ec%b6%94%ec%b6%9c%eb%ac%bc\\\/\",\"url\":\"https:\\\/\\\/naturalpoland.com\\\/ko\\\/je-pum\\\/sig-mul-chu-chul-mul\\\/%ed%8e%98%ed%8d%bc%eb%af%bc%ed%8a%b8-%ec%b6%94%ec%b6%9c%eb%ac%bc\\\/\",\"name\":\"\",\"isPartOf\":{\"@id\":\"https:\\\/\\\/naturalpoland.com\\\/ko\\\/#website\"},\"primaryImageOfPage\":{\"@id\":\"https:\\\/\\\/naturalpoland.com\\\/ko\\\/je-pum\\\/sig-mul-chu-chul-mul\\\/%ed%8e%98%ed%8d%bc%eb%af%bc%ed%8a%b8-%ec%b6%94%ec%b6%9c%eb%ac%bc\\\/#primaryimage\"},\"image\":{\"@id\":\"https:\\\/\\\/naturalpoland.com\\\/ko\\\/je-pum\\\/sig-mul-chu-chul-mul\\\/%ed%8e%98%ed%8d%bc%eb%af%bc%ed%8a%b8-%ec%b6%94%ec%b6%9c%eb%ac%bc\\\/#primaryimage\"},\"thumbnailUrl\":\"https:\\\/\\\/naturalpoland.com\\\/wp-content\\\/uploads\\\/mentha_piperita_extract.webp\",\"datePublished\":\"2023-12-29T11:44:56+00:00\",\"dateModified\":\"2026-02-27T12:57:08+00:00\",\"description\":\"\uc911\uad6d\uc5d0\uc11c \uacf5\uae09\ub418\ub294 \ud398\ud37c\ubbfc\ud2b8 \ucd94\ucd9c\ubb3c(Mentha Piperita)\uc740 \uac74\uac15\uae30\ub2a5\uc2dd\ud488 \ubc0f \ud654\uc7a5\ud488 \uc81c\uc870\uc5d0\uc11c \ub192\uc740 \ud3c9\uac00\ub97c \ubc1b\uace0 \uc788\uc2b5\ub2c8\ub2e4.\",\"breadcrumb\":{\"@id\":\"https:\\\/\\\/naturalpoland.com\\\/ko\\\/je-pum\\\/sig-mul-chu-chul-mul\\\/%ed%8e%98%ed%8d%bc%eb%af%bc%ed%8a%b8-%ec%b6%94%ec%b6%9c%eb%ac%bc\\\/#breadcrumb\"},\"inLanguage\":\"ko-KR\",\"potentialAction\":[{\"@type\":\"ReadAction\",\"target\":[\"https:\\\/\\\/naturalpoland.com\\\/ko\\\/je-pum\\\/sig-mul-chu-chul-mul\\\/%ed%8e%98%ed%8d%bc%eb%af%bc%ed%8a%b8-%ec%b6%94%ec%b6%9c%eb%ac%bc\\\/\"]}]},{\"@type\":\"ImageObject\",\"inLanguage\":\"ko-KR\",\"@id\":\"https:\\\/\\\/naturalpoland.com\\\/ko\\\/je-pum\\\/sig-mul-chu-chul-mul\\\/%ed%8e%98%ed%8d%bc%eb%af%bc%ed%8a%b8-%ec%b6%94%ec%b6%9c%eb%ac%bc\\\/#primaryimage\",\"url\":\"https:\\\/\\\/naturalpoland.com\\\/wp-content\\\/uploads\\\/mentha_piperita_extract.webp\",\"contentUrl\":\"https:\\\/\\\/naturalpoland.com\\\/wp-content\\\/uploads\\\/mentha_piperita_extract.webp\",\"width\":612,\"height\":612,\"caption\":\"\ud398\ud37c\ubbfc\ud2b8 \ucd94\ucd9c\ubb3c \ubd84\ub9d0\"},{\"@type\":\"BreadcrumbList\",\"@id\":\"https:\\\/\\\/naturalpoland.com\\\/ko\\\/je-pum\\\/sig-mul-chu-chul-mul\\\/%ed%8e%98%ed%8d%bc%eb%af%bc%ed%8a%b8-%ec%b6%94%ec%b6%9c%eb%ac%bc\\\/#breadcrumb\",\"itemListElement\":[{\"@type\":\"ListItem\",\"position\":1,\"name\":\"\ud648\",\"item\":\"https:\\\/\\\/naturalpoland.com\\\/ko\\\/\"},{\"@type\":\"ListItem\",\"position\":2,\"name\":\"\uc81c\ud488\",\"item\":\"https:\\\/\\\/naturalpoland.com\\\/ko\\\/%ec%a0%9c%ed%92%88\\\/\"},{\"@type\":\"ListItem\",\"position\":3,\"name\":\"\ud398\ud37c\ubbfc\ud2b8 \ucd94\ucd9c\ubb3c\"}]},{\"@type\":\"WebSite\",\"@id\":\"https:\\\/\\\/naturalpoland.com\\\/ko\\\/#website\",\"url\":\"https:\\\/\\\/naturalpoland.com\\\/ko\\\/\",\"name\":\"NATURAL POLAND - Hurtowy Dystrybutor Surowc\u00f3w\",\"description\":\"Surowce dla przemys\u0142u spo\u017cywczego, kosmetycznego i farmaceutycznego\",\"publisher\":{\"@id\":\"https:\\\/\\\/naturalpoland.com\\\/ko\\\/#organization\"},\"potentialAction\":[{\"@type\":\"SearchAction\",\"target\":{\"@type\":\"EntryPoint\",\"urlTemplate\":\"https:\\\/\\\/naturalpoland.com\\\/ko\\\/?s={search_term_string}\"},\"query-input\":{\"@type\":\"PropertyValueSpecification\",\"valueRequired\":true,\"valueName\":\"search_term_string\"}}],\"inLanguage\":\"ko-KR\"},{\"@type\":\"Organization\",\"@id\":\"https:\\\/\\\/naturalpoland.com\\\/ko\\\/#organization\",\"name\":\"Natural Poland\",\"url\":\"https:\\\/\\\/naturalpoland.com\\\/ko\\\/\",\"logo\":{\"@type\":\"ImageObject\",\"inLanguage\":\"ko-KR\",\"@id\":\"https:\\\/\\\/naturalpoland.com\\\/ko\\\/#\\\/schema\\\/logo\\\/image\\\/\",\"url\":\"https:\\\/\\\/naturalpoland.com\\\/wp-content\\\/uploads\\\/2021\\\/05\\\/natural-poland-icon.png\",\"contentUrl\":\"https:\\\/\\\/naturalpoland.com\\\/wp-content\\\/uploads\\\/2021\\\/05\\\/natural-poland-icon.png\",\"width\":512,\"height\":512,\"caption\":\"Natural Poland\"},\"image\":{\"@id\":\"https:\\\/\\\/naturalpoland.com\\\/ko\\\/#\\\/schema\\\/logo\\\/image\\\/\"},\"sameAs\":[\"https:\\\/\\\/www.facebook.com\\\/naturalpoland.b2b\",\"https:\\\/\\\/pl.linkedin.com\\\/company\\\/natural-poland\",\"https:\\\/\\\/www.youtube.com\\\/channel\\\/UCgeGGkvOMahZo-xu_MSEWxg\"]}]}<\/script>\n<!-- \/ Yoast SEO plugin. -->","yoast_head_json":{"title":"NATURAL POLAND &#8211; Hurtowy Dystrybutor Surowc\u00f3w","description":"\uc911\uad6d\uc5d0\uc11c \uacf5\uae09\ub418\ub294 \ud398\ud37c\ubbfc\ud2b8 \ucd94\ucd9c\ubb3c(Mentha Piperita)\uc740 \uac74\uac15\uae30\ub2a5\uc2dd\ud488 \ubc0f \ud654\uc7a5\ud488 \uc81c\uc870\uc5d0\uc11c \ub192\uc740 \ud3c9\uac00\ub97c \ubc1b\uace0 \uc788\uc2b5\ub2c8\ub2e4.","robots":{"index":"index","follow":"follow","max-snippet":"max-snippet:-1","max-image-preview":"max-image-preview:large","max-video-preview":"max-video-preview:-1"},"canonical":"https:\/\/naturalpoland.com\/ko\/je-pum\/sig-mul-chu-chul-mul\/%ed%8e%98%ed%8d%bc%eb%af%bc%ed%8a%b8-%ec%b6%94%ec%b6%9c%eb%ac%bc\/","og_locale":"ko_KR","og_type":"article","og_description":"\uc911\uad6d\uc5d0\uc11c \uacf5\uae09\ub418\ub294 \ud398\ud37c\ubbfc\ud2b8 \ucd94\ucd9c\ubb3c(Mentha Piperita)\uc740 \uac74\uac15\uae30\ub2a5\uc2dd\ud488 \ubc0f \ud654\uc7a5\ud488 \uc81c\uc870\uc5d0\uc11c \ub192\uc740 \ud3c9\uac00\ub97c \ubc1b\uace0 \uc788\uc2b5\ub2c8\ub2e4.","og_url":"https:\/\/naturalpoland.com\/ko\/je-pum\/sig-mul-chu-chul-mul\/%ed%8e%98%ed%8d%bc%eb%af%bc%ed%8a%b8-%ec%b6%94%ec%b6%9c%eb%ac%bc\/","og_site_name":"NATURAL POLAND - Hurtowy Dystrybutor Surowc\u00f3w","article_publisher":"https:\/\/www.facebook.com\/naturalpoland.b2b","article_modified_time":"2026-02-27T12:57:08+00:00","og_image":[{"width":612,"height":612,"url":"https:\/\/naturalpoland.com\/wp-content\/uploads\/mentha_piperita_extract.webp","type":"image\/webp"}],"schema":{"@context":"https:\/\/schema.org","@graph":[{"@type":"WebPage","@id":"https:\/\/naturalpoland.com\/ko\/je-pum\/sig-mul-chu-chul-mul\/%ed%8e%98%ed%8d%bc%eb%af%bc%ed%8a%b8-%ec%b6%94%ec%b6%9c%eb%ac%bc\/","url":"https:\/\/naturalpoland.com\/ko\/je-pum\/sig-mul-chu-chul-mul\/%ed%8e%98%ed%8d%bc%eb%af%bc%ed%8a%b8-%ec%b6%94%ec%b6%9c%eb%ac%bc\/","name":"","isPartOf":{"@id":"https:\/\/naturalpoland.com\/ko\/#website"},"primaryImageOfPage":{"@id":"https:\/\/naturalpoland.com\/ko\/je-pum\/sig-mul-chu-chul-mul\/%ed%8e%98%ed%8d%bc%eb%af%bc%ed%8a%b8-%ec%b6%94%ec%b6%9c%eb%ac%bc\/#primaryimage"},"image":{"@id":"https:\/\/naturalpoland.com\/ko\/je-pum\/sig-mul-chu-chul-mul\/%ed%8e%98%ed%8d%bc%eb%af%bc%ed%8a%b8-%ec%b6%94%ec%b6%9c%eb%ac%bc\/#primaryimage"},"thumbnailUrl":"https:\/\/naturalpoland.com\/wp-content\/uploads\/mentha_piperita_extract.webp","datePublished":"2023-12-29T11:44:56+00:00","dateModified":"2026-02-27T12:57:08+00:00","description":"\uc911\uad6d\uc5d0\uc11c \uacf5\uae09\ub418\ub294 \ud398\ud37c\ubbfc\ud2b8 \ucd94\ucd9c\ubb3c(Mentha Piperita)\uc740 \uac74\uac15\uae30\ub2a5\uc2dd\ud488 \ubc0f \ud654\uc7a5\ud488 \uc81c\uc870\uc5d0\uc11c \ub192\uc740 \ud3c9\uac00\ub97c \ubc1b\uace0 \uc788\uc2b5\ub2c8\ub2e4.","breadcrumb":{"@id":"https:\/\/naturalpoland.com\/ko\/je-pum\/sig-mul-chu-chul-mul\/%ed%8e%98%ed%8d%bc%eb%af%bc%ed%8a%b8-%ec%b6%94%ec%b6%9c%eb%ac%bc\/#breadcrumb"},"inLanguage":"ko-KR","potentialAction":[{"@type":"ReadAction","target":["https:\/\/naturalpoland.com\/ko\/je-pum\/sig-mul-chu-chul-mul\/%ed%8e%98%ed%8d%bc%eb%af%bc%ed%8a%b8-%ec%b6%94%ec%b6%9c%eb%ac%bc\/"]}]},{"@type":"ImageObject","inLanguage":"ko-KR","@id":"https:\/\/naturalpoland.com\/ko\/je-pum\/sig-mul-chu-chul-mul\/%ed%8e%98%ed%8d%bc%eb%af%bc%ed%8a%b8-%ec%b6%94%ec%b6%9c%eb%ac%bc\/#primaryimage","url":"https:\/\/naturalpoland.com\/wp-content\/uploads\/mentha_piperita_extract.webp","contentUrl":"https:\/\/naturalpoland.com\/wp-content\/uploads\/mentha_piperita_extract.webp","width":612,"height":612,"caption":"\ud398\ud37c\ubbfc\ud2b8 \ucd94\ucd9c\ubb3c \ubd84\ub9d0"},{"@type":"BreadcrumbList","@id":"https:\/\/naturalpoland.com\/ko\/je-pum\/sig-mul-chu-chul-mul\/%ed%8e%98%ed%8d%bc%eb%af%bc%ed%8a%b8-%ec%b6%94%ec%b6%9c%eb%ac%bc\/#breadcrumb","itemListElement":[{"@type":"ListItem","position":1,"name":"\ud648","item":"https:\/\/naturalpoland.com\/ko\/"},{"@type":"ListItem","position":2,"name":"\uc81c\ud488","item":"https:\/\/naturalpoland.com\/ko\/%ec%a0%9c%ed%92%88\/"},{"@type":"ListItem","position":3,"name":"\ud398\ud37c\ubbfc\ud2b8 \ucd94\ucd9c\ubb3c"}]},{"@type":"WebSite","@id":"https:\/\/naturalpoland.com\/ko\/#website","url":"https:\/\/naturalpoland.com\/ko\/","name":"NATURAL POLAND - Hurtowy Dystrybutor Surowc\u00f3w","description":"Surowce dla przemys\u0142u spo\u017cywczego, kosmetycznego i farmaceutycznego","publisher":{"@id":"https:\/\/naturalpoland.com\/ko\/#organization"},"potentialAction":[{"@type":"SearchAction","target":{"@type":"EntryPoint","urlTemplate":"https:\/\/naturalpoland.com\/ko\/?s={search_term_string}"},"query-input":{"@type":"PropertyValueSpecification","valueRequired":true,"valueName":"search_term_string"}}],"inLanguage":"ko-KR"},{"@type":"Organization","@id":"https:\/\/naturalpoland.com\/ko\/#organization","name":"Natural Poland","url":"https:\/\/naturalpoland.com\/ko\/","logo":{"@type":"ImageObject","inLanguage":"ko-KR","@id":"https:\/\/naturalpoland.com\/ko\/#\/schema\/logo\/image\/","url":"https:\/\/naturalpoland.com\/wp-content\/uploads\/2021\/05\/natural-poland-icon.png","contentUrl":"https:\/\/naturalpoland.com\/wp-content\/uploads\/2021\/05\/natural-poland-icon.png","width":512,"height":512,"caption":"Natural Poland"},"image":{"@id":"https:\/\/naturalpoland.com\/ko\/#\/schema\/logo\/image\/"},"sameAs":["https:\/\/www.facebook.com\/naturalpoland.b2b","https:\/\/pl.linkedin.com\/company\/natural-poland","https:\/\/www.youtube.com\/channel\/UCgeGGkvOMahZo-xu_MSEWxg"]}]}},"_links":{"self":[{"href":"https:\/\/naturalpoland.com\/ko\/wp-json\/wp\/v2\/product\/46236","targetHints":{"allow":["GET"]}}],"collection":[{"href":"https:\/\/naturalpoland.com\/ko\/wp-json\/wp\/v2\/product"}],"about":[{"href":"https:\/\/naturalpoland.com\/ko\/wp-json\/wp\/v2\/types\/product"}],"wp:featuredmedia":[{"embeddable":true,"href":"https:\/\/naturalpoland.com\/ko\/wp-json\/wp\/v2\/media\/46237"}],"wp:attachment":[{"href":"https:\/\/naturalpoland.com\/ko\/wp-json\/wp\/v2\/media?parent=46236"}],"wp:term":[{"taxonomy":"product_brand","embeddable":true,"href":"https:\/\/naturalpoland.com\/ko\/wp-json\/wp\/v2\/product_brand?post=46236"},{"taxonomy":"product_cat","embeddable":true,"href":"https:\/\/naturalpoland.com\/ko\/wp-json\/wp\/v2\/product_cat?post=46236"},{"taxonomy":"product_tag","embeddable":true,"href":"https:\/\/naturalpoland.com\/ko\/wp-json\/wp\/v2\/product_tag?post=46236"}],"curies":[{"name":"wp","href":"https:\/\/api.w.org\/{rel}","templated":true}]}}