{"id":46250,"date":"2021-05-11T13:38:54","date_gmt":"2021-05-11T11:38:54","guid":{"rendered":"https:\/\/naturalpoland.com\/produkty\/uncategorized\/%eb%93%9c%eb%a1%9c%ec%84%b8%eb%9d%bc-%ec%b6%94%ec%b6%9c%eb%ac%bc\/"},"modified":"2026-02-27T14:00:58","modified_gmt":"2026-02-27T13:00:58","slug":"%eb%93%9c%eb%a1%9c%ec%84%b8%eb%9d%bc-%ec%b6%94%ec%b6%9c%eb%ac%bc","status":"publish","type":"product","link":"https:\/\/naturalpoland.com\/ko\/je-pum\/sig-mul-chu-chul-mul\/%eb%93%9c%eb%a1%9c%ec%84%b8%eb%9d%bc-%ec%b6%94%ec%b6%9c%eb%ac%bc\/","title":{"rendered":"\ub4dc\ub85c\uc138\ub77c \ucd94\ucd9c\ubb3c"},"content":{"rendered":"<p>\ub465\uadfc\uc78e \ub048\ub048\uc774\uc8fc\uac71\uc740 \uc2dd\ucda9 \uc2dd\ubb3c\uc785\ub2c8\ub2e4. \ucd94\ucd9c\ubb3c\uc740 \uc2dd\ubb3c \uc804\uccb4\uc5d0\uc11c \uc5bb\uc5b4\uc9c0\uba70 \uc9c4\uc815 \ubc0f \ud56d\uc5fc\uc99d \ud2b9\uc131\uc73c\ub85c \uc54c\ub824\uc838 \uc788\uc2b5\ub2c8\ub2e4. \ubc31\uc77c\ud574\uc640 \ub3c5\uac10 \uce58\ub8cc\uc5d0 \uc0ac\uc6a9\ub418\ub294 \ucc9c\uc5f0 \ud56d\uc0dd\uc81c\uc778 <strong>\ud50c\ub7fc\ubc14\uae34<\/strong>\uc744 \ud568\uc720\ud558\uace0 \uc788\uc2b5\ub2c8\ub2e4.  <\/p>\n<p>\uac10\uae30, \ub2e4\uc591\ud55c \uc885\ub958\uc758 \uc138\uade0\uc131 \ud638\ud761\uae30 \uac10\uc5fc \ubc0f \uc7a5\uc5fc \uce58\ub8cc\uc5d0\ub3c4 \ub3c4\uc6c0\uc774 \ub420 \uc218 \uc788\uc2b5\ub2c8\ub2e4. \uc54c\ub808\ub974\uae30 \ubc0f \ub9cc\uc131\uc801\uc774\uace0 \uc7ac\ubc1c\uc131 \uae30\uce68 \uce58\ub8cc\uc5d0\ub3c4 \uad8c\uc7a5\ub429\ub2c8\ub2e4. <\/p>\n<p>\ub4dc\ub85c\uc138\ub77c \ucd94\ucd9c\ubb3c\uc740 \uac74\uac15 \ubcf4\uc870 \uc2dd\ud488, \ud305\ud06c\uc81c \ubc0f \ud5c8\ube0c\ucc28\uc5d0 \uc0ac\uc6a9\ub420 \uc218 \uc788\uc2b5\ub2c8\ub2e4.<\/p>\n","protected":false},"excerpt":{"rendered":"<p><strong>\ub4dc\ub85c\uc138\ub77c \ucd94\ucd9c\ubb3c<\/strong>\uc740 \ub098\ud504\ud1a0\ud034\ub17c, \ud0c4\ub2cc, \uc548\ud1a0\uc2dc\uc544\ub2cc, \ud50c\ub77c\ubcf4\ub178\uc774\ub4dc, \ud6a8\uc18c \ubc0f \ub098\ud504\ud1a0\ud034\ub17c \ud5e4\ud14c\ub85c\uc0ac\uc774\ub4dc \ud568\uc720\ub85c \uc54c\ub824\uc838 \uc788\uc2b5\ub2c8\ub2e4. \uc774 \ucd94\ucd9c\ubb3c\uc740 <strong>\ub465\uadfc\uc78e \ub048\ub048\uc774\uc8fc\uac71<\/strong>\uc5d0\uc11c \uc5bb\uc5b4\uc9c0\uba70 \uc624\ub7ab\ub3d9\uc548 \ub300\uccb4 \uc758\ud559\uc5d0\uc11c \uc0ac\uc6a9\ub418\uc5b4 \uc654\uc2b5\ub2c8\ub2e4. \uc8fc\ub85c \ud638\ud761\uae30 \ubb38\uc81c\uc640 \uc9c0\uc18d\uc801\uc778 \uae30\uce68\uc5d0 \uac70\ub2f4\uc81c\ub85c \ud65c\uc6a9\ub429\ub2c8\ub2e4.  <\/p>\n","protected":false},"featured_media":46252,"template":"","meta":[],"product_brand":[],"product_cat":[8134],"product_tag":[],"class_list":{"0":"post-46250","1":"product","2":"type-product","3":"status-publish","4":"has-post-thumbnail","6":"product_cat-sig-mul-chu-chul-mul","7":"pa_czesc-rosliny-8912","9":"first","10":"instock","11":"shipping-taxable","12":"product-type-simple"},"yoast_head":"<!-- This site is optimized with the Yoast SEO plugin v27.4 - https:\/\/yoast.com\/product\/yoast-seo-wordpress\/ -->\n<title>NATURAL POLAND &#8211; Hurtowy Dystrybutor Surowc\u00f3w<\/title>\n<meta name=\"description\" content=\"\ub4dc\ub85c\uc138\ub77c \ucd94\ucd9c\ubb3c\uc740 \ucc9c\uc2dd, \uae30\uad00\uc9c0\uc5fc, \ub9cc\uc131 \uae30\uce68\uacfc \uac19\uc740 \ud638\ud761\uae30 \uc9c8\ud658 \uce58\ub8cc\uc5d0 \uc0ac\uc6a9\ub429\ub2c8\ub2e4.\" \/>\n<meta name=\"robots\" content=\"index, follow, max-snippet:-1, max-image-preview:large, max-video-preview:-1\" \/>\n<link rel=\"canonical\" href=\"https:\/\/naturalpoland.com\/ko\/je-pum\/sig-mul-chu-chul-mul\/%eb%93%9c%eb%a1%9c%ec%84%b8%eb%9d%bc-%ec%b6%94%ec%b6%9c%eb%ac%bc\/\" \/>\n<meta property=\"og:locale\" content=\"ko_KR\" \/>\n<meta property=\"og:type\" content=\"article\" \/>\n<meta property=\"og:description\" content=\"\ub4dc\ub85c\uc138\ub77c \ucd94\ucd9c\ubb3c\uc740 \ucc9c\uc2dd, \uae30\uad00\uc9c0\uc5fc, \ub9cc\uc131 \uae30\uce68\uacfc \uac19\uc740 \ud638\ud761\uae30 \uc9c8\ud658 \uce58\ub8cc\uc5d0 \uc0ac\uc6a9\ub429\ub2c8\ub2e4.\" \/>\n<meta property=\"og:url\" content=\"https:\/\/naturalpoland.com\/ko\/je-pum\/sig-mul-chu-chul-mul\/%eb%93%9c%eb%a1%9c%ec%84%b8%eb%9d%bc-%ec%b6%94%ec%b6%9c%eb%ac%bc\/\" \/>\n<meta property=\"og:site_name\" content=\"NATURAL POLAND - Hurtowy Dystrybutor Surowc\u00f3w\" \/>\n<meta property=\"article:publisher\" content=\"https:\/\/www.facebook.com\/naturalpoland.b2b\" \/>\n<meta property=\"article:modified_time\" content=\"2026-02-27T13:00:58+00:00\" \/>\n<meta property=\"og:image\" content=\"https:\/\/naturalpoland.com\/wp-content\/uploads\/ekstrakt-z-drosery.webp\" \/>\n\t<meta property=\"og:image:width\" content=\"350\" \/>\n\t<meta property=\"og:image:height\" content=\"350\" \/>\n\t<meta property=\"og:image:type\" content=\"image\/webp\" \/>\n<script type=\"application\/ld+json\" class=\"yoast-schema-graph\">{\"@context\":\"https:\\\/\\\/schema.org\",\"@graph\":[{\"@type\":\"WebPage\",\"@id\":\"https:\\\/\\\/naturalpoland.com\\\/ko\\\/je-pum\\\/sig-mul-chu-chul-mul\\\/%eb%93%9c%eb%a1%9c%ec%84%b8%eb%9d%bc-%ec%b6%94%ec%b6%9c%eb%ac%bc\\\/\",\"url\":\"https:\\\/\\\/naturalpoland.com\\\/ko\\\/je-pum\\\/sig-mul-chu-chul-mul\\\/%eb%93%9c%eb%a1%9c%ec%84%b8%eb%9d%bc-%ec%b6%94%ec%b6%9c%eb%ac%bc\\\/\",\"name\":\"\",\"isPartOf\":{\"@id\":\"https:\\\/\\\/naturalpoland.com\\\/ko\\\/#website\"},\"primaryImageOfPage\":{\"@id\":\"https:\\\/\\\/naturalpoland.com\\\/ko\\\/je-pum\\\/sig-mul-chu-chul-mul\\\/%eb%93%9c%eb%a1%9c%ec%84%b8%eb%9d%bc-%ec%b6%94%ec%b6%9c%eb%ac%bc\\\/#primaryimage\"},\"image\":{\"@id\":\"https:\\\/\\\/naturalpoland.com\\\/ko\\\/je-pum\\\/sig-mul-chu-chul-mul\\\/%eb%93%9c%eb%a1%9c%ec%84%b8%eb%9d%bc-%ec%b6%94%ec%b6%9c%eb%ac%bc\\\/#primaryimage\"},\"thumbnailUrl\":\"https:\\\/\\\/naturalpoland.com\\\/wp-content\\\/uploads\\\/ekstrakt-z-drosery.webp\",\"datePublished\":\"2021-05-11T11:38:54+00:00\",\"dateModified\":\"2026-02-27T13:00:58+00:00\",\"description\":\"\ub4dc\ub85c\uc138\ub77c \ucd94\ucd9c\ubb3c\uc740 \ucc9c\uc2dd, \uae30\uad00\uc9c0\uc5fc, \ub9cc\uc131 \uae30\uce68\uacfc \uac19\uc740 \ud638\ud761\uae30 \uc9c8\ud658 \uce58\ub8cc\uc5d0 \uc0ac\uc6a9\ub429\ub2c8\ub2e4.\",\"breadcrumb\":{\"@id\":\"https:\\\/\\\/naturalpoland.com\\\/ko\\\/je-pum\\\/sig-mul-chu-chul-mul\\\/%eb%93%9c%eb%a1%9c%ec%84%b8%eb%9d%bc-%ec%b6%94%ec%b6%9c%eb%ac%bc\\\/#breadcrumb\"},\"inLanguage\":\"ko-KR\",\"potentialAction\":[{\"@type\":\"ReadAction\",\"target\":[\"https:\\\/\\\/naturalpoland.com\\\/ko\\\/je-pum\\\/sig-mul-chu-chul-mul\\\/%eb%93%9c%eb%a1%9c%ec%84%b8%eb%9d%bc-%ec%b6%94%ec%b6%9c%eb%ac%bc\\\/\"]}]},{\"@type\":\"ImageObject\",\"inLanguage\":\"ko-KR\",\"@id\":\"https:\\\/\\\/naturalpoland.com\\\/ko\\\/je-pum\\\/sig-mul-chu-chul-mul\\\/%eb%93%9c%eb%a1%9c%ec%84%b8%eb%9d%bc-%ec%b6%94%ec%b6%9c%eb%ac%bc\\\/#primaryimage\",\"url\":\"https:\\\/\\\/naturalpoland.com\\\/wp-content\\\/uploads\\\/ekstrakt-z-drosery.webp\",\"contentUrl\":\"https:\\\/\\\/naturalpoland.com\\\/wp-content\\\/uploads\\\/ekstrakt-z-drosery.webp\",\"width\":350,\"height\":350,\"caption\":\"\ub4dc\ub85c\uc138\ub77c \ucd94\ucd9c\ubb3c\"},{\"@type\":\"BreadcrumbList\",\"@id\":\"https:\\\/\\\/naturalpoland.com\\\/ko\\\/je-pum\\\/sig-mul-chu-chul-mul\\\/%eb%93%9c%eb%a1%9c%ec%84%b8%eb%9d%bc-%ec%b6%94%ec%b6%9c%eb%ac%bc\\\/#breadcrumb\",\"itemListElement\":[{\"@type\":\"ListItem\",\"position\":1,\"name\":\"\ud648\",\"item\":\"https:\\\/\\\/naturalpoland.com\\\/ko\\\/\"},{\"@type\":\"ListItem\",\"position\":2,\"name\":\"\uc81c\ud488\",\"item\":\"https:\\\/\\\/naturalpoland.com\\\/ko\\\/%ec%a0%9c%ed%92%88\\\/\"},{\"@type\":\"ListItem\",\"position\":3,\"name\":\"\ub4dc\ub85c\uc138\ub77c \ucd94\ucd9c\ubb3c\"}]},{\"@type\":\"WebSite\",\"@id\":\"https:\\\/\\\/naturalpoland.com\\\/ko\\\/#website\",\"url\":\"https:\\\/\\\/naturalpoland.com\\\/ko\\\/\",\"name\":\"NATURAL POLAND - Hurtowy Dystrybutor Surowc\u00f3w\",\"description\":\"Surowce dla przemys\u0142u spo\u017cywczego, kosmetycznego i farmaceutycznego\",\"publisher\":{\"@id\":\"https:\\\/\\\/naturalpoland.com\\\/ko\\\/#organization\"},\"potentialAction\":[{\"@type\":\"SearchAction\",\"target\":{\"@type\":\"EntryPoint\",\"urlTemplate\":\"https:\\\/\\\/naturalpoland.com\\\/ko\\\/?s={search_term_string}\"},\"query-input\":{\"@type\":\"PropertyValueSpecification\",\"valueRequired\":true,\"valueName\":\"search_term_string\"}}],\"inLanguage\":\"ko-KR\"},{\"@type\":\"Organization\",\"@id\":\"https:\\\/\\\/naturalpoland.com\\\/ko\\\/#organization\",\"name\":\"Natural Poland\",\"url\":\"https:\\\/\\\/naturalpoland.com\\\/ko\\\/\",\"logo\":{\"@type\":\"ImageObject\",\"inLanguage\":\"ko-KR\",\"@id\":\"https:\\\/\\\/naturalpoland.com\\\/ko\\\/#\\\/schema\\\/logo\\\/image\\\/\",\"url\":\"https:\\\/\\\/naturalpoland.com\\\/wp-content\\\/uploads\\\/2021\\\/05\\\/natural-poland-icon.png\",\"contentUrl\":\"https:\\\/\\\/naturalpoland.com\\\/wp-content\\\/uploads\\\/2021\\\/05\\\/natural-poland-icon.png\",\"width\":512,\"height\":512,\"caption\":\"Natural Poland\"},\"image\":{\"@id\":\"https:\\\/\\\/naturalpoland.com\\\/ko\\\/#\\\/schema\\\/logo\\\/image\\\/\"},\"sameAs\":[\"https:\\\/\\\/www.facebook.com\\\/naturalpoland.b2b\",\"https:\\\/\\\/pl.linkedin.com\\\/company\\\/natural-poland\",\"https:\\\/\\\/www.youtube.com\\\/channel\\\/UCgeGGkvOMahZo-xu_MSEWxg\"]}]}<\/script>\n<!-- \/ Yoast SEO plugin. -->","yoast_head_json":{"title":"NATURAL POLAND &#8211; Hurtowy Dystrybutor Surowc\u00f3w","description":"\ub4dc\ub85c\uc138\ub77c \ucd94\ucd9c\ubb3c\uc740 \ucc9c\uc2dd, \uae30\uad00\uc9c0\uc5fc, \ub9cc\uc131 \uae30\uce68\uacfc \uac19\uc740 \ud638\ud761\uae30 \uc9c8\ud658 \uce58\ub8cc\uc5d0 \uc0ac\uc6a9\ub429\ub2c8\ub2e4.","robots":{"index":"index","follow":"follow","max-snippet":"max-snippet:-1","max-image-preview":"max-image-preview:large","max-video-preview":"max-video-preview:-1"},"canonical":"https:\/\/naturalpoland.com\/ko\/je-pum\/sig-mul-chu-chul-mul\/%eb%93%9c%eb%a1%9c%ec%84%b8%eb%9d%bc-%ec%b6%94%ec%b6%9c%eb%ac%bc\/","og_locale":"ko_KR","og_type":"article","og_description":"\ub4dc\ub85c\uc138\ub77c \ucd94\ucd9c\ubb3c\uc740 \ucc9c\uc2dd, \uae30\uad00\uc9c0\uc5fc, \ub9cc\uc131 \uae30\uce68\uacfc \uac19\uc740 \ud638\ud761\uae30 \uc9c8\ud658 \uce58\ub8cc\uc5d0 \uc0ac\uc6a9\ub429\ub2c8\ub2e4.","og_url":"https:\/\/naturalpoland.com\/ko\/je-pum\/sig-mul-chu-chul-mul\/%eb%93%9c%eb%a1%9c%ec%84%b8%eb%9d%bc-%ec%b6%94%ec%b6%9c%eb%ac%bc\/","og_site_name":"NATURAL POLAND - Hurtowy Dystrybutor Surowc\u00f3w","article_publisher":"https:\/\/www.facebook.com\/naturalpoland.b2b","article_modified_time":"2026-02-27T13:00:58+00:00","og_image":[{"width":350,"height":350,"url":"https:\/\/naturalpoland.com\/wp-content\/uploads\/ekstrakt-z-drosery.webp","type":"image\/webp"}],"schema":{"@context":"https:\/\/schema.org","@graph":[{"@type":"WebPage","@id":"https:\/\/naturalpoland.com\/ko\/je-pum\/sig-mul-chu-chul-mul\/%eb%93%9c%eb%a1%9c%ec%84%b8%eb%9d%bc-%ec%b6%94%ec%b6%9c%eb%ac%bc\/","url":"https:\/\/naturalpoland.com\/ko\/je-pum\/sig-mul-chu-chul-mul\/%eb%93%9c%eb%a1%9c%ec%84%b8%eb%9d%bc-%ec%b6%94%ec%b6%9c%eb%ac%bc\/","name":"","isPartOf":{"@id":"https:\/\/naturalpoland.com\/ko\/#website"},"primaryImageOfPage":{"@id":"https:\/\/naturalpoland.com\/ko\/je-pum\/sig-mul-chu-chul-mul\/%eb%93%9c%eb%a1%9c%ec%84%b8%eb%9d%bc-%ec%b6%94%ec%b6%9c%eb%ac%bc\/#primaryimage"},"image":{"@id":"https:\/\/naturalpoland.com\/ko\/je-pum\/sig-mul-chu-chul-mul\/%eb%93%9c%eb%a1%9c%ec%84%b8%eb%9d%bc-%ec%b6%94%ec%b6%9c%eb%ac%bc\/#primaryimage"},"thumbnailUrl":"https:\/\/naturalpoland.com\/wp-content\/uploads\/ekstrakt-z-drosery.webp","datePublished":"2021-05-11T11:38:54+00:00","dateModified":"2026-02-27T13:00:58+00:00","description":"\ub4dc\ub85c\uc138\ub77c \ucd94\ucd9c\ubb3c\uc740 \ucc9c\uc2dd, \uae30\uad00\uc9c0\uc5fc, \ub9cc\uc131 \uae30\uce68\uacfc \uac19\uc740 \ud638\ud761\uae30 \uc9c8\ud658 \uce58\ub8cc\uc5d0 \uc0ac\uc6a9\ub429\ub2c8\ub2e4.","breadcrumb":{"@id":"https:\/\/naturalpoland.com\/ko\/je-pum\/sig-mul-chu-chul-mul\/%eb%93%9c%eb%a1%9c%ec%84%b8%eb%9d%bc-%ec%b6%94%ec%b6%9c%eb%ac%bc\/#breadcrumb"},"inLanguage":"ko-KR","potentialAction":[{"@type":"ReadAction","target":["https:\/\/naturalpoland.com\/ko\/je-pum\/sig-mul-chu-chul-mul\/%eb%93%9c%eb%a1%9c%ec%84%b8%eb%9d%bc-%ec%b6%94%ec%b6%9c%eb%ac%bc\/"]}]},{"@type":"ImageObject","inLanguage":"ko-KR","@id":"https:\/\/naturalpoland.com\/ko\/je-pum\/sig-mul-chu-chul-mul\/%eb%93%9c%eb%a1%9c%ec%84%b8%eb%9d%bc-%ec%b6%94%ec%b6%9c%eb%ac%bc\/#primaryimage","url":"https:\/\/naturalpoland.com\/wp-content\/uploads\/ekstrakt-z-drosery.webp","contentUrl":"https:\/\/naturalpoland.com\/wp-content\/uploads\/ekstrakt-z-drosery.webp","width":350,"height":350,"caption":"\ub4dc\ub85c\uc138\ub77c \ucd94\ucd9c\ubb3c"},{"@type":"BreadcrumbList","@id":"https:\/\/naturalpoland.com\/ko\/je-pum\/sig-mul-chu-chul-mul\/%eb%93%9c%eb%a1%9c%ec%84%b8%eb%9d%bc-%ec%b6%94%ec%b6%9c%eb%ac%bc\/#breadcrumb","itemListElement":[{"@type":"ListItem","position":1,"name":"\ud648","item":"https:\/\/naturalpoland.com\/ko\/"},{"@type":"ListItem","position":2,"name":"\uc81c\ud488","item":"https:\/\/naturalpoland.com\/ko\/%ec%a0%9c%ed%92%88\/"},{"@type":"ListItem","position":3,"name":"\ub4dc\ub85c\uc138\ub77c \ucd94\ucd9c\ubb3c"}]},{"@type":"WebSite","@id":"https:\/\/naturalpoland.com\/ko\/#website","url":"https:\/\/naturalpoland.com\/ko\/","name":"NATURAL POLAND - Hurtowy Dystrybutor Surowc\u00f3w","description":"Surowce dla przemys\u0142u spo\u017cywczego, kosmetycznego i farmaceutycznego","publisher":{"@id":"https:\/\/naturalpoland.com\/ko\/#organization"},"potentialAction":[{"@type":"SearchAction","target":{"@type":"EntryPoint","urlTemplate":"https:\/\/naturalpoland.com\/ko\/?s={search_term_string}"},"query-input":{"@type":"PropertyValueSpecification","valueRequired":true,"valueName":"search_term_string"}}],"inLanguage":"ko-KR"},{"@type":"Organization","@id":"https:\/\/naturalpoland.com\/ko\/#organization","name":"Natural Poland","url":"https:\/\/naturalpoland.com\/ko\/","logo":{"@type":"ImageObject","inLanguage":"ko-KR","@id":"https:\/\/naturalpoland.com\/ko\/#\/schema\/logo\/image\/","url":"https:\/\/naturalpoland.com\/wp-content\/uploads\/2021\/05\/natural-poland-icon.png","contentUrl":"https:\/\/naturalpoland.com\/wp-content\/uploads\/2021\/05\/natural-poland-icon.png","width":512,"height":512,"caption":"Natural Poland"},"image":{"@id":"https:\/\/naturalpoland.com\/ko\/#\/schema\/logo\/image\/"},"sameAs":["https:\/\/www.facebook.com\/naturalpoland.b2b","https:\/\/pl.linkedin.com\/company\/natural-poland","https:\/\/www.youtube.com\/channel\/UCgeGGkvOMahZo-xu_MSEWxg"]}]}},"_links":{"self":[{"href":"https:\/\/naturalpoland.com\/ko\/wp-json\/wp\/v2\/product\/46250","targetHints":{"allow":["GET"]}}],"collection":[{"href":"https:\/\/naturalpoland.com\/ko\/wp-json\/wp\/v2\/product"}],"about":[{"href":"https:\/\/naturalpoland.com\/ko\/wp-json\/wp\/v2\/types\/product"}],"wp:featuredmedia":[{"embeddable":true,"href":"https:\/\/naturalpoland.com\/ko\/wp-json\/wp\/v2\/media\/46252"}],"wp:attachment":[{"href":"https:\/\/naturalpoland.com\/ko\/wp-json\/wp\/v2\/media?parent=46250"}],"wp:term":[{"taxonomy":"product_brand","embeddable":true,"href":"https:\/\/naturalpoland.com\/ko\/wp-json\/wp\/v2\/product_brand?post=46250"},{"taxonomy":"product_cat","embeddable":true,"href":"https:\/\/naturalpoland.com\/ko\/wp-json\/wp\/v2\/product_cat?post=46250"},{"taxonomy":"product_tag","embeddable":true,"href":"https:\/\/naturalpoland.com\/ko\/wp-json\/wp\/v2\/product_tag?post=46250"}],"curies":[{"name":"wp","href":"https:\/\/api.w.org\/{rel}","templated":true}]}}