{"id":46256,"date":"2021-05-11T13:39:23","date_gmt":"2021-05-11T11:39:23","guid":{"rendered":"https:\/\/naturalpoland.com\/produkty\/uncategorized\/%ec%9a%a9%eb%8b%b4-%ec%b6%94%ec%b6%9c%eb%ac%bc\/"},"modified":"2026-02-27T14:01:28","modified_gmt":"2026-02-27T13:01:28","slug":"%ec%9a%a9%eb%8b%b4-%ec%b6%94%ec%b6%9c%eb%ac%bc","status":"publish","type":"product","link":"https:\/\/naturalpoland.com\/ko\/je-pum\/sig-mul-chu-chul-mul\/%ec%9a%a9%eb%8b%b4-%ec%b6%94%ec%b6%9c%eb%ac%bc\/","title":{"rendered":"\uc6a9\ub2f4 \ucd94\ucd9c\ubb3c"},"content":{"rendered":"<h2>\uc6a9\ub2f4 \ucd94\ucd9c\ubb3c\uc758 \ud2b9\uc131 \ubc0f \uc791\uc6a9<\/h2>\n<p>\uc6a9\ub2f4\uc740 \uc4f4\ub9db \ud654\ud569\ubb3c, \ud2b9\ud788 <strong>\uc774\ub9ac\ub3c4\uc774\ub4dc \ubc30\ub2f9\uccb4<\/strong>(\uac90\ud2f0\uc624\ud53c\ud06c\ub9b0 \ub4f1)\uc640 <strong>\ud2b8\ub9ac\ud14c\ub974\ud39c<\/strong>, <strong>\ub2f9\ub958<\/strong>, <strong>\uc720\uae30\uc0b0<\/strong>\uc744 \ub9e4\uc6b0 \ub192\uc740 \ud568\ub7c9\uc73c\ub85c \ud568\uc720\ud55c \uc6d0\ub8cc\uc785\ub2c8\ub2e4. \uac15\ub82c\ud55c \uc4f4\ub9db \ud504\ub85c\ud30c\uc77c\uc774 \ud2b9\uc9d5\uc801\uc778 \uc0dd\ub9ac \uc791\uc6a9\uc744 \ub2f4\ub2f9\ud569\ub2c8\ub2e4. <\/p>\n<p>\uc6a9\ub2f4 \ucd94\ucd9c\ubb3c\uc740 <strong>\ud0c0\uc561, \uc704\uc561 \ubc0f \ub2f4\uc999 \ubd84\ube44\ub97c \ucd09\uc9c4<\/strong>\ud558\uc5ec \uc18c\ud654 \uacfc\uc815\uc744 \uac1c\uc120\ud569\ub2c8\ub2e4. \uc774\ub7ec\ud55c \uc774\uc720\ub85c \uc2dd\ud6c4 \ub354\ubd80\ub8e9\ud568, \uc77c\uc2dc\uc801 \uc18c\ud654\ubd88\ub7c9, \uc18d\uc4f0\ub9bc \ub610\ub294 \uc2dd\uc695 \uc800\ud558\ub97c \uacaa\ub294 \ubd84\ub4e4\uc744 \uc704\ud55c \uc81c\ud488\uc5d0 \ub110\ub9ac \uc0ac\uc6a9\ub429\ub2c8\ub2e4. \uc774 \uba54\ucee4\ub2c8\uc998\uc740 \uc18c\ud654 \ubc18\uc0ac\ub97c \ud65c\uc131\ud654\ud558\ub294 \uc4f4\ub9db \ubb3c\uc9c8\uc5d0 \ub300\ud55c \uc2e0\uccb4\uc758 \uc790\uc5f0\uc2a4\ub7ec\uc6b4 \ubc18\uc751\uc5d0 \uae30\ubc18\ud569\ub2c8\ub2e4.  <\/p>\n<p>\uc774\ub97c \ud1b5\ud574 \uc6a9\ub2f4 \ucd94\ucd9c\ubb3c\uc740 \ub2e4\uc74c\uacfc \uac19\uc740 \uac74\uac15\uae30\ub2a5\uc2dd\ud488\uc5d0 \ud65c\uc6a9\ub429\ub2c8\ub2e4:<\/p>\n<ul>\n<li>\uc18c\ud654\uae30\uacc4 \uae30\ub2a5 \uc870\uc808,<\/li>\n<li>\uc2dd\uc695 \uc800\ud558 \uc2dc\uae30\uc5d0 \uc0ac\uc6a9,<\/li>\n<li>\uc2dd\uc804 \uc12d\ucde8\uc6a9.<\/li>\n<\/ul>\n<p>\uacbd\uad6c \uc12d\ucde8 \uc678\uc5d0\ub3c4 \uc6a9\ub2f4\uc740 \uc0dd\uccb4\ud65c\uc131 \ud654\ud569\ubb3c\uc758 \ubcf4\ud638 \uc791\uc6a9\uc5d0\uc11c \ube44\ub86f\ub418\ub294 <strong>\ud56d\uc5fc \ubc0f \ud56d\uade0 \ud2b9\uc131<\/strong>\uc73c\ub85c \ub192\uc774 \ud3c9\uac00\ub429\ub2c8\ub2e4. \uc804\ud1b5\uc801\uc73c\ub85c \uc774 \uc6d0\ub8cc\ub294 \uc7ac\uc0dd\uc774 \ud544\uc694\ud55c \ud53c\ubd80\uc5d0 \ubc14\ub974\ub294 \uc678\uc6a9 \uc81c\ud488\uc5d0 \uc0ac\uc6a9\ub418\uc5c8\uc2b5\ub2c8\ub2e4. <\/p>\n<p>\uc6a9\ub2f4 \ucd94\ucd9c\ubb3c\uc740 <strong>\ud53c\ubd80 \uc7ac\uc0dd \uacfc\uc815<\/strong>\uc744 \ucd09\uc9c4\ud558\ubbc0\ub85c \uc790\uadf9, \ubbf8\uc138 \uc190\uc0c1 \ub610\ub294 \uacb0\uc810\uc774 \uc788\ub294 \ud53c\ubd80 \uad00\ub9ac\uc6a9 \ud654\uc7a5\ud488 \ubc0f \uc81c\ud488\uc5d0 \ud65c\uc6a9\ub429\ub2c8\ub2e4. \ud56d\uc5fc \uc791\uc6a9 \ud654\ud569\ubb3c\uc740 \uacfc\ub3c4\ud55c \ud53c\ubd80 \ubc18\uc751 \uc704\ud5d8\uc744 \uc904\uc774\uace0 \ud45c\ud53c\uc758 \uc815\uc0c1\uc801\uc778 \uc7ac\uc0dd \ud658\uacbd \uc720\uc9c0\ub97c \ub3d5\uc2b5\ub2c8\ub2e4. <\/p>\n<h2>\uc6a9\ub2f4 \ucd94\ucd9c\ubb3c\uc758 \ud65c\uc6a9<\/h2>\n<p>\ud615\ud0dc\uc5d0 \ub530\ub77c \uc6a9\ub2f4 \ucd94\ucd9c\ubb3c\uc740 \ub2e4\uc74c\uacfc \uac19\uc774 \ud65c\uc6a9\ub429\ub2c8\ub2e4:<\/p>\n<p>\uac74\uac15\uae30\ub2a5\uc2dd\ud488 \ubc0f \ub274\ud2b8\ub77c\uc288\ud2f0\uceec:<\/p>\n<ul>\n<li>\uc18c\ud654 \uc81c\ud488,<\/li>\n<li>\uc2dd\uc695 \uac1c\uc120 \uc81c\ud488,<\/li>\n<li>\ube44\ud130\uc2a4(\uc4f4\ub9db \ud63c\ud569\ubb3c),<\/li>\n<li>\uc2dd\uc804\uc6a9 \ud5c8\ube0c \uc870\uc131\ubb3c.<\/li>\n<\/ul>\n<p>\ud654\uc7a5\ud488 \ubc0f \uc678\uc6a9 \uc81c\ud615(\uc8fc\ub85c \ud558\uc774\ub4dc\ub85c-\uae00\ub9ac\uc138\ub9b0 \ucd94\ucd9c\ubb3c):<\/p>\n<ul>\n<li>\ubb38\uc81c\uc131 \ud53c\ubd80 \uad00\ub9ac \uc81c\ud488,<\/li>\n<li>\uc7ac\uc0dd \ud654\uc7a5\ud488,<\/li>\n<li>\ud074\ub80c\uc9d5 \ubc0f \ud1a0\ub2dd \uc81c\ud488.<\/li>\n<\/ul>\n<p>\ub2e4\uc591\ud55c \ucd94\ucd9c\ubb3c \ud615\ud0dc \ub355\ubd84\uc5d0 \uc774 \uc6d0\ub8cc\ub294 \ucd5c\uc885 \uc81c\ud488\uc758 \uae30\uc220\uc801 \ubc0f \uae30\ub2a5\uc801 \uc694\uad6c\uc0ac\ud56d\uc5d0 \uc720\uc5f0\ud558\uac8c \ub9de\ucd9c \uc218 \uc788\uc2b5\ub2c8\ub2e4.<\/p>\n","protected":false},"excerpt":{"rendered":"<p><strong>\uc6a9\ub2f4 \ucd94\ucd9c\ubb3c<\/strong>\uc740 \uc720\ub7fd \uc2dd\ubb3c\uc694\ubc95\uc5d0\uc11c \uc624\ub79c \uc0ac\uc6a9 \uc804\ud1b5\uc744 \uc9c0\ub2cc \uc2dd\ubb3c\uc778 <em>Gentiana lutea L.<\/em>\uc758 \ubfcc\ub9ac\uc5d0\uc11c \uc5bb\uc2b5\ub2c8\ub2e4. \uc774 \uc6d0\ub8cc\ub294 <strong>\ubd84\ub9d0 \ud615\ud0dc\uc758 \uc218\uc131 \ucd94\ucd9c\ubb3c<\/strong>\uacfc \uac74\uc870 \uc2dd\ubb3c \uc6d0\ub8cc\uc5d0\uc11c \ubb3c\uacfc \uae00\ub9ac\uc138\ub9b0 \ud63c\ud569\ubb3c\uc744 \uc0ac\uc6a9\ud558\uc5ec \uc5bb\uc740 <strong>\ud558\uc774\ub4dc\ub85c-\uae00\ub9ac\uc138\ub9b0 \ucd94\ucd9c\ubb3c<\/strong> \ud615\ud0dc\ub85c \uc874\uc7ac\ud569\ub2c8\ub2e4. \ub450 \ud615\ud0dc \ubaa8\ub450 \ub274\ud2b8\ub77c\uc288\ud2f0\uceec \uc81c\ud488 \ubc0f \ud2b9\uc815 \ud654\uc7a5\ud488 \uc81c\ud615\uc5d0 \ud65c\uc6a9\ub429\ub2c8\ub2e4.  <\/p>\n","protected":false},"featured_media":46258,"template":"","meta":[],"product_brand":[],"product_cat":[8134],"product_tag":[],"class_list":{"0":"post-46256","1":"product","2":"type-product","3":"status-publish","4":"has-post-thumbnail","6":"product_cat-sig-mul-chu-chul-mul","7":"pa_czesc-rosliny-root-ko","9":"first","10":"instock","11":"shipping-taxable","12":"product-type-simple"},"yoast_head":"<!-- This site is optimized with the Yoast SEO plugin v27.4 - https:\/\/yoast.com\/product\/yoast-seo-wordpress\/ -->\n<title>\uc6a9\ub2f4 \ucd94\ucd9c\ubb3c - Hurtowy Dystrybutor<\/title>\n<meta name=\"description\" content=\"\uc6a9\ub2f4 \ucd94\ucd9c\ubb3c(Gentiana lutea) \u2013 \uc18c\ud654 \uc81c\ud615 \ubc0f \ud53c\ubd80 \uc7ac\uc0dd \uc81c\ud488\uc5d0 \uc0ac\uc6a9\ub418\ub294 \uac74\uac15\uae30\ub2a5\uc2dd\ud488 \ubc0f \ud654\uc7a5\ud488 \uc6d0\ub8cc\uc785\ub2c8\ub2e4.\" \/>\n<meta name=\"robots\" content=\"index, follow, max-snippet:-1, max-image-preview:large, max-video-preview:-1\" \/>\n<link rel=\"canonical\" href=\"https:\/\/naturalpoland.com\/ko\/je-pum\/sig-mul-chu-chul-mul\/%ec%9a%a9%eb%8b%b4-%ec%b6%94%ec%b6%9c%eb%ac%bc\/\" \/>\n<meta property=\"og:locale\" content=\"ko_KR\" \/>\n<meta property=\"og:type\" content=\"article\" \/>\n<meta property=\"og:title\" content=\"\uc6a9\ub2f4 \ucd94\ucd9c\ubb3c - Hurtowy Dystrybutor\" \/>\n<meta property=\"og:description\" content=\"\uc6a9\ub2f4 \ucd94\ucd9c\ubb3c(Gentiana lutea) \u2013 \uc18c\ud654 \uc81c\ud615 \ubc0f \ud53c\ubd80 \uc7ac\uc0dd \uc81c\ud488\uc5d0 \uc0ac\uc6a9\ub418\ub294 \uac74\uac15\uae30\ub2a5\uc2dd\ud488 \ubc0f \ud654\uc7a5\ud488 \uc6d0\ub8cc\uc785\ub2c8\ub2e4.\" \/>\n<meta property=\"og:url\" content=\"https:\/\/naturalpoland.com\/ko\/je-pum\/sig-mul-chu-chul-mul\/%ec%9a%a9%eb%8b%b4-%ec%b6%94%ec%b6%9c%eb%ac%bc\/\" \/>\n<meta property=\"og:site_name\" content=\"NATURAL POLAND - Hurtowy Dystrybutor Surowc\u00f3w\" \/>\n<meta property=\"article:publisher\" content=\"https:\/\/www.facebook.com\/naturalpoland.b2b\" \/>\n<meta property=\"article:modified_time\" content=\"2026-02-27T13:01:28+00:00\" \/>\n<meta property=\"og:image\" content=\"https:\/\/naturalpoland.com\/wp-content\/uploads\/ekstrakt-z-goryczki.webp\" \/>\n\t<meta property=\"og:image:width\" content=\"1024\" \/>\n\t<meta property=\"og:image:height\" content=\"1024\" \/>\n\t<meta property=\"og:image:type\" content=\"image\/webp\" \/>\n<script type=\"application\/ld+json\" class=\"yoast-schema-graph\">{\"@context\":\"https:\\\/\\\/schema.org\",\"@graph\":[{\"@type\":\"WebPage\",\"@id\":\"https:\\\/\\\/naturalpoland.com\\\/ko\\\/je-pum\\\/sig-mul-chu-chul-mul\\\/%ec%9a%a9%eb%8b%b4-%ec%b6%94%ec%b6%9c%eb%ac%bc\\\/\",\"url\":\"https:\\\/\\\/naturalpoland.com\\\/ko\\\/je-pum\\\/sig-mul-chu-chul-mul\\\/%ec%9a%a9%eb%8b%b4-%ec%b6%94%ec%b6%9c%eb%ac%bc\\\/\",\"name\":\"\uc6a9\ub2f4 \ucd94\ucd9c\ubb3c - Hurtowy Dystrybutor\",\"isPartOf\":{\"@id\":\"https:\\\/\\\/naturalpoland.com\\\/ko\\\/#website\"},\"primaryImageOfPage\":{\"@id\":\"https:\\\/\\\/naturalpoland.com\\\/ko\\\/je-pum\\\/sig-mul-chu-chul-mul\\\/%ec%9a%a9%eb%8b%b4-%ec%b6%94%ec%b6%9c%eb%ac%bc\\\/#primaryimage\"},\"image\":{\"@id\":\"https:\\\/\\\/naturalpoland.com\\\/ko\\\/je-pum\\\/sig-mul-chu-chul-mul\\\/%ec%9a%a9%eb%8b%b4-%ec%b6%94%ec%b6%9c%eb%ac%bc\\\/#primaryimage\"},\"thumbnailUrl\":\"https:\\\/\\\/naturalpoland.com\\\/wp-content\\\/uploads\\\/ekstrakt-z-goryczki.webp\",\"datePublished\":\"2021-05-11T11:39:23+00:00\",\"dateModified\":\"2026-02-27T13:01:28+00:00\",\"description\":\"\uc6a9\ub2f4 \ucd94\ucd9c\ubb3c(Gentiana lutea) \u2013 \uc18c\ud654 \uc81c\ud615 \ubc0f \ud53c\ubd80 \uc7ac\uc0dd \uc81c\ud488\uc5d0 \uc0ac\uc6a9\ub418\ub294 \uac74\uac15\uae30\ub2a5\uc2dd\ud488 \ubc0f \ud654\uc7a5\ud488 \uc6d0\ub8cc\uc785\ub2c8\ub2e4.\",\"breadcrumb\":{\"@id\":\"https:\\\/\\\/naturalpoland.com\\\/ko\\\/je-pum\\\/sig-mul-chu-chul-mul\\\/%ec%9a%a9%eb%8b%b4-%ec%b6%94%ec%b6%9c%eb%ac%bc\\\/#breadcrumb\"},\"inLanguage\":\"ko-KR\",\"potentialAction\":[{\"@type\":\"ReadAction\",\"target\":[\"https:\\\/\\\/naturalpoland.com\\\/ko\\\/je-pum\\\/sig-mul-chu-chul-mul\\\/%ec%9a%a9%eb%8b%b4-%ec%b6%94%ec%b6%9c%eb%ac%bc\\\/\"]}]},{\"@type\":\"ImageObject\",\"inLanguage\":\"ko-KR\",\"@id\":\"https:\\\/\\\/naturalpoland.com\\\/ko\\\/je-pum\\\/sig-mul-chu-chul-mul\\\/%ec%9a%a9%eb%8b%b4-%ec%b6%94%ec%b6%9c%eb%ac%bc\\\/#primaryimage\",\"url\":\"https:\\\/\\\/naturalpoland.com\\\/wp-content\\\/uploads\\\/ekstrakt-z-goryczki.webp\",\"contentUrl\":\"https:\\\/\\\/naturalpoland.com\\\/wp-content\\\/uploads\\\/ekstrakt-z-goryczki.webp\",\"width\":1024,\"height\":1024,\"caption\":\"\ubd84\ub9d0 \ubc0f \uc561\uc0c1 \uc6a9\ub2f4 \ucd94\ucd9c\ubb3c\"},{\"@type\":\"BreadcrumbList\",\"@id\":\"https:\\\/\\\/naturalpoland.com\\\/ko\\\/je-pum\\\/sig-mul-chu-chul-mul\\\/%ec%9a%a9%eb%8b%b4-%ec%b6%94%ec%b6%9c%eb%ac%bc\\\/#breadcrumb\",\"itemListElement\":[{\"@type\":\"ListItem\",\"position\":1,\"name\":\"\ud648\",\"item\":\"https:\\\/\\\/naturalpoland.com\\\/ko\\\/\"},{\"@type\":\"ListItem\",\"position\":2,\"name\":\"\uc81c\ud488\",\"item\":\"https:\\\/\\\/naturalpoland.com\\\/ko\\\/%ec%a0%9c%ed%92%88\\\/\"},{\"@type\":\"ListItem\",\"position\":3,\"name\":\"\uc6a9\ub2f4 \ucd94\ucd9c\ubb3c\"}]},{\"@type\":\"WebSite\",\"@id\":\"https:\\\/\\\/naturalpoland.com\\\/ko\\\/#website\",\"url\":\"https:\\\/\\\/naturalpoland.com\\\/ko\\\/\",\"name\":\"NATURAL POLAND - Hurtowy Dystrybutor Surowc\u00f3w\",\"description\":\"Surowce dla przemys\u0142u spo\u017cywczego, kosmetycznego i farmaceutycznego\",\"publisher\":{\"@id\":\"https:\\\/\\\/naturalpoland.com\\\/ko\\\/#organization\"},\"potentialAction\":[{\"@type\":\"SearchAction\",\"target\":{\"@type\":\"EntryPoint\",\"urlTemplate\":\"https:\\\/\\\/naturalpoland.com\\\/ko\\\/?s={search_term_string}\"},\"query-input\":{\"@type\":\"PropertyValueSpecification\",\"valueRequired\":true,\"valueName\":\"search_term_string\"}}],\"inLanguage\":\"ko-KR\"},{\"@type\":\"Organization\",\"@id\":\"https:\\\/\\\/naturalpoland.com\\\/ko\\\/#organization\",\"name\":\"Natural Poland\",\"url\":\"https:\\\/\\\/naturalpoland.com\\\/ko\\\/\",\"logo\":{\"@type\":\"ImageObject\",\"inLanguage\":\"ko-KR\",\"@id\":\"https:\\\/\\\/naturalpoland.com\\\/ko\\\/#\\\/schema\\\/logo\\\/image\\\/\",\"url\":\"https:\\\/\\\/naturalpoland.com\\\/wp-content\\\/uploads\\\/2021\\\/05\\\/natural-poland-icon.png\",\"contentUrl\":\"https:\\\/\\\/naturalpoland.com\\\/wp-content\\\/uploads\\\/2021\\\/05\\\/natural-poland-icon.png\",\"width\":512,\"height\":512,\"caption\":\"Natural Poland\"},\"image\":{\"@id\":\"https:\\\/\\\/naturalpoland.com\\\/ko\\\/#\\\/schema\\\/logo\\\/image\\\/\"},\"sameAs\":[\"https:\\\/\\\/www.facebook.com\\\/naturalpoland.b2b\",\"https:\\\/\\\/pl.linkedin.com\\\/company\\\/natural-poland\",\"https:\\\/\\\/www.youtube.com\\\/channel\\\/UCgeGGkvOMahZo-xu_MSEWxg\"]}]}<\/script>\n<!-- \/ Yoast SEO plugin. -->","yoast_head_json":{"title":"\uc6a9\ub2f4 \ucd94\ucd9c\ubb3c - Hurtowy Dystrybutor","description":"\uc6a9\ub2f4 \ucd94\ucd9c\ubb3c(Gentiana lutea) \u2013 \uc18c\ud654 \uc81c\ud615 \ubc0f \ud53c\ubd80 \uc7ac\uc0dd \uc81c\ud488\uc5d0 \uc0ac\uc6a9\ub418\ub294 \uac74\uac15\uae30\ub2a5\uc2dd\ud488 \ubc0f \ud654\uc7a5\ud488 \uc6d0\ub8cc\uc785\ub2c8\ub2e4.","robots":{"index":"index","follow":"follow","max-snippet":"max-snippet:-1","max-image-preview":"max-image-preview:large","max-video-preview":"max-video-preview:-1"},"canonical":"https:\/\/naturalpoland.com\/ko\/je-pum\/sig-mul-chu-chul-mul\/%ec%9a%a9%eb%8b%b4-%ec%b6%94%ec%b6%9c%eb%ac%bc\/","og_locale":"ko_KR","og_type":"article","og_title":"\uc6a9\ub2f4 \ucd94\ucd9c\ubb3c - Hurtowy Dystrybutor","og_description":"\uc6a9\ub2f4 \ucd94\ucd9c\ubb3c(Gentiana lutea) \u2013 \uc18c\ud654 \uc81c\ud615 \ubc0f \ud53c\ubd80 \uc7ac\uc0dd \uc81c\ud488\uc5d0 \uc0ac\uc6a9\ub418\ub294 \uac74\uac15\uae30\ub2a5\uc2dd\ud488 \ubc0f \ud654\uc7a5\ud488 \uc6d0\ub8cc\uc785\ub2c8\ub2e4.","og_url":"https:\/\/naturalpoland.com\/ko\/je-pum\/sig-mul-chu-chul-mul\/%ec%9a%a9%eb%8b%b4-%ec%b6%94%ec%b6%9c%eb%ac%bc\/","og_site_name":"NATURAL POLAND - Hurtowy Dystrybutor Surowc\u00f3w","article_publisher":"https:\/\/www.facebook.com\/naturalpoland.b2b","article_modified_time":"2026-02-27T13:01:28+00:00","og_image":[{"width":1024,"height":1024,"url":"https:\/\/naturalpoland.com\/wp-content\/uploads\/ekstrakt-z-goryczki.webp","type":"image\/webp"}],"schema":{"@context":"https:\/\/schema.org","@graph":[{"@type":"WebPage","@id":"https:\/\/naturalpoland.com\/ko\/je-pum\/sig-mul-chu-chul-mul\/%ec%9a%a9%eb%8b%b4-%ec%b6%94%ec%b6%9c%eb%ac%bc\/","url":"https:\/\/naturalpoland.com\/ko\/je-pum\/sig-mul-chu-chul-mul\/%ec%9a%a9%eb%8b%b4-%ec%b6%94%ec%b6%9c%eb%ac%bc\/","name":"\uc6a9\ub2f4 \ucd94\ucd9c\ubb3c - Hurtowy Dystrybutor","isPartOf":{"@id":"https:\/\/naturalpoland.com\/ko\/#website"},"primaryImageOfPage":{"@id":"https:\/\/naturalpoland.com\/ko\/je-pum\/sig-mul-chu-chul-mul\/%ec%9a%a9%eb%8b%b4-%ec%b6%94%ec%b6%9c%eb%ac%bc\/#primaryimage"},"image":{"@id":"https:\/\/naturalpoland.com\/ko\/je-pum\/sig-mul-chu-chul-mul\/%ec%9a%a9%eb%8b%b4-%ec%b6%94%ec%b6%9c%eb%ac%bc\/#primaryimage"},"thumbnailUrl":"https:\/\/naturalpoland.com\/wp-content\/uploads\/ekstrakt-z-goryczki.webp","datePublished":"2021-05-11T11:39:23+00:00","dateModified":"2026-02-27T13:01:28+00:00","description":"\uc6a9\ub2f4 \ucd94\ucd9c\ubb3c(Gentiana lutea) \u2013 \uc18c\ud654 \uc81c\ud615 \ubc0f \ud53c\ubd80 \uc7ac\uc0dd \uc81c\ud488\uc5d0 \uc0ac\uc6a9\ub418\ub294 \uac74\uac15\uae30\ub2a5\uc2dd\ud488 \ubc0f \ud654\uc7a5\ud488 \uc6d0\ub8cc\uc785\ub2c8\ub2e4.","breadcrumb":{"@id":"https:\/\/naturalpoland.com\/ko\/je-pum\/sig-mul-chu-chul-mul\/%ec%9a%a9%eb%8b%b4-%ec%b6%94%ec%b6%9c%eb%ac%bc\/#breadcrumb"},"inLanguage":"ko-KR","potentialAction":[{"@type":"ReadAction","target":["https:\/\/naturalpoland.com\/ko\/je-pum\/sig-mul-chu-chul-mul\/%ec%9a%a9%eb%8b%b4-%ec%b6%94%ec%b6%9c%eb%ac%bc\/"]}]},{"@type":"ImageObject","inLanguage":"ko-KR","@id":"https:\/\/naturalpoland.com\/ko\/je-pum\/sig-mul-chu-chul-mul\/%ec%9a%a9%eb%8b%b4-%ec%b6%94%ec%b6%9c%eb%ac%bc\/#primaryimage","url":"https:\/\/naturalpoland.com\/wp-content\/uploads\/ekstrakt-z-goryczki.webp","contentUrl":"https:\/\/naturalpoland.com\/wp-content\/uploads\/ekstrakt-z-goryczki.webp","width":1024,"height":1024,"caption":"\ubd84\ub9d0 \ubc0f \uc561\uc0c1 \uc6a9\ub2f4 \ucd94\ucd9c\ubb3c"},{"@type":"BreadcrumbList","@id":"https:\/\/naturalpoland.com\/ko\/je-pum\/sig-mul-chu-chul-mul\/%ec%9a%a9%eb%8b%b4-%ec%b6%94%ec%b6%9c%eb%ac%bc\/#breadcrumb","itemListElement":[{"@type":"ListItem","position":1,"name":"\ud648","item":"https:\/\/naturalpoland.com\/ko\/"},{"@type":"ListItem","position":2,"name":"\uc81c\ud488","item":"https:\/\/naturalpoland.com\/ko\/%ec%a0%9c%ed%92%88\/"},{"@type":"ListItem","position":3,"name":"\uc6a9\ub2f4 \ucd94\ucd9c\ubb3c"}]},{"@type":"WebSite","@id":"https:\/\/naturalpoland.com\/ko\/#website","url":"https:\/\/naturalpoland.com\/ko\/","name":"NATURAL POLAND - Hurtowy Dystrybutor Surowc\u00f3w","description":"Surowce dla przemys\u0142u spo\u017cywczego, kosmetycznego i farmaceutycznego","publisher":{"@id":"https:\/\/naturalpoland.com\/ko\/#organization"},"potentialAction":[{"@type":"SearchAction","target":{"@type":"EntryPoint","urlTemplate":"https:\/\/naturalpoland.com\/ko\/?s={search_term_string}"},"query-input":{"@type":"PropertyValueSpecification","valueRequired":true,"valueName":"search_term_string"}}],"inLanguage":"ko-KR"},{"@type":"Organization","@id":"https:\/\/naturalpoland.com\/ko\/#organization","name":"Natural Poland","url":"https:\/\/naturalpoland.com\/ko\/","logo":{"@type":"ImageObject","inLanguage":"ko-KR","@id":"https:\/\/naturalpoland.com\/ko\/#\/schema\/logo\/image\/","url":"https:\/\/naturalpoland.com\/wp-content\/uploads\/2021\/05\/natural-poland-icon.png","contentUrl":"https:\/\/naturalpoland.com\/wp-content\/uploads\/2021\/05\/natural-poland-icon.png","width":512,"height":512,"caption":"Natural Poland"},"image":{"@id":"https:\/\/naturalpoland.com\/ko\/#\/schema\/logo\/image\/"},"sameAs":["https:\/\/www.facebook.com\/naturalpoland.b2b","https:\/\/pl.linkedin.com\/company\/natural-poland","https:\/\/www.youtube.com\/channel\/UCgeGGkvOMahZo-xu_MSEWxg"]}]}},"_links":{"self":[{"href":"https:\/\/naturalpoland.com\/ko\/wp-json\/wp\/v2\/product\/46256","targetHints":{"allow":["GET"]}}],"collection":[{"href":"https:\/\/naturalpoland.com\/ko\/wp-json\/wp\/v2\/product"}],"about":[{"href":"https:\/\/naturalpoland.com\/ko\/wp-json\/wp\/v2\/types\/product"}],"wp:featuredmedia":[{"embeddable":true,"href":"https:\/\/naturalpoland.com\/ko\/wp-json\/wp\/v2\/media\/46258"}],"wp:attachment":[{"href":"https:\/\/naturalpoland.com\/ko\/wp-json\/wp\/v2\/media?parent=46256"}],"wp:term":[{"taxonomy":"product_brand","embeddable":true,"href":"https:\/\/naturalpoland.com\/ko\/wp-json\/wp\/v2\/product_brand?post=46256"},{"taxonomy":"product_cat","embeddable":true,"href":"https:\/\/naturalpoland.com\/ko\/wp-json\/wp\/v2\/product_cat?post=46256"},{"taxonomy":"product_tag","embeddable":true,"href":"https:\/\/naturalpoland.com\/ko\/wp-json\/wp\/v2\/product_tag?post=46256"}],"curies":[{"name":"wp","href":"https:\/\/api.w.org\/{rel}","templated":true}]}}