{"id":46265,"date":"2021-05-11T13:39:23","date_gmt":"2021-05-11T11:39:23","guid":{"rendered":"https:\/\/naturalpoland.com\/produkty\/uncategorized\/%ec%97%ac%ec%a3%bc-%ec%b6%94%ec%b6%9c%eb%ac%bcmomordica-charantia\/"},"modified":"2026-02-27T14:02:16","modified_gmt":"2026-02-27T13:02:16","slug":"%ec%97%ac%ec%a3%bc-%ec%b6%94%ec%b6%9c%eb%ac%bcmomordica-charantia","status":"publish","type":"product","link":"https:\/\/naturalpoland.com\/ko\/je-pum\/sig-mul-chu-chul-mul\/%ec%97%ac%ec%a3%bc-%ec%b6%94%ec%b6%9c%eb%ac%bcmomordica-charantia\/","title":{"rendered":"\uc5ec\uc8fc \ucd94\ucd9c\ubb3c(Momordica charantia)"},"content":{"rendered":"<p>\uc5ec\uc8fc\ub294 \uc544\uc2dc\uc544, \uc778\ub3c4, \ub3d9\uc544\ud504\ub9ac\uce74 \ubc0f \ub0a8\uc544\uba54\ub9ac\uce74\uc640 \uac19\uc740 \uc5f4\ub300 \uc9c0\uc5ed\uc5d0\uc11c \uc720\ub798\ud569\ub2c8\ub2e4. \ub9e4\uc6b0 \ud765\ubbf8\ub85c\uc6b4 \uc678\ud615\uc744 \uac00\uc9c0\uace0 \uc788\uc2b5\ub2c8\ub2e4. \uc624\uc774\uc640 \uc218\ubc15\uc758 \uba3c \uce5c\ucc99\uc785\ub2c8\ub2e4. \uce74\ub808\ub97c \uc5f0\uc0c1\uc2dc\ud0a4\ub294 \ub3c5\ud2b9\ud558\uace0 \uc4f4\ub9db\uacfc \ud48d\ubd80\ud55c \ud65c\uc131 \uc131\ubd84(<strong>\ucc28\ub780\ud2f4<\/strong>, <strong>\uc0ac\ud3ec\ub2cc<\/strong>, <strong>\ud398\ub180\uc0b0<\/strong>, <strong>\ud3f4\ub9ac\ud3a9\ud0c0\uc774\ub4dc<\/strong> \ubc0f <strong>\ube44\ud0c0\ubbfc<\/strong>)\uc774 \ud2b9\uc9d5\uc785\ub2c8\ub2e4.   <\/p>\n<p>\uc5ec\uc8fc\ub294 \uc800\uce7c\ub85c\ub9ac \uc2dd\ud488\uc73c\ub85c 100g\ub2f9 \uc57d 17kcal\ub97c \ud568\uc720\ud558\uba70, \ube44\ud0c0\ubbfc C, \uc2dd\uc774\uc12c\uc720 \ubc0f \uc544\ubbf8\ub178\uc0b0\uc774 \ud48d\ubd80\ud569\ub2c8\ub2e4.<\/p>\n<h2>\uc5ec\uc8fc \ucd94\ucd9c\ubb3c\uc758 \ud2b9\uc131<\/h2>\n<p>\uc5ec\uc8fc \ucd94\ucd9c\ubb3c\uc740 \ud608\ub2f9 \uac15\ud558 \uc791\uc6a9, \uc989 \ud608\uc911 \ud3ec\ub3c4\ub2f9 \uc218\uce58\ub97c \ub0ae\ucd94\ub294 \ub2a5\ub825\uc73c\ub85c \uc54c\ub824\uc838 \uc788\uc2b5\ub2c8\ub2e4. <strong>\ucc28\ub780\ud2f4<\/strong> \ud568\ub7c9 \ub355\ubd84\uc5d0 \ucd94\ucd9c\ubb3c\uc740 <strong>\ud608\ub2f9 \uc870\uc808<\/strong>\uc744 \uc9c0\uc6d0\ud558\ubbc0\ub85c, \uc81c2\ud615 \ub2f9\ub1e8\ubcd1\uc744 \ud3ec\ud568\ud55c \ud0c4\uc218\ud654\ubb3c \ub300\uc0ac \uc7a5\uc560\uac00 \uc788\ub294 \ubd84\ub4e4\uc774 \uc0ac\uc6a9\ud574\uc57c \ud569\ub2c8\ub2e4. \uc5f0\uad6c\uc5d0 \ub530\ub974\uba74 \uc5ec\uc8fc\uc5d0 \uc874\uc7ac\ud558\ub294 \ud654\ud569\ubb3c\uc740 \uc138\ud3ec\uc758 \ud3ec\ub3c4\ub2f9 \ud761\uc218 \uc99d\uac00 \ubc0f \uc778\uc290\ub9b0 \uc0dd\uc131 \uc790\uadf9\uc5d0 \uc601\ud5a5\uc744 \ubbf8\uce60 \uc218 \uc788\uc2b5\ub2c8\ub2e4.  <\/p>\n<p>\ud608\ub2f9 \uac15\ud558 \uc791\uc6a9 \uc678\uc5d0\ub3c4 \ucd94\ucd9c\ubb3c\uc740 <strong>\uc9c0\uc9c8 \uac15\ud558<\/strong> \ud2b9\uc131\uc744 \ub098\ud0c0\ub0b4\uc5b4 \ud608\uc911 LDL \ucf5c\ub808\uc2a4\ud14c\ub864 \ubc0f \uc911\uc131\uc9c0\ubc29 \uc218\uce58\ub97c \ub0ae\ucd94\ub294 \ub3d9\uc2dc\uc5d0 HDL \uc218\uce58\ub97c \ub192\uc774\ub294 \ub370 \ub3c4\uc6c0\uc744 \uc90d\ub2c8\ub2e4.<\/p>\n<p>\ub610\ud55c \uc7a0\uc7ac\uc801\uc778 \ud56d\uc554 \uc791\uc6a9\ub3c4 \uc8fc\ubaa9\ud560 \ub9cc\ud569\ub2c8\ub2e4. \uc5ec\uc8fc \ucd94\ucd9c\ubb3c\uc740 \uac04\uc554, \uc720\ubc29\uc554, \ub300\uc7a5\uc554 \ubc0f \uc804\ub9bd\uc120\uc554\uc744 \ud3ec\ud568\ud55c \uc77c\ubd80 \uc554\uc138\ud3ec \uc720\ud615\uc5d0 \ub300\ud574 \ud65c\uc131\uc744 \ub098\ud0c0\ub0bc \uc218 \uc788\uc2b5\ub2c8\ub2e4. <\/p>\n<h2>\uc801\uc6a9<\/h2>\n<p>\uc5ec\uc8fc \ucd94\ucd9c\ubb3c\uc740 \uc81c\uc57d \ubc0f \uac74\uac15\uae30\ub2a5\uc2dd\ud488 \uc0b0\uc5c5\uc5d0\uc11c \uad11\ubc94\uc704\ud558\uac8c \ud65c\uc6a9\ub429\ub2c8\ub2e4. \ucea1\uc290, \ubd84\ub9d0 \ud615\ud0dc\ub85c \uc0ac\uc6a9\ub418\uac70\ub098 \ub2f9\ub1e8\ubcd1, \ube44\ub9cc \ud1f4\uce58\ub97c \uc9c0\uc6d0\ud558\uace0 \uc9c0\uc9c8 \ud504\ub85c\ud544\uc744 \uac1c\uc120\ud558\ub294 \uac74\uac15\uae30\ub2a5\uc2dd\ud488\uc758 \uc131\ubd84\uc73c\ub85c \uc0ac\uc6a9\ub420 \uc218 \uc788\uc2b5\ub2c8\ub2e4. <\/p>\n","protected":false},"excerpt":{"rendered":"<p><em>Momordica charantia<\/em> \uc5f4\ub9e4\uc5d0\uc11c \ucd94\ucd9c\ud55c \uc5ec\uc8fc \ucd94\ucd9c\ubb3c\uc740 \ucd5c\uadfc \uba87 \ub144\uac04 \uc720\ub7fd\uc5d0\uc11c \uc9c4\uc815\ud55c \ud788\ud2b8 \uc0c1\ud488\uc785\ub2c8\ub2e4. \ud3ec\ub3c4\ub2f9 \ub300\uc0ac\ub97c \uac1c\uc120\ud558\ub294 \uc81c\ud488\uc758 \uc131\ubd84\uc785\ub2c8\ub2e4. \ud608\ub2f9 \uc218\uce58\ub97c \uc870\uc808\ud558\ubbc0\ub85c \ub2f9\ub1e8\ubcd1 \ud658\uc790\uc5d0\uac8c\ub3c4 \uad8c\uc7a5\ub429\ub2c8\ub2e4.  <\/p>\n","protected":false},"featured_media":46267,"template":"","meta":[],"product_brand":[],"product_cat":[8134],"product_tag":[],"class_list":{"0":"post-46265","1":"product","2":"type-product","3":"status-publish","4":"has-post-thumbnail","6":"product_cat-sig-mul-chu-chul-mul","7":"pa_czesc-rosliny-8225","8":"pa_skladnik-aktywny-11065","10":"first","11":"instock","12":"shipping-taxable","13":"product-type-simple"},"yoast_head":"<!-- This site is optimized with the Yoast SEO plugin v27.4 - https:\/\/yoast.com\/product\/yoast-seo-wordpress\/ -->\n<title>NATURAL POLAND &#8211; Hurtowy Dystrybutor Surowc\u00f3w<\/title>\n<meta name=\"description\" content=\"\uc5ec\uc8fc \ucd94\ucd9c\ubb3c\uc740 \ud608\ub2f9 \uc870\uc808, \uc2ec\ud608\uad00 \uc9c8\ud658 \uc608\ubc29 \ubc0f \uc554 \ud1f4\uce58\ub97c \uc9c0\uc6d0\ud558\ub294 \uc6d0\ub8cc\uc785\ub2c8\ub2e4.\" \/>\n<meta name=\"robots\" content=\"index, follow, max-snippet:-1, max-image-preview:large, max-video-preview:-1\" \/>\n<link rel=\"canonical\" href=\"https:\/\/naturalpoland.com\/ko\/je-pum\/sig-mul-chu-chul-mul\/%ec%97%ac%ec%a3%bc-%ec%b6%94%ec%b6%9c%eb%ac%bcmomordica-charantia\/\" \/>\n<meta property=\"og:locale\" content=\"ko_KR\" \/>\n<meta property=\"og:type\" content=\"article\" \/>\n<meta property=\"og:description\" content=\"\uc5ec\uc8fc \ucd94\ucd9c\ubb3c\uc740 \ud608\ub2f9 \uc870\uc808, \uc2ec\ud608\uad00 \uc9c8\ud658 \uc608\ubc29 \ubc0f \uc554 \ud1f4\uce58\ub97c \uc9c0\uc6d0\ud558\ub294 \uc6d0\ub8cc\uc785\ub2c8\ub2e4.\" \/>\n<meta property=\"og:url\" content=\"https:\/\/naturalpoland.com\/ko\/je-pum\/sig-mul-chu-chul-mul\/%ec%97%ac%ec%a3%bc-%ec%b6%94%ec%b6%9c%eb%ac%bcmomordica-charantia\/\" \/>\n<meta property=\"og:site_name\" content=\"NATURAL POLAND - Hurtowy Dystrybutor Surowc\u00f3w\" \/>\n<meta property=\"article:publisher\" content=\"https:\/\/www.facebook.com\/naturalpoland.b2b\" \/>\n<meta property=\"article:modified_time\" content=\"2026-02-27T13:02:16+00:00\" \/>\n<meta property=\"og:image\" content=\"https:\/\/naturalpoland.com\/wp-content\/uploads\/ekstrakt-z-gorzkiego-melona.webp\" \/>\n\t<meta property=\"og:image:width\" content=\"619\" \/>\n\t<meta property=\"og:image:height\" content=\"619\" \/>\n\t<meta property=\"og:image:type\" content=\"image\/webp\" \/>\n<script type=\"application\/ld+json\" class=\"yoast-schema-graph\">{\"@context\":\"https:\\\/\\\/schema.org\",\"@graph\":[{\"@type\":\"WebPage\",\"@id\":\"https:\\\/\\\/naturalpoland.com\\\/ko\\\/je-pum\\\/sig-mul-chu-chul-mul\\\/%ec%97%ac%ec%a3%bc-%ec%b6%94%ec%b6%9c%eb%ac%bcmomordica-charantia\\\/\",\"url\":\"https:\\\/\\\/naturalpoland.com\\\/ko\\\/je-pum\\\/sig-mul-chu-chul-mul\\\/%ec%97%ac%ec%a3%bc-%ec%b6%94%ec%b6%9c%eb%ac%bcmomordica-charantia\\\/\",\"name\":\"\",\"isPartOf\":{\"@id\":\"https:\\\/\\\/naturalpoland.com\\\/ko\\\/#website\"},\"primaryImageOfPage\":{\"@id\":\"https:\\\/\\\/naturalpoland.com\\\/ko\\\/je-pum\\\/sig-mul-chu-chul-mul\\\/%ec%97%ac%ec%a3%bc-%ec%b6%94%ec%b6%9c%eb%ac%bcmomordica-charantia\\\/#primaryimage\"},\"image\":{\"@id\":\"https:\\\/\\\/naturalpoland.com\\\/ko\\\/je-pum\\\/sig-mul-chu-chul-mul\\\/%ec%97%ac%ec%a3%bc-%ec%b6%94%ec%b6%9c%eb%ac%bcmomordica-charantia\\\/#primaryimage\"},\"thumbnailUrl\":\"https:\\\/\\\/naturalpoland.com\\\/wp-content\\\/uploads\\\/ekstrakt-z-gorzkiego-melona.webp\",\"datePublished\":\"2021-05-11T11:39:23+00:00\",\"dateModified\":\"2026-02-27T13:02:16+00:00\",\"description\":\"\uc5ec\uc8fc \ucd94\ucd9c\ubb3c\uc740 \ud608\ub2f9 \uc870\uc808, \uc2ec\ud608\uad00 \uc9c8\ud658 \uc608\ubc29 \ubc0f \uc554 \ud1f4\uce58\ub97c \uc9c0\uc6d0\ud558\ub294 \uc6d0\ub8cc\uc785\ub2c8\ub2e4.\",\"breadcrumb\":{\"@id\":\"https:\\\/\\\/naturalpoland.com\\\/ko\\\/je-pum\\\/sig-mul-chu-chul-mul\\\/%ec%97%ac%ec%a3%bc-%ec%b6%94%ec%b6%9c%eb%ac%bcmomordica-charantia\\\/#breadcrumb\"},\"inLanguage\":\"ko-KR\",\"potentialAction\":[{\"@type\":\"ReadAction\",\"target\":[\"https:\\\/\\\/naturalpoland.com\\\/ko\\\/je-pum\\\/sig-mul-chu-chul-mul\\\/%ec%97%ac%ec%a3%bc-%ec%b6%94%ec%b6%9c%eb%ac%bcmomordica-charantia\\\/\"]}]},{\"@type\":\"ImageObject\",\"inLanguage\":\"ko-KR\",\"@id\":\"https:\\\/\\\/naturalpoland.com\\\/ko\\\/je-pum\\\/sig-mul-chu-chul-mul\\\/%ec%97%ac%ec%a3%bc-%ec%b6%94%ec%b6%9c%eb%ac%bcmomordica-charantia\\\/#primaryimage\",\"url\":\"https:\\\/\\\/naturalpoland.com\\\/wp-content\\\/uploads\\\/ekstrakt-z-gorzkiego-melona.webp\",\"contentUrl\":\"https:\\\/\\\/naturalpoland.com\\\/wp-content\\\/uploads\\\/ekstrakt-z-gorzkiego-melona.webp\",\"width\":619,\"height\":619,\"caption\":\"\uc5ec\uc8fc \ucd94\ucd9c\ubb3c\"},{\"@type\":\"BreadcrumbList\",\"@id\":\"https:\\\/\\\/naturalpoland.com\\\/ko\\\/je-pum\\\/sig-mul-chu-chul-mul\\\/%ec%97%ac%ec%a3%bc-%ec%b6%94%ec%b6%9c%eb%ac%bcmomordica-charantia\\\/#breadcrumb\",\"itemListElement\":[{\"@type\":\"ListItem\",\"position\":1,\"name\":\"\ud648\",\"item\":\"https:\\\/\\\/naturalpoland.com\\\/ko\\\/\"},{\"@type\":\"ListItem\",\"position\":2,\"name\":\"\uc81c\ud488\",\"item\":\"https:\\\/\\\/naturalpoland.com\\\/ko\\\/%ec%a0%9c%ed%92%88\\\/\"},{\"@type\":\"ListItem\",\"position\":3,\"name\":\"\uc5ec\uc8fc \ucd94\ucd9c\ubb3c(Momordica charantia)\"}]},{\"@type\":\"WebSite\",\"@id\":\"https:\\\/\\\/naturalpoland.com\\\/ko\\\/#website\",\"url\":\"https:\\\/\\\/naturalpoland.com\\\/ko\\\/\",\"name\":\"NATURAL POLAND - Hurtowy Dystrybutor Surowc\u00f3w\",\"description\":\"Surowce dla przemys\u0142u spo\u017cywczego, kosmetycznego i farmaceutycznego\",\"publisher\":{\"@id\":\"https:\\\/\\\/naturalpoland.com\\\/ko\\\/#organization\"},\"potentialAction\":[{\"@type\":\"SearchAction\",\"target\":{\"@type\":\"EntryPoint\",\"urlTemplate\":\"https:\\\/\\\/naturalpoland.com\\\/ko\\\/?s={search_term_string}\"},\"query-input\":{\"@type\":\"PropertyValueSpecification\",\"valueRequired\":true,\"valueName\":\"search_term_string\"}}],\"inLanguage\":\"ko-KR\"},{\"@type\":\"Organization\",\"@id\":\"https:\\\/\\\/naturalpoland.com\\\/ko\\\/#organization\",\"name\":\"Natural Poland\",\"url\":\"https:\\\/\\\/naturalpoland.com\\\/ko\\\/\",\"logo\":{\"@type\":\"ImageObject\",\"inLanguage\":\"ko-KR\",\"@id\":\"https:\\\/\\\/naturalpoland.com\\\/ko\\\/#\\\/schema\\\/logo\\\/image\\\/\",\"url\":\"https:\\\/\\\/naturalpoland.com\\\/wp-content\\\/uploads\\\/2021\\\/05\\\/natural-poland-icon.png\",\"contentUrl\":\"https:\\\/\\\/naturalpoland.com\\\/wp-content\\\/uploads\\\/2021\\\/05\\\/natural-poland-icon.png\",\"width\":512,\"height\":512,\"caption\":\"Natural Poland\"},\"image\":{\"@id\":\"https:\\\/\\\/naturalpoland.com\\\/ko\\\/#\\\/schema\\\/logo\\\/image\\\/\"},\"sameAs\":[\"https:\\\/\\\/www.facebook.com\\\/naturalpoland.b2b\",\"https:\\\/\\\/pl.linkedin.com\\\/company\\\/natural-poland\",\"https:\\\/\\\/www.youtube.com\\\/channel\\\/UCgeGGkvOMahZo-xu_MSEWxg\"]}]}<\/script>\n<!-- \/ Yoast SEO plugin. -->","yoast_head_json":{"title":"NATURAL POLAND &#8211; Hurtowy Dystrybutor Surowc\u00f3w","description":"\uc5ec\uc8fc \ucd94\ucd9c\ubb3c\uc740 \ud608\ub2f9 \uc870\uc808, \uc2ec\ud608\uad00 \uc9c8\ud658 \uc608\ubc29 \ubc0f \uc554 \ud1f4\uce58\ub97c \uc9c0\uc6d0\ud558\ub294 \uc6d0\ub8cc\uc785\ub2c8\ub2e4.","robots":{"index":"index","follow":"follow","max-snippet":"max-snippet:-1","max-image-preview":"max-image-preview:large","max-video-preview":"max-video-preview:-1"},"canonical":"https:\/\/naturalpoland.com\/ko\/je-pum\/sig-mul-chu-chul-mul\/%ec%97%ac%ec%a3%bc-%ec%b6%94%ec%b6%9c%eb%ac%bcmomordica-charantia\/","og_locale":"ko_KR","og_type":"article","og_description":"\uc5ec\uc8fc \ucd94\ucd9c\ubb3c\uc740 \ud608\ub2f9 \uc870\uc808, \uc2ec\ud608\uad00 \uc9c8\ud658 \uc608\ubc29 \ubc0f \uc554 \ud1f4\uce58\ub97c \uc9c0\uc6d0\ud558\ub294 \uc6d0\ub8cc\uc785\ub2c8\ub2e4.","og_url":"https:\/\/naturalpoland.com\/ko\/je-pum\/sig-mul-chu-chul-mul\/%ec%97%ac%ec%a3%bc-%ec%b6%94%ec%b6%9c%eb%ac%bcmomordica-charantia\/","og_site_name":"NATURAL POLAND - Hurtowy Dystrybutor Surowc\u00f3w","article_publisher":"https:\/\/www.facebook.com\/naturalpoland.b2b","article_modified_time":"2026-02-27T13:02:16+00:00","og_image":[{"width":619,"height":619,"url":"https:\/\/naturalpoland.com\/wp-content\/uploads\/ekstrakt-z-gorzkiego-melona.webp","type":"image\/webp"}],"schema":{"@context":"https:\/\/schema.org","@graph":[{"@type":"WebPage","@id":"https:\/\/naturalpoland.com\/ko\/je-pum\/sig-mul-chu-chul-mul\/%ec%97%ac%ec%a3%bc-%ec%b6%94%ec%b6%9c%eb%ac%bcmomordica-charantia\/","url":"https:\/\/naturalpoland.com\/ko\/je-pum\/sig-mul-chu-chul-mul\/%ec%97%ac%ec%a3%bc-%ec%b6%94%ec%b6%9c%eb%ac%bcmomordica-charantia\/","name":"","isPartOf":{"@id":"https:\/\/naturalpoland.com\/ko\/#website"},"primaryImageOfPage":{"@id":"https:\/\/naturalpoland.com\/ko\/je-pum\/sig-mul-chu-chul-mul\/%ec%97%ac%ec%a3%bc-%ec%b6%94%ec%b6%9c%eb%ac%bcmomordica-charantia\/#primaryimage"},"image":{"@id":"https:\/\/naturalpoland.com\/ko\/je-pum\/sig-mul-chu-chul-mul\/%ec%97%ac%ec%a3%bc-%ec%b6%94%ec%b6%9c%eb%ac%bcmomordica-charantia\/#primaryimage"},"thumbnailUrl":"https:\/\/naturalpoland.com\/wp-content\/uploads\/ekstrakt-z-gorzkiego-melona.webp","datePublished":"2021-05-11T11:39:23+00:00","dateModified":"2026-02-27T13:02:16+00:00","description":"\uc5ec\uc8fc \ucd94\ucd9c\ubb3c\uc740 \ud608\ub2f9 \uc870\uc808, \uc2ec\ud608\uad00 \uc9c8\ud658 \uc608\ubc29 \ubc0f \uc554 \ud1f4\uce58\ub97c \uc9c0\uc6d0\ud558\ub294 \uc6d0\ub8cc\uc785\ub2c8\ub2e4.","breadcrumb":{"@id":"https:\/\/naturalpoland.com\/ko\/je-pum\/sig-mul-chu-chul-mul\/%ec%97%ac%ec%a3%bc-%ec%b6%94%ec%b6%9c%eb%ac%bcmomordica-charantia\/#breadcrumb"},"inLanguage":"ko-KR","potentialAction":[{"@type":"ReadAction","target":["https:\/\/naturalpoland.com\/ko\/je-pum\/sig-mul-chu-chul-mul\/%ec%97%ac%ec%a3%bc-%ec%b6%94%ec%b6%9c%eb%ac%bcmomordica-charantia\/"]}]},{"@type":"ImageObject","inLanguage":"ko-KR","@id":"https:\/\/naturalpoland.com\/ko\/je-pum\/sig-mul-chu-chul-mul\/%ec%97%ac%ec%a3%bc-%ec%b6%94%ec%b6%9c%eb%ac%bcmomordica-charantia\/#primaryimage","url":"https:\/\/naturalpoland.com\/wp-content\/uploads\/ekstrakt-z-gorzkiego-melona.webp","contentUrl":"https:\/\/naturalpoland.com\/wp-content\/uploads\/ekstrakt-z-gorzkiego-melona.webp","width":619,"height":619,"caption":"\uc5ec\uc8fc \ucd94\ucd9c\ubb3c"},{"@type":"BreadcrumbList","@id":"https:\/\/naturalpoland.com\/ko\/je-pum\/sig-mul-chu-chul-mul\/%ec%97%ac%ec%a3%bc-%ec%b6%94%ec%b6%9c%eb%ac%bcmomordica-charantia\/#breadcrumb","itemListElement":[{"@type":"ListItem","position":1,"name":"\ud648","item":"https:\/\/naturalpoland.com\/ko\/"},{"@type":"ListItem","position":2,"name":"\uc81c\ud488","item":"https:\/\/naturalpoland.com\/ko\/%ec%a0%9c%ed%92%88\/"},{"@type":"ListItem","position":3,"name":"\uc5ec\uc8fc \ucd94\ucd9c\ubb3c(Momordica charantia)"}]},{"@type":"WebSite","@id":"https:\/\/naturalpoland.com\/ko\/#website","url":"https:\/\/naturalpoland.com\/ko\/","name":"NATURAL POLAND - Hurtowy Dystrybutor Surowc\u00f3w","description":"Surowce dla przemys\u0142u spo\u017cywczego, kosmetycznego i farmaceutycznego","publisher":{"@id":"https:\/\/naturalpoland.com\/ko\/#organization"},"potentialAction":[{"@type":"SearchAction","target":{"@type":"EntryPoint","urlTemplate":"https:\/\/naturalpoland.com\/ko\/?s={search_term_string}"},"query-input":{"@type":"PropertyValueSpecification","valueRequired":true,"valueName":"search_term_string"}}],"inLanguage":"ko-KR"},{"@type":"Organization","@id":"https:\/\/naturalpoland.com\/ko\/#organization","name":"Natural Poland","url":"https:\/\/naturalpoland.com\/ko\/","logo":{"@type":"ImageObject","inLanguage":"ko-KR","@id":"https:\/\/naturalpoland.com\/ko\/#\/schema\/logo\/image\/","url":"https:\/\/naturalpoland.com\/wp-content\/uploads\/2021\/05\/natural-poland-icon.png","contentUrl":"https:\/\/naturalpoland.com\/wp-content\/uploads\/2021\/05\/natural-poland-icon.png","width":512,"height":512,"caption":"Natural Poland"},"image":{"@id":"https:\/\/naturalpoland.com\/ko\/#\/schema\/logo\/image\/"},"sameAs":["https:\/\/www.facebook.com\/naturalpoland.b2b","https:\/\/pl.linkedin.com\/company\/natural-poland","https:\/\/www.youtube.com\/channel\/UCgeGGkvOMahZo-xu_MSEWxg"]}]}},"_links":{"self":[{"href":"https:\/\/naturalpoland.com\/ko\/wp-json\/wp\/v2\/product\/46265","targetHints":{"allow":["GET"]}}],"collection":[{"href":"https:\/\/naturalpoland.com\/ko\/wp-json\/wp\/v2\/product"}],"about":[{"href":"https:\/\/naturalpoland.com\/ko\/wp-json\/wp\/v2\/types\/product"}],"wp:featuredmedia":[{"embeddable":true,"href":"https:\/\/naturalpoland.com\/ko\/wp-json\/wp\/v2\/media\/46267"}],"wp:attachment":[{"href":"https:\/\/naturalpoland.com\/ko\/wp-json\/wp\/v2\/media?parent=46265"}],"wp:term":[{"taxonomy":"product_brand","embeddable":true,"href":"https:\/\/naturalpoland.com\/ko\/wp-json\/wp\/v2\/product_brand?post=46265"},{"taxonomy":"product_cat","embeddable":true,"href":"https:\/\/naturalpoland.com\/ko\/wp-json\/wp\/v2\/product_cat?post=46265"},{"taxonomy":"product_tag","embeddable":true,"href":"https:\/\/naturalpoland.com\/ko\/wp-json\/wp\/v2\/product_tag?post=46265"}],"curies":[{"name":"wp","href":"https:\/\/api.w.org\/{rel}","templated":true}]}}