{"id":46271,"date":"2021-05-11T13:38:53","date_gmt":"2021-05-11T11:38:53","guid":{"rendered":"https:\/\/naturalpoland.com\/produkty\/uncategorized\/%eb%8b%a4%eb%af%b8%ec%95%84%eb%82%98-%ec%b6%94%ec%b6%9c%eb%ac%bc-%ed%88%ac%eb%a5%b4%eb%84%a4%eb%9d%bc-%eb%94%94%ed%91%b8%ec%82%ac\/"},"modified":"2026-02-27T14:02:29","modified_gmt":"2026-02-27T13:02:29","slug":"%eb%8b%a4%eb%af%b8%ec%95%84%eb%82%98-%ec%b6%94%ec%b6%9c%eb%ac%bc-%ed%88%ac%eb%a5%b4%eb%84%a4%eb%9d%bc-%eb%94%94%ed%91%b8%ec%82%ac","status":"publish","type":"product","link":"https:\/\/naturalpoland.com\/ko\/je-pum\/sig-mul-chu-chul-mul\/%eb%8b%a4%eb%af%b8%ec%95%84%eb%82%98-%ec%b6%94%ec%b6%9c%eb%ac%bc-%ed%88%ac%eb%a5%b4%eb%84%a4%eb%9d%bc-%eb%94%94%ed%91%b8%ec%82%ac\/","title":{"rendered":"\ub2e4\ubbf8\uc544\ub098 \ucd94\ucd9c\ubb3c (\ud22c\ub974\ub124\ub77c \ub514\ud478\uc0ac)"},"content":{"rendered":"<h3>\ub2e4\ubbf8\uc544\ub098 \ucd94\ucd9c\ubb3c\uc758 \ud6a8\ub2a5<\/h3>\n<p>\ub2e4\ubbf8\uc544\ub098 \ucd94\ucd9c\ubb3c\uc740 <strong>\ucd5c\uc74c\uc81c \ud2b9\uc131<\/strong>\uc73c\ub85c \uac00\uc7a5 \uc798 \uc54c\ub824\uc838 \uc788\uc2b5\ub2c8\ub2e4. \ub0a8\uc131\uacfc \uc5ec\uc131\uc758 \uc131\uc695 \ubc0f \uc131 \uae30\ub2a5 \uac1c\uc120 \ub2a5\ub825\uc740 \uc218\ub9ce\uc740 \uc5f0\uad6c\uc758 \ub300\uc0c1\uc774\uc5c8\uc2b5\ub2c8\ub2e4. \uc774\ub294 \uc790\uc5f0\uc801\uc778 \ud638\ub974\ubaac \uade0\ud615\uc744 \uc9c0\uc6d0\ud558\uace0 \uce5c\ubc00\ud55c \ubd80\uc704\uc758 \ud608\ub958\ub97c \uac1c\uc120\ud558\uc5ec \ubbfc\uac10\ub3c4\uc640 \uc131\uc801 \ub9cc\uc871\ub3c4\ub97c \ub192\uc774\ub294 \ub370 \uae30\uc5ec\ud560 \uc218 \uc788\uc2b5\ub2c8\ub2e4.  <\/p>\n<p>\ub2e4\ubbf8\uc544\ub098\ub294 <strong>\uc774\uc644 \ubc0f \ud56d\uc6b0\uc6b8 \ud6a8\uacfc<\/strong>\ub97c \ub098\ud0c0\ub0b4\uc5b4 \uc2a4\ud2b8\ub808\uc2a4, \uc2e0\uacbd\uacfc\ubbfc, \uacbd\ubbf8\ud55c \uc6b0\uc6b8\uc99d \uc644\ud654\uc5d0 \uadc0\uc911\ud55c \uc9c0\uc6d0\uc774 \ub429\ub2c8\ub2e4. \uaddc\uce59\uc801\uc778 \uc12d\ucde8\ub294 \uae30\ubd84 \uac1c\uc120\uacfc \uc77c\uc0c1 \uc2a4\ud2b8\ub808\uc2a4 \uc694\uc778\uc5d0 \ub300\ud55c \uc800\ud56d\ub825\uc744 \ub192\uc774\ub294 \ub370 \uae30\uc5ec\ud560 \uc218 \uc788\uc2b5\ub2c8\ub2e4. <\/p>\n<p>\ub2e4\ubbf8\uc544\ub098 \ucd94\ucd9c\ubb3c\uc758 \ud2b9\uc815 \ud6a8\ub2a5\uc740 \ud2b9\ud788 <strong>\uc5ec\uc131 \uac74\uac15\uc5d0 \uc720\uc775<\/strong>\ud558\uc5ec \ud3d0\uacbd\uae30 \ubc0f \uc6d4\uacbd\uc804 \uc99d\ud6c4\uad70(PMS) \uc99d\uc0c1 \uc644\ud654\ub97c \ub3d5\uc2b5\ub2c8\ub2e4. \ud638\ub974\ubaac \uc9c0\uc6d0\uc744 \ud1b5\ud574 \uc6d4\uacbd \uc8fc\uae30\ub97c \uc870\uc808\ud558\uace0 \uae30\ubd84 \ubcc0\ud654, \ud1b5\uc99d, \uae34\uc7a5\uacfc \uac19\uc740 \ubd88\ud3b8\ud568\uc744 \uc904\uc774\ub294 \ub370 \ub3c4\uc6c0\uc774 \ub420 \uc218 \uc788\uc2b5\ub2c8\ub2e4. <\/p>\n<p>\ub2e4\ubbf8\uc544\ub098\ub294 \ub610\ud55c <strong>\ud574\ub3c5 \ud2b9\uc131<\/strong>\uc744 \uac00\uc9c0\uace0 \uc788\uc5b4 \uccb4\ub0b4 \ub3c5\uc18c \uc81c\uac70\ub97c \uc9c0\uc6d0\ud558\uba70, \uc774\ub294 \uac04\uacfc \ube44\ub1e8\uae30\uacc4\uc758 \uae30\ub2a5 \uac1c\uc120\uc5d0 \uae30\uc5ec\ud560 \uc218 \uc788\uc2b5\ub2c8\ub2e4. \ub530\ub77c\uc11c \uaddc\uce59\uc801\uc778 \uc12d\ucde8\ub294 \uc804\ubc18\uc801\uc778 \ud65c\ub825\uacfc \uc6f0\ube59\uc744 \uc9c0\uc6d0\ud560 \uc218 \uc788\uc2b5\ub2c8\ub2e4. <\/p>\n<h3>\ub2e4\ubbf8\uc544\ub098 \ucd94\ucd9c\ubb3c\uc758 \ud65c\uc6a9<\/h3>\n<p>\ub2e4\ubbf8\uc544\ub098 \ucd94\ucd9c\ubb3c\uc740 \uad11\ubc94\uc704\ud55c \uac74\uac15 \uc81c\ud488 \ubc0f \uac74\uac15 \ubcf4\uc870 \uc2dd\ud488\uc5d0 \ud65c\uc6a9\ub429\ub2c8\ub2e4. \uc8fc\ub85c \ub2e4\uc74c \ubd84\uc57c\uc5d0\uc11c \uc0ac\uc6a9\ub429\ub2c8\ub2e4. <\/p>\n<ul>\n<li><strong>\uc131\uc695 \ubcf4\uc870\uc81c,<\/strong><\/li>\n<li><strong>\uc2a4\ud2b8\ub808\uc2a4 \uc644\ud654 \uc81c\ud488,<\/strong><\/li>\n<li><strong>\uc5ec\uc131 \uac74\uac15 \uc9c0\uc6d0 \ud3ec\ubbac\ub7ec,<\/strong><\/li>\n<li><strong>\uc804\ubc18\uc801\uc778 \uac15\ud654 \ubcf4\uc870\uc81c.<\/strong><\/li>\n<\/ul>\n","protected":false},"excerpt":{"rendered":"<p>\ub2e4\ubbf8\uc544\ub098 \ucd94\ucd9c\ubb3c\uc740 <em>\ud22c\ub974\ub124\ub77c \ub514\ud478\uc0ac(Turnera diffusa)<\/em> \uad00\ubaa9\uc758 \uc78e\uc5d0\uc11c \ucd94\ucd9c\ub418\uba70, \uc5ed\uc0ac\uc801\uc73c\ub85c <em>\ud22c\ub974\ub124\ub77c \uc544\ud504\ub85c\ub514\uc2dc\uc544\uce74(Turnera Aphrodisiaca)<\/em>\ub85c\ub3c4 \uc54c\ub824\uc838 \uc788\uc2b5\ub2c8\ub2e4. \ud2b9\uc720\uc758 \ub9db\uacfc \ud5a5\uc744 \uc9c0\ub2cc \ucc9c\uc5f0 \uac08\uc0c9 \ubd84\ub9d0\uc740 GMO\uac00 \uc5c6\uc73c\uba70, \uc794\ub958 \ub18d\uc57d \ubc0f \uc911\uae08\uc18d\uc5d0 \ub300\ud55c \uc5c4\uaca9\ud55c \uae30\uc900\uc744 \ucda9\uc871\ud569\ub2c8\ub2e4. <\/p>\n","protected":false},"featured_media":46272,"template":"","meta":[],"product_brand":[],"product_cat":[8134],"product_tag":[],"class_list":{"0":"post-46271","1":"product","2":"type-product","3":"status-publish","4":"has-post-thumbnail","6":"product_cat-sig-mul-chu-chul-mul","7":"pa_czesc-rosliny-8186","9":"first","10":"instock","11":"shipping-taxable","12":"product-type-simple"},"yoast_head":"<!-- This site is optimized with the Yoast SEO plugin v27.4 - https:\/\/yoast.com\/product\/yoast-seo-wordpress\/ -->\n<title>\ub2e4\ubbf8\uc544\ub098 \ucd94\ucd9c\ubb3c (\ud22c\ub974\ub124\ub77c \ub514\ud478\uc0ac) - Hurtowy Dystrybutor<\/title>\n<meta name=\"description\" content=\"\ub2e4\ubbf8\uc544\ub098 \ucd94\ucd9c\ubb3c\uc740 \ud22c\ub974\ub124\ub77c \ub514\ud478\uc0ac(Turnera diffusa) \uad00\ubaa9\uc758 \uc78e\uc5d0\uc11c \ucd94\ucd9c\ub418\uba70, \uc5ed\uc0ac\uc801\uc73c\ub85c \ud22c\ub974\ub124\ub77c \uc544\ud504\ub85c\ub514\uc2dc\uc544\uce74(Turnera Aphrodisiaca)\ub85c\ub3c4 \uc54c\ub824\uc838 \uc788\uc2b5\ub2c8\ub2e4.\" \/>\n<meta name=\"robots\" content=\"index, follow, max-snippet:-1, max-image-preview:large, max-video-preview:-1\" \/>\n<link rel=\"canonical\" href=\"https:\/\/naturalpoland.com\/ko\/je-pum\/sig-mul-chu-chul-mul\/%eb%8b%a4%eb%af%b8%ec%95%84%eb%82%98-%ec%b6%94%ec%b6%9c%eb%ac%bc-%ed%88%ac%eb%a5%b4%eb%84%a4%eb%9d%bc-%eb%94%94%ed%91%b8%ec%82%ac\/\" \/>\n<meta property=\"og:locale\" content=\"ko_KR\" \/>\n<meta property=\"og:type\" content=\"article\" \/>\n<meta property=\"og:title\" content=\"\ub2e4\ubbf8\uc544\ub098 \ucd94\ucd9c\ubb3c (\ud22c\ub974\ub124\ub77c \ub514\ud478\uc0ac) - Hurtowy Dystrybutor\" \/>\n<meta property=\"og:description\" content=\"\ub2e4\ubbf8\uc544\ub098 \ucd94\ucd9c\ubb3c\uc740 \ud22c\ub974\ub124\ub77c \ub514\ud478\uc0ac(Turnera diffusa) \uad00\ubaa9\uc758 \uc78e\uc5d0\uc11c \ucd94\ucd9c\ub418\uba70, \uc5ed\uc0ac\uc801\uc73c\ub85c \ud22c\ub974\ub124\ub77c \uc544\ud504\ub85c\ub514\uc2dc\uc544\uce74(Turnera Aphrodisiaca)\ub85c\ub3c4 \uc54c\ub824\uc838 \uc788\uc2b5\ub2c8\ub2e4.\" \/>\n<meta property=\"og:url\" content=\"https:\/\/naturalpoland.com\/ko\/je-pum\/sig-mul-chu-chul-mul\/%eb%8b%a4%eb%af%b8%ec%95%84%eb%82%98-%ec%b6%94%ec%b6%9c%eb%ac%bc-%ed%88%ac%eb%a5%b4%eb%84%a4%eb%9d%bc-%eb%94%94%ed%91%b8%ec%82%ac\/\" \/>\n<meta property=\"og:site_name\" content=\"NATURAL POLAND - Hurtowy Dystrybutor Surowc\u00f3w\" \/>\n<meta property=\"article:publisher\" content=\"https:\/\/www.facebook.com\/naturalpoland.b2b\" \/>\n<meta property=\"article:modified_time\" content=\"2026-02-27T13:02:29+00:00\" \/>\n<meta property=\"og:image\" content=\"https:\/\/naturalpoland.com\/wp-content\/uploads\/2021\/05\/damiana-turnera-diffusa-extract.jpg\" \/>\n\t<meta property=\"og:image:width\" content=\"384\" \/>\n\t<meta property=\"og:image:height\" content=\"423\" \/>\n\t<meta property=\"og:image:type\" content=\"image\/jpeg\" \/>\n<script type=\"application\/ld+json\" class=\"yoast-schema-graph\">{\"@context\":\"https:\\\/\\\/schema.org\",\"@graph\":[{\"@type\":\"WebPage\",\"@id\":\"https:\\\/\\\/naturalpoland.com\\\/ko\\\/je-pum\\\/sig-mul-chu-chul-mul\\\/%eb%8b%a4%eb%af%b8%ec%95%84%eb%82%98-%ec%b6%94%ec%b6%9c%eb%ac%bc-%ed%88%ac%eb%a5%b4%eb%84%a4%eb%9d%bc-%eb%94%94%ed%91%b8%ec%82%ac\\\/\",\"url\":\"https:\\\/\\\/naturalpoland.com\\\/ko\\\/je-pum\\\/sig-mul-chu-chul-mul\\\/%eb%8b%a4%eb%af%b8%ec%95%84%eb%82%98-%ec%b6%94%ec%b6%9c%eb%ac%bc-%ed%88%ac%eb%a5%b4%eb%84%a4%eb%9d%bc-%eb%94%94%ed%91%b8%ec%82%ac\\\/\",\"name\":\"\ub2e4\ubbf8\uc544\ub098 \ucd94\ucd9c\ubb3c (\ud22c\ub974\ub124\ub77c \ub514\ud478\uc0ac) - Hurtowy Dystrybutor\",\"isPartOf\":{\"@id\":\"https:\\\/\\\/naturalpoland.com\\\/ko\\\/#website\"},\"primaryImageOfPage\":{\"@id\":\"https:\\\/\\\/naturalpoland.com\\\/ko\\\/je-pum\\\/sig-mul-chu-chul-mul\\\/%eb%8b%a4%eb%af%b8%ec%95%84%eb%82%98-%ec%b6%94%ec%b6%9c%eb%ac%bc-%ed%88%ac%eb%a5%b4%eb%84%a4%eb%9d%bc-%eb%94%94%ed%91%b8%ec%82%ac\\\/#primaryimage\"},\"image\":{\"@id\":\"https:\\\/\\\/naturalpoland.com\\\/ko\\\/je-pum\\\/sig-mul-chu-chul-mul\\\/%eb%8b%a4%eb%af%b8%ec%95%84%eb%82%98-%ec%b6%94%ec%b6%9c%eb%ac%bc-%ed%88%ac%eb%a5%b4%eb%84%a4%eb%9d%bc-%eb%94%94%ed%91%b8%ec%82%ac\\\/#primaryimage\"},\"thumbnailUrl\":\"https:\\\/\\\/naturalpoland.com\\\/wp-content\\\/uploads\\\/2021\\\/05\\\/damiana-turnera-diffusa-extract.jpg\",\"datePublished\":\"2021-05-11T11:38:53+00:00\",\"dateModified\":\"2026-02-27T13:02:29+00:00\",\"description\":\"\ub2e4\ubbf8\uc544\ub098 \ucd94\ucd9c\ubb3c\uc740 \ud22c\ub974\ub124\ub77c \ub514\ud478\uc0ac(Turnera diffusa) \uad00\ubaa9\uc758 \uc78e\uc5d0\uc11c \ucd94\ucd9c\ub418\uba70, \uc5ed\uc0ac\uc801\uc73c\ub85c \ud22c\ub974\ub124\ub77c \uc544\ud504\ub85c\ub514\uc2dc\uc544\uce74(Turnera Aphrodisiaca)\ub85c\ub3c4 \uc54c\ub824\uc838 \uc788\uc2b5\ub2c8\ub2e4.\",\"breadcrumb\":{\"@id\":\"https:\\\/\\\/naturalpoland.com\\\/ko\\\/je-pum\\\/sig-mul-chu-chul-mul\\\/%eb%8b%a4%eb%af%b8%ec%95%84%eb%82%98-%ec%b6%94%ec%b6%9c%eb%ac%bc-%ed%88%ac%eb%a5%b4%eb%84%a4%eb%9d%bc-%eb%94%94%ed%91%b8%ec%82%ac\\\/#breadcrumb\"},\"inLanguage\":\"ko-KR\",\"potentialAction\":[{\"@type\":\"ReadAction\",\"target\":[\"https:\\\/\\\/naturalpoland.com\\\/ko\\\/je-pum\\\/sig-mul-chu-chul-mul\\\/%eb%8b%a4%eb%af%b8%ec%95%84%eb%82%98-%ec%b6%94%ec%b6%9c%eb%ac%bc-%ed%88%ac%eb%a5%b4%eb%84%a4%eb%9d%bc-%eb%94%94%ed%91%b8%ec%82%ac\\\/\"]}]},{\"@type\":\"ImageObject\",\"inLanguage\":\"ko-KR\",\"@id\":\"https:\\\/\\\/naturalpoland.com\\\/ko\\\/je-pum\\\/sig-mul-chu-chul-mul\\\/%eb%8b%a4%eb%af%b8%ec%95%84%eb%82%98-%ec%b6%94%ec%b6%9c%eb%ac%bc-%ed%88%ac%eb%a5%b4%eb%84%a4%eb%9d%bc-%eb%94%94%ed%91%b8%ec%82%ac\\\/#primaryimage\",\"url\":\"https:\\\/\\\/naturalpoland.com\\\/wp-content\\\/uploads\\\/2021\\\/05\\\/damiana-turnera-diffusa-extract.jpg\",\"contentUrl\":\"https:\\\/\\\/naturalpoland.com\\\/wp-content\\\/uploads\\\/2021\\\/05\\\/damiana-turnera-diffusa-extract.jpg\",\"width\":384,\"height\":423,\"caption\":\"\ub2e4\ubbf8\uc544\ub098 \ucd94\ucd9c\ubb3c\"},{\"@type\":\"BreadcrumbList\",\"@id\":\"https:\\\/\\\/naturalpoland.com\\\/ko\\\/je-pum\\\/sig-mul-chu-chul-mul\\\/%eb%8b%a4%eb%af%b8%ec%95%84%eb%82%98-%ec%b6%94%ec%b6%9c%eb%ac%bc-%ed%88%ac%eb%a5%b4%eb%84%a4%eb%9d%bc-%eb%94%94%ed%91%b8%ec%82%ac\\\/#breadcrumb\",\"itemListElement\":[{\"@type\":\"ListItem\",\"position\":1,\"name\":\"\ud648\",\"item\":\"https:\\\/\\\/naturalpoland.com\\\/ko\\\/\"},{\"@type\":\"ListItem\",\"position\":2,\"name\":\"\uc81c\ud488\",\"item\":\"https:\\\/\\\/naturalpoland.com\\\/ko\\\/%ec%a0%9c%ed%92%88\\\/\"},{\"@type\":\"ListItem\",\"position\":3,\"name\":\"\ub2e4\ubbf8\uc544\ub098 \ucd94\ucd9c\ubb3c (\ud22c\ub974\ub124\ub77c \ub514\ud478\uc0ac)\"}]},{\"@type\":\"WebSite\",\"@id\":\"https:\\\/\\\/naturalpoland.com\\\/ko\\\/#website\",\"url\":\"https:\\\/\\\/naturalpoland.com\\\/ko\\\/\",\"name\":\"NATURAL POLAND - Hurtowy Dystrybutor Surowc\u00f3w\",\"description\":\"Surowce dla przemys\u0142u spo\u017cywczego, kosmetycznego i farmaceutycznego\",\"publisher\":{\"@id\":\"https:\\\/\\\/naturalpoland.com\\\/ko\\\/#organization\"},\"potentialAction\":[{\"@type\":\"SearchAction\",\"target\":{\"@type\":\"EntryPoint\",\"urlTemplate\":\"https:\\\/\\\/naturalpoland.com\\\/ko\\\/?s={search_term_string}\"},\"query-input\":{\"@type\":\"PropertyValueSpecification\",\"valueRequired\":true,\"valueName\":\"search_term_string\"}}],\"inLanguage\":\"ko-KR\"},{\"@type\":\"Organization\",\"@id\":\"https:\\\/\\\/naturalpoland.com\\\/ko\\\/#organization\",\"name\":\"Natural Poland\",\"url\":\"https:\\\/\\\/naturalpoland.com\\\/ko\\\/\",\"logo\":{\"@type\":\"ImageObject\",\"inLanguage\":\"ko-KR\",\"@id\":\"https:\\\/\\\/naturalpoland.com\\\/ko\\\/#\\\/schema\\\/logo\\\/image\\\/\",\"url\":\"https:\\\/\\\/naturalpoland.com\\\/wp-content\\\/uploads\\\/2021\\\/05\\\/natural-poland-icon.png\",\"contentUrl\":\"https:\\\/\\\/naturalpoland.com\\\/wp-content\\\/uploads\\\/2021\\\/05\\\/natural-poland-icon.png\",\"width\":512,\"height\":512,\"caption\":\"Natural Poland\"},\"image\":{\"@id\":\"https:\\\/\\\/naturalpoland.com\\\/ko\\\/#\\\/schema\\\/logo\\\/image\\\/\"},\"sameAs\":[\"https:\\\/\\\/www.facebook.com\\\/naturalpoland.b2b\",\"https:\\\/\\\/pl.linkedin.com\\\/company\\\/natural-poland\",\"https:\\\/\\\/www.youtube.com\\\/channel\\\/UCgeGGkvOMahZo-xu_MSEWxg\"]}]}<\/script>\n<!-- \/ Yoast SEO plugin. -->","yoast_head_json":{"title":"\ub2e4\ubbf8\uc544\ub098 \ucd94\ucd9c\ubb3c (\ud22c\ub974\ub124\ub77c \ub514\ud478\uc0ac) - Hurtowy Dystrybutor","description":"\ub2e4\ubbf8\uc544\ub098 \ucd94\ucd9c\ubb3c\uc740 \ud22c\ub974\ub124\ub77c \ub514\ud478\uc0ac(Turnera diffusa) \uad00\ubaa9\uc758 \uc78e\uc5d0\uc11c \ucd94\ucd9c\ub418\uba70, \uc5ed\uc0ac\uc801\uc73c\ub85c \ud22c\ub974\ub124\ub77c \uc544\ud504\ub85c\ub514\uc2dc\uc544\uce74(Turnera Aphrodisiaca)\ub85c\ub3c4 \uc54c\ub824\uc838 \uc788\uc2b5\ub2c8\ub2e4.","robots":{"index":"index","follow":"follow","max-snippet":"max-snippet:-1","max-image-preview":"max-image-preview:large","max-video-preview":"max-video-preview:-1"},"canonical":"https:\/\/naturalpoland.com\/ko\/je-pum\/sig-mul-chu-chul-mul\/%eb%8b%a4%eb%af%b8%ec%95%84%eb%82%98-%ec%b6%94%ec%b6%9c%eb%ac%bc-%ed%88%ac%eb%a5%b4%eb%84%a4%eb%9d%bc-%eb%94%94%ed%91%b8%ec%82%ac\/","og_locale":"ko_KR","og_type":"article","og_title":"\ub2e4\ubbf8\uc544\ub098 \ucd94\ucd9c\ubb3c (\ud22c\ub974\ub124\ub77c \ub514\ud478\uc0ac) - Hurtowy Dystrybutor","og_description":"\ub2e4\ubbf8\uc544\ub098 \ucd94\ucd9c\ubb3c\uc740 \ud22c\ub974\ub124\ub77c \ub514\ud478\uc0ac(Turnera diffusa) \uad00\ubaa9\uc758 \uc78e\uc5d0\uc11c \ucd94\ucd9c\ub418\uba70, \uc5ed\uc0ac\uc801\uc73c\ub85c \ud22c\ub974\ub124\ub77c \uc544\ud504\ub85c\ub514\uc2dc\uc544\uce74(Turnera Aphrodisiaca)\ub85c\ub3c4 \uc54c\ub824\uc838 \uc788\uc2b5\ub2c8\ub2e4.","og_url":"https:\/\/naturalpoland.com\/ko\/je-pum\/sig-mul-chu-chul-mul\/%eb%8b%a4%eb%af%b8%ec%95%84%eb%82%98-%ec%b6%94%ec%b6%9c%eb%ac%bc-%ed%88%ac%eb%a5%b4%eb%84%a4%eb%9d%bc-%eb%94%94%ed%91%b8%ec%82%ac\/","og_site_name":"NATURAL POLAND - Hurtowy Dystrybutor Surowc\u00f3w","article_publisher":"https:\/\/www.facebook.com\/naturalpoland.b2b","article_modified_time":"2026-02-27T13:02:29+00:00","og_image":[{"width":384,"height":423,"url":"https:\/\/naturalpoland.com\/wp-content\/uploads\/2021\/05\/damiana-turnera-diffusa-extract.jpg","type":"image\/jpeg"}],"schema":{"@context":"https:\/\/schema.org","@graph":[{"@type":"WebPage","@id":"https:\/\/naturalpoland.com\/ko\/je-pum\/sig-mul-chu-chul-mul\/%eb%8b%a4%eb%af%b8%ec%95%84%eb%82%98-%ec%b6%94%ec%b6%9c%eb%ac%bc-%ed%88%ac%eb%a5%b4%eb%84%a4%eb%9d%bc-%eb%94%94%ed%91%b8%ec%82%ac\/","url":"https:\/\/naturalpoland.com\/ko\/je-pum\/sig-mul-chu-chul-mul\/%eb%8b%a4%eb%af%b8%ec%95%84%eb%82%98-%ec%b6%94%ec%b6%9c%eb%ac%bc-%ed%88%ac%eb%a5%b4%eb%84%a4%eb%9d%bc-%eb%94%94%ed%91%b8%ec%82%ac\/","name":"\ub2e4\ubbf8\uc544\ub098 \ucd94\ucd9c\ubb3c (\ud22c\ub974\ub124\ub77c \ub514\ud478\uc0ac) - Hurtowy Dystrybutor","isPartOf":{"@id":"https:\/\/naturalpoland.com\/ko\/#website"},"primaryImageOfPage":{"@id":"https:\/\/naturalpoland.com\/ko\/je-pum\/sig-mul-chu-chul-mul\/%eb%8b%a4%eb%af%b8%ec%95%84%eb%82%98-%ec%b6%94%ec%b6%9c%eb%ac%bc-%ed%88%ac%eb%a5%b4%eb%84%a4%eb%9d%bc-%eb%94%94%ed%91%b8%ec%82%ac\/#primaryimage"},"image":{"@id":"https:\/\/naturalpoland.com\/ko\/je-pum\/sig-mul-chu-chul-mul\/%eb%8b%a4%eb%af%b8%ec%95%84%eb%82%98-%ec%b6%94%ec%b6%9c%eb%ac%bc-%ed%88%ac%eb%a5%b4%eb%84%a4%eb%9d%bc-%eb%94%94%ed%91%b8%ec%82%ac\/#primaryimage"},"thumbnailUrl":"https:\/\/naturalpoland.com\/wp-content\/uploads\/2021\/05\/damiana-turnera-diffusa-extract.jpg","datePublished":"2021-05-11T11:38:53+00:00","dateModified":"2026-02-27T13:02:29+00:00","description":"\ub2e4\ubbf8\uc544\ub098 \ucd94\ucd9c\ubb3c\uc740 \ud22c\ub974\ub124\ub77c \ub514\ud478\uc0ac(Turnera diffusa) \uad00\ubaa9\uc758 \uc78e\uc5d0\uc11c \ucd94\ucd9c\ub418\uba70, \uc5ed\uc0ac\uc801\uc73c\ub85c \ud22c\ub974\ub124\ub77c \uc544\ud504\ub85c\ub514\uc2dc\uc544\uce74(Turnera Aphrodisiaca)\ub85c\ub3c4 \uc54c\ub824\uc838 \uc788\uc2b5\ub2c8\ub2e4.","breadcrumb":{"@id":"https:\/\/naturalpoland.com\/ko\/je-pum\/sig-mul-chu-chul-mul\/%eb%8b%a4%eb%af%b8%ec%95%84%eb%82%98-%ec%b6%94%ec%b6%9c%eb%ac%bc-%ed%88%ac%eb%a5%b4%eb%84%a4%eb%9d%bc-%eb%94%94%ed%91%b8%ec%82%ac\/#breadcrumb"},"inLanguage":"ko-KR","potentialAction":[{"@type":"ReadAction","target":["https:\/\/naturalpoland.com\/ko\/je-pum\/sig-mul-chu-chul-mul\/%eb%8b%a4%eb%af%b8%ec%95%84%eb%82%98-%ec%b6%94%ec%b6%9c%eb%ac%bc-%ed%88%ac%eb%a5%b4%eb%84%a4%eb%9d%bc-%eb%94%94%ed%91%b8%ec%82%ac\/"]}]},{"@type":"ImageObject","inLanguage":"ko-KR","@id":"https:\/\/naturalpoland.com\/ko\/je-pum\/sig-mul-chu-chul-mul\/%eb%8b%a4%eb%af%b8%ec%95%84%eb%82%98-%ec%b6%94%ec%b6%9c%eb%ac%bc-%ed%88%ac%eb%a5%b4%eb%84%a4%eb%9d%bc-%eb%94%94%ed%91%b8%ec%82%ac\/#primaryimage","url":"https:\/\/naturalpoland.com\/wp-content\/uploads\/2021\/05\/damiana-turnera-diffusa-extract.jpg","contentUrl":"https:\/\/naturalpoland.com\/wp-content\/uploads\/2021\/05\/damiana-turnera-diffusa-extract.jpg","width":384,"height":423,"caption":"\ub2e4\ubbf8\uc544\ub098 \ucd94\ucd9c\ubb3c"},{"@type":"BreadcrumbList","@id":"https:\/\/naturalpoland.com\/ko\/je-pum\/sig-mul-chu-chul-mul\/%eb%8b%a4%eb%af%b8%ec%95%84%eb%82%98-%ec%b6%94%ec%b6%9c%eb%ac%bc-%ed%88%ac%eb%a5%b4%eb%84%a4%eb%9d%bc-%eb%94%94%ed%91%b8%ec%82%ac\/#breadcrumb","itemListElement":[{"@type":"ListItem","position":1,"name":"\ud648","item":"https:\/\/naturalpoland.com\/ko\/"},{"@type":"ListItem","position":2,"name":"\uc81c\ud488","item":"https:\/\/naturalpoland.com\/ko\/%ec%a0%9c%ed%92%88\/"},{"@type":"ListItem","position":3,"name":"\ub2e4\ubbf8\uc544\ub098 \ucd94\ucd9c\ubb3c (\ud22c\ub974\ub124\ub77c \ub514\ud478\uc0ac)"}]},{"@type":"WebSite","@id":"https:\/\/naturalpoland.com\/ko\/#website","url":"https:\/\/naturalpoland.com\/ko\/","name":"NATURAL POLAND - Hurtowy Dystrybutor Surowc\u00f3w","description":"Surowce dla przemys\u0142u spo\u017cywczego, kosmetycznego i farmaceutycznego","publisher":{"@id":"https:\/\/naturalpoland.com\/ko\/#organization"},"potentialAction":[{"@type":"SearchAction","target":{"@type":"EntryPoint","urlTemplate":"https:\/\/naturalpoland.com\/ko\/?s={search_term_string}"},"query-input":{"@type":"PropertyValueSpecification","valueRequired":true,"valueName":"search_term_string"}}],"inLanguage":"ko-KR"},{"@type":"Organization","@id":"https:\/\/naturalpoland.com\/ko\/#organization","name":"Natural Poland","url":"https:\/\/naturalpoland.com\/ko\/","logo":{"@type":"ImageObject","inLanguage":"ko-KR","@id":"https:\/\/naturalpoland.com\/ko\/#\/schema\/logo\/image\/","url":"https:\/\/naturalpoland.com\/wp-content\/uploads\/2021\/05\/natural-poland-icon.png","contentUrl":"https:\/\/naturalpoland.com\/wp-content\/uploads\/2021\/05\/natural-poland-icon.png","width":512,"height":512,"caption":"Natural Poland"},"image":{"@id":"https:\/\/naturalpoland.com\/ko\/#\/schema\/logo\/image\/"},"sameAs":["https:\/\/www.facebook.com\/naturalpoland.b2b","https:\/\/pl.linkedin.com\/company\/natural-poland","https:\/\/www.youtube.com\/channel\/UCgeGGkvOMahZo-xu_MSEWxg"]}]}},"_links":{"self":[{"href":"https:\/\/naturalpoland.com\/ko\/wp-json\/wp\/v2\/product\/46271","targetHints":{"allow":["GET"]}}],"collection":[{"href":"https:\/\/naturalpoland.com\/ko\/wp-json\/wp\/v2\/product"}],"about":[{"href":"https:\/\/naturalpoland.com\/ko\/wp-json\/wp\/v2\/types\/product"}],"wp:featuredmedia":[{"embeddable":true,"href":"https:\/\/naturalpoland.com\/ko\/wp-json\/wp\/v2\/media\/46272"}],"wp:attachment":[{"href":"https:\/\/naturalpoland.com\/ko\/wp-json\/wp\/v2\/media?parent=46271"}],"wp:term":[{"taxonomy":"product_brand","embeddable":true,"href":"https:\/\/naturalpoland.com\/ko\/wp-json\/wp\/v2\/product_brand?post=46271"},{"taxonomy":"product_cat","embeddable":true,"href":"https:\/\/naturalpoland.com\/ko\/wp-json\/wp\/v2\/product_cat?post=46271"},{"taxonomy":"product_tag","embeddable":true,"href":"https:\/\/naturalpoland.com\/ko\/wp-json\/wp\/v2\/product_tag?post=46271"}],"curies":[{"name":"wp","href":"https:\/\/api.w.org\/{rel}","templated":true}]}}